{"id":302,"date":"2023-09-25T12:34:52","date_gmt":"2023-09-25T09:34:52","guid":{"rendered":"https:\/\/richrocketgame.com\/?page_id=302"},"modified":"2023-09-25T20:41:08","modified_gmt":"2023-09-25T17:41:08","slug":"terms-and-conditions","status":"publish","type":"page","link":"https:\/\/richrocketgame.com\/vi\/terms-and-conditions\/","title":{"rendered":"C\u00e1c \u0111i\u1ec1u kho\u1ea3n v\u00e0 \u0111i\u1ec1u ki\u1ec7n"},"content":{"rendered":"<div class=\"fpm_start\"><\/div>\n<p>B\u1ea1n c\u00f3 th\u1ec3 t\u00ecm th\u1ea5y c\u00e1c quy t\u1eafc, ngh\u0129a v\u1ee5 v\u00e0 quy\u1ec1n thi\u1ebft y\u1ebfu qu\u1ea3n l\u00fd n\u1ec1n t\u1ea3ng c\u1ee7a ch\u00fang t\u00f4i t\u1ea1i \u0111\u00e2y. Ch\u00fang t\u00f4i \u01b0u ti\u00ean duy tr\u00ec m\u1ed9t m\u00f4i tr\u01b0\u1eddng h\u00e0i h\u00f2a cho t\u1ea5t c\u1ea3 ng\u01b0\u1eddi d\u00f9ng. \u0110i s\u00e2u v\u00e0o chi ti\u1ebft c\u1ee5 th\u1ec3 \u0111\u1ec3 gi\u00fap tr\u1ea3i nghi\u1ec7m c\u1ee7a b\u1ea1n tr\u1edf n\u00ean li\u1ec1n m\u1ea1ch.<\/p>\n<div id=\"ez-toc-container\" class=\"ez-toc-v2_0_62 counter-hierarchy ez-toc-counter ez-toc-grey ez-toc-container-direction\">\n<div class=\"ez-toc-title-container\">\n<p class=\"ez-toc-title\" >M\u1ee5c l\u1ee5c<\/p>\n<span class=\"ez-toc-title-toggle\"><a href=\"#\" class=\"ez-toc-pull-right ez-toc-btn ez-toc-btn-xs ez-toc-btn-default ez-toc-toggle\" aria-label=\"Chuy\u1ec3n \u0111\u1ed5i M\u1ee5c l\u1ee5c\"><span class=\"ez-toc-js-icon-con\"><span class=\"\"><span class=\"eztoc-hide\" style=\"display:none;\">Chuy\u1ec3n \u0111\u1ed5i<\/span><span class=\"ez-toc-icon-toggle-span\"><svg style=\"fill: #999;color:#999\" xmlns=\"http:\/\/www.w3.org\/2000\/svg\" class=\"list-377408\" width=\"20px\" height=\"20px\" viewbox=\"0 0 24 24\" fill=\"none\"><path d=\"M6 6H4v2h2V6zm14 0H8v2h12V6zM4 11h2v2H4v-2zm16 0H8v2h12v-2zM4 16h2v2H4v-2zm16 0H8v2h12v-2z\" fill=\"currentColor\"><\/path><\/svg><svg style=\"fill: #999;color:#999\" class=\"arrow-unsorted-368013\" xmlns=\"http:\/\/www.w3.org\/2000\/svg\" width=\"10px\" height=\"10px\" viewbox=\"0 0 24 24\" version=\"1.2\" baseprofile=\"tiny\"><path d=\"M18.2 9.3l-6.2-6.3-6.2 6.3c-.2.2-.3.4-.3.7s.1.5.3.7c.2.2.4.3.7.3h11c.3 0 .5-.1.7-.3.2-.2.3-.5.3-.7s-.1-.5-.3-.7zM5.8 14.7l6.2 6.3 6.2-6.3c.2-.2.3-.5.3-.7s-.1-.5-.3-.7c-.2-.2-.4-.3-.7-.3h-11c-.3 0-.5.1-.7.3-.2.2-.3.5-.3.7s.1.5.3.7z\"\/><\/svg><\/span><\/span><\/span><\/a><\/span><\/div>\n<nav><ul class='ez-toc-list ez-toc-list-level-1 eztoc-toggle-hide-by-default' ><li class='ez-toc-page-1 ez-toc-heading-level-2'><a class=\"ez-toc-link ez-toc-heading-1\" href=\"https:\/\/richrocketgame.com\/vi\/terms-and-conditions\/#Introduction_to_Our_Platforms_Terms\" title=\"Gi\u1edbi thi\u1ec7u v\u1ec1 \u0110i\u1ec1u kho\u1ea3n c\u1ee7a N\u1ec1n t\u1ea3ng c\u1ee7a ch\u00fang t\u00f4i\">Gi\u1edbi thi\u1ec7u v\u1ec1 \u0110i\u1ec1u kho\u1ea3n c\u1ee7a N\u1ec1n t\u1ea3ng c\u1ee7a ch\u00fang t\u00f4i<\/a><\/li><li class='ez-toc-page-1 ez-toc-heading-level-2'><a class=\"ez-toc-link ez-toc-heading-2\" href=\"https:\/\/richrocketgame.com\/vi\/terms-and-conditions\/#Your_Duties_as_a_User\" title=\"Nhi\u1ec7m v\u1ee5 c\u1ee7a b\u1ea1n v\u1edbi t\u01b0 c\u00e1ch l\u00e0 ng\u01b0\u1eddi d\u00f9ng\">Nhi\u1ec7m v\u1ee5 c\u1ee7a b\u1ea1n v\u1edbi t\u01b0 c\u00e1ch l\u00e0 ng\u01b0\u1eddi d\u00f9ng<\/a><\/li><li class='ez-toc-page-1 ez-toc-heading-level-2'><a class=\"ez-toc-link ez-toc-heading-3\" href=\"https:\/\/richrocketgame.com\/vi\/terms-and-conditions\/#Understanding_Content_Rights\" title=\"Hi\u1ec3u quy\u1ec1n n\u1ed9i dung\">Hi\u1ec3u quy\u1ec1n n\u1ed9i dung<\/a><\/li><li class='ez-toc-page-1 ez-toc-heading-level-2'><a class=\"ez-toc-link ez-toc-heading-4\" href=\"https:\/\/richrocketgame.com\/vi\/terms-and-conditions\/#Protecting_Your_Privacy\" title=\"B\u1ea3o v\u1ec7 quy\u1ec1n ri\u00eang t\u01b0 c\u1ee7a b\u1ea1n\">B\u1ea3o v\u1ec7 quy\u1ec1n ri\u00eang t\u01b0 c\u1ee7a b\u1ea1n<\/a><\/li><li class='ez-toc-page-1 ez-toc-heading-level-2'><a class=\"ez-toc-link ez-toc-heading-5\" href=\"https:\/\/richrocketgame.com\/vi\/terms-and-conditions\/#External_Links_Their_Autonomy\" title=\"Li\u00ean k\u1ebft b\u00ean ngo\u00e0i v\u00e0 quy\u1ec1n t\u1ef1 ch\u1ee7 c\u1ee7a ch\u00fang\">Li\u00ean k\u1ebft b\u00ean ngo\u00e0i v\u00e0 quy\u1ec1n t\u1ef1 ch\u1ee7 c\u1ee7a ch\u00fang<\/a><\/li><li class='ez-toc-page-1 ez-toc-heading-level-2'><a class=\"ez-toc-link ez-toc-heading-6\" href=\"https:\/\/richrocketgame.com\/vi\/terms-and-conditions\/#Assurance_Accountability\" title=\"\u0110\u1ea3m b\u1ea3o &amp; Tr\u00e1ch nhi\u1ec7m\">\u0110\u1ea3m b\u1ea3o &amp; Tr\u00e1ch nhi\u1ec7m<\/a><\/li><li class='ez-toc-page-1 ez-toc-heading-level-2'><a class=\"ez-toc-link ez-toc-heading-7\" href=\"https:\/\/richrocketgame.com\/vi\/terms-and-conditions\/#Limits_on_Our_Liability\" title=\"Gi\u1edbi h\u1ea1n tr\u00e1ch nhi\u1ec7m c\u1ee7a ch\u00fang t\u00f4i\">Gi\u1edbi h\u1ea1n tr\u00e1ch nhi\u1ec7m c\u1ee7a ch\u00fang t\u00f4i<\/a><\/li><\/ul><\/nav><\/div>\n<h2><span class=\"ez-toc-section\" id=\"Introduction_to_Our_Platforms_Terms\"><\/span><strong>Gi\u1edbi thi\u1ec7u v\u1ec1 \u0110i\u1ec1u kho\u1ea3n c\u1ee7a N\u1ec1n t\u1ea3ng c\u1ee7a ch\u00fang t\u00f4i<\/strong><span class=\"ez-toc-section-end\"><\/span><\/h2>\n<p>Ch\u00e0o m\u1eebng l\u00ean t\u00e0u. Khi b\u1ea1n s\u1eed d\u1ee5ng Tr\u00f2 ch\u01a1i Rich Rocket, b\u1ea1n kh\u00f4ng ch\u1ec9 s\u1eed d\u1ee5ng m\u1ed9t n\u1ec1n t\u1ea3ng; b\u1ea1n \u0111ang tham gia m\u1ed9t c\u1ed9ng \u0111\u1ed3ng. Trang n\u00e0y \u0111\u00f3ng vai tr\u00f2 nh\u01b0 m\u1ed9t b\u1ea3n \u0111\u1ed3 chi ti\u1ebft \u0111\u1ec3 \u0111i\u1ec1u h\u01b0\u1edbng c\u00e1c nguy\u00ean t\u1eafc c\u1ed9ng \u0111\u1ed3ng c\u1ee7a ch\u00fang t\u00f4i v\u00e0 \u0111\u1ea3m b\u1ea3o m\u1ecdi t\u01b0\u01a1ng t\u00e1c tr\u00ean n\u1ec1n t\u1ea3ng c\u1ee7a ch\u00fang t\u00f4i \u0111\u1ec1u minh b\u1ea1ch.<\/p>\n<h2><span class=\"ez-toc-section\" id=\"Your_Duties_as_a_User\"><\/span><strong>Nhi\u1ec7m v\u1ee5 c\u1ee7a b\u1ea1n v\u1edbi t\u01b0 c\u00e1ch l\u00e0 ng\u01b0\u1eddi d\u00f9ng<\/strong><span class=\"ez-toc-section-end\"><\/span><\/h2>\n<p>L\u00e0 m\u1ed9t th\u00e0nh vi\u00ean c\u00f3 gi\u00e1 tr\u1ecb trong c\u1ed9ng \u0111\u1ed3ng c\u1ee7a ch\u00fang t\u00f4i:<\/p>\n<ul>\n<li><strong>Tu\u00e2n th\u1ee7 ph\u00e1p lu\u1eadt<\/strong>: \u0110\u1ea3m b\u1ea3o c\u00e1c t\u01b0\u01a1ng t\u00e1c c\u1ee7a b\u1ea1n tu\u00e2n th\u1ee7 t\u1ea5t c\u1ea3 c\u00e1c lu\u1eadt v\u00e0 ti\u00eau chu\u1ea9n quy \u0111\u1ecbnh c\u00f3 li\u00ean quan.<\/li>\n<li><strong>T\u00f4n tr\u1ecdng s\u1edf h\u1eefu tr\u00ed tu\u1ec7<\/strong>: Ghi nh\u1eadn v\u00e0 t\u00f4n tr\u1ecdng nh\u1eefng n\u1ed7 l\u1ef1c tr\u00ed tu\u1ec7 c\u1ee7a c\u00e1c th\u00e0nh vi\u00ean kh\u00e1c v\u00e0 n\u1ec1n t\u1ea3ng.<\/li>\n<li><strong>T\u01b0\u01a1ng t\u00e1c trung th\u1ef1c<\/strong>: Th\u00f4ng tin b\u1ea1n cung c\u1ea5p ph\u1ea3i ch\u00ednh x\u00e1c v\u00e0 trung th\u1ef1c. Th\u00f4ng tin sai l\u1ec7ch l\u00e0m hoen \u1ed1 t\u00ednh to\u00e0n v\u1eb9n t\u1eadp th\u1ec3 c\u1ee7a ch\u00fang ta.<\/li>\n<\/ul>\n<h2><span class=\"ez-toc-section\" id=\"Understanding_Content_Rights\"><\/span><strong>Hi\u1ec3u quy\u1ec1n n\u1ed9i dung<\/strong><span class=\"ez-toc-section-end\"><\/span><\/h2>\n<p>M\u1ecdi ph\u1ea7n n\u1ed9i dung \u2013 c\u00f3 th\u1ec3 l\u00e0 m\u1ed9t chu\u1ed7i v\u0103n b\u1ea3n, h\u00ecnh \u1ea3nh quy\u1ebfn r\u0169, video s\u1ed1ng \u0111\u1ed9ng ho\u1eb7c bi\u1ec3u t\u01b0\u1ee3ng ph\u1ee9c t\u1ea1p \u2013 \u0111\u1ec1u \u0111\u01b0\u1ee3c bao b\u1ecdc trong l\u1edbp v\u1ecf b\u1ea3o v\u1ec7 c\u1ee7a lu\u1eadt b\u1ea3n quy\u1ec1n v\u00e0 s\u1edf h\u1eefu tr\u00ed tu\u1ec7.<\/p>\n<ul>\n<li><strong>H\u00e0nh \u0111\u1ed9ng tr\u00e1i ph\u00e9p<\/strong>: Kh\u00f4ng \u0111\u01b0\u1ee3c ph\u00e9p sao ch\u00e9p, s\u1eed d\u1ee5ng ho\u1eb7c ph\u00e2n ph\u1ed1i n\u1ed9i dung c\u1ee7a ch\u00fang t\u00f4i m\u00e0 kh\u00f4ng c\u00f3 s\u1ef1 cho ph\u00e9p r\u00f5 r\u00e0ng b\u1eb1ng v\u0103n b\u1ea3n.<\/li>\n<li><strong>\u0110\u00f3ng g\u00f3p c\u1ee7a b\u1ea1n<\/strong>: Khi b\u1ea1n l\u00e0m phong ph\u00fa n\u1ec1n t\u1ea3ng c\u1ee7a ch\u00fang t\u00f4i b\u1eb1ng n\u1ed9i dung c\u1ee7a m\u00ecnh, b\u1ea1n cho ph\u00e9p ch\u00fang t\u00f4i c\u00f3 gi\u1ea5y ph\u00e9p to\u00e0n c\u1ea7u, mi\u1ec5n ph\u00ed b\u1ea3n quy\u1ec1n, \u0111\u1ec3 \u0111i\u1ec1u ch\u1ec9nh, gi\u1edbi thi\u1ec7u v\u00e0 s\u1eed d\u1ee5ng n\u1ed9i dung b\u1ea1n g\u1eedi ph\u00f9 h\u1ee3p v\u1edbi c\u00e1c d\u1ecbch v\u1ee5 c\u1ee7a ch\u00fang t\u00f4i.<\/li>\n<\/ul>\n<h2><span class=\"ez-toc-section\" id=\"Protecting_Your_Privacy\"><\/span><strong>B\u1ea3o v\u1ec7 quy\u1ec1n ri\u00eang t\u01b0 c\u1ee7a b\u1ea1n<\/strong><span class=\"ez-toc-section-end\"><\/span><\/h2>\n<p>Quy\u1ec1n ri\u00eang t\u01b0 c\u1ee7a b\u1ea1n kh\u00f4ng ch\u1ec9 l\u00e0 m\u1ed9t ch\u00ednh s\u00e1ch; \u0110\u00f3 l\u00e0 m\u1ed9t l\u1eddi h\u1ee9a. \u0110i s\u00e2u v\u00e0o Ch\u00ednh s\u00e1ch quy\u1ec1n ri\u00eang t\u01b0 c\u1ee7a ch\u00fang t\u00f4i \u0111\u1ec3 kh\u00e1m ph\u00e1 cam k\u1ebft c\u1ee7a ch\u00fang t\u00f4i trong vi\u1ec7c b\u1ea3o v\u1ec7 d\u1eef li\u1ec7u c\u00e1 nh\u00e2n c\u1ee7a b\u1ea1n.<\/p>\n<h2><span class=\"ez-toc-section\" id=\"External_Links_Their_Autonomy\"><\/span><strong>Li\u00ean k\u1ebft b\u00ean ngo\u00e0i v\u00e0 quy\u1ec1n t\u1ef1 ch\u1ee7 c\u1ee7a ch\u00fang<\/strong><span class=\"ez-toc-section-end\"><\/span><\/h2>\n<p>Trong khi duy\u1ec7t, b\u1ea1n c\u00f3 th\u1ec3 b\u1eaft g\u1eb7p c\u00e1c li\u00ean k\u1ebft h\u01b0\u1edbng b\u1ea1n \u0111\u1ebfn c\u00e1c n\u1ec1n t\u1ea3ng n\u1eb1m ngo\u00e0i ph\u1ea1m vi quy\u1ec1n h\u1ea1n c\u1ee7a ch\u00fang t\u00f4i. Nh\u1edb:<\/p>\n<ul>\n<li><strong>N\u1ec1n t\u1ea3ng t\u1ef1 tr\u1ecb<\/strong>: N\u1ed9i dung, \u0111i\u1ec1u kho\u1ea3n v\u00e0 th\u1ef1c ti\u1ec5n b\u1ea3o m\u1eadt c\u1ee7a h\u1ecd l\u00e0 \u0111\u1ed9c l\u1eadp. Ch\u00fang t\u00f4i kh\u00f4ng x\u00e1c nh\u1eadn ho\u1eb7c ch\u1ecbu tr\u00e1ch nhi\u1ec7m v\u1ec1 h\u1ecd.<\/li>\n<li><strong>Quy\u1ebft \u0111\u1ecbnh s\u00e1ng su\u1ed1t<\/strong>: Tr\u01b0\u1edbc khi \u0111i s\u00e2u v\u00e0o n\u1ed9i dung b\u00ean ngo\u00e0i, b\u1ea1n n\u00ean t\u1ef1 l\u00e0m quen v\u1edbi c\u00e1c nguy\u00ean t\u1eafc c\u1ee7a ch\u00fang.<\/li>\n<\/ul>\n<h2><span class=\"ez-toc-section\" id=\"Assurance_Accountability\"><\/span><strong>\u0110\u1ea3m b\u1ea3o &amp; Tr\u00e1ch nhi\u1ec7m<\/strong><span class=\"ez-toc-section-end\"><\/span><\/h2>\n<p>Ch\u00fang t\u00f4i t\u1ef1 h\u00e0o v\u1ec1 th\u00f4ng tin v\u00e0 d\u1ecbch v\u1ee5 ch\u00fang t\u00f4i cung c\u1ea5p. Tuy nhi\u00ean, ch\u00fang \u0111i k\u00e8m v\u1edbi m\u1ec7nh \u0111\u1ec1 &#039;nguy\u00ean tr\u1ea1ng&#039; v\u00e0 &#039;khi c\u00f3 s\u1eb5n&#039;. Ch\u00fang t\u00f4i n\u1ed7 l\u1ef1c nh\u01b0ng kh\u00f4ng cam k\u1ebft v\u1ec1 s\u1ef1 ho\u00e0n h\u1ea3o v\u1ec1 \u0111\u1ed9 ch\u00ednh x\u00e1c, to\u00e0n b\u1ed9 ho\u1eb7c t\u00ednh s\u1eb5n c\u00f3.<\/p>\n<h2><span class=\"ez-toc-section\" id=\"Limits_on_Our_Liability\"><\/span><strong>Gi\u1edbi h\u1ea1n tr\u00e1ch nhi\u1ec7m c\u1ee7a ch\u00fang t\u00f4i<\/strong><span class=\"ez-toc-section-end\"><\/span><\/h2>\n<p>Khung ph\u00e1p l\u00fd c\u00f3 th\u1ec3 kh\u00e1c nhau, nh\u01b0ng trong ph\u1ea1m vi cho ph\u00e9p, b\u1ea5t k\u1ef3 h\u00ecnh th\u1ee9c thi\u1ec7t h\u1ea1i n\u00e0o, d\u00f9 l\u00e0 tr\u1ef1c ti\u1ebfp, ng\u1eabu nhi\u00ean hay do h\u1eadu qu\u1ea3 do vi\u1ec7c s\u1eed d\u1ee5ng n\u1ec1n t\u1ea3ng, \u0111\u1ec1u kh\u00f4ng khi\u1ebfn ch\u00fang t\u00f4i ph\u1ea3i ch\u1ecbu tr\u00e1ch nhi\u1ec7m.<\/p><script data-noptimize=\"\" data-wpfc-render=\"false\">\n\/* <![CDATA[ *\/\nfpm_start( \"true\" );\n\/* ]]> *\/\n<\/script>\n\n<div class=\"fpm_end\"><\/div>\n<div class=\"author-card author-card--top\"><img alt='\u1ea3nh \u0111\u1ea1i di\u1ec7n' src='https:\/\/richrocketgame.com\/wp-content\/uploads\/2023\/03\/Paulo-Dornelas-130x130.jpg' srcset='https:\/\/richrocketgame.com\/wp-content\/uploads\/2023\/03\/Paulo-Dornelas-260x260.jpg 2x' class='avatar avatar-130 photo author-image' height='130' width='130' \/><div class=\"author-content text-md-center\"><span class=\"author-title\">T\u00e1c gi\u1ea3<\/span><a href=\"https:\/\/richrocketgame.com\/vi\/author\/paulo-dornelas\/\" class=\"author-name\">Paulo Dornelas<\/a><p class=\"author__details\">Paulo Dornelas l\u00e0 m\u1ed9t chuy\u00ean gia c\u1edd b\u1ea1c, ng\u01b0\u1eddi \u0111\u00e3 d\u00e0nh c\u1ea3 cu\u1ed9c \u0111\u1eddi m\u00ecnh \u0111\u1ec3 t\u00ecm hi\u1ec3u ng\u00e0nh n\u00e0y v\u00e0 gi\u00fap nh\u1eefng ng\u01b0\u1eddi kh\u00e1c ki\u1ebfm ti\u1ec1n t\u1eeb ng\u00e0nh n\u00e0y. Anh \u1ea5y c\u0169ng l\u00e0 m\u1ed9t ng\u01b0\u1eddi \u0111am m\u00ea du l\u1ecbch v\u00e0 th\u00edch kh\u00e1m ph\u00e1 nh\u1eefng \u0111\u1ecba \u0111i\u1ec3m m\u1edbi. Ki\u1ebfn th\u1ee9c v\u1ec1 c\u1edd b\u1ea1c v\u00e0 ni\u1ec1m \u0111am m\u00ea du l\u1ecbch c\u1ee7a Paulo khi\u1ebfn anh \u1ea5y tr\u1edf th\u00e0nh ng\u01b0\u1eddi h\u01b0\u1edbng d\u1eabn ho\u00e0n h\u1ea3o cho b\u1ea5t k\u1ef3 ai mu\u1ed1n ki\u1ebfm m\u1ed9t s\u1ed1 l\u1ee3i nhu\u1eadn th\u1ef1c s\u1ef1 t\u1eeb vi\u1ec7c c\u00e1 c\u01b0\u1ee3c th\u1ec3 thao ho\u1eb7c ch\u01a1i c\u00e1c tr\u00f2 ch\u01a1i s\u00f2ng b\u1ea1c.<\/p><\/div><!-- \/.author-content --><\/div>","protected":false},"excerpt":{"rendered":"<p>B\u1ea1n c\u00f3 th\u1ec3 t\u00ecm th\u1ea5y c\u00e1c quy t\u1eafc, ngh\u0129a v\u1ee5 v\u00e0 quy\u1ec1n thi\u1ebft y\u1ebfu qu\u1ea3n l\u00fd n\u1ec1n t\u1ea3ng c\u1ee7a ch\u00fang t\u00f4i t\u1ea1i \u0111\u00e2y. Ch\u00fang t\u00f4i \u01b0u ti\u00ean duy tr\u00ec m\u1ed9t m\u00f4i tr\u01b0\u1eddng h\u00e0i h\u00f2a cho t\u1ea5t c\u1ea3 ng\u01b0\u1eddi d\u00f9ng. \u0110i s\u00e2u v\u00e0o chi ti\u1ebft c\u1ee5 th\u1ec3 \u0111\u1ec3 gi\u00fap tr\u1ea3i nghi\u1ec7m c\u1ee7a b\u1ea1n tr\u1edf n\u00ean li\u1ec1n m\u1ea1ch. Gi\u1edbi thi\u1ec7u v\u1ec1 \u0110i\u1ec1u kho\u1ea3n c\u1ee7a N\u1ec1n t\u1ea3ng c\u1ee7a ch\u00fang t\u00f4i Ch\u00e0o m\u1eebng b\u1ea1n \u0111\u1ebfn v\u1edbi ch\u00fang t\u00f4i. Khi b\u1ea1n s\u1eed d\u1ee5ng Tr\u00f2 ch\u01a1i Rich Rocket, b\u1ea1n kh\u00f4ng ch\u1ec9 s\u1eed d\u1ee5ng m\u1ed9t n\u1ec1n t\u1ea3ng; b\u1ea1n \u0111ang tham gia m\u1ed9t c\u1ed9ng \u0111\u1ed3ng. [\u2026]<\/p>","protected":false},"author":2,"featured_media":0,"parent":0,"menu_order":0,"comment_status":"closed","ping_status":"closed","template":"","meta":{"footnotes":""},"class_list":["post-302","page","type-page","status-publish","hentry"],"yoast_head":"<!-- This site is optimized with the Yoast SEO plugin v26.7 - https:\/\/yoast.com\/wordpress\/plugins\/seo\/ -->\n<title>Rich Rocket Game: Terms and Conditions<\/title>\n<meta name=\"description\" content=\"Navigate Rich Rocket Game&#039;s terms with ease. From user responsibilities, content rights to privacy assurance, understand the standards ensuring a secure, harmonious gaming environment. Dive in for a seamless experience.\" \/>\n<meta name=\"robots\" content=\"index, follow, max-snippet:-1, max-image-preview:large, max-video-preview:-1\" \/>\n<link rel=\"canonical\" href=\"https:\/\/richrocketgame.com\/vi\/terms-and-conditions\/\" \/>\n<meta property=\"og:locale\" content=\"vi_VN\" \/>\n<meta property=\"og:type\" content=\"article\" \/>\n<meta property=\"og:title\" content=\"Rich Rocket Game: Terms and Conditions\" \/>\n<meta property=\"og:description\" content=\"Navigate Rich Rocket Game&#039;s terms with ease. From user responsibilities, content rights to privacy assurance, understand the standards ensuring a secure, harmonious gaming environment. Dive in for a seamless experience.\" \/>\n<meta property=\"og:url\" content=\"https:\/\/richrocketgame.com\/vi\/terms-and-conditions\/\" \/>\n<meta property=\"og:site_name\" content=\"Rich Rocket Game\" \/>\n<meta property=\"article:modified_time\" content=\"2023-09-25T17:41:08+00:00\" \/>\n<meta name=\"twitter:card\" content=\"summary_large_image\" \/>\n<meta name=\"twitter:label1\" content=\"\u01af\u1edbc t\u00ednh th\u1eddi gian \u0111\u1ecdc\" \/>\n\t<meta name=\"twitter:data1\" content=\"2 ph\u00fat\" \/>\n<!-- \/ Yoast SEO plugin. -->","yoast_head_json":{"title":"Tr\u00f2 ch\u01a1i Rich Rocket: \u0110i\u1ec1u kho\u1ea3n v\u00e0 \u0110i\u1ec1u ki\u1ec7n","description":"\u0110i\u1ec1u h\u01b0\u1edbng c\u00e1c \u0111i\u1ec1u kho\u1ea3n c\u1ee7a Tr\u00f2 ch\u01a1i Rich Rocket m\u1ed9t c\u00e1ch d\u1ec5 d\u00e0ng. T\u1eeb tr\u00e1ch nhi\u1ec7m c\u1ee7a ng\u01b0\u1eddi d\u00f9ng, quy\u1ec1n n\u1ed9i dung \u0111\u1ebfn \u0111\u1ea3m b\u1ea3o quy\u1ec1n ri\u00eang t\u01b0, hi\u1ec3u r\u00f5 c\u00e1c ti\u00eau chu\u1ea9n \u0111\u1ea3m b\u1ea3o m\u00f4i tr\u01b0\u1eddng ch\u01a1i game h\u00e0i h\u00f2a, an to\u00e0n. \u0110i s\u00e2u v\u00e0o \u0111\u1ec3 c\u00f3 tr\u1ea3i nghi\u1ec7m li\u1ec1n m\u1ea1ch.","robots":{"index":"index","follow":"follow","max-snippet":"max-snippet:-1","max-image-preview":"max-image-preview:large","max-video-preview":"max-video-preview:-1"},"canonical":"https:\/\/richrocketgame.com\/vi\/terms-and-conditions\/","og_locale":"vi_VN","og_type":"article","og_title":"Rich Rocket Game: Terms and Conditions","og_description":"Navigate Rich Rocket Game's terms with ease. From user responsibilities, content rights to privacy assurance, understand the standards ensuring a secure, harmonious gaming environment. Dive in for a seamless experience.","og_url":"https:\/\/richrocketgame.com\/vi\/terms-and-conditions\/","og_site_name":"Rich Rocket Game","article_modified_time":"2023-09-25T17:41:08+00:00","twitter_card":"summary_large_image","twitter_misc":{"\u01af\u1edbc t\u00ednh th\u1eddi gian \u0111\u1ecdc":"2 ph\u00fat"},"schema":{"@context":"https:\/\/schema.org","@graph":[{"@type":"WebPage","@id":"https:\/\/richrocketgame.com\/terms-and-conditions\/","url":"https:\/\/richrocketgame.com\/terms-and-conditions\/","name":"Tr\u00f2 ch\u01a1i Rich Rocket: \u0110i\u1ec1u kho\u1ea3n v\u00e0 \u0110i\u1ec1u ki\u1ec7n","isPartOf":{"@id":"https:\/\/richrocketgame.com\/#website"},"datePublished":"2023-09-25T09:34:52+00:00","dateModified":"2023-09-25T17:41:08+00:00","description":"\u0110i\u1ec1u h\u01b0\u1edbng c\u00e1c \u0111i\u1ec1u kho\u1ea3n c\u1ee7a Tr\u00f2 ch\u01a1i Rich Rocket m\u1ed9t c\u00e1ch d\u1ec5 d\u00e0ng. T\u1eeb tr\u00e1ch nhi\u1ec7m c\u1ee7a ng\u01b0\u1eddi d\u00f9ng, quy\u1ec1n n\u1ed9i dung \u0111\u1ebfn \u0111\u1ea3m b\u1ea3o quy\u1ec1n ri\u00eang t\u01b0, hi\u1ec3u r\u00f5 c\u00e1c ti\u00eau chu\u1ea9n \u0111\u1ea3m b\u1ea3o m\u00f4i tr\u01b0\u1eddng ch\u01a1i game h\u00e0i h\u00f2a, an to\u00e0n. \u0110i s\u00e2u v\u00e0o \u0111\u1ec3 c\u00f3 tr\u1ea3i nghi\u1ec7m li\u1ec1n m\u1ea1ch.","breadcrumb":{"@id":"https:\/\/richrocketgame.com\/terms-and-conditions\/#breadcrumb"},"inLanguage":"vi","potentialAction":[{"@type":"ReadAction","target":["https:\/\/richrocketgame.com\/terms-and-conditions\/"]}]},{"@type":"BreadcrumbList","@id":"https:\/\/richrocketgame.com\/terms-and-conditions\/#breadcrumb","itemListElement":[{"@type":"ListItem","position":1,"name":"\u0413\u043b\u0430\u0432\u043d\u0430\u044f \u0441\u0442\u0440\u0430\u043d\u0438\u0446\u0430","item":"https:\/\/richrocketgame.com\/"},{"@type":"ListItem","position":2,"name":"Terms and Conditions"}]},{"@type":"WebSite","@id":"https:\/\/richrocketgame.com\/#website","url":"https:\/\/richrocketgame.com\/","name":"Tr\u00f2 ch\u01a1i Rich Rocket","description":"","publisher":{"@id":"https:\/\/richrocketgame.com\/#organization"},"potentialAction":[{"@type":"SearchAction","target":{"@type":"EntryPoint","urlTemplate":"https:\/\/richrocketgame.com\/?s={search_term_string}"},"query-input":{"@type":"PropertyValueSpecification","valueRequired":true,"valueName":"search_term_string"}}],"inLanguage":"vi"},{"@type":"Organization","@id":"https:\/\/richrocketgame.com\/#organization","name":"Tr\u00f2 ch\u01a1i Rich Rocket","url":"https:\/\/richrocketgame.com\/","logo":{"@type":"ImageObject","inLanguage":"vi","@id":"https:\/\/richrocketgame.com\/#\/schema\/logo\/image\/","url":"https:\/\/richrocketgame.com\/wp-content\/uploads\/2022\/09\/Rich-Rocket-earning-app.png","contentUrl":"https:\/\/richrocketgame.com\/wp-content\/uploads\/2022\/09\/Rich-Rocket-earning-app.png","width":512,"height":512,"caption":"Rich Rocket Game"},"image":{"@id":"https:\/\/richrocketgame.com\/#\/schema\/logo\/image\/"}}]}},"_links":{"self":[{"href":"https:\/\/richrocketgame.com\/vi\/wp-json\/wp\/v2\/pages\/302","targetHints":{"allow":["GET"]}}],"collection":[{"href":"https:\/\/richrocketgame.com\/vi\/wp-json\/wp\/v2\/pages"}],"about":[{"href":"https:\/\/richrocketgame.com\/vi\/wp-json\/wp\/v2\/types\/page"}],"author":[{"embeddable":true,"href":"https:\/\/richrocketgame.com\/vi\/wp-json\/wp\/v2\/users\/2"}],"replies":[{"embeddable":true,"href":"https:\/\/richrocketgame.com\/vi\/wp-json\/wp\/v2\/comments?post=302"}],"version-history":[{"count":0,"href":"https:\/\/richrocketgame.com\/vi\/wp-json\/wp\/v2\/pages\/302\/revisions"}],"wp:attachment":[{"href":"https:\/\/richrocketgame.com\/vi\/wp-json\/wp\/v2\/media?parent=302"}],"curies":[{"name":"wp","href":"https:\/\/api.w.org\/{rel}","templated":true}]}}