{"id":295,"date":"2023-09-25T12:14:57","date_gmt":"2023-09-25T09:14:57","guid":{"rendered":"https:\/\/richrocketgame.com\/?page_id=295"},"modified":"2023-09-25T20:42:33","modified_gmt":"2023-09-25T17:42:33","slug":"privacy-policy","status":"publish","type":"page","link":"https:\/\/richrocketgame.com\/vi\/privacy-policy\/","title":{"rendered":"Ch\u00ednh s\u00e1ch quy\u1ec1n ri\u00eang t\u01b0: B\u1ea3o v\u1ec7 th\u00f4ng tin c\u00e1 nh\u00e2n c\u1ee7a b\u1ea1n"},"content":{"rendered":"<div class=\"fpm_start\"><\/div>\n<p>T\u1ea1i richrocketgame.com, ch\u00fang t\u00f4i lu\u00f4n coi tr\u1ecdng t\u00ednh t\u00f4n nghi\u00eam c\u1ee7a d\u1eef li\u1ec7u c\u1ee7a b\u1ea1n. Ch\u00fang t\u00f4i \u0111\u00e3 x\u00e2y d\u1ef1ng m\u1ed9t ch\u00ednh s\u00e1ch to\u00e0n di\u1ec7n m\u1ed9t c\u00e1ch t\u1ec9 m\u1ec9, t\u1eadp trung v\u00e0o vi\u1ec7c th\u1ef1c h\u00e0nh d\u1eef li\u1ec7u minh b\u1ea1ch. S\u1ee9 m\u1ec7nh c\u1ee7a ch\u00fang t\u00f4i l\u00e0 t\u00f4n tr\u1ecdng v\u00e0 b\u1ea3o v\u1ec7 d\u1ea5u \u1ea5n k\u1ef9 thu\u1eadt s\u1ed1 m\u00e0 b\u1ea1n \u0111\u1ec3 l\u1ea1i cho ch\u00fang t\u00f4i, \u0111\u1ea3m b\u1ea3o s\u1ef1 t\u01b0\u01a1ng t\u00e1c minh b\u1ea1ch v\u00e0 \u0111\u00e1ng tin c\u1eady m\u1ed7i khi b\u1ea1n b\u01b0\u1edbc v\u00e0o mi\u1ec1n c\u1ee7a ch\u00fang t\u00f4i.<\/p>\n<div id=\"ez-toc-container\" class=\"ez-toc-v2_0_62 counter-hierarchy ez-toc-counter ez-toc-grey ez-toc-container-direction\">\n<div class=\"ez-toc-title-container\">\n<p class=\"ez-toc-title\" >M\u1ee5c l\u1ee5c<\/p>\n<span class=\"ez-toc-title-toggle\"><a href=\"#\" class=\"ez-toc-pull-right ez-toc-btn ez-toc-btn-xs ez-toc-btn-default ez-toc-toggle\" aria-label=\"Chuy\u1ec3n \u0111\u1ed5i M\u1ee5c l\u1ee5c\"><span class=\"ez-toc-js-icon-con\"><span class=\"\"><span class=\"eztoc-hide\" style=\"display:none;\">Chuy\u1ec3n \u0111\u1ed5i<\/span><span class=\"ez-toc-icon-toggle-span\"><svg style=\"fill: #999;color:#999\" xmlns=\"http:\/\/www.w3.org\/2000\/svg\" class=\"list-377408\" width=\"20px\" height=\"20px\" viewbox=\"0 0 24 24\" fill=\"none\"><path d=\"M6 6H4v2h2V6zm14 0H8v2h12V6zM4 11h2v2H4v-2zm16 0H8v2h12v-2zM4 16h2v2H4v-2zm16 0H8v2h12v-2z\" fill=\"currentColor\"><\/path><\/svg><svg style=\"fill: #999;color:#999\" class=\"arrow-unsorted-368013\" xmlns=\"http:\/\/www.w3.org\/2000\/svg\" width=\"10px\" height=\"10px\" viewbox=\"0 0 24 24\" version=\"1.2\" baseprofile=\"tiny\"><path d=\"M18.2 9.3l-6.2-6.3-6.2 6.3c-.2.2-.3.4-.3.7s.1.5.3.7c.2.2.4.3.7.3h11c.3 0 .5-.1.7-.3.2-.2.3-.5.3-.7s-.1-.5-.3-.7zM5.8 14.7l6.2 6.3 6.2-6.3c.2-.2.3-.5.3-.7s-.1-.5-.3-.7c-.2-.2-.4-.3-.7-.3h-11c-.3 0-.5.1-.7.3-.2.2-.3.5-.3.7s.1.5.3.7z\"\/><\/svg><\/span><\/span><\/span><\/a><\/span><\/div>\n<nav><ul class='ez-toc-list ez-toc-list-level-1 eztoc-toggle-hide-by-default' ><li class='ez-toc-page-1 ez-toc-heading-level-2'><a class=\"ez-toc-link ez-toc-heading-1\" href=\"https:\/\/richrocketgame.com\/vi\/privacy-policy\/#Our_Oath_Safeguarding_Your_Digital_Integrity\" title=\"L\u1eddi th\u1ec1 c\u1ee7a ch\u00fang t\u00f4i: B\u1ea3o v\u1ec7 t\u00ednh to\u00e0n v\u1eb9n k\u1ef9 thu\u1eadt s\u1ed1 c\u1ee7a b\u1ea1n\">L\u1eddi th\u1ec1 c\u1ee7a ch\u00fang t\u00f4i: B\u1ea3o v\u1ec7 t\u00ednh to\u00e0n v\u1eb9n k\u1ef9 thu\u1eadt s\u1ed1 c\u1ee7a b\u1ea1n<\/a><\/li><li class='ez-toc-page-1 ez-toc-heading-level-2'><a class=\"ez-toc-link ez-toc-heading-2\" href=\"https:\/\/richrocketgame.com\/vi\/privacy-policy\/#Data_We_Extract\" title=\"D\u1eef li\u1ec7u ch\u00fang t\u00f4i tr\u00edch xu\u1ea5t\">D\u1eef li\u1ec7u ch\u00fang t\u00f4i tr\u00edch xu\u1ea5t<\/a><\/li><li class='ez-toc-page-1 ez-toc-heading-level-2'><a class=\"ez-toc-link ez-toc-heading-3\" href=\"https:\/\/richrocketgame.com\/vi\/privacy-policy\/#Harnessing_Your_Data\" title=\"Khai th\u00e1c d\u1eef li\u1ec7u c\u1ee7a b\u1ea1n\">Khai th\u00e1c d\u1eef li\u1ec7u c\u1ee7a b\u1ea1n<\/a><\/li><li class='ez-toc-page-1 ez-toc-heading-level-2'><a class=\"ez-toc-link ez-toc-heading-4\" href=\"https:\/\/richrocketgame.com\/vi\/privacy-policy\/#Data_Dissemination_Principles\" title=\"Nguy\u00ean t\u1eafc ph\u1ed5 bi\u1ebfn d\u1eef li\u1ec7u\">Nguy\u00ean t\u1eafc ph\u1ed5 bi\u1ebfn d\u1eef li\u1ec7u<\/a><\/li><li class='ez-toc-page-1 ez-toc-heading-level-2'><a class=\"ez-toc-link ez-toc-heading-5\" href=\"https:\/\/richrocketgame.com\/vi\/privacy-policy\/#Impenetrable_Data_Security\" title=\"B\u1ea3o m\u1eadt d\u1eef li\u1ec7u b\u1ea5t kh\u1ea3 x\u00e2m ph\u1ea1m\">B\u1ea3o m\u1eadt d\u1eef li\u1ec7u b\u1ea5t kh\u1ea3 x\u00e2m ph\u1ea1m<\/a><\/li><li class='ez-toc-page-1 ez-toc-heading-level-2'><a class=\"ez-toc-link ez-toc-heading-6\" href=\"https:\/\/richrocketgame.com\/vi\/privacy-policy\/#The_Cookie_Blueprint\" title=\"K\u1ebf ho\u1ea1ch chi ti\u1ebft v\u1ec1 cookie\">K\u1ebf ho\u1ea1ch chi ti\u1ebft v\u1ec1 cookie<\/a><\/li><li class='ez-toc-page-1 ez-toc-heading-level-2'><a class=\"ez-toc-link ez-toc-heading-7\" href=\"https:\/\/richrocketgame.com\/vi\/privacy-policy\/#Navigating_External_Territories\" title=\"\u0110i\u1ec1u h\u01b0\u1edbng c\u00e1c l\u00e3nh th\u1ed5 b\u00ean ngo\u00e0i\">\u0110i\u1ec1u h\u01b0\u1edbng c\u00e1c l\u00e3nh th\u1ed5 b\u00ean ngo\u00e0i<\/a><\/li><li class='ez-toc-page-1 ez-toc-heading-level-2'><a class=\"ez-toc-link ez-toc-heading-8\" href=\"https:\/\/richrocketgame.com\/vi\/privacy-policy\/#Young_Explorer_Guidelines\" title=\"Nguy\u00ean t\u1eafc kh\u00e1m ph\u00e1 tr\u1ebb\">Nguy\u00ean t\u1eafc kh\u00e1m ph\u00e1 tr\u1ebb<\/a><\/li><li class='ez-toc-page-1 ez-toc-heading-level-2'><a class=\"ez-toc-link ez-toc-heading-9\" href=\"https:\/\/richrocketgame.com\/vi\/privacy-policy\/#Evolution_of_Our_Privacy_Doctrine\" title=\"S\u1ef1 ph\u00e1t tri\u1ec3n c\u1ee7a h\u1ecdc thuy\u1ebft v\u1ec1 quy\u1ec1n ri\u00eang t\u01b0 c\u1ee7a ch\u00fang t\u00f4i\">S\u1ef1 ph\u00e1t tri\u1ec3n c\u1ee7a h\u1ecdc thuy\u1ebft v\u1ec1 quy\u1ec1n ri\u00eang t\u01b0 c\u1ee7a ch\u00fang t\u00f4i<\/a><\/li><li class='ez-toc-page-1 ez-toc-heading-level-2'><a class=\"ez-toc-link ez-toc-heading-10\" href=\"https:\/\/richrocketgame.com\/vi\/privacy-policy\/#Asserting_Your_Data_Rights\" title=\"Kh\u1eb3ng \u0111\u1ecbnh quy\u1ec1n d\u1eef li\u1ec7u c\u1ee7a b\u1ea1n\">Kh\u1eb3ng \u0111\u1ecbnh quy\u1ec1n d\u1eef li\u1ec7u c\u1ee7a b\u1ea1n<\/a><\/li><li class='ez-toc-page-1 ez-toc-heading-level-2'><a class=\"ez-toc-link ez-toc-heading-11\" href=\"https:\/\/richrocketgame.com\/vi\/privacy-policy\/#Data_Conservation_Protocol\" title=\"Giao th\u1ee9c b\u1ea3o t\u1ed3n d\u1eef li\u1ec7u\">Giao th\u1ee9c b\u1ea3o t\u1ed3n d\u1eef li\u1ec7u<\/a><\/li><li class='ez-toc-page-1 ez-toc-heading-level-2'><a class=\"ez-toc-link ez-toc-heading-12\" href=\"https:\/\/richrocketgame.com\/vi\/privacy-policy\/#Global_Data_Expeditions\" title=\"Cu\u1ed9c th\u00e1m hi\u1ec3m d\u1eef li\u1ec7u to\u00e0n c\u1ea7u\">Cu\u1ed9c th\u00e1m hi\u1ec3m d\u1eef li\u1ec7u to\u00e0n c\u1ea7u<\/a><\/li><li class='ez-toc-page-1 ez-toc-heading-level-2'><a class=\"ez-toc-link ez-toc-heading-13\" href=\"https:\/\/richrocketgame.com\/vi\/privacy-policy\/#Concluding_Words\" title=\"L\u1eddi k\u1ebft\">L\u1eddi k\u1ebft<\/a><\/li><\/ul><\/nav><\/div>\n<h2><span class=\"ez-toc-section\" id=\"Our_Oath_Safeguarding_Your_Digital_Integrity\"><\/span><strong>L\u1eddi th\u1ec1 c\u1ee7a ch\u00fang t\u00f4i: B\u1ea3o v\u1ec7 t\u00ednh to\u00e0n v\u1eb9n k\u1ef9 thu\u1eadt s\u1ed1 c\u1ee7a b\u1ea1n<\/strong><span class=\"ez-toc-section-end\"><\/span><\/h2>\n<p>Cam k\u1ebft c\u1ed1t l\u00f5i c\u1ee7a richrocketgame.com xoay quanh vi\u1ec7c b\u1ea3o v\u1ec7 quy\u1ec1n ri\u00eang t\u01b0 v\u00e0 t\u00ednh to\u00e0n v\u1eb9n c\u1ee7a d\u1eef li\u1ec7u c\u00e1 nh\u00e2n c\u1ee7a b\u1ea1n. H\u1ecdc thuy\u1ebft n\u00e0y m\u00f4 t\u1ea3 c\u01a1 ch\u1ebf th\u1ef1c hi\u1ec7n d\u1eef li\u1ec7u c\u1ee7a ch\u00fang t\u00f4i, t\u1eeb thu th\u1eadp \u0111\u1ebfn s\u1eed d\u1ee5ng, mang \u0111\u1ebfn cho b\u1ea1n s\u1ef1 hi\u1ec3u bi\u1ebft r\u00f5 r\u00e0ng v\u1ec1 c\u00e1c ho\u1ea1t \u0111\u1ed9ng d\u1ef1a tr\u00ean d\u1eef li\u1ec7u c\u1ee7a ch\u00fang t\u00f4i.<\/p>\n<h2><span class=\"ez-toc-section\" id=\"Data_We_Extract\"><\/span><strong>D\u1eef li\u1ec7u ch\u00fang t\u00f4i tr\u00edch xu\u1ea5t<\/strong><span class=\"ez-toc-section-end\"><\/span><\/h2>\n<p>Ch\u00fang t\u00f4i c\u00f3 th\u1ec3 thu th\u1eadp d\u1eef li\u1ec7u c\u00e1 nh\u00e2n c\u1ee5 th\u1ec3 trong qu\u00e1 tr\u00ecnh kh\u00e1m ph\u00e1 c\u1ee7a b\u1ea1n, bao g\u1ed3m c\u00e1c kh\u00eda c\u1ea1nh nh\u01b0 \u0111i\u1ec3m \u0111\u00e1nh d\u1ea5u danh t\u00ednh, th\u00f4ng tin chi ti\u1ebft v\u1ec1 th\u01b0 \u0111i\u1ec7n t\u1eed v\u00e0 c\u00f4ng c\u1ee5 \u0111\u1ecbnh v\u1ecb k\u1ef9 thu\u1eadt s\u1ed1. Qu\u00e1 tr\u00ecnh tr\u00edch xu\u1ea5t n\u00e0y khai th\u00e1c s\u1ee9c m\u1ea1nh c\u1ee7a cookie v\u00e0 c\u00e1c c\u00f4ng c\u1ee5 k\u1ef9 thu\u1eadt s\u1ed1 t\u01b0\u01a1ng t\u1ef1. \u0110\u1ed3ng th\u1eddi, ch\u00fang t\u00f4i c\u0169ng t\u1eadp h\u1ee3p d\u1eef li\u1ec7u kh\u00f4ng ri\u00eang l\u1ebb nh\u01b0 th\u00f4ng s\u1ed1 k\u1ef9 thu\u1eadt c\u1ee7a tr\u00ecnh duy\u1ec7t v\u00e0 t\u01b0\u01a1ng t\u00e1c trang.<\/p>\n<h2><span class=\"ez-toc-section\" id=\"Harnessing_Your_Data\"><\/span><strong>Khai th\u00e1c d\u1eef li\u1ec7u c\u1ee7a b\u1ea1n<\/strong><span class=\"ez-toc-section-end\"><\/span><\/h2>\n<p>D\u1eef li\u1ec7u c\u1ee7a b\u1ea1n \u0111\u00f3ng vai tr\u00f2 nh\u01b0 \u0111\u00e8n hi\u1ec7u, h\u01b0\u1edbng d\u1eabn ch\u00fang t\u00f4i t\u00f9y ch\u1ec9nh tr\u1ea3i nghi\u1ec7m Rich Rocket c\u1ee7a b\u1ea1n, \u0111\u00e1p \u1ee9ng c\u00e1c truy v\u1ea5n c\u1ee7a b\u1ea1n v\u00e0 tinh ch\u1ec9nh b\u1ed1i c\u1ea3nh k\u1ef9 thu\u1eadt s\u1ed1 c\u1ee7a ch\u00fang t\u00f4i. N\u00f3 c\u0169ng th\u00fac \u0111\u1ea9y c\u00e1c n\u1ed7 l\u1ef1c qu\u1ea3ng c\u00e1o v\u00e0 hi\u1ec3u bi\u1ebft s\u00e2u s\u1eafc c\u1ee7a ch\u00fang t\u00f4i.<\/p>\n<h2><span class=\"ez-toc-section\" id=\"Data_Dissemination_Principles\"><\/span><strong>Nguy\u00ean t\u1eafc ph\u1ed5 bi\u1ebfn d\u1eef li\u1ec7u<\/strong><span class=\"ez-toc-section-end\"><\/span><\/h2>\n<p>Ch\u00fang t\u00f4i tuy\u1ec7t \u0111\u1ed1i tr\u00e1nh ti\u1ebft l\u1ed9 d\u1eef li\u1ec7u c\u00e1 nh\u00e2n c\u1ee7a b\u1ea1n cho c\u00e1c t\u1ed5 ch\u1ee9c b\u00ean ngo\u00e0i tr\u1eeb khi \u0111\u01b0\u1ee3c ph\u00e1p lu\u1eadt quy \u0111\u1ecbnh ho\u1eb7c c\u1ea7n thi\u1ebft cho c\u00e1c \u0111i\u1ec1u kho\u1ea3n d\u1ecbch v\u1ee5 c\u1ee7a ch\u00fang t\u00f4i. Tuy nhi\u00ean, d\u1eef li\u1ec7u kh\u00f4ng c\u1ee5 th\u1ec3 c\u00f3 th\u1ec3 \u0111\u01b0\u1ee3c chia s\u1ebb cho m\u1ee5c \u0111\u00edch qu\u1ea3ng c\u00e1o v\u00e0 ph\u00e2n t\u00edch.<\/p>\n<h2><span class=\"ez-toc-section\" id=\"Impenetrable_Data_Security\"><\/span><strong>B\u1ea3o m\u1eadt d\u1eef li\u1ec7u b\u1ea5t kh\u1ea3 x\u00e2m ph\u1ea1m<\/strong><span class=\"ez-toc-section-end\"><\/span><\/h2>\n<p>B\u1eb1ng c\u00e1ch s\u1eed d\u1ee5ng c\u00e1c ph\u01b0\u01a1ng ph\u00e1p ti\u00ean ti\u1ebfn, ch\u00fang t\u00f4i c\u1ee7ng c\u1ed1 d\u1eef li\u1ec7u c\u1ee7a b\u1ea1n \u0111\u1ec3 ch\u1ed1ng l\u1ea1i s\u1ef1 x\u00e2m nh\u1eadp v\u00e0 ti\u1ebft l\u1ed9 kh\u00f4ng mong mu\u1ed1n. C\u00e1c gi\u1ea3i ph\u00e1p m\u00e3 h\u00f3a \u0111\u1ea3m b\u1ea3o m\u1ed9t m\u00f4i tr\u01b0\u1eddng gi\u1ed1ng nh\u01b0 ph\u00e1o \u0111\u00e0i cho d\u1eef li\u1ec7u c\u1ee7a b\u1ea1n trong c\u1ea3 qu\u00e1 tr\u00ecnh chuy\u1ec3n \u0111\u1ed5i v\u00e0 b\u1ea3o t\u1ed3n.<\/p>\n<h2><span class=\"ez-toc-section\" id=\"The_Cookie_Blueprint\"><\/span><strong>K\u1ebf ho\u1ea1ch chi ti\u1ebft v\u1ec1 cookie<\/strong><span class=\"ez-toc-section-end\"><\/span><\/h2>\n<p>Cookie, \u0111\u01a1n v\u1ecb v\u0103n b\u1ea3n c\u1ef1c nh\u1ecf, gi\u00fap n\u00e2ng cao th\u1eddi gian l\u01b0u tr\u00fa t\u1ea1i richrocketgame.com c\u1ee7a b\u1ea1n. Trong khi ch\u00fang n\u1eb1m trong thi\u1ebft b\u1ecb c\u1ee7a b\u1ea1n, b\u1ea1n s\u1ebd n\u1eafm quy\u1ec1n \u0111i\u1ec1u khi\u1ec3n, \u0111i\u1ec1u ch\u1ec9nh ch\u1ee9c n\u0103ng c\u1ee7a ch\u00fang th\u00f4ng qua c\u1ea5u h\u00ecnh tr\u00ecnh duy\u1ec7t.<\/p>\n<h2><span class=\"ez-toc-section\" id=\"Navigating_External_Territories\"><\/span><strong>\u0110i\u1ec1u h\u01b0\u1edbng c\u00e1c l\u00e3nh th\u1ed5 b\u00ean ngo\u00e0i<\/strong><span class=\"ez-toc-section-end\"><\/span><\/h2>\n<p>Khi m\u1ea1o hi\u1ec3m th\u00f4ng qua n\u1ec1n t\u1ea3ng c\u1ee7a ch\u00fang t\u00f4i, b\u1ea1n c\u00f3 th\u1ec3 g\u1eb7p c\u00e1c c\u1ed5ng v\u00e0o \u0111\u1ecba h\u00ecnh c\u1ee7a b\u00ean th\u1ee9 ba. Ho\u1ea1t \u0111\u1ed9ng x\u1eed l\u00fd d\u1eef li\u1ec7u v\u00e0 ki\u1ebfn tr\u00fac n\u1ed9i dung c\u1ee7a h\u1ecd v\u1eabn n\u1eb1m ngo\u00e0i ph\u1ea1m vi quan t\u00e2m c\u1ee7a ch\u00fang t\u00f4i, th\u00fac gi\u1ee5c b\u1ea1n xem qua b\u1ea3n tuy\u00ean ng\u00f4n v\u1ec1 quy\u1ec1n ri\u00eang t\u01b0 c\u1ee7a h\u1ecd.<\/p>\n<h2><span class=\"ez-toc-section\" id=\"Young_Explorer_Guidelines\"><\/span><strong>Nguy\u00ean t\u1eafc kh\u00e1m ph\u00e1 tr\u1ebb<\/strong><span class=\"ez-toc-section-end\"><\/span><\/h2>\n<p>V\u0169 tr\u1ee5 richrocketgame.com kh\u00f4ng \u0111\u01b0\u1ee3c t\u1ea1o ra cho nh\u1eefng tr\u00ed \u00f3c tr\u1ebb d\u01b0\u1edbi 18 chu k\u1ef3 m\u1eb7t tr\u1eddi. Ch\u00fang t\u00f4i c\u1ed1 t\u00ecnh tr\u00e1nh thu th\u1eadp d\u1eef li\u1ec7u t\u1eeb h\u1ecd.<\/p><script data-noptimize=\"\" data-wpfc-render=\"false\">\n\/* <![CDATA[ *\/\nfpm_start( \"true\" );\n\/* ]]> *\/\n<\/script>\n\n<h2><span class=\"ez-toc-section\" id=\"Evolution_of_Our_Privacy_Doctrine\"><\/span><strong>S\u1ef1 ph\u00e1t tri\u1ec3n c\u1ee7a h\u1ecdc thuy\u1ebft v\u1ec1 quy\u1ec1n ri\u00eang t\u01b0 c\u1ee7a ch\u00fang t\u00f4i<\/strong><span class=\"ez-toc-section-end\"><\/span><\/h2>\n<p>Khi l\u0129nh v\u1ef1c k\u1ef9 thu\u1eadt s\u1ed1 ph\u00e1t tri\u1ec3n, ch\u00ednh s\u00e1ch c\u1ee7a ch\u00fang t\u00f4i c\u0169ng v\u1eady. B\u1ea5t k\u1ef3 s\u1ef1 bi\u1ebfn th\u00e1i n\u00e0o c\u0169ng s\u1ebd \u0111\u01b0\u1ee3c chi\u1ebfu s\u00e1ng \u1edf \u0111\u00e2y. Vi\u1ec7c \u0111i\u1ec1u ch\u1ec9nh ph\u00f9 h\u1ee3p v\u1edbi mi\u1ec1n sau s\u1eeda \u0111\u1ed5i s\u1ebd \u0111\u1ed3ng ngh\u0129a v\u1edbi vi\u1ec7c b\u1ea1n \u0111\u1ed3ng \u00fd.<\/p>\n<h2><span class=\"ez-toc-section\" id=\"Asserting_Your_Data_Rights\"><\/span><strong>Kh\u1eb3ng \u0111\u1ecbnh quy\u1ec1n d\u1eef li\u1ec7u c\u1ee7a b\u1ea1n<\/strong><span class=\"ez-toc-section-end\"><\/span><\/h2>\n<p>B\u1ea1n \u0111\u01b0\u1ee3c trao quy\u1ec1n \u0111\u1ecdc, s\u1eeda \u0111\u1ed5i v\u00e0 x\u00f3a d\u1eef li\u1ec7u c\u00e1 nh\u00e2n m\u00e0 ch\u00fang t\u00f4i \u0111\u00e3 l\u01b0u tr\u1eef. N\u1ebfu b\u1ea1n mu\u1ed1n h\u1ea1n ch\u1ebf ho\u1eb7c th\u00e1ch th\u1ee9c th\u1ee7 t\u1ee5c x\u1eed l\u00fd d\u1eef li\u1ec7u c\u1ee7a ch\u00fang t\u00f4i, h\u00e3y li\u00ean h\u1ec7 v\u1edbi ch\u00fang t\u00f4i.<\/p>\n<h2><span class=\"ez-toc-section\" id=\"Data_Conservation_Protocol\"><\/span><strong>Giao th\u1ee9c b\u1ea3o t\u1ed3n d\u1eef li\u1ec7u<\/strong><span class=\"ez-toc-section-end\"><\/span><\/h2>\n<p>D\u1eef li\u1ec7u c\u1ee7a b\u1ea1n s\u1ebd \u0111\u01b0\u1ee3c ch\u00fang t\u00f4i l\u01b0u gi\u1eef trong kho\u1ea3ng th\u1eddi gian c\u1ea7n thi\u1ebft \u0111\u1ec3 cung c\u1ea5p d\u1ecbch v\u1ee5 c\u1ee7a ch\u00fang t\u00f4i v\u00e0 theo y\u00eau c\u1ea7u c\u1ee7a khu\u00f4n kh\u1ed5 ph\u00e1p l\u00fd. Khi h\u1ebft h\u1ea1n, ch\u00fang t\u00f4i tu\u00e2n theo m\u1ed9t quy tr\u00ecnh x\u00f3a nghi\u00eam ng\u1eb7t.<\/p>\n<h2><span class=\"ez-toc-section\" id=\"Global_Data_Expeditions\"><\/span><strong>Cu\u1ed9c th\u00e1m hi\u1ec3m d\u1eef li\u1ec7u to\u00e0n c\u1ea7u<\/strong><span class=\"ez-toc-section-end\"><\/span><\/h2>\n<p>D\u1eef li\u1ec7u c\u00f3 th\u1ec3 v\u01b0\u1ee3t qua c\u00e1c ranh gi\u1edbi, di chuy\u1ec3n \u0111\u1ebfn c\u00e1c v\u00f9ng l\u00e3nh th\u1ed5 c\u00f3 ch\u1ebf \u0111\u1ed9 b\u1ea3o v\u1ec7 d\u1eef li\u1ec7u \u0111a d\u1ea1ng. Tham gia v\u1edbi Rich Rocket bi\u1ec3u th\u1ecb s\u1ef1 \u0111\u1ed3ng \u00fd c\u1ee7a b\u1ea1n v\u1edbi nh\u1eefng chuy\u1ebfn \u0111i to\u00e0n c\u1ea7u nh\u01b0 v\u1eady.<\/p>\n<h2><span class=\"ez-toc-section\" id=\"Concluding_Words\"><\/span><strong>L\u1eddi k\u1ebft<\/strong><span class=\"ez-toc-section-end\"><\/span><\/h2>\n<p>T\u1ea1i richrocketgame.com, t\u00ednh thi\u00eang li\u00eang c\u1ee7a d\u1eef li\u1ec7u c\u1ee7a b\u1ea1n l\u00e0 kh\u00f4ng th\u1ec3 th\u01b0\u01a1ng l\u01b0\u1ee3ng \u0111\u01b0\u1ee3c. H\u1ecdc thuy\u1ebft n\u00e0y l\u00e0m s\u00e1ng t\u1ecf c\u00e1c bi\u1ec7n ph\u00e1p nghi\u00eam ng\u1eb7t c\u1ee7a ch\u00fang t\u00f4i, h\u1ee9a h\u1eb9n m\u1ed9t m\u00f4i tr\u01b0\u1eddng tin c\u1eady. N\u1ebfu c\u00f3 th\u1eafc m\u1eafc, h\u00e3y k\u1ebft n\u1ed1i v\u1edbi ch\u00fang t\u00f4i.<\/p>\n<div class=\"fpm_end\"><\/div>\n<div class=\"author-card author-card--top\"><img alt='\u1ea3nh \u0111\u1ea1i di\u1ec7n' src='https:\/\/richrocketgame.com\/wp-content\/uploads\/2023\/03\/Paulo-Dornelas-130x130.jpg' srcset='https:\/\/richrocketgame.com\/wp-content\/uploads\/2023\/03\/Paulo-Dornelas-260x260.jpg 2x' class='avatar avatar-130 photo author-image' height='130' width='130' \/><div class=\"author-content text-md-center\"><span class=\"author-title\">T\u00e1c gi\u1ea3<\/span><a href=\"https:\/\/richrocketgame.com\/vi\/author\/paulo-dornelas\/\" class=\"author-name\">Paulo Dornelas<\/a><p class=\"author__details\">Paulo Dornelas l\u00e0 m\u1ed9t chuy\u00ean gia c\u1edd b\u1ea1c, ng\u01b0\u1eddi \u0111\u00e3 d\u00e0nh c\u1ea3 cu\u1ed9c \u0111\u1eddi m\u00ecnh \u0111\u1ec3 t\u00ecm hi\u1ec3u ng\u00e0nh n\u00e0y v\u00e0 gi\u00fap nh\u1eefng ng\u01b0\u1eddi kh\u00e1c ki\u1ebfm ti\u1ec1n t\u1eeb ng\u00e0nh n\u00e0y. Anh \u1ea5y c\u0169ng l\u00e0 m\u1ed9t ng\u01b0\u1eddi \u0111am m\u00ea du l\u1ecbch v\u00e0 th\u00edch kh\u00e1m ph\u00e1 nh\u1eefng \u0111\u1ecba \u0111i\u1ec3m m\u1edbi. Ki\u1ebfn th\u1ee9c v\u1ec1 c\u1edd b\u1ea1c v\u00e0 ni\u1ec1m \u0111am m\u00ea du l\u1ecbch c\u1ee7a Paulo khi\u1ebfn anh \u1ea5y tr\u1edf th\u00e0nh ng\u01b0\u1eddi h\u01b0\u1edbng d\u1eabn ho\u00e0n h\u1ea3o cho b\u1ea5t k\u1ef3 ai mu\u1ed1n ki\u1ebfm m\u1ed9t s\u1ed1 l\u1ee3i nhu\u1eadn th\u1ef1c s\u1ef1 t\u1eeb vi\u1ec7c c\u00e1 c\u01b0\u1ee3c th\u1ec3 thao ho\u1eb7c ch\u01a1i c\u00e1c tr\u00f2 ch\u01a1i s\u00f2ng b\u1ea1c.<\/p><\/div><!-- \/.author-content --><\/div>","protected":false},"excerpt":{"rendered":"<p>T\u1ea1i richrocketgame.com, ch\u00fang t\u00f4i lu\u00f4n coi tr\u1ecdng t\u00ednh b\u1ea3o m\u1eadt c\u1ee7a d\u1eef li\u1ec7u c\u1ee7a b\u1ea1n. Ch\u00fang t\u00f4i \u0111\u00e3 x\u00e2y d\u1ef1ng m\u1ed9t ch\u00ednh s\u00e1ch to\u00e0n di\u1ec7n m\u1ed9t c\u00e1ch t\u1ec9 m\u1ec9, t\u1eadp trung v\u00e0o vi\u1ec7c th\u1ef1c h\u00e0nh d\u1eef li\u1ec7u minh b\u1ea1ch. S\u1ee9 m\u1ec7nh c\u1ee7a ch\u00fang t\u00f4i l\u00e0 t\u00f4n tr\u1ecdng v\u00e0 b\u1ea3o v\u1ec7 d\u1ea5u \u1ea5n k\u1ef9 thu\u1eadt s\u1ed1 m\u00e0 b\u1ea1n \u0111\u1ec3 l\u1ea1i cho ch\u00fang t\u00f4i, \u0111\u1ea3m b\u1ea3o s\u1ef1 t\u01b0\u01a1ng t\u00e1c minh b\u1ea1ch v\u00e0 \u0111\u00e1ng tin c\u1eady m\u1ed7i khi b\u1ea1n b\u01b0\u1edbc v\u00e0o mi\u1ec1n c\u1ee7a ch\u00fang t\u00f4i. L\u1eddi th\u1ec1 c\u1ee7a ch\u00fang t\u00f4i: B\u1ea3o v\u1ec7 [\u2026]<\/p>","protected":false},"author":2,"featured_media":0,"parent":0,"menu_order":0,"comment_status":"closed","ping_status":"closed","template":"","meta":{"footnotes":""},"class_list":["post-295","page","type-page","status-publish","hentry"],"yoast_head":"<!-- This site is optimized with the Yoast SEO plugin v26.7 - https:\/\/yoast.com\/wordpress\/plugins\/seo\/ -->\n<title>Privacy Policy: richrocketgame.com<\/title>\n<meta name=\"description\" content=\"At Rich Rocket Portal, we prioritize your data&#039;s security and transparency. Discover our practices that ensure utmost trust and clarity in every interaction.\" \/>\n<meta name=\"robots\" content=\"index, follow, max-snippet:-1, max-image-preview:large, max-video-preview:-1\" \/>\n<link rel=\"canonical\" href=\"https:\/\/richrocketgame.com\/vi\/privacy-policy\/\" \/>\n<meta property=\"og:locale\" content=\"vi_VN\" \/>\n<meta property=\"og:type\" content=\"article\" \/>\n<meta property=\"og:title\" content=\"Privacy Policy: richrocketgame.com\" \/>\n<meta property=\"og:description\" content=\"At Rich Rocket Portal, we prioritize your data&#039;s security and transparency. Discover our practices that ensure utmost trust and clarity in every interaction.\" \/>\n<meta property=\"og:url\" content=\"https:\/\/richrocketgame.com\/vi\/privacy-policy\/\" \/>\n<meta property=\"og:site_name\" content=\"Rich Rocket Game\" \/>\n<meta property=\"article:modified_time\" content=\"2023-09-25T17:42:33+00:00\" \/>\n<meta name=\"twitter:card\" content=\"summary_large_image\" \/>\n<meta name=\"twitter:label1\" content=\"\u01af\u1edbc t\u00ednh th\u1eddi gian \u0111\u1ecdc\" \/>\n\t<meta name=\"twitter:data1\" content=\"3 ph\u00fat\" \/>\n<!-- \/ Yoast SEO plugin. -->","yoast_head_json":{"title":"Ch\u00ednh s\u00e1ch b\u1ea3o m\u1eadt: richrocketgame.com","description":"T\u1ea1i C\u1ed5ng th\u00f4ng tin Rich Rocket, ch\u00fang t\u00f4i \u01b0u ti\u00ean t\u00ednh b\u1ea3o m\u1eadt v\u00e0 minh b\u1ea1ch cho d\u1eef li\u1ec7u c\u1ee7a b\u1ea1n. Kh\u00e1m ph\u00e1 c\u00e1c ph\u01b0\u01a1ng ph\u00e1p th\u1ef1c h\u00e0nh c\u1ee7a ch\u00fang t\u00f4i \u0111\u1ec3 \u0111\u1ea3m b\u1ea3o s\u1ef1 tin c\u1eady v\u00e0 r\u00f5 r\u00e0ng t\u1ed1i \u0111a trong m\u1ecdi t\u01b0\u01a1ng t\u00e1c.","robots":{"index":"index","follow":"follow","max-snippet":"max-snippet:-1","max-image-preview":"max-image-preview:large","max-video-preview":"max-video-preview:-1"},"canonical":"https:\/\/richrocketgame.com\/vi\/privacy-policy\/","og_locale":"vi_VN","og_type":"article","og_title":"Privacy Policy: richrocketgame.com","og_description":"At Rich Rocket Portal, we prioritize your data's security and transparency. Discover our practices that ensure utmost trust and clarity in every interaction.","og_url":"https:\/\/richrocketgame.com\/vi\/privacy-policy\/","og_site_name":"Rich Rocket Game","article_modified_time":"2023-09-25T17:42:33+00:00","twitter_card":"summary_large_image","twitter_misc":{"\u01af\u1edbc t\u00ednh th\u1eddi gian \u0111\u1ecdc":"3 ph\u00fat"},"schema":{"@context":"https:\/\/schema.org","@graph":[{"@type":"WebPage","@id":"https:\/\/richrocketgame.com\/privacy-policy\/","url":"https:\/\/richrocketgame.com\/privacy-policy\/","name":"Ch\u00ednh s\u00e1ch b\u1ea3o m\u1eadt: richrocketgame.com","isPartOf":{"@id":"https:\/\/richrocketgame.com\/#website"},"datePublished":"2023-09-25T09:14:57+00:00","dateModified":"2023-09-25T17:42:33+00:00","description":"T\u1ea1i C\u1ed5ng th\u00f4ng tin Rich Rocket, ch\u00fang t\u00f4i \u01b0u ti\u00ean t\u00ednh b\u1ea3o m\u1eadt v\u00e0 minh b\u1ea1ch cho d\u1eef li\u1ec7u c\u1ee7a b\u1ea1n. Kh\u00e1m ph\u00e1 c\u00e1c ph\u01b0\u01a1ng ph\u00e1p th\u1ef1c h\u00e0nh c\u1ee7a ch\u00fang t\u00f4i \u0111\u1ec3 \u0111\u1ea3m b\u1ea3o s\u1ef1 tin c\u1eady v\u00e0 r\u00f5 r\u00e0ng t\u1ed1i \u0111a trong m\u1ecdi t\u01b0\u01a1ng t\u00e1c.","breadcrumb":{"@id":"https:\/\/richrocketgame.com\/privacy-policy\/#breadcrumb"},"inLanguage":"vi","potentialAction":[{"@type":"ReadAction","target":["https:\/\/richrocketgame.com\/privacy-policy\/"]}]},{"@type":"BreadcrumbList","@id":"https:\/\/richrocketgame.com\/privacy-policy\/#breadcrumb","itemListElement":[{"@type":"ListItem","position":1,"name":"\u0413\u043b\u0430\u0432\u043d\u0430\u044f \u0441\u0442\u0440\u0430\u043d\u0438\u0446\u0430","item":"https:\/\/richrocketgame.com\/"},{"@type":"ListItem","position":2,"name":"Privacy Policy: Protecting Your Personal Information"}]},{"@type":"WebSite","@id":"https:\/\/richrocketgame.com\/#website","url":"https:\/\/richrocketgame.com\/","name":"Tr\u00f2 ch\u01a1i Rich Rocket","description":"","publisher":{"@id":"https:\/\/richrocketgame.com\/#organization"},"potentialAction":[{"@type":"SearchAction","target":{"@type":"EntryPoint","urlTemplate":"https:\/\/richrocketgame.com\/?s={search_term_string}"},"query-input":{"@type":"PropertyValueSpecification","valueRequired":true,"valueName":"search_term_string"}}],"inLanguage":"vi"},{"@type":"Organization","@id":"https:\/\/richrocketgame.com\/#organization","name":"Tr\u00f2 ch\u01a1i Rich Rocket","url":"https:\/\/richrocketgame.com\/","logo":{"@type":"ImageObject","inLanguage":"vi","@id":"https:\/\/richrocketgame.com\/#\/schema\/logo\/image\/","url":"https:\/\/richrocketgame.com\/wp-content\/uploads\/2022\/09\/Rich-Rocket-earning-app.png","contentUrl":"https:\/\/richrocketgame.com\/wp-content\/uploads\/2022\/09\/Rich-Rocket-earning-app.png","width":512,"height":512,"caption":"Rich Rocket Game"},"image":{"@id":"https:\/\/richrocketgame.com\/#\/schema\/logo\/image\/"}}]}},"_links":{"self":[{"href":"https:\/\/richrocketgame.com\/vi\/wp-json\/wp\/v2\/pages\/295","targetHints":{"allow":["GET"]}}],"collection":[{"href":"https:\/\/richrocketgame.com\/vi\/wp-json\/wp\/v2\/pages"}],"about":[{"href":"https:\/\/richrocketgame.com\/vi\/wp-json\/wp\/v2\/types\/page"}],"author":[{"embeddable":true,"href":"https:\/\/richrocketgame.com\/vi\/wp-json\/wp\/v2\/users\/2"}],"replies":[{"embeddable":true,"href":"https:\/\/richrocketgame.com\/vi\/wp-json\/wp\/v2\/comments?post=295"}],"version-history":[{"count":0,"href":"https:\/\/richrocketgame.com\/vi\/wp-json\/wp\/v2\/pages\/295\/revisions"}],"wp:attachment":[{"href":"https:\/\/richrocketgame.com\/vi\/wp-json\/wp\/v2\/media?parent=295"}],"curies":[{"name":"wp","href":"https:\/\/api.w.org\/{rel}","templated":true}]}}