{"id":292,"date":"2023-09-25T12:06:19","date_gmt":"2023-09-25T09:06:19","guid":{"rendered":"https:\/\/richrocketgame.com\/?page_id=292"},"modified":"2023-09-25T20:40:56","modified_gmt":"2023-09-25T17:40:56","slug":"cookies-policy","status":"publish","type":"page","link":"https:\/\/richrocketgame.com\/vi\/cookies-policy\/","title":{"rendered":"Ch\u00ednh s\u00e1ch cookie"},"content":{"rendered":"<div class=\"fpm_start\"><\/div>\n<p>\u0110i s\u00e2u v\u00e0o th\u1ebf gi\u1edbi cookie \u0111a d\u1ea1ng t\u1ea1i Tr\u00f2 ch\u01a1i Rich Rocket. H\u01b0\u1edbng d\u1eabn c\u1ee7a ch\u00fang t\u00f4i l\u00e0m s\u00e1ng t\u1ecf v\u00f4 s\u1ed1 lo\u1ea1i cookie \u0111\u01b0\u1ee3c s\u1eed d\u1ee5ng, n\u00eau b\u1eadt vai tr\u00f2 quan tr\u1ecdng c\u1ee7a ch\u00fang trong vi\u1ec7c n\u00e2ng cao h\u00e0nh tr\u00ecnh tr\u1ef1c tuy\u1ebfn c\u1ee7a b\u1ea1n. \u0110i qua m\u00ea cung cookie n\u00e0y, trang b\u1ecb cho m\u00ecnh ki\u1ebfn th\u1ee9c \u0111\u1ec3 ki\u1ec3m so\u00e1t v\u00e0 t\u1ed1i \u01b0u h\u00f3a t\u00f9y ch\u1ecdn duy\u1ec7t web c\u1ee7a b\u1ea1n.<\/p>\n<div id=\"ez-toc-container\" class=\"ez-toc-v2_0_62 counter-hierarchy ez-toc-counter ez-toc-grey ez-toc-container-direction\">\n<div class=\"ez-toc-title-container\">\n<p class=\"ez-toc-title\" >M\u1ee5c l\u1ee5c<\/p>\n<span class=\"ez-toc-title-toggle\"><a href=\"#\" class=\"ez-toc-pull-right ez-toc-btn ez-toc-btn-xs ez-toc-btn-default ez-toc-toggle\" aria-label=\"Chuy\u1ec3n \u0111\u1ed5i M\u1ee5c l\u1ee5c\"><span class=\"ez-toc-js-icon-con\"><span class=\"\"><span class=\"eztoc-hide\" style=\"display:none;\">Chuy\u1ec3n \u0111\u1ed5i<\/span><span class=\"ez-toc-icon-toggle-span\"><svg style=\"fill: #999;color:#999\" xmlns=\"http:\/\/www.w3.org\/2000\/svg\" class=\"list-377408\" width=\"20px\" height=\"20px\" viewbox=\"0 0 24 24\" fill=\"none\"><path d=\"M6 6H4v2h2V6zm14 0H8v2h12V6zM4 11h2v2H4v-2zm16 0H8v2h12v-2zM4 16h2v2H4v-2zm16 0H8v2h12v-2z\" fill=\"currentColor\"><\/path><\/svg><svg style=\"fill: #999;color:#999\" class=\"arrow-unsorted-368013\" xmlns=\"http:\/\/www.w3.org\/2000\/svg\" width=\"10px\" height=\"10px\" viewbox=\"0 0 24 24\" version=\"1.2\" baseprofile=\"tiny\"><path d=\"M18.2 9.3l-6.2-6.3-6.2 6.3c-.2.2-.3.4-.3.7s.1.5.3.7c.2.2.4.3.7.3h11c.3 0 .5-.1.7-.3.2-.2.3-.5.3-.7s-.1-.5-.3-.7zM5.8 14.7l6.2 6.3 6.2-6.3c.2-.2.3-.5.3-.7s-.1-.5-.3-.7c-.2-.2-.4-.3-.7-.3h-11c-.3 0-.5.1-.7.3-.2.2-.3.5-.3.7s.1.5.3.7z\"\/><\/svg><\/span><\/span><\/span><\/a><\/span><\/div>\n<nav><ul class='ez-toc-list ez-toc-list-level-1 eztoc-toggle-hide-by-default' ><li class='ez-toc-page-1 ez-toc-heading-level-2'><a class=\"ez-toc-link ez-toc-heading-1\" href=\"https:\/\/richrocketgame.com\/vi\/cookies-policy\/#Rich_Rocket_Game_The_Cookie_Conundrum\" title=\"Tr\u00f2 ch\u01a1i Rich Rocket &amp; C\u00e2u h\u1ecfi h\u00f3c b\u00faa v\u1ec1 b\u00e1nh quy\">Tr\u00f2 ch\u01a1i Rich Rocket &amp; C\u00e2u h\u1ecfi h\u00f3c b\u00faa v\u1ec1 b\u00e1nh quy<\/a><\/li><li class='ez-toc-page-1 ez-toc-heading-level-2'><a class=\"ez-toc-link ez-toc-heading-2\" href=\"https:\/\/richrocketgame.com\/vi\/cookies-policy\/#Cookie_Chronicles_The_What_and_Why\" title=\"Bi\u00ean ni\u00ean s\u1eed cookie: C\u00e1i g\u00ec v\u00e0 t\u1ea1i sao\">Bi\u00ean ni\u00ean s\u1eed cookie: C\u00e1i g\u00ec v\u00e0 t\u1ea1i sao<\/a><\/li><li class='ez-toc-page-1 ez-toc-heading-level-2'><a class=\"ez-toc-link ez-toc-heading-3\" href=\"https:\/\/richrocketgame.com\/vi\/cookies-policy\/#Deploying_Cookies_at_Rich_Rocket_Game\" title=\"Tri\u1ec3n khai Cookie t\u1ea1i Game Rich Rocket\">Tri\u1ec3n khai Cookie t\u1ea1i Game Rich Rocket<\/a><\/li><li class='ez-toc-page-1 ez-toc-heading-level-2'><a class=\"ez-toc-link ez-toc-heading-4\" href=\"https:\/\/richrocketgame.com\/vi\/cookies-policy\/#Associating_with_Third-party_Cookies\" title=\"Li\u00ean k\u1ebft v\u1edbi Cookie c\u1ee7a b\u00ean th\u1ee9 ba\">Li\u00ean k\u1ebft v\u1edbi Cookie c\u1ee7a b\u00ean th\u1ee9 ba<\/a><\/li><li class='ez-toc-page-1 ez-toc-heading-level-2'><a class=\"ez-toc-link ez-toc-heading-5\" href=\"https:\/\/richrocketgame.com\/vi\/cookies-policy\/#Mastering_Your_Cookie_Destiny\" title=\"L\u00e0m ch\u1ee7 s\u1ed1 ph\u1eadn cookie c\u1ee7a b\u1ea1n\">L\u00e0m ch\u1ee7 s\u1ed1 ph\u1eadn cookie c\u1ee7a b\u1ea1n<\/a><\/li><\/ul><\/nav><\/div>\n<h2><span class=\"ez-toc-section\" id=\"Rich_Rocket_Game_The_Cookie_Conundrum\"><\/span><strong>Tr\u00f2 ch\u01a1i Rich Rocket &amp; C\u00e2u h\u1ecfi h\u00f3c b\u00faa v\u1ec1 b\u00e1nh quy<\/strong><span class=\"ez-toc-section-end\"><\/span><\/h2>\n<p>Tr\u1ecdng t\u00e2m c\u1ee7a Tr\u00f2 ch\u01a1i Rich Rocket, ch\u00fang t\u00f4i s\u1eed d\u1ee5ng c\u00e1c g\u00f3i d\u1eef li\u1ec7u nh\u1ecf, th\u01b0\u1eddng \u0111\u01b0\u1ee3c g\u1ecdi l\u00e0 cookie, \u0111\u1ec3 k\u1ebft h\u1ee3p li\u1ec1n m\u1ea1ch tr\u1ea3i nghi\u1ec7m ng\u01b0\u1eddi d\u00f9ng v\u1edbi ch\u1ee9c n\u0103ng c\u1ed1t l\u00f5i c\u1ee7a trang web c\u1ee7a ch\u00fang t\u00f4i. S\u1ef1 t\u01b0\u01a1ng t\u00e1c c\u1ee7a b\u1ea1n v\u1edbi c\u1ed5ng th\u00f4ng tin c\u1ee7a ch\u00fang t\u00f4i bi\u1ec3u th\u1ecb s\u1ef1 ch\u1ee9ng th\u1ef1c ng\u1ea7m v\u1ec1 vi\u1ec7c tri\u1ec3n khai cookie c\u1ee7a ch\u00fang t\u00f4i. H\u01b0\u1edbng d\u1eabn m\u00f4 t\u1ea3 n\u00e0y l\u00e0m s\u00e1ng t\u1ecf b\u1ea3n ch\u1ea5t c\u1ee7a cookie, \u1ee9ng d\u1ee5ng c\u1ee7a ch\u00fang, li\u00ean k\u1ebft c\u1ee7a b\u00ean th\u1ee9 ba v\u00e0 c\u00e1c chi\u1ebfn l\u01b0\u1ee3c to\u00e0n di\u1ec7n \u0111\u1ec3 qu\u1ea3n l\u00fd c\u00e1c l\u1ef1a ch\u1ecdn cookie c\u1ee7a b\u1ea1n.<\/p>\n<h2><span class=\"ez-toc-section\" id=\"Cookie_Chronicles_The_What_and_Why\"><\/span><strong>Bi\u00ean ni\u00ean s\u1eed cookie: C\u00e1i g\u00ec v\u00e0 t\u1ea1i sao<\/strong><span class=\"ez-toc-section-end\"><\/span><\/h2>\n<p>Cookie l\u00e0 nh\u1eefng \u0111o\u1ea1n v\u0103n b\u1ea3n ng\u1eafn g\u1ecdn \u0111\u01b0\u1ee3c truy\u1ec1n qua m\u1ed9t c\u1ed5ng web m\u00e0 tr\u00ecnh duy\u1ec7t c\u1ee7a b\u1ea1n l\u01b0u tr\u1eef. Di t\u00edch k\u1ef9 thu\u1eadt s\u1ed1 n\u00e0y \u0111\u00f3ng vai tr\u00f2 nh\u01b0 m\u1ed9t m\u00e3 \u0111\u1ecbnh danh, tinh ch\u1ec9nh c\u00e1c l\u01b0\u1ee3t truy c\u1eadp li\u00ean ti\u1ebfp c\u1ee7a b\u1ea1n, n\u00e2ng cao hi\u1ec7u qu\u1ea3 c\u1ee7a trang web v\u00e0 \u0111i\u1ec1u ch\u1ec9nh n\u1ed9i dung d\u00e0nh ri\u00eang cho ng\u01b0\u1eddi d\u00f9ng. \u0110\u01b0\u1ee3c ph\u00e2n lo\u1ea1i th\u00e0nh c\u00e1c lo\u1ea1i li\u00ean t\u1ee5c v\u00e0 phi\u00ean, lo\u1ea1i tr\u01b0\u1edbc t\u1ed3n t\u1ea1i sau phi\u00ean, trong khi lo\u1ea1i sau bi\u1ebfn m\u1ea5t sau khi duy\u1ec7t.<\/p>\n<h2><span class=\"ez-toc-section\" id=\"Deploying_Cookies_at_Rich_Rocket_Game\"><\/span><strong>Tri\u1ec3n khai Cookie t\u1ea1i Game Rich Rocket<\/strong><span class=\"ez-toc-section-end\"><\/span><\/h2>\n<p>Chi\u1ebfn l\u01b0\u1ee3c c\u1ee7a ch\u00fang t\u00f4i s\u1eed d\u1ee5ng cookie \u0111\u1ec3:<\/p>\n<ol>\n<li><strong>K\u00edch ho\u1ea1t ch\u1ee9c n\u0103ng t\u00edch ph\u00e2n<\/strong>: C\u1ee7ng c\u1ed1 c\u00e1c ho\u1ea1t \u0111\u1ed9ng c\u01a1 b\u1ea3n c\u1ee7a trang web, \u0111\u1ea3m b\u1ea3o nh\u1eadn d\u1ea1ng ng\u01b0\u1eddi d\u00f9ng an to\u00e0n v\u00e0 ch\u1ed1ng l\u1eeba \u0111\u1ea3o t\u00e0i kho\u1ea3n.<\/li>\n<li><strong>Ph\u00e2n t\u00edch &amp; Tinh ch\u1ec9nh<\/strong>: Khai th\u00e1c cookie ph\u00e2n t\u00edch \u0111\u1ec3 xem x\u00e9t k\u1ef9 l\u01b0\u1ee1ng c\u00e1c t\u01b0\u01a1ng t\u00e1c tr\u00ean trang web, m\u1edf \u0111\u01b0\u1eddng cho c\u00e1c c\u1ea3i ti\u1ebfn l\u1eb7p \u0111i l\u1eb7p l\u1ea1i v\u00e0 tri\u1ec3n khai t\u00ednh n\u0103ng \u0111\u1ed5i m\u1edbi.<\/li>\n<li><strong>C\u00e1 nh\u00e2n h\u00f3a qu\u1ea3ng c\u00e1o<\/strong>: T\u00ecm ngu\u1ed3n cookie qu\u1ea3ng c\u00e1o c\u1ee7a b\u00ean th\u1ee9 ba, qu\u1ea3n l\u00fd qu\u1ea3ng c\u00e1o ph\u00f9 h\u1ee3p v\u1edbi d\u1ea5u v\u1ebft k\u1ef9 thu\u1eadt s\u1ed1 c\u1ee7a b\u1ea1n, \u0111\u00f3ng g\u00f3i c\u00e1c trang \u0111\u00e3 duy\u1ec7t v\u00e0 c\u00e1c li\u00ean k\u1ebft \u0111\u01b0\u1ee3c nh\u1ea5p v\u00e0o.<\/li>\n<\/ol>\n<h2><span class=\"ez-toc-section\" id=\"Associating_with_Third-party_Cookies\"><\/span><strong>Li\u00ean k\u1ebft v\u1edbi Cookie c\u1ee7a b\u00ean th\u1ee9 ba<\/strong><span class=\"ez-toc-section-end\"><\/span><\/h2>\n<p>Ngo\u00e0i cookie g\u1ed1c c\u1ee7a ch\u00fang t\u00f4i, Tr\u00f2 ch\u01a1i Rich Rocket c\u00f2n li\u00ean minh v\u1edbi c\u00e1c \u0111\u01a1n v\u1ecb b\u00ean th\u1ee9 ba \u0111\u01b0\u1ee3c \u0111\u00e1nh gi\u00e1 cao, nh\u1eb1m m\u1ee5c \u0111\u00edch n\u1eafm b\u1eaft c\u00e1c s\u1ed1 li\u1ec7u s\u1eed d\u1ee5ng ph\u1ee9c t\u1ea1p, truy\u1ec1n b\u00e1 qu\u1ea3ng c\u00e1o chi\u1ebfn l\u01b0\u1ee3c v\u00e0 tinh ch\u1ec9nh c\u00e1c d\u1ecbch v\u1ee5 l\u1ea5y ng\u01b0\u1eddi d\u00f9ng l\u00e0m trung t\u00e2m.<\/p>\n<h2><span class=\"ez-toc-section\" id=\"Mastering_Your_Cookie_Destiny\"><\/span><strong>L\u00e0m ch\u1ee7 s\u1ed1 ph\u1eadn cookie c\u1ee7a b\u1ea1n<\/strong><span class=\"ez-toc-section-end\"><\/span><\/h2>\n<p>Trao quy\u1ec1n cho tr\u00ecnh duy\u1ec7t c\u1ee7a b\u1ea1n b\u1eb1ng c\u00e1ch qu\u1ea3n l\u00fd cookie th\u00f4ng qua c\u00e0i \u0111\u1eb7t chuy\u00ean d\u1ee5ng c\u1ee7a tr\u00ecnh duy\u1ec7t. \u0110i\u1ec1u h\u01b0\u1edbng \u0111\u1ebfn ph\u1ea7n h\u1ed7 tr\u1ee3 c\u1ee7a tr\u00ecnh duy\u1ec7t c\u1ee7a b\u1ea1n \u0111\u1ec3 \u0111\u01b0\u1ee3c h\u01b0\u1edbng d\u1eabn t\u1eebng b\u01b0\u1edbc. H\u00e3y nh\u1edb r\u1eb1ng vi\u1ec7c h\u1ea1n ch\u1ebf m\u1ed9t s\u1ed1 cookie nh\u1ea5t \u0111\u1ecbnh c\u00f3 th\u1ec3 h\u1ea1n ch\u1ebf c\u00e1c ch\u1ee9c n\u0103ng c\u1ee5 th\u1ec3, c\u00f3 kh\u1ea3 n\u0103ng \u1ea3nh h\u01b0\u1edfng \u0111\u1ebfn vi\u1ec7c hi\u1ec3n th\u1ecb trang web v\u00e0 tr\u1ea3i nghi\u1ec7m ng\u01b0\u1eddi d\u00f9ng.<\/p><script data-noptimize=\"\" data-wpfc-render=\"false\">\n\/* <![CDATA[ *\/\nfpm_start( \"true\" );\n\/* ]]> *\/\n<\/script>\n\n<div class=\"fpm_end\"><\/div>\n<div class=\"author-card author-card--top\"><img alt='\u1ea3nh \u0111\u1ea1i di\u1ec7n' src='https:\/\/richrocketgame.com\/wp-content\/uploads\/2023\/03\/Paulo-Dornelas-130x130.jpg' srcset='https:\/\/richrocketgame.com\/wp-content\/uploads\/2023\/03\/Paulo-Dornelas-260x260.jpg 2x' class='avatar avatar-130 photo author-image' height='130' width='130' \/><div class=\"author-content text-md-center\"><span class=\"author-title\">T\u00e1c gi\u1ea3<\/span><a href=\"https:\/\/richrocketgame.com\/vi\/author\/paulo-dornelas\/\" class=\"author-name\">Paulo Dornelas<\/a><p class=\"author__details\">Paulo Dornelas l\u00e0 m\u1ed9t chuy\u00ean gia c\u1edd b\u1ea1c, ng\u01b0\u1eddi \u0111\u00e3 d\u00e0nh c\u1ea3 cu\u1ed9c \u0111\u1eddi m\u00ecnh \u0111\u1ec3 t\u00ecm hi\u1ec3u ng\u00e0nh n\u00e0y v\u00e0 gi\u00fap nh\u1eefng ng\u01b0\u1eddi kh\u00e1c ki\u1ebfm ti\u1ec1n t\u1eeb ng\u00e0nh n\u00e0y. Anh \u1ea5y c\u0169ng l\u00e0 m\u1ed9t ng\u01b0\u1eddi \u0111am m\u00ea du l\u1ecbch v\u00e0 th\u00edch kh\u00e1m ph\u00e1 nh\u1eefng \u0111\u1ecba \u0111i\u1ec3m m\u1edbi. Ki\u1ebfn th\u1ee9c v\u1ec1 c\u1edd b\u1ea1c v\u00e0 ni\u1ec1m \u0111am m\u00ea du l\u1ecbch c\u1ee7a Paulo khi\u1ebfn anh \u1ea5y tr\u1edf th\u00e0nh ng\u01b0\u1eddi h\u01b0\u1edbng d\u1eabn ho\u00e0n h\u1ea3o cho b\u1ea5t k\u1ef3 ai mu\u1ed1n ki\u1ebfm m\u1ed9t s\u1ed1 l\u1ee3i nhu\u1eadn th\u1ef1c s\u1ef1 t\u1eeb vi\u1ec7c c\u00e1 c\u01b0\u1ee3c th\u1ec3 thao ho\u1eb7c ch\u01a1i c\u00e1c tr\u00f2 ch\u01a1i s\u00f2ng b\u1ea1c.<\/p><\/div><!-- \/.author-content --><\/div>","protected":false},"excerpt":{"rendered":"<p>\u0110i s\u00e2u v\u00e0o th\u1ebf gi\u1edbi cookie \u0111a d\u1ea1ng t\u1ea1i Tr\u00f2 ch\u01a1i Rich Rocket. H\u01b0\u1edbng d\u1eabn c\u1ee7a ch\u00fang t\u00f4i l\u00e0m s\u00e1ng t\u1ecf v\u00f4 s\u1ed1 lo\u1ea1i cookie \u0111\u01b0\u1ee3c s\u1eed d\u1ee5ng, n\u00eau b\u1eadt vai tr\u00f2 quan tr\u1ecdng c\u1ee7a ch\u00fang trong vi\u1ec7c n\u00e2ng cao h\u00e0nh tr\u00ecnh tr\u1ef1c tuy\u1ebfn c\u1ee7a b\u1ea1n. \u0110i qua m\u00ea cung cookie n\u00e0y, trang b\u1ecb cho m\u00ecnh ki\u1ebfn th\u1ee9c \u0111\u1ec3 ki\u1ec3m so\u00e1t v\u00e0 t\u1ed1i \u01b0u h\u00f3a t\u00f9y ch\u1ecdn duy\u1ec7t web c\u1ee7a b\u1ea1n. Tr\u00f2 ch\u01a1i Rich Rocket &amp; C\u00e2u h\u1ecfi h\u00f3c b\u00faa v\u1ec1 b\u00e1nh quy Tr\u1ecdng t\u00e2m [\u2026]<\/p>","protected":false},"author":2,"featured_media":0,"parent":0,"menu_order":0,"comment_status":"closed","ping_status":"closed","template":"","meta":{"footnotes":""},"class_list":["post-292","page","type-page","status-publish","hentry"],"yoast_head":"<!-- This site is optimized with the Yoast SEO plugin v26.7 - https:\/\/yoast.com\/wordpress\/plugins\/seo\/ -->\n<title>Rich Rocket Game: Comprehensive Cookie Policy Guide<\/title>\n<meta name=\"description\" content=\"Explore Rich Rocket Game&#039;s detailed cookie policy. Understand their types, usage, and your control options. Ensuring a transparent, enhanced browsing experience.\" \/>\n<meta name=\"robots\" content=\"index, follow, max-snippet:-1, max-image-preview:large, max-video-preview:-1\" \/>\n<link rel=\"canonical\" href=\"https:\/\/richrocketgame.com\/vi\/cookies-policy\/\" \/>\n<meta property=\"og:locale\" content=\"vi_VN\" \/>\n<meta property=\"og:type\" content=\"article\" \/>\n<meta property=\"og:title\" content=\"Rich Rocket Game: Comprehensive Cookie Policy Guide\" \/>\n<meta property=\"og:description\" content=\"Explore Rich Rocket Game&#039;s detailed cookie policy. Understand their types, usage, and your control options. Ensuring a transparent, enhanced browsing experience.\" \/>\n<meta property=\"og:url\" content=\"https:\/\/richrocketgame.com\/vi\/cookies-policy\/\" \/>\n<meta property=\"og:site_name\" content=\"Rich Rocket Game\" \/>\n<meta property=\"article:modified_time\" content=\"2023-09-25T17:40:56+00:00\" \/>\n<meta name=\"twitter:card\" content=\"summary_large_image\" \/>\n<meta name=\"twitter:label1\" content=\"\u01af\u1edbc t\u00ednh th\u1eddi gian \u0111\u1ecdc\" \/>\n\t<meta name=\"twitter:data1\" content=\"2 ph\u00fat\" \/>\n<!-- \/ Yoast SEO plugin. -->","yoast_head_json":{"title":"Tr\u00f2 ch\u01a1i Rich Rocket: H\u01b0\u1edbng d\u1eabn ch\u00ednh s\u00e1ch cookie to\u00e0n di\u1ec7n","description":"Kh\u00e1m ph\u00e1 ch\u00ednh s\u00e1ch cookie chi ti\u1ebft c\u1ee7a Tr\u00f2 ch\u01a1i Rich Rocket. Hi\u1ec3u lo\u1ea1i, c\u00e1ch s\u1eed d\u1ee5ng v\u00e0 c\u00e1c t\u00f9y ch\u1ecdn ki\u1ec3m so\u00e1t c\u1ee7a b\u1ea1n. \u0110\u1ea3m b\u1ea3o tr\u1ea3i nghi\u1ec7m duy\u1ec7t web n\u00e2ng cao, minh b\u1ea1ch.","robots":{"index":"index","follow":"follow","max-snippet":"max-snippet:-1","max-image-preview":"max-image-preview:large","max-video-preview":"max-video-preview:-1"},"canonical":"https:\/\/richrocketgame.com\/vi\/cookies-policy\/","og_locale":"vi_VN","og_type":"article","og_title":"Rich Rocket Game: Comprehensive Cookie Policy Guide","og_description":"Explore Rich Rocket Game's detailed cookie policy. Understand their types, usage, and your control options. Ensuring a transparent, enhanced browsing experience.","og_url":"https:\/\/richrocketgame.com\/vi\/cookies-policy\/","og_site_name":"Rich Rocket Game","article_modified_time":"2023-09-25T17:40:56+00:00","twitter_card":"summary_large_image","twitter_misc":{"\u01af\u1edbc t\u00ednh th\u1eddi gian \u0111\u1ecdc":"2 ph\u00fat"},"schema":{"@context":"https:\/\/schema.org","@graph":[{"@type":"WebPage","@id":"https:\/\/richrocketgame.com\/cookies-policy\/","url":"https:\/\/richrocketgame.com\/cookies-policy\/","name":"Tr\u00f2 ch\u01a1i Rich Rocket: H\u01b0\u1edbng d\u1eabn ch\u00ednh s\u00e1ch cookie to\u00e0n di\u1ec7n","isPartOf":{"@id":"https:\/\/richrocketgame.com\/#website"},"datePublished":"2023-09-25T09:06:19+00:00","dateModified":"2023-09-25T17:40:56+00:00","description":"Kh\u00e1m ph\u00e1 ch\u00ednh s\u00e1ch cookie chi ti\u1ebft c\u1ee7a Tr\u00f2 ch\u01a1i Rich Rocket. Hi\u1ec3u lo\u1ea1i, c\u00e1ch s\u1eed d\u1ee5ng v\u00e0 c\u00e1c t\u00f9y ch\u1ecdn ki\u1ec3m so\u00e1t c\u1ee7a b\u1ea1n. \u0110\u1ea3m b\u1ea3o tr\u1ea3i nghi\u1ec7m duy\u1ec7t web n\u00e2ng cao, minh b\u1ea1ch.","breadcrumb":{"@id":"https:\/\/richrocketgame.com\/cookies-policy\/#breadcrumb"},"inLanguage":"vi","potentialAction":[{"@type":"ReadAction","target":["https:\/\/richrocketgame.com\/cookies-policy\/"]}]},{"@type":"BreadcrumbList","@id":"https:\/\/richrocketgame.com\/cookies-policy\/#breadcrumb","itemListElement":[{"@type":"ListItem","position":1,"name":"\u0413\u043b\u0430\u0432\u043d\u0430\u044f \u0441\u0442\u0440\u0430\u043d\u0438\u0446\u0430","item":"https:\/\/richrocketgame.com\/"},{"@type":"ListItem","position":2,"name":"Cookie Policy"}]},{"@type":"WebSite","@id":"https:\/\/richrocketgame.com\/#website","url":"https:\/\/richrocketgame.com\/","name":"Tr\u00f2 ch\u01a1i Rich Rocket","description":"","publisher":{"@id":"https:\/\/richrocketgame.com\/#organization"},"potentialAction":[{"@type":"SearchAction","target":{"@type":"EntryPoint","urlTemplate":"https:\/\/richrocketgame.com\/?s={search_term_string}"},"query-input":{"@type":"PropertyValueSpecification","valueRequired":true,"valueName":"search_term_string"}}],"inLanguage":"vi"},{"@type":"Organization","@id":"https:\/\/richrocketgame.com\/#organization","name":"Tr\u00f2 ch\u01a1i Rich Rocket","url":"https:\/\/richrocketgame.com\/","logo":{"@type":"ImageObject","inLanguage":"vi","@id":"https:\/\/richrocketgame.com\/#\/schema\/logo\/image\/","url":"https:\/\/richrocketgame.com\/wp-content\/uploads\/2022\/09\/Rich-Rocket-earning-app.png","contentUrl":"https:\/\/richrocketgame.com\/wp-content\/uploads\/2022\/09\/Rich-Rocket-earning-app.png","width":512,"height":512,"caption":"Rich Rocket Game"},"image":{"@id":"https:\/\/richrocketgame.com\/#\/schema\/logo\/image\/"}}]}},"_links":{"self":[{"href":"https:\/\/richrocketgame.com\/vi\/wp-json\/wp\/v2\/pages\/292","targetHints":{"allow":["GET"]}}],"collection":[{"href":"https:\/\/richrocketgame.com\/vi\/wp-json\/wp\/v2\/pages"}],"about":[{"href":"https:\/\/richrocketgame.com\/vi\/wp-json\/wp\/v2\/types\/page"}],"author":[{"embeddable":true,"href":"https:\/\/richrocketgame.com\/vi\/wp-json\/wp\/v2\/users\/2"}],"replies":[{"embeddable":true,"href":"https:\/\/richrocketgame.com\/vi\/wp-json\/wp\/v2\/comments?post=292"}],"version-history":[{"count":0,"href":"https:\/\/richrocketgame.com\/vi\/wp-json\/wp\/v2\/pages\/292\/revisions"}],"wp:attachment":[{"href":"https:\/\/richrocketgame.com\/vi\/wp-json\/wp\/v2\/media?parent=292"}],"curies":[{"name":"wp","href":"https:\/\/api.w.org\/{rel}","templated":true}]}}