{"id":1135,"date":"2025-02-12T14:08:53","date_gmt":"2025-02-12T11:08:53","guid":{"rendered":"https:\/\/richrocketgame.com\/?page_id=1135"},"modified":"2025-08-01T11:22:18","modified_gmt":"2025-08-01T08:22:18","slug":"all-star-fruits","status":"publish","type":"page","link":"https:\/\/richrocketgame.com\/vi\/all-star-fruits\/","title":{"rendered":"M\u00e1y \u0111\u00e1nh b\u1ea1c demo All-Star Fruits"},"content":{"rendered":"<div class=\"fpm_start\"><\/div>\n<p>BGaming \u0111\u00e3 c\u00f4ng b\u1ed1 m\u1ed9t tr\u00f2 ch\u01a1i slot m\u1edbi theo ch\u1ee7 \u0111\u1ec1 tr\u00e1i c\u00e2y, All-Star Fruits. Tr\u00f2 ch\u01a1i h\u1ee9a h\u1eb9n s\u1ebd c\u00f3 h\u00ecnh \u1ea3nh t\u01b0\u01a1i s\u00e1ng v\u00e0 d\u1ec5 h\u1ecdc. Hai t\u00ednh n\u0103ng th\u01b0\u1edfng s\u1ebd t\u0103ng \u0111\u00e1ng k\u1ec3 RTP v\u00e0 t\u0103ng ti\u1ec1n th\u1eafng trung b\u00ecnh.<\/p>\n<div style=\"text-align: center;\"><a class=\"glow-button\" href=\"\/vi\/go\/registration\/\" rel=\"noreferrer noopener nofollow\">Ch\u01a1i Casino<\/a><\/div>\n<table>\n<tbody>\n<tr>\n<td>Ng\u00e0y ph\u00e1t h\u00e0nh<\/td>\n<td>18.02.2025<\/td>\n<\/tr>\n<tr>\n<td>Cu\u1ed9n phim<\/td>\n<td>5<\/td>\n<\/tr>\n<tr>\n<td>H\u00e0ng<\/td>\n<td>3<\/td>\n<\/tr>\n<tr>\n<td>RTP<\/td>\n<td>97,04%<\/td>\n<\/tr>\n<tr>\n<td>bi\u1ebfn \u0111\u1ed9ng<\/td>\n<td>Trung b\u00ecnh (3 tr\u00ean 5)<\/td>\n<\/tr>\n<tr>\n<td>D\u00f2ng chi\u1ebfn th\u1eafng<\/td>\n<td>243<\/td>\n<\/tr>\n<tr>\n<td>Ti\u1ec1n th\u1eafng c\u01b0\u1ee3c t\u1ed1i \u0111a<\/td>\n<td>x1500<\/td>\n<\/tr>\n<\/tbody>\n<\/table>\n<div id=\"ez-toc-container\" class=\"ez-toc-v2_0_62 counter-hierarchy ez-toc-counter ez-toc-grey ez-toc-container-direction\">\n<div class=\"ez-toc-title-container\">\n<p class=\"ez-toc-title\" >M\u1ee5c l\u1ee5c<\/p>\n<span class=\"ez-toc-title-toggle\"><a href=\"#\" class=\"ez-toc-pull-right ez-toc-btn ez-toc-btn-xs ez-toc-btn-default ez-toc-toggle\" aria-label=\"Chuy\u1ec3n \u0111\u1ed5i M\u1ee5c l\u1ee5c\"><span class=\"ez-toc-js-icon-con\"><span class=\"\"><span class=\"eztoc-hide\" style=\"display:none;\">Chuy\u1ec3n \u0111\u1ed5i<\/span><span class=\"ez-toc-icon-toggle-span\"><svg style=\"fill: #999;color:#999\" xmlns=\"http:\/\/www.w3.org\/2000\/svg\" class=\"list-377408\" width=\"20px\" height=\"20px\" viewbox=\"0 0 24 24\" fill=\"none\"><path d=\"M6 6H4v2h2V6zm14 0H8v2h12V6zM4 11h2v2H4v-2zm16 0H8v2h12v-2zM4 16h2v2H4v-2zm16 0H8v2h12v-2z\" fill=\"currentColor\"><\/path><\/svg><svg style=\"fill: #999;color:#999\" class=\"arrow-unsorted-368013\" xmlns=\"http:\/\/www.w3.org\/2000\/svg\" width=\"10px\" height=\"10px\" viewbox=\"0 0 24 24\" version=\"1.2\" baseprofile=\"tiny\"><path d=\"M18.2 9.3l-6.2-6.3-6.2 6.3c-.2.2-.3.4-.3.7s.1.5.3.7c.2.2.4.3.7.3h11c.3 0 .5-.1.7-.3.2-.2.3-.5.3-.7s-.1-.5-.3-.7zM5.8 14.7l6.2 6.3 6.2-6.3c.2-.2.3-.5.3-.7s-.1-.5-.3-.7c-.2-.2-.4-.3-.7-.3h-11c-.3 0-.5.1-.7.3-.2.2-.3.5-.3.7s.1.5.3.7z\"\/><\/svg><\/span><\/span><\/span><\/a><\/span><\/div>\n<nav><ul class='ez-toc-list ez-toc-list-level-1 eztoc-toggle-hide-by-default' ><li class='ez-toc-page-1 ez-toc-heading-level-2'><a class=\"ez-toc-link ez-toc-heading-1\" href=\"https:\/\/richrocketgame.com\/vi\/all-star-fruits\/#What_We_Know_About_All-Star_Fruits_Slot\" title=\"Nh\u1eefng g\u00ec ch\u00fang ta bi\u1ebft v\u1ec1 All-Star Fruits Slot\">Nh\u1eefng g\u00ec ch\u00fang ta bi\u1ebft v\u1ec1 All-Star Fruits Slot<\/a><ul class='ez-toc-list-level-3' ><li class='ez-toc-heading-level-3'><a class=\"ez-toc-link ez-toc-heading-2\" href=\"https:\/\/richrocketgame.com\/vi\/all-star-fruits\/#Bonus_Features_of_the_Game\" title=\"C\u00e1c t\u00ednh n\u0103ng th\u01b0\u1edfng c\u1ee7a tr\u00f2 ch\u01a1i\">C\u00e1c t\u00ednh n\u0103ng th\u01b0\u1edfng c\u1ee7a tr\u00f2 ch\u01a1i<\/a><\/li><\/ul><\/li><li class='ez-toc-page-1 ez-toc-heading-level-2'><a class=\"ez-toc-link ez-toc-heading-3\" href=\"https:\/\/richrocketgame.com\/vi\/all-star-fruits\/#Why_You_Should_Play_All-Star_Fruits\" title=\"T\u1ea1i sao b\u1ea1n n\u00ean ch\u01a1i All-Star Fruits\">T\u1ea1i sao b\u1ea1n n\u00ean ch\u01a1i All-Star Fruits<\/a><\/li><li class='ez-toc-page-1 ez-toc-heading-level-2'><a class=\"ez-toc-link ez-toc-heading-4\" href=\"https:\/\/richrocketgame.com\/vi\/all-star-fruits\/#FAQ\" title=\"C\u00e2u h\u1ecfi th\u01b0\u1eddng g\u1eb7p\">C\u00e2u h\u1ecfi th\u01b0\u1eddng g\u1eb7p<\/a><ul class='ez-toc-list-level-3' ><li class='ez-toc-heading-level-3'><a class=\"ez-toc-link ez-toc-heading-5\" href=\"https:\/\/richrocketgame.com\/vi\/all-star-fruits\/#Will_it_be_possible_to_play_All-Star_Fruits_for_free\" title=\"T\u00f4i c\u00f3 th\u1ec3 ch\u01a1i All-Star Fruits mi\u1ec5n ph\u00ed kh\u00f4ng?\">T\u00f4i c\u00f3 th\u1ec3 ch\u01a1i All-Star Fruits mi\u1ec5n ph\u00ed kh\u00f4ng?<\/a><\/li><li class='ez-toc-page-1 ez-toc-heading-level-3'><a class=\"ez-toc-link ez-toc-heading-6\" href=\"https:\/\/richrocketgame.com\/vi\/all-star-fruits\/#Will_the_slot_be_optimized_for_mobile_devices\" title=\"Li\u1ec7u tr\u00f2 ch\u01a1i n\u00e0y c\u00f3 \u0111\u01b0\u1ee3c t\u1ed1i \u01b0u h\u00f3a cho thi\u1ebft b\u1ecb di \u0111\u1ed9ng kh\u00f4ng?\">Li\u1ec7u tr\u00f2 ch\u01a1i n\u00e0y c\u00f3 \u0111\u01b0\u1ee3c t\u1ed1i \u01b0u h\u00f3a cho thi\u1ebft b\u1ecb di \u0111\u1ed9ng kh\u00f4ng?<\/a><\/li><li class='ez-toc-page-1 ez-toc-heading-level-3'><a class=\"ez-toc-link ez-toc-heading-7\" href=\"https:\/\/richrocketgame.com\/vi\/all-star-fruits\/#Where_can_I_play_All-Star_Fruits_Slot_for_real_money\" title=\"T\u00f4i c\u00f3 th\u1ec3 ch\u01a1i All-Star Fruits Slot b\u1eb1ng ti\u1ec1n th\u1eadt \u1edf \u0111\u00e2u?\">T\u00f4i c\u00f3 th\u1ec3 ch\u01a1i All-Star Fruits Slot b\u1eb1ng ti\u1ec1n th\u1eadt \u1edf \u0111\u00e2u?<\/a><\/li><\/ul><\/li><\/ul><\/nav><\/div>\n<h2><span class=\"ez-toc-section\" id=\"What_We_Know_About_All-Star_Fruits_Slot\"><\/span>Nh\u1eefng g\u00ec ch\u00fang ta bi\u1ebft v\u1ec1 All-Star Fruits Slot<span class=\"ez-toc-section-end\"><\/span><\/h2>\n<p>All-Star Fruits t\u1eeb BGaming \u0111\u01b0\u1ee3c thi\u1ebft k\u1ebf theo phong c\u00e1ch c\u1ee7a c\u00e1c tr\u00f2 ch\u01a1i slot tr\u00e1i c\u00e2y c\u1ed5 \u0111i\u1ec3n. Tr\u00f2 ch\u01a1i c\u00f3 c\u1ea5u tr\u00fac chu\u1ea9n 5\u00d73 v\u00e0 cung c\u1ea5p m\u1ed9t b\u1ed9 bi\u1ec3u t\u01b0\u1ee3ng quen thu\u1ed9c: chanh, anh \u0111\u00e0o, nho d\u01b0a h\u1ea5u, BAR v\u00e0 chu\u00f4ng. Ng\u00f4i sao th\u1ef1c hi\u1ec7n ch\u1ee9c n\u0103ng ph\u00e2n t\u00e1n. Vi\u1ec7c xu\u1ea5t hi\u1ec7n 3, 4 ho\u1eb7c 5 bi\u1ec3u t\u01b0\u1ee3ng n\u00e0y s\u1ebd mang l\u1ea1i 10, 15 ho\u1eb7c 25 v\u00f2ng quay mi\u1ec5n ph\u00ed t\u01b0\u01a1ng \u1ee9ng.<\/p>\n<p>B\u00e1nh xe ph\u00eda tr\u00ean s\u00e2n ch\u01a1i ch\u00ednh c\u00f3 hai ch\u1ee9c n\u0103ng. Tr\u00f2 ch\u01a1i th\u00f4ng th\u01b0\u1eddng hi\u1ec3n th\u1ecb s\u1ed1 l\u01b0\u1ee3ng bi\u1ec3u t\u01b0\u1ee3ng ph\u00e2n t\u00e1n v\u00e0 tr\u00f2 ch\u01a1i th\u01b0\u1edfng \u00e1p d\u1ee5ng h\u1ec7 s\u1ed1 nh\u00e2n v\u00e0o ti\u1ec1n th\u1eafng.<\/p>\n<p>Ti\u1ec1n th\u1eafng c\u01b0\u1ee3c t\u1ed1i \u0111a l\u00e0 l\u00fd do ch\u00ednh \u0111\u00e1ng \u0111\u1ec3 ch\u01a1i All-Star Fruits. Nh\u00e0 cung c\u1ea5p cho bi\u1ebft ng\u01b0\u1eddi ch\u01a1i c\u00f3 th\u1ec3 nh\u1eadn \u0111\u01b0\u1ee3c t\u1edbi $255.000 cho m\u1ed9t l\u1ea7n r\u00fat th\u0103m th\u00e0nh c\u00f4ng. Trong c\u00e1c th\u1eed nghi\u1ec7m, c\u00e1c t\u1ed5 h\u1ee3p chi\u1ebfn th\u1eafng trung b\u00ecnh r\u01a1i v\u00e0o s\u00e1u l\u1ea7n quay.<\/p>\n<p><a href=\"https:\/\/richrocketgame.com\/vi\/go\/registration\/\" target=\"_blank\" rel=\"noreferrer noopener nofollow\"><img decoding=\"async\" class=\"wp-image-1142 aligncenter\" src=\"https:\/\/richrocketgame.com\/wp-content\/uploads\/2025\/02\/all-star-fruits-slot.jpg\" alt=\"Tr\u00f2 ch\u01a1i slot All-Star Fruits c\u1ee7a BGaming.\" width=\"309\" height=\"360\" srcset=\"https:\/\/richrocketgame.com\/wp-content\/uploads\/2025\/02\/all-star-fruits-slot.jpg 519w, https:\/\/richrocketgame.com\/wp-content\/uploads\/2025\/02\/all-star-fruits-slot-258x300.jpg 258w, https:\/\/richrocketgame.com\/wp-content\/uploads\/2025\/02\/all-star-fruits-slot-10x12.jpg 10w, https:\/\/richrocketgame.com\/wp-content\/uploads\/2025\/02\/all-star-fruits-slot-34x40.jpg 34w, https:\/\/richrocketgame.com\/wp-content\/uploads\/2025\/02\/all-star-fruits-slot-27x32.jpg 27w, https:\/\/richrocketgame.com\/wp-content\/uploads\/2025\/02\/all-star-fruits-slot-69x80.jpg 69w, https:\/\/richrocketgame.com\/wp-content\/uploads\/2025\/02\/all-star-fruits-slot-116x135.jpg 116w\" sizes=\"(max-width: 309px) 100vw, 309px\" \/><\/a><\/p>\n<h3><span class=\"ez-toc-section\" id=\"Bonus_Features_of_the_Game\"><\/span>C\u00e1c t\u00ednh n\u0103ng th\u01b0\u1edfng c\u1ee7a tr\u00f2 ch\u01a1i<span class=\"ez-toc-section-end\"><\/span><\/h3>\n<p>C\u00e1c h\u1ec7 s\u1ed1 nh\u00e2n ng\u1eabu nhi\u00ean \u0111\u01b0\u1ee3c \u00e1p d\u1ee5ng cho m\u1ed7i l\u1ea7n th\u1eafng trong c\u00e1c v\u00f2ng quay mi\u1ec5n ph\u00ed: x1, x2, x3, x5 ho\u1eb7c x10. Ph\u1ea7n th\u01b0\u1edfng n\u00e0y l\u00e0m t\u0103ng \u0111\u00e1ng k\u1ec3 s\u1ed1 ti\u1ec1n thanh to\u00e1n.<\/p>\n<p>Ng\u01b0\u1eddi ch\u01a1i kh\u00f4ng mu\u1ed1n ch\u1edd \u0111\u1ee3i s\u1ef1 k\u1ebft h\u1ee3p c\u1ee7a c\u00e1c bi\u1ec3u t\u01b0\u1ee3ng ph\u00e2n t\u00e1n r\u01a1i ra c\u00f3 th\u1ec3 s\u1eed d\u1ee5ng t\u00ednh n\u0103ng Mua ti\u1ec1n th\u01b0\u1edfng. V\u1edbi x75 ho\u1eb7c x150 ti\u1ec1n c\u01b0\u1ee3c c\u1ee7a b\u1ea1n, b\u1ea1n c\u00f3 th\u1ec3 ch\u1ecdn gi\u1eefa hai ch\u1ebf \u0111\u1ed9 v\u1edbi c\u00e1c h\u1ec7 s\u1ed1 nh\u00e2n kh\u00e1c nhau.<\/p>\n<div style=\"text-align: center;\"><a class=\"glow-button\" href=\"\/vi\/go\/registration\/\" rel=\"noreferrer noopener nofollow\">H\u00e3y th\u1eed All-Star Fruits Slot<\/a><\/div>\n<h2><span class=\"ez-toc-section\" id=\"Why_You_Should_Play_All-Star_Fruits\"><\/span>T\u1ea1i sao b\u1ea1n n\u00ean ch\u01a1i All-Star Fruits<span class=\"ez-toc-section-end\"><\/span><\/h2>\n<p>Tr\u00f2 ch\u01a1i slot All-Star Fruits thu h\u00fat s\u1ef1 ch\u00fa \u00fd v\u1edbi nh\u1eefng \u01b0u \u0111i\u1ec3m sau:<\/p>\n<ul>\n<li>Ki\u1ec3u m\u00e1y \u0111\u00e1nh b\u1ea1c tr\u00e1i c\u00e2y v\u1edbi \u0111\u1ed3 h\u1ecda t\u01b0\u01a1i s\u00e1ng kh\u00e1c th\u01b0\u1eddng.<\/li>\n<li>T\u00ednh n\u0103ng th\u01b0\u1edfng \u0111\u01a1n gi\u1ea3n nh\u01b0ng r\u1ea5t h\u1ea5p d\u1eabn.<\/li>\n<li>Ti\u1ec1m n\u0103ng th\u1eafng l\u1edbn.<\/li>\n<li>RTP cao.<\/li>\n<\/ul>\n<p>\u0110\u1eafm m\u00ecnh v\u00e0o th\u1ebf gi\u1edbi tr\u00e1i c\u00e2y ngon ng\u1ecdt v\u00e0 h\u1ec7 s\u1ed1 nh\u00e2n l\u1edbn v\u00e0o ng\u00e0y 18 th\u00e1ng 2 n\u0103m 2025. Trang web c\u1ee7a ch\u00fang t\u00f4i s\u1ebd cung c\u1ea5p b\u00e0i \u0111\u00e1nh gi\u00e1 chi ti\u1ebft v\u00e0 b\u1ea3n demo All-Star Fruits.<\/p><script data-noptimize=\"\" data-wpfc-render=\"false\">\n\/* <![CDATA[ *\/\nfpm_start( \"true\" );\n\/* ]]> *\/\n<\/script>\n\n<p><a href=\"https:\/\/richrocketgame.com\/vi\/go\/registration\/\" target=\"_blank\" rel=\"noreferrer noopener nofollow\"><img decoding=\"async\" class=\"aligncenter wp-image-1149 size-full\" src=\"https:\/\/richrocketgame.com\/wp-content\/uploads\/2025\/02\/all-star-fruits-casino-game.jpg\" alt=\"Tr\u00f2 ch\u01a1i s\u00f2ng b\u1ea1c All-Star Fruits.\" width=\"994\" height=\"610\" srcset=\"https:\/\/richrocketgame.com\/wp-content\/uploads\/2025\/02\/all-star-fruits-casino-game.jpg 994w, https:\/\/richrocketgame.com\/wp-content\/uploads\/2025\/02\/all-star-fruits-casino-game-300x184.jpg 300w, https:\/\/richrocketgame.com\/wp-content\/uploads\/2025\/02\/all-star-fruits-casino-game-768x471.jpg 768w, https:\/\/richrocketgame.com\/wp-content\/uploads\/2025\/02\/all-star-fruits-casino-game-18x12.jpg 18w, https:\/\/richrocketgame.com\/wp-content\/uploads\/2025\/02\/all-star-fruits-casino-game-65x40.jpg 65w, https:\/\/richrocketgame.com\/wp-content\/uploads\/2025\/02\/all-star-fruits-casino-game-52x32.jpg 52w, https:\/\/richrocketgame.com\/wp-content\/uploads\/2025\/02\/all-star-fruits-casino-game-130x80.jpg 130w, https:\/\/richrocketgame.com\/wp-content\/uploads\/2025\/02\/all-star-fruits-casino-game-220x135.jpg 220w\" sizes=\"(max-width: 994px) 100vw, 994px\" \/><\/a><\/p>\n<h2><span class=\"ez-toc-section\" id=\"FAQ\"><\/span>C\u00e2u h\u1ecfi th\u01b0\u1eddng g\u1eb7p<span class=\"ez-toc-section-end\"><\/span><\/h2>\n        <section class=\"sc_fs_faq sc_card\">\n            <div>\n\t\t\t\t<h3><span class=\"ez-toc-section\" id=\"Will_it_be_possible_to_play_All-Star_Fruits_for_free\"><\/span>T\u00f4i c\u00f3 th\u1ec3 ch\u01a1i All-Star Fruits mi\u1ec5n ph\u00ed kh\u00f4ng?<span class=\"ez-toc-section-end\"><\/span><\/h3>                <div>\n\t\t\t\t\t                    <p>\n\t\t\t\t\t\tC\u00f3, b\u1ea3n demo All-Star Fruits d\u1ef1 ki\u1ebfn s\u1ebd c\u00f3 m\u1eb7t t\u1ea1i h\u1ea7u h\u1ebft c\u00e1c s\u00f2ng b\u1ea1c l\u1edbn. Ngo\u00e0i ra, m\u00e1y \u0111\u00e1nh b\u1ea1c n\u00e0y s\u1ebd c\u00f3 th\u1ec3 ch\u01a1i m\u00e0 kh\u00f4ng c\u1ea7n \u0111\u1eb7t c\u1ecdc tr\u00ean trang web ch\u00ednh th\u1ee9c c\u1ee7a BGaming.                    <\/p>\n                <\/div>\n            <\/div>\n        <\/section>\n\t\t        <section class=\"sc_fs_faq sc_card\">\n            <div>\n\t\t\t\t<h3><span class=\"ez-toc-section\" id=\"Will_the_slot_be_optimized_for_mobile_devices\"><\/span>Li\u1ec7u tr\u00f2 ch\u01a1i n\u00e0y c\u00f3 \u0111\u01b0\u1ee3c t\u1ed1i \u01b0u h\u00f3a cho thi\u1ebft b\u1ecb di \u0111\u1ed9ng kh\u00f4ng?<span class=\"ez-toc-section-end\"><\/span><\/h3>                <div>\n\t\t\t\t\t                    <p>\n\t\t\t\t\t\tC\u00f3, phi\u00ean b\u1ea3n di \u0111\u1ed9ng c\u1ee7a All-Star Fruits s\u1ebd \u0111\u01b0\u1ee3c ph\u00e1t h\u00e0nh c\u00f9ng l\u00fac v\u1edbi phi\u00ean b\u1ea3n d\u00e0nh cho m\u00e1y t\u00ednh \u0111\u1ec3 b\u00e0n. B\u1ea1n c\u00f3 th\u1ec3 ch\u01a1i tr\u00ean \u0111i\u1ec7n tho\u1ea1i th\u00f4ng minh v\u00e0 m\u00e1y t\u00ednh b\u1ea3ng Android v\u00e0 iOS m\u00e0 kh\u00f4ng c\u1ea7n t\u1ea3i xu\u1ed1ng ph\u1ea7n m\u1ec1m.                    <\/p>\n                <\/div>\n            <\/div>\n        <\/section>\n\t\t        <section class=\"sc_fs_faq sc_card\">\n            <div>\n\t\t\t\t<h3><span class=\"ez-toc-section\" id=\"Where_can_I_play_All-Star_Fruits_Slot_for_real_money\"><\/span>T\u00f4i c\u00f3 th\u1ec3 ch\u01a1i All-Star Fruits Slot b\u1eb1ng ti\u1ec1n th\u1eadt \u1edf \u0111\u00e2u?<span class=\"ez-toc-section-end\"><\/span><\/h3>                <div>\n\t\t\t\t\t                    <p>\n\t\t\t\t\t\tAll-Star Fruits Slot ki\u1ebfm ti\u1ec1n th\u1eadt s\u1ebd c\u00f3 t\u1ea1i c\u00e1c s\u00f2ng b\u1ea1c \u0111\u01b0\u1ee3c c\u1ea5p ph\u00e9p. B\u1eb1ng c\u00e1ch t\u1eadn d\u1ee5ng khuy\u1ebfn ngh\u1ecb c\u1ee7a ch\u00fang t\u00f4i, b\u1ea1n s\u1ebd nh\u1eadn \u0111\u01b0\u1ee3c \u1ee9ng d\u1ee5ng ti\u1ec1n th\u01b0\u1edfng t\u1ed1t nh\u1ea5t \u0111\u1ec3 b\u1eaft \u0111\u1ea7u ch\u01a1i.                    <\/p>\n                <\/div>\n            <\/div>\n        <\/section>\n\t\t\n<script type=\"application\/ld+json\">{\n    \"@context\": \"https:\\\/\\\/schema.org\",\n    \"@type\": \"FAQPage\",\n    \"mainEntity\": [\n        {\n            \"@type\": \"Question\",\n            \"name\": \"Will it be possible to play All-Star Fruits for free?\",\n            \"acceptedAnswer\": {\n                \"@type\": \"Answer\",\n                \"text\": \"Yes, the All-Star Fruits demo is expected to be available in most major casinos. In addition, the slot will be available to play without deposit on the official BGaming website.\"\n            }\n        },\n        {\n            \"@type\": \"Question\",\n            \"name\": \"Will the slot be optimized for mobile devices?\",\n            \"acceptedAnswer\": {\n                \"@type\": \"Answer\",\n                \"text\": \"Yes, the mobile version of All-Star Fruits will be released at the same time as the desktop version. You can play on Android and iOS smartphones and tablets without downloading software.\"\n            }\n        },\n        {\n            \"@type\": \"Question\",\n            \"name\": \"Where can I play All-Star Fruits Slot for real money?\",\n            \"acceptedAnswer\": {\n                \"@type\": \"Answer\",\n                \"text\": \"All-Star Fruits Slot for real money will be available at licensed casinos. By taking advantage of our recommendation, you will get the best bonus apps to start playing.\"\n            }\n        }\n    ]\n}<\/script>\n\n<div class=\"fpm_end\"><\/div>\n<div class=\"author-card author-card--top\"><img alt='\u1ea3nh \u0111\u1ea1i di\u1ec7n' src='https:\/\/richrocketgame.com\/wp-content\/uploads\/2023\/03\/Paulo-Dornelas-130x130.jpg' srcset='https:\/\/richrocketgame.com\/wp-content\/uploads\/2023\/03\/Paulo-Dornelas-260x260.jpg 2x' class='avatar avatar-130 photo author-image' height='130' width='130' \/><div class=\"author-content text-md-center\"><span class=\"author-title\">T\u00e1c gi\u1ea3<\/span><a href=\"https:\/\/richrocketgame.com\/vi\/author\/paulo-dornelas\/\" class=\"author-name\">Paulo Dornelas<\/a><p class=\"author__details\">Paulo Dornelas l\u00e0 m\u1ed9t chuy\u00ean gia c\u1edd b\u1ea1c, ng\u01b0\u1eddi \u0111\u00e3 d\u00e0nh c\u1ea3 cu\u1ed9c \u0111\u1eddi m\u00ecnh \u0111\u1ec3 t\u00ecm hi\u1ec3u ng\u00e0nh n\u00e0y v\u00e0 gi\u00fap nh\u1eefng ng\u01b0\u1eddi kh\u00e1c ki\u1ebfm ti\u1ec1n t\u1eeb ng\u00e0nh n\u00e0y. Anh \u1ea5y c\u0169ng l\u00e0 m\u1ed9t ng\u01b0\u1eddi \u0111am m\u00ea du l\u1ecbch v\u00e0 th\u00edch kh\u00e1m ph\u00e1 nh\u1eefng \u0111\u1ecba \u0111i\u1ec3m m\u1edbi. Ki\u1ebfn th\u1ee9c v\u1ec1 c\u1edd b\u1ea1c v\u00e0 ni\u1ec1m \u0111am m\u00ea du l\u1ecbch c\u1ee7a Paulo khi\u1ebfn anh \u1ea5y tr\u1edf th\u00e0nh ng\u01b0\u1eddi h\u01b0\u1edbng d\u1eabn ho\u00e0n h\u1ea3o cho b\u1ea5t k\u1ef3 ai mu\u1ed1n ki\u1ebfm m\u1ed9t s\u1ed1 l\u1ee3i nhu\u1eadn th\u1ef1c s\u1ef1 t\u1eeb vi\u1ec7c c\u00e1 c\u01b0\u1ee3c th\u1ec3 thao ho\u1eb7c ch\u01a1i c\u00e1c tr\u00f2 ch\u01a1i s\u00f2ng b\u1ea1c.<\/p><\/div><!-- \/.author-content --><\/div>","protected":false},"excerpt":{"rendered":"<p>BGaming \u0111\u00e3 c\u00f4ng b\u1ed1 m\u1ed9t tr\u00f2 ch\u01a1i slot m\u1edbi theo ch\u1ee7 \u0111\u1ec1 tr\u00e1i c\u00e2y, All-Star Fruits. Tr\u00f2 ch\u01a1i h\u1ee9a h\u1eb9n s\u1ebd c\u00f3 h\u00ecnh \u1ea3nh t\u01b0\u01a1i s\u00e1ng v\u00e0 d\u1ec5 h\u1ecdc. Hai t\u00ednh n\u0103ng th\u01b0\u1edfng s\u1ebd gi\u00fap t\u0103ng \u0111\u00e1ng k\u1ec3 RTP v\u00e0 t\u0103ng ti\u1ec1n th\u1eafng trung b\u00ecnh. Play Casino Ng\u00e0y ph\u00e1t h\u00e0nh 18.02.2025 Cu\u1ed9n 5 H\u00e0ng 3 RTP 97.04% \u0110\u1ed9 bi\u1ebfn \u0111\u1ed9ng trung b\u00ecnh (3 tr\u00ean 5) D\u00f2ng th\u1eafng 243 Ti\u1ec1n th\u1eafng t\u1ed1i \u0111a \u04451500 Ch\u00fang t\u00f4i [\u2026]<\/p>","protected":false},"author":2,"featured_media":0,"parent":0,"menu_order":0,"comment_status":"closed","ping_status":"closed","template":"page-no-sidebar.php","meta":{"footnotes":""},"class_list":["post-1135","page","type-page","status-publish","hentry"],"yoast_head":"<!-- This site is optimized with the Yoast SEO plugin v26.7 - https:\/\/yoast.com\/wordpress\/plugins\/seo\/ -->\n<title>All-Star Fruits Slot (BGaming) - Free Play, RTP and Max. Winnings<\/title>\n<meta name=\"description\" content=\"Learn more about All-Star Fruits casino game. Read information about the slot in our announcement. When you can play All-Star Fruits.\" \/>\n<meta name=\"robots\" content=\"index, follow, max-snippet:-1, max-image-preview:large, max-video-preview:-1\" \/>\n<link rel=\"canonical\" href=\"https:\/\/richrocketgame.com\/vi\/all-star-fruits\/\" \/>\n<meta property=\"og:locale\" content=\"vi_VN\" \/>\n<meta property=\"og:type\" content=\"article\" \/>\n<meta property=\"og:title\" content=\"All-Star Fruits Slot (BGaming) - Free Play, RTP and Max. Winnings\" \/>\n<meta property=\"og:description\" content=\"Learn more about All-Star Fruits casino game. Read information about the slot in our announcement. When you can play All-Star Fruits.\" \/>\n<meta property=\"og:url\" content=\"https:\/\/richrocketgame.com\/vi\/all-star-fruits\/\" \/>\n<meta property=\"og:site_name\" content=\"Rich Rocket Game\" \/>\n<meta property=\"article:modified_time\" content=\"2025-08-01T08:22:18+00:00\" \/>\n<meta property=\"og:image\" content=\"https:\/\/richrocketgame.com\/wp-content\/uploads\/2025\/02\/all-star-fruits-slot.jpg\" \/>\n<meta name=\"twitter:card\" content=\"summary_large_image\" \/>\n<meta name=\"twitter:label1\" content=\"\u01af\u1edbc t\u00ednh th\u1eddi gian \u0111\u1ecdc\" \/>\n\t<meta name=\"twitter:data1\" content=\"3 ph\u00fat\" \/>\n<!-- \/ Yoast SEO plugin. -->","yoast_head_json":{"title":"All-Star Fruits Slot (BGaming) - Ch\u01a1i mi\u1ec5n ph\u00ed, RTP v\u00e0 Ti\u1ec1n th\u1eafng t\u1ed1i \u0111a","description":"T\u00ecm hi\u1ec3u th\u00eam v\u1ec1 tr\u00f2 ch\u01a1i s\u00f2ng b\u1ea1c All-Star Fruits. \u0110\u1ecdc th\u00f4ng tin v\u1ec1 m\u00e1y \u0111\u00e1nh b\u1ea1c trong th\u00f4ng b\u00e1o c\u1ee7a ch\u00fang t\u00f4i. Khi n\u00e0o b\u1ea1n c\u00f3 th\u1ec3 ch\u01a1i All-Star Fruits.","robots":{"index":"index","follow":"follow","max-snippet":"max-snippet:-1","max-image-preview":"max-image-preview:large","max-video-preview":"max-video-preview:-1"},"canonical":"https:\/\/richrocketgame.com\/vi\/all-star-fruits\/","og_locale":"vi_VN","og_type":"article","og_title":"All-Star Fruits Slot (BGaming) - Free Play, RTP and Max. Winnings","og_description":"Learn more about All-Star Fruits casino game. Read information about the slot in our announcement. When you can play All-Star Fruits.","og_url":"https:\/\/richrocketgame.com\/vi\/all-star-fruits\/","og_site_name":"Rich Rocket Game","article_modified_time":"2025-08-01T08:22:18+00:00","og_image":[{"url":"https:\/\/richrocketgame.com\/wp-content\/uploads\/2025\/02\/all-star-fruits-slot.jpg","type":"","width":"","height":""}],"twitter_card":"summary_large_image","twitter_misc":{"\u01af\u1edbc t\u00ednh th\u1eddi gian \u0111\u1ecdc":"3 ph\u00fat"},"schema":{"@context":"https:\/\/schema.org","@graph":[{"@type":"WebPage","@id":"https:\/\/richrocketgame.com\/all-star-fruits\/","url":"https:\/\/richrocketgame.com\/all-star-fruits\/","name":"All-Star Fruits Slot (BGaming) - Ch\u01a1i mi\u1ec5n ph\u00ed, RTP v\u00e0 Ti\u1ec1n th\u1eafng t\u1ed1i \u0111a","isPartOf":{"@id":"https:\/\/richrocketgame.com\/#website"},"primaryImageOfPage":{"@id":"https:\/\/richrocketgame.com\/all-star-fruits\/#primaryimage"},"image":{"@id":"https:\/\/richrocketgame.com\/all-star-fruits\/#primaryimage"},"thumbnailUrl":"https:\/\/richrocketgame.com\/wp-content\/uploads\/2025\/02\/all-star-fruits-slot.jpg","datePublished":"2025-02-12T11:08:53+00:00","dateModified":"2025-08-01T08:22:18+00:00","description":"T\u00ecm hi\u1ec3u th\u00eam v\u1ec1 tr\u00f2 ch\u01a1i s\u00f2ng b\u1ea1c All-Star Fruits. \u0110\u1ecdc th\u00f4ng tin v\u1ec1 m\u00e1y \u0111\u00e1nh b\u1ea1c trong th\u00f4ng b\u00e1o c\u1ee7a ch\u00fang t\u00f4i. Khi n\u00e0o b\u1ea1n c\u00f3 th\u1ec3 ch\u01a1i All-Star Fruits.","breadcrumb":{"@id":"https:\/\/richrocketgame.com\/all-star-fruits\/#breadcrumb"},"inLanguage":"vi","potentialAction":[{"@type":"ReadAction","target":["https:\/\/richrocketgame.com\/all-star-fruits\/"]}]},{"@type":"ImageObject","inLanguage":"vi","@id":"https:\/\/richrocketgame.com\/all-star-fruits\/#primaryimage","url":"https:\/\/richrocketgame.com\/wp-content\/uploads\/2025\/02\/all-star-fruits-slot.jpg","contentUrl":"https:\/\/richrocketgame.com\/wp-content\/uploads\/2025\/02\/all-star-fruits-slot.jpg"},{"@type":"BreadcrumbList","@id":"https:\/\/richrocketgame.com\/all-star-fruits\/#breadcrumb","itemListElement":[{"@type":"ListItem","position":1,"name":"\u0413\u043b\u0430\u0432\u043d\u0430\u044f \u0441\u0442\u0440\u0430\u043d\u0438\u0446\u0430","item":"https:\/\/richrocketgame.com\/"},{"@type":"ListItem","position":2,"name":"All-Star Fruits Demo Slot"}]},{"@type":"WebSite","@id":"https:\/\/richrocketgame.com\/#website","url":"https:\/\/richrocketgame.com\/","name":"Tr\u00f2 ch\u01a1i Rich Rocket","description":"","publisher":{"@id":"https:\/\/richrocketgame.com\/#organization"},"potentialAction":[{"@type":"SearchAction","target":{"@type":"EntryPoint","urlTemplate":"https:\/\/richrocketgame.com\/?s={search_term_string}"},"query-input":{"@type":"PropertyValueSpecification","valueRequired":true,"valueName":"search_term_string"}}],"inLanguage":"vi"},{"@type":"Organization","@id":"https:\/\/richrocketgame.com\/#organization","name":"Tr\u00f2 ch\u01a1i Rich Rocket","url":"https:\/\/richrocketgame.com\/","logo":{"@type":"ImageObject","inLanguage":"vi","@id":"https:\/\/richrocketgame.com\/#\/schema\/logo\/image\/","url":"https:\/\/richrocketgame.com\/wp-content\/uploads\/2022\/09\/Rich-Rocket-earning-app.png","contentUrl":"https:\/\/richrocketgame.com\/wp-content\/uploads\/2022\/09\/Rich-Rocket-earning-app.png","width":512,"height":512,"caption":"Rich Rocket Game"},"image":{"@id":"https:\/\/richrocketgame.com\/#\/schema\/logo\/image\/"}}]}},"_links":{"self":[{"href":"https:\/\/richrocketgame.com\/vi\/wp-json\/wp\/v2\/pages\/1135","targetHints":{"allow":["GET"]}}],"collection":[{"href":"https:\/\/richrocketgame.com\/vi\/wp-json\/wp\/v2\/pages"}],"about":[{"href":"https:\/\/richrocketgame.com\/vi\/wp-json\/wp\/v2\/types\/page"}],"author":[{"embeddable":true,"href":"https:\/\/richrocketgame.com\/vi\/wp-json\/wp\/v2\/users\/2"}],"replies":[{"embeddable":true,"href":"https:\/\/richrocketgame.com\/vi\/wp-json\/wp\/v2\/comments?post=1135"}],"version-history":[{"count":0,"href":"https:\/\/richrocketgame.com\/vi\/wp-json\/wp\/v2\/pages\/1135\/revisions"}],"wp:attachment":[{"href":"https:\/\/richrocketgame.com\/vi\/wp-json\/wp\/v2\/media?parent=1135"}],"curies":[{"name":"wp","href":"https:\/\/api.w.org\/{rel}","templated":true}]}}