{"id":1080,"date":"2025-02-12T11:57:14","date_gmt":"2025-02-12T08:57:14","guid":{"rendered":"https:\/\/richrocketgame.com\/?page_id=1080"},"modified":"2026-01-13T19:58:17","modified_gmt":"2026-01-13T16:58:17","slug":"wild-card-gang","status":"publish","type":"page","link":"https:\/\/richrocketgame.com\/vi\/wild-card-gang\/","title":{"rendered":"B\u1ea3n demo m\u00e1y \u0111\u00e1nh b\u1ea1c Wild Card Gang"},"content":{"rendered":"<div class=\"fpm_start\"><\/div>\n<p>Wild Card Gang is BGaming&#8217;s flagship slot in 2026. The success of this slot will allow the company to establish itself as one of the best slot developers. And the game has every chance of becoming a hit. The mechanics of combining winning symbols and the non-standard system of launching free spins and winning x5,000 &#8211; Wild Card Gang slot have prepared a lot of surprises for casino visitors.<\/p>\n<div style=\"text-align: center;\"><a class=\"glow-button\" href=\"\/vi\/go\/registration\/\" rel=\"noreferrer noopener nofollow\">Ch\u01a1i Casino<\/a><\/div>\n<table>\n<tbody>\n<tr>\n<td>Ng\u00e0y ra m\u1eaft<\/td>\n<td>Ng\u00e0y 26 th\u00e1ng 2 n\u0103m 2025<\/td>\n<\/tr>\n<tr>\n<td>Cu\u1ed9n phim<\/td>\n<td>6<\/td>\n<\/tr>\n<tr>\n<td>H\u00e0ng<\/td>\n<td>6<\/td>\n<\/tr>\n<tr>\n<td>RTP<\/td>\n<td>97,25%<\/td>\n<\/tr>\n<tr>\n<td>bi\u1ebfn \u0111\u1ed9ng<\/td>\n<td>R\u1ea5t cao<\/td>\n<\/tr>\n<tr>\n<td>D\u00f2ng thanh to\u00e1n<\/td>\n<td>C\u1ee5m tr\u1ea3 ti\u1ec1n<\/td>\n<\/tr>\n<tr>\n<td>Ti\u1ec1n th\u1eafng c\u01b0\u1ee3c t\u1ed1i \u0111a<\/td>\n<td>x5,000<\/td>\n<\/tr>\n<\/tbody>\n<\/table>\n<div id=\"ez-toc-container\" class=\"ez-toc-v2_0_62 counter-hierarchy ez-toc-counter ez-toc-grey ez-toc-container-direction\">\n<div class=\"ez-toc-title-container\">\n<p class=\"ez-toc-title\" >M\u1ee5c l\u1ee5c<\/p>\n<span class=\"ez-toc-title-toggle\"><a href=\"#\" class=\"ez-toc-pull-right ez-toc-btn ez-toc-btn-xs ez-toc-btn-default ez-toc-toggle\" aria-label=\"Chuy\u1ec3n \u0111\u1ed5i M\u1ee5c l\u1ee5c\"><span class=\"ez-toc-js-icon-con\"><span class=\"\"><span class=\"eztoc-hide\" style=\"display:none;\">Chuy\u1ec3n \u0111\u1ed5i<\/span><span class=\"ez-toc-icon-toggle-span\"><svg style=\"fill: #999;color:#999\" xmlns=\"http:\/\/www.w3.org\/2000\/svg\" class=\"list-377408\" width=\"20px\" height=\"20px\" viewbox=\"0 0 24 24\" fill=\"none\"><path d=\"M6 6H4v2h2V6zm14 0H8v2h12V6zM4 11h2v2H4v-2zm16 0H8v2h12v-2zM4 16h2v2H4v-2zm16 0H8v2h12v-2z\" fill=\"currentColor\"><\/path><\/svg><svg style=\"fill: #999;color:#999\" class=\"arrow-unsorted-368013\" xmlns=\"http:\/\/www.w3.org\/2000\/svg\" width=\"10px\" height=\"10px\" viewbox=\"0 0 24 24\" version=\"1.2\" baseprofile=\"tiny\"><path d=\"M18.2 9.3l-6.2-6.3-6.2 6.3c-.2.2-.3.4-.3.7s.1.5.3.7c.2.2.4.3.7.3h11c.3 0 .5-.1.7-.3.2-.2.3-.5.3-.7s-.1-.5-.3-.7zM5.8 14.7l6.2 6.3 6.2-6.3c.2-.2.3-.5.3-.7s-.1-.5-.3-.7c-.2-.2-.4-.3-.7-.3h-11c-.3 0-.5.1-.7.3-.2.2-.3.5-.3.7s.1.5.3.7z\"\/><\/svg><\/span><\/span><\/span><\/a><\/span><\/div>\n<nav><ul class='ez-toc-list ez-toc-list-level-1 eztoc-toggle-hide-by-default' ><li class='ez-toc-page-1 ez-toc-heading-level-2'><a class=\"ez-toc-link ez-toc-heading-1\" href=\"https:\/\/richrocketgame.com\/vi\/wild-card-gang\/#What_We_Know_About_Wild_Card_Gang_Slot\" title=\"Nh\u1eefng g\u00ec ch\u00fang ta bi\u1ebft v\u1ec1 Wild Card Gang Slot\">Nh\u1eefng g\u00ec ch\u00fang ta bi\u1ebft v\u1ec1 Wild Card Gang Slot<\/a><ul class='ez-toc-list-level-3' ><li class='ez-toc-heading-level-3'><a class=\"ez-toc-link ez-toc-heading-2\" href=\"https:\/\/richrocketgame.com\/vi\/wild-card-gang\/#Bonus_Features_of_the_Game\" title=\"C\u00e1c t\u00ednh n\u0103ng th\u01b0\u1edfng c\u1ee7a tr\u00f2 ch\u01a1i\">C\u00e1c t\u00ednh n\u0103ng th\u01b0\u1edfng c\u1ee7a tr\u00f2 ch\u01a1i<\/a><\/li><li class='ez-toc-page-1 ez-toc-heading-level-3'><a class=\"ez-toc-link ez-toc-heading-3\" href=\"https:\/\/richrocketgame.com\/vi\/wild-card-gang\/#Paid_Bonuses\" title=\"Ti\u1ec1n th\u01b0\u1edfng \u0111\u01b0\u1ee3c tr\u1ea3\">Ti\u1ec1n th\u01b0\u1edfng \u0111\u01b0\u1ee3c tr\u1ea3<\/a><\/li><\/ul><\/li><li class='ez-toc-page-1 ez-toc-heading-level-2'><a class=\"ez-toc-link ez-toc-heading-4\" href=\"https:\/\/richrocketgame.com\/vi\/wild-card-gang\/#Why_Play_Wild_Card_Gang\" title=\"T\u1ea1i sao n\u00ean ch\u01a1i Wild Card Gang?\">T\u1ea1i sao n\u00ean ch\u01a1i Wild Card Gang?<\/a><\/li><li class='ez-toc-page-1 ez-toc-heading-level-2'><a class=\"ez-toc-link ez-toc-heading-5\" href=\"https:\/\/richrocketgame.com\/vi\/wild-card-gang\/#FAQ\" title=\"C\u00e2u h\u1ecfi th\u01b0\u1eddng g\u1eb7p\">C\u00e2u h\u1ecfi th\u01b0\u1eddng g\u1eb7p<\/a><ul class='ez-toc-list-level-3' ><li class='ez-toc-heading-level-3'><a class=\"ez-toc-link ez-toc-heading-6\" href=\"https:\/\/richrocketgame.com\/vi\/wild-card-gang\/#How_does_the_Cluster_Pays_mechanic_work\" title=\"C\u01a1 ch\u1ebf Cluster Pays ho\u1ea1t \u0111\u1ed9ng nh\u01b0 th\u1ebf n\u00e0o?\">C\u01a1 ch\u1ebf Cluster Pays ho\u1ea1t \u0111\u1ed9ng nh\u01b0 th\u1ebf n\u00e0o?<\/a><\/li><li class='ez-toc-page-1 ez-toc-heading-level-3'><a class=\"ez-toc-link ez-toc-heading-7\" href=\"https:\/\/richrocketgame.com\/vi\/wild-card-gang\/#Is_it_worth_playing_Wild_Card_Gang_for_real_money_right_away_or_is_it_better_to_try_the_demo_version\" title=\"C\u00f3 \u0111\u00e1ng \u0111\u1ec3 ch\u01a1i Wild Card Gang b\u1eb1ng ti\u1ec1n th\u1eadt ngay kh\u00f4ng, hay n\u00ean th\u1eed phi\u00ean b\u1ea3n demo?\">C\u00f3 \u0111\u00e1ng \u0111\u1ec3 ch\u01a1i Wild Card Gang b\u1eb1ng ti\u1ec1n th\u1eadt ngay kh\u00f4ng, hay n\u00ean th\u1eed phi\u00ean b\u1ea3n demo?<\/a><\/li><li class='ez-toc-page-1 ez-toc-heading-level-3'><a class=\"ez-toc-link ez-toc-heading-8\" href=\"https:\/\/richrocketgame.com\/vi\/wild-card-gang\/#How_often_do_the_free_spins_round_fall_out\" title=\"V\u00f2ng quay mi\u1ec5n ph\u00ed di\u1ec5n ra th\u01b0\u1eddng xuy\u00ean nh\u01b0 th\u1ebf n\u00e0o?\">V\u00f2ng quay mi\u1ec5n ph\u00ed di\u1ec5n ra th\u01b0\u1eddng xuy\u00ean nh\u01b0 th\u1ebf n\u00e0o?<\/a><\/li><\/ul><\/li><\/ul><\/nav><\/div>\n<h2><span class=\"ez-toc-section\" id=\"What_We_Know_About_Wild_Card_Gang_Slot\"><\/span>Nh\u1eefng g\u00ec ch\u00fang ta bi\u1ebft v\u1ec1 Wild Card Gang Slot<span class=\"ez-toc-section-end\"><\/span><\/h2>\n<p>Wild Card Gang mang th\u1ebf gi\u1edbi b\u00e0i v\u00e0o cu\u1ed9c s\u1ed1ng. C\u00e1c l\u00e1 b\u00e0i c\u1ea5p cao (A, K, Q, J) \u0111\u01b0\u1ee3c tr\u00ecnh b\u00e0y d\u01b0\u1edbi d\u1ea1ng m\u1ed9t nh\u00f3m gangster l\u00f4i cu\u1ed1n. \u00dd t\u01b0\u1edfng v\u00e0 phong c\u00e1ch tr\u1ef1c quan \u0111\u1ed9c \u0111\u00e1o gi\u00fap tr\u00f2 ch\u01a1i ki\u1ebfm \u0111\u01b0\u1ee3c m\u1ed9t v\u00e0i \u0111i\u1ec3m ngay c\u1ea3 tr\u01b0\u1edbc khi ph\u00e1t h\u00e0nh.<\/p>\n<p>BGaming \u0111\u00e3 t\u1ea1o ra m\u1ed9t s\u00e2n ch\u01a1i l\u1edbn 6\u00d76, gi\u00fap t\u0103ng kh\u1ea3 n\u0103ng c\u00e1c k\u1ebft h\u1ee3p b\u1ecb lo\u1ea1i. \u0110i\u1ec1u n\u00e0y \u0111\u01b0\u1ee3c x\u00e1c nh\u1eadn b\u1edfi RTP cao, \u0111\u1ea1t 97.25%. M\u1eb7c d\u00f9 t\u1ef7 l\u1ec7 ho\u00e0n tr\u1ea3 cho ng\u01b0\u1eddi ch\u01a1i l\u00e0 h\u1ee3p l\u00fd, nh\u01b0ng ng\u01b0\u1eddi ch\u01a1i v\u1eabn n\u00ean th\u1eadn tr\u1ecdng do t\u00ednh bi\u1ebfn \u0111\u1ed9ng cao.<\/p>\n<p>C\u00e1c th\u1eed nghi\u1ec7m \u0111\u00e3 ch\u1ec9 ra r\u1eb1ng c\u00e1c k\u1ebft h\u1ee3p chi\u1ebfn th\u1eafng s\u1ebd xu\u1ea5t hi\u1ec7n sau kho\u1ea3ng ba l\u1ea7n quay. \u1ede m\u1ee9c c\u01b0\u1ee3c t\u1ed1i \u0111a, ng\u01b0\u1eddi ch\u01a1i c\u00f3 th\u1ec3 nh\u1eadn \u0111\u01b0\u1ee3c t\u1edbi $250.000.<\/p>\n<p><a href=\"https:\/\/richrocketgame.com\/vi\/go\/registration\/\" target=\"_blank\" rel=\"noreferrer noopener nofollow\"><img decoding=\"async\" class=\"aligncenter wp-image-1086\" src=\"https:\/\/richrocketgame.com\/wp-content\/uploads\/2025\/02\/wild-card-gang-slot.jpg\" alt=\"Tr\u00f2 ch\u01a1i Wild Card Gang c\u1ee7a BGaming.\" width=\"356\" height=\"462\" srcset=\"https:\/\/richrocketgame.com\/wp-content\/uploads\/2025\/02\/wild-card-gang-slot.jpg 553w, https:\/\/richrocketgame.com\/wp-content\/uploads\/2025\/02\/wild-card-gang-slot-231x300.jpg 231w, https:\/\/richrocketgame.com\/wp-content\/uploads\/2025\/02\/wild-card-gang-slot-9x12.jpg 9w, https:\/\/richrocketgame.com\/wp-content\/uploads\/2025\/02\/wild-card-gang-slot-31x40.jpg 31w, https:\/\/richrocketgame.com\/wp-content\/uploads\/2025\/02\/wild-card-gang-slot-25x32.jpg 25w, https:\/\/richrocketgame.com\/wp-content\/uploads\/2025\/02\/wild-card-gang-slot-62x80.jpg 62w, https:\/\/richrocketgame.com\/wp-content\/uploads\/2025\/02\/wild-card-gang-slot-104x135.jpg 104w\" sizes=\"(max-width: 356px) 100vw, 356px\" \/><\/a><\/p>\n<h3><span class=\"ez-toc-section\" id=\"Bonus_Features_of_the_Game\"><\/span><strong>C\u00e1c t\u00ednh n\u0103ng th\u01b0\u1edfng c\u1ee7a tr\u00f2 ch\u01a1i<\/strong><span class=\"ez-toc-section-end\"><\/span><\/h3>\n<p>S\u1ef1 \u0111\u1ed5i m\u1edbi th\u00fa v\u1ecb nh\u1ea5t c\u1ee7a tr\u00f2 ch\u01a1i s\u00f2ng b\u1ea1c Wild Card Gang l\u00e0 c\u01a1 ch\u1ebf MergeUP\u2122. C\u00e1c bi\u1ec3u t\u01b0\u1ee3ng li\u00ean quan \u0111\u1ebfn c\u00e1c k\u1ebft h\u1ee3p chi\u1ebfn th\u1eafng \u0111\u01b0\u1ee3c k\u1ebft h\u1ee3p th\u00e0nh c\u00e1c bi\u1ec3u t\u01b0\u1ee3ng c\u00f3 c\u1ea5p \u0111\u1ed9 cao h\u01a1n, t\u0103ng ti\u1ec1n th\u01b0\u1edfng. \u0110\u1ed3ng th\u1eddi, kh\u00f4ng gian cho c\u00e1c bi\u1ec3u t\u01b0\u1ee3ng m\u1edbi \u0111\u01b0\u1ee3c gi\u1ea3i ph\u00f3ng, gi\u00fap t\u0103ng kh\u1ea3 n\u0103ng h\u00ecnh th\u00e0nh c\u00e1c k\u1ebft h\u1ee3p m\u1edbi. Tr\u00f2 ch\u01a1i c\u00f3 ch\u00edn c\u1ea5p \u0111\u1ed9 bi\u1ec3u t\u01b0\u1ee3ng, sau \u0111\u00f3 c\u1ee5m bi\u1ec3u t\u01b0\u1ee3ng tr\u1edf th\u00e0nh bi\u1ec3u t\u01b0\u1ee3ng ph\u00e2n t\u00e1n.<\/p>\n<p>S\u1ef1 xu\u1ea5t hi\u1ec7n c\u1ee7a 4 ho\u1eb7c nhi\u1ec1u bi\u1ec3u t\u01b0\u1ee3ng ph\u00e2n t\u00e1n tr\u00ean s\u00e2n ch\u01a1i s\u1ebd k\u00edch ho\u1ea1t v\u00f2ng quay mi\u1ec5n ph\u00ed Wild Card Gang. S\u1ed1 l\u01b0\u1ee3ng bi\u1ec3u t\u01b0\u1ee3ng nh\u01b0 v\u1eady quy\u1ebft \u0111\u1ecbnh s\u1ed1 l\u1ea7n b\u1ea1n c\u00f3 th\u1ec3 b\u1eaft \u0111\u1ea7u cu\u1ed9n:<\/p>\n<ul>\n<li>4 bi\u1ec3u t\u01b0\u1ee3ng ph\u00e2n t\u00e1n \u2013 15 l\u01b0\u1ee3t quay;<\/li>\n<li>5 bi\u1ec3u t\u01b0\u1ee3ng ph\u00e2n t\u00e1n \u2013 18 v\u00f2ng quay;<\/li>\n<li>6 bi\u1ec3u t\u01b0\u1ee3ng ph\u00e2n t\u00e1n \u2013 20 l\u01b0\u1ee3t quay.<\/li>\n<\/ul>\n<p>Trong v\u00f2ng th\u01b0\u1edfng, c\u00e1c \u00f4 m\u00e0 c\u1ee5m \u0111\u01b0\u1ee3c thu th\u1eadp s\u1ebd nh\u1eadn \u0111\u01b0\u1ee3c h\u1ec7 s\u1ed1 nh\u00e2n. H\u1ec7 s\u1ed1 b\u1eaft \u0111\u1ea7u t\u1eeb x2 v\u00e0 \u0111\u1ea1t x128. Ngo\u00e0i ra, b\u1eb1ng c\u00e1ch thu th\u1eadp m\u1ed9t t\u1ed5 h\u1ee3p ph\u00e2n t\u00e1n kh\u00e1c, b\u1ea1n c\u00f3 th\u1ec3 t\u0103ng s\u1ed1 v\u00f2ng quay mi\u1ec5n ph\u00ed l\u00ean 6, 8 ho\u1eb7c 10.<\/p>\n<div style=\"text-align: center;\"><a class=\"glow-button\" href=\"\/vi\/go\/registration\/\" rel=\"noreferrer noopener nofollow\">H\u00e3y th\u1eed Wild Card Gang<\/a><\/div>\n<h3><span class=\"ez-toc-section\" id=\"Paid_Bonuses\"><\/span><strong>Ti\u1ec1n th\u01b0\u1edfng \u0111\u01b0\u1ee3c tr\u1ea3<\/strong><span class=\"ez-toc-section-end\"><\/span><\/h3>\n<p>Ng\u01b0\u1eddi ch\u01a1i c\u00f3 th\u1ec3 k\u00edch ho\u1ea1t t\u00ednh n\u0103ng \u201cC\u01a1 h\u1ed9i x2\u201d, t\u00ednh n\u0103ng n\u00e0y l\u00e0m t\u0103ng kh\u1ea3 n\u0103ng xu\u1ea5t hi\u1ec7n c\u00e1c bi\u1ec3u t\u01b0\u1ee3ng \u0111\u1eb7c bi\u1ec7t l\u00ean g\u1ea5p 2 l\u1ea7n. Ti\u1ec1n c\u01b0\u1ee3c t\u0103ng l\u00ean 25%. V\u1edbi 100 l\u1ea7n ti\u1ec1n c\u01b0\u1ee3c, b\u1ea1n c\u00f3 th\u1ec3 mua v\u00e9 cho v\u00f2ng quay mi\u1ec5n ph\u00ed. S\u1ed1 v\u00f2ng quay c\u1ee7a gu\u1ed3ng \u0111\u01b0\u1ee3c x\u00e1c \u0111\u1ecbnh ng\u1eabu nhi\u00ean.<\/p><script data-noptimize=\"\" data-wpfc-render=\"false\">\n\/* <![CDATA[ *\/\nfpm_start( \"true\" );\n\/* ]]> *\/\n<\/script>\n\n<p><a href=\"https:\/\/richrocketgame.com\/vi\/go\/registration\/\" target=\"_blank\" rel=\"noreferrer noopener nofollow\"><img decoding=\"async\" class=\"aligncenter wp-image-1087 size-full\" src=\"https:\/\/richrocketgame.com\/wp-content\/uploads\/2025\/02\/wild-card-gang-casino-game.jpg\" alt=\"Tr\u00f2 ch\u01a1i s\u00f2ng b\u1ea1c Wild Card Gang.\" width=\"998\" height=\"624\" srcset=\"https:\/\/richrocketgame.com\/wp-content\/uploads\/2025\/02\/wild-card-gang-casino-game.jpg 998w, https:\/\/richrocketgame.com\/wp-content\/uploads\/2025\/02\/wild-card-gang-casino-game-300x188.jpg 300w, https:\/\/richrocketgame.com\/wp-content\/uploads\/2025\/02\/wild-card-gang-casino-game-768x480.jpg 768w, https:\/\/richrocketgame.com\/wp-content\/uploads\/2025\/02\/wild-card-gang-casino-game-18x12.jpg 18w, https:\/\/richrocketgame.com\/wp-content\/uploads\/2025\/02\/wild-card-gang-casino-game-64x40.jpg 64w, https:\/\/richrocketgame.com\/wp-content\/uploads\/2025\/02\/wild-card-gang-casino-game-51x32.jpg 51w, https:\/\/richrocketgame.com\/wp-content\/uploads\/2025\/02\/wild-card-gang-casino-game-128x80.jpg 128w, https:\/\/richrocketgame.com\/wp-content\/uploads\/2025\/02\/wild-card-gang-casino-game-216x135.jpg 216w\" sizes=\"(max-width: 998px) 100vw, 998px\" \/><\/a><\/p>\n<h2><span class=\"ez-toc-section\" id=\"Why_Play_Wild_Card_Gang\"><\/span>T\u1ea1i sao n\u00ean ch\u01a1i Wild Card Gang?<span class=\"ez-toc-section-end\"><\/span><\/h2>\n<p>Tr\u00f2 ch\u01a1i n\u00e0y x\u1ee9ng \u0111\u00e1ng nh\u1eadn \u0111\u01b0\u1ee3c s\u1ef1 ch\u00fa \u00fd c\u1ee7a c\u1ed9ng \u0111\u1ed3ng c\u1edd b\u1ea1c v\u00ec nhi\u1ec1u l\u00fd do:<\/p>\n<ul>\n<li>C\u01a1 ch\u1ebf m\u1edbi. MergeUP\u2122 mang \u0111\u1ebfn s\u1ef1 m\u1edbi m\u1ebb cho tr\u00f2 ch\u01a1i v\u00e0 t\u0103ng \u0111\u00e1ng k\u1ec3 s\u1ed1 ti\u1ec1n thanh to\u00e1n trung b\u00ecnh.<\/li>\n<li>RTP r\u1ea5t cao. \u00cdt c\u00f3 tr\u00f2 ch\u01a1i n\u00e0o tr\u1ea3 l\u1ea1i cho ng\u01b0\u1eddi ch\u01a1i h\u01a1n 97% ti\u1ec1n c\u01b0\u1ee3c c\u1ee7a h\u1ecd cho \u0111\u1ebfn nay.<\/li>\n<li>T\u00ednh n\u0103ng th\u01b0\u1edfng. Nhi\u1ec1u c\u01a1 h\u1ed9i chi\u1ebfn th\u1eafng b\u1ed5 sung s\u1ebd kh\u00f4ng khi\u1ebfn ng\u01b0\u1eddi ch\u01a1i c\u1ea3m th\u1ea5y nh\u00e0m ch\u00e1n.<\/li>\n<li>Ch\u1ee7 \u0111\u1ec1 v\u00e0 thi\u1ebft k\u1ebf th\u00fa v\u1ecb. \u0110\u01b0\u1ee3c c\u1ea3i thi\u1ec7n b\u1eb1ng tr\u00ed tu\u1ec7 nh\u00e2n t\u1ea1o, h\u00ecnh \u1ea3nh minh h\u1ecda v\u00e0 gi\u1ecdng l\u1ed3ng ti\u1ebfng c\u1ee7a nh\u00e2n v\u1eadt t\u1ea1o n\u00ean b\u1ea7u kh\u00f4ng kh\u00ed \u0111\u00e1ng nh\u1edb.<\/li>\n<\/ul>\n<p>C\u00e1c s\u00f2ng b\u1ea1c t\u1ed1t nh\u1ea5t n\u01a1i b\u1ea1n c\u00f3 th\u1ec3 ch\u01a1i Wild Card Gang \u0111\u1ec1u c\u00f3 tr\u00ean trang n\u00e0y. \u0110\u1eebng b\u1ecf l\u1ee1 tr\u00f2 ch\u01a1i \u0111\u00e1nh b\u1ea1c c\u00f3 th\u1ec3 tr\u1edf th\u00e0nh c\u1ea3m gi\u00e1c ch\u00ednh c\u1ee7a n\u0103m.<\/p>\n<h2><span class=\"ez-toc-section\" id=\"FAQ\"><\/span>C\u00e2u h\u1ecfi th\u01b0\u1eddng g\u1eb7p<span class=\"ez-toc-section-end\"><\/span><\/h2>\n        <section class=\"sc_fs_faq sc_card\">\n            <div>\n\t\t\t\t<h3><span class=\"ez-toc-section\" id=\"How_does_the_Cluster_Pays_mechanic_work\"><\/span>C\u01a1 ch\u1ebf Cluster Pays ho\u1ea1t \u0111\u1ed9ng nh\u01b0 th\u1ebf n\u00e0o?<span class=\"ez-toc-section-end\"><\/span><\/h3>                <div>\n\t\t\t\t\t                    <p>\n\t\t\t\t\t\tTrong c\u00e1c khe c\u1eafm h\u1ed7 tr\u1ee3 t\u00ednh n\u0103ng n\u00e0y, c\u00e1c bi\u1ec3u t\u01b0\u1ee3ng chi\u1ebfn th\u1eafng \u0111\u01b0\u1ee3c nh\u00f3m l\u1ea1i th\u00e0nh c\u00e1c bi\u1ec3u t\u01b0\u1ee3ng c\u1ea5p cao h\u01a1n. C\u00e1c bi\u1ec3u t\u01b0\u1ee3ng m\u1edbi xu\u1ea5t hi\u1ec7n tr\u00ean c\u00e1c v\u1ecb tr\u00ed tr\u1ed1ng, gi\u1ed1ng nh\u01b0 trong c\u00e1c tr\u00f2 ch\u01a1i c\u00f3 h\u1ec7 th\u1ed1ng th\u00e1c \u0111\u1ed5.                    <\/p>\n                <\/div>\n            <\/div>\n        <\/section>\n\t\t        <section class=\"sc_fs_faq sc_card\">\n            <div>\n\t\t\t\t<h3><span class=\"ez-toc-section\" id=\"Is_it_worth_playing_Wild_Card_Gang_for_real_money_right_away_or_is_it_better_to_try_the_demo_version\"><\/span>C\u00f3 \u0111\u00e1ng \u0111\u1ec3 ch\u01a1i Wild Card Gang b\u1eb1ng ti\u1ec1n th\u1eadt ngay kh\u00f4ng, hay n\u00ean th\u1eed phi\u00ean b\u1ea3n demo?<span class=\"ez-toc-section-end\"><\/span><\/h3>                <div>\n\t\t\t\t\t                    <p>\n\t\t\t\t\t\tSlot n\u00e0y cung c\u1ea5p nhi\u1ec1u c\u01a1 ch\u1ebf m\u1edbi m\u00e0 ngay c\u1ea3 nh\u1eefng ng\u01b0\u1eddi ch\u01a1i c\u00f3 kinh nghi\u1ec7m c\u0169ng kh\u00f4ng quen. Do \u0111\u00f3, t\u1ed1t h\u01a1n l\u00e0 b\u1ea1n n\u00ean th\u1eed Wild Card Gang mi\u1ec5n ph\u00ed \u0111\u1ec3 l\u00e0m quen v\u1edbi ch\u1ee9c n\u0103ng.                    <\/p>\n                <\/div>\n            <\/div>\n        <\/section>\n\t\t        <section class=\"sc_fs_faq sc_card\">\n            <div>\n\t\t\t\t<h3><span class=\"ez-toc-section\" id=\"How_often_do_the_free_spins_round_fall_out\"><\/span>V\u00f2ng quay mi\u1ec5n ph\u00ed di\u1ec5n ra th\u01b0\u1eddng xuy\u00ean nh\u01b0 th\u1ebf n\u00e0o?<span class=\"ez-toc-section-end\"><\/span><\/h3>                <div>\n\t\t\t\t\t                    <p>\n\t\t\t\t\t\tBGaming tuy\u00ean b\u1ed1 r\u1eb1ng v\u00f2ng th\u01b0\u1edfng s\u1ebd r\u01a1i ra sau m\u1ed7i 275 l\u1ea7n quay. Ch\u00fang ta c\u00f3 th\u1ec3 ki\u1ec3m tra s\u1ed1 li\u1ec7u th\u1ed1ng k\u00ea sau khi m\u00e1y \u0111\u00e1nh b\u1ea1c \u0111\u01b0\u1ee3c ph\u00e1t h\u00e0nh v\u00e0o cu\u1ed1i th\u00e1ng 2.                    <\/p>\n                <\/div>\n            <\/div>\n        <\/section>\n\t\t\n<script type=\"application\/ld+json\">{\n    \"@context\": \"https:\\\/\\\/schema.org\",\n    \"@type\": \"FAQPage\",\n    \"mainEntity\": [\n        {\n            \"@type\": \"Question\",\n            \"name\": \"How does the Cluster Pays mechanic work?\",\n            \"acceptedAnswer\": {\n                \"@type\": \"Answer\",\n                \"text\": \"In slots that support this feature, winning symbols are clustered into higher-level symbols. New symbols appear on the vacated places, as in games with a cascade system.\"\n            }\n        },\n        {\n            \"@type\": \"Question\",\n            \"name\": \"Is it worth playing Wild Card Gang for real money right away, or is it better to try the demo version?\",\n            \"acceptedAnswer\": {\n                \"@type\": \"Answer\",\n                \"text\": \"The slot offers a lot of new mechanics that may be unfamiliar even to experienced players. Therefore, trying the free Wild Card Gang to familiarize yourself with the functionality is better.\"\n            }\n        },\n        {\n            \"@type\": \"Question\",\n            \"name\": \"How often do the free spins round fall out?\",\n            \"acceptedAnswer\": {\n                \"@type\": \"Answer\",\n                \"text\": \"BGaming claims that the bonus round falls out once every 275 spins. We can check the statistics after the slot is released at the end of February.\"\n            }\n        }\n    ]\n}<\/script>\n\n<div class=\"fpm_end\"><\/div>\n<div class=\"author-card author-card--top\"><img alt='\u1ea3nh \u0111\u1ea1i di\u1ec7n' src='https:\/\/richrocketgame.com\/wp-content\/uploads\/2023\/03\/Paulo-Dornelas-130x130.jpg' srcset='https:\/\/richrocketgame.com\/wp-content\/uploads\/2023\/03\/Paulo-Dornelas-260x260.jpg 2x' class='avatar avatar-130 photo author-image' height='130' width='130' \/><div class=\"author-content text-md-center\"><span class=\"author-title\">T\u00e1c gi\u1ea3<\/span><a href=\"https:\/\/richrocketgame.com\/vi\/author\/paulo-dornelas\/\" class=\"author-name\">Paulo Dornelas<\/a><p class=\"author__details\">Paulo Dornelas l\u00e0 m\u1ed9t chuy\u00ean gia c\u1edd b\u1ea1c, ng\u01b0\u1eddi \u0111\u00e3 d\u00e0nh c\u1ea3 cu\u1ed9c \u0111\u1eddi m\u00ecnh \u0111\u1ec3 t\u00ecm hi\u1ec3u ng\u00e0nh n\u00e0y v\u00e0 gi\u00fap nh\u1eefng ng\u01b0\u1eddi kh\u00e1c ki\u1ebfm ti\u1ec1n t\u1eeb ng\u00e0nh n\u00e0y. Anh \u1ea5y c\u0169ng l\u00e0 m\u1ed9t ng\u01b0\u1eddi \u0111am m\u00ea du l\u1ecbch v\u00e0 th\u00edch kh\u00e1m ph\u00e1 nh\u1eefng \u0111\u1ecba \u0111i\u1ec3m m\u1edbi. Ki\u1ebfn th\u1ee9c v\u1ec1 c\u1edd b\u1ea1c v\u00e0 ni\u1ec1m \u0111am m\u00ea du l\u1ecbch c\u1ee7a Paulo khi\u1ebfn anh \u1ea5y tr\u1edf th\u00e0nh ng\u01b0\u1eddi h\u01b0\u1edbng d\u1eabn ho\u00e0n h\u1ea3o cho b\u1ea5t k\u1ef3 ai mu\u1ed1n ki\u1ebfm m\u1ed9t s\u1ed1 l\u1ee3i nhu\u1eadn th\u1ef1c s\u1ef1 t\u1eeb vi\u1ec7c c\u00e1 c\u01b0\u1ee3c th\u1ec3 thao ho\u1eb7c ch\u01a1i c\u00e1c tr\u00f2 ch\u01a1i s\u00f2ng b\u1ea1c.<\/p><\/div><!-- \/.author-content --><\/div>","protected":false},"excerpt":{"rendered":"<p>Wild Card Gang is BGaming&#8217;s flagship slot in 2026. The success of this slot will allow the company to establish itself as one of the best slot developers. And the game has every chance of becoming a hit. The mechanics of combining winning symbols and the non-standard system of launching free spins and winning x5,000 [&hellip;]<\/p>","protected":false},"author":2,"featured_media":0,"parent":0,"menu_order":0,"comment_status":"closed","ping_status":"closed","template":"page-no-sidebar.php","meta":{"footnotes":""},"class_list":["post-1080","page","type-page","status-publish","hentry"],"yoast_head":"<!-- This site is optimized with the Yoast SEO plugin v26.7 - https:\/\/yoast.com\/wordpress\/plugins\/seo\/ -->\n<title>Wild Card Gang by BGaming - Free Play<\/title>\n<meta name=\"description\" content=\"Meet Wild Card Gang casino game, a contender for top slot 2026. Get to know the new features. Get ready to play Wild Card Gang.\" \/>\n<meta name=\"robots\" content=\"index, follow, max-snippet:-1, max-image-preview:large, max-video-preview:-1\" \/>\n<link rel=\"canonical\" href=\"https:\/\/richrocketgame.com\/vi\/wild-card-gang\/\" \/>\n<meta property=\"og:locale\" content=\"vi_VN\" \/>\n<meta property=\"og:type\" content=\"article\" \/>\n<meta property=\"og:title\" content=\"Wild Card Gang by BGaming - Free Play\" \/>\n<meta property=\"og:description\" content=\"Meet Wild Card Gang casino game, a contender for top slot 2026. Get to know the new features. Get ready to play Wild Card Gang.\" \/>\n<meta property=\"og:url\" content=\"https:\/\/richrocketgame.com\/vi\/wild-card-gang\/\" \/>\n<meta property=\"og:site_name\" content=\"Rich Rocket Game\" \/>\n<meta property=\"article:modified_time\" content=\"2026-01-13T16:58:17+00:00\" \/>\n<meta property=\"og:image\" content=\"https:\/\/richrocketgame.com\/wp-content\/uploads\/2025\/02\/wild-card-gang-slot.jpg\" \/>\n\t<meta property=\"og:image:width\" content=\"553\" \/>\n\t<meta property=\"og:image:height\" content=\"718\" \/>\n\t<meta property=\"og:image:type\" content=\"image\/jpeg\" \/>\n<meta name=\"twitter:card\" content=\"summary_large_image\" \/>\n<meta name=\"twitter:label1\" content=\"\u01af\u1edbc t\u00ednh th\u1eddi gian \u0111\u1ecdc\" \/>\n\t<meta name=\"twitter:data1\" content=\"4 ph\u00fat\" \/>\n<!-- \/ Yoast SEO plugin. -->","yoast_head_json":{"title":"Wild Card Gang c\u1ee7a BGaming - Ch\u01a1i mi\u1ec5n ph\u00ed","description":"Meet Wild Card Gang casino game, a contender for top slot 2026. Get to know the new features. Get ready to play Wild Card Gang.","robots":{"index":"index","follow":"follow","max-snippet":"max-snippet:-1","max-image-preview":"max-image-preview:large","max-video-preview":"max-video-preview:-1"},"canonical":"https:\/\/richrocketgame.com\/vi\/wild-card-gang\/","og_locale":"vi_VN","og_type":"article","og_title":"Wild Card Gang by BGaming - Free Play","og_description":"Meet Wild Card Gang casino game, a contender for top slot 2026. Get to know the new features. Get ready to play Wild Card Gang.","og_url":"https:\/\/richrocketgame.com\/vi\/wild-card-gang\/","og_site_name":"Rich Rocket Game","article_modified_time":"2026-01-13T16:58:17+00:00","og_image":[{"width":553,"height":718,"url":"https:\/\/richrocketgame.com\/wp-content\/uploads\/2025\/02\/wild-card-gang-slot.jpg","type":"image\/jpeg"}],"twitter_card":"summary_large_image","twitter_misc":{"\u01af\u1edbc t\u00ednh th\u1eddi gian \u0111\u1ecdc":"4 ph\u00fat"},"schema":{"@context":"https:\/\/schema.org","@graph":[{"@type":"WebPage","@id":"https:\/\/richrocketgame.com\/wild-card-gang\/","url":"https:\/\/richrocketgame.com\/wild-card-gang\/","name":"Wild Card Gang c\u1ee7a BGaming - Ch\u01a1i mi\u1ec5n ph\u00ed","isPartOf":{"@id":"https:\/\/richrocketgame.com\/#website"},"primaryImageOfPage":{"@id":"https:\/\/richrocketgame.com\/wild-card-gang\/#primaryimage"},"image":{"@id":"https:\/\/richrocketgame.com\/wild-card-gang\/#primaryimage"},"thumbnailUrl":"https:\/\/richrocketgame.com\/wp-content\/uploads\/2025\/02\/wild-card-gang-slot.jpg","datePublished":"2025-02-12T08:57:14+00:00","dateModified":"2026-01-13T16:58:17+00:00","description":"Meet Wild Card Gang casino game, a contender for top slot 2026. Get to know the new features. Get ready to play Wild Card Gang.","breadcrumb":{"@id":"https:\/\/richrocketgame.com\/wild-card-gang\/#breadcrumb"},"inLanguage":"vi","potentialAction":[{"@type":"ReadAction","target":["https:\/\/richrocketgame.com\/wild-card-gang\/"]}]},{"@type":"ImageObject","inLanguage":"vi","@id":"https:\/\/richrocketgame.com\/wild-card-gang\/#primaryimage","url":"https:\/\/richrocketgame.com\/wp-content\/uploads\/2025\/02\/wild-card-gang-slot.jpg","contentUrl":"https:\/\/richrocketgame.com\/wp-content\/uploads\/2025\/02\/wild-card-gang-slot.jpg"},{"@type":"BreadcrumbList","@id":"https:\/\/richrocketgame.com\/wild-card-gang\/#breadcrumb","itemListElement":[{"@type":"ListItem","position":1,"name":"\u0413\u043b\u0430\u0432\u043d\u0430\u044f \u0441\u0442\u0440\u0430\u043d\u0438\u0446\u0430","item":"https:\/\/richrocketgame.com\/"},{"@type":"ListItem","position":2,"name":"Wild Card Gang Slot Demo"}]},{"@type":"WebSite","@id":"https:\/\/richrocketgame.com\/#website","url":"https:\/\/richrocketgame.com\/","name":"Tr\u00f2 ch\u01a1i Rich Rocket","description":"","publisher":{"@id":"https:\/\/richrocketgame.com\/#organization"},"potentialAction":[{"@type":"SearchAction","target":{"@type":"EntryPoint","urlTemplate":"https:\/\/richrocketgame.com\/?s={search_term_string}"},"query-input":{"@type":"PropertyValueSpecification","valueRequired":true,"valueName":"search_term_string"}}],"inLanguage":"vi"},{"@type":"Organization","@id":"https:\/\/richrocketgame.com\/#organization","name":"Tr\u00f2 ch\u01a1i Rich Rocket","url":"https:\/\/richrocketgame.com\/","logo":{"@type":"ImageObject","inLanguage":"vi","@id":"https:\/\/richrocketgame.com\/#\/schema\/logo\/image\/","url":"https:\/\/richrocketgame.com\/wp-content\/uploads\/2022\/09\/Rich-Rocket-earning-app.png","contentUrl":"https:\/\/richrocketgame.com\/wp-content\/uploads\/2022\/09\/Rich-Rocket-earning-app.png","width":512,"height":512,"caption":"Rich Rocket Game"},"image":{"@id":"https:\/\/richrocketgame.com\/#\/schema\/logo\/image\/"}}]}},"_links":{"self":[{"href":"https:\/\/richrocketgame.com\/vi\/wp-json\/wp\/v2\/pages\/1080","targetHints":{"allow":["GET"]}}],"collection":[{"href":"https:\/\/richrocketgame.com\/vi\/wp-json\/wp\/v2\/pages"}],"about":[{"href":"https:\/\/richrocketgame.com\/vi\/wp-json\/wp\/v2\/types\/page"}],"author":[{"embeddable":true,"href":"https:\/\/richrocketgame.com\/vi\/wp-json\/wp\/v2\/users\/2"}],"replies":[{"embeddable":true,"href":"https:\/\/richrocketgame.com\/vi\/wp-json\/wp\/v2\/comments?post=1080"}],"version-history":[{"count":0,"href":"https:\/\/richrocketgame.com\/vi\/wp-json\/wp\/v2\/pages\/1080\/revisions"}],"wp:attachment":[{"href":"https:\/\/richrocketgame.com\/vi\/wp-json\/wp\/v2\/media?parent=1080"}],"curies":[{"name":"wp","href":"https:\/\/api.w.org\/{rel}","templated":true}]}}