{"id":1039,"date":"2025-02-11T18:44:02","date_gmt":"2025-02-11T15:44:02","guid":{"rendered":"https:\/\/richrocketgame.com\/?page_id=1039"},"modified":"2025-08-01T11:18:06","modified_gmt":"2025-08-01T08:18:06","slug":"jungle-queen-slot","status":"publish","type":"page","link":"https:\/\/richrocketgame.com\/vi\/jungle-queen-slot\/","title":{"rendered":"B\u1ea3n demo khe c\u1eafm Jungle Queen"},"content":{"rendered":"<div class=\"fpm_start\"><\/div>\n<p>C\u1ed5ng game Jungle Queen, d\u1ef1 ki\u1ebfn ph\u00e1t h\u00e0nh v\u00e0o ng\u00e0y 20 th\u00e1ng 2 n\u0103m 2025, s\u1ebd \u0111\u01b0a ng\u01b0\u1eddi ch\u01a1i v\u00e0o l\u00e3nh \u0111\u1ecba c\u1ee7a n\u1eef ho\u00e0ng r\u1eebng nhi\u1ec7t \u0111\u1edbi. M\u1ed9t l\u1eddi ch\u00e0o \u0111\u00f3n n\u1ed3ng h\u1eadu \u0111ang ch\u1edd b\u1ea1n tr\u00ean s\u00e2n ch\u01a1i 5\u00d73 v\u1edbi 20 d\u00f2ng thanh to\u00e1n. Nh\u1eefng ng\u01b0\u1eddi ch\u01a1i may m\u1eafn l\u00e0m h\u00e0i l\u00f2ng n\u1eef ho\u00e0ng c\u00f3 th\u1ec3 th\u1eafng x10.000. Jungle Queen c\u1ee7a BGaming c\u00f3 b\u1ed1n t\u00ednh n\u0103ng th\u01b0\u1edfng khi\u1ebfn m\u1ecdi v\u00f2ng quay tr\u1edf n\u00ean kh\u00f4ng th\u1ec3 \u0111o\u00e1n tr\u01b0\u1edbc.<\/p>\n<div style=\"text-align: center;\"><a class=\"glow-button\" href=\"\/vi\/go\/registration\/\" rel=\"noreferrer noopener nofollow\">Ch\u01a1i Slot<\/a><\/div>\n<table>\n<tbody>\n<tr>\n<td>Ng\u00e0y ph\u00e1t h\u00e0nh<\/td>\n<td>Ng\u00e0y 20 th\u00e1ng 2 n\u0103m 2025<\/td>\n<\/tr>\n<tr>\n<td>Cu\u1ed9n phim<\/td>\n<td>5<\/td>\n<\/tr>\n<tr>\n<td>H\u00e0ng<\/td>\n<td>3<\/td>\n<\/tr>\n<tr>\n<td>RTP<\/td>\n<td>96,15%<\/td>\n<\/tr>\n<tr>\n<td>bi\u1ebfn \u0111\u1ed9ng<\/td>\n<td>Cao<\/td>\n<\/tr>\n<tr>\n<td>D\u00f2ng chi\u1ebfn th\u1eafng<\/td>\n<td>20<\/td>\n<\/tr>\n<tr>\n<td>Ti\u1ec1n th\u1eafng c\u01b0\u1ee3c t\u1ed1i \u0111a<\/td>\n<td>\u044510.000<\/td>\n<\/tr>\n<\/tbody>\n<\/table>\n<p>&nbsp;<\/p>\n<div id=\"ez-toc-container\" class=\"ez-toc-v2_0_62 counter-hierarchy ez-toc-counter ez-toc-grey ez-toc-container-direction\">\n<div class=\"ez-toc-title-container\">\n<p class=\"ez-toc-title\" >M\u1ee5c l\u1ee5c<\/p>\n<span class=\"ez-toc-title-toggle\"><a href=\"#\" class=\"ez-toc-pull-right ez-toc-btn ez-toc-btn-xs ez-toc-btn-default ez-toc-toggle\" aria-label=\"Chuy\u1ec3n \u0111\u1ed5i M\u1ee5c l\u1ee5c\"><span class=\"ez-toc-js-icon-con\"><span class=\"\"><span class=\"eztoc-hide\" style=\"display:none;\">Chuy\u1ec3n \u0111\u1ed5i<\/span><span class=\"ez-toc-icon-toggle-span\"><svg style=\"fill: #999;color:#999\" xmlns=\"http:\/\/www.w3.org\/2000\/svg\" class=\"list-377408\" width=\"20px\" height=\"20px\" viewbox=\"0 0 24 24\" fill=\"none\"><path d=\"M6 6H4v2h2V6zm14 0H8v2h12V6zM4 11h2v2H4v-2zm16 0H8v2h12v-2zM4 16h2v2H4v-2zm16 0H8v2h12v-2z\" fill=\"currentColor\"><\/path><\/svg><svg style=\"fill: #999;color:#999\" class=\"arrow-unsorted-368013\" xmlns=\"http:\/\/www.w3.org\/2000\/svg\" width=\"10px\" height=\"10px\" viewbox=\"0 0 24 24\" version=\"1.2\" baseprofile=\"tiny\"><path d=\"M18.2 9.3l-6.2-6.3-6.2 6.3c-.2.2-.3.4-.3.7s.1.5.3.7c.2.2.4.3.7.3h11c.3 0 .5-.1.7-.3.2-.2.3-.5.3-.7s-.1-.5-.3-.7zM5.8 14.7l6.2 6.3 6.2-6.3c.2-.2.3-.5.3-.7s-.1-.5-.3-.7c-.2-.2-.4-.3-.7-.3h-11c-.3 0-.5.1-.7.3-.2.2-.3.5-.3.7s.1.5.3.7z\"\/><\/svg><\/span><\/span><\/span><\/a><\/span><\/div>\n<nav><ul class='ez-toc-list ez-toc-list-level-1 eztoc-toggle-hide-by-default' ><li class='ez-toc-page-1 ez-toc-heading-level-2'><a class=\"ez-toc-link ez-toc-heading-1\" href=\"https:\/\/richrocketgame.com\/vi\/jungle-queen-slot\/#What_we_Know_About_the_Jungle_Queen_Game\" title=\"Nh\u1eefng \u0111i\u1ec1u ch\u00fang ta bi\u1ebft v\u1ec1 tr\u00f2 ch\u01a1i Jungle Queen\">Nh\u1eefng \u0111i\u1ec1u ch\u00fang ta bi\u1ebft v\u1ec1 tr\u00f2 ch\u01a1i Jungle Queen<\/a><ul class='ez-toc-list-level-3' ><li class='ez-toc-heading-level-3'><a class=\"ez-toc-link ez-toc-heading-2\" href=\"https:\/\/richrocketgame.com\/vi\/jungle-queen-slot\/#Bonus_Features_of_the_Slot\" title=\"C\u00e1c t\u00ednh n\u0103ng th\u01b0\u1edfng c\u1ee7a Slot\">C\u00e1c t\u00ednh n\u0103ng th\u01b0\u1edfng c\u1ee7a Slot<\/a><\/li><\/ul><\/li><li class='ez-toc-page-1 ez-toc-heading-level-2'><a class=\"ez-toc-link ez-toc-heading-3\" href=\"https:\/\/richrocketgame.com\/vi\/jungle-queen-slot\/#Why_play_the_Jungle_Queen_slot\" title=\"T\u1ea1i sao n\u00ean ch\u01a1i tr\u00f2 ch\u01a1i Jungle Queen?\">T\u1ea1i sao n\u00ean ch\u01a1i tr\u00f2 ch\u01a1i Jungle Queen?<\/a><\/li><li class='ez-toc-page-1 ez-toc-heading-level-2'><a class=\"ez-toc-link ez-toc-heading-4\" href=\"https:\/\/richrocketgame.com\/vi\/jungle-queen-slot\/#FAQ\" title=\"C\u00e2u h\u1ecfi th\u01b0\u1eddng g\u1eb7p\">C\u00e2u h\u1ecfi th\u01b0\u1eddng g\u1eb7p<\/a><ul class='ez-toc-list-level-3' ><li class='ez-toc-heading-level-3'><a class=\"ez-toc-link ez-toc-heading-5\" href=\"https:\/\/richrocketgame.com\/vi\/jungle-queen-slot\/#Is_there_a_jackpot_in_Jungle_Queen\" title=\"C\u00f3 gi\u1ea3i \u0111\u1ed9c \u0111\u1eafc trong Jungle Queen kh\u00f4ng?\">C\u00f3 gi\u1ea3i \u0111\u1ed9c \u0111\u1eafc trong Jungle Queen kh\u00f4ng?<\/a><\/li><li class='ez-toc-page-1 ez-toc-heading-level-3'><a class=\"ez-toc-link ez-toc-heading-6\" href=\"https:\/\/richrocketgame.com\/vi\/jungle-queen-slot\/#Does_BGaming_plan_to_release_Jungle_Queen_Demo\" title=\"BGaming c\u00f3 d\u1ef1 \u0111\u1ecbnh ph\u00e1t h\u00e0nh b\u1ea3n demo Jungle Queen kh\u00f4ng?\">BGaming c\u00f3 d\u1ef1 \u0111\u1ecbnh ph\u00e1t h\u00e0nh b\u1ea3n demo Jungle Queen kh\u00f4ng?<\/a><\/li><li class='ez-toc-page-1 ez-toc-heading-level-3'><a class=\"ez-toc-link ez-toc-heading-7\" href=\"https:\/\/richrocketgame.com\/vi\/jungle-queen-slot\/#What_are_the_main_features_of_the_slot\" title=\"C\u00e1c t\u00ednh n\u0103ng ch\u00ednh c\u1ee7a tr\u00f2 ch\u01a1i slot l\u00e0 g\u00ec?\">C\u00e1c t\u00ednh n\u0103ng ch\u00ednh c\u1ee7a tr\u00f2 ch\u01a1i slot l\u00e0 g\u00ec?<\/a><\/li><\/ul><\/li><\/ul><\/nav><\/div>\n<h2><span class=\"ez-toc-section\" id=\"What_we_Know_About_the_Jungle_Queen_Game\"><\/span>Nh\u1eefng \u0111i\u1ec1u ch\u00fang ta bi\u1ebft v\u1ec1 tr\u00f2 ch\u01a1i Jungle Queen<span class=\"ez-toc-section-end\"><\/span><\/h2>\n<p>Tr\u00f2 ch\u01a1i s\u00f2ng b\u1ea1c Jungle Queen m\u1eddi ng\u01b0\u1eddi ch\u01a1i t\u00ecm kho b\u00e1u trong m\u1ed9t khu r\u1eebng b\u00ed \u1ea9n. V\u1ec1 m\u1eb7t phong c\u00e1ch, tr\u00f2 ch\u01a1i c\u00e2n b\u1eb1ng gi\u1eefa ch\u1ee7 \u0111\u1ec1 \u0111\u1ed9ng v\u1eadt v\u00e0 ph\u00e9p thu\u1eadt. B\u1ea1n s\u1ebd th\u1ea5y c\u00e1c bi\u1ec3u t\u01b0\u1ee3ng th\u1ebb c\u1ea5p th\u1ea5p v\u00e0 \u0111\u1ed9ng v\u1eadt c\u1ea5p cao tr\u00ean c\u00e1c cu\u1ed9n phim.<\/p>\n<p>BGaming \u0111\u00e3 \u0111\u1eb7t m\u1ee9c th\u1eafng t\u1ed1i \u0111a cao l\u00e0 $250.000. Hi\u1ec7n t\u1ea1i v\u1eabn ch\u01b0a c\u00f3 th\u00f4ng tin c\u1ee5 th\u1ec3 v\u1ec1 quy m\u00f4 c\u01b0\u1ee3c, nh\u01b0ng nh\u00e0 cung c\u1ea5p h\u1ee9a r\u1eb1ng tr\u00f2 ch\u01a1i \u0111\u01b0\u1ee3c thi\u1ebft k\u1ebf cho nhi\u1ec1u ng\u00e2n s\u00e1ch kh\u00e1c nhau. N\u1ebfu b\u1ea1n quy\u1ebft \u0111\u1ecbnh ch\u01a1i Jungle Queen, b\u1ea1n c\u00f3 th\u1ec3 mong \u0111\u1ee3i \u0111\u1ea1t \u0111\u01b0\u1ee3c c\u00e1c k\u1ebft h\u1ee3p chi\u1ebfn th\u1eafng sau m\u1ed7i 4-5 l\u1ea7n quay.<\/p>\n<p><a href=\"https:\/\/richrocketgame.com\/vi\/go\/registration\/\" target=\"_blank\" rel=\"noreferrer noopener nofollow\"><img decoding=\"async\" class=\"aligncenter wp-image-1046\" src=\"https:\/\/richrocketgame.com\/wp-content\/uploads\/2025\/02\/jungle-queen-slot.jpg\" alt=\"Tr\u00f2 ch\u01a1i Jungle Queen c\u1ee7a BGaming.\" width=\"420\" height=\"512\" srcset=\"https:\/\/richrocketgame.com\/wp-content\/uploads\/2025\/02\/jungle-queen-slot.jpg 574w, https:\/\/richrocketgame.com\/wp-content\/uploads\/2025\/02\/jungle-queen-slot-246x300.jpg 246w, https:\/\/richrocketgame.com\/wp-content\/uploads\/2025\/02\/jungle-queen-slot-10x12.jpg 10w, https:\/\/richrocketgame.com\/wp-content\/uploads\/2025\/02\/jungle-queen-slot-33x40.jpg 33w, https:\/\/richrocketgame.com\/wp-content\/uploads\/2025\/02\/jungle-queen-slot-26x32.jpg 26w, https:\/\/richrocketgame.com\/wp-content\/uploads\/2025\/02\/jungle-queen-slot-66x80.jpg 66w, https:\/\/richrocketgame.com\/wp-content\/uploads\/2025\/02\/jungle-queen-slot-111x135.jpg 111w\" sizes=\"(max-width: 420px) 100vw, 420px\" \/><\/a><\/p>\n<h3><span class=\"ez-toc-section\" id=\"Bonus_Features_of_the_Slot\"><\/span>C\u00e1c t\u00ednh n\u0103ng th\u01b0\u1edfng c\u1ee7a Slot<span class=\"ez-toc-section-end\"><\/span><\/h3>\n<p>Tr\u00f2 ch\u01a1i cung c\u1ea5p hai lo\u1ea1i Bi\u1ec3u t\u01b0\u1ee3ng Wild. Ngo\u00e0i d\u00f2ng ch\u1eef \u201cWild\u201d truy\u1ec1n th\u1ed1ng, b\u01b0\u1edbm c\u00f3 th\u1ec3 xu\u1ea5t hi\u1ec7n tr\u00ean c\u00e1c cu\u1ed9n phim, thay th\u1ebf b\u1ea5t k\u1ef3 bi\u1ec3u t\u01b0\u1ee3ng n\u00e0o kh\u00e1c ngo\u1ea1i tr\u1eeb c\u00e1c bi\u1ec3u t\u01b0\u1ee3ng \u0111\u1eb7c bi\u1ec7t. Trong tr\u01b0\u1eddng h\u1ee3p n\u00e0y, h\u00e3y ch\u00fa \u00fd \u0111\u1ebfn b\u1ea3ng \u0111i\u1ec1u khi\u1ec3n ph\u00eda tr\u00ean c\u00e1c cu\u1ed9n phim \u2014 n\u00f3 hi\u1ec3n th\u1ecb c\u00e1c bi\u1ec3u t\u01b0\u1ee3ng m\u00e0 b\u01b0\u1edbm kh\u00f4ng bi\u1ebfn th\u00e0nh trong l\u1ea7n r\u00fat th\u0103m \u0111\u00f3.<\/p>\n<p>C\u00e1c t\u00ednh n\u0103ng th\u01b0\u1edfng kh\u00e1c trong Jungle Queen tr\u1ef1c tuy\u1ebfn h\u1ee9a h\u1eb9n l\u1ee3i nhu\u1eadn th\u1eadm ch\u00ed c\u00f2n l\u1edbn h\u01a1n:<\/p>\n<ul>\n<li>V\u00f2ng quay mi\u1ec5n ph\u00ed. Thu th\u1eadp t\u1ed5 h\u1ee3p 3 bi\u1ec3u t\u01b0\u1ee3ng ph\u00e2n t\u00e1n \u0111\u1ec3 c\u00f3 quy\u1ec1n ch\u01a1i 12 v\u00f2ng quay mi\u1ec5n ph\u00ed.<\/li>\n<li>B\u01b0\u1edbm huy\u1ec1n b\u00ed. Trong c\u00e1c v\u00f2ng quay mi\u1ec5n ph\u00ed, m\u1ed9t h\u1ec7 s\u1ed1 nh\u00e2n c\u00f3 hi\u1ec7u l\u1ef1c. Thu th\u1eadp m\u1ed9t s\u1ed1 l\u01b0\u1ee3ng b\u01b0\u1edbm nh\u1ea5t \u0111\u1ecbnh, b\u1ea1n t\u0103ng h\u1ec7 s\u1ed1 nh\u00e2n l\u00ean 1, x\u00f3a bi\u1ec3u t\u01b0\u1ee3ng tr\u1ea3 \u00edt nh\u1ea5t kh\u1ecfi c\u00e1c cu\u1ed9n v\u00e0 nh\u1eadn th\u00eam ba v\u00f2ng quay mi\u1ec5n ph\u00ed.<\/li>\n<li>\u0110\u1ed3ng ti\u1ec1n v\u00e0ng c\u1ee7a N\u1eef ho\u00e0ng. Nh\u1eefng bi\u1ec3u t\u01b0\u1ee3ng \u0111\u1eb7c bi\u1ec7t n\u00e0y c\u00f3 th\u1ec3 xu\u1ea5t hi\u1ec7n b\u1ea5t c\u1ee9 l\u00fac n\u00e0o, trao gi\u1ea3i th\u01b0\u1edfng ngay l\u1eadp t\u1ee9c l\u00ean \u0111\u1ebfn 2.500 l\u1ea7n ti\u1ec1n c\u01b0\u1ee3c c\u1ee7a b\u1ea1n.<\/li>\n<\/ul>\n<p>BGaming \u0111\u00e3 th\u00eam t\u00ednh n\u0103ng Mua ti\u1ec1n th\u01b0\u1edfng v\u00e0o Jungle Queen, cho ph\u00e9p ng\u01b0\u1eddi ch\u01a1i mua v\u00e9 v\u00e0o v\u00f2ng quay mi\u1ec5n ph\u00ed v\u1edbi gi\u00e1 x100 ti\u1ec1n c\u01b0\u1ee3c. \u0110i\u1ec1u n\u00e0y s\u1ebd cho ph\u00e9p b\u1ea1n nh\u1ea3y th\u1eb3ng v\u00e0o ph\u1ea7n th\u00fa v\u1ecb nh\u1ea5t c\u1ee7a tr\u00f2 ch\u01a1i.<\/p>\n<div style=\"text-align: center;\"><a class=\"glow-button\" href=\"\/vi\/go\/registration\/\">H\u00e3y th\u1eed Jungle Queen<\/a><\/div>\n<h2><span class=\"ez-toc-section\" id=\"Why_play_the_Jungle_Queen_slot\"><\/span>T\u1ea1i sao n\u00ean ch\u01a1i tr\u00f2 ch\u01a1i Jungle Queen?<span class=\"ez-toc-section-end\"><\/span><\/h2>\n<p>Tr\u00f2 ch\u01a1i n\u00e0y \u0111\u00e1ng \u0111\u01b0\u1ee3c ch\u00fa \u00fd v\u00ec m\u1ed9t s\u1ed1 l\u00fd do:<\/p><script data-noptimize=\"\" data-wpfc-render=\"false\">\n\/* <![CDATA[ *\/\nfpm_start( \"true\" );\n\/* ]]> *\/\n<\/script>\n\n<ul>\n<li>Ti\u1ec1n th\u1eafng c\u01b0\u1ee3c t\u1ed1i \u0111a tuy\u1ec7t v\u1eddi. Ti\u1ec1n c\u01b0\u1ee3c c\u00f3 th\u1ec3 t\u0103ng l\u00ean 10.000 l\u1ea7n trong m\u1ed9t l\u1ea7n r\u00fat.<\/li>\n<li>T\u00ednh n\u0103ng \u0110\u1ed3ng xu v\u00e0ng. M\u1ed9t \u0111\u1ed3ng xu c\u00f3 gi\u00e1 tr\u1ecb g\u1ea5p 2.500 l\u1ea7n ti\u1ec1n c\u01b0\u1ee3c c\u00f3 th\u1ec3 xu\u1ea5t hi\u1ec7n tr\u00ean s\u00e2n ch\u01a1i b\u1ea5t c\u1ee9 l\u00fac n\u00e0o.<\/li>\n<li>V\u00f2ng quay mi\u1ec5n ph\u00ed. V\u00f2ng th\u01b0\u1edfng c\u00f3 c\u00e1c t\u00ednh n\u0103ng b\u1ed5 sung gi\u00fap t\u0103ng c\u01a1 h\u1ed9i chi\u1ebfn th\u1eafng.<\/li>\n<li>Thi\u1ebft k\u1ebf v\u00e0 phong c\u00e1ch. M\u1eb7c d\u00f9 ch\u1ee7 \u0111\u1ec1 kh\u00f4ng m\u1edbi, BGaming \u0111\u00e3 t\u1ea1o ra m\u1ed9t b\u1ea7u kh\u00f4ng kh\u00ed h\u1ea5p d\u1eabn khi\u1ebfn b\u1ea1n mu\u1ed1n \u0111\u1eafm ch\u00ecm v\u00e0o \u0111\u00f3.<\/li>\n<\/ul>\n<p>\u0110\u00e1nh d\u1ea5u ng\u00e0y ph\u00e1t h\u00e0nh Jungle Queen tr\u00ean l\u1ecbch c\u1ee7a b\u1ea1n v\u00e0 l\u00e0 m\u1ed9t trong nh\u1eefng ng\u01b0\u1eddi \u0111\u1ea7u ti\u00ean th\u1eed nghi\u1ec7m tr\u00f2 ch\u01a1i n\u00e0y t\u1ea1i s\u00f2ng b\u1ea1c.<\/p>\n<p><a href=\"https:\/\/richrocketgame.com\/vi\/go\/registration\/\" target=\"_blank\" rel=\"noreferrer noopener nofollow\"><img decoding=\"async\" class=\"aligncenter wp-image-1053 size-full\" src=\"https:\/\/richrocketgame.com\/wp-content\/uploads\/2025\/02\/jungle-queen-casino-game.jpg\" alt=\"Tr\u00f2 ch\u01a1i casino Jungle Queen.\" width=\"992\" height=\"629\" srcset=\"https:\/\/richrocketgame.com\/wp-content\/uploads\/2025\/02\/jungle-queen-casino-game.jpg 992w, https:\/\/richrocketgame.com\/wp-content\/uploads\/2025\/02\/jungle-queen-casino-game-300x190.jpg 300w, https:\/\/richrocketgame.com\/wp-content\/uploads\/2025\/02\/jungle-queen-casino-game-768x487.jpg 768w, https:\/\/richrocketgame.com\/wp-content\/uploads\/2025\/02\/jungle-queen-casino-game-18x12.jpg 18w, https:\/\/richrocketgame.com\/wp-content\/uploads\/2025\/02\/jungle-queen-casino-game-63x40.jpg 63w, https:\/\/richrocketgame.com\/wp-content\/uploads\/2025\/02\/jungle-queen-casino-game-50x32.jpg 50w, https:\/\/richrocketgame.com\/wp-content\/uploads\/2025\/02\/jungle-queen-casino-game-126x80.jpg 126w, https:\/\/richrocketgame.com\/wp-content\/uploads\/2025\/02\/jungle-queen-casino-game-213x135.jpg 213w\" sizes=\"(max-width: 992px) 100vw, 992px\" \/><\/a><\/p>\n<h2><span class=\"ez-toc-section\" id=\"FAQ\"><\/span>C\u00e2u h\u1ecfi th\u01b0\u1eddng g\u1eb7p<span class=\"ez-toc-section-end\"><\/span><\/h2>\n        <section class=\"sc_fs_faq sc_card\">\n            <div>\n\t\t\t\t<h3><span class=\"ez-toc-section\" id=\"Is_there_a_jackpot_in_Jungle_Queen\"><\/span>C\u00f3 gi\u1ea3i \u0111\u1ed9c \u0111\u1eafc trong Jungle Queen kh\u00f4ng?<span class=\"ez-toc-section-end\"><\/span><\/h3>                <div>\n\t\t\t\t\t                    <p>\n\t\t\t\t\t\tKh\u00f4ng, nh\u00e0 cung c\u1ea5p kh\u00f4ng cung c\u1ea5p gi\u1ea3i \u0111\u1ed9c \u0111\u1eafc trong Jungle Queen. Tuy nhi\u00ean, s\u1ed1 ti\u1ec1n th\u1eafng t\u1ed1i \u0111a trong tr\u00f2 ch\u01a1i slot n\u00e0y \u0111\u1ee7 l\u1edbn \u0111\u1ec3 th\u1ecfa m\u00e3n c\u01a1n kh\u00e1t ph\u1ea5n kh\u00edch c\u1ee7a h\u1ea7u h\u1ebft ng\u01b0\u1eddi ch\u01a1i.                    <\/p>\n                <\/div>\n            <\/div>\n        <\/section>\n\t\t        <section class=\"sc_fs_faq sc_card\">\n            <div>\n\t\t\t\t<h3><span class=\"ez-toc-section\" id=\"Does_BGaming_plan_to_release_Jungle_Queen_Demo\"><\/span>BGaming c\u00f3 d\u1ef1 \u0111\u1ecbnh ph\u00e1t h\u00e0nh b\u1ea3n demo Jungle Queen kh\u00f4ng?<span class=\"ez-toc-section-end\"><\/span><\/h3>                <div>\n\t\t\t\t\t                    <p>\n\t\t\t\t\t\tC\u00f3, phi\u00ean b\u1ea3n mi\u1ec5n ph\u00ed c\u1ee7a Jungle Queen s\u1ebd xu\u1ea5t hi\u1ec7n \u0111\u1ed3ng th\u1eddi nh\u01b0 tr\u00f2 ch\u01a1i ti\u1ec1n th\u1eadt. B\u1ea1n c\u00f3 th\u1ec3 th\u1eed tr\u00f2 ch\u01a1i m\u1edbi l\u1ea1 n\u00e0y t\u1ea1i s\u00f2ng b\u1ea1c v\u00e0 tr\u00ean trang web c\u1ee7a nh\u00e0 cung c\u1ea5p.                    <\/p>\n                <\/div>\n            <\/div>\n        <\/section>\n\t\t        <section class=\"sc_fs_faq sc_card\">\n            <div>\n\t\t\t\t<h3><span class=\"ez-toc-section\" id=\"What_are_the_main_features_of_the_slot\"><\/span>C\u00e1c t\u00ednh n\u0103ng ch\u00ednh c\u1ee7a tr\u00f2 ch\u01a1i slot l\u00e0 g\u00ec?<span class=\"ez-toc-section-end\"><\/span><\/h3>                <div>\n\t\t\t\t\t                    <p>\n\t\t\t\t\t\tBi\u1ec3u t\u01b0\u1ee3ng con b\u01b0\u1edbm c\u00f3 th\u1ec3 thay th\u1ebf cho b\u1ea5t k\u1ef3 bi\u1ec3u t\u01b0\u1ee3ng n\u00e0o kh\u00e1c tr\u00ean s\u00e2n ch\u01a1i. Ngo\u00e0i ra, tr\u00f2 ch\u01a1i c\u00f2n cung c\u1ea5p m\u1ed9t v\u00f2ng quay mi\u1ec5n ph\u00ed v\u00e0 ti\u1ec1n xu ho\u00e0ng gia c\u00f3 th\u1ec3 mang l\u1ea1i ngay l\u1eadp t\u1ee9c x2.500 ti\u1ec1n c\u01b0\u1ee3c.                    <\/p>\n                <\/div>\n            <\/div>\n        <\/section>\n\t\t\n<script type=\"application\/ld+json\">{\n    \"@context\": \"https:\\\/\\\/schema.org\",\n    \"@type\": \"FAQPage\",\n    \"mainEntity\": [\n        {\n            \"@type\": \"Question\",\n            \"name\": \"Is there a jackpot in Jungle Queen?\",\n            \"acceptedAnswer\": {\n                \"@type\": \"Answer\",\n                \"text\": \"No, the provider has not provided a jackpot in Jungle Queen. However, the maximum winnings in the slot are big enough to satisfy most players' thirst for excitement.\"\n            }\n        },\n        {\n            \"@type\": \"Question\",\n            \"name\": \"Does BGaming plan to release Jungle Queen Demo?\",\n            \"acceptedAnswer\": {\n                \"@type\": \"Answer\",\n                \"text\": \"Yes, the free version of Jungle Queen will appear simultaneously as the real money game. You can try out the novelty in the casino and on the provider's website.\"\n            }\n        },\n        {\n            \"@type\": \"Question\",\n            \"name\": \"What are the main features of the slot?\",\n            \"acceptedAnswer\": {\n                \"@type\": \"Answer\",\n                \"text\": \"The butterfly symbol can substitute for any other symbol on the playing field. In addition, the game offers a round of free spins and royal coins that can instantly bring x2,500 of the bet.\"\n            }\n        }\n    ]\n}<\/script>\n\n<div class=\"fpm_end\"><\/div>\n<div class=\"author-card author-card--top\"><img alt='\u1ea3nh \u0111\u1ea1i di\u1ec7n' src='https:\/\/richrocketgame.com\/wp-content\/uploads\/2023\/03\/Paulo-Dornelas-130x130.jpg' srcset='https:\/\/richrocketgame.com\/wp-content\/uploads\/2023\/03\/Paulo-Dornelas-260x260.jpg 2x' class='avatar avatar-130 photo author-image' height='130' width='130' \/><div class=\"author-content text-md-center\"><span class=\"author-title\">T\u00e1c gi\u1ea3<\/span><a href=\"https:\/\/richrocketgame.com\/vi\/author\/paulo-dornelas\/\" class=\"author-name\">Paulo Dornelas<\/a><p class=\"author__details\">Paulo Dornelas l\u00e0 m\u1ed9t chuy\u00ean gia c\u1edd b\u1ea1c, ng\u01b0\u1eddi \u0111\u00e3 d\u00e0nh c\u1ea3 cu\u1ed9c \u0111\u1eddi m\u00ecnh \u0111\u1ec3 t\u00ecm hi\u1ec3u ng\u00e0nh n\u00e0y v\u00e0 gi\u00fap nh\u1eefng ng\u01b0\u1eddi kh\u00e1c ki\u1ebfm ti\u1ec1n t\u1eeb ng\u00e0nh n\u00e0y. Anh \u1ea5y c\u0169ng l\u00e0 m\u1ed9t ng\u01b0\u1eddi \u0111am m\u00ea du l\u1ecbch v\u00e0 th\u00edch kh\u00e1m ph\u00e1 nh\u1eefng \u0111\u1ecba \u0111i\u1ec3m m\u1edbi. Ki\u1ebfn th\u1ee9c v\u1ec1 c\u1edd b\u1ea1c v\u00e0 ni\u1ec1m \u0111am m\u00ea du l\u1ecbch c\u1ee7a Paulo khi\u1ebfn anh \u1ea5y tr\u1edf th\u00e0nh ng\u01b0\u1eddi h\u01b0\u1edbng d\u1eabn ho\u00e0n h\u1ea3o cho b\u1ea5t k\u1ef3 ai mu\u1ed1n ki\u1ebfm m\u1ed9t s\u1ed1 l\u1ee3i nhu\u1eadn th\u1ef1c s\u1ef1 t\u1eeb vi\u1ec7c c\u00e1 c\u01b0\u1ee3c th\u1ec3 thao ho\u1eb7c ch\u01a1i c\u00e1c tr\u00f2 ch\u01a1i s\u00f2ng b\u1ea1c.<\/p><\/div><!-- \/.author-content --><\/div>","protected":false},"excerpt":{"rendered":"<p>C\u1ed5ng game Jungle Queen, d\u1ef1 ki\u1ebfn ph\u00e1t h\u00e0nh v\u00e0o ng\u00e0y 20 th\u00e1ng 2 n\u0103m 2025, s\u1ebd \u0111\u01b0a ng\u01b0\u1eddi ch\u01a1i v\u00e0o l\u00e3nh \u0111\u1ecba c\u1ee7a n\u1eef ho\u00e0ng r\u1eebng nhi\u1ec7t \u0111\u1edbi. M\u1ed9t l\u1eddi ch\u00e0o \u0111\u00f3n n\u1ed3ng h\u1eadu \u0111ang ch\u1edd b\u1ea1n tr\u00ean s\u00e2n ch\u01a1i 5\u00d73 v\u1edbi 20 d\u00f2ng thanh to\u00e1n. Nh\u1eefng ng\u01b0\u1eddi ch\u01a1i may m\u1eafn l\u00e0m h\u00e0i l\u00f2ng n\u1eef ho\u00e0ng c\u00f3 th\u1ec3 th\u1eafng x10.000. Jungle Queen c\u1ee7a BGaming c\u00f3 b\u1ed1n t\u00ednh n\u0103ng th\u01b0\u1edfng gi\u00fap [\u2026]<\/p>","protected":false},"author":2,"featured_media":0,"parent":0,"menu_order":0,"comment_status":"closed","ping_status":"closed","template":"page-no-sidebar.php","meta":{"footnotes":""},"class_list":["post-1039","page","type-page","status-publish","hentry"],"yoast_head":"<!-- This site is optimized with the Yoast SEO plugin v26.7 - https:\/\/yoast.com\/wordpress\/plugins\/seo\/ -->\n<title>Jungle Queen Slot (BGaming) Demo - RTP, Paytable and Volatility<\/title>\n<meta name=\"description\" content=\"Get ready for the release of Jungle Queen from BGaming. Learn more about the slot in our review. Key parameters of the Jungle Queen game.\" \/>\n<meta name=\"robots\" content=\"index, follow, max-snippet:-1, max-image-preview:large, max-video-preview:-1\" \/>\n<link rel=\"canonical\" href=\"https:\/\/richrocketgame.com\/vi\/jungle-queen-slot\/\" \/>\n<meta property=\"og:locale\" content=\"vi_VN\" \/>\n<meta property=\"og:type\" content=\"article\" \/>\n<meta property=\"og:title\" content=\"Jungle Queen Slot (BGaming) Demo - RTP, Paytable and Volatility\" \/>\n<meta property=\"og:description\" content=\"Get ready for the release of Jungle Queen from BGaming. Learn more about the slot in our review. Key parameters of the Jungle Queen game.\" \/>\n<meta property=\"og:url\" content=\"https:\/\/richrocketgame.com\/vi\/jungle-queen-slot\/\" \/>\n<meta property=\"og:site_name\" content=\"Rich Rocket Game\" \/>\n<meta property=\"article:modified_time\" content=\"2025-08-01T08:18:06+00:00\" \/>\n<meta property=\"og:image\" content=\"https:\/\/richrocketgame.com\/wp-content\/uploads\/2025\/02\/jungle-queen-slot.jpg\" \/>\n<meta name=\"twitter:card\" content=\"summary_large_image\" \/>\n<meta name=\"twitter:label1\" content=\"\u01af\u1edbc t\u00ednh th\u1eddi gian \u0111\u1ecdc\" \/>\n\t<meta name=\"twitter:data1\" content=\"4 ph\u00fat\" \/>\n<!-- \/ Yoast SEO plugin. -->","yoast_head_json":{"title":"B\u1ea3n demo Jungle Queen Slot (BGaming) - RTP, B\u1ea3ng thanh to\u00e1n v\u00e0 \u0110\u1ed9 bi\u1ebfn \u0111\u1ed9ng","description":"H\u00e3y chu\u1ea9n b\u1ecb cho s\u1ef1 ra m\u1eaft c\u1ee7a Jungle Queen t\u1eeb BGaming. T\u00ecm hi\u1ec3u th\u00eam v\u1ec1 tr\u00f2 ch\u01a1i slot trong b\u00e0i \u0111\u00e1nh gi\u00e1 c\u1ee7a ch\u00fang t\u00f4i. C\u00e1c th\u00f4ng s\u1ed1 ch\u00ednh c\u1ee7a tr\u00f2 ch\u01a1i Jungle Queen.","robots":{"index":"index","follow":"follow","max-snippet":"max-snippet:-1","max-image-preview":"max-image-preview:large","max-video-preview":"max-video-preview:-1"},"canonical":"https:\/\/richrocketgame.com\/vi\/jungle-queen-slot\/","og_locale":"vi_VN","og_type":"article","og_title":"Jungle Queen Slot (BGaming) Demo - RTP, Paytable and Volatility","og_description":"Get ready for the release of Jungle Queen from BGaming. Learn more about the slot in our review. Key parameters of the Jungle Queen game.","og_url":"https:\/\/richrocketgame.com\/vi\/jungle-queen-slot\/","og_site_name":"Rich Rocket Game","article_modified_time":"2025-08-01T08:18:06+00:00","og_image":[{"url":"https:\/\/richrocketgame.com\/wp-content\/uploads\/2025\/02\/jungle-queen-slot.jpg","type":"","width":"","height":""}],"twitter_card":"summary_large_image","twitter_misc":{"\u01af\u1edbc t\u00ednh th\u1eddi gian \u0111\u1ecdc":"4 ph\u00fat"},"schema":{"@context":"https:\/\/schema.org","@graph":[{"@type":"WebPage","@id":"https:\/\/richrocketgame.com\/jungle-queen-slot\/","url":"https:\/\/richrocketgame.com\/jungle-queen-slot\/","name":"B\u1ea3n demo Jungle Queen Slot (BGaming) - RTP, B\u1ea3ng thanh to\u00e1n v\u00e0 \u0110\u1ed9 bi\u1ebfn \u0111\u1ed9ng","isPartOf":{"@id":"https:\/\/richrocketgame.com\/#website"},"primaryImageOfPage":{"@id":"https:\/\/richrocketgame.com\/jungle-queen-slot\/#primaryimage"},"image":{"@id":"https:\/\/richrocketgame.com\/jungle-queen-slot\/#primaryimage"},"thumbnailUrl":"https:\/\/richrocketgame.com\/wp-content\/uploads\/2025\/02\/jungle-queen-slot.jpg","datePublished":"2025-02-11T15:44:02+00:00","dateModified":"2025-08-01T08:18:06+00:00","description":"H\u00e3y chu\u1ea9n b\u1ecb cho s\u1ef1 ra m\u1eaft c\u1ee7a Jungle Queen t\u1eeb BGaming. T\u00ecm hi\u1ec3u th\u00eam v\u1ec1 tr\u00f2 ch\u01a1i slot trong b\u00e0i \u0111\u00e1nh gi\u00e1 c\u1ee7a ch\u00fang t\u00f4i. C\u00e1c th\u00f4ng s\u1ed1 ch\u00ednh c\u1ee7a tr\u00f2 ch\u01a1i Jungle Queen.","breadcrumb":{"@id":"https:\/\/richrocketgame.com\/jungle-queen-slot\/#breadcrumb"},"inLanguage":"vi","potentialAction":[{"@type":"ReadAction","target":["https:\/\/richrocketgame.com\/jungle-queen-slot\/"]}]},{"@type":"ImageObject","inLanguage":"vi","@id":"https:\/\/richrocketgame.com\/jungle-queen-slot\/#primaryimage","url":"https:\/\/richrocketgame.com\/wp-content\/uploads\/2025\/02\/jungle-queen-slot.jpg","contentUrl":"https:\/\/richrocketgame.com\/wp-content\/uploads\/2025\/02\/jungle-queen-slot.jpg"},{"@type":"BreadcrumbList","@id":"https:\/\/richrocketgame.com\/jungle-queen-slot\/#breadcrumb","itemListElement":[{"@type":"ListItem","position":1,"name":"\u0413\u043b\u0430\u0432\u043d\u0430\u044f \u0441\u0442\u0440\u0430\u043d\u0438\u0446\u0430","item":"https:\/\/richrocketgame.com\/"},{"@type":"ListItem","position":2,"name":"Jungle Queen Slot Demo"}]},{"@type":"WebSite","@id":"https:\/\/richrocketgame.com\/#website","url":"https:\/\/richrocketgame.com\/","name":"Tr\u00f2 ch\u01a1i Rich Rocket","description":"","publisher":{"@id":"https:\/\/richrocketgame.com\/#organization"},"potentialAction":[{"@type":"SearchAction","target":{"@type":"EntryPoint","urlTemplate":"https:\/\/richrocketgame.com\/?s={search_term_string}"},"query-input":{"@type":"PropertyValueSpecification","valueRequired":true,"valueName":"search_term_string"}}],"inLanguage":"vi"},{"@type":"Organization","@id":"https:\/\/richrocketgame.com\/#organization","name":"Tr\u00f2 ch\u01a1i Rich Rocket","url":"https:\/\/richrocketgame.com\/","logo":{"@type":"ImageObject","inLanguage":"vi","@id":"https:\/\/richrocketgame.com\/#\/schema\/logo\/image\/","url":"https:\/\/richrocketgame.com\/wp-content\/uploads\/2022\/09\/Rich-Rocket-earning-app.png","contentUrl":"https:\/\/richrocketgame.com\/wp-content\/uploads\/2022\/09\/Rich-Rocket-earning-app.png","width":512,"height":512,"caption":"Rich Rocket Game"},"image":{"@id":"https:\/\/richrocketgame.com\/#\/schema\/logo\/image\/"}}]}},"_links":{"self":[{"href":"https:\/\/richrocketgame.com\/vi\/wp-json\/wp\/v2\/pages\/1039","targetHints":{"allow":["GET"]}}],"collection":[{"href":"https:\/\/richrocketgame.com\/vi\/wp-json\/wp\/v2\/pages"}],"about":[{"href":"https:\/\/richrocketgame.com\/vi\/wp-json\/wp\/v2\/types\/page"}],"author":[{"embeddable":true,"href":"https:\/\/richrocketgame.com\/vi\/wp-json\/wp\/v2\/users\/2"}],"replies":[{"embeddable":true,"href":"https:\/\/richrocketgame.com\/vi\/wp-json\/wp\/v2\/comments?post=1039"}],"version-history":[{"count":0,"href":"https:\/\/richrocketgame.com\/vi\/wp-json\/wp\/v2\/pages\/1039\/revisions"}],"wp:attachment":[{"href":"https:\/\/richrocketgame.com\/vi\/wp-json\/wp\/v2\/media?parent=1039"}],"curies":[{"name":"wp","href":"https:\/\/api.w.org\/{rel}","templated":true}]}}