{"id":1135,"date":"2025-02-12T14:08:53","date_gmt":"2025-02-12T11:08:53","guid":{"rendered":"https:\/\/richrocketgame.com\/?page_id=1135"},"modified":"2025-08-01T11:22:18","modified_gmt":"2025-08-01T08:22:18","slug":"all-star-fruits","status":"publish","type":"page","link":"https:\/\/richrocketgame.com\/tr\/all-star-fruits\/","title":{"rendered":"All-Star Fruits Demo Slot"},"content":{"rendered":"<div class=\"fpm_start\"><\/div>\n<p>BGaming, All-Star Fruits adl\u0131 yeni bir meyve temal\u0131 slot duyurdu. Oyun g\u00f6rsel olarak parlak ve \u00f6\u011frenmesi kolay olmay\u0131 vaat ediyor. \u0130ki bonus \u00f6zelli\u011fi RTP&#039;yi \u00f6nemli \u00f6l\u00e7\u00fcde art\u0131rmal\u0131 ve ortalama kazan\u00e7lar\u0131 art\u0131rmal\u0131d\u0131r.<\/p>\n<div style=\"text-align: center;\"><a class=\"glow-button\" href=\"\/tr\/go\/registration\/\" rel=\"noreferrer noopener nofollow\">Casino Oyna<\/a><\/div>\n<table>\n<tbody>\n<tr>\n<td>\u00c7\u0131k\u0131\u015f tarihi<\/td>\n<td>18.02.2025<\/td>\n<\/tr>\n<tr>\n<td>Makaralar<\/td>\n<td>5<\/td>\n<\/tr>\n<tr>\n<td>S\u0131ralar<\/td>\n<td>3<\/td>\n<\/tr>\n<tr>\n<td>RTP<\/td>\n<td>97,04%<\/td>\n<\/tr>\n<tr>\n<td>Volatilite<\/td>\n<td>Ortalama (5 \u00fczerinden 3)<\/td>\n<\/tr>\n<tr>\n<td>Kazand\u0131ran \u00c7izgiler<\/td>\n<td>243<\/td>\n<\/tr>\n<tr>\n<td>Maksimum kazan\u00e7lar<\/td>\n<td>x1500<\/td>\n<\/tr>\n<\/tbody>\n<\/table>\n<div id=\"ez-toc-container\" class=\"ez-toc-v2_0_62 counter-hierarchy ez-toc-counter ez-toc-grey ez-toc-container-direction\">\n<div class=\"ez-toc-title-container\">\n<p class=\"ez-toc-title\" >\u0130\u00e7indekiler<\/p>\n<span class=\"ez-toc-title-toggle\"><a href=\"#\" class=\"ez-toc-pull-right ez-toc-btn ez-toc-btn-xs ez-toc-btn-default ez-toc-toggle\" aria-label=\"\u0130\u00e7indekiler Tablosunu De\u011fi\u015ftir\"><span class=\"ez-toc-js-icon-con\"><span class=\"\"><span class=\"eztoc-hide\" style=\"display:none;\">De\u011fi\u015ftir<\/span><span class=\"ez-toc-icon-toggle-span\"><svg style=\"fill: #999;color:#999\" xmlns=\"http:\/\/www.w3.org\/2000\/svg\" class=\"list-377408\" width=\"20px\" height=\"20px\" viewbox=\"0 0 24 24\" fill=\"none\"><path d=\"M6 6H4v2h2V6zm14 0H8v2h12V6zM4 11h2v2H4v-2zm16 0H8v2h12v-2zM4 16h2v2H4v-2zm16 0H8v2h12v-2z\" fill=\"currentColor\"><\/path><\/svg><svg style=\"fill: #999;color:#999\" class=\"arrow-unsorted-368013\" xmlns=\"http:\/\/www.w3.org\/2000\/svg\" width=\"10px\" height=\"10px\" viewbox=\"0 0 24 24\" version=\"1.2\" baseprofile=\"tiny\"><path d=\"M18.2 9.3l-6.2-6.3-6.2 6.3c-.2.2-.3.4-.3.7s.1.5.3.7c.2.2.4.3.7.3h11c.3 0 .5-.1.7-.3.2-.2.3-.5.3-.7s-.1-.5-.3-.7zM5.8 14.7l6.2 6.3 6.2-6.3c.2-.2.3-.5.3-.7s-.1-.5-.3-.7c-.2-.2-.4-.3-.7-.3h-11c-.3 0-.5.1-.7.3-.2.2-.3.5-.3.7s.1.5.3.7z\"\/><\/svg><\/span><\/span><\/span><\/a><\/span><\/div>\n<nav><ul class='ez-toc-list ez-toc-list-level-1 eztoc-toggle-hide-by-default' ><li class='ez-toc-page-1 ez-toc-heading-level-2'><a class=\"ez-toc-link ez-toc-heading-1\" href=\"https:\/\/richrocketgame.com\/tr\/all-star-fruits\/#What_We_Know_About_All-Star_Fruits_Slot\" title=\"All-Star Fruits Slotu Hakk\u0131nda Bildiklerimiz\">All-Star Fruits Slotu Hakk\u0131nda Bildiklerimiz<\/a><ul class='ez-toc-list-level-3' ><li class='ez-toc-heading-level-3'><a class=\"ez-toc-link ez-toc-heading-2\" href=\"https:\/\/richrocketgame.com\/tr\/all-star-fruits\/#Bonus_Features_of_the_Game\" title=\"Oyunun Bonus \u00d6zellikleri\">Oyunun Bonus \u00d6zellikleri<\/a><\/li><\/ul><\/li><li class='ez-toc-page-1 ez-toc-heading-level-2'><a class=\"ez-toc-link ez-toc-heading-3\" href=\"https:\/\/richrocketgame.com\/tr\/all-star-fruits\/#Why_You_Should_Play_All-Star_Fruits\" title=\"Neden All-Star Fruits&#039;ta Oynamal\u0131s\u0131n\u0131z\">Neden All-Star Fruits&#039;ta Oynamal\u0131s\u0131n\u0131z<\/a><\/li><li class='ez-toc-page-1 ez-toc-heading-level-2'><a class=\"ez-toc-link ez-toc-heading-4\" href=\"https:\/\/richrocketgame.com\/tr\/all-star-fruits\/#FAQ\" title=\"SSS\">SSS<\/a><ul class='ez-toc-list-level-3' ><li class='ez-toc-heading-level-3'><a class=\"ez-toc-link ez-toc-heading-5\" href=\"https:\/\/richrocketgame.com\/tr\/all-star-fruits\/#Will_it_be_possible_to_play_All-Star_Fruits_for_free\" title=\"All-Star Fruits&#039;\u0131 \u00fccretsiz oynamak m\u00fcmk\u00fcn olacak m\u0131?\">All-Star Fruits&#039;\u0131 \u00fccretsiz oynamak m\u00fcmk\u00fcn olacak m\u0131?<\/a><\/li><li class='ez-toc-page-1 ez-toc-heading-level-3'><a class=\"ez-toc-link ez-toc-heading-6\" href=\"https:\/\/richrocketgame.com\/tr\/all-star-fruits\/#Will_the_slot_be_optimized_for_mobile_devices\" title=\"Slot mobil cihazlara uygun hale getirilecek mi?\">Slot mobil cihazlara uygun hale getirilecek mi?<\/a><\/li><li class='ez-toc-page-1 ez-toc-heading-level-3'><a class=\"ez-toc-link ez-toc-heading-7\" href=\"https:\/\/richrocketgame.com\/tr\/all-star-fruits\/#Where_can_I_play_All-Star_Fruits_Slot_for_real_money\" title=\"All-Star Fruits Slot oyununu ger\u00e7ek parayla nerede oynayabilirim?\">All-Star Fruits Slot oyununu ger\u00e7ek parayla nerede oynayabilirim?<\/a><\/li><\/ul><\/li><\/ul><\/nav><\/div>\n<h2><span class=\"ez-toc-section\" id=\"What_We_Know_About_All-Star_Fruits_Slot\"><\/span>All-Star Fruits Slotu Hakk\u0131nda Bildiklerimiz<span class=\"ez-toc-section-end\"><\/span><\/h2>\n<p>BGaming&#039;in All-Star Fruits&#039;\u0131 klasik meyve slotlar\u0131 tarz\u0131nda tasarlanm\u0131\u015ft\u0131r. Oyun standart 5\u00d73 yap\u0131ya sahiptir ve tan\u0131d\u0131k bir sembol seti sunar: limon, kiraz, karpuz \u00fcz\u00fcm\u00fc, BAR ve \u00e7an. Y\u0131ld\u0131z, da\u011f\u0131l\u0131m i\u015flevini ger\u00e7ekle\u015ftirir. Bu sembollerden 3, 4 veya 5&#039;inin d\u00fc\u015fmesi s\u0131ras\u0131yla 10, 15 veya 25 \u00fccretsiz d\u00f6n\u00fc\u015f verir.<\/p>\n<p>Ana oyun alan\u0131n\u0131n \u00fcst\u00fcndeki \u00e7ark\u0131n iki i\u015flevi vard\u0131r. Normal oyun, scatter say\u0131s\u0131n\u0131 g\u00f6sterir ve bonus oyunu, \u00e7arpan\u0131 kazan\u00e7lara uygular.<\/p>\n<p>Maksimum kazan\u00e7lar All-Star Fruits oynamak i\u00e7in iyi bir sebeptir. Sa\u011flay\u0131c\u0131, oyuncular\u0131n ba\u015far\u0131l\u0131 bir \u00e7ekili\u015f i\u00e7in $255.000&#039;e kadar kazanabilece\u011fini s\u00f6yledi. Testlerde, kazanan kombinasyonlar ortalama olarak her alt\u0131 d\u00f6n\u00fc\u015fte bir d\u00fc\u015ft\u00fc.<\/p>\n<p><a href=\"https:\/\/richrocketgame.com\/tr\/go\/registration\/\" target=\"_blank\" rel=\"noreferrer noopener nofollow\"><img decoding=\"async\" class=\"wp-image-1142 aligncenter\" src=\"https:\/\/richrocketgame.com\/wp-content\/uploads\/2025\/02\/all-star-fruits-slot.jpg\" alt=\"BGaming&#039;in All-Star Fruits slotu.\" width=\"309\" height=\"360\" srcset=\"https:\/\/richrocketgame.com\/wp-content\/uploads\/2025\/02\/all-star-fruits-slot.jpg 519w, https:\/\/richrocketgame.com\/wp-content\/uploads\/2025\/02\/all-star-fruits-slot-258x300.jpg 258w, https:\/\/richrocketgame.com\/wp-content\/uploads\/2025\/02\/all-star-fruits-slot-10x12.jpg 10w, https:\/\/richrocketgame.com\/wp-content\/uploads\/2025\/02\/all-star-fruits-slot-34x40.jpg 34w, https:\/\/richrocketgame.com\/wp-content\/uploads\/2025\/02\/all-star-fruits-slot-27x32.jpg 27w, https:\/\/richrocketgame.com\/wp-content\/uploads\/2025\/02\/all-star-fruits-slot-69x80.jpg 69w, https:\/\/richrocketgame.com\/wp-content\/uploads\/2025\/02\/all-star-fruits-slot-116x135.jpg 116w\" sizes=\"(max-width: 309px) 100vw, 309px\" \/><\/a><\/p>\n<h3><span class=\"ez-toc-section\" id=\"Bonus_Features_of_the_Game\"><\/span>Oyunun Bonus \u00d6zellikleri<span class=\"ez-toc-section-end\"><\/span><\/h3>\n<p>\u00dccretsiz d\u00f6n\u00fc\u015fler s\u0131ras\u0131nda her kazanca rastgele \u00e7arpanlar uygulan\u0131r: x1, x2, x3, x5 veya x10. Bu bonus \u00f6demelerin boyutunu \u00f6nemli \u00f6l\u00e7\u00fcde art\u0131r\u0131r.<\/p>\n<p>Da\u011f\u0131l\u0131m kombinasyonlar\u0131n\u0131n \u00e7\u0131kmas\u0131n\u0131 beklemek istemeyen oyuncular Bonus Sat\u0131n Alma \u00f6zelli\u011fini kullanabilirler. Bahsinizin x75&#039;i veya x150&#039;si i\u00e7in farkl\u0131 \u00e7arpanlara sahip iki mod aras\u0131nda se\u00e7im yapabilirsiniz.<\/p>\n<div style=\"text-align: center;\"><a class=\"glow-button\" href=\"\/tr\/go\/registration\/\" rel=\"noreferrer noopener nofollow\">All-Star Fruits Slotunu deneyin<\/a><\/div>\n<h2><span class=\"ez-toc-section\" id=\"Why_You_Should_Play_All-Star_Fruits\"><\/span>Neden All-Star Fruits&#039;ta Oynamal\u0131s\u0131n\u0131z<span class=\"ez-toc-section-end\"><\/span><\/h2>\n<p>All-Star Fruits slotu \u015fu avantajlar\u0131yla dikkat \u00e7ekiyor:<\/p>\n<ul>\n<li>Al\u0131\u015f\u0131lmad\u0131k parlak grafiklere sahip meyve slot stili.<\/li>\n<li>Basit ama \u00e7ok kazan\u00e7l\u0131 bonus \u00f6zellikleri.<\/li>\n<li>B\u00fcy\u00fck potansiyel kazan\u00e7lar.<\/li>\n<li>Y\u00fcksek RTP.<\/li>\n<\/ul>\n<p>18 \u015eubat 2025&#039;te sulu meyvelerin ve b\u00fcy\u00fck \u00e7arpanlar\u0131n d\u00fcnyas\u0131na dal\u0131n. Web sitemiz ayr\u0131nt\u0131l\u0131 bir inceleme ve bir All-Star Fruits demosu sunacakt\u0131r.<\/p><script data-noptimize=\"\" data-wpfc-render=\"false\">\n\/* <![CDATA[ *\/\nfpm_start( \"true\" );\n\/* ]]> *\/\n<\/script>\n\n<p><a href=\"https:\/\/richrocketgame.com\/tr\/go\/registration\/\" target=\"_blank\" rel=\"noreferrer noopener nofollow\"><img decoding=\"async\" class=\"aligncenter wp-image-1149 size-full\" src=\"https:\/\/richrocketgame.com\/wp-content\/uploads\/2025\/02\/all-star-fruits-casino-game.jpg\" alt=\"All-Star Fruits casino oyunu.\" width=\"994\" height=\"610\" srcset=\"https:\/\/richrocketgame.com\/wp-content\/uploads\/2025\/02\/all-star-fruits-casino-game.jpg 994w, https:\/\/richrocketgame.com\/wp-content\/uploads\/2025\/02\/all-star-fruits-casino-game-300x184.jpg 300w, https:\/\/richrocketgame.com\/wp-content\/uploads\/2025\/02\/all-star-fruits-casino-game-768x471.jpg 768w, https:\/\/richrocketgame.com\/wp-content\/uploads\/2025\/02\/all-star-fruits-casino-game-18x12.jpg 18w, https:\/\/richrocketgame.com\/wp-content\/uploads\/2025\/02\/all-star-fruits-casino-game-65x40.jpg 65w, https:\/\/richrocketgame.com\/wp-content\/uploads\/2025\/02\/all-star-fruits-casino-game-52x32.jpg 52w, https:\/\/richrocketgame.com\/wp-content\/uploads\/2025\/02\/all-star-fruits-casino-game-130x80.jpg 130w, https:\/\/richrocketgame.com\/wp-content\/uploads\/2025\/02\/all-star-fruits-casino-game-220x135.jpg 220w\" sizes=\"(max-width: 994px) 100vw, 994px\" \/><\/a><\/p>\n<h2><span class=\"ez-toc-section\" id=\"FAQ\"><\/span>SSS<span class=\"ez-toc-section-end\"><\/span><\/h2>\n        <section class=\"sc_fs_faq sc_card\">\n            <div>\n\t\t\t\t<h3><span class=\"ez-toc-section\" id=\"Will_it_be_possible_to_play_All-Star_Fruits_for_free\"><\/span>All-Star Fruits&#039;\u0131 \u00fccretsiz oynamak m\u00fcmk\u00fcn olacak m\u0131?<span class=\"ez-toc-section-end\"><\/span><\/h3>                <div>\n\t\t\t\t\t                    <p>\n\t\t\t\t\t\tEvet, All-Star Fruits demosunun \u00e7o\u011fu b\u00fcy\u00fck casinoda mevcut olmas\u0131 bekleniyor. Ayr\u0131ca, slot resmi BGaming web sitesinde para yat\u0131rmadan oynanabilecek.                    <\/p>\n                <\/div>\n            <\/div>\n        <\/section>\n\t\t        <section class=\"sc_fs_faq sc_card\">\n            <div>\n\t\t\t\t<h3><span class=\"ez-toc-section\" id=\"Will_the_slot_be_optimized_for_mobile_devices\"><\/span>Slot mobil cihazlara uygun hale getirilecek mi?<span class=\"ez-toc-section-end\"><\/span><\/h3>                <div>\n\t\t\t\t\t                    <p>\n\t\t\t\t\t\tEvet, All-Star Fruits&#039;\u0131n mobil versiyonu masa\u00fcst\u00fc versiyonuyla ayn\u0131 anda yay\u0131nlanacak. Yaz\u0131l\u0131m indirmeden Android ve iOS ak\u0131ll\u0131 telefon ve tabletlerde oynayabilirsiniz.                    <\/p>\n                <\/div>\n            <\/div>\n        <\/section>\n\t\t        <section class=\"sc_fs_faq sc_card\">\n            <div>\n\t\t\t\t<h3><span class=\"ez-toc-section\" id=\"Where_can_I_play_All-Star_Fruits_Slot_for_real_money\"><\/span>All-Star Fruits Slot oyununu ger\u00e7ek parayla nerede oynayabilirim?<span class=\"ez-toc-section-end\"><\/span><\/h3>                <div>\n\t\t\t\t\t                    <p>\n\t\t\t\t\t\tGer\u00e7ek parayla All-Star Fruits Slot, lisansl\u0131 casinolarda mevcut olacak. Tavsiyemizden yararlanarak, oynamaya ba\u015flamak i\u00e7in en iyi bonus uygulamalar\u0131n\u0131 elde edeceksiniz.                    <\/p>\n                <\/div>\n            <\/div>\n        <\/section>\n\t\t\n<script type=\"application\/ld+json\">{\n    \"@context\": \"https:\\\/\\\/schema.org\",\n    \"@type\": \"FAQPage\",\n    \"mainEntity\": [\n        {\n            \"@type\": \"Question\",\n            \"name\": \"Will it be possible to play All-Star Fruits for free?\",\n            \"acceptedAnswer\": {\n                \"@type\": \"Answer\",\n                \"text\": \"Yes, the All-Star Fruits demo is expected to be available in most major casinos. In addition, the slot will be available to play without deposit on the official BGaming website.\"\n            }\n        },\n        {\n            \"@type\": \"Question\",\n            \"name\": \"Will the slot be optimized for mobile devices?\",\n            \"acceptedAnswer\": {\n                \"@type\": \"Answer\",\n                \"text\": \"Yes, the mobile version of All-Star Fruits will be released at the same time as the desktop version. You can play on Android and iOS smartphones and tablets without downloading software.\"\n            }\n        },\n        {\n            \"@type\": \"Question\",\n            \"name\": \"Where can I play All-Star Fruits Slot for real money?\",\n            \"acceptedAnswer\": {\n                \"@type\": \"Answer\",\n                \"text\": \"All-Star Fruits Slot for real money will be available at licensed casinos. By taking advantage of our recommendation, you will get the best bonus apps to start playing.\"\n            }\n        }\n    ]\n}<\/script>\n\n<div class=\"fpm_end\"><\/div>\n<div class=\"author-card author-card--top\"><img alt='Avatar foto\u011fraf\u0131' src='https:\/\/richrocketgame.com\/wp-content\/uploads\/2023\/03\/Paulo-Dornelas-130x130.jpg' srcset='https:\/\/richrocketgame.com\/wp-content\/uploads\/2023\/03\/Paulo-Dornelas-260x260.jpg 2x' class='avatar avatar-130 photo author-image' height='130' width='130' \/><div class=\"author-content text-md-center\"><span class=\"author-title\">Yazar<\/span><a href=\"https:\/\/richrocketgame.com\/tr\/author\/paulo-dornelas\/\" class=\"author-name\">Paulo Dornelas<\/a><p class=\"author__details\">Paulo Dornelas, hayat\u0131n\u0131 sekt\u00f6r\u00fc anlamaya ve ba\u015fkalar\u0131n\u0131n bu sekt\u00f6rden para kazanmas\u0131na yard\u0131mc\u0131 olmaya adam\u0131\u015f bir kumar uzman\u0131d\u0131r. Ayn\u0131 zamanda hevesli bir gezgindir ve yeni yerler ke\u015ffetmeyi sever. Paulo'nun kumar konusundaki bilgisi ve seyahat tutkusu, onu spor bahislerinden veya casino oyunlar\u0131ndan ciddi k\u00e2rlar elde etmek isteyen herkes i\u00e7in m\u00fckemmel bir rehber haline getiriyor.<\/p><\/div><!-- \/.author-content --><\/div>","protected":false},"excerpt":{"rendered":"<p>BGaming, All-Star Fruits adl\u0131 yeni bir meyve temal\u0131 slot duyurdu. Oyun g\u00f6rsel olarak parlak ve \u00f6\u011frenmesi kolay olmay\u0131 vaat ediyor. \u0130ki bonus \u00f6zelli\u011fi RTP&#039;yi \u00f6nemli \u00f6l\u00e7\u00fcde art\u0131rmal\u0131 ve ortalama kazan\u00e7lar\u0131 y\u00fckseltmelidir. Casino Oyna \u00c7\u0131k\u0131\u015f tarihi 18.02.2025 Makaralar 5 Sat\u0131rlar 3 RTP 97.04% Volatilite Ortalama (5 \u00fczerinden 3) Kazanan Hatlar 243 Maksimum kazan\u00e7lar \u04451500 Biz [\u2026]<\/p>","protected":false},"author":2,"featured_media":0,"parent":0,"menu_order":0,"comment_status":"closed","ping_status":"closed","template":"page-no-sidebar.php","meta":{"footnotes":""},"class_list":["post-1135","page","type-page","status-publish","hentry"],"yoast_head":"<!-- This site is optimized with the Yoast SEO plugin v26.7 - https:\/\/yoast.com\/wordpress\/plugins\/seo\/ -->\n<title>All-Star Fruits Slot (BGaming) - Free Play, RTP and Max. Winnings<\/title>\n<meta name=\"description\" content=\"Learn more about All-Star Fruits casino game. Read information about the slot in our announcement. When you can play All-Star Fruits.\" \/>\n<meta name=\"robots\" content=\"index, follow, max-snippet:-1, max-image-preview:large, max-video-preview:-1\" \/>\n<link rel=\"canonical\" href=\"https:\/\/richrocketgame.com\/tr\/all-star-fruits\/\" \/>\n<meta property=\"og:locale\" content=\"tr_TR\" \/>\n<meta property=\"og:type\" content=\"article\" \/>\n<meta property=\"og:title\" content=\"All-Star Fruits Slot (BGaming) - Free Play, RTP and Max. Winnings\" \/>\n<meta property=\"og:description\" content=\"Learn more about All-Star Fruits casino game. Read information about the slot in our announcement. When you can play All-Star Fruits.\" \/>\n<meta property=\"og:url\" content=\"https:\/\/richrocketgame.com\/tr\/all-star-fruits\/\" \/>\n<meta property=\"og:site_name\" content=\"Rich Rocket Game\" \/>\n<meta property=\"article:modified_time\" content=\"2025-08-01T08:22:18+00:00\" \/>\n<meta property=\"og:image\" content=\"https:\/\/richrocketgame.com\/wp-content\/uploads\/2025\/02\/all-star-fruits-slot.jpg\" \/>\n<meta name=\"twitter:card\" content=\"summary_large_image\" \/>\n<meta name=\"twitter:label1\" content=\"Tahmini okuma s\u00fcresi\" \/>\n\t<meta name=\"twitter:data1\" content=\"3 dakika\" \/>\n<!-- \/ Yoast SEO plugin. -->","yoast_head_json":{"title":"All-Star Fruits Slot (BGaming) - \u00dccretsiz Oyun, RTP ve Maksimum Kazan\u00e7lar","description":"All-Star Fruits casino oyunu hakk\u0131nda daha fazla bilgi edinin. Duyurumuzda slot hakk\u0131nda bilgi edinin. All-Star Fruits&#039;\u0131 ne zaman oynayabilirsiniz.","robots":{"index":"index","follow":"follow","max-snippet":"max-snippet:-1","max-image-preview":"max-image-preview:large","max-video-preview":"max-video-preview:-1"},"canonical":"https:\/\/richrocketgame.com\/tr\/all-star-fruits\/","og_locale":"tr_TR","og_type":"article","og_title":"All-Star Fruits Slot (BGaming) - Free Play, RTP and Max. Winnings","og_description":"Learn more about All-Star Fruits casino game. Read information about the slot in our announcement. When you can play All-Star Fruits.","og_url":"https:\/\/richrocketgame.com\/tr\/all-star-fruits\/","og_site_name":"Rich Rocket Game","article_modified_time":"2025-08-01T08:22:18+00:00","og_image":[{"url":"https:\/\/richrocketgame.com\/wp-content\/uploads\/2025\/02\/all-star-fruits-slot.jpg","type":"","width":"","height":""}],"twitter_card":"summary_large_image","twitter_misc":{"Tahmini okuma s\u00fcresi":"3 dakika"},"schema":{"@context":"https:\/\/schema.org","@graph":[{"@type":"WebPage","@id":"https:\/\/richrocketgame.com\/all-star-fruits\/","url":"https:\/\/richrocketgame.com\/all-star-fruits\/","name":"All-Star Fruits Slot (BGaming) - \u00dccretsiz Oyun, RTP ve Maksimum Kazan\u00e7lar","isPartOf":{"@id":"https:\/\/richrocketgame.com\/#website"},"primaryImageOfPage":{"@id":"https:\/\/richrocketgame.com\/all-star-fruits\/#primaryimage"},"image":{"@id":"https:\/\/richrocketgame.com\/all-star-fruits\/#primaryimage"},"thumbnailUrl":"https:\/\/richrocketgame.com\/wp-content\/uploads\/2025\/02\/all-star-fruits-slot.jpg","datePublished":"2025-02-12T11:08:53+00:00","dateModified":"2025-08-01T08:22:18+00:00","description":"All-Star Fruits casino oyunu hakk\u0131nda daha fazla bilgi edinin. Duyurumuzda slot hakk\u0131nda bilgi edinin. All-Star Fruits&#039;\u0131 ne zaman oynayabilirsiniz.","breadcrumb":{"@id":"https:\/\/richrocketgame.com\/all-star-fruits\/#breadcrumb"},"inLanguage":"tr","potentialAction":[{"@type":"ReadAction","target":["https:\/\/richrocketgame.com\/all-star-fruits\/"]}]},{"@type":"ImageObject","inLanguage":"tr","@id":"https:\/\/richrocketgame.com\/all-star-fruits\/#primaryimage","url":"https:\/\/richrocketgame.com\/wp-content\/uploads\/2025\/02\/all-star-fruits-slot.jpg","contentUrl":"https:\/\/richrocketgame.com\/wp-content\/uploads\/2025\/02\/all-star-fruits-slot.jpg"},{"@type":"BreadcrumbList","@id":"https:\/\/richrocketgame.com\/all-star-fruits\/#breadcrumb","itemListElement":[{"@type":"ListItem","position":1,"name":"\u0413\u043b\u0430\u0432\u043d\u0430\u044f \u0441\u0442\u0440\u0430\u043d\u0438\u0446\u0430","item":"https:\/\/richrocketgame.com\/"},{"@type":"ListItem","position":2,"name":"All-Star Fruits Demo Slot"}]},{"@type":"WebSite","@id":"https:\/\/richrocketgame.com\/#website","url":"https:\/\/richrocketgame.com\/","name":"Rich Rocket Oyun","description":"","publisher":{"@id":"https:\/\/richrocketgame.com\/#organization"},"potentialAction":[{"@type":"SearchAction","target":{"@type":"EntryPoint","urlTemplate":"https:\/\/richrocketgame.com\/?s={search_term_string}"},"query-input":{"@type":"PropertyValueSpecification","valueRequired":true,"valueName":"search_term_string"}}],"inLanguage":"tr"},{"@type":"Organization","@id":"https:\/\/richrocketgame.com\/#organization","name":"Rich Rocket Oyun","url":"https:\/\/richrocketgame.com\/","logo":{"@type":"ImageObject","inLanguage":"tr","@id":"https:\/\/richrocketgame.com\/#\/schema\/logo\/image\/","url":"https:\/\/richrocketgame.com\/wp-content\/uploads\/2022\/09\/Rich-Rocket-earning-app.png","contentUrl":"https:\/\/richrocketgame.com\/wp-content\/uploads\/2022\/09\/Rich-Rocket-earning-app.png","width":512,"height":512,"caption":"Rich Rocket Game"},"image":{"@id":"https:\/\/richrocketgame.com\/#\/schema\/logo\/image\/"}}]}},"_links":{"self":[{"href":"https:\/\/richrocketgame.com\/tr\/wp-json\/wp\/v2\/pages\/1135","targetHints":{"allow":["GET"]}}],"collection":[{"href":"https:\/\/richrocketgame.com\/tr\/wp-json\/wp\/v2\/pages"}],"about":[{"href":"https:\/\/richrocketgame.com\/tr\/wp-json\/wp\/v2\/types\/page"}],"author":[{"embeddable":true,"href":"https:\/\/richrocketgame.com\/tr\/wp-json\/wp\/v2\/users\/2"}],"replies":[{"embeddable":true,"href":"https:\/\/richrocketgame.com\/tr\/wp-json\/wp\/v2\/comments?post=1135"}],"version-history":[{"count":0,"href":"https:\/\/richrocketgame.com\/tr\/wp-json\/wp\/v2\/pages\/1135\/revisions"}],"wp:attachment":[{"href":"https:\/\/richrocketgame.com\/tr\/wp-json\/wp\/v2\/media?parent=1135"}],"curies":[{"name":"wp","href":"https:\/\/api.w.org\/{rel}","templated":true}]}}