{"id":1115,"date":"2025-02-12T13:49:43","date_gmt":"2025-02-12T10:49:43","guid":{"rendered":"https:\/\/richrocketgame.com\/?page_id=1115"},"modified":"2025-08-01T11:24:01","modified_gmt":"2025-08-01T08:24:01","slug":"mad-blast","status":"publish","type":"page","link":"https:\/\/richrocketgame.com\/tr\/mad-blast\/","title":{"rendered":"Mad Blast Slot Demo"},"content":{"rendered":"<div class=\"fpm_start\"><\/div>\n<p>Mad Blast, 2025&#039;in en pop\u00fcler slotlar\u0131ndan biri olabilir. Push Gaming, oyunun 20 \u015eubat&#039;ta yay\u0131nlanmas\u0131n\u0131 planlad\u0131 ve kumarbazlar \u015fimdiden sab\u0131rs\u0131zlan\u0131yor. Duyuruya g\u00f6re, oyunda yedi bonus sembol\u00fc ve \u00f6zellik bulunuyor ve maksimum kazan\u00e7 x10.000&#039;e kadar \u00e7\u0131k\u0131yor.<\/p>\n<div style=\"text-align: center;\"><a class=\"glow-button\" href=\"\/tr\/go\/registration\/\" rel=\"noreferrer noopener nofollow\">Casino Oyna<\/a><\/div>\n<table>\n<tbody>\n<tr>\n<td>\u00c7\u0131k\u0131\u015f tarihi<\/td>\n<td>20.02.2025<\/td>\n<\/tr>\n<tr>\n<td>Makaralar<\/td>\n<td>6<\/td>\n<\/tr>\n<tr>\n<td>S\u0131ralar<\/td>\n<td>5<\/td>\n<\/tr>\n<tr>\n<td>RTP<\/td>\n<td>96,34%<\/td>\n<\/tr>\n<tr>\n<td>Volatilite<\/td>\n<td>Y\u00fcksek<\/td>\n<\/tr>\n<tr>\n<td>\u00d6deme Hatlar\u0131<\/td>\n<td>Da\u011f\u0131l\u0131m-\u00d6deme mekani\u011fi<\/td>\n<\/tr>\n<tr>\n<td>Maksimum kazan\u00e7lar<\/td>\n<td>x10.000<\/td>\n<\/tr>\n<\/tbody>\n<\/table>\n<div id=\"ez-toc-container\" class=\"ez-toc-v2_0_62 counter-hierarchy ez-toc-counter ez-toc-grey ez-toc-container-direction\">\n<div class=\"ez-toc-title-container\">\n<p class=\"ez-toc-title\" >\u0130\u00e7indekiler<\/p>\n<span class=\"ez-toc-title-toggle\"><a href=\"#\" class=\"ez-toc-pull-right ez-toc-btn ez-toc-btn-xs ez-toc-btn-default ez-toc-toggle\" aria-label=\"\u0130\u00e7indekiler Tablosunu De\u011fi\u015ftir\"><span class=\"ez-toc-js-icon-con\"><span class=\"\"><span class=\"eztoc-hide\" style=\"display:none;\">De\u011fi\u015ftir<\/span><span class=\"ez-toc-icon-toggle-span\"><svg style=\"fill: #999;color:#999\" xmlns=\"http:\/\/www.w3.org\/2000\/svg\" class=\"list-377408\" width=\"20px\" height=\"20px\" viewbox=\"0 0 24 24\" fill=\"none\"><path d=\"M6 6H4v2h2V6zm14 0H8v2h12V6zM4 11h2v2H4v-2zm16 0H8v2h12v-2zM4 16h2v2H4v-2zm16 0H8v2h12v-2z\" fill=\"currentColor\"><\/path><\/svg><svg style=\"fill: #999;color:#999\" class=\"arrow-unsorted-368013\" xmlns=\"http:\/\/www.w3.org\/2000\/svg\" width=\"10px\" height=\"10px\" viewbox=\"0 0 24 24\" version=\"1.2\" baseprofile=\"tiny\"><path d=\"M18.2 9.3l-6.2-6.3-6.2 6.3c-.2.2-.3.4-.3.7s.1.5.3.7c.2.2.4.3.7.3h11c.3 0 .5-.1.7-.3.2-.2.3-.5.3-.7s-.1-.5-.3-.7zM5.8 14.7l6.2 6.3 6.2-6.3c.2-.2.3-.5.3-.7s-.1-.5-.3-.7c-.2-.2-.4-.3-.7-.3h-11c-.3 0-.5.1-.7.3-.2.2-.3.5-.3.7s.1.5.3.7z\"\/><\/svg><\/span><\/span><\/span><\/a><\/span><\/div>\n<nav><ul class='ez-toc-list ez-toc-list-level-1 eztoc-toggle-hide-by-default' ><ul class='ez-toc-list-level-3' ><li class='ez-toc-heading-level-3'><a class=\"ez-toc-link ez-toc-heading-1\" href=\"https:\/\/richrocketgame.com\/tr\/mad-blast\/#What_We_Know_About_Mad_Blast_Game\" title=\"Mad Blast Oyunu Hakk\u0131nda Bildiklerimiz\">Mad Blast Oyunu Hakk\u0131nda Bildiklerimiz<\/a><\/li><li class='ez-toc-page-1 ez-toc-heading-level-3'><a class=\"ez-toc-link ez-toc-heading-2\" href=\"https:\/\/richrocketgame.com\/tr\/mad-blast\/#Bonus_features_of_the_game\" title=\"Oyunun bonus \u00f6zellikleri\">Oyunun bonus \u00f6zellikleri<\/a><\/li><li class='ez-toc-page-1 ez-toc-heading-level-3'><a class=\"ez-toc-link ez-toc-heading-3\" href=\"https:\/\/richrocketgame.com\/tr\/mad-blast\/#Paid_Features\" title=\"\u00dccretli \u00d6zellikler\">\u00dccretli \u00d6zellikler<\/a><\/li><li class='ez-toc-page-1 ez-toc-heading-level-3'><a class=\"ez-toc-link ez-toc-heading-4\" href=\"https:\/\/richrocketgame.com\/tr\/mad-blast\/#Why_play_the_Mad_Blast_slot\" title=\"Neden Mad Blast slotunu oynamal\u0131s\u0131n\u0131z?\">Neden Mad Blast slotunu oynamal\u0131s\u0131n\u0131z?<\/a><\/li><\/ul><\/li><li class='ez-toc-page-1 ez-toc-heading-level-2'><a class=\"ez-toc-link ez-toc-heading-5\" href=\"https:\/\/richrocketgame.com\/tr\/mad-blast\/#FAQ\" title=\"SSS\">SSS<\/a><ul class='ez-toc-list-level-3' ><li class='ez-toc-heading-level-3'><a class=\"ez-toc-link ez-toc-heading-6\" href=\"https:\/\/richrocketgame.com\/tr\/mad-blast\/#What_is_the_RTP_of_the_Mad_Blast_casino_game\" title=\"Mad Blast casino oyununun RTP&#039;si nedir?\">Mad Blast casino oyununun RTP&#039;si nedir?<\/a><\/li><li class='ez-toc-page-1 ez-toc-heading-level-3'><a class=\"ez-toc-link ez-toc-heading-7\" href=\"https:\/\/richrocketgame.com\/tr\/mad-blast\/#Where_will_it_be_possible_to_play_Mad_Blast_for_free\" title=\"Mad Blast&#039;\u0131 \u00fccretsiz olarak nerede oynamak m\u00fcmk\u00fcn olacak?\">Mad Blast&#039;\u0131 \u00fccretsiz olarak nerede oynamak m\u00fcmk\u00fcn olacak?<\/a><\/li><li class='ez-toc-page-1 ez-toc-heading-level-3'><a class=\"ez-toc-link ez-toc-heading-8\" href=\"https:\/\/richrocketgame.com\/tr\/mad-blast\/#Are_there_any_strategies_for_the_game\" title=\"Oyun i\u00e7in herhangi bir strateji var m\u0131?\">Oyun i\u00e7in herhangi bir strateji var m\u0131?<\/a><\/li><\/ul><\/li><\/ul><\/nav><\/div>\n<h3><span class=\"ez-toc-section\" id=\"What_We_Know_About_Mad_Blast_Game\"><\/span>Mad Blast Oyunu Hakk\u0131nda Bildiklerimiz<span class=\"ez-toc-section-end\"><\/span><\/h3>\n<p>Mad Blast, oyuncular\u0131 robotlar\u0131n y\u00f6netti\u011fi at\u00f6lyeye g\u00f6t\u00fcr\u00fcr. Eksantrik yapay zeka ve patlay\u0131c\u0131 cihazlarla u\u011fra\u015fman\u0131z gerekecektir. Oyun 6 makaradan ve 5 s\u0131radan olu\u015fur ve geleneksel \u00f6deme hatlar\u0131 yerine Scatter-Pays mekani\u011fi kullan\u0131l\u0131r. Bu, oyun alan\u0131n\u0131n herhangi bir yerinde 8 ayn\u0131 sembol\u00fcn g\u00f6r\u00fcnmesi i\u00e7in \u00f6deme alaca\u011f\u0131n\u0131z anlam\u0131na gelir.<\/p>\n<p>Semboller \u00e7ok renkli demir kutular ve robotlard\u0131r. Di\u011fer \u00f6zel semboller Wild eksikli\u011fini telafi eder:<\/p>\n<ul>\n<li>Scatter, \u00fccretsiz d\u00f6n\u00fc\u015fleri tetikleme gibi geleneksel bir i\u015flevi yerine getirir;<\/li>\n<li>\u00c7arpan Art\u0131\u015f Sembol\u00fc, kazanan bir kombinasyonun bir araya gelmesi durumunda \u00e7arpan\u0131n ka\u00e7 ad\u0131m artaca\u011f\u0131n\u0131 g\u00f6sterir.<\/li>\n<li>Ye\u015fil bir buton bi\u00e7imindeki Ekstra Ya\u015fam Sembol\u00fc ek bir kazanma \u015fans\u0131 verir. Bir yeniden d\u00f6nd\u00fcrme elde edersiniz ve en y\u00fcksek \u00f6deme yapan sembol t\u00fcr\u00fc oyun alan\u0131nda kal\u0131r.<\/li>\n<\/ul>\n<p>Push Gaming, slotu m\u00fcmk\u00fcn olan en geni\u015f kitleye uyarlad\u0131. Mad Blast casino oyunundaki bahis aral\u0131\u011f\u0131 0,1 ila 100 aras\u0131ndad\u0131r (para birimi, casinonun faaliyet g\u00f6sterdi\u011fi \u00fclkeye ba\u011fl\u0131d\u0131r).<\/p>\n<p><a href=\"https:\/\/richrocketgame.com\/tr\/go\/registration\/\" target=\"_blank\" rel=\"noreferrer noopener nofollow\"><img decoding=\"async\" class=\"aligncenter wp-image-1122 size-full\" src=\"https:\/\/richrocketgame.com\/wp-content\/uploads\/2025\/02\/mad-blast-slot.jpg\" alt=\"Push Gaming&#039;den Mad Blast slotu\" width=\"976\" height=\"489\" srcset=\"https:\/\/richrocketgame.com\/wp-content\/uploads\/2025\/02\/mad-blast-slot.jpg 976w, https:\/\/richrocketgame.com\/wp-content\/uploads\/2025\/02\/mad-blast-slot-300x150.jpg 300w, https:\/\/richrocketgame.com\/wp-content\/uploads\/2025\/02\/mad-blast-slot-768x385.jpg 768w, https:\/\/richrocketgame.com\/wp-content\/uploads\/2025\/02\/mad-blast-slot-18x9.jpg 18w, https:\/\/richrocketgame.com\/wp-content\/uploads\/2025\/02\/mad-blast-slot-80x40.jpg 80w, https:\/\/richrocketgame.com\/wp-content\/uploads\/2025\/02\/mad-blast-slot-64x32.jpg 64w, https:\/\/richrocketgame.com\/wp-content\/uploads\/2025\/02\/mad-blast-slot-160x80.jpg 160w, https:\/\/richrocketgame.com\/wp-content\/uploads\/2025\/02\/mad-blast-slot-269x135.jpg 269w\" sizes=\"(max-width: 976px) 100vw, 976px\" \/><\/a><\/p>\n<h3><span class=\"ez-toc-section\" id=\"Bonus_features_of_the_game\"><\/span>Oyunun bonus \u00f6zellikleri<span class=\"ez-toc-section-end\"><\/span><\/h3>\n<p>Kar\u015f\u0131la\u015faca\u011f\u0131n\u0131z ilk bonus \u00f6zelli\u011fi basamakl\u0131 makaralard\u0131r. Kazanan bir kombinasyonda yer alan semboller kald\u0131r\u0131l\u0131r ve yenileri belirir. B\u00f6ylece, tek bir d\u00f6n\u00fc\u015fte birka\u00e7 kez kazanabilirsiniz.<\/p>\n<p>Basamakl\u0131 makaralarla ili\u015fkilendirilen bir di\u011fer \u00f6zellik ise Push Gaming&#039;den Mad Blast&#039;t\u0131r. Bir kombinasyon her vuruldu\u011funda \u00e7arpan iki kat\u0131na \u00e7\u0131kar. Makaralar\u0131n bir turunda \u00e7arpan x2.048&#039;e kadar artabilir. Oyuncular ilerlemeyi makaralar\u0131n solundaki \u00f6l\u00e7ekte takip edebilirler.<\/p>\n<p>En ilgi \u00e7ekici \u00f6zellik, \u015f\u00fcphesiz, Mad Blast \u00fccretsiz d\u00f6n\u00fc\u015fleridir. Da\u011f\u0131l\u0131m sembollerinin bir kombinasyonu d\u00fc\u015ft\u00fc\u011f\u00fcnde bunlar\u0131 elde edebilirsiniz:<\/p>\n<ul>\n<li>3 sembol \u2013 x2 \u00e7arpanl\u0131 8 bedava d\u00f6n\u00fc\u015f;<\/li>\n<li>4 sembol \u2013 x4 ba\u015flang\u0131\u00e7 \u00e7arpan\u0131 ile 10 bedava d\u00f6n\u00fc\u015f;<\/li>\n<li>5 sembol \u2013 12 bedava d\u00f6n\u00fc\u015f ve ba\u015flang\u0131\u00e7 \u00e7arpan\u0131 x8 olacakt\u0131r.<\/li>\n<\/ul>\n<p>Sa\u011flay\u0131c\u0131, heyecan\u0131 art\u0131rmak i\u00e7in \u00fccretsiz d\u00f6n\u00fc\u015fler turu s\u0131ras\u0131nda ek bir bonus tan\u0131tt\u0131. En d\u00fc\u015f\u00fck \u00e7arpan, bir d\u00f6n\u00fc\u015f i\u00e7in 3 kazanan kombinasyondan d\u00fc\u015ft\u00fc\u011f\u00fcnde \u00f6l\u00e7ekten kaybolur.<\/p><script data-noptimize=\"\" data-wpfc-render=\"false\">\n\/* <![CDATA[ *\/\nfpm_start( \"true\" );\n\/* ]]> *\/\n<\/script>\n\n<div style=\"text-align: center;\"><a class=\"glow-button\" href=\"\/tr\/go\/registration\/\" rel=\"noreferrer noopener nofollow\">Mad Blast&#039;\u0131 deneyin<\/a><\/div>\n<h3><span class=\"ez-toc-section\" id=\"Paid_Features\"><\/span>\u00dccretli \u00d6zellikler<span class=\"ez-toc-section-end\"><\/span><\/h3>\n<p>Ek bir \u00fccret kar\u015f\u0131l\u0131\u011f\u0131nda, ayr\u0131cal\u0131klarla Mad Blast oynayabilirsiniz. Ante se\u00e7ene\u011fini etkinle\u015ftirerek, bahsinizi iki kat\u0131na \u00e7\u0131kar\u0131rs\u0131n\u0131z ancak makaralarda bonus sembollerinin g\u00f6r\u00fcnme olas\u0131l\u0131\u011f\u0131n\u0131 \u00f6nemli \u00f6l\u00e7\u00fcde art\u0131r\u0131rs\u0131n\u0131z. Maksimum heyecan dozunu elde etmek isteyen oyuncular, \u00fccretsiz d\u00f6n\u00fc\u015fler turuna eri\u015fim sat\u0131n alabilirler. Bahsinizin 150 kat\u0131na, 2x \u00e7arpanla sekiz makaral\u0131 d\u00f6n\u00fc\u015f elde edebilirsiniz. 750 kat\u0131na, x8 \u00e7arpanla 12 d\u00f6n\u00fc\u015f elde edebilirsiniz.<\/p>\n<p><a href=\"https:\/\/richrocketgame.com\/tr\/go\/registration\/\" target=\"_blank\" rel=\"noreferrer noopener nofollow\"><img decoding=\"async\" class=\"aligncenter wp-image-1116 size-full\" src=\"https:\/\/richrocketgame.com\/wp-content\/uploads\/2025\/02\/mad-blast-casino-game.jpg\" alt=\"Mad Blast casino oyunu.\" width=\"981\" height=\"531\" srcset=\"https:\/\/richrocketgame.com\/wp-content\/uploads\/2025\/02\/mad-blast-casino-game.jpg 981w, https:\/\/richrocketgame.com\/wp-content\/uploads\/2025\/02\/mad-blast-casino-game-300x162.jpg 300w, https:\/\/richrocketgame.com\/wp-content\/uploads\/2025\/02\/mad-blast-casino-game-768x416.jpg 768w, https:\/\/richrocketgame.com\/wp-content\/uploads\/2025\/02\/mad-blast-casino-game-18x10.jpg 18w, https:\/\/richrocketgame.com\/wp-content\/uploads\/2025\/02\/mad-blast-casino-game-74x40.jpg 74w, https:\/\/richrocketgame.com\/wp-content\/uploads\/2025\/02\/mad-blast-casino-game-59x32.jpg 59w, https:\/\/richrocketgame.com\/wp-content\/uploads\/2025\/02\/mad-blast-casino-game-148x80.jpg 148w, https:\/\/richrocketgame.com\/wp-content\/uploads\/2025\/02\/mad-blast-casino-game-249x135.jpg 249w\" sizes=\"(max-width: 981px) 100vw, 981px\" \/><\/a><\/p>\n<h3><span class=\"ez-toc-section\" id=\"Why_play_the_Mad_Blast_slot\"><\/span>Neden Mad Blast slotunu oynamal\u0131s\u0131n\u0131z?<span class=\"ez-toc-section-end\"><\/span><\/h3>\n<p>Mad Blast&#039;\u0131n kumar d\u00fcnyas\u0131nda sansasyon yaratma potansiyeli birka\u00e7 nedenden \u00f6t\u00fcr\u00fc var:<\/p>\n<ul>\n<li>Modern trendlerin kullan\u0131m\u0131. Scatter-Pay mekani\u011fi ve kademeli makaralar g\u00fcn\u00fcm\u00fczde talep g\u00f6r\u00fcyor.<\/li>\n<li>B\u00fcy\u00fck maksimum kazan\u00e7lar. Normal modda ve \u00fccretsiz d\u00f6n\u00fc\u015f turunda x10.000&#039;lik \u00f6demeler elde edebilirsiniz.<\/li>\n<li>Benzersiz bir \u00f6zellik kombinasyonu. Slot, en iyi sa\u011flay\u0131c\u0131lar\u0131n hen\u00fcz kullanmad\u0131\u011f\u0131 bir bonus kombinasyonu sunuyor.<\/li>\n<\/ul>\n<p>Sinsi yapay zekayla sava\u015fmak ve demir robot ordusunu yenmek i\u00e7in hala zaman\u0131n\u0131z var. Mad Blast oyununda maksimum kazan\u00e7lar i\u00e7in sava\u015fmaya haz\u0131r olun.<\/p>\n<h2><span class=\"ez-toc-section\" id=\"FAQ\"><\/span>SSS<span class=\"ez-toc-section-end\"><\/span><\/h2>\n        <section class=\"sc_fs_faq sc_card\">\n            <div>\n\t\t\t\t<h3><span class=\"ez-toc-section\" id=\"What_is_the_RTP_of_the_Mad_Blast_casino_game\"><\/span>Mad Blast casino oyununun RTP&#039;si nedir?<span class=\"ez-toc-section-end\"><\/span><\/h3>                <div>\n\t\t\t\t\t                    <p>\n\t\t\t\t\t\tSa\u011flay\u0131c\u0131, slotu farkl\u0131 RTP&#039;li 3 versiyonda yay\u0131nlamay\u0131 planl\u0131yor. Oyuncuya en y\u00fcksek getiri 96.34% olacak. Baz\u0131 casinolar portf\u00f6ylerine 94.30% ve 85.43% RTP&#039;li bir oyun ekleyebilecek.                    <\/p>\n                <\/div>\n            <\/div>\n        <\/section>\n\t\t        <section class=\"sc_fs_faq sc_card\">\n            <div>\n\t\t\t\t<h3><span class=\"ez-toc-section\" id=\"Where_will_it_be_possible_to_play_Mad_Blast_for_free\"><\/span>Mad Blast&#039;\u0131 \u00fccretsiz olarak nerede oynamak m\u00fcmk\u00fcn olacak?<span class=\"ez-toc-section-end\"><\/span><\/h3>                <div>\n\t\t\t\t\t                    <p>\n\t\t\t\t\t\tSlotun demo versiyonu casinoda mevcut olacak. Ayr\u0131ca, kumar temalar\u0131na adanm\u0131\u015f sitelerde ve sa\u011flay\u0131c\u0131 Push Gaming&#039;in web kayna\u011f\u0131nda \u00fccretsiz oynamak m\u00fcmk\u00fcn olacak.                    <\/p>\n                <\/div>\n            <\/div>\n        <\/section>\n\t\t        <section class=\"sc_fs_faq sc_card\">\n            <div>\n\t\t\t\t<h3><span class=\"ez-toc-section\" id=\"Are_there_any_strategies_for_the_game\"><\/span>Oyun i\u00e7in herhangi bir strateji var m\u0131?<span class=\"ez-toc-section-end\"><\/span><\/h3>                <div>\n\t\t\t\t\t                    <p>\n\t\t\t\t\t\tOyuncu sadece bahsin boyutunu etkileyebilir. Slotun y\u00fcksek volatilitesi nedeniyle, bankroll&#039;un 1%&#039;sinden fazla bahis yapmaman\u0131z \u00f6nerilir. B\u00f6ylece oyunun en karl\u0131 \u00f6zelliklerini beklemek i\u00e7in yeterince uzun s\u00fcre oynayabilirsiniz. Mad Blast&#039;\u0131 ger\u00e7ek parayla oynamaya ba\u015flamadan \u00f6nce, demo versiyonunda bahis y\u00f6ntemlerini deneyebilirsiniz.                    <\/p>\n                <\/div>\n            <\/div>\n        <\/section>\n\t\t\n<script type=\"application\/ld+json\">{\n    \"@context\": \"https:\\\/\\\/schema.org\",\n    \"@type\": \"FAQPage\",\n    \"mainEntity\": [\n        {\n            \"@type\": \"Question\",\n            \"name\": \"What is the RTP of the Mad Blast casino game?\",\n            \"acceptedAnswer\": {\n                \"@type\": \"Answer\",\n                \"text\": \"The provider plans to release the slot in 3 versions with different RTP. The highest return to player will be 96.34%. Some casinos will be able to add a game with an RTP of 94.30% and 85.43% to their portfolio.\"\n            }\n        },\n        {\n            \"@type\": \"Question\",\n            \"name\": \"Where will it be possible to play Mad Blast for free?\",\n            \"acceptedAnswer\": {\n                \"@type\": \"Answer\",\n                \"text\": \"Demo version of the slot will be available in the casino. In addition, it will be possible to play for free on sites dedicated to gambling themes and on the web resource of the provider Push Gaming.\"\n            }\n        },\n        {\n            \"@type\": \"Question\",\n            \"name\": \"Are there any strategies for the game?\",\n            \"acceptedAnswer\": {\n                \"@type\": \"Answer\",\n                \"text\": \"The player can only influence the size of the bet. Due to the high volatility of the slot, it is recommended to bet no more than 1% of the bankroll. So you can play long enough to wait for the most profitable features of the game. Before you start playing Mad Blast for real money, you can practice betting methods in the demo version.\"\n            }\n        }\n    ]\n}<\/script>\n\n<div class=\"fpm_end\"><\/div>\n<div class=\"author-card author-card--top\"><img alt='Avatar foto\u011fraf\u0131' src='https:\/\/richrocketgame.com\/wp-content\/uploads\/2023\/03\/Paulo-Dornelas-130x130.jpg' srcset='https:\/\/richrocketgame.com\/wp-content\/uploads\/2023\/03\/Paulo-Dornelas-260x260.jpg 2x' class='avatar avatar-130 photo author-image' height='130' width='130' \/><div class=\"author-content text-md-center\"><span class=\"author-title\">Yazar<\/span><a href=\"https:\/\/richrocketgame.com\/tr\/author\/paulo-dornelas\/\" class=\"author-name\">Paulo Dornelas<\/a><p class=\"author__details\">Paulo Dornelas, hayat\u0131n\u0131 sekt\u00f6r\u00fc anlamaya ve ba\u015fkalar\u0131n\u0131n bu sekt\u00f6rden para kazanmas\u0131na yard\u0131mc\u0131 olmaya adam\u0131\u015f bir kumar uzman\u0131d\u0131r. Ayn\u0131 zamanda hevesli bir gezgindir ve yeni yerler ke\u015ffetmeyi sever. Paulo'nun kumar konusundaki bilgisi ve seyahat tutkusu, onu spor bahislerinden veya casino oyunlar\u0131ndan ciddi k\u00e2rlar elde etmek isteyen herkes i\u00e7in m\u00fckemmel bir rehber haline getiriyor.<\/p><\/div><!-- \/.author-content --><\/div>","protected":false},"excerpt":{"rendered":"<p>Mad Blast, 2025&#039;in en pop\u00fcler slotlar\u0131ndan biri olabilir. Push Gaming, oyunun \u00e7\u0131k\u0131\u015f tarihini 20 \u015eubat olarak belirledi ve kumarbazlar \u015fimdiden sab\u0131rs\u0131zlan\u0131yor. Duyuruya g\u00f6re, oyunda yedi bonus sembol\u00fc ve \u00f6zellik bulunuyor ve maksimum kazan\u00e7lar x10.000&#039;e kadar \u00e7\u0131k\u0131yor. Casino Oyna \u00c7\u0131k\u0131\u015f tarihi 20.02.2025 Makaralar 6 [\u2026]<\/p>","protected":false},"author":2,"featured_media":0,"parent":0,"menu_order":0,"comment_status":"closed","ping_status":"closed","template":"page-no-sidebar.php","meta":{"footnotes":""},"class_list":["post-1115","page","type-page","status-publish","hentry"],"yoast_head":"<!-- This site is optimized with the Yoast SEO plugin v26.7 - https:\/\/yoast.com\/wordpress\/plugins\/seo\/ -->\n<title>Mad Blast Slot (Push Gaming) Demo - RTP, Payouts, Volatility<\/title>\n<meta name=\"description\" content=\"Find out more about Mad Blast by Push Gaming. Learn more about the 7 bonus features of the slot. Features and parameters of Mad Blast casino game.\" \/>\n<meta name=\"robots\" content=\"index, follow, max-snippet:-1, max-image-preview:large, max-video-preview:-1\" \/>\n<link rel=\"canonical\" href=\"https:\/\/richrocketgame.com\/tr\/mad-blast\/\" \/>\n<meta property=\"og:locale\" content=\"tr_TR\" \/>\n<meta property=\"og:type\" content=\"article\" \/>\n<meta property=\"og:title\" content=\"Mad Blast Slot (Push Gaming) Demo - RTP, Payouts, Volatility\" \/>\n<meta property=\"og:description\" content=\"Find out more about Mad Blast by Push Gaming. Learn more about the 7 bonus features of the slot. Features and parameters of Mad Blast casino game.\" \/>\n<meta property=\"og:url\" content=\"https:\/\/richrocketgame.com\/tr\/mad-blast\/\" \/>\n<meta property=\"og:site_name\" content=\"Rich Rocket Game\" \/>\n<meta property=\"article:modified_time\" content=\"2025-08-01T08:24:01+00:00\" \/>\n<meta property=\"og:image\" content=\"https:\/\/richrocketgame.com\/wp-content\/uploads\/2025\/02\/mad-blast-slot.jpg\" \/>\n<meta name=\"twitter:card\" content=\"summary_large_image\" \/>\n<meta name=\"twitter:label1\" content=\"Tahmini okuma s\u00fcresi\" \/>\n\t<meta name=\"twitter:data1\" content=\"5 dakika\" \/>\n<!-- \/ Yoast SEO plugin. -->","yoast_head_json":{"title":"Mad Blast Slot (Push Gaming) Demo - RTP, \u00d6demeler, Volatilite","description":"Push Gaming&#039;in Mad Blast&#039;\u0131 hakk\u0131nda daha fazla bilgi edinin. Slotun 7 bonus \u00f6zelli\u011fi hakk\u0131nda daha fazla bilgi edinin. Mad Blast casino oyununun \u00f6zellikleri ve parametreleri.","robots":{"index":"index","follow":"follow","max-snippet":"max-snippet:-1","max-image-preview":"max-image-preview:large","max-video-preview":"max-video-preview:-1"},"canonical":"https:\/\/richrocketgame.com\/tr\/mad-blast\/","og_locale":"tr_TR","og_type":"article","og_title":"Mad Blast Slot (Push Gaming) Demo - RTP, Payouts, Volatility","og_description":"Find out more about Mad Blast by Push Gaming. Learn more about the 7 bonus features of the slot. Features and parameters of Mad Blast casino game.","og_url":"https:\/\/richrocketgame.com\/tr\/mad-blast\/","og_site_name":"Rich Rocket Game","article_modified_time":"2025-08-01T08:24:01+00:00","og_image":[{"url":"https:\/\/richrocketgame.com\/wp-content\/uploads\/2025\/02\/mad-blast-slot.jpg","type":"","width":"","height":""}],"twitter_card":"summary_large_image","twitter_misc":{"Tahmini okuma s\u00fcresi":"5 dakika"},"schema":{"@context":"https:\/\/schema.org","@graph":[{"@type":"WebPage","@id":"https:\/\/richrocketgame.com\/mad-blast\/","url":"https:\/\/richrocketgame.com\/mad-blast\/","name":"Mad Blast Slot (Push Gaming) Demo - RTP, \u00d6demeler, Volatilite","isPartOf":{"@id":"https:\/\/richrocketgame.com\/#website"},"primaryImageOfPage":{"@id":"https:\/\/richrocketgame.com\/mad-blast\/#primaryimage"},"image":{"@id":"https:\/\/richrocketgame.com\/mad-blast\/#primaryimage"},"thumbnailUrl":"https:\/\/richrocketgame.com\/wp-content\/uploads\/2025\/02\/mad-blast-slot.jpg","datePublished":"2025-02-12T10:49:43+00:00","dateModified":"2025-08-01T08:24:01+00:00","description":"Push Gaming&#039;in Mad Blast&#039;\u0131 hakk\u0131nda daha fazla bilgi edinin. Slotun 7 bonus \u00f6zelli\u011fi hakk\u0131nda daha fazla bilgi edinin. Mad Blast casino oyununun \u00f6zellikleri ve parametreleri.","breadcrumb":{"@id":"https:\/\/richrocketgame.com\/mad-blast\/#breadcrumb"},"inLanguage":"tr","potentialAction":[{"@type":"ReadAction","target":["https:\/\/richrocketgame.com\/mad-blast\/"]}]},{"@type":"ImageObject","inLanguage":"tr","@id":"https:\/\/richrocketgame.com\/mad-blast\/#primaryimage","url":"https:\/\/richrocketgame.com\/wp-content\/uploads\/2025\/02\/mad-blast-slot.jpg","contentUrl":"https:\/\/richrocketgame.com\/wp-content\/uploads\/2025\/02\/mad-blast-slot.jpg"},{"@type":"BreadcrumbList","@id":"https:\/\/richrocketgame.com\/mad-blast\/#breadcrumb","itemListElement":[{"@type":"ListItem","position":1,"name":"\u0413\u043b\u0430\u0432\u043d\u0430\u044f \u0441\u0442\u0440\u0430\u043d\u0438\u0446\u0430","item":"https:\/\/richrocketgame.com\/"},{"@type":"ListItem","position":2,"name":"Mad Blast Slot Demo"}]},{"@type":"WebSite","@id":"https:\/\/richrocketgame.com\/#website","url":"https:\/\/richrocketgame.com\/","name":"Rich Rocket Oyun","description":"","publisher":{"@id":"https:\/\/richrocketgame.com\/#organization"},"potentialAction":[{"@type":"SearchAction","target":{"@type":"EntryPoint","urlTemplate":"https:\/\/richrocketgame.com\/?s={search_term_string}"},"query-input":{"@type":"PropertyValueSpecification","valueRequired":true,"valueName":"search_term_string"}}],"inLanguage":"tr"},{"@type":"Organization","@id":"https:\/\/richrocketgame.com\/#organization","name":"Rich Rocket Oyun","url":"https:\/\/richrocketgame.com\/","logo":{"@type":"ImageObject","inLanguage":"tr","@id":"https:\/\/richrocketgame.com\/#\/schema\/logo\/image\/","url":"https:\/\/richrocketgame.com\/wp-content\/uploads\/2022\/09\/Rich-Rocket-earning-app.png","contentUrl":"https:\/\/richrocketgame.com\/wp-content\/uploads\/2022\/09\/Rich-Rocket-earning-app.png","width":512,"height":512,"caption":"Rich Rocket Game"},"image":{"@id":"https:\/\/richrocketgame.com\/#\/schema\/logo\/image\/"}}]}},"_links":{"self":[{"href":"https:\/\/richrocketgame.com\/tr\/wp-json\/wp\/v2\/pages\/1115","targetHints":{"allow":["GET"]}}],"collection":[{"href":"https:\/\/richrocketgame.com\/tr\/wp-json\/wp\/v2\/pages"}],"about":[{"href":"https:\/\/richrocketgame.com\/tr\/wp-json\/wp\/v2\/types\/page"}],"author":[{"embeddable":true,"href":"https:\/\/richrocketgame.com\/tr\/wp-json\/wp\/v2\/users\/2"}],"replies":[{"embeddable":true,"href":"https:\/\/richrocketgame.com\/tr\/wp-json\/wp\/v2\/comments?post=1115"}],"version-history":[{"count":0,"href":"https:\/\/richrocketgame.com\/tr\/wp-json\/wp\/v2\/pages\/1115\/revisions"}],"wp:attachment":[{"href":"https:\/\/richrocketgame.com\/tr\/wp-json\/wp\/v2\/media?parent=1115"}],"curies":[{"name":"wp","href":"https:\/\/api.w.org\/{rel}","templated":true}]}}