{"id":1080,"date":"2025-02-12T11:57:14","date_gmt":"2025-02-12T08:57:14","guid":{"rendered":"https:\/\/richrocketgame.com\/?page_id=1080"},"modified":"2026-01-13T19:58:17","modified_gmt":"2026-01-13T16:58:17","slug":"wild-card-gang","status":"publish","type":"page","link":"https:\/\/richrocketgame.com\/tr\/wild-card-gang\/","title":{"rendered":"Wild Card Gang Slot Demo"},"content":{"rendered":"<div class=\"fpm_start\"><\/div>\n<p>Wild Card Gang is BGaming&#8217;s flagship slot in 2026. The success of this slot will allow the company to establish itself as one of the best slot developers. And the game has every chance of becoming a hit. The mechanics of combining winning symbols and the non-standard system of launching free spins and winning x5,000 &#8211; Wild Card Gang slot have prepared a lot of surprises for casino visitors.<\/p>\n<div style=\"text-align: center;\"><a class=\"glow-button\" href=\"\/tr\/go\/registration\/\" rel=\"noreferrer noopener nofollow\">Casino Oyna<\/a><\/div>\n<table>\n<tbody>\n<tr>\n<td>Lansman tarihi<\/td>\n<td>26 \u015eubat 2025<\/td>\n<\/tr>\n<tr>\n<td>Makaralar<\/td>\n<td>6<\/td>\n<\/tr>\n<tr>\n<td>S\u0131ralar<\/td>\n<td>6<\/td>\n<\/tr>\n<tr>\n<td>RTP<\/td>\n<td>97,25%<\/td>\n<\/tr>\n<tr>\n<td>Volatilite<\/td>\n<td>\u00c7ok y\u00fcksek<\/td>\n<\/tr>\n<tr>\n<td>\u00d6deme hatlar\u0131<\/td>\n<td>K\u00fcme \u00d6demeleri<\/td>\n<\/tr>\n<tr>\n<td>Maksimum kazan\u00e7lar<\/td>\n<td>x5.000<\/td>\n<\/tr>\n<\/tbody>\n<\/table>\n<div id=\"ez-toc-container\" class=\"ez-toc-v2_0_62 counter-hierarchy ez-toc-counter ez-toc-grey ez-toc-container-direction\">\n<div class=\"ez-toc-title-container\">\n<p class=\"ez-toc-title\" >\u0130\u00e7indekiler<\/p>\n<span class=\"ez-toc-title-toggle\"><a href=\"#\" class=\"ez-toc-pull-right ez-toc-btn ez-toc-btn-xs ez-toc-btn-default ez-toc-toggle\" aria-label=\"\u0130\u00e7indekiler Tablosunu De\u011fi\u015ftir\"><span class=\"ez-toc-js-icon-con\"><span class=\"\"><span class=\"eztoc-hide\" style=\"display:none;\">De\u011fi\u015ftir<\/span><span class=\"ez-toc-icon-toggle-span\"><svg style=\"fill: #999;color:#999\" xmlns=\"http:\/\/www.w3.org\/2000\/svg\" class=\"list-377408\" width=\"20px\" height=\"20px\" viewbox=\"0 0 24 24\" fill=\"none\"><path d=\"M6 6H4v2h2V6zm14 0H8v2h12V6zM4 11h2v2H4v-2zm16 0H8v2h12v-2zM4 16h2v2H4v-2zm16 0H8v2h12v-2z\" fill=\"currentColor\"><\/path><\/svg><svg style=\"fill: #999;color:#999\" class=\"arrow-unsorted-368013\" xmlns=\"http:\/\/www.w3.org\/2000\/svg\" width=\"10px\" height=\"10px\" viewbox=\"0 0 24 24\" version=\"1.2\" baseprofile=\"tiny\"><path d=\"M18.2 9.3l-6.2-6.3-6.2 6.3c-.2.2-.3.4-.3.7s.1.5.3.7c.2.2.4.3.7.3h11c.3 0 .5-.1.7-.3.2-.2.3-.5.3-.7s-.1-.5-.3-.7zM5.8 14.7l6.2 6.3 6.2-6.3c.2-.2.3-.5.3-.7s-.1-.5-.3-.7c-.2-.2-.4-.3-.7-.3h-11c-.3 0-.5.1-.7.3-.2.2-.3.5-.3.7s.1.5.3.7z\"\/><\/svg><\/span><\/span><\/span><\/a><\/span><\/div>\n<nav><ul class='ez-toc-list ez-toc-list-level-1 eztoc-toggle-hide-by-default' ><li class='ez-toc-page-1 ez-toc-heading-level-2'><a class=\"ez-toc-link ez-toc-heading-1\" href=\"https:\/\/richrocketgame.com\/tr\/wild-card-gang\/#What_We_Know_About_Wild_Card_Gang_Slot\" title=\"Wild Card Gang Slotu Hakk\u0131nda Bildiklerimiz\">Wild Card Gang Slotu Hakk\u0131nda Bildiklerimiz<\/a><ul class='ez-toc-list-level-3' ><li class='ez-toc-heading-level-3'><a class=\"ez-toc-link ez-toc-heading-2\" href=\"https:\/\/richrocketgame.com\/tr\/wild-card-gang\/#Bonus_Features_of_the_Game\" title=\"Oyunun Bonus \u00d6zellikleri\">Oyunun Bonus \u00d6zellikleri<\/a><\/li><li class='ez-toc-page-1 ez-toc-heading-level-3'><a class=\"ez-toc-link ez-toc-heading-3\" href=\"https:\/\/richrocketgame.com\/tr\/wild-card-gang\/#Paid_Bonuses\" title=\"\u00d6denen Bonuslar\">\u00d6denen Bonuslar<\/a><\/li><\/ul><\/li><li class='ez-toc-page-1 ez-toc-heading-level-2'><a class=\"ez-toc-link ez-toc-heading-4\" href=\"https:\/\/richrocketgame.com\/tr\/wild-card-gang\/#Why_Play_Wild_Card_Gang\" title=\"Neden Wild Card Gang Oynamal\u0131s\u0131n\u0131z?\">Neden Wild Card Gang Oynamal\u0131s\u0131n\u0131z?<\/a><\/li><li class='ez-toc-page-1 ez-toc-heading-level-2'><a class=\"ez-toc-link ez-toc-heading-5\" href=\"https:\/\/richrocketgame.com\/tr\/wild-card-gang\/#FAQ\" title=\"SSS\">SSS<\/a><ul class='ez-toc-list-level-3' ><li class='ez-toc-heading-level-3'><a class=\"ez-toc-link ez-toc-heading-6\" href=\"https:\/\/richrocketgame.com\/tr\/wild-card-gang\/#How_does_the_Cluster_Pays_mechanic_work\" title=\"K\u00fcme \u00d6demeleri mekanizmas\u0131 nas\u0131l \u00e7al\u0131\u015f\u0131r?\">K\u00fcme \u00d6demeleri mekanizmas\u0131 nas\u0131l \u00e7al\u0131\u015f\u0131r?<\/a><\/li><li class='ez-toc-page-1 ez-toc-heading-level-3'><a class=\"ez-toc-link ez-toc-heading-7\" href=\"https:\/\/richrocketgame.com\/tr\/wild-card-gang\/#Is_it_worth_playing_Wild_Card_Gang_for_real_money_right_away_or_is_it_better_to_try_the_demo_version\" title=\"Wild Card Gang&#039;\u0131 hemen ger\u00e7ek parayla oynamaya de\u011fer mi, yoksa demo versiyonunu denemek daha m\u0131 iyi?\">Wild Card Gang&#039;\u0131 hemen ger\u00e7ek parayla oynamaya de\u011fer mi, yoksa demo versiyonunu denemek daha m\u0131 iyi?<\/a><\/li><li class='ez-toc-page-1 ez-toc-heading-level-3'><a class=\"ez-toc-link ez-toc-heading-8\" href=\"https:\/\/richrocketgame.com\/tr\/wild-card-gang\/#How_often_do_the_free_spins_round_fall_out\" title=\"\u00dccretsiz d\u00f6nd\u00fcrme turlar\u0131 ne s\u0131kl\u0131kla ger\u00e7ekle\u015fir?\">\u00dccretsiz d\u00f6nd\u00fcrme turlar\u0131 ne s\u0131kl\u0131kla ger\u00e7ekle\u015fir?<\/a><\/li><\/ul><\/li><\/ul><\/nav><\/div>\n<h2><span class=\"ez-toc-section\" id=\"What_We_Know_About_Wild_Card_Gang_Slot\"><\/span>Wild Card Gang Slotu Hakk\u0131nda Bildiklerimiz<span class=\"ez-toc-section-end\"><\/span><\/h2>\n<p>Wild Card Gang, oyun kartlar\u0131 d\u00fcnyas\u0131n\u0131 hayata ge\u00e7iriyor. \u00dcst d\u00fczey kartlar (A, K, Q, J) karizmatik bir gangster grubu bi\u00e7iminde sunuluyor. Al\u0131\u015f\u0131lmad\u0131k fikir ve g\u00f6rsel stil, oyunun piyasaya s\u00fcr\u00fclmeden \u00f6nce bile birka\u00e7 puan kazanmas\u0131n\u0131 sa\u011fl\u0131yor.<\/p>\n<p>BGaming, kombinasyonlar\u0131n d\u00fc\u015fme olas\u0131l\u0131\u011f\u0131n\u0131 art\u0131ran b\u00fcy\u00fck bir 6\u00d76 oyun alan\u0131 olu\u015fturdu. Bu, 97.25%&#039;ye ula\u015fan y\u00fcksek RTP ile do\u011frulan\u0131yor. Oyunculara makul getiri oran\u0131na ra\u011fmen, oyuncular y\u00fcksek oynakl\u0131k nedeniyle dikkatli olmal\u0131d\u0131r.<\/p>\n<p>Testler, kazanan kombinasyonlar\u0131n yakla\u015f\u0131k her \u00fc\u00e7 d\u00f6n\u00fc\u015fte bir d\u00fc\u015ft\u00fc\u011f\u00fcn\u00fc g\u00f6stermi\u015ftir. Maksimum bahiste, oyuncular $250.000&#039;e kadar kazanabilirler.<\/p>\n<p><a href=\"https:\/\/richrocketgame.com\/tr\/go\/registration\/\" target=\"_blank\" rel=\"noreferrer noopener nofollow\"><img decoding=\"async\" class=\"aligncenter wp-image-1086\" src=\"https:\/\/richrocketgame.com\/wp-content\/uploads\/2025\/02\/wild-card-gang-slot.jpg\" alt=\"BGaming&#039;in Wild Card Gang slotu.\" width=\"356\" height=\"462\" srcset=\"https:\/\/richrocketgame.com\/wp-content\/uploads\/2025\/02\/wild-card-gang-slot.jpg 553w, https:\/\/richrocketgame.com\/wp-content\/uploads\/2025\/02\/wild-card-gang-slot-231x300.jpg 231w, https:\/\/richrocketgame.com\/wp-content\/uploads\/2025\/02\/wild-card-gang-slot-9x12.jpg 9w, https:\/\/richrocketgame.com\/wp-content\/uploads\/2025\/02\/wild-card-gang-slot-31x40.jpg 31w, https:\/\/richrocketgame.com\/wp-content\/uploads\/2025\/02\/wild-card-gang-slot-25x32.jpg 25w, https:\/\/richrocketgame.com\/wp-content\/uploads\/2025\/02\/wild-card-gang-slot-62x80.jpg 62w, https:\/\/richrocketgame.com\/wp-content\/uploads\/2025\/02\/wild-card-gang-slot-104x135.jpg 104w\" sizes=\"(max-width: 356px) 100vw, 356px\" \/><\/a><\/p>\n<h3><span class=\"ez-toc-section\" id=\"Bonus_Features_of_the_Game\"><\/span><strong>Oyunun Bonus \u00d6zellikleri<\/strong><span class=\"ez-toc-section-end\"><\/span><\/h3>\n<p>Wild Card Gang casino oyununun en ilgin\u00e7 yenili\u011fi MergeUP\u2122 mekani\u011fidir. Kazanan kombinasyonlarda yer alan semboller daha y\u00fcksek seviyedeki sembollerle birle\u015ftirilerek \u00f6demeler art\u0131r\u0131l\u0131r. Ayn\u0131 zamanda yeni semboller i\u00e7in alan a\u00e7\u0131l\u0131r ve bu da yeni kombinasyonlar olu\u015fturma olas\u0131l\u0131\u011f\u0131n\u0131 art\u0131r\u0131r. Oyunda dokuz sembol seviyesi vard\u0131r ve bundan sonra k\u00fcme bir da\u011f\u0131l\u0131ma d\u00f6n\u00fc\u015f\u00fcr.<\/p>\n<p>Oyun alan\u0131nda 4 veya daha fazla scatter&#039;\u0131n g\u00f6r\u00fcnmesi, \u00fccretsiz d\u00f6n\u00fc\u015fler Wild Card Gang&#039;\u0131 tetikler. Bu t\u00fcr sembollerin say\u0131s\u0131, makaralar\u0131 ka\u00e7 kez ba\u015flatabilece\u011finizi belirler:<\/p>\n<ul>\n<li>4 scatter \u2013 15 d\u00f6n\u00fc\u015f;<\/li>\n<li>5 scatter \u2013 18 d\u00f6n\u00fc\u015f;<\/li>\n<li>6 scatter \u2013 20 spin.<\/li>\n<\/ul>\n<p>Bonus turu s\u0131ras\u0131nda, k\u00fcmenin topland\u0131\u011f\u0131 h\u00fccreler \u00e7arpanlar al\u0131r. Katsay\u0131 x2&#039;den ba\u015flar ve x128&#039;e ula\u015f\u0131r. Ayr\u0131ca, ba\u015fka bir scatter kombinasyonunu toplayarak, \u00fccretsiz d\u00f6n\u00fc\u015f say\u0131s\u0131n\u0131 6, 8 veya 10 art\u0131rabilirsiniz.<\/p>\n<div style=\"text-align: center;\"><a class=\"glow-button\" href=\"\/tr\/go\/registration\/\" rel=\"noreferrer noopener nofollow\">Wild Card Gang&#039;\u0131 deneyin<\/a><\/div>\n<h3><span class=\"ez-toc-section\" id=\"Paid_Bonuses\"><\/span><strong>\u00d6denen Bonuslar<\/strong><span class=\"ez-toc-section-end\"><\/span><\/h3>\n<p>Oyuncu, \u00f6zel sembollerin d\u00fc\u015fme olas\u0131l\u0131\u011f\u0131n\u0131 2 kat\u0131na \u00e7\u0131karan \u201cChance x2\u201d \u00f6zelli\u011fini etkinle\u015ftirebilir. Bahis 25% kadar artar. Bahsin 100 kat\u0131 kar\u015f\u0131l\u0131\u011f\u0131nda, \u00fccretsiz d\u00f6n\u00fc\u015fler turu i\u00e7in bir ge\u00e7i\u015f sat\u0131n alabilirsiniz. Makara d\u00f6n\u00fc\u015flerinin say\u0131s\u0131 rastgele belirlenir.<\/p><script data-noptimize=\"\" data-wpfc-render=\"false\">\n\/* <![CDATA[ *\/\nfpm_start( \"true\" );\n\/* ]]> *\/\n<\/script>\n\n<p><a href=\"https:\/\/richrocketgame.com\/tr\/go\/registration\/\" target=\"_blank\" rel=\"noreferrer noopener nofollow\"><img decoding=\"async\" class=\"aligncenter wp-image-1087 size-full\" src=\"https:\/\/richrocketgame.com\/wp-content\/uploads\/2025\/02\/wild-card-gang-casino-game.jpg\" alt=\"Wild Card Gang casino oyunu.\" width=\"998\" height=\"624\" srcset=\"https:\/\/richrocketgame.com\/wp-content\/uploads\/2025\/02\/wild-card-gang-casino-game.jpg 998w, https:\/\/richrocketgame.com\/wp-content\/uploads\/2025\/02\/wild-card-gang-casino-game-300x188.jpg 300w, https:\/\/richrocketgame.com\/wp-content\/uploads\/2025\/02\/wild-card-gang-casino-game-768x480.jpg 768w, https:\/\/richrocketgame.com\/wp-content\/uploads\/2025\/02\/wild-card-gang-casino-game-18x12.jpg 18w, https:\/\/richrocketgame.com\/wp-content\/uploads\/2025\/02\/wild-card-gang-casino-game-64x40.jpg 64w, https:\/\/richrocketgame.com\/wp-content\/uploads\/2025\/02\/wild-card-gang-casino-game-51x32.jpg 51w, https:\/\/richrocketgame.com\/wp-content\/uploads\/2025\/02\/wild-card-gang-casino-game-128x80.jpg 128w, https:\/\/richrocketgame.com\/wp-content\/uploads\/2025\/02\/wild-card-gang-casino-game-216x135.jpg 216w\" sizes=\"(max-width: 998px) 100vw, 998px\" \/><\/a><\/p>\n<h2><span class=\"ez-toc-section\" id=\"Why_Play_Wild_Card_Gang\"><\/span>Neden Wild Card Gang Oynamal\u0131s\u0131n\u0131z?<span class=\"ez-toc-section-end\"><\/span><\/h2>\n<p>Oyun, bir\u00e7ok nedenden dolay\u0131 kumar toplulu\u011funun dikkatini hak ediyor:<\/p>\n<ul>\n<li>Yeni mekanikler. MergeUP\u2122 slota tazelik kat\u0131yor ve ortalama \u00f6demeyi \u00f6nemli \u00f6l\u00e7\u00fcde art\u0131r\u0131yor.<\/li>\n<li>\u00c7ok y\u00fcksek RTP. Birka\u00e7 slot bug\u00fcne kadar oyunculara bahislerinin 97%&#039;sinden fazlas\u0131n\u0131 iade etti.<\/li>\n<li>Bonus \u00f6zellikleri. Kazanmak i\u00e7in bol miktarda ek f\u0131rsat oyuncular\u0131n s\u0131k\u0131lmas\u0131na izin vermeyecektir.<\/li>\n<li>\u0130lgi \u00e7ekici tema ve tasar\u0131m. Yapay zeka ile geli\u015ftirilmi\u015f \u00e7izimler ve karakter seslendirmeleri ak\u0131lda kal\u0131c\u0131 bir atmosfer yarat\u0131yor.<\/li>\n<\/ul>\n<p>Wild Card Gang oynayabilece\u011finiz en iyi casinolar bu sayfada. Y\u0131l\u0131n en b\u00fcy\u00fck sansasyonu olabilecek slotu ka\u00e7\u0131rmay\u0131n.<\/p>\n<h2><span class=\"ez-toc-section\" id=\"FAQ\"><\/span>SSS<span class=\"ez-toc-section-end\"><\/span><\/h2>\n        <section class=\"sc_fs_faq sc_card\">\n            <div>\n\t\t\t\t<h3><span class=\"ez-toc-section\" id=\"How_does_the_Cluster_Pays_mechanic_work\"><\/span>K\u00fcme \u00d6demeleri mekanizmas\u0131 nas\u0131l \u00e7al\u0131\u015f\u0131r?<span class=\"ez-toc-section-end\"><\/span><\/h3>                <div>\n\t\t\t\t\t                    <p>\n\t\t\t\t\t\tBu \u00f6zelli\u011fi destekleyen slotlarda, kazanan semboller daha y\u00fcksek seviyeli semboller halinde k\u00fcmelenir. Yeni semboller, basamakl\u0131 sistemli oyunlarda oldu\u011fu gibi, bo\u015falan yerlerde belirir.                    <\/p>\n                <\/div>\n            <\/div>\n        <\/section>\n\t\t        <section class=\"sc_fs_faq sc_card\">\n            <div>\n\t\t\t\t<h3><span class=\"ez-toc-section\" id=\"Is_it_worth_playing_Wild_Card_Gang_for_real_money_right_away_or_is_it_better_to_try_the_demo_version\"><\/span>Wild Card Gang&#039;\u0131 hemen ger\u00e7ek parayla oynamaya de\u011fer mi, yoksa demo versiyonunu denemek daha m\u0131 iyi?<span class=\"ez-toc-section-end\"><\/span><\/h3>                <div>\n\t\t\t\t\t                    <p>\n\t\t\t\t\t\tSlot, deneyimli oyunculara bile yabanc\u0131 gelebilecek bir\u00e7ok yeni mekanik sunuyor. Bu nedenle, i\u015flevselli\u011fe a\u015fina olmak i\u00e7in \u00fccretsiz Wild Card Gang&#039;i denemek daha iyidir.                    <\/p>\n                <\/div>\n            <\/div>\n        <\/section>\n\t\t        <section class=\"sc_fs_faq sc_card\">\n            <div>\n\t\t\t\t<h3><span class=\"ez-toc-section\" id=\"How_often_do_the_free_spins_round_fall_out\"><\/span>\u00dccretsiz d\u00f6nd\u00fcrme turlar\u0131 ne s\u0131kl\u0131kla ger\u00e7ekle\u015fir?<span class=\"ez-toc-section-end\"><\/span><\/h3>                <div>\n\t\t\t\t\t                    <p>\n\t\t\t\t\t\tBGaming, bonus turunun her 275 d\u00f6n\u00fc\u015fte bir d\u00fc\u015ft\u00fc\u011f\u00fcn\u00fc iddia ediyor. \u0130statistikleri, slot \u015eubat ay\u0131n\u0131n sonunda yay\u0131nland\u0131ktan sonra kontrol edebiliriz.                    <\/p>\n                <\/div>\n            <\/div>\n        <\/section>\n\t\t\n<script type=\"application\/ld+json\">{\n    \"@context\": \"https:\\\/\\\/schema.org\",\n    \"@type\": \"FAQPage\",\n    \"mainEntity\": [\n        {\n            \"@type\": \"Question\",\n            \"name\": \"How does the Cluster Pays mechanic work?\",\n            \"acceptedAnswer\": {\n                \"@type\": \"Answer\",\n                \"text\": \"In slots that support this feature, winning symbols are clustered into higher-level symbols. New symbols appear on the vacated places, as in games with a cascade system.\"\n            }\n        },\n        {\n            \"@type\": \"Question\",\n            \"name\": \"Is it worth playing Wild Card Gang for real money right away, or is it better to try the demo version?\",\n            \"acceptedAnswer\": {\n                \"@type\": \"Answer\",\n                \"text\": \"The slot offers a lot of new mechanics that may be unfamiliar even to experienced players. Therefore, trying the free Wild Card Gang to familiarize yourself with the functionality is better.\"\n            }\n        },\n        {\n            \"@type\": \"Question\",\n            \"name\": \"How often do the free spins round fall out?\",\n            \"acceptedAnswer\": {\n                \"@type\": \"Answer\",\n                \"text\": \"BGaming claims that the bonus round falls out once every 275 spins. We can check the statistics after the slot is released at the end of February.\"\n            }\n        }\n    ]\n}<\/script>\n\n<div class=\"fpm_end\"><\/div>\n<div class=\"author-card author-card--top\"><img alt='Avatar foto\u011fraf\u0131' src='https:\/\/richrocketgame.com\/wp-content\/uploads\/2023\/03\/Paulo-Dornelas-130x130.jpg' srcset='https:\/\/richrocketgame.com\/wp-content\/uploads\/2023\/03\/Paulo-Dornelas-260x260.jpg 2x' class='avatar avatar-130 photo author-image' height='130' width='130' \/><div class=\"author-content text-md-center\"><span class=\"author-title\">Yazar<\/span><a href=\"https:\/\/richrocketgame.com\/tr\/author\/paulo-dornelas\/\" class=\"author-name\">Paulo Dornelas<\/a><p class=\"author__details\">Paulo Dornelas, hayat\u0131n\u0131 sekt\u00f6r\u00fc anlamaya ve ba\u015fkalar\u0131n\u0131n bu sekt\u00f6rden para kazanmas\u0131na yard\u0131mc\u0131 olmaya adam\u0131\u015f bir kumar uzman\u0131d\u0131r. Ayn\u0131 zamanda hevesli bir gezgindir ve yeni yerler ke\u015ffetmeyi sever. Paulo'nun kumar konusundaki bilgisi ve seyahat tutkusu, onu spor bahislerinden veya casino oyunlar\u0131ndan ciddi k\u00e2rlar elde etmek isteyen herkes i\u00e7in m\u00fckemmel bir rehber haline getiriyor.<\/p><\/div><!-- \/.author-content --><\/div>","protected":false},"excerpt":{"rendered":"<p>Wild Card Gang is BGaming&#8217;s flagship slot in 2026. The success of this slot will allow the company to establish itself as one of the best slot developers. And the game has every chance of becoming a hit. The mechanics of combining winning symbols and the non-standard system of launching free spins and winning x5,000 [&hellip;]<\/p>","protected":false},"author":2,"featured_media":0,"parent":0,"menu_order":0,"comment_status":"closed","ping_status":"closed","template":"page-no-sidebar.php","meta":{"footnotes":""},"class_list":["post-1080","page","type-page","status-publish","hentry"],"yoast_head":"<!-- This site is optimized with the Yoast SEO plugin v26.7 - https:\/\/yoast.com\/wordpress\/plugins\/seo\/ -->\n<title>Wild Card Gang by BGaming - Free Play<\/title>\n<meta name=\"description\" content=\"Meet Wild Card Gang casino game, a contender for top slot 2026. Get to know the new features. Get ready to play Wild Card Gang.\" \/>\n<meta name=\"robots\" content=\"index, follow, max-snippet:-1, max-image-preview:large, max-video-preview:-1\" \/>\n<link rel=\"canonical\" href=\"https:\/\/richrocketgame.com\/tr\/wild-card-gang\/\" \/>\n<meta property=\"og:locale\" content=\"tr_TR\" \/>\n<meta property=\"og:type\" content=\"article\" \/>\n<meta property=\"og:title\" content=\"Wild Card Gang by BGaming - Free Play\" \/>\n<meta property=\"og:description\" content=\"Meet Wild Card Gang casino game, a contender for top slot 2026. Get to know the new features. Get ready to play Wild Card Gang.\" \/>\n<meta property=\"og:url\" content=\"https:\/\/richrocketgame.com\/tr\/wild-card-gang\/\" \/>\n<meta property=\"og:site_name\" content=\"Rich Rocket Game\" \/>\n<meta property=\"article:modified_time\" content=\"2026-01-13T16:58:17+00:00\" \/>\n<meta property=\"og:image\" content=\"https:\/\/richrocketgame.com\/wp-content\/uploads\/2025\/02\/wild-card-gang-slot.jpg\" \/>\n\t<meta property=\"og:image:width\" content=\"553\" \/>\n\t<meta property=\"og:image:height\" content=\"718\" \/>\n\t<meta property=\"og:image:type\" content=\"image\/jpeg\" \/>\n<meta name=\"twitter:card\" content=\"summary_large_image\" \/>\n<meta name=\"twitter:label1\" content=\"Tahmini okuma s\u00fcresi\" \/>\n\t<meta name=\"twitter:data1\" content=\"4 dakika\" \/>\n<!-- \/ Yoast SEO plugin. -->","yoast_head_json":{"title":"BGaming&#039;den Wild Card Gang - \u00dccretsiz Oyun","description":"Meet Wild Card Gang casino game, a contender for top slot 2026. Get to know the new features. Get ready to play Wild Card Gang.","robots":{"index":"index","follow":"follow","max-snippet":"max-snippet:-1","max-image-preview":"max-image-preview:large","max-video-preview":"max-video-preview:-1"},"canonical":"https:\/\/richrocketgame.com\/tr\/wild-card-gang\/","og_locale":"tr_TR","og_type":"article","og_title":"Wild Card Gang by BGaming - Free Play","og_description":"Meet Wild Card Gang casino game, a contender for top slot 2026. Get to know the new features. Get ready to play Wild Card Gang.","og_url":"https:\/\/richrocketgame.com\/tr\/wild-card-gang\/","og_site_name":"Rich Rocket Game","article_modified_time":"2026-01-13T16:58:17+00:00","og_image":[{"width":553,"height":718,"url":"https:\/\/richrocketgame.com\/wp-content\/uploads\/2025\/02\/wild-card-gang-slot.jpg","type":"image\/jpeg"}],"twitter_card":"summary_large_image","twitter_misc":{"Tahmini okuma s\u00fcresi":"4 dakika"},"schema":{"@context":"https:\/\/schema.org","@graph":[{"@type":"WebPage","@id":"https:\/\/richrocketgame.com\/wild-card-gang\/","url":"https:\/\/richrocketgame.com\/wild-card-gang\/","name":"BGaming&#039;den Wild Card Gang - \u00dccretsiz Oyun","isPartOf":{"@id":"https:\/\/richrocketgame.com\/#website"},"primaryImageOfPage":{"@id":"https:\/\/richrocketgame.com\/wild-card-gang\/#primaryimage"},"image":{"@id":"https:\/\/richrocketgame.com\/wild-card-gang\/#primaryimage"},"thumbnailUrl":"https:\/\/richrocketgame.com\/wp-content\/uploads\/2025\/02\/wild-card-gang-slot.jpg","datePublished":"2025-02-12T08:57:14+00:00","dateModified":"2026-01-13T16:58:17+00:00","description":"Meet Wild Card Gang casino game, a contender for top slot 2026. Get to know the new features. Get ready to play Wild Card Gang.","breadcrumb":{"@id":"https:\/\/richrocketgame.com\/wild-card-gang\/#breadcrumb"},"inLanguage":"tr","potentialAction":[{"@type":"ReadAction","target":["https:\/\/richrocketgame.com\/wild-card-gang\/"]}]},{"@type":"ImageObject","inLanguage":"tr","@id":"https:\/\/richrocketgame.com\/wild-card-gang\/#primaryimage","url":"https:\/\/richrocketgame.com\/wp-content\/uploads\/2025\/02\/wild-card-gang-slot.jpg","contentUrl":"https:\/\/richrocketgame.com\/wp-content\/uploads\/2025\/02\/wild-card-gang-slot.jpg"},{"@type":"BreadcrumbList","@id":"https:\/\/richrocketgame.com\/wild-card-gang\/#breadcrumb","itemListElement":[{"@type":"ListItem","position":1,"name":"\u0413\u043b\u0430\u0432\u043d\u0430\u044f \u0441\u0442\u0440\u0430\u043d\u0438\u0446\u0430","item":"https:\/\/richrocketgame.com\/"},{"@type":"ListItem","position":2,"name":"Wild Card Gang Slot Demo"}]},{"@type":"WebSite","@id":"https:\/\/richrocketgame.com\/#website","url":"https:\/\/richrocketgame.com\/","name":"Rich Rocket Oyun","description":"","publisher":{"@id":"https:\/\/richrocketgame.com\/#organization"},"potentialAction":[{"@type":"SearchAction","target":{"@type":"EntryPoint","urlTemplate":"https:\/\/richrocketgame.com\/?s={search_term_string}"},"query-input":{"@type":"PropertyValueSpecification","valueRequired":true,"valueName":"search_term_string"}}],"inLanguage":"tr"},{"@type":"Organization","@id":"https:\/\/richrocketgame.com\/#organization","name":"Rich Rocket Oyun","url":"https:\/\/richrocketgame.com\/","logo":{"@type":"ImageObject","inLanguage":"tr","@id":"https:\/\/richrocketgame.com\/#\/schema\/logo\/image\/","url":"https:\/\/richrocketgame.com\/wp-content\/uploads\/2022\/09\/Rich-Rocket-earning-app.png","contentUrl":"https:\/\/richrocketgame.com\/wp-content\/uploads\/2022\/09\/Rich-Rocket-earning-app.png","width":512,"height":512,"caption":"Rich Rocket Game"},"image":{"@id":"https:\/\/richrocketgame.com\/#\/schema\/logo\/image\/"}}]}},"_links":{"self":[{"href":"https:\/\/richrocketgame.com\/tr\/wp-json\/wp\/v2\/pages\/1080","targetHints":{"allow":["GET"]}}],"collection":[{"href":"https:\/\/richrocketgame.com\/tr\/wp-json\/wp\/v2\/pages"}],"about":[{"href":"https:\/\/richrocketgame.com\/tr\/wp-json\/wp\/v2\/types\/page"}],"author":[{"embeddable":true,"href":"https:\/\/richrocketgame.com\/tr\/wp-json\/wp\/v2\/users\/2"}],"replies":[{"embeddable":true,"href":"https:\/\/richrocketgame.com\/tr\/wp-json\/wp\/v2\/comments?post=1080"}],"version-history":[{"count":0,"href":"https:\/\/richrocketgame.com\/tr\/wp-json\/wp\/v2\/pages\/1080\/revisions"}],"wp:attachment":[{"href":"https:\/\/richrocketgame.com\/tr\/wp-json\/wp\/v2\/media?parent=1080"}],"curies":[{"name":"wp","href":"https:\/\/api.w.org\/{rel}","templated":true}]}}