{"id":1039,"date":"2025-02-11T18:44:02","date_gmt":"2025-02-11T15:44:02","guid":{"rendered":"https:\/\/richrocketgame.com\/?page_id=1039"},"modified":"2025-08-01T11:18:06","modified_gmt":"2025-08-01T08:18:06","slug":"jungle-queen-slot","status":"publish","type":"page","link":"https:\/\/richrocketgame.com\/tr\/jungle-queen-slot\/","title":{"rendered":"Jungle Queen Slot Demo"},"content":{"rendered":"<div class=\"fpm_start\"><\/div>\n<p>Yay\u0131nlanmas\u0131 20 \u015eubat 2025'te planlanan Jungle Queen slotu, oyuncular\u0131 ya\u011fmur ormanlar\u0131n\u0131n krali\u00e7esinin alan\u0131na g\u00f6t\u00fcrecek. 20 \u00f6deme \u00e7izgili 5\u00d73 oyun alan\u0131nda misafirperver bir kar\u015f\u0131lama sizi bekliyor. Krali\u00e7eyi memnun eden \u015fansl\u0131 oyuncular x10.000 kazanabilir. BGaming'in Jungle Queen'i, her d\u00f6n\u00fc\u015f\u00fc tahmin edilemez k\u0131lan d\u00f6rt bonus \u00f6zelli\u011fe sahiptir.<\/p>\n<div style=\"text-align: center;\"><a class=\"glow-button\" href=\"\/tr\/go\/registration\/\" rel=\"noreferrer noopener nofollow\">Slot Oynay\u0131n<\/a><\/div>\n<table>\n<tbody>\n<tr>\n<td>\u00c7\u0131k\u0131\u015f tarihi<\/td>\n<td>20 \u015eubat 2025<\/td>\n<\/tr>\n<tr>\n<td>Makaralar<\/td>\n<td>5<\/td>\n<\/tr>\n<tr>\n<td>S\u0131ralar<\/td>\n<td>3<\/td>\n<\/tr>\n<tr>\n<td>RTP<\/td>\n<td>96,15%<\/td>\n<\/tr>\n<tr>\n<td>Volatilite<\/td>\n<td>Y\u00fcksek<\/td>\n<\/tr>\n<tr>\n<td>Kazand\u0131ran \u00c7izgiler<\/td>\n<td>20<\/td>\n<\/tr>\n<tr>\n<td>Maksimum kazan\u00e7lar<\/td>\n<td>x10.000<\/td>\n<\/tr>\n<\/tbody>\n<\/table>\n<p>&nbsp;<\/p>\n<div id=\"ez-toc-container\" class=\"ez-toc-v2_0_62 counter-hierarchy ez-toc-counter ez-toc-grey ez-toc-container-direction\">\n<div class=\"ez-toc-title-container\">\n<p class=\"ez-toc-title\" >\u0130\u00e7indekiler<\/p>\n<span class=\"ez-toc-title-toggle\"><a href=\"#\" class=\"ez-toc-pull-right ez-toc-btn ez-toc-btn-xs ez-toc-btn-default ez-toc-toggle\" aria-label=\"\u0130\u00e7indekiler Tablosunu De\u011fi\u015ftir\"><span class=\"ez-toc-js-icon-con\"><span class=\"\"><span class=\"eztoc-hide\" style=\"display:none;\">De\u011fi\u015ftir<\/span><span class=\"ez-toc-icon-toggle-span\"><svg style=\"fill: #999;color:#999\" xmlns=\"http:\/\/www.w3.org\/2000\/svg\" class=\"list-377408\" width=\"20px\" height=\"20px\" viewbox=\"0 0 24 24\" fill=\"none\"><path d=\"M6 6H4v2h2V6zm14 0H8v2h12V6zM4 11h2v2H4v-2zm16 0H8v2h12v-2zM4 16h2v2H4v-2zm16 0H8v2h12v-2z\" fill=\"currentColor\"><\/path><\/svg><svg style=\"fill: #999;color:#999\" class=\"arrow-unsorted-368013\" xmlns=\"http:\/\/www.w3.org\/2000\/svg\" width=\"10px\" height=\"10px\" viewbox=\"0 0 24 24\" version=\"1.2\" baseprofile=\"tiny\"><path d=\"M18.2 9.3l-6.2-6.3-6.2 6.3c-.2.2-.3.4-.3.7s.1.5.3.7c.2.2.4.3.7.3h11c.3 0 .5-.1.7-.3.2-.2.3-.5.3-.7s-.1-.5-.3-.7zM5.8 14.7l6.2 6.3 6.2-6.3c.2-.2.3-.5.3-.7s-.1-.5-.3-.7c-.2-.2-.4-.3-.7-.3h-11c-.3 0-.5.1-.7.3-.2.2-.3.5-.3.7s.1.5.3.7z\"\/><\/svg><\/span><\/span><\/span><\/a><\/span><\/div>\n<nav><ul class='ez-toc-list ez-toc-list-level-1 eztoc-toggle-hide-by-default' ><li class='ez-toc-page-1 ez-toc-heading-level-2'><a class=\"ez-toc-link ez-toc-heading-1\" href=\"https:\/\/richrocketgame.com\/tr\/jungle-queen-slot\/#What_we_Know_About_the_Jungle_Queen_Game\" title=\"Jungle Queen Oyunu Hakk\u0131nda Bildiklerimiz\">Jungle Queen Oyunu Hakk\u0131nda Bildiklerimiz<\/a><ul class='ez-toc-list-level-3' ><li class='ez-toc-heading-level-3'><a class=\"ez-toc-link ez-toc-heading-2\" href=\"https:\/\/richrocketgame.com\/tr\/jungle-queen-slot\/#Bonus_Features_of_the_Slot\" title=\"Slotun Bonus \u00d6zellikleri\">Slotun Bonus \u00d6zellikleri<\/a><\/li><\/ul><\/li><li class='ez-toc-page-1 ez-toc-heading-level-2'><a class=\"ez-toc-link ez-toc-heading-3\" href=\"https:\/\/richrocketgame.com\/tr\/jungle-queen-slot\/#Why_play_the_Jungle_Queen_slot\" title=\"Neden Jungle Queen slotunu oynamal\u0131s\u0131n\u0131z?\">Neden Jungle Queen slotunu oynamal\u0131s\u0131n\u0131z?<\/a><\/li><li class='ez-toc-page-1 ez-toc-heading-level-2'><a class=\"ez-toc-link ez-toc-heading-4\" href=\"https:\/\/richrocketgame.com\/tr\/jungle-queen-slot\/#FAQ\" title=\"SSS\">SSS<\/a><ul class='ez-toc-list-level-3' ><li class='ez-toc-heading-level-3'><a class=\"ez-toc-link ez-toc-heading-5\" href=\"https:\/\/richrocketgame.com\/tr\/jungle-queen-slot\/#Is_there_a_jackpot_in_Jungle_Queen\" title=\"Jungle Queen&#039;de b\u00fcy\u00fck ikramiye var m\u0131?\">Jungle Queen'de b\u00fcy\u00fck ikramiye var m\u0131?<\/a><\/li><li class='ez-toc-page-1 ez-toc-heading-level-3'><a class=\"ez-toc-link ez-toc-heading-6\" href=\"https:\/\/richrocketgame.com\/tr\/jungle-queen-slot\/#Does_BGaming_plan_to_release_Jungle_Queen_Demo\" title=\"BGaming Jungle Queen Demosunu yay\u0131nlamay\u0131 planl\u0131yor mu?\">BGaming Jungle Queen Demosunu yay\u0131nlamay\u0131 planl\u0131yor mu?<\/a><\/li><li class='ez-toc-page-1 ez-toc-heading-level-3'><a class=\"ez-toc-link ez-toc-heading-7\" href=\"https:\/\/richrocketgame.com\/tr\/jungle-queen-slot\/#What_are_the_main_features_of_the_slot\" title=\"Slotun ana \u00f6zellikleri nelerdir?\">Slotun ana \u00f6zellikleri nelerdir?<\/a><\/li><\/ul><\/li><\/ul><\/nav><\/div>\n<h2><span class=\"ez-toc-section\" id=\"What_we_Know_About_the_Jungle_Queen_Game\"><\/span>Jungle Queen Oyunu Hakk\u0131nda Bildiklerimiz<span class=\"ez-toc-section-end\"><\/span><\/h2>\n<p>Jungle Queen casino oyunu oyuncular\u0131 gizemli bir ormanda hazine bulmaya davet ediyor. Stilistik olarak oyun, hayvan ve sihir temalar\u0131 aras\u0131nda denge kurar. Makaralarda d\u00fc\u015f\u00fck seviyeli kart ve y\u00fcksek seviyeli hayvan sembolleri g\u00f6receksiniz.<\/p>\n<p>BGaming $250,000 gibi y\u00fcksek bir maksimum kazan\u00e7 belirlemi\u015ftir. Bahislerin boyutu hakk\u0131nda hen\u00fcz belirli bir bilgi yok, ancak sa\u011flay\u0131c\u0131 oyunun farkl\u0131 b\u00fct\u00e7eler i\u00e7in tasarland\u0131\u011f\u0131n\u0131 vaat ediyor. Jungle Queen oynamaya karar verirseniz, her 4-5 d\u00f6n\u00fc\u015fte bir kazanan kombinasyonlara ula\u015fmay\u0131 bekleyebilirsiniz.<\/p>\n<p><a href=\"https:\/\/richrocketgame.com\/tr\/go\/registration\/\" target=\"_blank\" rel=\"noreferrer noopener nofollow\"><img decoding=\"async\" class=\"aligncenter wp-image-1046\" src=\"https:\/\/richrocketgame.com\/wp-content\/uploads\/2025\/02\/jungle-queen-slot.jpg\" alt=\"BGaming&#039;den Jungle Queen slotu.\" width=\"420\" height=\"512\" srcset=\"https:\/\/richrocketgame.com\/wp-content\/uploads\/2025\/02\/jungle-queen-slot.jpg 574w, https:\/\/richrocketgame.com\/wp-content\/uploads\/2025\/02\/jungle-queen-slot-246x300.jpg 246w, https:\/\/richrocketgame.com\/wp-content\/uploads\/2025\/02\/jungle-queen-slot-10x12.jpg 10w, https:\/\/richrocketgame.com\/wp-content\/uploads\/2025\/02\/jungle-queen-slot-33x40.jpg 33w, https:\/\/richrocketgame.com\/wp-content\/uploads\/2025\/02\/jungle-queen-slot-26x32.jpg 26w, https:\/\/richrocketgame.com\/wp-content\/uploads\/2025\/02\/jungle-queen-slot-66x80.jpg 66w, https:\/\/richrocketgame.com\/wp-content\/uploads\/2025\/02\/jungle-queen-slot-111x135.jpg 111w\" sizes=\"(max-width: 420px) 100vw, 420px\" \/><\/a><\/p>\n<h3><span class=\"ez-toc-section\" id=\"Bonus_Features_of_the_Slot\"><\/span>Slotun Bonus \u00d6zellikleri<span class=\"ez-toc-section-end\"><\/span><\/h3>\n<p>Oyun iki t\u00fcr Vah\u015fi Sembol sunar. Geleneksel \"Wild\" yaz\u0131s\u0131na ek olarak, kelebekler makaralarda g\u00f6r\u00fcnebilir ve \u00f6zel olanlar hari\u00e7 di\u011fer t\u00fcm sembollerin yerini alabilir. Bu durumda, makaralar\u0131n \u00fczerindeki panele g\u00f6z kulak olmak \u00e7ok \u00f6nemlidir - kelebeklerin o \u00e7ekili\u015fte d\u00f6n\u00fc\u015fmedi\u011fi sembolleri g\u00f6sterir.<\/p>\n<p>Jungle Queen online'daki di\u011fer bonus \u00f6zellikler daha da b\u00fcy\u00fck kazan\u00e7lar vaat ediyor:<\/p>\n<ul>\n<li>\u00dccretsiz D\u00f6nd\u00fcrme. \u00c7arklarda 12 \u00fccretsiz \u00e7evirme hakk\u0131 elde etmek i\u00e7in 3 scatter kombinasyonu toplay\u0131n.<\/li>\n<li>Mistik kelebekler. \u00dccretsiz d\u00f6nd\u00fcrmeler s\u0131ras\u0131nda bir \u00e7arpan etkindir. Belirli say\u0131da kelebek toplad\u0131\u011f\u0131n\u0131zda, \u00e7arpan\u0131 1 art\u0131r\u0131r, en az \u00f6deme yap\u0131lan sembol\u00fc makaralardan kald\u0131r\u0131r ve ek \u00fc\u00e7 \u00fccretsiz d\u00f6nd\u00fcrme elde edersiniz.<\/li>\n<li>Krali\u00e7enin Alt\u0131n Sikkeleri. Bu \u00f6zel semboller her an ortaya \u00e7\u0131kabilir ve bahsinizin 2.500 kat\u0131na kadar an\u0131nda \u00f6d\u00fcller kazand\u0131r\u0131r.<\/li>\n<\/ul>\n<p>BGaming, Jungle Queen'e oyuncular\u0131n bahsin x100'\u00fc kar\u015f\u0131l\u0131\u011f\u0131nda \u00fccretsiz d\u00f6nd\u00fcrme turuna giri\u015f sat\u0131n almalar\u0131na olanak tan\u0131yan bir Bonus Sat\u0131n Alma \u00f6zelli\u011fi ekledi. Bu, do\u011frudan oyunun en ilgin\u00e7 k\u0131sm\u0131na atlaman\u0131z\u0131 sa\u011flayacakt\u0131r.<\/p>\n<div style=\"text-align: center;\"><a class=\"glow-button\" href=\"\/tr\/go\/registration\/\">Jungle Queen'i deneyin<\/a><\/div>\n<h2><span class=\"ez-toc-section\" id=\"Why_play_the_Jungle_Queen_slot\"><\/span>Neden Jungle Queen slotunu oynamal\u0131s\u0131n\u0131z?<span class=\"ez-toc-section-end\"><\/span><\/h2>\n<p>Oyun birka\u00e7 nedenden \u00f6t\u00fcr\u00fc ilgiyi hak ediyor:<\/p><script data-noptimize=\"\" data-wpfc-render=\"false\">\n\/* <![CDATA[ *\/\nfpm_start( \"true\" );\n\/* ]]> *\/\n<\/script>\n\n<ul>\n<li>M\u00fckemmel maksimum kazan\u00e7lar. Bahis bir \u00e7ekili\u015fte 10.000 kat artabilir.<\/li>\n<li>Alt\u0131n Para \u00d6zelli\u011fi. Bahsin x2,500'\u00fcne sahip bir jeton oyun alan\u0131nda her an belirebilir.<\/li>\n<li>\u00dccretsiz D\u00f6nd\u00fcrme. Bonus turu, kazanma \u015fans\u0131n\u0131 art\u0131ran ek \u00f6zelliklere sahiptir.<\/li>\n<li>Tasar\u0131m ve stil. Tema yeni olmasa da BGaming, kendinizi kapt\u0131rmak isteyece\u011finiz ilgi \u00e7ekici bir atmosfer yaratt\u0131.<\/li>\n<\/ul>\n<p>Jungle Queen'in \u00e7\u0131k\u0131\u015f tarihini takviminizde i\u015faretleyin ve casinoda ilk deneyenlerden biri olun.<\/p>\n<p><a href=\"https:\/\/richrocketgame.com\/tr\/go\/registration\/\" target=\"_blank\" rel=\"noreferrer noopener nofollow\"><img decoding=\"async\" class=\"aligncenter wp-image-1053 size-full\" src=\"https:\/\/richrocketgame.com\/wp-content\/uploads\/2025\/02\/jungle-queen-casino-game.jpg\" alt=\"Jungle Queen casino oyunu.\" width=\"992\" height=\"629\" srcset=\"https:\/\/richrocketgame.com\/wp-content\/uploads\/2025\/02\/jungle-queen-casino-game.jpg 992w, https:\/\/richrocketgame.com\/wp-content\/uploads\/2025\/02\/jungle-queen-casino-game-300x190.jpg 300w, https:\/\/richrocketgame.com\/wp-content\/uploads\/2025\/02\/jungle-queen-casino-game-768x487.jpg 768w, https:\/\/richrocketgame.com\/wp-content\/uploads\/2025\/02\/jungle-queen-casino-game-18x12.jpg 18w, https:\/\/richrocketgame.com\/wp-content\/uploads\/2025\/02\/jungle-queen-casino-game-63x40.jpg 63w, https:\/\/richrocketgame.com\/wp-content\/uploads\/2025\/02\/jungle-queen-casino-game-50x32.jpg 50w, https:\/\/richrocketgame.com\/wp-content\/uploads\/2025\/02\/jungle-queen-casino-game-126x80.jpg 126w, https:\/\/richrocketgame.com\/wp-content\/uploads\/2025\/02\/jungle-queen-casino-game-213x135.jpg 213w\" sizes=\"(max-width: 992px) 100vw, 992px\" \/><\/a><\/p>\n<h2><span class=\"ez-toc-section\" id=\"FAQ\"><\/span>SSS<span class=\"ez-toc-section-end\"><\/span><\/h2>\n        <section class=\"sc_fs_faq sc_card\">\n            <div>\n\t\t\t\t<h3><span class=\"ez-toc-section\" id=\"Is_there_a_jackpot_in_Jungle_Queen\"><\/span>Jungle Queen'de b\u00fcy\u00fck ikramiye var m\u0131?<span class=\"ez-toc-section-end\"><\/span><\/h3>                <div>\n\t\t\t\t\t                    <p>\n\t\t\t\t\t\tHay\u0131r, sa\u011flay\u0131c\u0131 Jungle Queen'de bir jackpot sa\u011flamam\u0131\u015ft\u0131r. Ancak, slottaki maksimum kazan\u00e7lar \u00e7o\u011fu oyuncunun heyecana olan susuzlu\u011funu giderecek kadar b\u00fcy\u00fckt\u00fcr.                    <\/p>\n                <\/div>\n            <\/div>\n        <\/section>\n\t\t        <section class=\"sc_fs_faq sc_card\">\n            <div>\n\t\t\t\t<h3><span class=\"ez-toc-section\" id=\"Does_BGaming_plan_to_release_Jungle_Queen_Demo\"><\/span>BGaming Jungle Queen Demosunu yay\u0131nlamay\u0131 planl\u0131yor mu?<span class=\"ez-toc-section-end\"><\/span><\/h3>                <div>\n\t\t\t\t\t                    <p>\n\t\t\t\t\t\tEvet, Jungle Queen'in \u00fccretsiz versiyonu ayn\u0131 zamanda ger\u00e7ek paral\u0131 oyun olarak g\u00f6r\u00fcnecektir. Bu yenili\u011fi casinoda ve sa\u011flay\u0131c\u0131n\u0131n web sitesinde deneyebilirsiniz.                    <\/p>\n                <\/div>\n            <\/div>\n        <\/section>\n\t\t        <section class=\"sc_fs_faq sc_card\">\n            <div>\n\t\t\t\t<h3><span class=\"ez-toc-section\" id=\"What_are_the_main_features_of_the_slot\"><\/span>Slotun ana \u00f6zellikleri nelerdir?<span class=\"ez-toc-section-end\"><\/span><\/h3>                <div>\n\t\t\t\t\t                    <p>\n\t\t\t\t\t\tKelebek sembol\u00fc oyun alan\u0131ndaki di\u011fer t\u00fcm sembollerin yerine ge\u00e7ebilir. Buna ek olarak, oyun bir tur \u00fccretsiz \u00e7evirme ve an\u0131nda bahsin x2,500'\u00fcn\u00fc getirebilen kraliyet jetonlar\u0131 sunar.                    <\/p>\n                <\/div>\n            <\/div>\n        <\/section>\n\t\t\n<script type=\"application\/ld+json\">{\n    \"@context\": \"https:\\\/\\\/schema.org\",\n    \"@type\": \"FAQPage\",\n    \"mainEntity\": [\n        {\n            \"@type\": \"Question\",\n            \"name\": \"Is there a jackpot in Jungle Queen?\",\n            \"acceptedAnswer\": {\n                \"@type\": \"Answer\",\n                \"text\": \"No, the provider has not provided a jackpot in Jungle Queen. However, the maximum winnings in the slot are big enough to satisfy most players' thirst for excitement.\"\n            }\n        },\n        {\n            \"@type\": \"Question\",\n            \"name\": \"Does BGaming plan to release Jungle Queen Demo?\",\n            \"acceptedAnswer\": {\n                \"@type\": \"Answer\",\n                \"text\": \"Yes, the free version of Jungle Queen will appear simultaneously as the real money game. You can try out the novelty in the casino and on the provider's website.\"\n            }\n        },\n        {\n            \"@type\": \"Question\",\n            \"name\": \"What are the main features of the slot?\",\n            \"acceptedAnswer\": {\n                \"@type\": \"Answer\",\n                \"text\": \"The butterfly symbol can substitute for any other symbol on the playing field. In addition, the game offers a round of free spins and royal coins that can instantly bring x2,500 of the bet.\"\n            }\n        }\n    ]\n}<\/script>\n\n<div class=\"fpm_end\"><\/div>\n<div class=\"author-card author-card--top\"><img alt='Avatar foto\u011fraf\u0131' src='https:\/\/richrocketgame.com\/wp-content\/uploads\/2023\/03\/Paulo-Dornelas-130x130.jpg' srcset='https:\/\/richrocketgame.com\/wp-content\/uploads\/2023\/03\/Paulo-Dornelas-260x260.jpg 2x' class='avatar avatar-130 photo author-image' height='130' width='130' \/><div class=\"author-content text-md-center\"><span class=\"author-title\">Yazar<\/span><a href=\"https:\/\/richrocketgame.com\/tr\/author\/paulo-dornelas\/\" class=\"author-name\">Paulo Dornelas<\/a><p class=\"author__details\">Paulo Dornelas, hayat\u0131n\u0131 sekt\u00f6r\u00fc anlamaya ve ba\u015fkalar\u0131n\u0131n bu sekt\u00f6rden para kazanmas\u0131na yard\u0131mc\u0131 olmaya adam\u0131\u015f bir kumar uzman\u0131d\u0131r. Ayn\u0131 zamanda hevesli bir gezgindir ve yeni yerler ke\u015ffetmeyi sever. Paulo'nun kumar konusundaki bilgisi ve seyahat tutkusu, onu spor bahislerinden veya casino oyunlar\u0131ndan ciddi k\u00e2rlar elde etmek isteyen herkes i\u00e7in m\u00fckemmel bir rehber haline getiriyor.<\/p><\/div><!-- \/.author-content --><\/div>","protected":false},"excerpt":{"rendered":"<p>20 \u015eubat 2025&#039;te piyasaya s\u00fcr\u00fclmesi planlanan Jungle Queen slotu, oyuncular\u0131 ya\u011fmur orman\u0131 krali\u00e7esinin alan\u0131na g\u00f6t\u00fcrecek. 20 \u00f6deme hatt\u0131na sahip 5x3&#039;l\u00fck bir oyun alan\u0131nda misafirperver bir kar\u015f\u0131lama sizi bekliyor. Krali\u00e7eyi memnun eden \u015fansl\u0131 oyuncular x10.000 kazanabilir. BGaming&#039;in Jungle Queen&#039;i, [\u2026]<\/p>","protected":false},"author":2,"featured_media":0,"parent":0,"menu_order":0,"comment_status":"closed","ping_status":"closed","template":"page-no-sidebar.php","meta":{"footnotes":""},"class_list":["post-1039","page","type-page","status-publish","hentry"],"yoast_head":"<!-- This site is optimized with the Yoast SEO plugin v26.7 - https:\/\/yoast.com\/wordpress\/plugins\/seo\/ -->\n<title>Jungle Queen Slot (BGaming) Demo - RTP, Paytable and Volatility<\/title>\n<meta name=\"description\" content=\"Get ready for the release of Jungle Queen from BGaming. Learn more about the slot in our review. Key parameters of the Jungle Queen game.\" \/>\n<meta name=\"robots\" content=\"index, follow, max-snippet:-1, max-image-preview:large, max-video-preview:-1\" \/>\n<link rel=\"canonical\" href=\"https:\/\/richrocketgame.com\/tr\/jungle-queen-slot\/\" \/>\n<meta property=\"og:locale\" content=\"tr_TR\" \/>\n<meta property=\"og:type\" content=\"article\" \/>\n<meta property=\"og:title\" content=\"Jungle Queen Slot (BGaming) Demo - RTP, Paytable and Volatility\" \/>\n<meta property=\"og:description\" content=\"Get ready for the release of Jungle Queen from BGaming. Learn more about the slot in our review. Key parameters of the Jungle Queen game.\" \/>\n<meta property=\"og:url\" content=\"https:\/\/richrocketgame.com\/tr\/jungle-queen-slot\/\" \/>\n<meta property=\"og:site_name\" content=\"Rich Rocket Game\" \/>\n<meta property=\"article:modified_time\" content=\"2025-08-01T08:18:06+00:00\" \/>\n<meta property=\"og:image\" content=\"https:\/\/richrocketgame.com\/wp-content\/uploads\/2025\/02\/jungle-queen-slot.jpg\" \/>\n<meta name=\"twitter:card\" content=\"summary_large_image\" \/>\n<meta name=\"twitter:label1\" content=\"Tahmini okuma s\u00fcresi\" \/>\n\t<meta name=\"twitter:data1\" content=\"4 dakika\" \/>\n<!-- \/ Yoast SEO plugin. -->","yoast_head_json":{"title":"Jungle Queen Slot (BGaming) Demo - RTP, \u00d6deme Tablosu ve Volatilite","description":"BGaming'den Jungle Queen'in piyasaya s\u00fcr\u00fclmesine haz\u0131r olun. \u0130ncelememizde slot hakk\u0131nda daha fazla bilgi edinin. Jungle Queen oyununun temel parametreleri.","robots":{"index":"index","follow":"follow","max-snippet":"max-snippet:-1","max-image-preview":"max-image-preview:large","max-video-preview":"max-video-preview:-1"},"canonical":"https:\/\/richrocketgame.com\/tr\/jungle-queen-slot\/","og_locale":"tr_TR","og_type":"article","og_title":"Jungle Queen Slot (BGaming) Demo - RTP, Paytable and Volatility","og_description":"Get ready for the release of Jungle Queen from BGaming. Learn more about the slot in our review. Key parameters of the Jungle Queen game.","og_url":"https:\/\/richrocketgame.com\/tr\/jungle-queen-slot\/","og_site_name":"Rich Rocket Game","article_modified_time":"2025-08-01T08:18:06+00:00","og_image":[{"url":"https:\/\/richrocketgame.com\/wp-content\/uploads\/2025\/02\/jungle-queen-slot.jpg","type":"","width":"","height":""}],"twitter_card":"summary_large_image","twitter_misc":{"Tahmini okuma s\u00fcresi":"4 dakika"},"schema":{"@context":"https:\/\/schema.org","@graph":[{"@type":"WebPage","@id":"https:\/\/richrocketgame.com\/jungle-queen-slot\/","url":"https:\/\/richrocketgame.com\/jungle-queen-slot\/","name":"Jungle Queen Slot (BGaming) Demo - RTP, \u00d6deme Tablosu ve Volatilite","isPartOf":{"@id":"https:\/\/richrocketgame.com\/#website"},"primaryImageOfPage":{"@id":"https:\/\/richrocketgame.com\/jungle-queen-slot\/#primaryimage"},"image":{"@id":"https:\/\/richrocketgame.com\/jungle-queen-slot\/#primaryimage"},"thumbnailUrl":"https:\/\/richrocketgame.com\/wp-content\/uploads\/2025\/02\/jungle-queen-slot.jpg","datePublished":"2025-02-11T15:44:02+00:00","dateModified":"2025-08-01T08:18:06+00:00","description":"BGaming'den Jungle Queen'in piyasaya s\u00fcr\u00fclmesine haz\u0131r olun. \u0130ncelememizde slot hakk\u0131nda daha fazla bilgi edinin. Jungle Queen oyununun temel parametreleri.","breadcrumb":{"@id":"https:\/\/richrocketgame.com\/jungle-queen-slot\/#breadcrumb"},"inLanguage":"tr","potentialAction":[{"@type":"ReadAction","target":["https:\/\/richrocketgame.com\/jungle-queen-slot\/"]}]},{"@type":"ImageObject","inLanguage":"tr","@id":"https:\/\/richrocketgame.com\/jungle-queen-slot\/#primaryimage","url":"https:\/\/richrocketgame.com\/wp-content\/uploads\/2025\/02\/jungle-queen-slot.jpg","contentUrl":"https:\/\/richrocketgame.com\/wp-content\/uploads\/2025\/02\/jungle-queen-slot.jpg"},{"@type":"BreadcrumbList","@id":"https:\/\/richrocketgame.com\/jungle-queen-slot\/#breadcrumb","itemListElement":[{"@type":"ListItem","position":1,"name":"\u0413\u043b\u0430\u0432\u043d\u0430\u044f \u0441\u0442\u0440\u0430\u043d\u0438\u0446\u0430","item":"https:\/\/richrocketgame.com\/"},{"@type":"ListItem","position":2,"name":"Jungle Queen Slot Demo"}]},{"@type":"WebSite","@id":"https:\/\/richrocketgame.com\/#website","url":"https:\/\/richrocketgame.com\/","name":"Rich Rocket Oyun","description":"","publisher":{"@id":"https:\/\/richrocketgame.com\/#organization"},"potentialAction":[{"@type":"SearchAction","target":{"@type":"EntryPoint","urlTemplate":"https:\/\/richrocketgame.com\/?s={search_term_string}"},"query-input":{"@type":"PropertyValueSpecification","valueRequired":true,"valueName":"search_term_string"}}],"inLanguage":"tr"},{"@type":"Organization","@id":"https:\/\/richrocketgame.com\/#organization","name":"Rich Rocket Oyun","url":"https:\/\/richrocketgame.com\/","logo":{"@type":"ImageObject","inLanguage":"tr","@id":"https:\/\/richrocketgame.com\/#\/schema\/logo\/image\/","url":"https:\/\/richrocketgame.com\/wp-content\/uploads\/2022\/09\/Rich-Rocket-earning-app.png","contentUrl":"https:\/\/richrocketgame.com\/wp-content\/uploads\/2022\/09\/Rich-Rocket-earning-app.png","width":512,"height":512,"caption":"Rich Rocket Game"},"image":{"@id":"https:\/\/richrocketgame.com\/#\/schema\/logo\/image\/"}}]}},"_links":{"self":[{"href":"https:\/\/richrocketgame.com\/tr\/wp-json\/wp\/v2\/pages\/1039","targetHints":{"allow":["GET"]}}],"collection":[{"href":"https:\/\/richrocketgame.com\/tr\/wp-json\/wp\/v2\/pages"}],"about":[{"href":"https:\/\/richrocketgame.com\/tr\/wp-json\/wp\/v2\/types\/page"}],"author":[{"embeddable":true,"href":"https:\/\/richrocketgame.com\/tr\/wp-json\/wp\/v2\/users\/2"}],"replies":[{"embeddable":true,"href":"https:\/\/richrocketgame.com\/tr\/wp-json\/wp\/v2\/comments?post=1039"}],"version-history":[{"count":0,"href":"https:\/\/richrocketgame.com\/tr\/wp-json\/wp\/v2\/pages\/1039\/revisions"}],"wp:attachment":[{"href":"https:\/\/richrocketgame.com\/tr\/wp-json\/wp\/v2\/media?parent=1039"}],"curies":[{"name":"wp","href":"https:\/\/api.w.org\/{rel}","templated":true}]}}