{"id":35,"date":"2022-09-01T18:01:28","date_gmt":"2022-09-01T15:01:28","guid":{"rendered":"https:\/\/richrocketgame.com\/?page_id=35"},"modified":"2024-12-27T14:14:09","modified_gmt":"2024-12-27T11:14:09","slug":"rich-rocket-app","status":"publish","type":"page","link":"https:\/\/richrocketgame.com\/sv\/rich-rocket-app\/","title":{"rendered":"Ladda ner Rich Rocket-appen f\u00f6r mobila enheter"},"content":{"rendered":"<div class=\"fpm_start\"><\/div>\n<div style=\"text-align: center;\"><a class=\"glow-button\" href=\"\/sv\/go\/registration\/\">Spela Rich Rocket App \ud83d\udcf1<\/a><\/div>\n<div id=\"attachment_36\" style=\"width: 994px\" class=\"wp-caption aligncenter\"><a href=\"https:\/\/richrocketgame.com\/sv\/go\/registration\/\"><img decoding=\"async\" aria-describedby=\"caption-attachment-36\" class=\"wp-image-36 size-large\" title=\"Rich Rocket Spel Nedladdning\" src=\"https:\/\/richrocketgame.com\/wp-content\/uploads\/2022\/09\/Rich-Rocket-Game-Download-1024x442.jpg\" alt=\"Rich Rocket Spel Nedladdning\" width=\"994\" height=\"429\" srcset=\"https:\/\/richrocketgame.com\/wp-content\/uploads\/2022\/09\/Rich-Rocket-Game-Download-1024x442.jpg 1024w, https:\/\/richrocketgame.com\/wp-content\/uploads\/2022\/09\/Rich-Rocket-Game-Download-300x129.jpg 300w, https:\/\/richrocketgame.com\/wp-content\/uploads\/2022\/09\/Rich-Rocket-Game-Download-768x331.jpg 768w, https:\/\/richrocketgame.com\/wp-content\/uploads\/2022\/09\/Rich-Rocket-Game-Download-93x40.jpg 93w, https:\/\/richrocketgame.com\/wp-content\/uploads\/2022\/09\/Rich-Rocket-Game-Download-1170x505.jpg 1170w, https:\/\/richrocketgame.com\/wp-content\/uploads\/2022\/09\/Rich-Rocket-Game-Download-74x32.jpg 74w, https:\/\/richrocketgame.com\/wp-content\/uploads\/2022\/09\/Rich-Rocket-Game-Download-186x80.jpg 186w, https:\/\/richrocketgame.com\/wp-content\/uploads\/2022\/09\/Rich-Rocket-Game-Download-313x135.jpg 313w, https:\/\/richrocketgame.com\/wp-content\/uploads\/2022\/09\/Rich-Rocket-Game-Download.jpg 1484w\" sizes=\"(max-width: 994px) 100vw, 994px\" \/><\/a><p id=\"caption-attachment-36\" class=\"wp-caption-text\">Rich Rocket Spel Nedladdning<\/p><\/div>\n<p>Med sina snabba dragningar \u00e4r\u00a0<a href=\"https:\/\/richrocketgame.com\/sv\/\">Rich Rocket-spel<\/a>\u00a0\u00e4r perfekt f\u00f6r mobila enheter. En spelare kan placera en insats n\u00e4r som helst: n\u00e4r han tar en paus p\u00e5 jobbet, \u00e5ker kollektivtrafik eller \u00e4ter ute. Rocket-appen f\u00f6r kraschintj\u00e4ning g\u00f6r att du kan \u00f6ka din bankrulle flera g\u00e5nger p\u00e5 bara n\u00e5gra minuter och forts\u00e4tta din dagliga verksamhet.<\/p>\n<p>Sp\u00e5ret ing\u00e5r i portf\u00f6ljen f\u00f6r de st\u00f6rsta kasinon, s\u00e5 att hitta det kommer inte att vara ett problem. V\u00e4lj de mest l\u00e4mpliga bonusarna och ladda ner Rich Rocket-spelet f\u00f6r att \u00f6ppna tillg\u00e5ng till stora vinster. Du kanske \u00e4r den som kan n\u00e5 1000x multiplikatorn.<\/p>\n<div id=\"ez-toc-container\" class=\"ez-toc-v2_0_62 counter-hierarchy ez-toc-counter ez-toc-grey ez-toc-container-direction\">\n<div class=\"ez-toc-title-container\">\n<p class=\"ez-toc-title\" >Inneh\u00e5llsf\u00f6rteckning<\/p>\n<span class=\"ez-toc-title-toggle\"><a href=\"#\" class=\"ez-toc-pull-right ez-toc-btn ez-toc-btn-xs ez-toc-btn-default ez-toc-toggle\" aria-label=\"V\u00e4xla inneh\u00e5llsf\u00f6rteckning\"><span class=\"ez-toc-js-icon-con\"><span class=\"\"><span class=\"eztoc-hide\" style=\"display:none;\">V\u00e4xla<\/span><span class=\"ez-toc-icon-toggle-span\"><svg style=\"fill: #999;color:#999\" xmlns=\"http:\/\/www.w3.org\/2000\/svg\" class=\"list-377408\" width=\"20px\" height=\"20px\" viewbox=\"0 0 24 24\" fill=\"none\"><path d=\"M6 6H4v2h2V6zm14 0H8v2h12V6zM4 11h2v2H4v-2zm16 0H8v2h12v-2zM4 16h2v2H4v-2zm16 0H8v2h12v-2z\" fill=\"currentColor\"><\/path><\/svg><svg style=\"fill: #999;color:#999\" class=\"arrow-unsorted-368013\" xmlns=\"http:\/\/www.w3.org\/2000\/svg\" width=\"10px\" height=\"10px\" viewbox=\"0 0 24 24\" version=\"1.2\" baseprofile=\"tiny\"><path d=\"M18.2 9.3l-6.2-6.3-6.2 6.3c-.2.2-.3.4-.3.7s.1.5.3.7c.2.2.4.3.7.3h11c.3 0 .5-.1.7-.3.2-.2.3-.5.3-.7s-.1-.5-.3-.7zM5.8 14.7l6.2 6.3 6.2-6.3c.2-.2.3-.5.3-.7s-.1-.5-.3-.7c-.2-.2-.4-.3-.7-.3h-11c-.3 0-.5.1-.7.3-.2.2-.3.5-.3.7s.1.5.3.7z\"\/><\/svg><\/span><\/span><\/span><\/a><\/span><\/div>\n<nav><ul class='ez-toc-list ez-toc-list-level-1 eztoc-toggle-hide-by-default' ><li class='ez-toc-page-1 ez-toc-heading-level-2'><a class=\"ez-toc-link ez-toc-heading-1\" href=\"https:\/\/richrocketgame.com\/sv\/rich-rocket-app\/#Where_can_you_find_the_Rich_Rocket_App\" title=\"Var hittar du Rich Rocket-appen?\">Var hittar du Rich Rocket-appen?<\/a><\/li><li class='ez-toc-page-1 ez-toc-heading-level-2'><a class=\"ez-toc-link ez-toc-heading-2\" href=\"https:\/\/richrocketgame.com\/sv\/rich-rocket-app\/#How_to_download_and_install_Rocket_Crash_Earning_App\" title=\"Hur man laddar ner och installerar Rocket Crash Earning App?\">Hur man laddar ner och installerar Rocket Crash Earning App?<\/a><ul class='ez-toc-list-level-3' ><li class='ez-toc-heading-level-3'><a class=\"ez-toc-link ez-toc-heading-3\" href=\"https:\/\/richrocketgame.com\/sv\/rich-rocket-app\/#What_devices_can_I_install_the_app_on\" title=\"Vilka enheter kan jag installera appen p\u00e5?\">Vilka enheter kan jag installera appen p\u00e5?<\/a><\/li><\/ul><\/li><li class='ez-toc-page-1 ez-toc-heading-level-2'><a class=\"ez-toc-link ez-toc-heading-4\" href=\"https:\/\/richrocketgame.com\/sv\/rich-rocket-app\/#Conclusion\" title=\"Slutsats\">Slutsats<\/a><\/li><li class='ez-toc-page-1 ez-toc-heading-level-2'><a class=\"ez-toc-link ez-toc-heading-5\" href=\"https:\/\/richrocketgame.com\/sv\/rich-rocket-app\/#FAQ\" title=\"VANLIGA FR\u00c5GOR\">VANLIGA FR\u00c5GOR<\/a><ul class='ez-toc-list-level-3' ><li class='ez-toc-heading-level-3'><a class=\"ez-toc-link ez-toc-heading-6\" href=\"https:\/\/richrocketgame.com\/sv\/rich-rocket-app\/#Are_there_any_bonuses_for_those_who_play_mobile_Rich_Rocket\" title=\"Finns det n\u00e5gra bonusar f\u00f6r dem som spelar mobil Rich Rocket?\">Finns det n\u00e5gra bonusar f\u00f6r dem som spelar mobil Rich Rocket?<\/a><\/li><li class='ez-toc-page-1 ez-toc-heading-level-3'><a class=\"ez-toc-link ez-toc-heading-7\" href=\"https:\/\/richrocketgame.com\/sv\/rich-rocket-app\/#How_safe_are_cash_rocket_app_transactions\" title=\"Hur s\u00e4kra \u00e4r kontanttransaktionerna med Rocket-appen?\">Hur s\u00e4kra \u00e4r kontanttransaktionerna med Rocket-appen?<\/a><\/li><li class='ez-toc-page-1 ez-toc-heading-level-3'><a class=\"ez-toc-link ez-toc-heading-8\" href=\"https:\/\/richrocketgame.com\/sv\/rich-rocket-app\/#Are_there_any_differences_in_gameplay_between_the_desktop_and_mobile_versions_of_the_game\" title=\"Finns det n\u00e5gra skillnader i speluppl\u00e4gget mellan desktop- och mobilversionerna av spelet?\">Finns det n\u00e5gra skillnader i speluppl\u00e4gget mellan desktop- och mobilversionerna av spelet?<\/a><\/li><\/ul><\/li><\/ul><\/nav><\/div>\n<h2><span class=\"ez-toc-section\" id=\"Where_can_you_find_the_Rich_Rocket_App\"><\/span>Var hittar du Rich Rocket-appen?<span class=\"ez-toc-section-end\"><\/span><\/h2>\n<p>F\u00f6r att spela riskfritt g\u00e5r du till App Store eller Google Play och skriver in \"Rich Rocket\". Du kommer att kunna v\u00e4lja mellan dussintals appar med olika design, men du kan inte vinna pengar i n\u00e5gon av dem. Det h\u00e4r \u00e4r ett bra s\u00e4tt att bekanta dig med spelets grundl\u00e4ggande principer.<\/p>\n<p>F\u00f6r att installera appen f\u00f6r intj\u00e4ning av raketkraschspel m\u00e5ste du g\u00e5 direkt till det valda kasinot. Hitta en l\u00e4nk f\u00f6r att ladda ner APK-filen och f\u00f6lj plattformens instruktioner. Installationen tar n\u00e5gra minuter, men d\u00e5 kan du komma \u00e5t flera hundra spel, inklusive Rich Rocket.<\/p>\n<p>Det \u00e4r viktigt att notera att inte alla kasinon till\u00e5ter nedladdning av cash rocket-appen. Vissa plattformar har en optimerad mobilversion av webbplatsen och har inte utvecklat specialprogram f\u00f6r iOS eller Android. I det h\u00e4r fallet \u00e4r det f\u00f6r enkelhets skull v\u00e4rt att l\u00e4gga till en l\u00e4nk till webbplatsen p\u00e5 hemsk\u00e4rmen, vilket g\u00f6r att du kan komma \u00e5t spelet s\u00e5 snabbt som m\u00f6jligt.<\/p>\n<div id=\"attachment_37\" style=\"width: 994px\" class=\"wp-caption aligncenter\"><a href=\"https:\/\/richrocketgame.com\/sv\/go\/registration\/\"><img decoding=\"async\" aria-describedby=\"caption-attachment-37\" class=\"wp-image-37 size-large\" title=\"Rich Rocket bot\" src=\"https:\/\/richrocketgame.com\/wp-content\/uploads\/2022\/09\/Rich-Rocket-App-1024x594.jpg\" alt=\"Rich Rocket bot\" width=\"994\" height=\"577\" srcset=\"https:\/\/richrocketgame.com\/wp-content\/uploads\/2022\/09\/Rich-Rocket-App-1024x594.jpg 1024w, https:\/\/richrocketgame.com\/wp-content\/uploads\/2022\/09\/Rich-Rocket-App-300x174.jpg 300w, https:\/\/richrocketgame.com\/wp-content\/uploads\/2022\/09\/Rich-Rocket-App-768x446.jpg 768w, https:\/\/richrocketgame.com\/wp-content\/uploads\/2022\/09\/Rich-Rocket-App-69x40.jpg 69w, https:\/\/richrocketgame.com\/wp-content\/uploads\/2022\/09\/Rich-Rocket-App-55x32.jpg 55w, https:\/\/richrocketgame.com\/wp-content\/uploads\/2022\/09\/Rich-Rocket-App-138x80.jpg 138w, https:\/\/richrocketgame.com\/wp-content\/uploads\/2022\/09\/Rich-Rocket-App-233x135.jpg 233w, https:\/\/richrocketgame.com\/wp-content\/uploads\/2022\/09\/Rich-Rocket-App.jpg 1105w\" sizes=\"(max-width: 994px) 100vw, 994px\" \/><\/a><p id=\"caption-attachment-37\" class=\"wp-caption-text\">Rich Rocket bot<\/p><\/div>\n<div style=\"text-align: center;\"><a class=\"glow-button\" href=\"\/sv\/go\/registration\/\">\ud83d\ude80 Spela Rich Rocket-spel<\/a><\/div>\n<h2><span class=\"ez-toc-section\" id=\"How_to_download_and_install_Rocket_Crash_Earning_App\"><\/span>Hur man laddar ner och installerar Rocket Crash Earning App?<span class=\"ez-toc-section-end\"><\/span><\/h2>\n<p>F\u00f6rst och fr\u00e4mst b\u00f6r du utforska alla bonuserbjudanden fr\u00e5n kasinot. V\u00e4lj ett lojalitetsprogram som passar din spelstil och budget. N\u00e4r du best\u00e4mt dig, g\u00e5 till webbplatsen och f\u00f6lj instruktionerna:<\/p>\n<ul>\n<li>Till\u00e5t installation av appar fr\u00e5n ok\u00e4nda k\u00e4llor, s\u00e5 att du kan anv\u00e4nda appar som h\u00e4mtats fr\u00e5n andra k\u00e4llor \u00e4n Google Play.<\/li>\n<li>Ladda ner rocket crash spel riktiga pengar fr\u00e5n kasinots webbplats. F\u00f6r att g\u00e5 till en verifierad spelplattform i din region, klicka bara p\u00e5 l\u00e4nken p\u00e5 den h\u00e4r sidan.<\/li>\n<li>\u00d6ppna mappen d\u00e4r APK-filen \u00e4r sparad och klicka p\u00e5 den f\u00f6r att starta installationen.<\/li>\n<\/ul>\n<p>N\u00e4r du har installerat en app f\u00f6r raketint\u00e4kter, gl\u00f6m inte att \u00e5teraktivera f\u00f6rbudet mot att installera program fr\u00e5n ok\u00e4nda k\u00e4llor f\u00f6r att skydda din enhet. Nu kan du njuta av spelet och vinna pengar n\u00e4r som helst som passar dig.<\/p>\n<div style=\"text-align: center;\"><a class=\"glow-button\" href=\"\/sv\/go\/registration\/\">B\u00f6rja spela Rich Rocket-spelet \ud83d\ude80<\/a><\/div>\n<h3><span class=\"ez-toc-section\" id=\"What_devices_can_I_install_the_app_on\"><\/span>Vilka enheter kan jag installera appen p\u00e5?<span class=\"ez-toc-section-end\"><\/span><\/h3>\n<p>Moderna casinoappar \u00e4r anpassade f\u00f6r iOS- och Android-enheter. P\u00e5 det \u00e4r det inte n\u00f6dv\u00e4ndigt att ha flaggskepp eller nya modeller. Bra optimering g\u00f6r att du kan spela \u00e4ven p\u00e5 smartphones som sl\u00e4pptes f\u00f6r n\u00e5gra \u00e5r sedan.<\/p>\n<p>Som studien visar r\u00e4cker det med f\u00f6ljande egenskaper f\u00f6r att installera en raketapp:<\/p><script data-noptimize=\"\" data-wpfc-render=\"false\">\n\/* <![CDATA[ *\/\nfpm_start( \"true\" );\n\/* ]]> *\/\n<\/script>\n\n<table>\n<tbody>\n<tr>\n<td>CPU-klockfrekvens<\/td>\n<td>Fr\u00e5n 1,5 MHz<\/td>\n<\/tr>\n<tr>\n<td>Antal processork\u00e4rnor<\/td>\n<td>Fr\u00e5n 2<\/td>\n<\/tr>\n<tr>\n<td>RAM<\/td>\n<td>2 GB eller mer<\/td>\n<\/tr>\n<tr>\n<td>Fritt minne<\/td>\n<td>80 till 400 MB<\/td>\n<\/tr>\n<\/tbody>\n<\/table>\n<p>Om du planerar att spendera mer \u00e4n 1 timme om dagen p\u00e5 att spela spelet \u00e4r det b\u00e4ttre att v\u00e4lja modeller med en batterikapacitet p\u00e5 1800 mAh. Detta g\u00f6r att du kan \u00e4gna tid \u00e5t fritidsaktiviteter utan att ladda enheten ofta.<\/p>\n<h2><span class=\"ez-toc-section\" id=\"Conclusion\"><\/span>Slutsats<span class=\"ez-toc-section-end\"><\/span><\/h2>\n<p>F\u00f6r spelare som f\u00f6redrar att ta vara p\u00e5 alla chanser att vinna \u00e4r det v\u00e4rt att ladda ner Rocket Crash Game f\u00f6r riktiga pengar. En s\u00e5dan applikation g\u00f6r att du kan satsa utan att distrahera dig fr\u00e5n viktigare saker eller spendera n\u00e5gra minuter p\u00e5 att v\u00e4nta med goda chanser att fylla p\u00e5 din budget. Rich Rocket-appen har ett anv\u00e4ndarv\u00e4nligt gr\u00e4nssnitt och ger snabb ins\u00e4ttning och uttag av pengar. Och eftersom det \u00e4r gratis att ladda ner finns det ingen anledning att inte prova det idag.<\/p>\n<h2><span class=\"ez-toc-section\" id=\"FAQ\"><\/span>VANLIGA FR\u00c5GOR<span class=\"ez-toc-section-end\"><\/span><\/h2>\n        <section class=\"sc_fs_faq sc_card\">\n            <div>\n\t\t\t\t<h3><span class=\"ez-toc-section\" id=\"Are_there_any_bonuses_for_those_who_play_mobile_Rich_Rocket\"><\/span>Finns det n\u00e5gra bonusar f\u00f6r dem som spelar mobil Rich Rocket?<span class=\"ez-toc-section-end\"><\/span><\/h3>                <div>\n\t\t\t\t\t                    <p>\n\t\t\t\t\t\tM\u00e5nga kasinon erbjuder exklusiva bonusar f\u00f6r appanv\u00e4ndare. Hitta r\u00e4tt plattform eller anv\u00e4nd v\u00e5ra rekommendationer.                    <\/p>\n                <\/div>\n            <\/div>\n        <\/section>\n\t\t        <section class=\"sc_fs_faq sc_card\">\n            <div>\n\t\t\t\t<h3><span class=\"ez-toc-section\" id=\"How_safe_are_cash_rocket_app_transactions\"><\/span>Hur s\u00e4kra \u00e4r kontanttransaktionerna med Rocket-appen?<span class=\"ez-toc-section-end\"><\/span><\/h3>                <div>\n\t\t\t\t\t                    <p>\n\t\t\t\t\t\tLicensierade kasinon ger maximal s\u00e4kerhet f\u00f6r anv\u00e4ndare n\u00e4r de g\u00f6r ins\u00e4ttningar och uttag. All betalningsinformation krypteras med hj\u00e4lp av SSL-nycklar.                    <\/p>\n                <\/div>\n            <\/div>\n        <\/section>\n\t\t        <section class=\"sc_fs_faq sc_card\">\n            <div>\n\t\t\t\t<h3><span class=\"ez-toc-section\" id=\"Are_there_any_differences_in_gameplay_between_the_desktop_and_mobile_versions_of_the_game\"><\/span>Finns det n\u00e5gra skillnader i speluppl\u00e4gget mellan desktop- och mobilversionerna av spelet?<span class=\"ez-toc-section-end\"><\/span><\/h3>                <div>\n\t\t\t\t\t                    <p>\n\t\t\t\t\t\tSpelet och vinstchanserna \u00e4r desamma p\u00e5 alla typer av enheter.                    <\/p>\n                <\/div>\n            <\/div>\n        <\/section>\n\t\t\n<script type=\"application\/ld+json\">{\n    \"@context\": \"https:\\\/\\\/schema.org\",\n    \"@type\": \"FAQPage\",\n    \"mainEntity\": [\n        {\n            \"@type\": \"Question\",\n            \"name\": \"Are there any bonuses for those who play mobile Rich Rocket?\",\n            \"acceptedAnswer\": {\n                \"@type\": \"Answer\",\n                \"text\": \"Many casinos provide exclusive bonuses for app users. Find the right platform or use our recommendations.\"\n            }\n        },\n        {\n            \"@type\": \"Question\",\n            \"name\": \"How safe are cash rocket app transactions?\",\n            \"acceptedAnswer\": {\n                \"@type\": \"Answer\",\n                \"text\": \"Licensed casinos provide maximum security for users when making deposits and withdrawals. All payment information is encrypted using SSL keys.\"\n            }\n        },\n        {\n            \"@type\": \"Question\",\n            \"name\": \"Are there any differences in gameplay between the desktop and mobile versions of the game?\",\n            \"acceptedAnswer\": {\n                \"@type\": \"Answer\",\n                \"text\": \"Gameplay and chances to win are the same on all types of devices.\"\n            }\n        }\n    ]\n}<\/script>\n\n<div class=\"fpm_end\"><\/div>\n<div class=\"author-card author-card--top\"><img alt='Profilbild' src='https:\/\/richrocketgame.com\/wp-content\/uploads\/2023\/03\/Paulo-Dornelas-130x130.jpg' srcset='https:\/\/richrocketgame.com\/wp-content\/uploads\/2023\/03\/Paulo-Dornelas-260x260.jpg 2x' class='avatar avatar-130 photo author-image' height='130' width='130' \/><div class=\"author-content text-md-center\"><span class=\"author-title\">F\u00f6rfattare<\/span><a href=\"https:\/\/richrocketgame.com\/sv\/author\/paulo-dornelas\/\" class=\"author-name\">Paulo Dornelas<\/a><p class=\"author__details\">Paulo Dornelas \u00e4r en expert p\u00e5 spel som har \u00e4gnat sitt liv \u00e5t att f\u00f6rst\u00e5 branschen och hj\u00e4lpa andra att tj\u00e4na pengar p\u00e5 den. Han \u00e4r ocks\u00e5 en ivrig resen\u00e4r och \u00e4lskar att utforska nya platser. Paulos kunskap om spelande och hans passion f\u00f6r resor g\u00f6r honom till den perfekta guiden f\u00f6r alla som vill g\u00f6ra rej\u00e4la vinster genom att satsa p\u00e5 sport eller spela casinospel.<\/p><\/div><!-- \/.author-content --><\/div>","protected":false},"excerpt":{"rendered":"<p>Spela Rich Rocket-appen \ud83d\udcf1 Med sina snabba dragningar \u00e4r Rich Rocket-spelet idealiskt f\u00f6r mobila enheter. En spelare kan l\u00e4gga en satsning n\u00e4r som helst: n\u00e4r han tar en paus p\u00e5 jobbet, \u00e5ker kollektivt eller \u00e4ter ute. Rocket-app f\u00f6r att tj\u00e4na kraschar l\u00e5ter dig \u00f6ka din bankrulle flera g\u00e5nger p\u00e5 bara n\u00e5gra minuter och [\u2026]<\/p>","protected":false},"author":2,"featured_media":0,"parent":0,"menu_order":0,"comment_status":"closed","ping_status":"closed","template":"page-no-sidebar.php","meta":{"footnotes":""},"class_list":["post-35","page","type-page","status-publish","hentry"],"yoast_head":"<!-- This site is optimized with the Yoast SEO plugin v26.7 - https:\/\/yoast.com\/wordpress\/plugins\/seo\/ -->\n<title>Download Rich Rocket App for Mobile Devices - Start Play Now<\/title>\n<meta name=\"description\" content=\"Best ways to download the rocket crash app for real money to your device. How to install the game on iOS and Android. Try rocket crash earning app and win constantly!\" \/>\n<meta name=\"robots\" content=\"index, follow, max-snippet:-1, max-image-preview:large, max-video-preview:-1\" \/>\n<link rel=\"canonical\" href=\"https:\/\/richrocketgame.com\/sv\/rich-rocket-app\/\" \/>\n<meta property=\"og:locale\" content=\"sv_SE\" \/>\n<meta property=\"og:type\" content=\"article\" \/>\n<meta property=\"og:title\" content=\"Download Rich Rocket App for Mobile Devices - Start Play Now\" \/>\n<meta property=\"og:description\" content=\"Best ways to download the rocket crash app for real money to your device. How to install the game on iOS and Android. Try rocket crash earning app and win constantly!\" \/>\n<meta property=\"og:url\" content=\"https:\/\/richrocketgame.com\/sv\/rich-rocket-app\/\" \/>\n<meta property=\"og:site_name\" content=\"Rich Rocket Game\" \/>\n<meta property=\"article:modified_time\" content=\"2024-12-27T11:14:09+00:00\" \/>\n<meta property=\"og:image\" content=\"https:\/\/richrocketgame.com\/wp-content\/uploads\/2022\/09\/Rich-Rocket-Game-Download-1024x442.jpg\" \/>\n<meta name=\"twitter:card\" content=\"summary_large_image\" \/>\n<meta name=\"twitter:label1\" content=\"Ber\u00e4knad l\u00e4stid\" \/>\n\t<meta name=\"twitter:data1\" content=\"5 minuter\" \/>\n<!-- \/ Yoast SEO plugin. -->","yoast_head_json":{"title":"Ladda ner Rich Rocket-appen f\u00f6r mobila enheter - B\u00f6rja spela nu","description":"B\u00e4sta s\u00e4tten att ladda ner appen rocket crash f\u00f6r riktiga pengar till din enhet. Hur man installerar spelet p\u00e5 iOS och Android. Prova raketkrasch tj\u00e4na app och vinn st\u00e4ndigt!","robots":{"index":"index","follow":"follow","max-snippet":"max-snippet:-1","max-image-preview":"max-image-preview:large","max-video-preview":"max-video-preview:-1"},"canonical":"https:\/\/richrocketgame.com\/sv\/rich-rocket-app\/","og_locale":"sv_SE","og_type":"article","og_title":"Download Rich Rocket App for Mobile Devices - Start Play Now","og_description":"Best ways to download the rocket crash app for real money to your device. How to install the game on iOS and Android. Try rocket crash earning app and win constantly!","og_url":"https:\/\/richrocketgame.com\/sv\/rich-rocket-app\/","og_site_name":"Rich Rocket Game","article_modified_time":"2024-12-27T11:14:09+00:00","og_image":[{"url":"https:\/\/richrocketgame.com\/wp-content\/uploads\/2022\/09\/Rich-Rocket-Game-Download-1024x442.jpg","type":"","width":"","height":""}],"twitter_card":"summary_large_image","twitter_misc":{"Ber\u00e4knad l\u00e4stid":"5 minuter"},"schema":{"@context":"https:\/\/schema.org","@graph":[{"@type":"WebPage","@id":"https:\/\/richrocketgame.com\/rich-rocket-app\/","url":"https:\/\/richrocketgame.com\/rich-rocket-app\/","name":"Ladda ner Rich Rocket-appen f\u00f6r mobila enheter - B\u00f6rja spela nu","isPartOf":{"@id":"https:\/\/richrocketgame.com\/#website"},"primaryImageOfPage":{"@id":"https:\/\/richrocketgame.com\/rich-rocket-app\/#primaryimage"},"image":{"@id":"https:\/\/richrocketgame.com\/rich-rocket-app\/#primaryimage"},"thumbnailUrl":"https:\/\/richrocketgame.com\/wp-content\/uploads\/2022\/09\/Rich-Rocket-Game-Download-1024x442.jpg","datePublished":"2022-09-01T15:01:28+00:00","dateModified":"2024-12-27T11:14:09+00:00","description":"B\u00e4sta s\u00e4tten att ladda ner appen rocket crash f\u00f6r riktiga pengar till din enhet. Hur man installerar spelet p\u00e5 iOS och Android. Prova raketkrasch tj\u00e4na app och vinn st\u00e4ndigt!","breadcrumb":{"@id":"https:\/\/richrocketgame.com\/rich-rocket-app\/#breadcrumb"},"inLanguage":"sv-SE","potentialAction":[{"@type":"ReadAction","target":["https:\/\/richrocketgame.com\/rich-rocket-app\/"]}]},{"@type":"ImageObject","inLanguage":"sv-SE","@id":"https:\/\/richrocketgame.com\/rich-rocket-app\/#primaryimage","url":"https:\/\/richrocketgame.com\/wp-content\/uploads\/2022\/09\/Rich-Rocket-Game-Download-1024x442.jpg","contentUrl":"https:\/\/richrocketgame.com\/wp-content\/uploads\/2022\/09\/Rich-Rocket-Game-Download-1024x442.jpg"},{"@type":"BreadcrumbList","@id":"https:\/\/richrocketgame.com\/rich-rocket-app\/#breadcrumb","itemListElement":[{"@type":"ListItem","position":1,"name":"\u0413\u043b\u0430\u0432\u043d\u0430\u044f \u0441\u0442\u0440\u0430\u043d\u0438\u0446\u0430","item":"https:\/\/richrocketgame.com\/"},{"@type":"ListItem","position":2,"name":"Download Rich Rocket App for Mobile Devices"}]},{"@type":"WebSite","@id":"https:\/\/richrocketgame.com\/#website","url":"https:\/\/richrocketgame.com\/","name":"Rich Rocket-spel","description":"","publisher":{"@id":"https:\/\/richrocketgame.com\/#organization"},"potentialAction":[{"@type":"SearchAction","target":{"@type":"EntryPoint","urlTemplate":"https:\/\/richrocketgame.com\/?s={search_term_string}"},"query-input":{"@type":"PropertyValueSpecification","valueRequired":true,"valueName":"search_term_string"}}],"inLanguage":"sv-SE"},{"@type":"Organization","@id":"https:\/\/richrocketgame.com\/#organization","name":"Rich Rocket-spel","url":"https:\/\/richrocketgame.com\/","logo":{"@type":"ImageObject","inLanguage":"sv-SE","@id":"https:\/\/richrocketgame.com\/#\/schema\/logo\/image\/","url":"https:\/\/richrocketgame.com\/wp-content\/uploads\/2022\/09\/Rich-Rocket-earning-app.png","contentUrl":"https:\/\/richrocketgame.com\/wp-content\/uploads\/2022\/09\/Rich-Rocket-earning-app.png","width":512,"height":512,"caption":"Rich Rocket Game"},"image":{"@id":"https:\/\/richrocketgame.com\/#\/schema\/logo\/image\/"}}]}},"_links":{"self":[{"href":"https:\/\/richrocketgame.com\/sv\/wp-json\/wp\/v2\/pages\/35","targetHints":{"allow":["GET"]}}],"collection":[{"href":"https:\/\/richrocketgame.com\/sv\/wp-json\/wp\/v2\/pages"}],"about":[{"href":"https:\/\/richrocketgame.com\/sv\/wp-json\/wp\/v2\/types\/page"}],"author":[{"embeddable":true,"href":"https:\/\/richrocketgame.com\/sv\/wp-json\/wp\/v2\/users\/2"}],"replies":[{"embeddable":true,"href":"https:\/\/richrocketgame.com\/sv\/wp-json\/wp\/v2\/comments?post=35"}],"version-history":[{"count":0,"href":"https:\/\/richrocketgame.com\/sv\/wp-json\/wp\/v2\/pages\/35\/revisions"}],"wp:attachment":[{"href":"https:\/\/richrocketgame.com\/sv\/wp-json\/wp\/v2\/media?parent=35"}],"curies":[{"name":"wp","href":"https:\/\/api.w.org\/{rel}","templated":true}]}}