{"id":302,"date":"2023-09-25T12:34:52","date_gmt":"2023-09-25T09:34:52","guid":{"rendered":"https:\/\/richrocketgame.com\/?page_id=302"},"modified":"2023-09-25T20:41:08","modified_gmt":"2023-09-25T17:41:08","slug":"terms-and-conditions","status":"publish","type":"page","link":"https:\/\/richrocketgame.com\/sv\/terms-and-conditions\/","title":{"rendered":"Villkor och best\u00e4mmelser"},"content":{"rendered":"<div class=\"fpm_start\"><\/div>\n<p>De grundl\u00e4ggande regler, skyldigheter och r\u00e4ttigheter som g\u00e4ller f\u00f6r v\u00e5r plattform hittar du h\u00e4r. Vi prioriterar att uppr\u00e4tth\u00e5lla en harmonisk milj\u00f6 f\u00f6r alla anv\u00e4ndare. F\u00f6rdjupa dig i detaljerna f\u00f6r att g\u00f6ra din upplevelse s\u00f6ml\u00f6s.<\/p>\n<div id=\"ez-toc-container\" class=\"ez-toc-v2_0_62 counter-hierarchy ez-toc-counter ez-toc-grey ez-toc-container-direction\">\n<div class=\"ez-toc-title-container\">\n<p class=\"ez-toc-title\" >Inneh\u00e5llsf\u00f6rteckning<\/p>\n<span class=\"ez-toc-title-toggle\"><a href=\"#\" class=\"ez-toc-pull-right ez-toc-btn ez-toc-btn-xs ez-toc-btn-default ez-toc-toggle\" aria-label=\"V\u00e4xla inneh\u00e5llsf\u00f6rteckning\"><span class=\"ez-toc-js-icon-con\"><span class=\"\"><span class=\"eztoc-hide\" style=\"display:none;\">V\u00e4xla<\/span><span class=\"ez-toc-icon-toggle-span\"><svg style=\"fill: #999;color:#999\" xmlns=\"http:\/\/www.w3.org\/2000\/svg\" class=\"list-377408\" width=\"20px\" height=\"20px\" viewbox=\"0 0 24 24\" fill=\"none\"><path d=\"M6 6H4v2h2V6zm14 0H8v2h12V6zM4 11h2v2H4v-2zm16 0H8v2h12v-2zM4 16h2v2H4v-2zm16 0H8v2h12v-2z\" fill=\"currentColor\"><\/path><\/svg><svg style=\"fill: #999;color:#999\" class=\"arrow-unsorted-368013\" xmlns=\"http:\/\/www.w3.org\/2000\/svg\" width=\"10px\" height=\"10px\" viewbox=\"0 0 24 24\" version=\"1.2\" baseprofile=\"tiny\"><path d=\"M18.2 9.3l-6.2-6.3-6.2 6.3c-.2.2-.3.4-.3.7s.1.5.3.7c.2.2.4.3.7.3h11c.3 0 .5-.1.7-.3.2-.2.3-.5.3-.7s-.1-.5-.3-.7zM5.8 14.7l6.2 6.3 6.2-6.3c.2-.2.3-.5.3-.7s-.1-.5-.3-.7c-.2-.2-.4-.3-.7-.3h-11c-.3 0-.5.1-.7.3-.2.2-.3.5-.3.7s.1.5.3.7z\"\/><\/svg><\/span><\/span><\/span><\/a><\/span><\/div>\n<nav><ul class='ez-toc-list ez-toc-list-level-1 eztoc-toggle-hide-by-default' ><li class='ez-toc-page-1 ez-toc-heading-level-2'><a class=\"ez-toc-link ez-toc-heading-1\" href=\"https:\/\/richrocketgame.com\/sv\/terms-and-conditions\/#Introduction_to_Our_Platforms_Terms\" title=\"Introduktion till villkoren f\u00f6r v\u00e5r plattform\">Introduktion till villkoren f\u00f6r v\u00e5r plattform<\/a><\/li><li class='ez-toc-page-1 ez-toc-heading-level-2'><a class=\"ez-toc-link ez-toc-heading-2\" href=\"https:\/\/richrocketgame.com\/sv\/terms-and-conditions\/#Your_Duties_as_a_User\" title=\"Dina skyldigheter som anv\u00e4ndare\">Dina skyldigheter som anv\u00e4ndare<\/a><\/li><li class='ez-toc-page-1 ez-toc-heading-level-2'><a class=\"ez-toc-link ez-toc-heading-3\" href=\"https:\/\/richrocketgame.com\/sv\/terms-and-conditions\/#Understanding_Content_Rights\" title=\"F\u00f6rst\u00e5 inneh\u00e5llsr\u00e4ttigheter\">F\u00f6rst\u00e5 inneh\u00e5llsr\u00e4ttigheter<\/a><\/li><li class='ez-toc-page-1 ez-toc-heading-level-2'><a class=\"ez-toc-link ez-toc-heading-4\" href=\"https:\/\/richrocketgame.com\/sv\/terms-and-conditions\/#Protecting_Your_Privacy\" title=\"Skydda din integritet\">Skydda din integritet<\/a><\/li><li class='ez-toc-page-1 ez-toc-heading-level-2'><a class=\"ez-toc-link ez-toc-heading-5\" href=\"https:\/\/richrocketgame.com\/sv\/terms-and-conditions\/#External_Links_Their_Autonomy\" title=\"Externa l\u00e4nkar och deras autonomi\">Externa l\u00e4nkar och deras autonomi<\/a><\/li><li class='ez-toc-page-1 ez-toc-heading-level-2'><a class=\"ez-toc-link ez-toc-heading-6\" href=\"https:\/\/richrocketgame.com\/sv\/terms-and-conditions\/#Assurance_Accountability\" title=\"F\u00f6rs\u00e4kran och ansvarsskyldighet\">F\u00f6rs\u00e4kran och ansvarsskyldighet<\/a><\/li><li class='ez-toc-page-1 ez-toc-heading-level-2'><a class=\"ez-toc-link ez-toc-heading-7\" href=\"https:\/\/richrocketgame.com\/sv\/terms-and-conditions\/#Limits_on_Our_Liability\" title=\"Begr\u00e4nsningar av v\u00e5rt ansvar\">Begr\u00e4nsningar av v\u00e5rt ansvar<\/a><\/li><\/ul><\/nav><\/div>\n<h2><span class=\"ez-toc-section\" id=\"Introduction_to_Our_Platforms_Terms\"><\/span><strong>Introduktion till villkoren f\u00f6r v\u00e5r plattform<\/strong><span class=\"ez-toc-section-end\"><\/span><\/h2>\n<p>V\u00e4lkommen ombord. N\u00e4r du anv\u00e4nder Rich Rocket Game, anv\u00e4nder du inte bara en plattform; du g\u00e5r med i en gemenskap. Den h\u00e4r sidan fungerar som en detaljerad karta f\u00f6r att navigera i v\u00e5ra community-riktlinjer och s\u00e4kerst\u00e4lla att all interaktion p\u00e5 v\u00e5r plattform g\u00e5r r\u00e4tt till.<\/p>\n<h2><span class=\"ez-toc-section\" id=\"Your_Duties_as_a_User\"><\/span><strong>Dina skyldigheter som anv\u00e4ndare<\/strong><span class=\"ez-toc-section-end\"><\/span><\/h2>\n<p>Som en v\u00e4rdefull medlem i v\u00e5rt samh\u00e4lle:<\/p>\n<ul>\n<li><strong>R\u00e4ttslig efterlevnad<\/strong>: Se till att dina interaktioner f\u00f6ljer alla relevanta lagar och regleringsstandarder.<\/li>\n<li><strong>Respekt f\u00f6r immateriella r\u00e4ttigheter<\/strong>: Erk\u00e4nna och respektera andra medlemmars och plattformens intellektuella str\u00e4vanden.<\/li>\n<li><strong>Sanningsenliga interaktioner<\/strong>: Den information du l\u00e4mnar ska vara b\u00e5de korrekt och \u00e4rlig. Felaktig information skadar v\u00e5r kollektiva integritet.<\/li>\n<\/ul>\n<h2><span class=\"ez-toc-section\" id=\"Understanding_Content_Rights\"><\/span><strong>F\u00f6rst\u00e5 inneh\u00e5llsr\u00e4ttigheter<\/strong><span class=\"ez-toc-section-end\"><\/span><\/h2>\n<p>Varje del av inneh\u00e5llet - oavsett om det \u00e4r en textstr\u00e4ng, f\u00e4ngslande bilder, f\u00e4ngslande videor eller intrikata logotyper - \u00e4r inkapslat i det skyddande skalet av upphovsr\u00e4tt och immaterialr\u00e4tt.<\/p>\n<ul>\n<li><strong>Obeh\u00f6riga \u00e5tg\u00e4rder<\/strong>: Det \u00e4r inte till\u00e5tet att kopiera, anv\u00e4nda eller distribuera v\u00e5rt inneh\u00e5ll utan uttryckligt skriftligt tillst\u00e5nd.<\/li>\n<li><strong>Dina bidrag<\/strong>: N\u00e4r du berikar v\u00e5r plattform med ditt inneh\u00e5ll ger du oss en global licens, fri fr\u00e5n royalties, att finjustera, visa upp och anv\u00e4nda ditt bidrag i harmoni med v\u00e5ra tj\u00e4nster.<\/li>\n<\/ul>\n<h2><span class=\"ez-toc-section\" id=\"Protecting_Your_Privacy\"><\/span><strong>Skydda din integritet<\/strong><span class=\"ez-toc-section-end\"><\/span><\/h2>\n<p>Din integritet \u00e4r inte bara en policy, det \u00e4r ett l\u00f6fte. Dyk ner i v\u00e5r integritetspolicy f\u00f6r att utforska v\u00e5rt \u00e5tagande att skydda dina personuppgifter.<\/p>\n<h2><span class=\"ez-toc-section\" id=\"External_Links_Their_Autonomy\"><\/span><strong>Externa l\u00e4nkar och deras autonomi<\/strong><span class=\"ez-toc-section-end\"><\/span><\/h2>\n<p>N\u00e4r du surfar kan du st\u00f6ta p\u00e5 l\u00e4nkar som leder dig till plattformar utanf\u00f6r v\u00e5r jurisdiktion. Kom ih\u00e5g detta:<\/p>\n<ul>\n<li><strong>Autonoma plattformar<\/strong>: Deras inneh\u00e5ll, villkor och sekretesspraxis \u00e4r oberoende. Vi st\u00f6der dem inte och tar inget ansvar f\u00f6r dem.<\/li>\n<li><strong>V\u00e4lgrundade beslut<\/strong>: Innan du ger dig i kast med externt inneh\u00e5ll \u00e4r det alltid klokt att bekanta dig med deras riktlinjer.<\/li>\n<\/ul>\n<h2><span class=\"ez-toc-section\" id=\"Assurance_Accountability\"><\/span><strong>F\u00f6rs\u00e4kran och ansvarsskyldighet<\/strong><span class=\"ez-toc-section-end\"><\/span><\/h2>\n<p>Vi \u00e4r stolta \u00f6ver den information och de tj\u00e4nster vi erbjuder. De kommer dock med en klausul om \"i befintligt skick\" och \"i m\u00e5n av tillg\u00e5ng\". Vi str\u00e4var efter, men utlovar inte, perfektion n\u00e4r det g\u00e4ller noggrannhet, fullst\u00e4ndighet eller tillg\u00e4nglighet.<\/p>\n<h2><span class=\"ez-toc-section\" id=\"Limits_on_Our_Liability\"><\/span><strong>Begr\u00e4nsningar av v\u00e5rt ansvar<\/strong><span class=\"ez-toc-section-end\"><\/span><\/h2>\n<p>De r\u00e4ttsliga ramarna kan variera, men inom till\u00e5tna gr\u00e4nser kan vi inte h\u00e5llas ansvariga f\u00f6r n\u00e5gon form av skador, vare sig direkta, tillf\u00e4lliga eller f\u00f6ljdskador till f\u00f6ljd av plattformsanv\u00e4ndning.<\/p><script data-noptimize=\"\" data-wpfc-render=\"false\">\n\/* <![CDATA[ *\/\nfpm_start( \"true\" );\n\/* ]]> *\/\n<\/script>\n\n<div class=\"fpm_end\"><\/div>\n<div class=\"author-card author-card--top\"><img alt='Profilbild' src='https:\/\/richrocketgame.com\/wp-content\/uploads\/2023\/03\/Paulo-Dornelas-130x130.jpg' srcset='https:\/\/richrocketgame.com\/wp-content\/uploads\/2023\/03\/Paulo-Dornelas-260x260.jpg 2x' class='avatar avatar-130 photo author-image' height='130' width='130' \/><div class=\"author-content text-md-center\"><span class=\"author-title\">F\u00f6rfattare<\/span><a href=\"https:\/\/richrocketgame.com\/sv\/author\/paulo-dornelas\/\" class=\"author-name\">Paulo Dornelas<\/a><p class=\"author__details\">Paulo Dornelas \u00e4r en expert p\u00e5 spel som har \u00e4gnat sitt liv \u00e5t att f\u00f6rst\u00e5 branschen och hj\u00e4lpa andra att tj\u00e4na pengar p\u00e5 den. Han \u00e4r ocks\u00e5 en ivrig resen\u00e4r och \u00e4lskar att utforska nya platser. Paulos kunskap om spelande och hans passion f\u00f6r resor g\u00f6r honom till den perfekta guiden f\u00f6r alla som vill g\u00f6ra rej\u00e4la vinster genom att satsa p\u00e5 sport eller spela casinospel.<\/p><\/div><!-- \/.author-content --><\/div>","protected":false},"excerpt":{"rendered":"<p>De grundl\u00e4ggande reglerna, skyldigheterna och r\u00e4ttigheterna som styr v\u00e5r plattform finns h\u00e4r. Vi prioriterar att uppr\u00e4tth\u00e5lla en harmonisk milj\u00f6 f\u00f6r alla anv\u00e4ndare. F\u00f6rdjupa dig djupt i detaljerna f\u00f6r att g\u00f6ra din upplevelse s\u00f6ml\u00f6s. Introduktion till v\u00e5r plattforms villkor V\u00e4lkommen ombord. N\u00e4r du anv\u00e4nder Rich Rocket Game anv\u00e4nder du inte bara en plattform; du g\u00e5r med i en gemenskap. [\u2026]<\/p>","protected":false},"author":2,"featured_media":0,"parent":0,"menu_order":0,"comment_status":"closed","ping_status":"closed","template":"","meta":{"footnotes":""},"class_list":["post-302","page","type-page","status-publish","hentry"],"yoast_head":"<!-- This site is optimized with the Yoast SEO plugin v26.7 - https:\/\/yoast.com\/wordpress\/plugins\/seo\/ -->\n<title>Rich Rocket Game: Terms and Conditions<\/title>\n<meta name=\"description\" content=\"Navigate Rich Rocket Game&#039;s terms with ease. From user responsibilities, content rights to privacy assurance, understand the standards ensuring a secure, harmonious gaming environment. Dive in for a seamless experience.\" \/>\n<meta name=\"robots\" content=\"index, follow, max-snippet:-1, max-image-preview:large, max-video-preview:-1\" \/>\n<link rel=\"canonical\" href=\"https:\/\/richrocketgame.com\/sv\/terms-and-conditions\/\" \/>\n<meta property=\"og:locale\" content=\"sv_SE\" \/>\n<meta property=\"og:type\" content=\"article\" \/>\n<meta property=\"og:title\" content=\"Rich Rocket Game: Terms and Conditions\" \/>\n<meta property=\"og:description\" content=\"Navigate Rich Rocket Game&#039;s terms with ease. From user responsibilities, content rights to privacy assurance, understand the standards ensuring a secure, harmonious gaming environment. Dive in for a seamless experience.\" \/>\n<meta property=\"og:url\" content=\"https:\/\/richrocketgame.com\/sv\/terms-and-conditions\/\" \/>\n<meta property=\"og:site_name\" content=\"Rich Rocket Game\" \/>\n<meta property=\"article:modified_time\" content=\"2023-09-25T17:41:08+00:00\" \/>\n<meta name=\"twitter:card\" content=\"summary_large_image\" \/>\n<meta name=\"twitter:label1\" content=\"Ber\u00e4knad l\u00e4stid\" \/>\n\t<meta name=\"twitter:data1\" content=\"2 minuter\" \/>\n<!-- \/ Yoast SEO plugin. -->","yoast_head_json":{"title":"Rich Rocket Spel: Villkor och best\u00e4mmelser","description":"Navigera enkelt i Rich Rocket Games villkor. Fr\u00e5n anv\u00e4ndaransvar, inneh\u00e5llsr\u00e4ttigheter till integritetsskydd - f\u00f6rst\u00e5 de standarder som garanterar en s\u00e4ker och harmonisk spelmilj\u00f6. Dyk in f\u00f6r en s\u00f6ml\u00f6s upplevelse.","robots":{"index":"index","follow":"follow","max-snippet":"max-snippet:-1","max-image-preview":"max-image-preview:large","max-video-preview":"max-video-preview:-1"},"canonical":"https:\/\/richrocketgame.com\/sv\/terms-and-conditions\/","og_locale":"sv_SE","og_type":"article","og_title":"Rich Rocket Game: Terms and Conditions","og_description":"Navigate Rich Rocket Game's terms with ease. From user responsibilities, content rights to privacy assurance, understand the standards ensuring a secure, harmonious gaming environment. Dive in for a seamless experience.","og_url":"https:\/\/richrocketgame.com\/sv\/terms-and-conditions\/","og_site_name":"Rich Rocket Game","article_modified_time":"2023-09-25T17:41:08+00:00","twitter_card":"summary_large_image","twitter_misc":{"Ber\u00e4knad l\u00e4stid":"2 minuter"},"schema":{"@context":"https:\/\/schema.org","@graph":[{"@type":"WebPage","@id":"https:\/\/richrocketgame.com\/terms-and-conditions\/","url":"https:\/\/richrocketgame.com\/terms-and-conditions\/","name":"Rich Rocket Spel: Villkor och best\u00e4mmelser","isPartOf":{"@id":"https:\/\/richrocketgame.com\/#website"},"datePublished":"2023-09-25T09:34:52+00:00","dateModified":"2023-09-25T17:41:08+00:00","description":"Navigera enkelt i Rich Rocket Games villkor. Fr\u00e5n anv\u00e4ndaransvar, inneh\u00e5llsr\u00e4ttigheter till integritetsskydd - f\u00f6rst\u00e5 de standarder som garanterar en s\u00e4ker och harmonisk spelmilj\u00f6. Dyk in f\u00f6r en s\u00f6ml\u00f6s upplevelse.","breadcrumb":{"@id":"https:\/\/richrocketgame.com\/terms-and-conditions\/#breadcrumb"},"inLanguage":"sv-SE","potentialAction":[{"@type":"ReadAction","target":["https:\/\/richrocketgame.com\/terms-and-conditions\/"]}]},{"@type":"BreadcrumbList","@id":"https:\/\/richrocketgame.com\/terms-and-conditions\/#breadcrumb","itemListElement":[{"@type":"ListItem","position":1,"name":"\u0413\u043b\u0430\u0432\u043d\u0430\u044f \u0441\u0442\u0440\u0430\u043d\u0438\u0446\u0430","item":"https:\/\/richrocketgame.com\/"},{"@type":"ListItem","position":2,"name":"Terms and Conditions"}]},{"@type":"WebSite","@id":"https:\/\/richrocketgame.com\/#website","url":"https:\/\/richrocketgame.com\/","name":"Rich Rocket-spel","description":"","publisher":{"@id":"https:\/\/richrocketgame.com\/#organization"},"potentialAction":[{"@type":"SearchAction","target":{"@type":"EntryPoint","urlTemplate":"https:\/\/richrocketgame.com\/?s={search_term_string}"},"query-input":{"@type":"PropertyValueSpecification","valueRequired":true,"valueName":"search_term_string"}}],"inLanguage":"sv-SE"},{"@type":"Organization","@id":"https:\/\/richrocketgame.com\/#organization","name":"Rich Rocket-spel","url":"https:\/\/richrocketgame.com\/","logo":{"@type":"ImageObject","inLanguage":"sv-SE","@id":"https:\/\/richrocketgame.com\/#\/schema\/logo\/image\/","url":"https:\/\/richrocketgame.com\/wp-content\/uploads\/2022\/09\/Rich-Rocket-earning-app.png","contentUrl":"https:\/\/richrocketgame.com\/wp-content\/uploads\/2022\/09\/Rich-Rocket-earning-app.png","width":512,"height":512,"caption":"Rich Rocket Game"},"image":{"@id":"https:\/\/richrocketgame.com\/#\/schema\/logo\/image\/"}}]}},"_links":{"self":[{"href":"https:\/\/richrocketgame.com\/sv\/wp-json\/wp\/v2\/pages\/302","targetHints":{"allow":["GET"]}}],"collection":[{"href":"https:\/\/richrocketgame.com\/sv\/wp-json\/wp\/v2\/pages"}],"about":[{"href":"https:\/\/richrocketgame.com\/sv\/wp-json\/wp\/v2\/types\/page"}],"author":[{"embeddable":true,"href":"https:\/\/richrocketgame.com\/sv\/wp-json\/wp\/v2\/users\/2"}],"replies":[{"embeddable":true,"href":"https:\/\/richrocketgame.com\/sv\/wp-json\/wp\/v2\/comments?post=302"}],"version-history":[{"count":0,"href":"https:\/\/richrocketgame.com\/sv\/wp-json\/wp\/v2\/pages\/302\/revisions"}],"wp:attachment":[{"href":"https:\/\/richrocketgame.com\/sv\/wp-json\/wp\/v2\/media?parent=302"}],"curies":[{"name":"wp","href":"https:\/\/api.w.org\/{rel}","templated":true}]}}