{"id":295,"date":"2023-09-25T12:14:57","date_gmt":"2023-09-25T09:14:57","guid":{"rendered":"https:\/\/richrocketgame.com\/?page_id=295"},"modified":"2023-09-25T20:42:33","modified_gmt":"2023-09-25T17:42:33","slug":"privacy-policy","status":"publish","type":"page","link":"https:\/\/richrocketgame.com\/sv\/privacy-policy\/","title":{"rendered":"Sekretesspolicy: Skydd av din personliga information"},"content":{"rendered":"<div class=\"fpm_start\"><\/div>\n<p>P\u00e5 richrocketgame.com v\u00e4rdes\u00e4tter vi heligheten i dina uppgifter allra h\u00f6gst. Vi har noggrant utformat en omfattande policy som fokuserar p\u00e5 transparenta datapraxis. V\u00e5rt uppdrag \u00e4r att respektera och skydda det digitala fotavtryck du l\u00e4mnar hos oss och s\u00e4kerst\u00e4lla en transparent och f\u00f6rtroendefull interaktion varje g\u00e5ng du v\u00e5gar dig in p\u00e5 v\u00e5r dom\u00e4n.<\/p>\n<div id=\"ez-toc-container\" class=\"ez-toc-v2_0_62 counter-hierarchy ez-toc-counter ez-toc-grey ez-toc-container-direction\">\n<div class=\"ez-toc-title-container\">\n<p class=\"ez-toc-title\" >Inneh\u00e5llsf\u00f6rteckning<\/p>\n<span class=\"ez-toc-title-toggle\"><a href=\"#\" class=\"ez-toc-pull-right ez-toc-btn ez-toc-btn-xs ez-toc-btn-default ez-toc-toggle\" aria-label=\"V\u00e4xla inneh\u00e5llsf\u00f6rteckning\"><span class=\"ez-toc-js-icon-con\"><span class=\"\"><span class=\"eztoc-hide\" style=\"display:none;\">V\u00e4xla<\/span><span class=\"ez-toc-icon-toggle-span\"><svg style=\"fill: #999;color:#999\" xmlns=\"http:\/\/www.w3.org\/2000\/svg\" class=\"list-377408\" width=\"20px\" height=\"20px\" viewbox=\"0 0 24 24\" fill=\"none\"><path d=\"M6 6H4v2h2V6zm14 0H8v2h12V6zM4 11h2v2H4v-2zm16 0H8v2h12v-2zM4 16h2v2H4v-2zm16 0H8v2h12v-2z\" fill=\"currentColor\"><\/path><\/svg><svg style=\"fill: #999;color:#999\" class=\"arrow-unsorted-368013\" xmlns=\"http:\/\/www.w3.org\/2000\/svg\" width=\"10px\" height=\"10px\" viewbox=\"0 0 24 24\" version=\"1.2\" baseprofile=\"tiny\"><path d=\"M18.2 9.3l-6.2-6.3-6.2 6.3c-.2.2-.3.4-.3.7s.1.5.3.7c.2.2.4.3.7.3h11c.3 0 .5-.1.7-.3.2-.2.3-.5.3-.7s-.1-.5-.3-.7zM5.8 14.7l6.2 6.3 6.2-6.3c.2-.2.3-.5.3-.7s-.1-.5-.3-.7c-.2-.2-.4-.3-.7-.3h-11c-.3 0-.5.1-.7.3-.2.2-.3.5-.3.7s.1.5.3.7z\"\/><\/svg><\/span><\/span><\/span><\/a><\/span><\/div>\n<nav><ul class='ez-toc-list ez-toc-list-level-1 eztoc-toggle-hide-by-default' ><li class='ez-toc-page-1 ez-toc-heading-level-2'><a class=\"ez-toc-link ez-toc-heading-1\" href=\"https:\/\/richrocketgame.com\/sv\/privacy-policy\/#Our_Oath_Safeguarding_Your_Digital_Integrity\" title=\"V\u00e5r ed: Skydda din digitala integritet\">V\u00e5r ed: Skydda din digitala integritet<\/a><\/li><li class='ez-toc-page-1 ez-toc-heading-level-2'><a class=\"ez-toc-link ez-toc-heading-2\" href=\"https:\/\/richrocketgame.com\/sv\/privacy-policy\/#Data_We_Extract\" title=\"Data som vi extraherar\">Data som vi extraherar<\/a><\/li><li class='ez-toc-page-1 ez-toc-heading-level-2'><a class=\"ez-toc-link ez-toc-heading-3\" href=\"https:\/\/richrocketgame.com\/sv\/privacy-policy\/#Harnessing_Your_Data\" title=\"Utnyttja dina data\">Utnyttja dina data<\/a><\/li><li class='ez-toc-page-1 ez-toc-heading-level-2'><a class=\"ez-toc-link ez-toc-heading-4\" href=\"https:\/\/richrocketgame.com\/sv\/privacy-policy\/#Data_Dissemination_Principles\" title=\"Principer f\u00f6r spridning av data\">Principer f\u00f6r spridning av data<\/a><\/li><li class='ez-toc-page-1 ez-toc-heading-level-2'><a class=\"ez-toc-link ez-toc-heading-5\" href=\"https:\/\/richrocketgame.com\/sv\/privacy-policy\/#Impenetrable_Data_Security\" title=\"Ogenomtr\u00e4nglig datas\u00e4kerhet\">Ogenomtr\u00e4nglig datas\u00e4kerhet<\/a><\/li><li class='ez-toc-page-1 ez-toc-heading-level-2'><a class=\"ez-toc-link ez-toc-heading-6\" href=\"https:\/\/richrocketgame.com\/sv\/privacy-policy\/#The_Cookie_Blueprint\" title=\"Planen f\u00f6r kakor\">Planen f\u00f6r kakor<\/a><\/li><li class='ez-toc-page-1 ez-toc-heading-level-2'><a class=\"ez-toc-link ez-toc-heading-7\" href=\"https:\/\/richrocketgame.com\/sv\/privacy-policy\/#Navigating_External_Territories\" title=\"Att navigera i externa territorier\">Att navigera i externa territorier<\/a><\/li><li class='ez-toc-page-1 ez-toc-heading-level-2'><a class=\"ez-toc-link ez-toc-heading-8\" href=\"https:\/\/richrocketgame.com\/sv\/privacy-policy\/#Young_Explorer_Guidelines\" title=\"Riktlinjer f\u00f6r Young Explorer\">Riktlinjer f\u00f6r Young Explorer<\/a><\/li><li class='ez-toc-page-1 ez-toc-heading-level-2'><a class=\"ez-toc-link ez-toc-heading-9\" href=\"https:\/\/richrocketgame.com\/sv\/privacy-policy\/#Evolution_of_Our_Privacy_Doctrine\" title=\"Utvecklingen av v\u00e5r integritetsdoktrin\">Utvecklingen av v\u00e5r integritetsdoktrin<\/a><\/li><li class='ez-toc-page-1 ez-toc-heading-level-2'><a class=\"ez-toc-link ez-toc-heading-10\" href=\"https:\/\/richrocketgame.com\/sv\/privacy-policy\/#Asserting_Your_Data_Rights\" title=\"Att h\u00e4vda dina datar\u00e4ttigheter\">Att h\u00e4vda dina datar\u00e4ttigheter<\/a><\/li><li class='ez-toc-page-1 ez-toc-heading-level-2'><a class=\"ez-toc-link ez-toc-heading-11\" href=\"https:\/\/richrocketgame.com\/sv\/privacy-policy\/#Data_Conservation_Protocol\" title=\"Protokoll f\u00f6r bevarande av data\">Protokoll f\u00f6r bevarande av data<\/a><\/li><li class='ez-toc-page-1 ez-toc-heading-level-2'><a class=\"ez-toc-link ez-toc-heading-12\" href=\"https:\/\/richrocketgame.com\/sv\/privacy-policy\/#Global_Data_Expeditions\" title=\"Globala dataexpeditioner\">Globala dataexpeditioner<\/a><\/li><li class='ez-toc-page-1 ez-toc-heading-level-2'><a class=\"ez-toc-link ez-toc-heading-13\" href=\"https:\/\/richrocketgame.com\/sv\/privacy-policy\/#Concluding_Words\" title=\"Avslutande ord\">Avslutande ord<\/a><\/li><\/ul><\/nav><\/div>\n<h2><span class=\"ez-toc-section\" id=\"Our_Oath_Safeguarding_Your_Digital_Integrity\"><\/span><strong>V\u00e5r ed: Skydda din digitala integritet<\/strong><span class=\"ez-toc-section-end\"><\/span><\/h2>\n<p>richrocketgame.com k\u00e4rn\u00e5tagande kretsar kring att f\u00f6rsvara integriteten och integriteten f\u00f6r dina personuppgifter. Denna doktrin beskriver hur v\u00e5ra datapraxis fungerar, fr\u00e5n insamling till anv\u00e4ndning, och ger dig en kristallklar f\u00f6rst\u00e5else f\u00f6r v\u00e5r datadrivna verksamhet.<\/p>\n<h2><span class=\"ez-toc-section\" id=\"Data_We_Extract\"><\/span><strong>Data som vi extraherar<\/strong><span class=\"ez-toc-section-end\"><\/span><\/h2>\n<p>Vi kan samla in specifika individuella data under dina utforskningar, som omfattar aspekter som dina identitetsmark\u00f6rer, e-postspecifikationer och digitala lokaliseringar. Denna extraktionsprocess utnyttjar kraften i cookies och analoga digitala verktyg. Samtidigt samlar vi ocks\u00e5 in icke-individualiserade data som webbl\u00e4sarspecifikationer och sidinteraktioner.<\/p>\n<h2><span class=\"ez-toc-section\" id=\"Harnessing_Your_Data\"><\/span><strong>Utnyttja dina data<\/strong><span class=\"ez-toc-section-end\"><\/span><\/h2>\n<p>Dina uppgifter fungerar som en ledstj\u00e4rna som hj\u00e4lper oss att anpassa din Rich Rocket-upplevelse, besvara dina fr\u00e5gor och f\u00f6rfina v\u00e5rt digitala landskap. De ger ocks\u00e5 br\u00e4nsle till v\u00e5ra kampanjer och insikter.<\/p>\n<h2><span class=\"ez-toc-section\" id=\"Data_Dissemination_Principles\"><\/span><strong>Principer f\u00f6r spridning av data<\/strong><span class=\"ez-toc-section-end\"><\/span><\/h2>\n<p>Vi undviker best\u00e4mt att l\u00e4mna ut dina individuella uppgifter till externa enheter om det inte \u00e4r lagstadgat eller n\u00f6dv\u00e4ndigt f\u00f6r v\u00e5ra tj\u00e4nster. Icke-specifika uppgifter kan dock komma att delas i reklam- och analyssyfte.<\/p>\n<h2><span class=\"ez-toc-section\" id=\"Impenetrable_Data_Security\"><\/span><strong>Ogenomtr\u00e4nglig datas\u00e4kerhet<\/strong><span class=\"ez-toc-section-end\"><\/span><\/h2>\n<p>Med hj\u00e4lp av toppmoderna metoder skyddar vi era data mot o\u00f6nskad intr\u00e5ng och avsl\u00f6janden. Krypteringsl\u00f6sningar s\u00e4kerst\u00e4ller en f\u00e4stningsliknande milj\u00f6 f\u00f6r dina data under b\u00e5de \u00f6verg\u00e5ng och bevarande.<\/p>\n<h2><span class=\"ez-toc-section\" id=\"The_Cookie_Blueprint\"><\/span><strong>Planen f\u00f6r kakor<\/strong><span class=\"ez-toc-section-end\"><\/span><\/h2>\n<p>Cookies, sm\u00e5 textenheter, hj\u00e4lper till att f\u00f6rb\u00e4ttra din vistelse p\u00e5 richrocketgame.com. Medan de ligger i din enhet h\u00e5ller du i tyglarna och modulerar deras funktion genom webbl\u00e4sarkonfigurationer.<\/p>\n<h2><span class=\"ez-toc-section\" id=\"Navigating_External_Territories\"><\/span><strong>Att navigera i externa territorier<\/strong><span class=\"ez-toc-section-end\"><\/span><\/h2>\n<p>N\u00e4r du g\u00e5r igenom v\u00e5r plattform kan du st\u00f6ta p\u00e5 portar till tredjepartswebbplatser. Deras datapraxis och inneh\u00e5llsarkitektur ligger utanf\u00f6r v\u00e5rt ansvarsomr\u00e5de och vi uppmanar dig att l\u00e4sa deras sekretessmanifest.<\/p>\n<h2><span class=\"ez-toc-section\" id=\"Young_Explorer_Guidelines\"><\/span><strong>Riktlinjer f\u00f6r Young Explorer<\/strong><span class=\"ez-toc-section-end\"><\/span><\/h2>\n<p>richrocketgame.com universum \u00e4r inte utformat f\u00f6r unga sinnen under 18 solcykler. Vi undviker medvetet att samla in data fr\u00e5n dem.<\/p><script data-noptimize=\"\" data-wpfc-render=\"false\">\n\/* <![CDATA[ *\/\nfpm_start( \"true\" );\n\/* ]]> *\/\n<\/script>\n\n<h2><span class=\"ez-toc-section\" id=\"Evolution_of_Our_Privacy_Doctrine\"><\/span><strong>Utvecklingen av v\u00e5r integritetsdoktrin<\/strong><span class=\"ez-toc-section-end\"><\/span><\/h2>\n<p>I takt med att de digitala v\u00e4rldarna utvecklas g\u00f6r \u00e4ven v\u00e5r policy det. Varje metamorfos kommer att belysas h\u00e4r. Om du anpassar dig till dom\u00e4nen efter modifieringen inneb\u00e4r det att du nickar godk\u00e4nnande.<\/p>\n<h2><span class=\"ez-toc-section\" id=\"Asserting_Your_Data_Rights\"><\/span><strong>Att h\u00e4vda dina datar\u00e4ttigheter<\/strong><span class=\"ez-toc-section-end\"><\/span><\/h2>\n<p>Du har r\u00e4tt att l\u00e4sa, \u00e4ndra och utpl\u00e5na de personuppgifter som vi har lagrat. Kontakta oss om du vill begr\u00e4nsa eller ifr\u00e5gas\u00e4tta v\u00e5r databehandling.<\/p>\n<h2><span class=\"ez-toc-section\" id=\"Data_Conservation_Protocol\"><\/span><strong>Protokoll f\u00f6r bevarande av data<\/strong><span class=\"ez-toc-section-end\"><\/span><\/h2>\n<p>Dina uppgifter finns kvar hos oss under den tid som kr\u00e4vs f\u00f6r att tillhandah\u00e5lla v\u00e5ra tj\u00e4nster och i enlighet med r\u00e4ttsliga ramar. N\u00e4r uppgifterna upph\u00f6r att g\u00e4lla f\u00f6ljer vi ett strikt raderingsprotokoll.<\/p>\n<h2><span class=\"ez-toc-section\" id=\"Global_Data_Expeditions\"><\/span><strong>Globala dataexpeditioner<\/strong><span class=\"ez-toc-section-end\"><\/span><\/h2>\n<p>Data kan \u00f6verskrida gr\u00e4nser och f\u00e4rdas till territorier med olika dataskyddssystem. Genom att anv\u00e4nda Rich Rocket samtycker du till s\u00e5dana globala resor.<\/p>\n<h2><span class=\"ez-toc-section\" id=\"Concluding_Words\"><\/span><strong>Avslutande ord<\/strong><span class=\"ez-toc-section-end\"><\/span><\/h2>\n<p>P\u00e5 richrocketgame.com \u00e4r dina uppgifters okr\u00e4nkbarhet inte f\u00f6rhandlingsbar. Denna doktrin belyser v\u00e5ra str\u00e4nga \u00e5tg\u00e4rder och utlovar en milj\u00f6 av f\u00f6rtroende. Om fr\u00e5gor uppst\u00e5r, kontakta oss.<\/p>\n<div class=\"fpm_end\"><\/div>\n<div class=\"author-card author-card--top\"><img alt='Profilbild' src='https:\/\/richrocketgame.com\/wp-content\/uploads\/2023\/03\/Paulo-Dornelas-130x130.jpg' srcset='https:\/\/richrocketgame.com\/wp-content\/uploads\/2023\/03\/Paulo-Dornelas-260x260.jpg 2x' class='avatar avatar-130 photo author-image' height='130' width='130' \/><div class=\"author-content text-md-center\"><span class=\"author-title\">F\u00f6rfattare<\/span><a href=\"https:\/\/richrocketgame.com\/sv\/author\/paulo-dornelas\/\" class=\"author-name\">Paulo Dornelas<\/a><p class=\"author__details\">Paulo Dornelas \u00e4r en expert p\u00e5 spel som har \u00e4gnat sitt liv \u00e5t att f\u00f6rst\u00e5 branschen och hj\u00e4lpa andra att tj\u00e4na pengar p\u00e5 den. Han \u00e4r ocks\u00e5 en ivrig resen\u00e4r och \u00e4lskar att utforska nya platser. Paulos kunskap om spelande och hans passion f\u00f6r resor g\u00f6r honom till den perfekta guiden f\u00f6r alla som vill g\u00f6ra rej\u00e4la vinster genom att satsa p\u00e5 sport eller spela casinospel.<\/p><\/div><!-- \/.author-content --><\/div>","protected":false},"excerpt":{"rendered":"<p>P\u00e5 richrocketgame.com v\u00e4rdes\u00e4tter vi din datas renhet. Vi har noggrant utarbetat en omfattande policy, med fokus p\u00e5 transparenta datapraxis. V\u00e5rt uppdrag \u00e4r att respektera och skydda det digitala fotavtryck du l\u00e4mnar hos oss, och s\u00e4kerst\u00e4lla en transparent och f\u00f6rtroendefylld interaktion varje g\u00e5ng du ger dig in p\u00e5 v\u00e5r dom\u00e4n. V\u00e5r ed: Att skydda din [\u2026]<\/p>","protected":false},"author":2,"featured_media":0,"parent":0,"menu_order":0,"comment_status":"closed","ping_status":"closed","template":"","meta":{"footnotes":""},"class_list":["post-295","page","type-page","status-publish","hentry"],"yoast_head":"<!-- This site is optimized with the Yoast SEO plugin v26.7 - https:\/\/yoast.com\/wordpress\/plugins\/seo\/ -->\n<title>Privacy Policy: richrocketgame.com<\/title>\n<meta name=\"description\" content=\"At Rich Rocket Portal, we prioritize your data&#039;s security and transparency. Discover our practices that ensure utmost trust and clarity in every interaction.\" \/>\n<meta name=\"robots\" content=\"index, follow, max-snippet:-1, max-image-preview:large, max-video-preview:-1\" \/>\n<link rel=\"canonical\" href=\"https:\/\/richrocketgame.com\/sv\/privacy-policy\/\" \/>\n<meta property=\"og:locale\" content=\"sv_SE\" \/>\n<meta property=\"og:type\" content=\"article\" \/>\n<meta property=\"og:title\" content=\"Privacy Policy: richrocketgame.com\" \/>\n<meta property=\"og:description\" content=\"At Rich Rocket Portal, we prioritize your data&#039;s security and transparency. Discover our practices that ensure utmost trust and clarity in every interaction.\" \/>\n<meta property=\"og:url\" content=\"https:\/\/richrocketgame.com\/sv\/privacy-policy\/\" \/>\n<meta property=\"og:site_name\" content=\"Rich Rocket Game\" \/>\n<meta property=\"article:modified_time\" content=\"2023-09-25T17:42:33+00:00\" \/>\n<meta name=\"twitter:card\" content=\"summary_large_image\" \/>\n<meta name=\"twitter:label1\" content=\"Ber\u00e4knad l\u00e4stid\" \/>\n\t<meta name=\"twitter:data1\" content=\"3 minuter\" \/>\n<!-- \/ Yoast SEO plugin. -->","yoast_head_json":{"title":"Integritetspolicy: richrocketgame.com","description":"P\u00e5 Rich Rocket Portal prioriterar vi s\u00e4kerhet och transparens f\u00f6r dina uppgifter. Uppt\u00e4ck v\u00e5ra metoder som s\u00e4kerst\u00e4ller st\u00f6rsta m\u00f6jliga f\u00f6rtroende och tydlighet i varje interaktion.","robots":{"index":"index","follow":"follow","max-snippet":"max-snippet:-1","max-image-preview":"max-image-preview:large","max-video-preview":"max-video-preview:-1"},"canonical":"https:\/\/richrocketgame.com\/sv\/privacy-policy\/","og_locale":"sv_SE","og_type":"article","og_title":"Privacy Policy: richrocketgame.com","og_description":"At Rich Rocket Portal, we prioritize your data's security and transparency. Discover our practices that ensure utmost trust and clarity in every interaction.","og_url":"https:\/\/richrocketgame.com\/sv\/privacy-policy\/","og_site_name":"Rich Rocket Game","article_modified_time":"2023-09-25T17:42:33+00:00","twitter_card":"summary_large_image","twitter_misc":{"Ber\u00e4knad l\u00e4stid":"3 minuter"},"schema":{"@context":"https:\/\/schema.org","@graph":[{"@type":"WebPage","@id":"https:\/\/richrocketgame.com\/privacy-policy\/","url":"https:\/\/richrocketgame.com\/privacy-policy\/","name":"Integritetspolicy: richrocketgame.com","isPartOf":{"@id":"https:\/\/richrocketgame.com\/#website"},"datePublished":"2023-09-25T09:14:57+00:00","dateModified":"2023-09-25T17:42:33+00:00","description":"P\u00e5 Rich Rocket Portal prioriterar vi s\u00e4kerhet och transparens f\u00f6r dina uppgifter. Uppt\u00e4ck v\u00e5ra metoder som s\u00e4kerst\u00e4ller st\u00f6rsta m\u00f6jliga f\u00f6rtroende och tydlighet i varje interaktion.","breadcrumb":{"@id":"https:\/\/richrocketgame.com\/privacy-policy\/#breadcrumb"},"inLanguage":"sv-SE","potentialAction":[{"@type":"ReadAction","target":["https:\/\/richrocketgame.com\/privacy-policy\/"]}]},{"@type":"BreadcrumbList","@id":"https:\/\/richrocketgame.com\/privacy-policy\/#breadcrumb","itemListElement":[{"@type":"ListItem","position":1,"name":"\u0413\u043b\u0430\u0432\u043d\u0430\u044f \u0441\u0442\u0440\u0430\u043d\u0438\u0446\u0430","item":"https:\/\/richrocketgame.com\/"},{"@type":"ListItem","position":2,"name":"Privacy Policy: Protecting Your Personal Information"}]},{"@type":"WebSite","@id":"https:\/\/richrocketgame.com\/#website","url":"https:\/\/richrocketgame.com\/","name":"Rich Rocket-spel","description":"","publisher":{"@id":"https:\/\/richrocketgame.com\/#organization"},"potentialAction":[{"@type":"SearchAction","target":{"@type":"EntryPoint","urlTemplate":"https:\/\/richrocketgame.com\/?s={search_term_string}"},"query-input":{"@type":"PropertyValueSpecification","valueRequired":true,"valueName":"search_term_string"}}],"inLanguage":"sv-SE"},{"@type":"Organization","@id":"https:\/\/richrocketgame.com\/#organization","name":"Rich Rocket-spel","url":"https:\/\/richrocketgame.com\/","logo":{"@type":"ImageObject","inLanguage":"sv-SE","@id":"https:\/\/richrocketgame.com\/#\/schema\/logo\/image\/","url":"https:\/\/richrocketgame.com\/wp-content\/uploads\/2022\/09\/Rich-Rocket-earning-app.png","contentUrl":"https:\/\/richrocketgame.com\/wp-content\/uploads\/2022\/09\/Rich-Rocket-earning-app.png","width":512,"height":512,"caption":"Rich Rocket Game"},"image":{"@id":"https:\/\/richrocketgame.com\/#\/schema\/logo\/image\/"}}]}},"_links":{"self":[{"href":"https:\/\/richrocketgame.com\/sv\/wp-json\/wp\/v2\/pages\/295","targetHints":{"allow":["GET"]}}],"collection":[{"href":"https:\/\/richrocketgame.com\/sv\/wp-json\/wp\/v2\/pages"}],"about":[{"href":"https:\/\/richrocketgame.com\/sv\/wp-json\/wp\/v2\/types\/page"}],"author":[{"embeddable":true,"href":"https:\/\/richrocketgame.com\/sv\/wp-json\/wp\/v2\/users\/2"}],"replies":[{"embeddable":true,"href":"https:\/\/richrocketgame.com\/sv\/wp-json\/wp\/v2\/comments?post=295"}],"version-history":[{"count":0,"href":"https:\/\/richrocketgame.com\/sv\/wp-json\/wp\/v2\/pages\/295\/revisions"}],"wp:attachment":[{"href":"https:\/\/richrocketgame.com\/sv\/wp-json\/wp\/v2\/media?parent=295"}],"curies":[{"name":"wp","href":"https:\/\/api.w.org\/{rel}","templated":true}]}}