{"id":292,"date":"2023-09-25T12:06:19","date_gmt":"2023-09-25T09:06:19","guid":{"rendered":"https:\/\/richrocketgame.com\/?page_id=292"},"modified":"2023-09-25T20:40:56","modified_gmt":"2023-09-25T17:40:56","slug":"cookies-policy","status":"publish","type":"page","link":"https:\/\/richrocketgame.com\/sv\/cookies-policy\/","title":{"rendered":"Policy f\u00f6r kakor"},"content":{"rendered":"<div class=\"fpm_start\"><\/div>\n<p>F\u00f6rdjupa dig i den m\u00e5ngfacetterade v\u00e4rlden av cookies p\u00e5 Rich Rocket Game. V\u00e5r guide f\u00f6rklarar de m\u00e5nga olika typer av cookies som anv\u00e4nds och belyser deras viktiga roller f\u00f6r att lyfta din resa online. G\u00e5 igenom denna cookie-labyrint och skaffa dig kunskap f\u00f6r att kontrollera och optimera dina surfpreferenser.<\/p>\n<div id=\"ez-toc-container\" class=\"ez-toc-v2_0_62 counter-hierarchy ez-toc-counter ez-toc-grey ez-toc-container-direction\">\n<div class=\"ez-toc-title-container\">\n<p class=\"ez-toc-title\" >Inneh\u00e5llsf\u00f6rteckning<\/p>\n<span class=\"ez-toc-title-toggle\"><a href=\"#\" class=\"ez-toc-pull-right ez-toc-btn ez-toc-btn-xs ez-toc-btn-default ez-toc-toggle\" aria-label=\"V\u00e4xla inneh\u00e5llsf\u00f6rteckning\"><span class=\"ez-toc-js-icon-con\"><span class=\"\"><span class=\"eztoc-hide\" style=\"display:none;\">V\u00e4xla<\/span><span class=\"ez-toc-icon-toggle-span\"><svg style=\"fill: #999;color:#999\" xmlns=\"http:\/\/www.w3.org\/2000\/svg\" class=\"list-377408\" width=\"20px\" height=\"20px\" viewbox=\"0 0 24 24\" fill=\"none\"><path d=\"M6 6H4v2h2V6zm14 0H8v2h12V6zM4 11h2v2H4v-2zm16 0H8v2h12v-2zM4 16h2v2H4v-2zm16 0H8v2h12v-2z\" fill=\"currentColor\"><\/path><\/svg><svg style=\"fill: #999;color:#999\" class=\"arrow-unsorted-368013\" xmlns=\"http:\/\/www.w3.org\/2000\/svg\" width=\"10px\" height=\"10px\" viewbox=\"0 0 24 24\" version=\"1.2\" baseprofile=\"tiny\"><path d=\"M18.2 9.3l-6.2-6.3-6.2 6.3c-.2.2-.3.4-.3.7s.1.5.3.7c.2.2.4.3.7.3h11c.3 0 .5-.1.7-.3.2-.2.3-.5.3-.7s-.1-.5-.3-.7zM5.8 14.7l6.2 6.3 6.2-6.3c.2-.2.3-.5.3-.7s-.1-.5-.3-.7c-.2-.2-.4-.3-.7-.3h-11c-.3 0-.5.1-.7.3-.2.2-.3.5-.3.7s.1.5.3.7z\"\/><\/svg><\/span><\/span><\/span><\/a><\/span><\/div>\n<nav><ul class='ez-toc-list ez-toc-list-level-1 eztoc-toggle-hide-by-default' ><li class='ez-toc-page-1 ez-toc-heading-level-2'><a class=\"ez-toc-link ez-toc-heading-1\" href=\"https:\/\/richrocketgame.com\/sv\/cookies-policy\/#Rich_Rocket_Game_The_Cookie_Conundrum\" title=\"Rich Rocket-spelet och kakproblemet\">Rich Rocket-spelet och kakproblemet<\/a><\/li><li class='ez-toc-page-1 ez-toc-heading-level-2'><a class=\"ez-toc-link ez-toc-heading-2\" href=\"https:\/\/richrocketgame.com\/sv\/cookies-policy\/#Cookie_Chronicles_The_What_and_Why\" title=\"Kr\u00f6nikor om kakor: Vad och varf\u00f6r\">Kr\u00f6nikor om kakor: Vad och varf\u00f6r<\/a><\/li><li class='ez-toc-page-1 ez-toc-heading-level-2'><a class=\"ez-toc-link ez-toc-heading-3\" href=\"https:\/\/richrocketgame.com\/sv\/cookies-policy\/#Deploying_Cookies_at_Rich_Rocket_Game\" title=\"Anv\u00e4nda cookies vid Rich Rocket-spel\">Anv\u00e4nda cookies vid Rich Rocket-spel<\/a><\/li><li class='ez-toc-page-1 ez-toc-heading-level-2'><a class=\"ez-toc-link ez-toc-heading-4\" href=\"https:\/\/richrocketgame.com\/sv\/cookies-policy\/#Associating_with_Third-party_Cookies\" title=\"Koppling till cookies fr\u00e5n tredje part\">Koppling till cookies fr\u00e5n tredje part<\/a><\/li><li class='ez-toc-page-1 ez-toc-heading-level-2'><a class=\"ez-toc-link ez-toc-heading-5\" href=\"https:\/\/richrocketgame.com\/sv\/cookies-policy\/#Mastering_Your_Cookie_Destiny\" title=\"Bem\u00e4stra ditt cookie-\u00f6de\">Bem\u00e4stra ditt cookie-\u00f6de<\/a><\/li><\/ul><\/nav><\/div>\n<h2><span class=\"ez-toc-section\" id=\"Rich_Rocket_Game_The_Cookie_Conundrum\"><\/span><strong>Rich Rocket-spelet och kakproblemet<\/strong><span class=\"ez-toc-section-end\"><\/span><\/h2>\n<p>I hj\u00e4rtat av Rich Rocket Game anv\u00e4nder vi sm\u00e5 datapaket, vanligtvis kallade cookies, f\u00f6r att s\u00f6ml\u00f6st f\u00f6rena anv\u00e4ndarupplevelsen med v\u00e5r webbplats k\u00e4rnfunktionalitet. Din interaktion med v\u00e5r portal inneb\u00e4r ett underf\u00f6rst\u00e5tt godk\u00e4nnande av v\u00e5r anv\u00e4ndning av cookies. Den h\u00e4r guiden f\u00f6rklarar vad cookies \u00e4r, hur de anv\u00e4nds, kopplingar till tredje part och omfattande strategier f\u00f6r att styra dina val av cookies.<\/p>\n<h2><span class=\"ez-toc-section\" id=\"Cookie_Chronicles_The_What_and_Why\"><\/span><strong>Kr\u00f6nikor om kakor: Vad och varf\u00f6r<\/strong><span class=\"ez-toc-section-end\"><\/span><\/h2>\n<p>Cookies \u00e4r korta textfragment som \u00f6verf\u00f6rs av en webbportal och som din webbl\u00e4sare arkiverar. Denna digitala relik fungerar som en identifierare, f\u00f6rfinar dina successiva bes\u00f6k, f\u00f6rb\u00e4ttrar webbplatsens effektivitet och skr\u00e4ddarsyr anv\u00e4ndarspecifikt inneh\u00e5ll. Cookies kategoriseras i persistenta och sessionsbaserade varianter, d\u00e4r den f\u00f6rstn\u00e4mnda finns kvar efter sessionen medan den sistn\u00e4mnda f\u00f6rsvinner efter att du har surfat.<\/p>\n<h2><span class=\"ez-toc-section\" id=\"Deploying_Cookies_at_Rich_Rocket_Game\"><\/span><strong>Anv\u00e4nda cookies vid Rich Rocket-spel<\/strong><span class=\"ez-toc-section-end\"><\/span><\/h2>\n<p>V\u00e5r strategi anv\u00e4nder cookies f\u00f6r att:<\/p>\n<ol>\n<li><strong>Aktivera integrala funktioner<\/strong>: Underst\u00f6djer grundl\u00e4ggande webbplatsverksamhet, s\u00e4kerst\u00e4ller s\u00e4ker anv\u00e4ndaridentifiering och bek\u00e4mpar kontobedr\u00e4geri.<\/li>\n<li><strong>Analysera och f\u00f6rfina<\/strong>: Utnyttja analytiska cookies f\u00f6r att granska interaktionen p\u00e5 webbplatsen, vilket banar v\u00e4g f\u00f6r iterativa f\u00f6rb\u00e4ttringar och innovativa funktionslanseringar.<\/li>\n<li><strong>Anpassning av annonser<\/strong>: Sourcing av tredjepartsannonseringscookies, kurering av annonser som resonerar med ditt digitala sp\u00e5r, inkapsling av bl\u00e4ddrade sidor och klickade l\u00e4nkar.<\/li>\n<\/ol>\n<h2><span class=\"ez-toc-section\" id=\"Associating_with_Third-party_Cookies\"><\/span><strong>Koppling till cookies fr\u00e5n tredje part<\/strong><span class=\"ez-toc-section-end\"><\/span><\/h2>\n<p>Ut\u00f6ver v\u00e5ra egna cookies samarbetar Rich Rocket Game med uppskattade tredjepartsf\u00f6retag i syfte att samla in invecklade anv\u00e4ndningsm\u00e4tningar, sprida strategiska annonser och f\u00f6rfina anv\u00e4ndarcentrerade erbjudanden.<\/p>\n<h2><span class=\"ez-toc-section\" id=\"Mastering_Your_Cookie_Destiny\"><\/span><strong>Bem\u00e4stra ditt cookie-\u00f6de<\/strong><span class=\"ez-toc-section-end\"><\/span><\/h2>\n<p>F\u00f6rb\u00e4ttra din surfning genom att hantera cookies via din webbl\u00e4sares s\u00e4rskilda inst\u00e4llningar. Navigera till din webbl\u00e4sares hj\u00e4lpsegment f\u00f6r stegvis v\u00e4gledning. Kom ih\u00e5g att begr\u00e4nsning av vissa cookies kan h\u00e4mma specifika funktioner, vilket kan p\u00e5verka webbplatsens visning och anv\u00e4ndarupplevelsen.<\/p><script data-noptimize=\"\" data-wpfc-render=\"false\">\n\/* <![CDATA[ *\/\nfpm_start( \"true\" );\n\/* ]]> *\/\n<\/script>\n\n<div class=\"fpm_end\"><\/div>\n<div class=\"author-card author-card--top\"><img alt='Profilbild' src='https:\/\/richrocketgame.com\/wp-content\/uploads\/2023\/03\/Paulo-Dornelas-130x130.jpg' srcset='https:\/\/richrocketgame.com\/wp-content\/uploads\/2023\/03\/Paulo-Dornelas-260x260.jpg 2x' class='avatar avatar-130 photo author-image' height='130' width='130' \/><div class=\"author-content text-md-center\"><span class=\"author-title\">F\u00f6rfattare<\/span><a href=\"https:\/\/richrocketgame.com\/sv\/author\/paulo-dornelas\/\" class=\"author-name\">Paulo Dornelas<\/a><p class=\"author__details\">Paulo Dornelas \u00e4r en expert p\u00e5 spel som har \u00e4gnat sitt liv \u00e5t att f\u00f6rst\u00e5 branschen och hj\u00e4lpa andra att tj\u00e4na pengar p\u00e5 den. Han \u00e4r ocks\u00e5 en ivrig resen\u00e4r och \u00e4lskar att utforska nya platser. Paulos kunskap om spelande och hans passion f\u00f6r resor g\u00f6r honom till den perfekta guiden f\u00f6r alla som vill g\u00f6ra rej\u00e4la vinster genom att satsa p\u00e5 sport eller spela casinospel.<\/p><\/div><!-- \/.author-content --><\/div>","protected":false},"excerpt":{"rendered":"<p>F\u00f6rdjupa dig i kakornas m\u00e5ngfacetterade rike p\u00e5 Rich Rocket Game. V\u00e5r guide f\u00f6rtydligar de otaliga typerna av cookies som anv\u00e4nds och belyser deras avg\u00f6rande roll f\u00f6r att lyfta din onlineresa. G\u00e5 igenom denna cookie-labyrint och bev\u00e4pna dig med kunskap f\u00f6r att kontrollera och optimera dina surfpreferenser. Rich Rocket Game &amp; The Cookie Conundrum At the heart [\u2026]<\/p>","protected":false},"author":2,"featured_media":0,"parent":0,"menu_order":0,"comment_status":"closed","ping_status":"closed","template":"","meta":{"footnotes":""},"class_list":["post-292","page","type-page","status-publish","hentry"],"yoast_head":"<!-- This site is optimized with the Yoast SEO plugin v26.7 - https:\/\/yoast.com\/wordpress\/plugins\/seo\/ -->\n<title>Rich Rocket Game: Comprehensive Cookie Policy Guide<\/title>\n<meta name=\"description\" content=\"Explore Rich Rocket Game&#039;s detailed cookie policy. Understand their types, usage, and your control options. Ensuring a transparent, enhanced browsing experience.\" \/>\n<meta name=\"robots\" content=\"index, follow, max-snippet:-1, max-image-preview:large, max-video-preview:-1\" \/>\n<link rel=\"canonical\" href=\"https:\/\/richrocketgame.com\/sv\/cookies-policy\/\" \/>\n<meta property=\"og:locale\" content=\"sv_SE\" \/>\n<meta property=\"og:type\" content=\"article\" \/>\n<meta property=\"og:title\" content=\"Rich Rocket Game: Comprehensive Cookie Policy Guide\" \/>\n<meta property=\"og:description\" content=\"Explore Rich Rocket Game&#039;s detailed cookie policy. Understand their types, usage, and your control options. Ensuring a transparent, enhanced browsing experience.\" \/>\n<meta property=\"og:url\" content=\"https:\/\/richrocketgame.com\/sv\/cookies-policy\/\" \/>\n<meta property=\"og:site_name\" content=\"Rich Rocket Game\" \/>\n<meta property=\"article:modified_time\" content=\"2023-09-25T17:40:56+00:00\" \/>\n<meta name=\"twitter:card\" content=\"summary_large_image\" \/>\n<meta name=\"twitter:label1\" content=\"Ber\u00e4knad l\u00e4stid\" \/>\n\t<meta name=\"twitter:data1\" content=\"2 minuter\" \/>\n<!-- \/ Yoast SEO plugin. -->","yoast_head_json":{"title":"Rich Rocket Spel: Omfattande v\u00e4gledning f\u00f6r cookiepolicy","description":"Utforska Rich Rocket Games detaljerade cookiepolicy. F\u00f6rst\u00e5 deras typer, anv\u00e4ndning och dina kontrollalternativ. S\u00e4kerst\u00e4ll en transparent och f\u00f6rb\u00e4ttrad surfupplevelse.","robots":{"index":"index","follow":"follow","max-snippet":"max-snippet:-1","max-image-preview":"max-image-preview:large","max-video-preview":"max-video-preview:-1"},"canonical":"https:\/\/richrocketgame.com\/sv\/cookies-policy\/","og_locale":"sv_SE","og_type":"article","og_title":"Rich Rocket Game: Comprehensive Cookie Policy Guide","og_description":"Explore Rich Rocket Game's detailed cookie policy. Understand their types, usage, and your control options. Ensuring a transparent, enhanced browsing experience.","og_url":"https:\/\/richrocketgame.com\/sv\/cookies-policy\/","og_site_name":"Rich Rocket Game","article_modified_time":"2023-09-25T17:40:56+00:00","twitter_card":"summary_large_image","twitter_misc":{"Ber\u00e4knad l\u00e4stid":"2 minuter"},"schema":{"@context":"https:\/\/schema.org","@graph":[{"@type":"WebPage","@id":"https:\/\/richrocketgame.com\/cookies-policy\/","url":"https:\/\/richrocketgame.com\/cookies-policy\/","name":"Rich Rocket Spel: Omfattande v\u00e4gledning f\u00f6r cookiepolicy","isPartOf":{"@id":"https:\/\/richrocketgame.com\/#website"},"datePublished":"2023-09-25T09:06:19+00:00","dateModified":"2023-09-25T17:40:56+00:00","description":"Utforska Rich Rocket Games detaljerade cookiepolicy. F\u00f6rst\u00e5 deras typer, anv\u00e4ndning och dina kontrollalternativ. S\u00e4kerst\u00e4ll en transparent och f\u00f6rb\u00e4ttrad surfupplevelse.","breadcrumb":{"@id":"https:\/\/richrocketgame.com\/cookies-policy\/#breadcrumb"},"inLanguage":"sv-SE","potentialAction":[{"@type":"ReadAction","target":["https:\/\/richrocketgame.com\/cookies-policy\/"]}]},{"@type":"BreadcrumbList","@id":"https:\/\/richrocketgame.com\/cookies-policy\/#breadcrumb","itemListElement":[{"@type":"ListItem","position":1,"name":"\u0413\u043b\u0430\u0432\u043d\u0430\u044f \u0441\u0442\u0440\u0430\u043d\u0438\u0446\u0430","item":"https:\/\/richrocketgame.com\/"},{"@type":"ListItem","position":2,"name":"Cookie Policy"}]},{"@type":"WebSite","@id":"https:\/\/richrocketgame.com\/#website","url":"https:\/\/richrocketgame.com\/","name":"Rich Rocket-spel","description":"","publisher":{"@id":"https:\/\/richrocketgame.com\/#organization"},"potentialAction":[{"@type":"SearchAction","target":{"@type":"EntryPoint","urlTemplate":"https:\/\/richrocketgame.com\/?s={search_term_string}"},"query-input":{"@type":"PropertyValueSpecification","valueRequired":true,"valueName":"search_term_string"}}],"inLanguage":"sv-SE"},{"@type":"Organization","@id":"https:\/\/richrocketgame.com\/#organization","name":"Rich Rocket-spel","url":"https:\/\/richrocketgame.com\/","logo":{"@type":"ImageObject","inLanguage":"sv-SE","@id":"https:\/\/richrocketgame.com\/#\/schema\/logo\/image\/","url":"https:\/\/richrocketgame.com\/wp-content\/uploads\/2022\/09\/Rich-Rocket-earning-app.png","contentUrl":"https:\/\/richrocketgame.com\/wp-content\/uploads\/2022\/09\/Rich-Rocket-earning-app.png","width":512,"height":512,"caption":"Rich Rocket Game"},"image":{"@id":"https:\/\/richrocketgame.com\/#\/schema\/logo\/image\/"}}]}},"_links":{"self":[{"href":"https:\/\/richrocketgame.com\/sv\/wp-json\/wp\/v2\/pages\/292","targetHints":{"allow":["GET"]}}],"collection":[{"href":"https:\/\/richrocketgame.com\/sv\/wp-json\/wp\/v2\/pages"}],"about":[{"href":"https:\/\/richrocketgame.com\/sv\/wp-json\/wp\/v2\/types\/page"}],"author":[{"embeddable":true,"href":"https:\/\/richrocketgame.com\/sv\/wp-json\/wp\/v2\/users\/2"}],"replies":[{"embeddable":true,"href":"https:\/\/richrocketgame.com\/sv\/wp-json\/wp\/v2\/comments?post=292"}],"version-history":[{"count":0,"href":"https:\/\/richrocketgame.com\/sv\/wp-json\/wp\/v2\/pages\/292\/revisions"}],"wp:attachment":[{"href":"https:\/\/richrocketgame.com\/sv\/wp-json\/wp\/v2\/media?parent=292"}],"curies":[{"name":"wp","href":"https:\/\/api.w.org\/{rel}","templated":true}]}}