{"id":129,"date":"2023-02-14T21:04:36","date_gmt":"2023-02-14T18:04:36","guid":{"rendered":"https:\/\/richrocketgame.com\/?page_id=129"},"modified":"2024-04-12T13:43:29","modified_gmt":"2024-04-12T10:43:29","slug":"rich-rocket-demo-game","status":"publish","type":"page","link":"https:\/\/richrocketgame.com\/sv\/rich-rocket-demo-game\/","title":{"rendered":"Rich Rocket-demospel"},"content":{"rendered":"<div class=\"fpm_start\"><\/div>\n<p>Rich Rocket, som kommer fr\u00e5n mjukvaruleverant\u00f6ren Lucky Elephant, \u00e4r den perfekta spelautomaten f\u00f6r dig som letar efter en sp\u00e4nnande och sp\u00e4nnande spelupplevelse. Med sin 96,30% RTP-grad och gener\u00f6sa utbetalningspotential har denna 2020-version blivit en favorit bland m\u00e5nga indiska spelare som v\u00e4ljer 4rabet casino som sin f\u00f6rsta k\u00e4lla till underh\u00e5llning. Vad som g\u00f6r den \u00e4nnu mer unik \u00e4r Jackpot Safe-funktionen - som ger anv\u00e4ndarna den d\u00e4r extra f\u00f6rdelen n\u00e4r de pr\u00f6var sin lycka!<br \/>\n<iframe style=\"overflow: hidden; display: block; width: 100%; height: 691px; border: none; margin: 0px auto;\" src=\"https:\/\/gamicorp.com\/api\/wrapper\/MThwUE0KP5TkVgJiOHNt6ObZJJ7bAMTlteTXMFkH1lPOu9iBwHG8LyqUYzrVvu84LbtkLKbpZtchjQGqupXB8uEB9mlIRYaWkrNUgsQkzm1C23RqJgfMlZRyUPnpmjxv\" frameborder=\"0\" scrolling=\"no\" allowfullscreen=\"allowfullscreen\"><span data-mce-type=\"bookmark\" style=\"display: inline-block; width: 0px; overflow: hidden; line-height: 0;\" class=\"mce_SELRES_start\"><\/span><\/iframe><\/p>\n<div style=\"text-align: center;\"><a class=\"glow-button\" href=\"\/sv\/go\/registration\/\">Spela Rich Rocket f\u00f6r riktiga pengar \ud83d\ude80<\/a><\/div>\n<div id=\"ez-toc-container\" class=\"ez-toc-v2_0_62 counter-hierarchy ez-toc-counter ez-toc-grey ez-toc-container-direction\">\n<div class=\"ez-toc-title-container\">\n<p class=\"ez-toc-title\" >Inneh\u00e5llsf\u00f6rteckning<\/p>\n<span class=\"ez-toc-title-toggle\"><a href=\"#\" class=\"ez-toc-pull-right ez-toc-btn ez-toc-btn-xs ez-toc-btn-default ez-toc-toggle\" aria-label=\"V\u00e4xla inneh\u00e5llsf\u00f6rteckning\"><span class=\"ez-toc-js-icon-con\"><span class=\"\"><span class=\"eztoc-hide\" style=\"display:none;\">V\u00e4xla<\/span><span class=\"ez-toc-icon-toggle-span\"><svg style=\"fill: #999;color:#999\" xmlns=\"http:\/\/www.w3.org\/2000\/svg\" class=\"list-377408\" width=\"20px\" height=\"20px\" viewbox=\"0 0 24 24\" fill=\"none\"><path d=\"M6 6H4v2h2V6zm14 0H8v2h12V6zM4 11h2v2H4v-2zm16 0H8v2h12v-2zM4 16h2v2H4v-2zm16 0H8v2h12v-2z\" fill=\"currentColor\"><\/path><\/svg><svg style=\"fill: #999;color:#999\" class=\"arrow-unsorted-368013\" xmlns=\"http:\/\/www.w3.org\/2000\/svg\" width=\"10px\" height=\"10px\" viewbox=\"0 0 24 24\" version=\"1.2\" baseprofile=\"tiny\"><path d=\"M18.2 9.3l-6.2-6.3-6.2 6.3c-.2.2-.3.4-.3.7s.1.5.3.7c.2.2.4.3.7.3h11c.3 0 .5-.1.7-.3.2-.2.3-.5.3-.7s-.1-.5-.3-.7zM5.8 14.7l6.2 6.3 6.2-6.3c.2-.2.3-.5.3-.7s-.1-.5-.3-.7c-.2-.2-.4-.3-.7-.3h-11c-.3 0-.5.1-.7.3-.2.2-.3.5-.3.7s.1.5.3.7z\"\/><\/svg><\/span><\/span><\/span><\/a><\/span><\/div>\n<nav><ul class='ez-toc-list ez-toc-list-level-1 eztoc-toggle-hide-by-default' ><li class='ez-toc-page-1 ez-toc-heading-level-2'><a class=\"ez-toc-link ez-toc-heading-1\" href=\"https:\/\/richrocketgame.com\/sv\/rich-rocket-demo-game\/#What_you_need_to_know_about_Rich_Rocket_Demo\" title=\"Vad beh\u00f6ver du veta om Rich Rocket Demo?\">Vad beh\u00f6ver du veta om Rich Rocket Demo?<\/a><\/li><li class='ez-toc-page-1 ez-toc-heading-level-2'><a class=\"ez-toc-link ez-toc-heading-2\" href=\"https:\/\/richrocketgame.com\/sv\/rich-rocket-demo-game\/#Benefits_of_Free_Play_Rick_Rocket_Version\" title=\"F\u00f6rdelar med Free Play Rick Rocket Version\">F\u00f6rdelar med Free Play Rick Rocket Version<\/a><\/li><li class='ez-toc-page-1 ez-toc-heading-level-2'><a class=\"ez-toc-link ez-toc-heading-3\" href=\"https:\/\/richrocketgame.com\/sv\/rich-rocket-demo-game\/#Where_can_you_play_at_Rich_Rocket_Demo\" title=\"Var kan du spela p\u00e5 Rich Rocket Demo?\">Var kan du spela p\u00e5 Rich Rocket Demo?<\/a><\/li><li class='ez-toc-page-1 ez-toc-heading-level-2'><a class=\"ez-toc-link ez-toc-heading-4\" href=\"https:\/\/richrocketgame.com\/sv\/rich-rocket-demo-game\/#FAQ\" title=\"VANLIGA FR\u00c5GOR\">VANLIGA FR\u00c5GOR<\/a><ul class='ez-toc-list-level-3' ><li class='ez-toc-heading-level-3'><a class=\"ez-toc-link ez-toc-heading-5\" href=\"https:\/\/richrocketgame.com\/sv\/rich-rocket-demo-game\/#Is_Rich_Rocket_Demo_available_to_play_in_India\" title=\"\u00c4r Rich Rocket Demo tillg\u00e4ngligt att spela i Indien?\">\u00c4r Rich Rocket Demo tillg\u00e4ngligt att spela i Indien?<\/a><\/li><li class='ez-toc-page-1 ez-toc-heading-level-3'><a class=\"ez-toc-link ez-toc-heading-6\" href=\"https:\/\/richrocketgame.com\/sv\/rich-rocket-demo-game\/#Are_there_any_differences_between_the_demo_and_paid_versions_of_this_game\" title=\"Finns det n\u00e5gra skillnader mellan demo- och betalversionen av spelet?\">Finns det n\u00e5gra skillnader mellan demo- och betalversionen av spelet?<\/a><\/li><li class='ez-toc-page-1 ez-toc-heading-level-3'><a class=\"ez-toc-link ez-toc-heading-7\" href=\"https:\/\/richrocketgame.com\/sv\/rich-rocket-demo-game\/#What_are_the_benefits_of_playing_this_game_in_demo_mode\" title=\"Vilka \u00e4r f\u00f6rdelarna med att spela det h\u00e4r spelet i demol\u00e4ge?\">Vilka \u00e4r f\u00f6rdelarna med att spela det h\u00e4r spelet i demol\u00e4ge?<\/a><\/li><\/ul><\/li><\/ul><\/nav><\/div>\n<h2><span class=\"ez-toc-section\" id=\"What_you_need_to_know_about_Rich_Rocket_Demo\"><\/span>Vad beh\u00f6ver du veta om Rich Rocket Demo?<span class=\"ez-toc-section-end\"><\/span><\/h2>\n<p>N\u00e4r du <a href=\"https:\/\/richrocketgame.com\/sv\/\">spela Rich Rocket<\/a> P\u00e5 ett licensierat onlinecasino kan du prova spelet utan att riskera n\u00e5gra pengar, vilket hj\u00e4lper dig att bekanta dig med slotten och utforma taktik och strategier. Gratisversionen \u00e4r helt identisk med sin betalda motsvarighet, f\u00f6rutom att n\u00e4r du spelar gratis delas inga kontantpriser ut. Detta g\u00f6r det l\u00e4ttare att identifiera vilka satsningar som har varit framg\u00e5ngsrika, eftersom virtuella pengar kommer att satsas oavsett om de vinner eller inte - vilket g\u00f6r det m\u00f6jligt f\u00f6r spelarna att \u00f6va sina f\u00e4rdigheter riskfritt!<\/p>\n<div id=\"attachment_133\" style=\"width: 994px\" class=\"wp-caption aligncenter\"><a href=\"https:\/\/richrocketgame.com\/sv\/go\/registration\/\"><img decoding=\"async\" aria-describedby=\"caption-attachment-133\" class=\"wp-image-133 size-large\" title=\"Rich Rocket-demonstration\" src=\"https:\/\/richrocketgame.com\/wp-content\/uploads\/2023\/02\/Rich-Rocket-Demo-1024x260.png\" alt=\"Rich Rocket-demonstration\" width=\"994\" height=\"252\" srcset=\"https:\/\/richrocketgame.com\/wp-content\/uploads\/2023\/02\/Rich-Rocket-Demo-1024x260.png 1024w, https:\/\/richrocketgame.com\/wp-content\/uploads\/2023\/02\/Rich-Rocket-Demo-300x76.png 300w, https:\/\/richrocketgame.com\/wp-content\/uploads\/2023\/02\/Rich-Rocket-Demo-768x195.png 768w, https:\/\/richrocketgame.com\/wp-content\/uploads\/2023\/02\/Rich-Rocket-Demo-18x5.png 18w, https:\/\/richrocketgame.com\/wp-content\/uploads\/2023\/02\/Rich-Rocket-Demo-158x40.png 158w, https:\/\/richrocketgame.com\/wp-content\/uploads\/2023\/02\/Rich-Rocket-Demo-126x32.png 126w, https:\/\/richrocketgame.com\/wp-content\/uploads\/2023\/02\/Rich-Rocket-Demo-315x80.png 315w, https:\/\/richrocketgame.com\/wp-content\/uploads\/2023\/02\/Rich-Rocket-Demo-532x135.png 532w, https:\/\/richrocketgame.com\/wp-content\/uploads\/2023\/02\/Rich-Rocket-Demo.png 1414w\" sizes=\"(max-width: 994px) 100vw, 994px\" \/><\/a><p id=\"caption-attachment-133\" class=\"wp-caption-text\">Rich Rocket-demonstration<\/p><\/div>\n<p>Med betalversionen av det h\u00e4r spelet kan du \u00f6ka dina chanser till framg\u00e5ng genom att satsa och vinna. Oavsett om du anv\u00e4nder en dator eller laddar ner casinospel direkt till din smartphone har du tillg\u00e5ng n\u00e4r som helst och var som helst!<\/p>\n<div style=\"text-align: center;\"><a class=\"glow-button\" href=\"\/sv\/go\/registration\/\">Spela Rich Rocket Game \ud83d\ude80<\/a><\/div>\n<h2><span class=\"ez-toc-section\" id=\"Benefits_of_Free_Play_Rick_Rocket_Version\"><\/span>F\u00f6rdelar med Free Play Rick Rocket Version<span class=\"ez-toc-section-end\"><\/span><\/h2>\n<p>Den kostnadsfria Rich Rocket-demonstrationen g\u00f6r det till ett utm\u00e4rkt s\u00e4tt f\u00f6r nya och erfarna spelare att \u00f6va upp sina spelkunskaper. Utan risk att f\u00f6rlora pengar kan spelarna fritt prova olika strategier som kan vara f\u00f6rdelaktiga n\u00e4r de spelar med riktiga pengar. Den h\u00e4r versionen av spelet g\u00f6r det dessutom m\u00f6jligt f\u00f6r anv\u00e4ndare att utforska alla funktioner och bonusar som ing\u00e5r i Rich Rocket utan att beh\u00f6va spendera n\u00e5gra pengar. Detta hj\u00e4lper spelarna att bli v\u00e4linformerade och kommer utan tvekan att \u00f6ka deras chanser till framg\u00e5ng n\u00e4r de spelar med riktiga insatser.<\/p>\n<div id=\"attachment_134\" style=\"width: 780px\" class=\"wp-caption aligncenter\"><a href=\"https:\/\/richrocketgame.com\/sv\/go\/registration\/\"><img decoding=\"async\" aria-describedby=\"caption-attachment-134\" class=\"wp-image-134\" title=\"Rich Rocket Gratis spel\" src=\"https:\/\/richrocketgame.com\/wp-content\/uploads\/2023\/02\/Rich-Rocket-Free-Play.png\" alt=\"Rich Rocket Gratis spel\" width=\"780\" height=\"525\" srcset=\"https:\/\/richrocketgame.com\/wp-content\/uploads\/2023\/02\/Rich-Rocket-Free-Play.png 826w, https:\/\/richrocketgame.com\/wp-content\/uploads\/2023\/02\/Rich-Rocket-Free-Play-300x202.png 300w, https:\/\/richrocketgame.com\/wp-content\/uploads\/2023\/02\/Rich-Rocket-Free-Play-768x517.png 768w, https:\/\/richrocketgame.com\/wp-content\/uploads\/2023\/02\/Rich-Rocket-Free-Play-18x12.png 18w, https:\/\/richrocketgame.com\/wp-content\/uploads\/2023\/02\/Rich-Rocket-Free-Play-59x40.png 59w, https:\/\/richrocketgame.com\/wp-content\/uploads\/2023\/02\/Rich-Rocket-Free-Play-48x32.png 48w, https:\/\/richrocketgame.com\/wp-content\/uploads\/2023\/02\/Rich-Rocket-Free-Play-119x80.png 119w, https:\/\/richrocketgame.com\/wp-content\/uploads\/2023\/02\/Rich-Rocket-Free-Play-201x135.png 201w\" sizes=\"(max-width: 780px) 100vw, 780px\" \/><\/a><p id=\"caption-attachment-134\" class=\"wp-caption-text\">Rich Rocket Gratis spel<\/p><\/div>\n<p>Dessutom \u00e4r det alltid klokt att prova ett casinospel innan du investerar dina surt f\u00f6rv\u00e4rvade pengar - och med Rich Rocket:s demoversion kan du g\u00f6ra detta. Och n\u00e4r de k\u00e4nner sig redo kan de hoppa direkt in i den betalda versionen och b\u00f6rja spela p\u00e5 riktigt!<\/p>\n<div style=\"text-align: center;\"><a class=\"glow-button\" href=\"\/sv\/go\/registration\/\">\ud83d\ude80 Spela Rich Rocket<\/a><\/div>\n<h2><span class=\"ez-toc-section\" id=\"Where_can_you_play_at_Rich_Rocket_Demo\"><\/span>Var kan du spela p\u00e5 Rich Rocket Demo?<span class=\"ez-toc-section-end\"><\/span><\/h2>\n<p><a href=\"https:\/\/richrocketgame.com\/sv\/play-rich-rocket-parimatch-casino\/\">Parimatch<\/a> och <a href=\"https:\/\/richrocketgame.com\/sv\/play-rich-rocket-4rabet-casino\/\">4rabet Casino<\/a> \u00e4r tv\u00e5 av de mest popul\u00e4ra n\u00e4tcasinona i Indien och erbjuder ett brett utbud av spelupplevelser. B\u00e5da casinona har Rich Rocket-demoversionen tillg\u00e4nglig att spela, vilket g\u00f6r det m\u00f6jligt f\u00f6r spelare att uppleva detta sp\u00e4nnande spel utan risk. Med demoversionen kan anv\u00e4ndarna prova olika strategier och taktiker innan de best\u00e4mmer sig f\u00f6r om de vill b\u00f6rja spela f\u00f6r riktiga pengar eller inte.<\/p><script data-noptimize=\"\" data-wpfc-render=\"false\">\n\/* <![CDATA[ *\/\nfpm_start( \"true\" );\n\/* ]]> *\/\n<\/script>\n\n<div style=\"text-align: center;\"><a class=\"glow-button\" href=\"\/sv\/go\/registration\/\">Spela Rich Rocket f\u00f6r riktiga pengar \ud83d\udcb0<\/a><\/div>\n<h2><span class=\"ez-toc-section\" id=\"FAQ\"><\/span>VANLIGA FR\u00c5GOR<span class=\"ez-toc-section-end\"><\/span><\/h2>\n        <section class=\"sc_fs_faq sc_card\">\n            <div>\n\t\t\t\t<h3><span class=\"ez-toc-section\" id=\"Is_Rich_Rocket_Demo_available_to_play_in_India\"><\/span>\u00c4r Rich Rocket Demo tillg\u00e4ngligt att spela i Indien?<span class=\"ez-toc-section-end\"><\/span><\/h3>                <div>\n\t\t\t\t\t                    <p>\n\t\t\t\t\t\tJa, b\u00e5de Parimatch och 4rabet Casino erbjuder Rich Rocket-demoversionen till sina spelare. P\u00e5 s\u00e5 s\u00e4tt kan anv\u00e4ndarna \u00f6va sina f\u00e4rdigheter utan att riskera att f\u00f6rlora pengar.                    <\/p>\n                <\/div>\n            <\/div>\n        <\/section>\n\t\t        <section class=\"sc_fs_faq sc_card\">\n            <div>\n\t\t\t\t<h3><span class=\"ez-toc-section\" id=\"Are_there_any_differences_between_the_demo_and_paid_versions_of_this_game\"><\/span>Finns det n\u00e5gra skillnader mellan demo- och betalversionen av spelet?<span class=\"ez-toc-section-end\"><\/span><\/h3>                <div>\n\t\t\t\t\t                    <p>\n\t\t\t\t\t\tDemoversionen av Rich Rocket \u00e4r helt identisk med dess betalda motsvarighet, f\u00f6rutom att n\u00e4r du spelar gratis delas inga pengar ut. Detta g\u00f6r det m\u00f6jligt f\u00f6r spelarna att \u00f6va sina spelkunskaper utan n\u00e5gon ekonomisk risk.                    <\/p>\n                <\/div>\n            <\/div>\n        <\/section>\n\t\t        <section class=\"sc_fs_faq sc_card\">\n            <div>\n\t\t\t\t<h3><span class=\"ez-toc-section\" id=\"What_are_the_benefits_of_playing_this_game_in_demo_mode\"><\/span>Vilka \u00e4r f\u00f6rdelarna med att spela det h\u00e4r spelet i demol\u00e4ge?<span class=\"ez-toc-section-end\"><\/span><\/h3>                <div>\n\t\t\t\t\t                    <p>\n\t\t\t\t\t\tGenom att spela Rich Rocket-demonstrationen kan anv\u00e4ndarna \u00f6va sina spelkunskaper och bekanta sig med spelet. Det ger dem ocks\u00e5 en m\u00f6jlighet att utforska alla funktioner och bonusar som ing\u00e5r i Rich Rocket utan att beh\u00f6va spendera n\u00e5gra pengar.                    <\/p>\n                <\/div>\n            <\/div>\n        <\/section>\n\t\t\n<script type=\"application\/ld+json\">{\n    \"@context\": \"https:\\\/\\\/schema.org\",\n    \"@type\": \"FAQPage\",\n    \"mainEntity\": [\n        {\n            \"@type\": \"Question\",\n            \"name\": \"Is Rich Rocket Demo available to play in India?\",\n            \"acceptedAnswer\": {\n                \"@type\": \"Answer\",\n                \"text\": \"Yes, both Parimatch and 4rabet Casino offer the Rich Rocket Demo version to their players. This way, users can practice their skillset without risk of losing money.\"\n            }\n        },\n        {\n            \"@type\": \"Question\",\n            \"name\": \"Are there any differences between the demo and paid versions of this game?\",\n            \"acceptedAnswer\": {\n                \"@type\": \"Answer\",\n                \"text\": \"The demo version of Rich Rocket is completely identical to its paid counterpart, except that when playing for free there are no cash prizes awarded. This allows players to practice their gaming skills without any financial risk.\"\n            }\n        },\n        {\n            \"@type\": \"Question\",\n            \"name\": \"What are the benefits of playing this game in demo mode?\",\n            \"acceptedAnswer\": {\n                \"@type\": \"Answer\",\n                \"text\": \"Playing the Rich Rocket Demo helps users to practice their gaming skills and familiarize themselves with the game. It also gives them an opportunity to explore all the features and bonuses included in Rich Rocket without having to spend any money.\"\n            }\n        }\n    ]\n}<\/script>\n\n<div class=\"fpm_end\"><\/div>\n<div class=\"author-card author-card--top\"><img alt='Profilbild' src='https:\/\/richrocketgame.com\/wp-content\/uploads\/2023\/03\/Paulo-Dornelas-130x130.jpg' srcset='https:\/\/richrocketgame.com\/wp-content\/uploads\/2023\/03\/Paulo-Dornelas-260x260.jpg 2x' class='avatar avatar-130 photo author-image' height='130' width='130' \/><div class=\"author-content text-md-center\"><span class=\"author-title\">F\u00f6rfattare<\/span><a href=\"https:\/\/richrocketgame.com\/sv\/author\/paulo-dornelas\/\" class=\"author-name\">Paulo Dornelas<\/a><p class=\"author__details\">Paulo Dornelas \u00e4r en expert p\u00e5 spel som har \u00e4gnat sitt liv \u00e5t att f\u00f6rst\u00e5 branschen och hj\u00e4lpa andra att tj\u00e4na pengar p\u00e5 den. Han \u00e4r ocks\u00e5 en ivrig resen\u00e4r och \u00e4lskar att utforska nya platser. Paulos kunskap om spelande och hans passion f\u00f6r resor g\u00f6r honom till den perfekta guiden f\u00f6r alla som vill g\u00f6ra rej\u00e4la vinster genom att satsa p\u00e5 sport eller spela casinospel.<\/p><\/div><!-- \/.author-content --><\/div>","protected":false},"excerpt":{"rendered":"<p>Rich Rocket, till dig av Lucky Elephant mjukvaruleverant\u00f6r, \u00e4r det perfekta spelautomaten f\u00f6r dig som letar efter en sp\u00e4nnande och sp\u00e4nnande spelupplevelse. Med sin 96.30% RTP-hastighet och gener\u00f6sa utbetalningspotentialer har denna 2020-release blivit en favorit bland m\u00e5nga indiska spelare som v\u00e4ljer 4rabet casino som sin favoritk\u00e4lla f\u00f6r underh\u00e5llning. [\u2026]<\/p>","protected":false},"author":2,"featured_media":0,"parent":0,"menu_order":0,"comment_status":"closed","ping_status":"closed","template":"page-no-sidebar.php","meta":{"footnotes":""},"class_list":["post-129","page","type-page","status-publish","hentry"],"yoast_head":"<!-- This site is optimized with the Yoast SEO plugin v26.7 - https:\/\/yoast.com\/wordpress\/plugins\/seo\/ -->\n<title>Rich Rocket Demo Game - Play | Rocket Game Free to Play<\/title>\n<meta name=\"description\" content=\"How to Play in Rich Rocket Game and Where to Find Rocket Game Demo? Best online casinos where you can play Rich Rocket for free or on real money.\" \/>\n<meta name=\"robots\" content=\"index, follow, max-snippet:-1, max-image-preview:large, max-video-preview:-1\" \/>\n<link rel=\"canonical\" href=\"https:\/\/richrocketgame.com\/sv\/rich-rocket-demo-game\/\" \/>\n<meta property=\"og:locale\" content=\"sv_SE\" \/>\n<meta property=\"og:type\" content=\"article\" \/>\n<meta property=\"og:title\" content=\"Rich Rocket Demo Game - Play | Rocket Game Free to Play\" \/>\n<meta property=\"og:description\" content=\"How to Play in Rich Rocket Game and Where to Find Rocket Game Demo? Best online casinos where you can play Rich Rocket for free or on real money.\" \/>\n<meta property=\"og:url\" content=\"https:\/\/richrocketgame.com\/sv\/rich-rocket-demo-game\/\" \/>\n<meta property=\"og:site_name\" content=\"Rich Rocket Game\" \/>\n<meta property=\"article:modified_time\" content=\"2024-04-12T10:43:29+00:00\" \/>\n<meta property=\"og:image\" content=\"https:\/\/richrocketgame.com\/wp-content\/uploads\/2023\/02\/Rich-Rocket-Demo-1024x260.png\" \/>\n<meta name=\"twitter:card\" content=\"summary_large_image\" \/>\n<meta name=\"twitter:label1\" content=\"Ber\u00e4knad l\u00e4stid\" \/>\n\t<meta name=\"twitter:data1\" content=\"4 minuter\" \/>\n<!-- \/ Yoast SEO plugin. -->","yoast_head_json":{"title":"Rich Rocket Demo Game - Spela | Rocket Game Gratis att spela","description":"Hur spelar man i Rich Rocket-spelet och var hittar man Rocket Game Demo? B\u00e4sta online-kasinon d\u00e4r du kan spela Rich Rocket gratis eller med riktiga pengar.","robots":{"index":"index","follow":"follow","max-snippet":"max-snippet:-1","max-image-preview":"max-image-preview:large","max-video-preview":"max-video-preview:-1"},"canonical":"https:\/\/richrocketgame.com\/sv\/rich-rocket-demo-game\/","og_locale":"sv_SE","og_type":"article","og_title":"Rich Rocket Demo Game - Play | Rocket Game Free to Play","og_description":"How to Play in Rich Rocket Game and Where to Find Rocket Game Demo? Best online casinos where you can play Rich Rocket for free or on real money.","og_url":"https:\/\/richrocketgame.com\/sv\/rich-rocket-demo-game\/","og_site_name":"Rich Rocket Game","article_modified_time":"2024-04-12T10:43:29+00:00","og_image":[{"url":"https:\/\/richrocketgame.com\/wp-content\/uploads\/2023\/02\/Rich-Rocket-Demo-1024x260.png","type":"","width":"","height":""}],"twitter_card":"summary_large_image","twitter_misc":{"Ber\u00e4knad l\u00e4stid":"4 minuter"},"schema":{"@context":"https:\/\/schema.org","@graph":[{"@type":"WebPage","@id":"https:\/\/richrocketgame.com\/rich-rocket-demo-game\/","url":"https:\/\/richrocketgame.com\/rich-rocket-demo-game\/","name":"Rich Rocket Demo Game - Spela | Rocket Game Gratis att spela","isPartOf":{"@id":"https:\/\/richrocketgame.com\/#website"},"primaryImageOfPage":{"@id":"https:\/\/richrocketgame.com\/rich-rocket-demo-game\/#primaryimage"},"image":{"@id":"https:\/\/richrocketgame.com\/rich-rocket-demo-game\/#primaryimage"},"thumbnailUrl":"https:\/\/richrocketgame.com\/wp-content\/uploads\/2023\/02\/Rich-Rocket-Demo-1024x260.png","datePublished":"2023-02-14T18:04:36+00:00","dateModified":"2024-04-12T10:43:29+00:00","description":"Hur spelar man i Rich Rocket-spelet och var hittar man Rocket Game Demo? B\u00e4sta online-kasinon d\u00e4r du kan spela Rich Rocket gratis eller med riktiga pengar.","breadcrumb":{"@id":"https:\/\/richrocketgame.com\/rich-rocket-demo-game\/#breadcrumb"},"inLanguage":"sv-SE","potentialAction":[{"@type":"ReadAction","target":["https:\/\/richrocketgame.com\/rich-rocket-demo-game\/"]}]},{"@type":"ImageObject","inLanguage":"sv-SE","@id":"https:\/\/richrocketgame.com\/rich-rocket-demo-game\/#primaryimage","url":"https:\/\/richrocketgame.com\/wp-content\/uploads\/2023\/02\/Rich-Rocket-Demo-1024x260.png","contentUrl":"https:\/\/richrocketgame.com\/wp-content\/uploads\/2023\/02\/Rich-Rocket-Demo-1024x260.png"},{"@type":"BreadcrumbList","@id":"https:\/\/richrocketgame.com\/rich-rocket-demo-game\/#breadcrumb","itemListElement":[{"@type":"ListItem","position":1,"name":"\u0413\u043b\u0430\u0432\u043d\u0430\u044f \u0441\u0442\u0440\u0430\u043d\u0438\u0446\u0430","item":"https:\/\/richrocketgame.com\/"},{"@type":"ListItem","position":2,"name":"Rich Rocket Demo Game"}]},{"@type":"WebSite","@id":"https:\/\/richrocketgame.com\/#website","url":"https:\/\/richrocketgame.com\/","name":"Rich Rocket-spel","description":"","publisher":{"@id":"https:\/\/richrocketgame.com\/#organization"},"potentialAction":[{"@type":"SearchAction","target":{"@type":"EntryPoint","urlTemplate":"https:\/\/richrocketgame.com\/?s={search_term_string}"},"query-input":{"@type":"PropertyValueSpecification","valueRequired":true,"valueName":"search_term_string"}}],"inLanguage":"sv-SE"},{"@type":"Organization","@id":"https:\/\/richrocketgame.com\/#organization","name":"Rich Rocket-spel","url":"https:\/\/richrocketgame.com\/","logo":{"@type":"ImageObject","inLanguage":"sv-SE","@id":"https:\/\/richrocketgame.com\/#\/schema\/logo\/image\/","url":"https:\/\/richrocketgame.com\/wp-content\/uploads\/2022\/09\/Rich-Rocket-earning-app.png","contentUrl":"https:\/\/richrocketgame.com\/wp-content\/uploads\/2022\/09\/Rich-Rocket-earning-app.png","width":512,"height":512,"caption":"Rich Rocket Game"},"image":{"@id":"https:\/\/richrocketgame.com\/#\/schema\/logo\/image\/"}}]}},"_links":{"self":[{"href":"https:\/\/richrocketgame.com\/sv\/wp-json\/wp\/v2\/pages\/129","targetHints":{"allow":["GET"]}}],"collection":[{"href":"https:\/\/richrocketgame.com\/sv\/wp-json\/wp\/v2\/pages"}],"about":[{"href":"https:\/\/richrocketgame.com\/sv\/wp-json\/wp\/v2\/types\/page"}],"author":[{"embeddable":true,"href":"https:\/\/richrocketgame.com\/sv\/wp-json\/wp\/v2\/users\/2"}],"replies":[{"embeddable":true,"href":"https:\/\/richrocketgame.com\/sv\/wp-json\/wp\/v2\/comments?post=129"}],"version-history":[{"count":0,"href":"https:\/\/richrocketgame.com\/sv\/wp-json\/wp\/v2\/pages\/129\/revisions"}],"wp:attachment":[{"href":"https:\/\/richrocketgame.com\/sv\/wp-json\/wp\/v2\/media?parent=129"}],"curies":[{"name":"wp","href":"https:\/\/api.w.org\/{rel}","templated":true}]}}