{"id":1115,"date":"2025-02-12T13:49:43","date_gmt":"2025-02-12T10:49:43","guid":{"rendered":"https:\/\/richrocketgame.com\/?page_id=1115"},"modified":"2025-08-01T11:24:01","modified_gmt":"2025-08-01T08:24:01","slug":"mad-blast","status":"publish","type":"page","link":"https:\/\/richrocketgame.com\/sv\/mad-blast\/","title":{"rendered":"Mad Blast Slot-demo"},"content":{"rendered":"<div class=\"fpm_start\"><\/div>\n<p>Mad Blast kan bli en av de mest popul\u00e4ra slots 2025. Push Gaming har planerat att spelet ska sl\u00e4ppas den 20 februari, och spelare kan redan inte v\u00e4nta. Enligt tillk\u00e4nnagivandet har spelet sju bonussymboler och funktioner, och den maximala vinsten \u00e4r upp till x10 000.<\/p>\n<div style=\"text-align: center;\"><a class=\"glow-button\" href=\"\/sv\/go\/registration\/\" rel=\"noreferrer noopener nofollow\">Spela Casino<\/a><\/div>\n<table>\n<tbody>\n<tr>\n<td>Utgivningsdatum<\/td>\n<td>20.02.2025<\/td>\n<\/tr>\n<tr>\n<td>Rullar<\/td>\n<td>6<\/td>\n<\/tr>\n<tr>\n<td>Rader<\/td>\n<td>5<\/td>\n<\/tr>\n<tr>\n<td>RTP<\/td>\n<td>96,34%<\/td>\n<\/tr>\n<tr>\n<td>Volatilitet<\/td>\n<td>H\u00f6g<\/td>\n<\/tr>\n<tr>\n<td>Vinstlinjer<\/td>\n<td>Scatter-Pays mekaniker<\/td>\n<\/tr>\n<tr>\n<td>Maximal vinst<\/td>\n<td>\u044510 000<\/td>\n<\/tr>\n<\/tbody>\n<\/table>\n<div id=\"ez-toc-container\" class=\"ez-toc-v2_0_62 counter-hierarchy ez-toc-counter ez-toc-grey ez-toc-container-direction\">\n<div class=\"ez-toc-title-container\">\n<p class=\"ez-toc-title\" >Inneh\u00e5llsf\u00f6rteckning<\/p>\n<span class=\"ez-toc-title-toggle\"><a href=\"#\" class=\"ez-toc-pull-right ez-toc-btn ez-toc-btn-xs ez-toc-btn-default ez-toc-toggle\" aria-label=\"V\u00e4xla inneh\u00e5llsf\u00f6rteckning\"><span class=\"ez-toc-js-icon-con\"><span class=\"\"><span class=\"eztoc-hide\" style=\"display:none;\">V\u00e4xla<\/span><span class=\"ez-toc-icon-toggle-span\"><svg style=\"fill: #999;color:#999\" xmlns=\"http:\/\/www.w3.org\/2000\/svg\" class=\"list-377408\" width=\"20px\" height=\"20px\" viewbox=\"0 0 24 24\" fill=\"none\"><path d=\"M6 6H4v2h2V6zm14 0H8v2h12V6zM4 11h2v2H4v-2zm16 0H8v2h12v-2zM4 16h2v2H4v-2zm16 0H8v2h12v-2z\" fill=\"currentColor\"><\/path><\/svg><svg style=\"fill: #999;color:#999\" class=\"arrow-unsorted-368013\" xmlns=\"http:\/\/www.w3.org\/2000\/svg\" width=\"10px\" height=\"10px\" viewbox=\"0 0 24 24\" version=\"1.2\" baseprofile=\"tiny\"><path d=\"M18.2 9.3l-6.2-6.3-6.2 6.3c-.2.2-.3.4-.3.7s.1.5.3.7c.2.2.4.3.7.3h11c.3 0 .5-.1.7-.3.2-.2.3-.5.3-.7s-.1-.5-.3-.7zM5.8 14.7l6.2 6.3 6.2-6.3c.2-.2.3-.5.3-.7s-.1-.5-.3-.7c-.2-.2-.4-.3-.7-.3h-11c-.3 0-.5.1-.7.3-.2.2-.3.5-.3.7s.1.5.3.7z\"\/><\/svg><\/span><\/span><\/span><\/a><\/span><\/div>\n<nav><ul class='ez-toc-list ez-toc-list-level-1 eztoc-toggle-hide-by-default' ><ul class='ez-toc-list-level-3' ><li class='ez-toc-heading-level-3'><a class=\"ez-toc-link ez-toc-heading-1\" href=\"https:\/\/richrocketgame.com\/sv\/mad-blast\/#What_We_Know_About_Mad_Blast_Game\" title=\"Vad vi vet om Mad Blast Game\">Vad vi vet om Mad Blast Game<\/a><\/li><li class='ez-toc-page-1 ez-toc-heading-level-3'><a class=\"ez-toc-link ez-toc-heading-2\" href=\"https:\/\/richrocketgame.com\/sv\/mad-blast\/#Bonus_features_of_the_game\" title=\"Bonusfunktioner i spelet\">Bonusfunktioner i spelet<\/a><\/li><li class='ez-toc-page-1 ez-toc-heading-level-3'><a class=\"ez-toc-link ez-toc-heading-3\" href=\"https:\/\/richrocketgame.com\/sv\/mad-blast\/#Paid_Features\" title=\"Betalfunktioner\">Betalfunktioner<\/a><\/li><li class='ez-toc-page-1 ez-toc-heading-level-3'><a class=\"ez-toc-link ez-toc-heading-4\" href=\"https:\/\/richrocketgame.com\/sv\/mad-blast\/#Why_play_the_Mad_Blast_slot\" title=\"Varf\u00f6r spela Mad Blast slot?\">Varf\u00f6r spela Mad Blast slot?<\/a><\/li><\/ul><\/li><li class='ez-toc-page-1 ez-toc-heading-level-2'><a class=\"ez-toc-link ez-toc-heading-5\" href=\"https:\/\/richrocketgame.com\/sv\/mad-blast\/#FAQ\" title=\"VANLIGA FR\u00c5GOR\">VANLIGA FR\u00c5GOR<\/a><ul class='ez-toc-list-level-3' ><li class='ez-toc-heading-level-3'><a class=\"ez-toc-link ez-toc-heading-6\" href=\"https:\/\/richrocketgame.com\/sv\/mad-blast\/#What_is_the_RTP_of_the_Mad_Blast_casino_game\" title=\"Vad \u00e4r RTP f\u00f6r kasinospelet Mad Blast?\">Vad \u00e4r RTP f\u00f6r kasinospelet Mad Blast?<\/a><\/li><li class='ez-toc-page-1 ez-toc-heading-level-3'><a class=\"ez-toc-link ez-toc-heading-7\" href=\"https:\/\/richrocketgame.com\/sv\/mad-blast\/#Where_will_it_be_possible_to_play_Mad_Blast_for_free\" title=\"Var kommer det att vara m\u00f6jligt att spela Mad Blast gratis?\">Var kommer det att vara m\u00f6jligt att spela Mad Blast gratis?<\/a><\/li><li class='ez-toc-page-1 ez-toc-heading-level-3'><a class=\"ez-toc-link ez-toc-heading-8\" href=\"https:\/\/richrocketgame.com\/sv\/mad-blast\/#Are_there_any_strategies_for_the_game\" title=\"Finns det n\u00e5gra strategier f\u00f6r spelet?\">Finns det n\u00e5gra strategier f\u00f6r spelet?<\/a><\/li><\/ul><\/li><\/ul><\/nav><\/div>\n<h3><span class=\"ez-toc-section\" id=\"What_We_Know_About_Mad_Blast_Game\"><\/span>Vad vi vet om Mad Blast Game<span class=\"ez-toc-section-end\"><\/span><\/h3>\n<p>Mad Blast tar spelarna till verkstaden, d\u00e4r robotar styr. Du kommer att beh\u00f6va ta itu med excentrisk artificiell intelligens och explosiva anordningar. Spelet best\u00e5r av 6 hjul och 5 rader, och ist\u00e4llet f\u00f6r traditionella vinstlinjer anv\u00e4nds Scatter-Pays-mekanikern. Det betyder att du kommer att f\u00e5 utbetalningar f\u00f6r uppkomsten av 8 identiska symboler var som helst p\u00e5 spelplanen.<\/p>\n<p>Symbolerna \u00e4r flerf\u00e4rgade j\u00e4rnl\u00e5dor och robotar. Andra specialsymboler kompenserar f\u00f6r bristen p\u00e5 Wild:<\/p>\n<ul>\n<li>Scatter utf\u00f6r den traditionella funktionen att utl\u00f6sa gratissnurr;<\/li>\n<li>Multiplier Boost Symbol visar hur m\u00e5nga steg multiplikatorn kommer att \u00f6ka om en vinnande kombination faller ihop.<\/li>\n<li>Extra Life Symbol i form av en gr\u00f6n knapp ger ytterligare en chans att vinna. Du f\u00e5r ett respin, och den h\u00f6gst betalande typen av symbol finns kvar p\u00e5 spelplanen.<\/li>\n<\/ul>\n<p>Push Gaming har anpassat sloten f\u00f6r en bredast m\u00f6jlig publik. Insatsintervallet i Mad Blast casinospel \u00e4r fr\u00e5n 0,1 till 100 (valutan beror p\u00e5 i vilket land kasinot \u00e4r verksamt).<\/p>\n<p><a href=\"https:\/\/richrocketgame.com\/sv\/go\/registration\/\" target=\"_blank\" rel=\"noreferrer noopener nofollow\"><img decoding=\"async\" class=\"aligncenter wp-image-1122 size-full\" src=\"https:\/\/richrocketgame.com\/wp-content\/uploads\/2025\/02\/mad-blast-slot.jpg\" alt=\"Mad Blast slot fr\u00e5n Push Gaming\" width=\"976\" height=\"489\" srcset=\"https:\/\/richrocketgame.com\/wp-content\/uploads\/2025\/02\/mad-blast-slot.jpg 976w, https:\/\/richrocketgame.com\/wp-content\/uploads\/2025\/02\/mad-blast-slot-300x150.jpg 300w, https:\/\/richrocketgame.com\/wp-content\/uploads\/2025\/02\/mad-blast-slot-768x385.jpg 768w, https:\/\/richrocketgame.com\/wp-content\/uploads\/2025\/02\/mad-blast-slot-18x9.jpg 18w, https:\/\/richrocketgame.com\/wp-content\/uploads\/2025\/02\/mad-blast-slot-80x40.jpg 80w, https:\/\/richrocketgame.com\/wp-content\/uploads\/2025\/02\/mad-blast-slot-64x32.jpg 64w, https:\/\/richrocketgame.com\/wp-content\/uploads\/2025\/02\/mad-blast-slot-160x80.jpg 160w, https:\/\/richrocketgame.com\/wp-content\/uploads\/2025\/02\/mad-blast-slot-269x135.jpg 269w\" sizes=\"(max-width: 976px) 100vw, 976px\" \/><\/a><\/p>\n<h3><span class=\"ez-toc-section\" id=\"Bonus_features_of_the_game\"><\/span>Bonusfunktioner i spelet<span class=\"ez-toc-section-end\"><\/span><\/h3>\n<p>Den f\u00f6rsta bonusfunktionen du kommer att st\u00f6ta p\u00e5 \u00e4r de \u00f6verlappande hjulen. Symbolerna som \u00e4r involverade i en vinnande kombination tas bort och nya dyker upp. S\u00e5ledes kan du vinna flera g\u00e5nger i ett snurr.<\/p>\n<p>En annan funktion som \u00e4r f\u00f6rknippad med de kaskadrullande rullarna \u00e4r Mad Blast fr\u00e5n Push Gaming. En multiplikator dubblas varje g\u00e5ng en kombination sl\u00e5s. I en k\u00f6rning av hjulen kan multiplikatorn \u00f6ka upp till x2 048. Spelare kan sp\u00e5ra framsteg p\u00e5 skalan till v\u00e4nster om hjulen.<\/p>\n<p>Den mest intressanta funktionen \u00e4r utan tvekan Mad Blast free spins. Du kan f\u00e5 dem n\u00e4r en kombination av scatter-symboler faller ut:<\/p>\n<ul>\n<li>3 symboler \u2013 8 gratissnurr med multiplikator x2;<\/li>\n<li>4 symboler \u2013 10 gratissnurr med en initial multiplikator p\u00e5 x4;<\/li>\n<li>5 symboler \u2013 12 gratissnurr, och den initiala multiplikatorn blir x8.<\/li>\n<\/ul>\n<p>Leverant\u00f6ren har inf\u00f6rt en extra bonus under gratissnurrrundan f\u00f6r att \u00f6ka sp\u00e4nningen. Den l\u00e4gsta multiplikatorn f\u00f6rsvinner fr\u00e5n skalan n\u00e4r den faller ut av 3 vinnande kombinationer f\u00f6r ett snurr.<\/p><script data-noptimize=\"\" data-wpfc-render=\"false\">\n\/* <![CDATA[ *\/\nfpm_start( \"true\" );\n\/* ]]> *\/\n<\/script>\n\n<div style=\"text-align: center;\"><a class=\"glow-button\" href=\"\/sv\/go\/registration\/\" rel=\"noreferrer noopener nofollow\">Prova Mad Blast<\/a><\/div>\n<h3><span class=\"ez-toc-section\" id=\"Paid_Features\"><\/span>Betalfunktioner<span class=\"ez-toc-section-end\"><\/span><\/h3>\n<p>Mot en extra avgift kan du spela Mad Blast med privilegier. Genom att aktivera ante-alternativet kommer du att dubbla din insats men avsev\u00e4rt \u00f6ka sannolikheten f\u00f6r att bonussymboler dyker upp p\u00e5 hjulen. Spelare som vill f\u00e5 maximal dos av sp\u00e4nning kan k\u00f6pa tillg\u00e5ng till gratissnurrrundan. F\u00f6r 150x din insats kan du f\u00e5 \u00e5tta hjulsnurr med en 2x multiplikator. F\u00f6r 750x kan du f\u00e5 12 snurr med en x8-multiplikator.<\/p>\n<p><a href=\"https:\/\/richrocketgame.com\/sv\/go\/registration\/\" target=\"_blank\" rel=\"noreferrer noopener nofollow\"><img decoding=\"async\" class=\"aligncenter wp-image-1116 size-full\" src=\"https:\/\/richrocketgame.com\/wp-content\/uploads\/2025\/02\/mad-blast-casino-game.jpg\" alt=\"Mad Blast kasinospel.\" width=\"981\" height=\"531\" srcset=\"https:\/\/richrocketgame.com\/wp-content\/uploads\/2025\/02\/mad-blast-casino-game.jpg 981w, https:\/\/richrocketgame.com\/wp-content\/uploads\/2025\/02\/mad-blast-casino-game-300x162.jpg 300w, https:\/\/richrocketgame.com\/wp-content\/uploads\/2025\/02\/mad-blast-casino-game-768x416.jpg 768w, https:\/\/richrocketgame.com\/wp-content\/uploads\/2025\/02\/mad-blast-casino-game-18x10.jpg 18w, https:\/\/richrocketgame.com\/wp-content\/uploads\/2025\/02\/mad-blast-casino-game-74x40.jpg 74w, https:\/\/richrocketgame.com\/wp-content\/uploads\/2025\/02\/mad-blast-casino-game-59x32.jpg 59w, https:\/\/richrocketgame.com\/wp-content\/uploads\/2025\/02\/mad-blast-casino-game-148x80.jpg 148w, https:\/\/richrocketgame.com\/wp-content\/uploads\/2025\/02\/mad-blast-casino-game-249x135.jpg 249w\" sizes=\"(max-width: 981px) 100vw, 981px\" \/><\/a><\/p>\n<h3><span class=\"ez-toc-section\" id=\"Why_play_the_Mad_Blast_slot\"><\/span>Varf\u00f6r spela Mad Blast slot?<span class=\"ez-toc-section-end\"><\/span><\/h3>\n<p>Mad Blast har potential att bli en sensation i spelmilj\u00f6n av flera anledningar:<\/p>\n<ul>\n<li>Anv\u00e4ndningen av moderna trender. Scatter-Pay-mekanik och kaskadrullar efterfr\u00e5gas idag.<\/li>\n<li>Enorma maximala vinster. Du kan uppn\u00e5 utbetalningar p\u00e5 x10 000 i normalt l\u00e4ge och gratissnurrrundan.<\/li>\n<li>En unik kombination av funktioner. Sloten erbjuder en kombination av bonusar som toppleverant\u00f6rer inte har anv\u00e4nt \u00e4nnu.<\/li>\n<\/ul>\n<p>Du har fortfarande tid att sl\u00e5ss mot den l\u00f6mska artificiella intelligensen och besegra arm\u00e9n av j\u00e4rnrobotar. G\u00f6r dig redo att sl\u00e5ss f\u00f6r de maximala vinsterna i Mad Blast-spelet.<\/p>\n<h2><span class=\"ez-toc-section\" id=\"FAQ\"><\/span>VANLIGA FR\u00c5GOR<span class=\"ez-toc-section-end\"><\/span><\/h2>\n        <section class=\"sc_fs_faq sc_card\">\n            <div>\n\t\t\t\t<h3><span class=\"ez-toc-section\" id=\"What_is_the_RTP_of_the_Mad_Blast_casino_game\"><\/span>Vad \u00e4r RTP f\u00f6r kasinospelet Mad Blast?<span class=\"ez-toc-section-end\"><\/span><\/h3>                <div>\n\t\t\t\t\t                    <p>\n\t\t\t\t\t\tLeverant\u00f6ren planerar att sl\u00e4ppa sloten i 3 versioner med olika RTP. Den h\u00f6gsta avkastningen till spelaren kommer att vara 96.34%. Vissa kasinon kommer att kunna l\u00e4gga till ett spel med en RTP p\u00e5 94.30% och 85.43% till sin portf\u00f6lj.                    <\/p>\n                <\/div>\n            <\/div>\n        <\/section>\n\t\t        <section class=\"sc_fs_faq sc_card\">\n            <div>\n\t\t\t\t<h3><span class=\"ez-toc-section\" id=\"Where_will_it_be_possible_to_play_Mad_Blast_for_free\"><\/span>Var kommer det att vara m\u00f6jligt att spela Mad Blast gratis?<span class=\"ez-toc-section-end\"><\/span><\/h3>                <div>\n\t\t\t\t\t                    <p>\n\t\t\t\t\t\tDemoversionen av spelautomaten kommer att finnas tillg\u00e4nglig i kasinot. Dessutom kommer det att vara m\u00f6jligt att spela gratis p\u00e5 sajter dedikerade till spelteman och p\u00e5 webbresursen hos leverant\u00f6ren Push Gaming.                    <\/p>\n                <\/div>\n            <\/div>\n        <\/section>\n\t\t        <section class=\"sc_fs_faq sc_card\">\n            <div>\n\t\t\t\t<h3><span class=\"ez-toc-section\" id=\"Are_there_any_strategies_for_the_game\"><\/span>Finns det n\u00e5gra strategier f\u00f6r spelet?<span class=\"ez-toc-section-end\"><\/span><\/h3>                <div>\n\t\t\t\t\t                    <p>\n\t\t\t\t\t\tSpelaren kan bara p\u00e5verka storleken p\u00e5 insatsen. P\u00e5 grund av slotsens h\u00f6ga volatilitet rekommenderas det att du inte satsar mer \u00e4n 1% av bankrullen. S\u00e5 du kan spela tillr\u00e4ckligt l\u00e4nge f\u00f6r att v\u00e4nta p\u00e5 de mest l\u00f6nsamma funktionerna i spelet. Innan du b\u00f6rjar spela Mad Blast f\u00f6r riktiga pengar kan du \u00f6va p\u00e5 bettingmetoder i demoversionen.                    <\/p>\n                <\/div>\n            <\/div>\n        <\/section>\n\t\t\n<script type=\"application\/ld+json\">{\n    \"@context\": \"https:\\\/\\\/schema.org\",\n    \"@type\": \"FAQPage\",\n    \"mainEntity\": [\n        {\n            \"@type\": \"Question\",\n            \"name\": \"What is the RTP of the Mad Blast casino game?\",\n            \"acceptedAnswer\": {\n                \"@type\": \"Answer\",\n                \"text\": \"The provider plans to release the slot in 3 versions with different RTP. The highest return to player will be 96.34%. Some casinos will be able to add a game with an RTP of 94.30% and 85.43% to their portfolio.\"\n            }\n        },\n        {\n            \"@type\": \"Question\",\n            \"name\": \"Where will it be possible to play Mad Blast for free?\",\n            \"acceptedAnswer\": {\n                \"@type\": \"Answer\",\n                \"text\": \"Demo version of the slot will be available in the casino. In addition, it will be possible to play for free on sites dedicated to gambling themes and on the web resource of the provider Push Gaming.\"\n            }\n        },\n        {\n            \"@type\": \"Question\",\n            \"name\": \"Are there any strategies for the game?\",\n            \"acceptedAnswer\": {\n                \"@type\": \"Answer\",\n                \"text\": \"The player can only influence the size of the bet. Due to the high volatility of the slot, it is recommended to bet no more than 1% of the bankroll. So you can play long enough to wait for the most profitable features of the game. Before you start playing Mad Blast for real money, you can practice betting methods in the demo version.\"\n            }\n        }\n    ]\n}<\/script>\n\n<div class=\"fpm_end\"><\/div>\n<div class=\"author-card author-card--top\"><img alt='Profilbild' src='https:\/\/richrocketgame.com\/wp-content\/uploads\/2023\/03\/Paulo-Dornelas-130x130.jpg' srcset='https:\/\/richrocketgame.com\/wp-content\/uploads\/2023\/03\/Paulo-Dornelas-260x260.jpg 2x' class='avatar avatar-130 photo author-image' height='130' width='130' \/><div class=\"author-content text-md-center\"><span class=\"author-title\">F\u00f6rfattare<\/span><a href=\"https:\/\/richrocketgame.com\/sv\/author\/paulo-dornelas\/\" class=\"author-name\">Paulo Dornelas<\/a><p class=\"author__details\">Paulo Dornelas \u00e4r en expert p\u00e5 spel som har \u00e4gnat sitt liv \u00e5t att f\u00f6rst\u00e5 branschen och hj\u00e4lpa andra att tj\u00e4na pengar p\u00e5 den. Han \u00e4r ocks\u00e5 en ivrig resen\u00e4r och \u00e4lskar att utforska nya platser. Paulos kunskap om spelande och hans passion f\u00f6r resor g\u00f6r honom till den perfekta guiden f\u00f6r alla som vill g\u00f6ra rej\u00e4la vinster genom att satsa p\u00e5 sport eller spela casinospel.<\/p><\/div><!-- \/.author-content --><\/div>","protected":false},"excerpt":{"rendered":"<p>Mad Blast kan bli en av de mest popul\u00e4ra slots 2025. Push Gaming har planerat att spelet ska sl\u00e4ppas den 20 februari, och spelare kan redan inte v\u00e4nta. Enligt tillk\u00e4nnagivandet har spelet sju bonussymboler och funktioner, och den maximala vinsten \u00e4r upp till x10 000. Play Casino Releasedatum 20.02.2025 Reels 6 [\u2026]<\/p>","protected":false},"author":2,"featured_media":0,"parent":0,"menu_order":0,"comment_status":"closed","ping_status":"closed","template":"page-no-sidebar.php","meta":{"footnotes":""},"class_list":["post-1115","page","type-page","status-publish","hentry"],"yoast_head":"<!-- This site is optimized with the Yoast SEO plugin v26.7 - https:\/\/yoast.com\/wordpress\/plugins\/seo\/ -->\n<title>Mad Blast Slot (Push Gaming) Demo - RTP, Payouts, Volatility<\/title>\n<meta name=\"description\" content=\"Find out more about Mad Blast by Push Gaming. Learn more about the 7 bonus features of the slot. Features and parameters of Mad Blast casino game.\" \/>\n<meta name=\"robots\" content=\"index, follow, max-snippet:-1, max-image-preview:large, max-video-preview:-1\" \/>\n<link rel=\"canonical\" href=\"https:\/\/richrocketgame.com\/sv\/mad-blast\/\" \/>\n<meta property=\"og:locale\" content=\"sv_SE\" \/>\n<meta property=\"og:type\" content=\"article\" \/>\n<meta property=\"og:title\" content=\"Mad Blast Slot (Push Gaming) Demo - RTP, Payouts, Volatility\" \/>\n<meta property=\"og:description\" content=\"Find out more about Mad Blast by Push Gaming. Learn more about the 7 bonus features of the slot. Features and parameters of Mad Blast casino game.\" \/>\n<meta property=\"og:url\" content=\"https:\/\/richrocketgame.com\/sv\/mad-blast\/\" \/>\n<meta property=\"og:site_name\" content=\"Rich Rocket Game\" \/>\n<meta property=\"article:modified_time\" content=\"2025-08-01T08:24:01+00:00\" \/>\n<meta property=\"og:image\" content=\"https:\/\/richrocketgame.com\/wp-content\/uploads\/2025\/02\/mad-blast-slot.jpg\" \/>\n<meta name=\"twitter:card\" content=\"summary_large_image\" \/>\n<meta name=\"twitter:label1\" content=\"Ber\u00e4knad l\u00e4stid\" \/>\n\t<meta name=\"twitter:data1\" content=\"5 minuter\" \/>\n<!-- \/ Yoast SEO plugin. -->","yoast_head_json":{"title":"Mad Blast Slot (Push Gaming) Demo - RTP, Utbetalningar, Volatilitet","description":"Ta reda p\u00e5 mer om Mad Blast av Push Gaming. L\u00e4r dig mer om slotens 7 bonusfunktioner. Funktioner och parametrar f\u00f6r Mad Blast kasinospel.","robots":{"index":"index","follow":"follow","max-snippet":"max-snippet:-1","max-image-preview":"max-image-preview:large","max-video-preview":"max-video-preview:-1"},"canonical":"https:\/\/richrocketgame.com\/sv\/mad-blast\/","og_locale":"sv_SE","og_type":"article","og_title":"Mad Blast Slot (Push Gaming) Demo - RTP, Payouts, Volatility","og_description":"Find out more about Mad Blast by Push Gaming. Learn more about the 7 bonus features of the slot. Features and parameters of Mad Blast casino game.","og_url":"https:\/\/richrocketgame.com\/sv\/mad-blast\/","og_site_name":"Rich Rocket Game","article_modified_time":"2025-08-01T08:24:01+00:00","og_image":[{"url":"https:\/\/richrocketgame.com\/wp-content\/uploads\/2025\/02\/mad-blast-slot.jpg","type":"","width":"","height":""}],"twitter_card":"summary_large_image","twitter_misc":{"Ber\u00e4knad l\u00e4stid":"5 minuter"},"schema":{"@context":"https:\/\/schema.org","@graph":[{"@type":"WebPage","@id":"https:\/\/richrocketgame.com\/mad-blast\/","url":"https:\/\/richrocketgame.com\/mad-blast\/","name":"Mad Blast Slot (Push Gaming) Demo - RTP, Utbetalningar, Volatilitet","isPartOf":{"@id":"https:\/\/richrocketgame.com\/#website"},"primaryImageOfPage":{"@id":"https:\/\/richrocketgame.com\/mad-blast\/#primaryimage"},"image":{"@id":"https:\/\/richrocketgame.com\/mad-blast\/#primaryimage"},"thumbnailUrl":"https:\/\/richrocketgame.com\/wp-content\/uploads\/2025\/02\/mad-blast-slot.jpg","datePublished":"2025-02-12T10:49:43+00:00","dateModified":"2025-08-01T08:24:01+00:00","description":"Ta reda p\u00e5 mer om Mad Blast av Push Gaming. L\u00e4r dig mer om slotens 7 bonusfunktioner. Funktioner och parametrar f\u00f6r Mad Blast kasinospel.","breadcrumb":{"@id":"https:\/\/richrocketgame.com\/mad-blast\/#breadcrumb"},"inLanguage":"sv-SE","potentialAction":[{"@type":"ReadAction","target":["https:\/\/richrocketgame.com\/mad-blast\/"]}]},{"@type":"ImageObject","inLanguage":"sv-SE","@id":"https:\/\/richrocketgame.com\/mad-blast\/#primaryimage","url":"https:\/\/richrocketgame.com\/wp-content\/uploads\/2025\/02\/mad-blast-slot.jpg","contentUrl":"https:\/\/richrocketgame.com\/wp-content\/uploads\/2025\/02\/mad-blast-slot.jpg"},{"@type":"BreadcrumbList","@id":"https:\/\/richrocketgame.com\/mad-blast\/#breadcrumb","itemListElement":[{"@type":"ListItem","position":1,"name":"\u0413\u043b\u0430\u0432\u043d\u0430\u044f \u0441\u0442\u0440\u0430\u043d\u0438\u0446\u0430","item":"https:\/\/richrocketgame.com\/"},{"@type":"ListItem","position":2,"name":"Mad Blast Slot Demo"}]},{"@type":"WebSite","@id":"https:\/\/richrocketgame.com\/#website","url":"https:\/\/richrocketgame.com\/","name":"Rich Rocket-spel","description":"","publisher":{"@id":"https:\/\/richrocketgame.com\/#organization"},"potentialAction":[{"@type":"SearchAction","target":{"@type":"EntryPoint","urlTemplate":"https:\/\/richrocketgame.com\/?s={search_term_string}"},"query-input":{"@type":"PropertyValueSpecification","valueRequired":true,"valueName":"search_term_string"}}],"inLanguage":"sv-SE"},{"@type":"Organization","@id":"https:\/\/richrocketgame.com\/#organization","name":"Rich Rocket-spel","url":"https:\/\/richrocketgame.com\/","logo":{"@type":"ImageObject","inLanguage":"sv-SE","@id":"https:\/\/richrocketgame.com\/#\/schema\/logo\/image\/","url":"https:\/\/richrocketgame.com\/wp-content\/uploads\/2022\/09\/Rich-Rocket-earning-app.png","contentUrl":"https:\/\/richrocketgame.com\/wp-content\/uploads\/2022\/09\/Rich-Rocket-earning-app.png","width":512,"height":512,"caption":"Rich Rocket Game"},"image":{"@id":"https:\/\/richrocketgame.com\/#\/schema\/logo\/image\/"}}]}},"_links":{"self":[{"href":"https:\/\/richrocketgame.com\/sv\/wp-json\/wp\/v2\/pages\/1115","targetHints":{"allow":["GET"]}}],"collection":[{"href":"https:\/\/richrocketgame.com\/sv\/wp-json\/wp\/v2\/pages"}],"about":[{"href":"https:\/\/richrocketgame.com\/sv\/wp-json\/wp\/v2\/types\/page"}],"author":[{"embeddable":true,"href":"https:\/\/richrocketgame.com\/sv\/wp-json\/wp\/v2\/users\/2"}],"replies":[{"embeddable":true,"href":"https:\/\/richrocketgame.com\/sv\/wp-json\/wp\/v2\/comments?post=1115"}],"version-history":[{"count":0,"href":"https:\/\/richrocketgame.com\/sv\/wp-json\/wp\/v2\/pages\/1115\/revisions"}],"wp:attachment":[{"href":"https:\/\/richrocketgame.com\/sv\/wp-json\/wp\/v2\/media?parent=1115"}],"curies":[{"name":"wp","href":"https:\/\/api.w.org\/{rel}","templated":true}]}}