{"id":1080,"date":"2025-02-12T11:57:14","date_gmt":"2025-02-12T08:57:14","guid":{"rendered":"https:\/\/richrocketgame.com\/?page_id=1080"},"modified":"2026-01-13T19:58:17","modified_gmt":"2026-01-13T16:58:17","slug":"wild-card-gang","status":"publish","type":"page","link":"https:\/\/richrocketgame.com\/sv\/wild-card-gang\/","title":{"rendered":"Wild Card Gang-spelautomatdemo"},"content":{"rendered":"<div class=\"fpm_start\"><\/div>\n<p>Wild Card Gang is BGaming&#8217;s flagship slot in 2026. The success of this slot will allow the company to establish itself as one of the best slot developers. And the game has every chance of becoming a hit. The mechanics of combining winning symbols and the non-standard system of launching free spins and winning x5,000 &#8211; Wild Card Gang slot have prepared a lot of surprises for casino visitors.<\/p>\n<div style=\"text-align: center;\"><a class=\"glow-button\" href=\"\/sv\/go\/registration\/\" rel=\"noreferrer noopener nofollow\">Spela Casino<\/a><\/div>\n<table>\n<tbody>\n<tr>\n<td>Lanseringsdatum<\/td>\n<td>26 februari 2025<\/td>\n<\/tr>\n<tr>\n<td>Rullar<\/td>\n<td>6<\/td>\n<\/tr>\n<tr>\n<td>Rader<\/td>\n<td>6<\/td>\n<\/tr>\n<tr>\n<td>RTP<\/td>\n<td>97,25%<\/td>\n<\/tr>\n<tr>\n<td>Volatilitet<\/td>\n<td>Mycket h\u00f6g<\/td>\n<\/tr>\n<tr>\n<td>Vinstlinjer<\/td>\n<td>Cluster Pays<\/td>\n<\/tr>\n<tr>\n<td>Maximal vinst<\/td>\n<td>\u04455 000<\/td>\n<\/tr>\n<\/tbody>\n<\/table>\n<div id=\"ez-toc-container\" class=\"ez-toc-v2_0_62 counter-hierarchy ez-toc-counter ez-toc-grey ez-toc-container-direction\">\n<div class=\"ez-toc-title-container\">\n<p class=\"ez-toc-title\" >Inneh\u00e5llsf\u00f6rteckning<\/p>\n<span class=\"ez-toc-title-toggle\"><a href=\"#\" class=\"ez-toc-pull-right ez-toc-btn ez-toc-btn-xs ez-toc-btn-default ez-toc-toggle\" aria-label=\"V\u00e4xla inneh\u00e5llsf\u00f6rteckning\"><span class=\"ez-toc-js-icon-con\"><span class=\"\"><span class=\"eztoc-hide\" style=\"display:none;\">V\u00e4xla<\/span><span class=\"ez-toc-icon-toggle-span\"><svg style=\"fill: #999;color:#999\" xmlns=\"http:\/\/www.w3.org\/2000\/svg\" class=\"list-377408\" width=\"20px\" height=\"20px\" viewbox=\"0 0 24 24\" fill=\"none\"><path d=\"M6 6H4v2h2V6zm14 0H8v2h12V6zM4 11h2v2H4v-2zm16 0H8v2h12v-2zM4 16h2v2H4v-2zm16 0H8v2h12v-2z\" fill=\"currentColor\"><\/path><\/svg><svg style=\"fill: #999;color:#999\" class=\"arrow-unsorted-368013\" xmlns=\"http:\/\/www.w3.org\/2000\/svg\" width=\"10px\" height=\"10px\" viewbox=\"0 0 24 24\" version=\"1.2\" baseprofile=\"tiny\"><path d=\"M18.2 9.3l-6.2-6.3-6.2 6.3c-.2.2-.3.4-.3.7s.1.5.3.7c.2.2.4.3.7.3h11c.3 0 .5-.1.7-.3.2-.2.3-.5.3-.7s-.1-.5-.3-.7zM5.8 14.7l6.2 6.3 6.2-6.3c.2-.2.3-.5.3-.7s-.1-.5-.3-.7c-.2-.2-.4-.3-.7-.3h-11c-.3 0-.5.1-.7.3-.2.2-.3.5-.3.7s.1.5.3.7z\"\/><\/svg><\/span><\/span><\/span><\/a><\/span><\/div>\n<nav><ul class='ez-toc-list ez-toc-list-level-1 eztoc-toggle-hide-by-default' ><li class='ez-toc-page-1 ez-toc-heading-level-2'><a class=\"ez-toc-link ez-toc-heading-1\" href=\"https:\/\/richrocketgame.com\/sv\/wild-card-gang\/#What_We_Know_About_Wild_Card_Gang_Slot\" title=\"Vad vi vet om Wild Card Gang Slot\">Vad vi vet om Wild Card Gang Slot<\/a><ul class='ez-toc-list-level-3' ><li class='ez-toc-heading-level-3'><a class=\"ez-toc-link ez-toc-heading-2\" href=\"https:\/\/richrocketgame.com\/sv\/wild-card-gang\/#Bonus_Features_of_the_Game\" title=\"Bonusfunktioner i spelet\">Bonusfunktioner i spelet<\/a><\/li><li class='ez-toc-page-1 ez-toc-heading-level-3'><a class=\"ez-toc-link ez-toc-heading-3\" href=\"https:\/\/richrocketgame.com\/sv\/wild-card-gang\/#Paid_Bonuses\" title=\"Betala bonusar\">Betala bonusar<\/a><\/li><\/ul><\/li><li class='ez-toc-page-1 ez-toc-heading-level-2'><a class=\"ez-toc-link ez-toc-heading-4\" href=\"https:\/\/richrocketgame.com\/sv\/wild-card-gang\/#Why_Play_Wild_Card_Gang\" title=\"Varf\u00f6r spela Wild Card Gang?\">Varf\u00f6r spela Wild Card Gang?<\/a><\/li><li class='ez-toc-page-1 ez-toc-heading-level-2'><a class=\"ez-toc-link ez-toc-heading-5\" href=\"https:\/\/richrocketgame.com\/sv\/wild-card-gang\/#FAQ\" title=\"VANLIGA FR\u00c5GOR\">VANLIGA FR\u00c5GOR<\/a><ul class='ez-toc-list-level-3' ><li class='ez-toc-heading-level-3'><a class=\"ez-toc-link ez-toc-heading-6\" href=\"https:\/\/richrocketgame.com\/sv\/wild-card-gang\/#How_does_the_Cluster_Pays_mechanic_work\" title=\"Hur fungerar Cluster Pays-mekanikern?\">Hur fungerar Cluster Pays-mekanikern?<\/a><\/li><li class='ez-toc-page-1 ez-toc-heading-level-3'><a class=\"ez-toc-link ez-toc-heading-7\" href=\"https:\/\/richrocketgame.com\/sv\/wild-card-gang\/#Is_it_worth_playing_Wild_Card_Gang_for_real_money_right_away_or_is_it_better_to_try_the_demo_version\" title=\"\u00c4r det v\u00e4rt att spela Wild Card Gang f\u00f6r riktiga pengar direkt, eller \u00e4r det b\u00e4ttre att testa demoversionen?\">\u00c4r det v\u00e4rt att spela Wild Card Gang f\u00f6r riktiga pengar direkt, eller \u00e4r det b\u00e4ttre att testa demoversionen?<\/a><\/li><li class='ez-toc-page-1 ez-toc-heading-level-3'><a class=\"ez-toc-link ez-toc-heading-8\" href=\"https:\/\/richrocketgame.com\/sv\/wild-card-gang\/#How_often_do_the_free_spins_round_fall_out\" title=\"Hur ofta faller gratissnurrrundan ut?\">Hur ofta faller gratissnurrrundan ut?<\/a><\/li><\/ul><\/li><\/ul><\/nav><\/div>\n<h2><span class=\"ez-toc-section\" id=\"What_We_Know_About_Wild_Card_Gang_Slot\"><\/span>Vad vi vet om Wild Card Gang Slot<span class=\"ez-toc-section-end\"><\/span><\/h2>\n<p>Wild Card Gang v\u00e4cker spelkortsv\u00e4rlden till liv. Kort p\u00e5 h\u00f6g niv\u00e5 (A, K, Q, J) presenteras i form av en karismatisk gangstergrupp. Den okonventionella id\u00e9n och visuella stilen g\u00f6r att spelet kan tj\u00e4na n\u00e5gra po\u00e4ng redan innan det sl\u00e4pps.<\/p>\n<p>BGaming skapade en stor 6\u00d76 spelplan, vilket \u00f6kar sannolikheten f\u00f6r att kombinationer faller ut. Detta bekr\u00e4ftas av den h\u00f6ga RTP, som n\u00e5r 97.25%. Trots den rimliga avkastningen till spelarna b\u00f6r spelare vara f\u00f6rsiktiga p\u00e5 grund av den h\u00f6ga volatiliteten.<\/p>\n<p>Tester har visat att vinnande kombinationer faller ut ungef\u00e4r var tredje snurr. Vid maximal insats kan spelare f\u00e5 upp till $250,000.<\/p>\n<p><a href=\"https:\/\/richrocketgame.com\/sv\/go\/registration\/\" target=\"_blank\" rel=\"noreferrer noopener nofollow\"><img decoding=\"async\" class=\"aligncenter wp-image-1086\" src=\"https:\/\/richrocketgame.com\/wp-content\/uploads\/2025\/02\/wild-card-gang-slot.jpg\" alt=\"Wild Card Gang slot fr\u00e5n BGaming.\" width=\"356\" height=\"462\" srcset=\"https:\/\/richrocketgame.com\/wp-content\/uploads\/2025\/02\/wild-card-gang-slot.jpg 553w, https:\/\/richrocketgame.com\/wp-content\/uploads\/2025\/02\/wild-card-gang-slot-231x300.jpg 231w, https:\/\/richrocketgame.com\/wp-content\/uploads\/2025\/02\/wild-card-gang-slot-9x12.jpg 9w, https:\/\/richrocketgame.com\/wp-content\/uploads\/2025\/02\/wild-card-gang-slot-31x40.jpg 31w, https:\/\/richrocketgame.com\/wp-content\/uploads\/2025\/02\/wild-card-gang-slot-25x32.jpg 25w, https:\/\/richrocketgame.com\/wp-content\/uploads\/2025\/02\/wild-card-gang-slot-62x80.jpg 62w, https:\/\/richrocketgame.com\/wp-content\/uploads\/2025\/02\/wild-card-gang-slot-104x135.jpg 104w\" sizes=\"(max-width: 356px) 100vw, 356px\" \/><\/a><\/p>\n<h3><span class=\"ez-toc-section\" id=\"Bonus_Features_of_the_Game\"><\/span><strong>Bonusfunktioner i spelet<\/strong><span class=\"ez-toc-section-end\"><\/span><\/h3>\n<p>Den mest intressanta innovationen i Wild Card Gang-kasinospelet \u00e4r MergeUP\u2122-mekanikern. Symboler som \u00e4r involverade i vinnande kombinationer kombineras till symboler p\u00e5 en h\u00f6gre niv\u00e5, vilket \u00f6kar utbetalningarna. Samtidigt frig\u00f6rs utrymmet f\u00f6r nya symboler, vilket \u00f6kar sannolikheten f\u00f6r att nya kombinationer bildas. Spelet har nio niv\u00e5er av symboler, varefter klustret blir en scatter.<\/p>\n<p>Upptr\u00e4danden av 4 eller fler scatters p\u00e5 spelplanen utl\u00f6ser gratissnurr Wild Card Gang. Antalet s\u00e5dana symboler avg\u00f6r hur m\u00e5nga g\u00e5nger du kan starta hjulen:<\/p>\n<ul>\n<li>4 scatters \u2013 15 snurr;<\/li>\n<li>5 scatter \u2013 18 snurr;<\/li>\n<li>6 scatters \u2013 20 snurr.<\/li>\n<\/ul>\n<p>Under bonusrundan f\u00e5r cellerna d\u00e4r klustret samlades multiplikatorer. Koefficienten b\u00f6rjar fr\u00e5n x2 och n\u00e5r x128. Dessutom, genom att samla en annan kombination av scatters, kan du \u00f6ka antalet gratissnurr med 6, 8 eller 10.<\/p>\n<div style=\"text-align: center;\"><a class=\"glow-button\" href=\"\/sv\/go\/registration\/\" rel=\"noreferrer noopener nofollow\">Prova Wild Card Gang<\/a><\/div>\n<h3><span class=\"ez-toc-section\" id=\"Paid_Bonuses\"><\/span><strong>Betala bonusar<\/strong><span class=\"ez-toc-section-end\"><\/span><\/h3>\n<p>Spelaren kan aktivera funktionen &quot;Chance x2&quot;, vilket \u00f6kar sannolikheten f\u00f6r att specialsymboler faller ut med 2 g\u00e5nger. Insatsen h\u00f6js med 25%. F\u00f6r 100x av insatsen kan du k\u00f6pa ett pass f\u00f6r rundan med gratissnurr. Antalet hjulsnurr best\u00e4ms slumpm\u00e4ssigt.<\/p><script data-noptimize=\"\" data-wpfc-render=\"false\">\n\/* <![CDATA[ *\/\nfpm_start( \"true\" );\n\/* ]]> *\/\n<\/script>\n\n<p><a href=\"https:\/\/richrocketgame.com\/sv\/go\/registration\/\" target=\"_blank\" rel=\"noreferrer noopener nofollow\"><img decoding=\"async\" class=\"aligncenter wp-image-1087 size-full\" src=\"https:\/\/richrocketgame.com\/wp-content\/uploads\/2025\/02\/wild-card-gang-casino-game.jpg\" alt=\"Wild Card Gang kasinospel.\" width=\"998\" height=\"624\" srcset=\"https:\/\/richrocketgame.com\/wp-content\/uploads\/2025\/02\/wild-card-gang-casino-game.jpg 998w, https:\/\/richrocketgame.com\/wp-content\/uploads\/2025\/02\/wild-card-gang-casino-game-300x188.jpg 300w, https:\/\/richrocketgame.com\/wp-content\/uploads\/2025\/02\/wild-card-gang-casino-game-768x480.jpg 768w, https:\/\/richrocketgame.com\/wp-content\/uploads\/2025\/02\/wild-card-gang-casino-game-18x12.jpg 18w, https:\/\/richrocketgame.com\/wp-content\/uploads\/2025\/02\/wild-card-gang-casino-game-64x40.jpg 64w, https:\/\/richrocketgame.com\/wp-content\/uploads\/2025\/02\/wild-card-gang-casino-game-51x32.jpg 51w, https:\/\/richrocketgame.com\/wp-content\/uploads\/2025\/02\/wild-card-gang-casino-game-128x80.jpg 128w, https:\/\/richrocketgame.com\/wp-content\/uploads\/2025\/02\/wild-card-gang-casino-game-216x135.jpg 216w\" sizes=\"(max-width: 998px) 100vw, 998px\" \/><\/a><\/p>\n<h2><span class=\"ez-toc-section\" id=\"Why_Play_Wild_Card_Gang\"><\/span>Varf\u00f6r spela Wild Card Gang?<span class=\"ez-toc-section-end\"><\/span><\/h2>\n<p>Spelet f\u00f6rtj\u00e4nar spelgemenskapens uppm\u00e4rksamhet av m\u00e5nga anledningar:<\/p>\n<ul>\n<li>Ny mekanik. MergeUP\u2122 ger spelautomaten fr\u00e4schare och \u00f6kar den genomsnittliga utbetalningen avsev\u00e4rt.<\/li>\n<li>Mycket h\u00f6g RTP. F\u00e5 slots ger spelare mer \u00e4n 97% av sina insatser hittills.<\/li>\n<li>Bonusfunktioner. Ett \u00f6verfl\u00f6d av ytterligare m\u00f6jligheter att vinna kommer inte att l\u00e5ta spelare bli uttr\u00e5kade.<\/li>\n<li>Intressant tema och design. F\u00f6rb\u00e4ttrad av artificiell intelligens skapar illustrationer och karakt\u00e4rsvoiceovers en minnesv\u00e4rd atmosf\u00e4r.<\/li>\n<\/ul>\n<p>De b\u00e4sta casinon d\u00e4r du kan spela Wild Card Gang finns p\u00e5 denna sida. Missa inte spelautomaten som kan bli \u00e5rets fr\u00e4msta sensation.<\/p>\n<h2><span class=\"ez-toc-section\" id=\"FAQ\"><\/span>VANLIGA FR\u00c5GOR<span class=\"ez-toc-section-end\"><\/span><\/h2>\n        <section class=\"sc_fs_faq sc_card\">\n            <div>\n\t\t\t\t<h3><span class=\"ez-toc-section\" id=\"How_does_the_Cluster_Pays_mechanic_work\"><\/span>Hur fungerar Cluster Pays-mekanikern?<span class=\"ez-toc-section-end\"><\/span><\/h3>                <div>\n\t\t\t\t\t                    <p>\n\t\t\t\t\t\tI slots som st\u00f6der denna funktion samlas vinnande symboler i symboler p\u00e5 h\u00f6gre niv\u00e5. Nya symboler dyker upp p\u00e5 de lediga platserna, som i spel med ett kaskadsystem.                    <\/p>\n                <\/div>\n            <\/div>\n        <\/section>\n\t\t        <section class=\"sc_fs_faq sc_card\">\n            <div>\n\t\t\t\t<h3><span class=\"ez-toc-section\" id=\"Is_it_worth_playing_Wild_Card_Gang_for_real_money_right_away_or_is_it_better_to_try_the_demo_version\"><\/span>\u00c4r det v\u00e4rt att spela Wild Card Gang f\u00f6r riktiga pengar direkt, eller \u00e4r det b\u00e4ttre att testa demoversionen?<span class=\"ez-toc-section-end\"><\/span><\/h3>                <div>\n\t\t\t\t\t                    <p>\n\t\t\t\t\t\tSloten erbjuder en hel del ny mekanik som kanske \u00e4r obekant \u00e4ven f\u00f6r erfarna spelare. D\u00e4rf\u00f6r \u00e4r det b\u00e4ttre att prova gratis Wild Card Gang f\u00f6r att bekanta dig med funktionaliteten.                    <\/p>\n                <\/div>\n            <\/div>\n        <\/section>\n\t\t        <section class=\"sc_fs_faq sc_card\">\n            <div>\n\t\t\t\t<h3><span class=\"ez-toc-section\" id=\"How_often_do_the_free_spins_round_fall_out\"><\/span>Hur ofta faller gratissnurrrundan ut?<span class=\"ez-toc-section-end\"><\/span><\/h3>                <div>\n\t\t\t\t\t                    <p>\n\t\t\t\t\t\tBGaming h\u00e4vdar att bonusrundan faller ut en g\u00e5ng var 275:e snurr. Vi kan kolla statistiken efter att sloten sl\u00e4ppts i slutet av februari.                    <\/p>\n                <\/div>\n            <\/div>\n        <\/section>\n\t\t\n<script type=\"application\/ld+json\">{\n    \"@context\": \"https:\\\/\\\/schema.org\",\n    \"@type\": \"FAQPage\",\n    \"mainEntity\": [\n        {\n            \"@type\": \"Question\",\n            \"name\": \"How does the Cluster Pays mechanic work?\",\n            \"acceptedAnswer\": {\n                \"@type\": \"Answer\",\n                \"text\": \"In slots that support this feature, winning symbols are clustered into higher-level symbols. New symbols appear on the vacated places, as in games with a cascade system.\"\n            }\n        },\n        {\n            \"@type\": \"Question\",\n            \"name\": \"Is it worth playing Wild Card Gang for real money right away, or is it better to try the demo version?\",\n            \"acceptedAnswer\": {\n                \"@type\": \"Answer\",\n                \"text\": \"The slot offers a lot of new mechanics that may be unfamiliar even to experienced players. Therefore, trying the free Wild Card Gang to familiarize yourself with the functionality is better.\"\n            }\n        },\n        {\n            \"@type\": \"Question\",\n            \"name\": \"How often do the free spins round fall out?\",\n            \"acceptedAnswer\": {\n                \"@type\": \"Answer\",\n                \"text\": \"BGaming claims that the bonus round falls out once every 275 spins. We can check the statistics after the slot is released at the end of February.\"\n            }\n        }\n    ]\n}<\/script>\n\n<div class=\"fpm_end\"><\/div>\n<div class=\"author-card author-card--top\"><img alt='Profilbild' src='https:\/\/richrocketgame.com\/wp-content\/uploads\/2023\/03\/Paulo-Dornelas-130x130.jpg' srcset='https:\/\/richrocketgame.com\/wp-content\/uploads\/2023\/03\/Paulo-Dornelas-260x260.jpg 2x' class='avatar avatar-130 photo author-image' height='130' width='130' \/><div class=\"author-content text-md-center\"><span class=\"author-title\">F\u00f6rfattare<\/span><a href=\"https:\/\/richrocketgame.com\/sv\/author\/paulo-dornelas\/\" class=\"author-name\">Paulo Dornelas<\/a><p class=\"author__details\">Paulo Dornelas \u00e4r en expert p\u00e5 spel som har \u00e4gnat sitt liv \u00e5t att f\u00f6rst\u00e5 branschen och hj\u00e4lpa andra att tj\u00e4na pengar p\u00e5 den. Han \u00e4r ocks\u00e5 en ivrig resen\u00e4r och \u00e4lskar att utforska nya platser. Paulos kunskap om spelande och hans passion f\u00f6r resor g\u00f6r honom till den perfekta guiden f\u00f6r alla som vill g\u00f6ra rej\u00e4la vinster genom att satsa p\u00e5 sport eller spela casinospel.<\/p><\/div><!-- \/.author-content --><\/div>","protected":false},"excerpt":{"rendered":"<p>Wild Card Gang is BGaming&#8217;s flagship slot in 2026. The success of this slot will allow the company to establish itself as one of the best slot developers. And the game has every chance of becoming a hit. The mechanics of combining winning symbols and the non-standard system of launching free spins and winning x5,000 [&hellip;]<\/p>","protected":false},"author":2,"featured_media":0,"parent":0,"menu_order":0,"comment_status":"closed","ping_status":"closed","template":"page-no-sidebar.php","meta":{"footnotes":""},"class_list":["post-1080","page","type-page","status-publish","hentry"],"yoast_head":"<!-- This site is optimized with the Yoast SEO plugin v26.7 - https:\/\/yoast.com\/wordpress\/plugins\/seo\/ -->\n<title>Wild Card Gang by BGaming - Free Play<\/title>\n<meta name=\"description\" content=\"Meet Wild Card Gang casino game, a contender for top slot 2026. Get to know the new features. Get ready to play Wild Card Gang.\" \/>\n<meta name=\"robots\" content=\"index, follow, max-snippet:-1, max-image-preview:large, max-video-preview:-1\" \/>\n<link rel=\"canonical\" href=\"https:\/\/richrocketgame.com\/sv\/wild-card-gang\/\" \/>\n<meta property=\"og:locale\" content=\"sv_SE\" \/>\n<meta property=\"og:type\" content=\"article\" \/>\n<meta property=\"og:title\" content=\"Wild Card Gang by BGaming - Free Play\" \/>\n<meta property=\"og:description\" content=\"Meet Wild Card Gang casino game, a contender for top slot 2026. Get to know the new features. Get ready to play Wild Card Gang.\" \/>\n<meta property=\"og:url\" content=\"https:\/\/richrocketgame.com\/sv\/wild-card-gang\/\" \/>\n<meta property=\"og:site_name\" content=\"Rich Rocket Game\" \/>\n<meta property=\"article:modified_time\" content=\"2026-01-13T16:58:17+00:00\" \/>\n<meta property=\"og:image\" content=\"https:\/\/richrocketgame.com\/wp-content\/uploads\/2025\/02\/wild-card-gang-slot.jpg\" \/>\n\t<meta property=\"og:image:width\" content=\"553\" \/>\n\t<meta property=\"og:image:height\" content=\"718\" \/>\n\t<meta property=\"og:image:type\" content=\"image\/jpeg\" \/>\n<meta name=\"twitter:card\" content=\"summary_large_image\" \/>\n<meta name=\"twitter:label1\" content=\"Ber\u00e4knad l\u00e4stid\" \/>\n\t<meta name=\"twitter:data1\" content=\"4 minuter\" \/>\n<!-- \/ Yoast SEO plugin. -->","yoast_head_json":{"title":"Wild Card Gang av BGaming - Gratisspel","description":"Meet Wild Card Gang casino game, a contender for top slot 2026. Get to know the new features. Get ready to play Wild Card Gang.","robots":{"index":"index","follow":"follow","max-snippet":"max-snippet:-1","max-image-preview":"max-image-preview:large","max-video-preview":"max-video-preview:-1"},"canonical":"https:\/\/richrocketgame.com\/sv\/wild-card-gang\/","og_locale":"sv_SE","og_type":"article","og_title":"Wild Card Gang by BGaming - Free Play","og_description":"Meet Wild Card Gang casino game, a contender for top slot 2026. Get to know the new features. Get ready to play Wild Card Gang.","og_url":"https:\/\/richrocketgame.com\/sv\/wild-card-gang\/","og_site_name":"Rich Rocket Game","article_modified_time":"2026-01-13T16:58:17+00:00","og_image":[{"width":553,"height":718,"url":"https:\/\/richrocketgame.com\/wp-content\/uploads\/2025\/02\/wild-card-gang-slot.jpg","type":"image\/jpeg"}],"twitter_card":"summary_large_image","twitter_misc":{"Ber\u00e4knad l\u00e4stid":"4 minuter"},"schema":{"@context":"https:\/\/schema.org","@graph":[{"@type":"WebPage","@id":"https:\/\/richrocketgame.com\/wild-card-gang\/","url":"https:\/\/richrocketgame.com\/wild-card-gang\/","name":"Wild Card Gang av BGaming - Gratisspel","isPartOf":{"@id":"https:\/\/richrocketgame.com\/#website"},"primaryImageOfPage":{"@id":"https:\/\/richrocketgame.com\/wild-card-gang\/#primaryimage"},"image":{"@id":"https:\/\/richrocketgame.com\/wild-card-gang\/#primaryimage"},"thumbnailUrl":"https:\/\/richrocketgame.com\/wp-content\/uploads\/2025\/02\/wild-card-gang-slot.jpg","datePublished":"2025-02-12T08:57:14+00:00","dateModified":"2026-01-13T16:58:17+00:00","description":"Meet Wild Card Gang casino game, a contender for top slot 2026. Get to know the new features. Get ready to play Wild Card Gang.","breadcrumb":{"@id":"https:\/\/richrocketgame.com\/wild-card-gang\/#breadcrumb"},"inLanguage":"sv-SE","potentialAction":[{"@type":"ReadAction","target":["https:\/\/richrocketgame.com\/wild-card-gang\/"]}]},{"@type":"ImageObject","inLanguage":"sv-SE","@id":"https:\/\/richrocketgame.com\/wild-card-gang\/#primaryimage","url":"https:\/\/richrocketgame.com\/wp-content\/uploads\/2025\/02\/wild-card-gang-slot.jpg","contentUrl":"https:\/\/richrocketgame.com\/wp-content\/uploads\/2025\/02\/wild-card-gang-slot.jpg"},{"@type":"BreadcrumbList","@id":"https:\/\/richrocketgame.com\/wild-card-gang\/#breadcrumb","itemListElement":[{"@type":"ListItem","position":1,"name":"\u0413\u043b\u0430\u0432\u043d\u0430\u044f \u0441\u0442\u0440\u0430\u043d\u0438\u0446\u0430","item":"https:\/\/richrocketgame.com\/"},{"@type":"ListItem","position":2,"name":"Wild Card Gang Slot Demo"}]},{"@type":"WebSite","@id":"https:\/\/richrocketgame.com\/#website","url":"https:\/\/richrocketgame.com\/","name":"Rich Rocket-spel","description":"","publisher":{"@id":"https:\/\/richrocketgame.com\/#organization"},"potentialAction":[{"@type":"SearchAction","target":{"@type":"EntryPoint","urlTemplate":"https:\/\/richrocketgame.com\/?s={search_term_string}"},"query-input":{"@type":"PropertyValueSpecification","valueRequired":true,"valueName":"search_term_string"}}],"inLanguage":"sv-SE"},{"@type":"Organization","@id":"https:\/\/richrocketgame.com\/#organization","name":"Rich Rocket-spel","url":"https:\/\/richrocketgame.com\/","logo":{"@type":"ImageObject","inLanguage":"sv-SE","@id":"https:\/\/richrocketgame.com\/#\/schema\/logo\/image\/","url":"https:\/\/richrocketgame.com\/wp-content\/uploads\/2022\/09\/Rich-Rocket-earning-app.png","contentUrl":"https:\/\/richrocketgame.com\/wp-content\/uploads\/2022\/09\/Rich-Rocket-earning-app.png","width":512,"height":512,"caption":"Rich Rocket Game"},"image":{"@id":"https:\/\/richrocketgame.com\/#\/schema\/logo\/image\/"}}]}},"_links":{"self":[{"href":"https:\/\/richrocketgame.com\/sv\/wp-json\/wp\/v2\/pages\/1080","targetHints":{"allow":["GET"]}}],"collection":[{"href":"https:\/\/richrocketgame.com\/sv\/wp-json\/wp\/v2\/pages"}],"about":[{"href":"https:\/\/richrocketgame.com\/sv\/wp-json\/wp\/v2\/types\/page"}],"author":[{"embeddable":true,"href":"https:\/\/richrocketgame.com\/sv\/wp-json\/wp\/v2\/users\/2"}],"replies":[{"embeddable":true,"href":"https:\/\/richrocketgame.com\/sv\/wp-json\/wp\/v2\/comments?post=1080"}],"version-history":[{"count":0,"href":"https:\/\/richrocketgame.com\/sv\/wp-json\/wp\/v2\/pages\/1080\/revisions"}],"wp:attachment":[{"href":"https:\/\/richrocketgame.com\/sv\/wp-json\/wp\/v2\/media?parent=1080"}],"curies":[{"name":"wp","href":"https:\/\/api.w.org\/{rel}","templated":true}]}}