{"id":107,"date":"2022-12-27T16:47:24","date_gmt":"2022-12-27T13:47:24","guid":{"rendered":"https:\/\/richrocketgame.com\/?page_id=107"},"modified":"2024-03-13T23:18:24","modified_gmt":"2024-03-13T20:18:24","slug":"rich-rocket-bot-telegram","status":"publish","type":"page","link":"https:\/\/richrocketgame.com\/sv\/rich-rocket-bot-telegram\/","title":{"rendered":"Rich Rocket Bottelegram"},"content":{"rendered":"<div class=\"fpm_start\"><\/div>\n<div style=\"text-align: center;\"><a class=\"glow-button\" href=\"\/sv\/go\/registration\/\">Spela Rich Rocket-spel<\/a><\/div>\n<p>Trots s\u00e4kerhetsutvecklarnas b\u00e4sta anstr\u00e4ngningar hittar hackare fortfarande s\u00e4tt att kringg\u00e5 dessa skydds\u00e5tg\u00e4rder \u2013 vilket Rich Rocket-boten visade. Denna kraftfulla programvara ger anv\u00e4ndarna en bred upps\u00e4ttning verktyg s\u00e5 att de kan f\u00f6ruts\u00e4ga resultat exakt och dra nytta av spel. \u00c4nd\u00e5 har illvilliga akt\u00f6rer missbrukat denna kunskap f\u00f6r sina egna otill\u00e5tna syften, vilket resulterat i st\u00f6rningar i flera program och plugins.<\/p>\n<div id=\"attachment_110\" style=\"width: 845px\" class=\"wp-caption aligncenter\"><a href=\"https:\/\/richrocketgame.com\/sv\/go\/registration\/\"><img decoding=\"async\" aria-describedby=\"caption-attachment-110\" class=\"wp-image-110 size-full\" title=\"Rich Rocket Indien\" src=\"https:\/\/richrocketgame.com\/wp-content\/uploads\/2022\/12\/Rich-Rocket-India.jpg\" alt=\"Rich Rocket Indien\" width=\"845\" height=\"546\" srcset=\"https:\/\/richrocketgame.com\/wp-content\/uploads\/2022\/12\/Rich-Rocket-India.jpg 845w, https:\/\/richrocketgame.com\/wp-content\/uploads\/2022\/12\/Rich-Rocket-India-300x194.jpg 300w, https:\/\/richrocketgame.com\/wp-content\/uploads\/2022\/12\/Rich-Rocket-India-768x496.jpg 768w, https:\/\/richrocketgame.com\/wp-content\/uploads\/2022\/12\/Rich-Rocket-India-18x12.jpg 18w, https:\/\/richrocketgame.com\/wp-content\/uploads\/2022\/12\/Rich-Rocket-India-62x40.jpg 62w, https:\/\/richrocketgame.com\/wp-content\/uploads\/2022\/12\/Rich-Rocket-India-50x32.jpg 50w, https:\/\/richrocketgame.com\/wp-content\/uploads\/2022\/12\/Rich-Rocket-India-124x80.jpg 124w, https:\/\/richrocketgame.com\/wp-content\/uploads\/2022\/12\/Rich-Rocket-India-209x135.jpg 209w\" sizes=\"(max-width: 845px) 100vw, 845px\" \/><\/a><p id=\"caption-attachment-110\" class=\"wp-caption-text\">Rich Rocket Indien<\/p><\/div>\n<p>Du beh\u00f6ver inte l\u00e4ngre v\u00e4nta t\u00e5lmodigt p\u00e5 en m\u00f6jlighet \u2013 aviseringar kommer att skickas omg\u00e5ende s\u00e5 att du kan dra nytta av det och uppn\u00e5 st\u00f6rsta m\u00f6jliga framg\u00e5ng!<\/p>\n<div id=\"ez-toc-container\" class=\"ez-toc-v2_0_62 counter-hierarchy ez-toc-counter ez-toc-grey ez-toc-container-direction\">\n<div class=\"ez-toc-title-container\">\n<p class=\"ez-toc-title\" >Inneh\u00e5llsf\u00f6rteckning<\/p>\n<span class=\"ez-toc-title-toggle\"><a href=\"#\" class=\"ez-toc-pull-right ez-toc-btn ez-toc-btn-xs ez-toc-btn-default ez-toc-toggle\" aria-label=\"V\u00e4xla inneh\u00e5llsf\u00f6rteckning\"><span class=\"ez-toc-js-icon-con\"><span class=\"\"><span class=\"eztoc-hide\" style=\"display:none;\">V\u00e4xla<\/span><span class=\"ez-toc-icon-toggle-span\"><svg style=\"fill: #999;color:#999\" xmlns=\"http:\/\/www.w3.org\/2000\/svg\" class=\"list-377408\" width=\"20px\" height=\"20px\" viewbox=\"0 0 24 24\" fill=\"none\"><path d=\"M6 6H4v2h2V6zm14 0H8v2h12V6zM4 11h2v2H4v-2zm16 0H8v2h12v-2zM4 16h2v2H4v-2zm16 0H8v2h12v-2z\" fill=\"currentColor\"><\/path><\/svg><svg style=\"fill: #999;color:#999\" class=\"arrow-unsorted-368013\" xmlns=\"http:\/\/www.w3.org\/2000\/svg\" width=\"10px\" height=\"10px\" viewbox=\"0 0 24 24\" version=\"1.2\" baseprofile=\"tiny\"><path d=\"M18.2 9.3l-6.2-6.3-6.2 6.3c-.2.2-.3.4-.3.7s.1.5.3.7c.2.2.4.3.7.3h11c.3 0 .5-.1.7-.3.2-.2.3-.5.3-.7s-.1-.5-.3-.7zM5.8 14.7l6.2 6.3 6.2-6.3c.2-.2.3-.5.3-.7s-.1-.5-.3-.7c-.2-.2-.4-.3-.7-.3h-11c-.3 0-.5.1-.7.3-.2.2-.3.5-.3.7s.1.5.3.7z\"\/><\/svg><\/span><\/span><\/span><\/a><\/span><\/div>\n<nav><ul class='ez-toc-list ez-toc-list-level-1 eztoc-toggle-hide-by-default' ><li class='ez-toc-page-1 ez-toc-heading-level-2'><a class=\"ez-toc-link ez-toc-heading-1\" href=\"https:\/\/richrocketgame.com\/sv\/rich-rocket-bot-telegram\/#Signals_Rich_Rocket_Bot\" title=\"Signalerar Rich Rocket Bot\">Signalerar Rich Rocket Bot<\/a><\/li><li class='ez-toc-page-1 ez-toc-heading-level-2'><a class=\"ez-toc-link ez-toc-heading-2\" href=\"https:\/\/richrocketgame.com\/sv\/rich-rocket-bot-telegram\/#How_to_Download_Rich_Rocket_Bot\" title=\"Hur laddar man ner Rich Rocket Bot?\">Hur laddar man ner Rich Rocket Bot?<\/a><\/li><li class='ez-toc-page-1 ez-toc-heading-level-2'><a class=\"ez-toc-link ez-toc-heading-3\" href=\"https:\/\/richrocketgame.com\/sv\/rich-rocket-bot-telegram\/#Rich_Rocket_Telegram_Bot\" title=\"Rich Rocket Telegram Bot\">Rich Rocket Telegram Bot<\/a><\/li><li class='ez-toc-page-1 ez-toc-heading-level-2'><a class=\"ez-toc-link ez-toc-heading-4\" href=\"https:\/\/richrocketgame.com\/sv\/rich-rocket-bot-telegram\/#Conclusion\" title=\"Slutsats\">Slutsats<\/a><\/li><\/ul><\/nav><\/div>\n<h2><span class=\"ez-toc-section\" id=\"Signals_Rich_Rocket_Bot\"><\/span>Signalerar Rich Rocket Bot<span class=\"ez-toc-section-end\"><\/span><\/h2>\n<p>F\u00f6r att s\u00e4kerst\u00e4lla att anv\u00e4ndarna f\u00e5r b\u00e4sta m\u00f6jliga upplevelse, <a href=\"https:\/\/richrocketgame.com\/sv\/\">Rich Rocket<\/a> signalutvecklare har utt\u00f6mmande g\u00e5tt igenom varje detalj. Detta har resulterat i en \u00f6verl\u00e4gsen upps\u00e4ttning funktioner som f\u00e4ngslar sina anv\u00e4ndare, till exempel:<\/p>\n<ul>\n<li>Spelare fr\u00e5n Indien, Sydafrika, Europa och andra l\u00e4nder har garanterat \u00e4ktheten av publicerat material.<\/li>\n<li>B\u00e5de kunder och experter har ber\u00f6mt Rich Rocket Indiens f\u00f6ruts\u00e4gelser, s\u00e5 du kan lita p\u00e5 deras kvalitet. Inte nog med det, de forts\u00e4tter att visa ett engagemang f\u00f6r att ge b\u00e4sta m\u00f6jliga service genom regelbundna granskningar.<\/li>\n<li>Genom att sl\u00e5 samman styrkan hos flera algoritmer som analyserar aktuella trender kan vi med f\u00f6rtroende st\u00e4rka prognoser och komma till en gemensam \u00f6verenskommelse.<\/li>\n<li>Genom att snabbt \u00f6verf\u00f6ra kritisk information som kommer att bidra till framg\u00e5ng, utrotar det alla m\u00f6jligheter till tvekan, on\u00f6diga verifieringar eller andra obstruktiva processer.<\/li>\n<li>H\u00e5ll dig uppdaterad med de senaste nyheterna, anv\u00e4ndbara meddelanden, intressanta fakta och mer \u2013 allt kommer till dig p\u00e5 en konsekvent basis.<\/li>\n<\/ul>\n<p>Dessutom \u00e4r det enkelt att ansluta till den livliga Rich Rocket Telegram-gemenskapen av rutinerade spelare. Det \u00e4r ett bra st\u00e4lle att prata om metoder och verktyg du anv\u00e4nder, diskutera mjukvarufunktioner p\u00e5 djupet, delta i stimulerande diskussioner \u2013 eller bara koppla av medan du bl\u00e4ddrar igenom attraktiva inl\u00e4gg!<\/p>\n<p>Beh\u00f6ver du en vinnande f\u00f6rdel? Leta inte l\u00e4ngre \u00e4n v\u00e5r innovativa applikation. Med en h\u00e4pnadsv\u00e4ckande noggrannhet p\u00e5 97% kan detta potenta verktyg korrekt f\u00f6ruts\u00e4ga slotr\u00f6relser \u2013 vilket drastiskt \u00f6kar din chans att lyckas! Kompatibel med alla enheter, det finns ingen tid att f\u00f6rlora p\u00e5 att ladda ner den och f\u00e5 \u00f6vertaget idag!<\/p>\n<div id=\"attachment_112\" style=\"width: 994px\" class=\"wp-caption aligncenter\"><a href=\"https:\/\/richrocketgame.com\/sv\/go\/registration\/\"><img decoding=\"async\" aria-describedby=\"caption-attachment-112\" class=\"wp-image-112 size-large\" title=\"Rich Rocket Bot\" src=\"https:\/\/richrocketgame.com\/wp-content\/uploads\/2022\/12\/Rich-Rocket-Bot-1024x443.jpg\" alt=\"Rich Rocket Bot\" width=\"994\" height=\"430\" srcset=\"https:\/\/richrocketgame.com\/wp-content\/uploads\/2022\/12\/Rich-Rocket-Bot-1024x443.jpg 1024w, https:\/\/richrocketgame.com\/wp-content\/uploads\/2022\/12\/Rich-Rocket-Bot-300x130.jpg 300w, https:\/\/richrocketgame.com\/wp-content\/uploads\/2022\/12\/Rich-Rocket-Bot-768x332.jpg 768w, https:\/\/richrocketgame.com\/wp-content\/uploads\/2022\/12\/Rich-Rocket-Bot-18x8.jpg 18w, https:\/\/richrocketgame.com\/wp-content\/uploads\/2022\/12\/Rich-Rocket-Bot-93x40.jpg 93w, https:\/\/richrocketgame.com\/wp-content\/uploads\/2022\/12\/Rich-Rocket-Bot-74x32.jpg 74w, https:\/\/richrocketgame.com\/wp-content\/uploads\/2022\/12\/Rich-Rocket-Bot-185x80.jpg 185w, https:\/\/richrocketgame.com\/wp-content\/uploads\/2022\/12\/Rich-Rocket-Bot-312x135.jpg 312w, https:\/\/richrocketgame.com\/wp-content\/uploads\/2022\/12\/Rich-Rocket-Bot.jpg 1099w\" sizes=\"(max-width: 994px) 100vw, 994px\" \/><\/a><p id=\"caption-attachment-112\" class=\"wp-caption-text\">Rich Rocket Bot<\/p><\/div>\n<div style=\"text-align: center;\"><a class=\"glow-button\" href=\"\/sv\/go\/registration\/\">Rich Rocket Indien<\/a><\/div>\n<h2><span class=\"ez-toc-section\" id=\"How_to_Download_Rich_Rocket_Bot\"><\/span>Hur laddar man ner Rich Rocket Bot?<span class=\"ez-toc-section-end\"><\/span><\/h2>\n<p>Applikationen \u00e4r kompatibel med alla de mest popul\u00e4ra systemen, inklusive telefoner, surfplattor och datorer \u2013 oavsett vilken enhet du anv\u00e4nder! Dessutom tar det minimalt med utrymme p\u00e5 dina enheter och kostar inget vid nedladdning. Dess okomplicerade funktioner garanterar att \u00e4ven om du inte \u00e4r v\u00e4l insatt i teknik eller specialiserad kunskap, fungerar den h\u00e4r applikationen utan problem och utan stress.<\/p>\n<p>F\u00f6r att starta installationsprocessen b\u00f6r anv\u00e4ndaren:<\/p>\n<ol>\n<li>Letar du efter botprogrammet Rich Rocket? D\u00e5 beh\u00f6ver du inte leta l\u00e4ngre \u2013 du kan enkelt hitta den med en snabb onlines\u00f6kning eller via den officiella webbplatsens navigeringsf\u00e4lt. Med olika alternativ tillg\u00e4ngliga, se till att v\u00e4lja en som \u00e4r p\u00e5litlig och trov\u00e4rdig innan du laddar ner operativsystemet.<\/li>\n<li>Lita inte bara p\u00e5 v\u00e5ra prognoser och deras p\u00e5litlighet \u2013 prova applikationen f\u00f6r att se sj\u00e4lv! Det har redan f\u00f6rutsp\u00e5tt framg\u00e5ngsrika resultat med en enorm noggrannhet p\u00e5 90%, s\u00e5 du kan vara s\u00e4ker p\u00e5 att dess f\u00f6ruts\u00e4gelser kommer att vara korrekta. Testa det p\u00e5 aktuella situationer f\u00f6r att bed\u00f6ma om de observerade resultaten st\u00e4mmer \u00f6verens med vad som ursprungligen prognostiserades.<\/li>\n<li>Registrera dig f\u00f6r ett konto hos oss och f\u00e5 anpassade meddelanden om exklusiva rabatter skr\u00e4ddarsydda just f\u00f6r dig! F\u00e5 de b\u00e4sta erbjudandena utan att beh\u00f6va leta \u2013 allt \u00e4r till hands.<\/li>\n<\/ol>\n<p>Genom att implementera de tillhandah\u00e5llna r\u00e5den och rutinm\u00e4ssigt f\u00f6lja deras framsteg, \u00e4r en spelare s\u00e4ker p\u00e5 att observera en st\u00e4ndigt \u00f6kande framg\u00e5ngsfrekvens. P\u00e5 nolltid kommer de att vinna oftare \u00e4n n\u00e5gonsin tidigare!<\/p>\n<div id=\"attachment_111\" style=\"width: 816px\" class=\"wp-caption aligncenter\"><a href=\"https:\/\/richrocketgame.com\/sv\/go\/registration\/\"><img decoding=\"async\" aria-describedby=\"caption-attachment-111\" class=\"wp-image-111 size-full\" title=\"Rich Rocket Telegram recension\" src=\"https:\/\/richrocketgame.com\/wp-content\/uploads\/2022\/12\/Rich-Rocket-Telegram-Review.jpg\" alt=\"Rich Rocket Telegram recension\" width=\"816\" height=\"331\" srcset=\"https:\/\/richrocketgame.com\/wp-content\/uploads\/2022\/12\/Rich-Rocket-Telegram-Review.jpg 816w, https:\/\/richrocketgame.com\/wp-content\/uploads\/2022\/12\/Rich-Rocket-Telegram-Review-300x122.jpg 300w, https:\/\/richrocketgame.com\/wp-content\/uploads\/2022\/12\/Rich-Rocket-Telegram-Review-768x312.jpg 768w, https:\/\/richrocketgame.com\/wp-content\/uploads\/2022\/12\/Rich-Rocket-Telegram-Review-18x7.jpg 18w, https:\/\/richrocketgame.com\/wp-content\/uploads\/2022\/12\/Rich-Rocket-Telegram-Review-99x40.jpg 99w, https:\/\/richrocketgame.com\/wp-content\/uploads\/2022\/12\/Rich-Rocket-Telegram-Review-79x32.jpg 79w, https:\/\/richrocketgame.com\/wp-content\/uploads\/2022\/12\/Rich-Rocket-Telegram-Review-197x80.jpg 197w, https:\/\/richrocketgame.com\/wp-content\/uploads\/2022\/12\/Rich-Rocket-Telegram-Review-333x135.jpg 333w\" sizes=\"(max-width: 816px) 100vw, 816px\" \/><\/a><p id=\"caption-attachment-111\" class=\"wp-caption-text\">Rich Rocket Telegram recension<\/p><\/div>\n<div style=\"text-align: center;\"><a class=\"glow-button\" href=\"\/sv\/go\/registration\/\">Rich Rocket Bot<\/a><\/div>\n<h2><span class=\"ez-toc-section\" id=\"Rich_Rocket_Telegram_Bot\"><\/span>Rich Rocket Telegram Bot<span class=\"ez-toc-section-end\"><\/span><\/h2>\n<p>Om du \u00e4r en ambiti\u00f6s spelare \u00e4r Rich Rocket Bot den perfekta f\u00f6ljeslagaren f\u00f6r dig. F\u00e5 den mest uppdaterade informationen om aktuella marknadstrender och f\u00f6rh\u00e5llanden \u2013 allt p\u00e5 ett st\u00e4lle! Missa inte n\u00e5gra av de senaste nyheterna; med Rich Rocket Telegram Review \u00e4r framg\u00e5ng bara ett klick bort!<\/p><script data-noptimize=\"\" data-wpfc-render=\"false\">\n\/* <![CDATA[ *\/\nfpm_start( \"true\" );\n\/* ]]> *\/\n<\/script>\n\n<p>Anv\u00e4ndare har inget att frukta n\u00e4r det kommer till att lita p\u00e5 det h\u00e4r programmet \u2013 det \u00e4r s\u00e4kert, korrekt och genuint f\u00f6rdelaktigt f\u00f6r framg\u00e5ng p\u00e5 slotspel. Ladda ner den nu f\u00f6r en chans att n\u00e5 st\u00f6rsta framg\u00e5ng!<\/p>\n<p>Missa inte din chans att bli en vinnare med Rich Rocket India! Ladda ner appen nu och b\u00f6rja din resa \u2013 det \u00e4r dags att g\u00e5 vidare.<\/p>\n<h2><span class=\"ez-toc-section\" id=\"Conclusion\"><\/span>Slutsats<span class=\"ez-toc-section-end\"><\/span><\/h2>\n<p>F\u00e5 konkurrensf\u00f6rdelar med Rich Rocket! 97% noggrannhetsgrad och tillg\u00e5ng till erfarna spelare i telegramgruppen f\u00f6r att ge dig de b\u00e4sta r\u00e5den. Ladda ner det gratis och ta ditt spelande till n\u00e4sta niv\u00e5 \u2013 kompatibel med alla enheter, s\u00e5 att du kan ta med dig ditt A-spel vart du \u00e4n g\u00e5r.<\/p>\n<div style=\"height: 0px; overflow: hidden; padding-top: 56.25%; position: relative; width: 100%;\"><iframe style=\"position: absolute; top: 0px; left: 0px; width: 100%; height: 100%;\" title=\"YouTube videospelare\" src=\"https:\/\/tube.rvere.com\/embed?v=9FOIAl95Cyw\" frameborder=\"0\" allowfullscreen=\"allowfullscreen\"><br \/>\n<\/iframe><\/div>\n<div class=\"fpm_end\"><\/div>\n<div class=\"author-card author-card--top\"><img alt='Profilbild' src='https:\/\/richrocketgame.com\/wp-content\/uploads\/2023\/03\/Paulo-Dornelas-130x130.jpg' srcset='https:\/\/richrocketgame.com\/wp-content\/uploads\/2023\/03\/Paulo-Dornelas-260x260.jpg 2x' class='avatar avatar-130 photo author-image' height='130' width='130' \/><div class=\"author-content text-md-center\"><span class=\"author-title\">F\u00f6rfattare<\/span><a href=\"https:\/\/richrocketgame.com\/sv\/author\/paulo-dornelas\/\" class=\"author-name\">Paulo Dornelas<\/a><p class=\"author__details\">Paulo Dornelas \u00e4r en expert p\u00e5 spel som har \u00e4gnat sitt liv \u00e5t att f\u00f6rst\u00e5 branschen och hj\u00e4lpa andra att tj\u00e4na pengar p\u00e5 den. Han \u00e4r ocks\u00e5 en ivrig resen\u00e4r och \u00e4lskar att utforska nya platser. Paulos kunskap om spelande och hans passion f\u00f6r resor g\u00f6r honom till den perfekta guiden f\u00f6r alla som vill g\u00f6ra rej\u00e4la vinster genom att satsa p\u00e5 sport eller spela casinospel.<\/p><\/div><!-- \/.author-content --><\/div>","protected":false},"excerpt":{"rendered":"<p>Spela Rich Rocket-spelet Trots s\u00e4kerhetsutvecklarnas b\u00e4sta anstr\u00e4ngningar hittar hackare fortfarande s\u00e4tt att kringg\u00e5 dessa skydds\u00e5tg\u00e4rder - vilket Rich Rocket-boten visade. Denna kraftfulla programvara ger anv\u00e4ndarna en bred upps\u00e4ttning verktyg s\u00e5 att de exakt kan f\u00f6ruts\u00e4ga resultat och dra nytta av spel. \u00c4nd\u00e5 har skadliga akt\u00f6rer missbrukat denna kunskap f\u00f6r sina egna [...]<\/p>","protected":false},"author":2,"featured_media":0,"parent":0,"menu_order":0,"comment_status":"closed","ping_status":"closed","template":"page-no-sidebar.php","meta":{"footnotes":""},"class_list":["post-107","page","type-page","status-publish","hentry"],"yoast_head":"<!-- This site is optimized with the Yoast SEO plugin v26.7 - https:\/\/yoast.com\/wordpress\/plugins\/seo\/ -->\n<title>Rich Rocket Bot Telegram - Rich Rocket India<\/title>\n<meta name=\"description\" content=\"How to Find Rich Rocket Telegram channel and try the application Rich Rocket Bot? Download Bot for Rich Rocket Game India and Start Predict!\" \/>\n<meta name=\"robots\" content=\"index, follow, max-snippet:-1, max-image-preview:large, max-video-preview:-1\" \/>\n<link rel=\"canonical\" href=\"https:\/\/richrocketgame.com\/sv\/rich-rocket-bot-telegram\/\" \/>\n<meta property=\"og:locale\" content=\"sv_SE\" \/>\n<meta property=\"og:type\" content=\"article\" \/>\n<meta property=\"og:title\" content=\"Rich Rocket Bot Telegram - Rich Rocket India\" \/>\n<meta property=\"og:description\" content=\"How to Find Rich Rocket Telegram channel and try the application Rich Rocket Bot? Download Bot for Rich Rocket Game India and Start Predict!\" \/>\n<meta property=\"og:url\" content=\"https:\/\/richrocketgame.com\/sv\/rich-rocket-bot-telegram\/\" \/>\n<meta property=\"og:site_name\" content=\"Rich Rocket Game\" \/>\n<meta property=\"article:modified_time\" content=\"2024-03-13T20:18:24+00:00\" \/>\n<meta property=\"og:image\" content=\"https:\/\/richrocketgame.com\/wp-content\/uploads\/2022\/12\/Rich-Rocket-India.jpg\" \/>\n<meta name=\"twitter:card\" content=\"summary_large_image\" \/>\n<meta name=\"twitter:label1\" content=\"Ber\u00e4knad l\u00e4stid\" \/>\n\t<meta name=\"twitter:data1\" content=\"5 minuter\" \/>\n<!-- \/ Yoast SEO plugin. -->","yoast_head_json":{"title":"Rich Rocket Bot Telegram - Rich Rocket Indien","description":"Hur hittar man Rich Rocket Telegram-kanal och provar applikationen Rich Rocket Bot? Ladda ner bot f\u00f6r Rich Rocket Game India och b\u00f6rja f\u00f6ruts\u00e4ga!","robots":{"index":"index","follow":"follow","max-snippet":"max-snippet:-1","max-image-preview":"max-image-preview:large","max-video-preview":"max-video-preview:-1"},"canonical":"https:\/\/richrocketgame.com\/sv\/rich-rocket-bot-telegram\/","og_locale":"sv_SE","og_type":"article","og_title":"Rich Rocket Bot Telegram - Rich Rocket India","og_description":"How to Find Rich Rocket Telegram channel and try the application Rich Rocket Bot? Download Bot for Rich Rocket Game India and Start Predict!","og_url":"https:\/\/richrocketgame.com\/sv\/rich-rocket-bot-telegram\/","og_site_name":"Rich Rocket Game","article_modified_time":"2024-03-13T20:18:24+00:00","og_image":[{"url":"https:\/\/richrocketgame.com\/wp-content\/uploads\/2022\/12\/Rich-Rocket-India.jpg","type":"","width":"","height":""}],"twitter_card":"summary_large_image","twitter_misc":{"Ber\u00e4knad l\u00e4stid":"5 minuter"},"schema":{"@context":"https:\/\/schema.org","@graph":[{"@type":"WebPage","@id":"https:\/\/richrocketgame.com\/rich-rocket-bot-telegram\/","url":"https:\/\/richrocketgame.com\/rich-rocket-bot-telegram\/","name":"Rich Rocket Bot Telegram - Rich Rocket Indien","isPartOf":{"@id":"https:\/\/richrocketgame.com\/#website"},"primaryImageOfPage":{"@id":"https:\/\/richrocketgame.com\/rich-rocket-bot-telegram\/#primaryimage"},"image":{"@id":"https:\/\/richrocketgame.com\/rich-rocket-bot-telegram\/#primaryimage"},"thumbnailUrl":"https:\/\/richrocketgame.com\/wp-content\/uploads\/2022\/12\/Rich-Rocket-India.jpg","datePublished":"2022-12-27T13:47:24+00:00","dateModified":"2024-03-13T20:18:24+00:00","description":"Hur hittar man Rich Rocket Telegram-kanal och provar applikationen Rich Rocket Bot? Ladda ner bot f\u00f6r Rich Rocket Game India och b\u00f6rja f\u00f6ruts\u00e4ga!","breadcrumb":{"@id":"https:\/\/richrocketgame.com\/rich-rocket-bot-telegram\/#breadcrumb"},"inLanguage":"sv-SE","potentialAction":[{"@type":"ReadAction","target":["https:\/\/richrocketgame.com\/rich-rocket-bot-telegram\/"]}]},{"@type":"ImageObject","inLanguage":"sv-SE","@id":"https:\/\/richrocketgame.com\/rich-rocket-bot-telegram\/#primaryimage","url":"https:\/\/richrocketgame.com\/wp-content\/uploads\/2022\/12\/Rich-Rocket-India.jpg","contentUrl":"https:\/\/richrocketgame.com\/wp-content\/uploads\/2022\/12\/Rich-Rocket-India.jpg"},{"@type":"BreadcrumbList","@id":"https:\/\/richrocketgame.com\/rich-rocket-bot-telegram\/#breadcrumb","itemListElement":[{"@type":"ListItem","position":1,"name":"\u0413\u043b\u0430\u0432\u043d\u0430\u044f \u0441\u0442\u0440\u0430\u043d\u0438\u0446\u0430","item":"https:\/\/richrocketgame.com\/"},{"@type":"ListItem","position":2,"name":"Rich Rocket Bot Telegram"}]},{"@type":"WebSite","@id":"https:\/\/richrocketgame.com\/#website","url":"https:\/\/richrocketgame.com\/","name":"Rich Rocket-spel","description":"","publisher":{"@id":"https:\/\/richrocketgame.com\/#organization"},"potentialAction":[{"@type":"SearchAction","target":{"@type":"EntryPoint","urlTemplate":"https:\/\/richrocketgame.com\/?s={search_term_string}"},"query-input":{"@type":"PropertyValueSpecification","valueRequired":true,"valueName":"search_term_string"}}],"inLanguage":"sv-SE"},{"@type":"Organization","@id":"https:\/\/richrocketgame.com\/#organization","name":"Rich Rocket-spel","url":"https:\/\/richrocketgame.com\/","logo":{"@type":"ImageObject","inLanguage":"sv-SE","@id":"https:\/\/richrocketgame.com\/#\/schema\/logo\/image\/","url":"https:\/\/richrocketgame.com\/wp-content\/uploads\/2022\/09\/Rich-Rocket-earning-app.png","contentUrl":"https:\/\/richrocketgame.com\/wp-content\/uploads\/2022\/09\/Rich-Rocket-earning-app.png","width":512,"height":512,"caption":"Rich Rocket Game"},"image":{"@id":"https:\/\/richrocketgame.com\/#\/schema\/logo\/image\/"}}]}},"_links":{"self":[{"href":"https:\/\/richrocketgame.com\/sv\/wp-json\/wp\/v2\/pages\/107","targetHints":{"allow":["GET"]}}],"collection":[{"href":"https:\/\/richrocketgame.com\/sv\/wp-json\/wp\/v2\/pages"}],"about":[{"href":"https:\/\/richrocketgame.com\/sv\/wp-json\/wp\/v2\/types\/page"}],"author":[{"embeddable":true,"href":"https:\/\/richrocketgame.com\/sv\/wp-json\/wp\/v2\/users\/2"}],"replies":[{"embeddable":true,"href":"https:\/\/richrocketgame.com\/sv\/wp-json\/wp\/v2\/comments?post=107"}],"version-history":[{"count":0,"href":"https:\/\/richrocketgame.com\/sv\/wp-json\/wp\/v2\/pages\/107\/revisions"}],"wp:attachment":[{"href":"https:\/\/richrocketgame.com\/sv\/wp-json\/wp\/v2\/media?parent=107"}],"curies":[{"name":"wp","href":"https:\/\/api.w.org\/{rel}","templated":true}]}}