{"id":1039,"date":"2025-02-11T18:44:02","date_gmt":"2025-02-11T15:44:02","guid":{"rendered":"https:\/\/richrocketgame.com\/?page_id=1039"},"modified":"2025-08-01T11:18:06","modified_gmt":"2025-08-01T08:18:06","slug":"jungle-queen-slot","status":"publish","type":"page","link":"https:\/\/richrocketgame.com\/sv\/jungle-queen-slot\/","title":{"rendered":"Jungle Queen spelautomat-demo"},"content":{"rendered":"<div class=\"fpm_start\"><\/div>\n<p>Jungle Queen, som \u00e4r planerad att sl\u00e4ppas den 20 februari 2025, kommer att ta med spelarna till regnskogens drottning. Ett g\u00e4stv\u00e4nligt v\u00e4lkomnande v\u00e4ntar dig p\u00e5 en 5\u00d73-spelplan med 20 vinstlinjer. Lyckliga spelare som behagar drottningen kan vinna x10.000. Jungle Queen fr\u00e5n BGaming har fyra bonusfunktioner som g\u00f6r varje snurr of\u00f6ruts\u00e4gbart.<\/p>\n<div style=\"text-align: center;\"><a class=\"glow-button\" href=\"\/sv\/go\/registration\/\" rel=\"noreferrer noopener nofollow\">Spela spelautomat<\/a><\/div>\n<table>\n<tbody>\n<tr>\n<td>Utgivningsdatum<\/td>\n<td>20 februari 2025<\/td>\n<\/tr>\n<tr>\n<td>Rullar<\/td>\n<td>5<\/td>\n<\/tr>\n<tr>\n<td>Rader<\/td>\n<td>3<\/td>\n<\/tr>\n<tr>\n<td>RTP<\/td>\n<td>96,15%<\/td>\n<\/tr>\n<tr>\n<td>Volatilitet<\/td>\n<td>H\u00f6g<\/td>\n<\/tr>\n<tr>\n<td>Vinnande linjer<\/td>\n<td>20<\/td>\n<\/tr>\n<tr>\n<td>Maximal vinst<\/td>\n<td>\u044510 000<\/td>\n<\/tr>\n<\/tbody>\n<\/table>\n<p>&nbsp;<\/p>\n<div id=\"ez-toc-container\" class=\"ez-toc-v2_0_62 counter-hierarchy ez-toc-counter ez-toc-grey ez-toc-container-direction\">\n<div class=\"ez-toc-title-container\">\n<p class=\"ez-toc-title\" >Inneh\u00e5llsf\u00f6rteckning<\/p>\n<span class=\"ez-toc-title-toggle\"><a href=\"#\" class=\"ez-toc-pull-right ez-toc-btn ez-toc-btn-xs ez-toc-btn-default ez-toc-toggle\" aria-label=\"V\u00e4xla inneh\u00e5llsf\u00f6rteckning\"><span class=\"ez-toc-js-icon-con\"><span class=\"\"><span class=\"eztoc-hide\" style=\"display:none;\">V\u00e4xla<\/span><span class=\"ez-toc-icon-toggle-span\"><svg style=\"fill: #999;color:#999\" xmlns=\"http:\/\/www.w3.org\/2000\/svg\" class=\"list-377408\" width=\"20px\" height=\"20px\" viewbox=\"0 0 24 24\" fill=\"none\"><path d=\"M6 6H4v2h2V6zm14 0H8v2h12V6zM4 11h2v2H4v-2zm16 0H8v2h12v-2zM4 16h2v2H4v-2zm16 0H8v2h12v-2z\" fill=\"currentColor\"><\/path><\/svg><svg style=\"fill: #999;color:#999\" class=\"arrow-unsorted-368013\" xmlns=\"http:\/\/www.w3.org\/2000\/svg\" width=\"10px\" height=\"10px\" viewbox=\"0 0 24 24\" version=\"1.2\" baseprofile=\"tiny\"><path d=\"M18.2 9.3l-6.2-6.3-6.2 6.3c-.2.2-.3.4-.3.7s.1.5.3.7c.2.2.4.3.7.3h11c.3 0 .5-.1.7-.3.2-.2.3-.5.3-.7s-.1-.5-.3-.7zM5.8 14.7l6.2 6.3 6.2-6.3c.2-.2.3-.5.3-.7s-.1-.5-.3-.7c-.2-.2-.4-.3-.7-.3h-11c-.3 0-.5.1-.7.3-.2.2-.3.5-.3.7s.1.5.3.7z\"\/><\/svg><\/span><\/span><\/span><\/a><\/span><\/div>\n<nav><ul class='ez-toc-list ez-toc-list-level-1 eztoc-toggle-hide-by-default' ><li class='ez-toc-page-1 ez-toc-heading-level-2'><a class=\"ez-toc-link ez-toc-heading-1\" href=\"https:\/\/richrocketgame.com\/sv\/jungle-queen-slot\/#What_we_Know_About_the_Jungle_Queen_Game\" title=\"Vad vi vet om spelet Jungle Queen\">Vad vi vet om spelet Jungle Queen<\/a><ul class='ez-toc-list-level-3' ><li class='ez-toc-heading-level-3'><a class=\"ez-toc-link ez-toc-heading-2\" href=\"https:\/\/richrocketgame.com\/sv\/jungle-queen-slot\/#Bonus_Features_of_the_Slot\" title=\"Bonusfunktioner i Sloten\">Bonusfunktioner i Sloten<\/a><\/li><\/ul><\/li><li class='ez-toc-page-1 ez-toc-heading-level-2'><a class=\"ez-toc-link ez-toc-heading-3\" href=\"https:\/\/richrocketgame.com\/sv\/jungle-queen-slot\/#Why_play_the_Jungle_Queen_slot\" title=\"Varf\u00f6r spela Jungle Queen slot?\">Varf\u00f6r spela Jungle Queen slot?<\/a><\/li><li class='ez-toc-page-1 ez-toc-heading-level-2'><a class=\"ez-toc-link ez-toc-heading-4\" href=\"https:\/\/richrocketgame.com\/sv\/jungle-queen-slot\/#FAQ\" title=\"VANLIGA FR\u00c5GOR\">VANLIGA FR\u00c5GOR<\/a><ul class='ez-toc-list-level-3' ><li class='ez-toc-heading-level-3'><a class=\"ez-toc-link ez-toc-heading-5\" href=\"https:\/\/richrocketgame.com\/sv\/jungle-queen-slot\/#Is_there_a_jackpot_in_Jungle_Queen\" title=\"Finns det en jackpot i Jungle Queen?\">Finns det en jackpot i Jungle Queen?<\/a><\/li><li class='ez-toc-page-1 ez-toc-heading-level-3'><a class=\"ez-toc-link ez-toc-heading-6\" href=\"https:\/\/richrocketgame.com\/sv\/jungle-queen-slot\/#Does_BGaming_plan_to_release_Jungle_Queen_Demo\" title=\"Planerar BGaming att sl\u00e4ppa Jungle Queen Demo?\">Planerar BGaming att sl\u00e4ppa Jungle Queen Demo?<\/a><\/li><li class='ez-toc-page-1 ez-toc-heading-level-3'><a class=\"ez-toc-link ez-toc-heading-7\" href=\"https:\/\/richrocketgame.com\/sv\/jungle-queen-slot\/#What_are_the_main_features_of_the_slot\" title=\"Vilka \u00e4r de viktigaste funktionerna i spelautomaten?\">Vilka \u00e4r de viktigaste funktionerna i spelautomaten?<\/a><\/li><\/ul><\/li><\/ul><\/nav><\/div>\n<h2><span class=\"ez-toc-section\" id=\"What_we_Know_About_the_Jungle_Queen_Game\"><\/span>Vad vi vet om spelet Jungle Queen<span class=\"ez-toc-section-end\"><\/span><\/h2>\n<p>Jungle Queen kasinospel inbjuder spelare att hitta skatter i en mystisk djungel. Stilistiskt balanserar spelet mellan djur- och magiska teman. Du kommer att se kortsymboler p\u00e5 l\u00e5g niv\u00e5 och djursymboler p\u00e5 h\u00f6g niv\u00e5 p\u00e5 hjulen.<\/p>\n<p>BGaming har satt en h\u00f6g maximal vinst p\u00e5 $250.000. Det finns ingen specifik information om storleken p\u00e5 insatserna \u00e4nnu, men leverant\u00f6ren lovar att spelet \u00e4r utformat f\u00f6r olika budgetar. Om du best\u00e4mmer dig f\u00f6r att spela Jungle Queen kan du f\u00f6rv\u00e4nta dig att tr\u00e4ffa vinnande kombinationer var 4-5 snurr.<\/p>\n<p><a href=\"https:\/\/richrocketgame.com\/sv\/go\/registration\/\" target=\"_blank\" rel=\"noreferrer noopener nofollow\"><img decoding=\"async\" class=\"aligncenter wp-image-1046\" src=\"https:\/\/richrocketgame.com\/wp-content\/uploads\/2025\/02\/jungle-queen-slot.jpg\" alt=\"Jungle Queen slot av BGaming.\" width=\"420\" height=\"512\" srcset=\"https:\/\/richrocketgame.com\/wp-content\/uploads\/2025\/02\/jungle-queen-slot.jpg 574w, https:\/\/richrocketgame.com\/wp-content\/uploads\/2025\/02\/jungle-queen-slot-246x300.jpg 246w, https:\/\/richrocketgame.com\/wp-content\/uploads\/2025\/02\/jungle-queen-slot-10x12.jpg 10w, https:\/\/richrocketgame.com\/wp-content\/uploads\/2025\/02\/jungle-queen-slot-33x40.jpg 33w, https:\/\/richrocketgame.com\/wp-content\/uploads\/2025\/02\/jungle-queen-slot-26x32.jpg 26w, https:\/\/richrocketgame.com\/wp-content\/uploads\/2025\/02\/jungle-queen-slot-66x80.jpg 66w, https:\/\/richrocketgame.com\/wp-content\/uploads\/2025\/02\/jungle-queen-slot-111x135.jpg 111w\" sizes=\"(max-width: 420px) 100vw, 420px\" \/><\/a><\/p>\n<h3><span class=\"ez-toc-section\" id=\"Bonus_Features_of_the_Slot\"><\/span>Bonusfunktioner i Sloten<span class=\"ez-toc-section-end\"><\/span><\/h3>\n<p>Spelet inneh\u00e5ller tv\u00e5 typer av Wild-symboler. F\u00f6rutom den traditionella \"Wild\"-symbolen kan fj\u00e4rilar dyka upp p\u00e5 hjulen och ers\u00e4tta alla andra symboler utom de speciella. I det h\u00e4r fallet \u00e4r det viktigt att h\u00e5lla ett \u00f6ga p\u00e5 panelen ovanf\u00f6r hjulen - den visar de symboler som fj\u00e4rilar inte f\u00f6rvandlas till i den dragningen.<\/p>\n<p>Andra bonusfunktioner i Jungle Queen online lovar \u00e4nnu st\u00f6rre vinster:<\/p>\n<ul>\n<li>Gratis snurr. Samla en kombination av 3 scatters f\u00f6r att f\u00e5 r\u00e4tt till 12 gratis k\u00f6rningar av hjulen.<\/li>\n<li>Mystiska fj\u00e4rilar. Under gratissnurr \u00e4r en multiplikator i kraft. Om du samlar ett visst antal fj\u00e4rilar \u00f6kar du multiplikatorn med 1, tar bort den minst betalda symbolen fr\u00e5n hjulen och f\u00e5r ytterligare tre gratissnurr.<\/li>\n<li>Drottningens guldmynt. Dessa specialsymboler kan dyka upp n\u00e4r som helst och ge omedelbara vinster p\u00e5 upp till 2 500 g\u00e5nger din insats.<\/li>\n<\/ul>\n<p>BGaming har lagt till en Bonus Buy-funktion i Jungle Queen, s\u00e5 att spelare kan k\u00f6pa intr\u00e4de till gratissnurrrundan f\u00f6r x100 av insatsen. Detta g\u00f6r att du kan hoppa rakt in i den mest intressanta delen av spelet.<\/p>\n<div style=\"text-align: center;\"><a class=\"glow-button\" href=\"\/sv\/go\/registration\/\">Prova Jungle Queen<\/a><\/div>\n<h2><span class=\"ez-toc-section\" id=\"Why_play_the_Jungle_Queen_slot\"><\/span>Varf\u00f6r spela Jungle Queen slot?<span class=\"ez-toc-section-end\"><\/span><\/h2>\n<p>Spelet f\u00f6rtj\u00e4nar uppm\u00e4rksamhet av flera sk\u00e4l:<\/p><script data-noptimize=\"\" data-wpfc-render=\"false\">\n\/* <![CDATA[ *\/\nfpm_start( \"true\" );\n\/* ]]> *\/\n<\/script>\n\n<ul>\n<li>Utm\u00e4rkt maximal vinst. Insatsen kan \u00f6ka 10.000 g\u00e5nger i en dragning.<\/li>\n<li>Guldmyntfunktion. Ett mynt med x2 500 av insatsen kan dyka upp p\u00e5 spelplanen n\u00e4r som helst.<\/li>\n<li>Gratis snurr. Bonusrundan har ytterligare funktioner som \u00f6kar chanserna att vinna.<\/li>\n<li>Design och stil. \u00c4ven om temat inte \u00e4r nytt har BGaming skapat en engagerande atmosf\u00e4r d\u00e4r du vill f\u00f6rdjupa dig.<\/li>\n<\/ul>\n<p>Markera lanseringsdatumet f\u00f6r Jungle Queen i din kalender och var en av de f\u00f6rsta som testar det p\u00e5 kasinot.<\/p>\n<p><a href=\"https:\/\/richrocketgame.com\/sv\/go\/registration\/\" target=\"_blank\" rel=\"noreferrer noopener nofollow\"><img decoding=\"async\" class=\"aligncenter wp-image-1053 size-full\" src=\"https:\/\/richrocketgame.com\/wp-content\/uploads\/2025\/02\/jungle-queen-casino-game.jpg\" alt=\"Jungle Queen kasinospel.\" width=\"992\" height=\"629\" srcset=\"https:\/\/richrocketgame.com\/wp-content\/uploads\/2025\/02\/jungle-queen-casino-game.jpg 992w, https:\/\/richrocketgame.com\/wp-content\/uploads\/2025\/02\/jungle-queen-casino-game-300x190.jpg 300w, https:\/\/richrocketgame.com\/wp-content\/uploads\/2025\/02\/jungle-queen-casino-game-768x487.jpg 768w, https:\/\/richrocketgame.com\/wp-content\/uploads\/2025\/02\/jungle-queen-casino-game-18x12.jpg 18w, https:\/\/richrocketgame.com\/wp-content\/uploads\/2025\/02\/jungle-queen-casino-game-63x40.jpg 63w, https:\/\/richrocketgame.com\/wp-content\/uploads\/2025\/02\/jungle-queen-casino-game-50x32.jpg 50w, https:\/\/richrocketgame.com\/wp-content\/uploads\/2025\/02\/jungle-queen-casino-game-126x80.jpg 126w, https:\/\/richrocketgame.com\/wp-content\/uploads\/2025\/02\/jungle-queen-casino-game-213x135.jpg 213w\" sizes=\"(max-width: 992px) 100vw, 992px\" \/><\/a><\/p>\n<h2><span class=\"ez-toc-section\" id=\"FAQ\"><\/span>VANLIGA FR\u00c5GOR<span class=\"ez-toc-section-end\"><\/span><\/h2>\n        <section class=\"sc_fs_faq sc_card\">\n            <div>\n\t\t\t\t<h3><span class=\"ez-toc-section\" id=\"Is_there_a_jackpot_in_Jungle_Queen\"><\/span>Finns det en jackpot i Jungle Queen?<span class=\"ez-toc-section-end\"><\/span><\/h3>                <div>\n\t\t\t\t\t                    <p>\n\t\t\t\t\t\tNej, leverant\u00f6ren har inte tillhandah\u00e5llit en jackpot i Jungle Queen. De maximala vinsterna i spelautomaten \u00e4r dock tillr\u00e4ckligt stora f\u00f6r att tillfredsst\u00e4lla de flesta spelares t\u00f6rst efter sp\u00e4nning.                    <\/p>\n                <\/div>\n            <\/div>\n        <\/section>\n\t\t        <section class=\"sc_fs_faq sc_card\">\n            <div>\n\t\t\t\t<h3><span class=\"ez-toc-section\" id=\"Does_BGaming_plan_to_release_Jungle_Queen_Demo\"><\/span>Planerar BGaming att sl\u00e4ppa Jungle Queen Demo?<span class=\"ez-toc-section-end\"><\/span><\/h3>                <div>\n\t\t\t\t\t                    <p>\n\t\t\t\t\t\tJa, gratisversionen av Jungle Queen kommer att visas samtidigt som spelet med riktiga pengar. Du kan prova nyheten i kasinot och p\u00e5 leverant\u00f6rens webbplats.                    <\/p>\n                <\/div>\n            <\/div>\n        <\/section>\n\t\t        <section class=\"sc_fs_faq sc_card\">\n            <div>\n\t\t\t\t<h3><span class=\"ez-toc-section\" id=\"What_are_the_main_features_of_the_slot\"><\/span>Vilka \u00e4r de viktigaste funktionerna i spelautomaten?<span class=\"ez-toc-section-end\"><\/span><\/h3>                <div>\n\t\t\t\t\t                    <p>\n\t\t\t\t\t\tFj\u00e4rilssymbolen kan ers\u00e4tta alla andra symboler p\u00e5 spelplanen. Dessutom erbjuder spelet en runda med gratissnurr och kungliga mynt som omedelbart kan ge x2.500 av insatsen.                    <\/p>\n                <\/div>\n            <\/div>\n        <\/section>\n\t\t\n<script type=\"application\/ld+json\">{\n    \"@context\": \"https:\\\/\\\/schema.org\",\n    \"@type\": \"FAQPage\",\n    \"mainEntity\": [\n        {\n            \"@type\": \"Question\",\n            \"name\": \"Is there a jackpot in Jungle Queen?\",\n            \"acceptedAnswer\": {\n                \"@type\": \"Answer\",\n                \"text\": \"No, the provider has not provided a jackpot in Jungle Queen. However, the maximum winnings in the slot are big enough to satisfy most players' thirst for excitement.\"\n            }\n        },\n        {\n            \"@type\": \"Question\",\n            \"name\": \"Does BGaming plan to release Jungle Queen Demo?\",\n            \"acceptedAnswer\": {\n                \"@type\": \"Answer\",\n                \"text\": \"Yes, the free version of Jungle Queen will appear simultaneously as the real money game. You can try out the novelty in the casino and on the provider's website.\"\n            }\n        },\n        {\n            \"@type\": \"Question\",\n            \"name\": \"What are the main features of the slot?\",\n            \"acceptedAnswer\": {\n                \"@type\": \"Answer\",\n                \"text\": \"The butterfly symbol can substitute for any other symbol on the playing field. In addition, the game offers a round of free spins and royal coins that can instantly bring x2,500 of the bet.\"\n            }\n        }\n    ]\n}<\/script>\n\n<div class=\"fpm_end\"><\/div>\n<div class=\"author-card author-card--top\"><img alt='Profilbild' src='https:\/\/richrocketgame.com\/wp-content\/uploads\/2023\/03\/Paulo-Dornelas-130x130.jpg' srcset='https:\/\/richrocketgame.com\/wp-content\/uploads\/2023\/03\/Paulo-Dornelas-260x260.jpg 2x' class='avatar avatar-130 photo author-image' height='130' width='130' \/><div class=\"author-content text-md-center\"><span class=\"author-title\">F\u00f6rfattare<\/span><a href=\"https:\/\/richrocketgame.com\/sv\/author\/paulo-dornelas\/\" class=\"author-name\">Paulo Dornelas<\/a><p class=\"author__details\">Paulo Dornelas \u00e4r en expert p\u00e5 spel som har \u00e4gnat sitt liv \u00e5t att f\u00f6rst\u00e5 branschen och hj\u00e4lpa andra att tj\u00e4na pengar p\u00e5 den. Han \u00e4r ocks\u00e5 en ivrig resen\u00e4r och \u00e4lskar att utforska nya platser. Paulos kunskap om spelande och hans passion f\u00f6r resor g\u00f6r honom till den perfekta guiden f\u00f6r alla som vill g\u00f6ra rej\u00e4la vinster genom att satsa p\u00e5 sport eller spela casinospel.<\/p><\/div><!-- \/.author-content --><\/div>","protected":false},"excerpt":{"rendered":"<p>Jungle Queen-sloten, planerad att sl\u00e4ppas den 20 februari 2025, kommer att ta spelare till dom\u00e4nen f\u00f6r regnskogens drottning. Ett g\u00e4stv\u00e4nligt v\u00e4lkomnande v\u00e4ntar dig p\u00e5 en 5\u00d73 spelplan med 20 vinstlinjer. Lyckliga spelare som behagar drottningen kan vinna x10 000. Jungle Queen av BGaming har fyra bonusfunktioner som g\u00f6r [\u2026]<\/p>","protected":false},"author":2,"featured_media":0,"parent":0,"menu_order":0,"comment_status":"closed","ping_status":"closed","template":"page-no-sidebar.php","meta":{"footnotes":""},"class_list":["post-1039","page","type-page","status-publish","hentry"],"yoast_head":"<!-- This site is optimized with the Yoast SEO plugin v26.7 - https:\/\/yoast.com\/wordpress\/plugins\/seo\/ -->\n<title>Jungle Queen Slot (BGaming) Demo - RTP, Paytable and Volatility<\/title>\n<meta name=\"description\" content=\"Get ready for the release of Jungle Queen from BGaming. Learn more about the slot in our review. Key parameters of the Jungle Queen game.\" \/>\n<meta name=\"robots\" content=\"index, follow, max-snippet:-1, max-image-preview:large, max-video-preview:-1\" \/>\n<link rel=\"canonical\" href=\"https:\/\/richrocketgame.com\/sv\/jungle-queen-slot\/\" \/>\n<meta property=\"og:locale\" content=\"sv_SE\" \/>\n<meta property=\"og:type\" content=\"article\" \/>\n<meta property=\"og:title\" content=\"Jungle Queen Slot (BGaming) Demo - RTP, Paytable and Volatility\" \/>\n<meta property=\"og:description\" content=\"Get ready for the release of Jungle Queen from BGaming. Learn more about the slot in our review. Key parameters of the Jungle Queen game.\" \/>\n<meta property=\"og:url\" content=\"https:\/\/richrocketgame.com\/sv\/jungle-queen-slot\/\" \/>\n<meta property=\"og:site_name\" content=\"Rich Rocket Game\" \/>\n<meta property=\"article:modified_time\" content=\"2025-08-01T08:18:06+00:00\" \/>\n<meta property=\"og:image\" content=\"https:\/\/richrocketgame.com\/wp-content\/uploads\/2025\/02\/jungle-queen-slot.jpg\" \/>\n<meta name=\"twitter:card\" content=\"summary_large_image\" \/>\n<meta name=\"twitter:label1\" content=\"Ber\u00e4knad l\u00e4stid\" \/>\n\t<meta name=\"twitter:data1\" content=\"4 minuter\" \/>\n<!-- \/ Yoast SEO plugin. -->","yoast_head_json":{"title":"Jungle Queen Slot (BGaming) Demo - RTP, vinsttabell och volatilitet","description":"G\u00f6r dig redo f\u00f6r lanseringen av Jungle Queen fr\u00e5n BGaming. L\u00e4r dig mer om spelautomaten i v\u00e5r recension. Viktiga parametrar f\u00f6r Jungle Queen-spelet.","robots":{"index":"index","follow":"follow","max-snippet":"max-snippet:-1","max-image-preview":"max-image-preview:large","max-video-preview":"max-video-preview:-1"},"canonical":"https:\/\/richrocketgame.com\/sv\/jungle-queen-slot\/","og_locale":"sv_SE","og_type":"article","og_title":"Jungle Queen Slot (BGaming) Demo - RTP, Paytable and Volatility","og_description":"Get ready for the release of Jungle Queen from BGaming. Learn more about the slot in our review. Key parameters of the Jungle Queen game.","og_url":"https:\/\/richrocketgame.com\/sv\/jungle-queen-slot\/","og_site_name":"Rich Rocket Game","article_modified_time":"2025-08-01T08:18:06+00:00","og_image":[{"url":"https:\/\/richrocketgame.com\/wp-content\/uploads\/2025\/02\/jungle-queen-slot.jpg","type":"","width":"","height":""}],"twitter_card":"summary_large_image","twitter_misc":{"Ber\u00e4knad l\u00e4stid":"4 minuter"},"schema":{"@context":"https:\/\/schema.org","@graph":[{"@type":"WebPage","@id":"https:\/\/richrocketgame.com\/jungle-queen-slot\/","url":"https:\/\/richrocketgame.com\/jungle-queen-slot\/","name":"Jungle Queen Slot (BGaming) Demo - RTP, vinsttabell och volatilitet","isPartOf":{"@id":"https:\/\/richrocketgame.com\/#website"},"primaryImageOfPage":{"@id":"https:\/\/richrocketgame.com\/jungle-queen-slot\/#primaryimage"},"image":{"@id":"https:\/\/richrocketgame.com\/jungle-queen-slot\/#primaryimage"},"thumbnailUrl":"https:\/\/richrocketgame.com\/wp-content\/uploads\/2025\/02\/jungle-queen-slot.jpg","datePublished":"2025-02-11T15:44:02+00:00","dateModified":"2025-08-01T08:18:06+00:00","description":"G\u00f6r dig redo f\u00f6r lanseringen av Jungle Queen fr\u00e5n BGaming. L\u00e4r dig mer om spelautomaten i v\u00e5r recension. Viktiga parametrar f\u00f6r Jungle Queen-spelet.","breadcrumb":{"@id":"https:\/\/richrocketgame.com\/jungle-queen-slot\/#breadcrumb"},"inLanguage":"sv-SE","potentialAction":[{"@type":"ReadAction","target":["https:\/\/richrocketgame.com\/jungle-queen-slot\/"]}]},{"@type":"ImageObject","inLanguage":"sv-SE","@id":"https:\/\/richrocketgame.com\/jungle-queen-slot\/#primaryimage","url":"https:\/\/richrocketgame.com\/wp-content\/uploads\/2025\/02\/jungle-queen-slot.jpg","contentUrl":"https:\/\/richrocketgame.com\/wp-content\/uploads\/2025\/02\/jungle-queen-slot.jpg"},{"@type":"BreadcrumbList","@id":"https:\/\/richrocketgame.com\/jungle-queen-slot\/#breadcrumb","itemListElement":[{"@type":"ListItem","position":1,"name":"\u0413\u043b\u0430\u0432\u043d\u0430\u044f \u0441\u0442\u0440\u0430\u043d\u0438\u0446\u0430","item":"https:\/\/richrocketgame.com\/"},{"@type":"ListItem","position":2,"name":"Jungle Queen Slot Demo"}]},{"@type":"WebSite","@id":"https:\/\/richrocketgame.com\/#website","url":"https:\/\/richrocketgame.com\/","name":"Rich Rocket-spel","description":"","publisher":{"@id":"https:\/\/richrocketgame.com\/#organization"},"potentialAction":[{"@type":"SearchAction","target":{"@type":"EntryPoint","urlTemplate":"https:\/\/richrocketgame.com\/?s={search_term_string}"},"query-input":{"@type":"PropertyValueSpecification","valueRequired":true,"valueName":"search_term_string"}}],"inLanguage":"sv-SE"},{"@type":"Organization","@id":"https:\/\/richrocketgame.com\/#organization","name":"Rich Rocket-spel","url":"https:\/\/richrocketgame.com\/","logo":{"@type":"ImageObject","inLanguage":"sv-SE","@id":"https:\/\/richrocketgame.com\/#\/schema\/logo\/image\/","url":"https:\/\/richrocketgame.com\/wp-content\/uploads\/2022\/09\/Rich-Rocket-earning-app.png","contentUrl":"https:\/\/richrocketgame.com\/wp-content\/uploads\/2022\/09\/Rich-Rocket-earning-app.png","width":512,"height":512,"caption":"Rich Rocket Game"},"image":{"@id":"https:\/\/richrocketgame.com\/#\/schema\/logo\/image\/"}}]}},"_links":{"self":[{"href":"https:\/\/richrocketgame.com\/sv\/wp-json\/wp\/v2\/pages\/1039","targetHints":{"allow":["GET"]}}],"collection":[{"href":"https:\/\/richrocketgame.com\/sv\/wp-json\/wp\/v2\/pages"}],"about":[{"href":"https:\/\/richrocketgame.com\/sv\/wp-json\/wp\/v2\/types\/page"}],"author":[{"embeddable":true,"href":"https:\/\/richrocketgame.com\/sv\/wp-json\/wp\/v2\/users\/2"}],"replies":[{"embeddable":true,"href":"https:\/\/richrocketgame.com\/sv\/wp-json\/wp\/v2\/comments?post=1039"}],"version-history":[{"count":0,"href":"https:\/\/richrocketgame.com\/sv\/wp-json\/wp\/v2\/pages\/1039\/revisions"}],"wp:attachment":[{"href":"https:\/\/richrocketgame.com\/sv\/wp-json\/wp\/v2\/media?parent=1039"}],"curies":[{"name":"wp","href":"https:\/\/api.w.org\/{rel}","templated":true}]}}