{"id":35,"date":"2022-09-01T18:01:28","date_gmt":"2022-09-01T15:01:28","guid":{"rendered":"https:\/\/richrocketgame.com\/?page_id=35"},"modified":"2024-12-27T14:14:09","modified_gmt":"2024-12-27T11:14:09","slug":"rich-rocket-app","status":"publish","type":"page","link":"https:\/\/richrocketgame.com\/pt\/rich-rocket-app\/","title":{"rendered":"Fa\u00e7a o download do aplicativo Rich Rocket para dispositivos m\u00f3veis"},"content":{"rendered":"<div class=\"fpm_start\"><\/div>\n<div style=\"text-align: center;\"><a class=\"glow-button\" href=\"\/pt\/go\/registration\/\">Jogue o aplicativo Rich Rocket \ud83d\udcf1<\/a><\/div>\n<div id=\"attachment_36\" style=\"width: 994px\" class=\"wp-caption aligncenter\"><a href=\"https:\/\/richrocketgame.com\/pt\/go\/registration\/\"><img decoding=\"async\" aria-describedby=\"caption-attachment-36\" class=\"wp-image-36 size-large\" title=\"Baixar o jogo Rich Rocket\" src=\"https:\/\/richrocketgame.com\/wp-content\/uploads\/2022\/09\/Rich-Rocket-Game-Download-1024x442.jpg\" alt=\"Baixar o jogo Rich Rocket\" width=\"994\" height=\"429\" srcset=\"https:\/\/richrocketgame.com\/wp-content\/uploads\/2022\/09\/Rich-Rocket-Game-Download-1024x442.jpg 1024w, https:\/\/richrocketgame.com\/wp-content\/uploads\/2022\/09\/Rich-Rocket-Game-Download-300x129.jpg 300w, https:\/\/richrocketgame.com\/wp-content\/uploads\/2022\/09\/Rich-Rocket-Game-Download-768x331.jpg 768w, https:\/\/richrocketgame.com\/wp-content\/uploads\/2022\/09\/Rich-Rocket-Game-Download-93x40.jpg 93w, https:\/\/richrocketgame.com\/wp-content\/uploads\/2022\/09\/Rich-Rocket-Game-Download-1170x505.jpg 1170w, https:\/\/richrocketgame.com\/wp-content\/uploads\/2022\/09\/Rich-Rocket-Game-Download-74x32.jpg 74w, https:\/\/richrocketgame.com\/wp-content\/uploads\/2022\/09\/Rich-Rocket-Game-Download-186x80.jpg 186w, https:\/\/richrocketgame.com\/wp-content\/uploads\/2022\/09\/Rich-Rocket-Game-Download-313x135.jpg 313w, https:\/\/richrocketgame.com\/wp-content\/uploads\/2022\/09\/Rich-Rocket-Game-Download.jpg 1484w\" sizes=\"(max-width: 994px) 100vw, 994px\" \/><\/a><p id=\"caption-attachment-36\" class=\"wp-caption-text\">Baixar o jogo Rich Rocket<\/p><\/div>\n<p>Com seus sorteios r\u00e1pidos, o\u00a0<a href=\"https:\/\/richrocketgame.com\/pt\/\">Jogo Rich Rocket<\/a>\u00a0\u00e9 ideal para dispositivos m\u00f3veis. Um jogador pode fazer uma aposta a qualquer momento: enquanto faz uma pausa no trabalho, usa o transporte p\u00fablico ou janta fora. O aplicativo Rocket crash earning permite que voc\u00ea aumente sua banca v\u00e1rias vezes em apenas alguns minutos e continue com suas atividades di\u00e1rias.<\/p>\n<p>O ca\u00e7a-n\u00edqueis est\u00e1 inclu\u00eddo no portf\u00f3lio dos maiores cassinos, portanto, encontr\u00e1-lo n\u00e3o ser\u00e1 um problema. Escolha os b\u00f4nus mais adequados e fa\u00e7a o download do jogo Rich Rocket para ter acesso a grandes ganhos. Voc\u00ea pode ser o \u00fanico a alcan\u00e7ar o multiplicador de 1000x.<\/p>\n<div id=\"ez-toc-container\" class=\"ez-toc-v2_0_62 counter-hierarchy ez-toc-counter ez-toc-grey ez-toc-container-direction\">\n<div class=\"ez-toc-title-container\">\n<p class=\"ez-toc-title\" >\u00cdndice<\/p>\n<span class=\"ez-toc-title-toggle\"><a href=\"#\" class=\"ez-toc-pull-right ez-toc-btn ez-toc-btn-xs ez-toc-btn-default ez-toc-toggle\" aria-label=\"Alternar Tabela de Conte\u00fado\"><span class=\"ez-toc-js-icon-con\"><span class=\"\"><span class=\"eztoc-hide\" style=\"display:none;\">Alternar<\/span><span class=\"ez-toc-icon-toggle-span\"><svg style=\"fill: #999;color:#999\" xmlns=\"http:\/\/www.w3.org\/2000\/svg\" class=\"list-377408\" width=\"20px\" height=\"20px\" viewbox=\"0 0 24 24\" fill=\"none\"><path d=\"M6 6H4v2h2V6zm14 0H8v2h12V6zM4 11h2v2H4v-2zm16 0H8v2h12v-2zM4 16h2v2H4v-2zm16 0H8v2h12v-2z\" fill=\"currentColor\"><\/path><\/svg><svg style=\"fill: #999;color:#999\" class=\"arrow-unsorted-368013\" xmlns=\"http:\/\/www.w3.org\/2000\/svg\" width=\"10px\" height=\"10px\" viewbox=\"0 0 24 24\" version=\"1.2\" baseprofile=\"tiny\"><path d=\"M18.2 9.3l-6.2-6.3-6.2 6.3c-.2.2-.3.4-.3.7s.1.5.3.7c.2.2.4.3.7.3h11c.3 0 .5-.1.7-.3.2-.2.3-.5.3-.7s-.1-.5-.3-.7zM5.8 14.7l6.2 6.3 6.2-6.3c.2-.2.3-.5.3-.7s-.1-.5-.3-.7c-.2-.2-.4-.3-.7-.3h-11c-.3 0-.5.1-.7.3-.2.2-.3.5-.3.7s.1.5.3.7z\"\/><\/svg><\/span><\/span><\/span><\/a><\/span><\/div>\n<nav><ul class='ez-toc-list ez-toc-list-level-1 eztoc-toggle-hide-by-default' ><li class='ez-toc-page-1 ez-toc-heading-level-2'><a class=\"ez-toc-link ez-toc-heading-1\" href=\"https:\/\/richrocketgame.com\/pt\/rich-rocket-app\/#Where_can_you_find_the_Rich_Rocket_App\" title=\"Onde voc\u00ea pode encontrar o aplicativo Rich Rocket?\">Onde voc\u00ea pode encontrar o aplicativo Rich Rocket?<\/a><\/li><li class='ez-toc-page-1 ez-toc-heading-level-2'><a class=\"ez-toc-link ez-toc-heading-2\" href=\"https:\/\/richrocketgame.com\/pt\/rich-rocket-app\/#How_to_download_and_install_Rocket_Crash_Earning_App\" title=\"Como fazer o download e instalar o aplicativo Rocket Crash Earning?\">Como fazer o download e instalar o aplicativo Rocket Crash Earning?<\/a><ul class='ez-toc-list-level-3' ><li class='ez-toc-heading-level-3'><a class=\"ez-toc-link ez-toc-heading-3\" href=\"https:\/\/richrocketgame.com\/pt\/rich-rocket-app\/#What_devices_can_I_install_the_app_on\" title=\"Em quais dispositivos posso instalar o aplicativo?\">Em quais dispositivos posso instalar o aplicativo?<\/a><\/li><\/ul><\/li><li class='ez-toc-page-1 ez-toc-heading-level-2'><a class=\"ez-toc-link ez-toc-heading-4\" href=\"https:\/\/richrocketgame.com\/pt\/rich-rocket-app\/#Conclusion\" title=\"Conclus\u00e3o\">Conclus\u00e3o<\/a><\/li><li class='ez-toc-page-1 ez-toc-heading-level-2'><a class=\"ez-toc-link ez-toc-heading-5\" href=\"https:\/\/richrocketgame.com\/pt\/rich-rocket-app\/#FAQ\" title=\"FAQ\">FAQ<\/a><ul class='ez-toc-list-level-3' ><li class='ez-toc-heading-level-3'><a class=\"ez-toc-link ez-toc-heading-6\" href=\"https:\/\/richrocketgame.com\/pt\/rich-rocket-app\/#Are_there_any_bonuses_for_those_who_play_mobile_Rich_Rocket\" title=\"H\u00e1 algum b\u00f4nus para quem joga no Rich Rocket m\u00f3vel?\">H\u00e1 algum b\u00f4nus para quem joga no Rich Rocket m\u00f3vel?<\/a><\/li><li class='ez-toc-page-1 ez-toc-heading-level-3'><a class=\"ez-toc-link ez-toc-heading-7\" href=\"https:\/\/richrocketgame.com\/pt\/rich-rocket-app\/#How_safe_are_cash_rocket_app_transactions\" title=\"Qu\u00e3o seguras s\u00e3o as transa\u00e7\u00f5es com o aplicativo Cash Rocket?\">Qu\u00e3o seguras s\u00e3o as transa\u00e7\u00f5es com o aplicativo Cash Rocket?<\/a><\/li><li class='ez-toc-page-1 ez-toc-heading-level-3'><a class=\"ez-toc-link ez-toc-heading-8\" href=\"https:\/\/richrocketgame.com\/pt\/rich-rocket-app\/#Are_there_any_differences_in_gameplay_between_the_desktop_and_mobile_versions_of_the_game\" title=\"H\u00e1 alguma diferen\u00e7a na jogabilidade entre as vers\u00f5es do jogo para desktop e para celular?\">H\u00e1 alguma diferen\u00e7a na jogabilidade entre as vers\u00f5es do jogo para desktop e para celular?<\/a><\/li><\/ul><\/li><\/ul><\/nav><\/div>\n<h2><span class=\"ez-toc-section\" id=\"Where_can_you_find_the_Rich_Rocket_App\"><\/span>Onde voc\u00ea pode encontrar o aplicativo Rich Rocket?<span class=\"ez-toc-section-end\"><\/span><\/h2>\n<p>Para jogar sem riscos, acesse a App Store ou o Google Play e digite \"Rich Rocket\". Voc\u00ea poder\u00e1 escolher entre dezenas de aplicativos com designs diferentes, mas n\u00e3o poder\u00e1 ganhar dinheiro em nenhum deles. Essa \u00e9 uma \u00f3tima maneira de se familiarizar com os princ\u00edpios b\u00e1sicos do jogo.<\/p>\n<p>Para instalar o aplicativo de ganhos do jogo rocket crash, voc\u00ea precisa ir diretamente ao cassino selecionado. Encontre um link para baixar o arquivo APK e siga as instru\u00e7\u00f5es da plataforma. A instala\u00e7\u00e3o leva alguns minutos, mas depois voc\u00ea pode acessar v\u00e1rias centenas de jogos, inclusive o Rich Rocket.<\/p>\n<p>\u00c9 importante observar que nem todos os cassinos permitem o download do aplicativo cash rocket. Algumas plataformas t\u00eam uma vers\u00e3o m\u00f3vel otimizada do site e n\u00e3o desenvolveram programas especiais para iOS ou Android. Nesse caso, por conveni\u00eancia, vale a pena adicionar um link para o site na tela inicial, o que lhe permitir\u00e1 acessar o jogo o mais r\u00e1pido poss\u00edvel.<\/p>\n<div id=\"attachment_37\" style=\"width: 994px\" class=\"wp-caption aligncenter\"><a href=\"https:\/\/richrocketgame.com\/pt\/go\/registration\/\"><img decoding=\"async\" aria-describedby=\"caption-attachment-37\" class=\"wp-image-37 size-large\" title=\"Rich Rocket bot\" src=\"https:\/\/richrocketgame.com\/wp-content\/uploads\/2022\/09\/Rich-Rocket-App-1024x594.jpg\" alt=\"Rich Rocket bot\" width=\"994\" height=\"577\" srcset=\"https:\/\/richrocketgame.com\/wp-content\/uploads\/2022\/09\/Rich-Rocket-App-1024x594.jpg 1024w, https:\/\/richrocketgame.com\/wp-content\/uploads\/2022\/09\/Rich-Rocket-App-300x174.jpg 300w, https:\/\/richrocketgame.com\/wp-content\/uploads\/2022\/09\/Rich-Rocket-App-768x446.jpg 768w, https:\/\/richrocketgame.com\/wp-content\/uploads\/2022\/09\/Rich-Rocket-App-69x40.jpg 69w, https:\/\/richrocketgame.com\/wp-content\/uploads\/2022\/09\/Rich-Rocket-App-55x32.jpg 55w, https:\/\/richrocketgame.com\/wp-content\/uploads\/2022\/09\/Rich-Rocket-App-138x80.jpg 138w, https:\/\/richrocketgame.com\/wp-content\/uploads\/2022\/09\/Rich-Rocket-App-233x135.jpg 233w, https:\/\/richrocketgame.com\/wp-content\/uploads\/2022\/09\/Rich-Rocket-App.jpg 1105w\" sizes=\"(max-width: 994px) 100vw, 994px\" \/><\/a><p id=\"caption-attachment-37\" class=\"wp-caption-text\">Rich Rocket bot<\/p><\/div>\n<div style=\"text-align: center;\"><a class=\"glow-button\" href=\"\/pt\/go\/registration\/\">\ud83d\ude80 Jogue o jogo Rich Rocket<\/a><\/div>\n<h2><span class=\"ez-toc-section\" id=\"How_to_download_and_install_Rocket_Crash_Earning_App\"><\/span>Como fazer o download e instalar o aplicativo Rocket Crash Earning?<span class=\"ez-toc-section-end\"><\/span><\/h2>\n<p>Antes de mais nada, explore todas as ofertas de b\u00f4nus do cassino. Escolha um programa de fidelidade que se adapte ao seu estilo de jogo e ao seu or\u00e7amento. Quando voc\u00ea decidir, acesse o site e siga as instru\u00e7\u00f5es:<\/p>\n<ul>\n<li>Permitir a instala\u00e7\u00e3o de aplicativos de fontes desconhecidas, permitindo que voc\u00ea use aplicativos baixados de fontes diferentes do Google Play.<\/li>\n<li>Fa\u00e7a o download do jogo rocket crash com dinheiro real no site do cassino. Para acessar uma plataforma de jogos de azar verificada em sua regi\u00e3o, basta clicar no link desta p\u00e1gina.<\/li>\n<li>Abra a pasta onde o arquivo APK est\u00e1 salvo e clique nele para iniciar a instala\u00e7\u00e3o.<\/li>\n<\/ul>\n<p>Depois de instalar um aplicativo para ganhar dinheiro com foguetes, n\u00e3o se esque\u00e7a de reativar a proibi\u00e7\u00e3o de instalar programas de fontes desconhecidas para proteger seu dispositivo. Agora voc\u00ea pode aproveitar o jogo e ganhar dinheiro a qualquer momento que lhe for conveniente.<\/p>\n<div style=\"text-align: center;\"><a class=\"glow-button\" href=\"\/pt\/go\/registration\/\">Comece a jogar o jogo Rich Rocket \ud83d\ude80<\/a><\/div>\n<h3><span class=\"ez-toc-section\" id=\"What_devices_can_I_install_the_app_on\"><\/span>Em quais dispositivos posso instalar o aplicativo?<span class=\"ez-toc-section-end\"><\/span><\/h3>\n<p>Os aplicativos modernos de cassino s\u00e3o adaptados para dispositivos iOS e Android. Para isso, n\u00e3o \u00e9 necess\u00e1rio possuir o carro-chefe ou modelos novos. Uma boa otimiza\u00e7\u00e3o permite que voc\u00ea jogue at\u00e9 mesmo em smartphones que foram lan\u00e7ados h\u00e1 alguns anos.<\/p>\n<p>Como mostra o estudo, as seguintes caracter\u00edsticas s\u00e3o suficientes para instalar um aplicativo de foguete:<\/p><script data-noptimize=\"\" data-wpfc-render=\"false\">\n\/* <![CDATA[ *\/\nfpm_start( \"true\" );\n\/* ]]> *\/\n<\/script>\n\n<table>\n<tbody>\n<tr>\n<td>Frequ\u00eancia de clock da CPU<\/td>\n<td>A partir de 1,5 MHz<\/td>\n<\/tr>\n<tr>\n<td>N\u00famero de n\u00facleos de processador<\/td>\n<td>A partir de 2<\/td>\n<\/tr>\n<tr>\n<td>RAM<\/td>\n<td>2 GB ou mais<\/td>\n<\/tr>\n<tr>\n<td>Mem\u00f3ria livre<\/td>\n<td>80 a 400 MB<\/td>\n<\/tr>\n<\/tbody>\n<\/table>\n<p>Se voc\u00ea planeja passar mais de uma hora por dia jogando, \u00e9 melhor escolher modelos com capacidade de bateria de 1800 mAh. Isso permitir\u00e1 que voc\u00ea dedique tempo a atividades de lazer sem precisar carregar o dispositivo com frequ\u00eancia.<\/p>\n<h2><span class=\"ez-toc-section\" id=\"Conclusion\"><\/span>Conclus\u00e3o<span class=\"ez-toc-section-end\"><\/span><\/h2>\n<p>Para os jogadores que preferem aproveitar todas as chances de ganhar, vale a pena baixar o Rocket Crash Game para ganhar dinheiro de verdade. Esse aplicativo permite que voc\u00ea aposte sem se distrair de coisas mais importantes ou passe alguns minutos esperando com boas chances de reabastecer seu or\u00e7amento. O aplicativo Rich Rocket tem uma interface amig\u00e1vel e oferece dep\u00f3sito e retirada r\u00e1pidos de dinheiro. E como o download \u00e9 gratuito, n\u00e3o h\u00e1 motivo para n\u00e3o experiment\u00e1-lo hoje mesmo.<\/p>\n<h2><span class=\"ez-toc-section\" id=\"FAQ\"><\/span>FAQ<span class=\"ez-toc-section-end\"><\/span><\/h2>\n        <section class=\"sc_fs_faq sc_card\">\n            <div>\n\t\t\t\t<h3><span class=\"ez-toc-section\" id=\"Are_there_any_bonuses_for_those_who_play_mobile_Rich_Rocket\"><\/span>H\u00e1 algum b\u00f4nus para quem joga no Rich Rocket m\u00f3vel?<span class=\"ez-toc-section-end\"><\/span><\/h3>                <div>\n\t\t\t\t\t                    <p>\n\t\t\t\t\t\tMuitos cassinos oferecem b\u00f4nus exclusivos para usu\u00e1rios de aplicativos. Encontre a plataforma certa ou use nossas recomenda\u00e7\u00f5es.                    <\/p>\n                <\/div>\n            <\/div>\n        <\/section>\n\t\t        <section class=\"sc_fs_faq sc_card\">\n            <div>\n\t\t\t\t<h3><span class=\"ez-toc-section\" id=\"How_safe_are_cash_rocket_app_transactions\"><\/span>Qu\u00e3o seguras s\u00e3o as transa\u00e7\u00f5es com o aplicativo Cash Rocket?<span class=\"ez-toc-section-end\"><\/span><\/h3>                <div>\n\t\t\t\t\t                    <p>\n\t\t\t\t\t\tOs cassinos licenciados oferecem seguran\u00e7a m\u00e1xima aos usu\u00e1rios ao fazer dep\u00f3sitos e retiradas. Todas as informa\u00e7\u00f5es de pagamento s\u00e3o criptografadas usando chaves SSL.                    <\/p>\n                <\/div>\n            <\/div>\n        <\/section>\n\t\t        <section class=\"sc_fs_faq sc_card\">\n            <div>\n\t\t\t\t<h3><span class=\"ez-toc-section\" id=\"Are_there_any_differences_in_gameplay_between_the_desktop_and_mobile_versions_of_the_game\"><\/span>H\u00e1 alguma diferen\u00e7a na jogabilidade entre as vers\u00f5es do jogo para desktop e para celular?<span class=\"ez-toc-section-end\"><\/span><\/h3>                <div>\n\t\t\t\t\t                    <p>\n\t\t\t\t\t\tA jogabilidade e as chances de ganhar s\u00e3o as mesmas em todos os tipos de dispositivos.                    <\/p>\n                <\/div>\n            <\/div>\n        <\/section>\n\t\t\n<script type=\"application\/ld+json\">{\n    \"@context\": \"https:\\\/\\\/schema.org\",\n    \"@type\": \"FAQPage\",\n    \"mainEntity\": [\n        {\n            \"@type\": \"Question\",\n            \"name\": \"Are there any bonuses for those who play mobile Rich Rocket?\",\n            \"acceptedAnswer\": {\n                \"@type\": \"Answer\",\n                \"text\": \"Many casinos provide exclusive bonuses for app users. Find the right platform or use our recommendations.\"\n            }\n        },\n        {\n            \"@type\": \"Question\",\n            \"name\": \"How safe are cash rocket app transactions?\",\n            \"acceptedAnswer\": {\n                \"@type\": \"Answer\",\n                \"text\": \"Licensed casinos provide maximum security for users when making deposits and withdrawals. All payment information is encrypted using SSL keys.\"\n            }\n        },\n        {\n            \"@type\": \"Question\",\n            \"name\": \"Are there any differences in gameplay between the desktop and mobile versions of the game?\",\n            \"acceptedAnswer\": {\n                \"@type\": \"Answer\",\n                \"text\": \"Gameplay and chances to win are the same on all types of devices.\"\n            }\n        }\n    ]\n}<\/script>\n\n<div class=\"fpm_end\"><\/div>\n<div class=\"author-card author-card--top\"><img alt='foto do avatar' src='https:\/\/richrocketgame.com\/wp-content\/uploads\/2023\/03\/Paulo-Dornelas-130x130.jpg' srcset='https:\/\/richrocketgame.com\/wp-content\/uploads\/2023\/03\/Paulo-Dornelas-260x260.jpg 2x' class='avatar avatar-130 photo author-image' height='130' width='130' \/><div class=\"author-content text-md-center\"><span class=\"author-title\">Autor<\/span><a href=\"https:\/\/richrocketgame.com\/pt\/author\/paulo-dornelas\/\" class=\"author-name\">Paulo Dornelas<\/a><p class=\"author__details\">Paulo Dornelas \u00e9 um especialista em jogos de azar que dedicou sua vida a entender a ind\u00fastria e ajudar outros a ganhar dinheiro com ela. Ele tamb\u00e9m \u00e9 um \u00e1vido viajante, e adora explorar novos lugares. O conhecimento de Paulo sobre o jogo e sua paix\u00e3o por viagens fazem dele o guia perfeito para qualquer pessoa que procure obter lucros s\u00e9rios com apostas em esportes ou jogos de cassino.<\/p><\/div><!-- \/.author-content --><\/div>","protected":false},"excerpt":{"rendered":"<p>Jogue o aplicativo Rich Rocket \ud83d\udcf1 Com seus sorteios r\u00e1pidos, o jogo Rich Rocket \u00e9 ideal para dispositivos m\u00f3veis. O jogador pode fazer uma aposta a qualquer momento: enquanto faz uma pausa no trabalho, anda de transporte p\u00fablico ou janta fora. O aplicativo de ganho de acidentes Rocket permite que voc\u00ea aumente sua banca v\u00e1rias vezes em apenas alguns minutos e [...]<\/p>","protected":false},"author":2,"featured_media":0,"parent":0,"menu_order":0,"comment_status":"closed","ping_status":"closed","template":"page-no-sidebar.php","meta":{"footnotes":""},"class_list":["post-35","page","type-page","status-publish","hentry"],"yoast_head":"<!-- This site is optimized with the Yoast SEO plugin v26.7 - https:\/\/yoast.com\/wordpress\/plugins\/seo\/ -->\n<title>Download Rich Rocket App for Mobile Devices - Start Play Now<\/title>\n<meta name=\"description\" content=\"Best ways to download the rocket crash app for real money to your device. How to install the game on iOS and Android. Try rocket crash earning app and win constantly!\" \/>\n<meta name=\"robots\" content=\"index, follow, max-snippet:-1, max-image-preview:large, max-video-preview:-1\" \/>\n<link rel=\"canonical\" href=\"https:\/\/richrocketgame.com\/pt\/rich-rocket-app\/\" \/>\n<meta property=\"og:locale\" content=\"pt_BR\" \/>\n<meta property=\"og:type\" content=\"article\" \/>\n<meta property=\"og:title\" content=\"Download Rich Rocket App for Mobile Devices - Start Play Now\" \/>\n<meta property=\"og:description\" content=\"Best ways to download the rocket crash app for real money to your device. How to install the game on iOS and Android. Try rocket crash earning app and win constantly!\" \/>\n<meta property=\"og:url\" content=\"https:\/\/richrocketgame.com\/pt\/rich-rocket-app\/\" \/>\n<meta property=\"og:site_name\" content=\"Rich Rocket Game\" \/>\n<meta property=\"article:modified_time\" content=\"2024-12-27T11:14:09+00:00\" \/>\n<meta property=\"og:image\" content=\"https:\/\/richrocketgame.com\/wp-content\/uploads\/2022\/09\/Rich-Rocket-Game-Download-1024x442.jpg\" \/>\n<meta name=\"twitter:card\" content=\"summary_large_image\" \/>\n<meta name=\"twitter:label1\" content=\"Est. tempo de leitura\" \/>\n\t<meta name=\"twitter:data1\" content=\"5 minutos\" \/>\n<!-- \/ Yoast SEO plugin. -->","yoast_head_json":{"title":"Download do aplicativo Rich Rocket para dispositivos m\u00f3veis - Comece a jogar agora","description":"As melhores maneiras de baixar o aplicativo rocket crash por dinheiro real em seu dispositivo. Como instalar o jogo no iOS e no Android. Experimente o aplicativo de ganhos rocket crash e ganhe constantemente!","robots":{"index":"index","follow":"follow","max-snippet":"max-snippet:-1","max-image-preview":"max-image-preview:large","max-video-preview":"max-video-preview:-1"},"canonical":"https:\/\/richrocketgame.com\/pt\/rich-rocket-app\/","og_locale":"pt_BR","og_type":"article","og_title":"Download Rich Rocket App for Mobile Devices - Start Play Now","og_description":"Best ways to download the rocket crash app for real money to your device. How to install the game on iOS and Android. Try rocket crash earning app and win constantly!","og_url":"https:\/\/richrocketgame.com\/pt\/rich-rocket-app\/","og_site_name":"Rich Rocket Game","article_modified_time":"2024-12-27T11:14:09+00:00","og_image":[{"url":"https:\/\/richrocketgame.com\/wp-content\/uploads\/2022\/09\/Rich-Rocket-Game-Download-1024x442.jpg","type":"","width":"","height":""}],"twitter_card":"summary_large_image","twitter_misc":{"Est. tempo de leitura":"5 minutos"},"schema":{"@context":"https:\/\/schema.org","@graph":[{"@type":"WebPage","@id":"https:\/\/richrocketgame.com\/rich-rocket-app\/","url":"https:\/\/richrocketgame.com\/rich-rocket-app\/","name":"Download do aplicativo Rich Rocket para dispositivos m\u00f3veis - Comece a jogar agora","isPartOf":{"@id":"https:\/\/richrocketgame.com\/#website"},"primaryImageOfPage":{"@id":"https:\/\/richrocketgame.com\/rich-rocket-app\/#primaryimage"},"image":{"@id":"https:\/\/richrocketgame.com\/rich-rocket-app\/#primaryimage"},"thumbnailUrl":"https:\/\/richrocketgame.com\/wp-content\/uploads\/2022\/09\/Rich-Rocket-Game-Download-1024x442.jpg","datePublished":"2022-09-01T15:01:28+00:00","dateModified":"2024-12-27T11:14:09+00:00","description":"As melhores maneiras de baixar o aplicativo rocket crash por dinheiro real em seu dispositivo. Como instalar o jogo no iOS e no Android. Experimente o aplicativo de ganhos rocket crash e ganhe constantemente!","breadcrumb":{"@id":"https:\/\/richrocketgame.com\/rich-rocket-app\/#breadcrumb"},"inLanguage":"pt-BR","potentialAction":[{"@type":"ReadAction","target":["https:\/\/richrocketgame.com\/rich-rocket-app\/"]}]},{"@type":"ImageObject","inLanguage":"pt-BR","@id":"https:\/\/richrocketgame.com\/rich-rocket-app\/#primaryimage","url":"https:\/\/richrocketgame.com\/wp-content\/uploads\/2022\/09\/Rich-Rocket-Game-Download-1024x442.jpg","contentUrl":"https:\/\/richrocketgame.com\/wp-content\/uploads\/2022\/09\/Rich-Rocket-Game-Download-1024x442.jpg"},{"@type":"BreadcrumbList","@id":"https:\/\/richrocketgame.com\/rich-rocket-app\/#breadcrumb","itemListElement":[{"@type":"ListItem","position":1,"name":"\u0413\u043b\u0430\u0432\u043d\u0430\u044f \u0441\u0442\u0440\u0430\u043d\u0438\u0446\u0430","item":"https:\/\/richrocketgame.com\/"},{"@type":"ListItem","position":2,"name":"Download Rich Rocket App for Mobile Devices"}]},{"@type":"WebSite","@id":"https:\/\/richrocketgame.com\/#website","url":"https:\/\/richrocketgame.com\/","name":"Jogo Rich Rocket","description":"","publisher":{"@id":"https:\/\/richrocketgame.com\/#organization"},"potentialAction":[{"@type":"SearchAction","target":{"@type":"EntryPoint","urlTemplate":"https:\/\/richrocketgame.com\/?s={search_term_string}"},"query-input":{"@type":"PropertyValueSpecification","valueRequired":true,"valueName":"search_term_string"}}],"inLanguage":"pt-BR"},{"@type":"Organization","@id":"https:\/\/richrocketgame.com\/#organization","name":"Jogo Rich Rocket","url":"https:\/\/richrocketgame.com\/","logo":{"@type":"ImageObject","inLanguage":"pt-BR","@id":"https:\/\/richrocketgame.com\/#\/schema\/logo\/image\/","url":"https:\/\/richrocketgame.com\/wp-content\/uploads\/2022\/09\/Rich-Rocket-earning-app.png","contentUrl":"https:\/\/richrocketgame.com\/wp-content\/uploads\/2022\/09\/Rich-Rocket-earning-app.png","width":512,"height":512,"caption":"Rich Rocket Game"},"image":{"@id":"https:\/\/richrocketgame.com\/#\/schema\/logo\/image\/"}}]}},"_links":{"self":[{"href":"https:\/\/richrocketgame.com\/pt\/wp-json\/wp\/v2\/pages\/35","targetHints":{"allow":["GET"]}}],"collection":[{"href":"https:\/\/richrocketgame.com\/pt\/wp-json\/wp\/v2\/pages"}],"about":[{"href":"https:\/\/richrocketgame.com\/pt\/wp-json\/wp\/v2\/types\/page"}],"author":[{"embeddable":true,"href":"https:\/\/richrocketgame.com\/pt\/wp-json\/wp\/v2\/users\/2"}],"replies":[{"embeddable":true,"href":"https:\/\/richrocketgame.com\/pt\/wp-json\/wp\/v2\/comments?post=35"}],"version-history":[{"count":0,"href":"https:\/\/richrocketgame.com\/pt\/wp-json\/wp\/v2\/pages\/35\/revisions"}],"wp:attachment":[{"href":"https:\/\/richrocketgame.com\/pt\/wp-json\/wp\/v2\/media?parent=35"}],"curies":[{"name":"wp","href":"https:\/\/api.w.org\/{rel}","templated":true}]}}