{"id":302,"date":"2023-09-25T12:34:52","date_gmt":"2023-09-25T09:34:52","guid":{"rendered":"https:\/\/richrocketgame.com\/?page_id=302"},"modified":"2023-09-25T20:41:08","modified_gmt":"2023-09-25T17:41:08","slug":"terms-and-conditions","status":"publish","type":"page","link":"https:\/\/richrocketgame.com\/pt\/terms-and-conditions\/","title":{"rendered":"Termos e condi\u00e7\u00f5es"},"content":{"rendered":"<div class=\"fpm_start\"><\/div>\n<p>As regras, obriga\u00e7\u00f5es e direitos essenciais que regem nossa plataforma podem ser encontrados aqui. Priorizamos a manuten\u00e7\u00e3o de um ambiente harmonioso para todos os usu\u00e1rios. Aprofunde-se nos detalhes para tornar sua experi\u00eancia perfeita.<\/p>\n<div id=\"ez-toc-container\" class=\"ez-toc-v2_0_62 counter-hierarchy ez-toc-counter ez-toc-grey ez-toc-container-direction\">\n<div class=\"ez-toc-title-container\">\n<p class=\"ez-toc-title\" >\u00cdndice<\/p>\n<span class=\"ez-toc-title-toggle\"><a href=\"#\" class=\"ez-toc-pull-right ez-toc-btn ez-toc-btn-xs ez-toc-btn-default ez-toc-toggle\" aria-label=\"Alternar Tabela de Conte\u00fado\"><span class=\"ez-toc-js-icon-con\"><span class=\"\"><span class=\"eztoc-hide\" style=\"display:none;\">Alternar<\/span><span class=\"ez-toc-icon-toggle-span\"><svg style=\"fill: #999;color:#999\" xmlns=\"http:\/\/www.w3.org\/2000\/svg\" class=\"list-377408\" width=\"20px\" height=\"20px\" viewbox=\"0 0 24 24\" fill=\"none\"><path d=\"M6 6H4v2h2V6zm14 0H8v2h12V6zM4 11h2v2H4v-2zm16 0H8v2h12v-2zM4 16h2v2H4v-2zm16 0H8v2h12v-2z\" fill=\"currentColor\"><\/path><\/svg><svg style=\"fill: #999;color:#999\" class=\"arrow-unsorted-368013\" xmlns=\"http:\/\/www.w3.org\/2000\/svg\" width=\"10px\" height=\"10px\" viewbox=\"0 0 24 24\" version=\"1.2\" baseprofile=\"tiny\"><path d=\"M18.2 9.3l-6.2-6.3-6.2 6.3c-.2.2-.3.4-.3.7s.1.5.3.7c.2.2.4.3.7.3h11c.3 0 .5-.1.7-.3.2-.2.3-.5.3-.7s-.1-.5-.3-.7zM5.8 14.7l6.2 6.3 6.2-6.3c.2-.2.3-.5.3-.7s-.1-.5-.3-.7c-.2-.2-.4-.3-.7-.3h-11c-.3 0-.5.1-.7.3-.2.2-.3.5-.3.7s.1.5.3.7z\"\/><\/svg><\/span><\/span><\/span><\/a><\/span><\/div>\n<nav><ul class='ez-toc-list ez-toc-list-level-1 eztoc-toggle-hide-by-default' ><li class='ez-toc-page-1 ez-toc-heading-level-2'><a class=\"ez-toc-link ez-toc-heading-1\" href=\"https:\/\/richrocketgame.com\/pt\/terms-and-conditions\/#Introduction_to_Our_Platforms_Terms\" title=\"Introdu\u00e7\u00e3o aos termos da nossa plataforma\">Introdu\u00e7\u00e3o aos termos da nossa plataforma<\/a><\/li><li class='ez-toc-page-1 ez-toc-heading-level-2'><a class=\"ez-toc-link ez-toc-heading-2\" href=\"https:\/\/richrocketgame.com\/pt\/terms-and-conditions\/#Your_Duties_as_a_User\" title=\"Seus deveres como usu\u00e1rio\">Seus deveres como usu\u00e1rio<\/a><\/li><li class='ez-toc-page-1 ez-toc-heading-level-2'><a class=\"ez-toc-link ez-toc-heading-3\" href=\"https:\/\/richrocketgame.com\/pt\/terms-and-conditions\/#Understanding_Content_Rights\" title=\"Entendendo os direitos de conte\u00fado\">Entendendo os direitos de conte\u00fado<\/a><\/li><li class='ez-toc-page-1 ez-toc-heading-level-2'><a class=\"ez-toc-link ez-toc-heading-4\" href=\"https:\/\/richrocketgame.com\/pt\/terms-and-conditions\/#Protecting_Your_Privacy\" title=\"Prote\u00e7\u00e3o de sua privacidade\">Prote\u00e7\u00e3o de sua privacidade<\/a><\/li><li class='ez-toc-page-1 ez-toc-heading-level-2'><a class=\"ez-toc-link ez-toc-heading-5\" href=\"https:\/\/richrocketgame.com\/pt\/terms-and-conditions\/#External_Links_Their_Autonomy\" title=\"Links externos e sua autonomia\">Links externos e sua autonomia<\/a><\/li><li class='ez-toc-page-1 ez-toc-heading-level-2'><a class=\"ez-toc-link ez-toc-heading-6\" href=\"https:\/\/richrocketgame.com\/pt\/terms-and-conditions\/#Assurance_Accountability\" title=\"Garantia e responsabilidade\">Garantia e responsabilidade<\/a><\/li><li class='ez-toc-page-1 ez-toc-heading-level-2'><a class=\"ez-toc-link ez-toc-heading-7\" href=\"https:\/\/richrocketgame.com\/pt\/terms-and-conditions\/#Limits_on_Our_Liability\" title=\"Limites de nossa responsabilidade\">Limites de nossa responsabilidade<\/a><\/li><\/ul><\/nav><\/div>\n<h2><span class=\"ez-toc-section\" id=\"Introduction_to_Our_Platforms_Terms\"><\/span><strong>Introdu\u00e7\u00e3o aos termos da nossa plataforma<\/strong><span class=\"ez-toc-section-end\"><\/span><\/h2>\n<p>Bem-vindo a bordo. Quando voc\u00ea usa o Rich Rocket Game, n\u00e3o est\u00e1 usando apenas uma plataforma; est\u00e1 se juntando a uma comunidade. Esta p\u00e1gina serve como um mapa detalhado para navegar em nossas diretrizes da comunidade e garantir que todas as intera\u00e7\u00f5es em nossa plataforma sejam honestas.<\/p>\n<h2><span class=\"ez-toc-section\" id=\"Your_Duties_as_a_User\"><\/span><strong>Seus deveres como usu\u00e1rio<\/strong><span class=\"ez-toc-section-end\"><\/span><\/h2>\n<p>Como um membro valioso de nossa comunidade:<\/p>\n<ul>\n<li><strong>Conformidade legal<\/strong>: Assegure-se de que suas intera\u00e7\u00f5es cumpram todas as leis e padr\u00f5es regulat\u00f3rios relevantes.<\/li>\n<li><strong>Respeito \u00e0 propriedade intelectual<\/strong>: Reconhecer e respeitar os esfor\u00e7os intelectuais de outros membros e da plataforma.<\/li>\n<li><strong>Intera\u00e7\u00f5es verdadeiras<\/strong>: As informa\u00e7\u00f5es que voc\u00ea fornece devem ser precisas e honestas. A desinforma\u00e7\u00e3o mancha nossa integridade coletiva.<\/li>\n<\/ul>\n<h2><span class=\"ez-toc-section\" id=\"Understanding_Content_Rights\"><\/span><strong>Entendendo os direitos de conte\u00fado<\/strong><span class=\"ez-toc-section-end\"><\/span><\/h2>\n<p>Cada parte do conte\u00fado, seja uma sequ\u00eancia de texto, imagens cativantes, v\u00eddeos envolventes ou logotipos complexos, \u00e9 protegida pelas leis de direitos autorais e de propriedade intelectual.<\/p>\n<ul>\n<li><strong>A\u00e7\u00f5es n\u00e3o autorizadas<\/strong>: N\u00e3o \u00e9 permitido replicar, usar ou distribuir nosso conte\u00fado sem permiss\u00e3o expl\u00edcita por escrito.<\/li>\n<li><strong>Suas contribui\u00e7\u00f5es<\/strong>: Ao enriquecer nossa plataforma com seu conte\u00fado, voc\u00ea nos concede uma licen\u00e7a global, livre de royalties, para ajustar, exibir e utilizar seu envio em harmonia com nossos servi\u00e7os.<\/li>\n<\/ul>\n<h2><span class=\"ez-toc-section\" id=\"Protecting_Your_Privacy\"><\/span><strong>Prote\u00e7\u00e3o de sua privacidade<\/strong><span class=\"ez-toc-section-end\"><\/span><\/h2>\n<p>Sua privacidade n\u00e3o \u00e9 apenas uma pol\u00edtica; \u00e9 uma promessa. Conhe\u00e7a nossa Pol\u00edtica de Privacidade para explorar nosso compromisso com a prote\u00e7\u00e3o de seus dados pessoais.<\/p>\n<h2><span class=\"ez-toc-section\" id=\"External_Links_Their_Autonomy\"><\/span><strong>Links externos e sua autonomia<\/strong><span class=\"ez-toc-section-end\"><\/span><\/h2>\n<p>Durante a navega\u00e7\u00e3o, voc\u00ea poder\u00e1 encontrar links que o direcionam para plataformas fora de nossa jurisdi\u00e7\u00e3o. Lembre-se:<\/p>\n<ul>\n<li><strong>Plataformas aut\u00f4nomas<\/strong>: Seu conte\u00fado, termos e pr\u00e1ticas de privacidade s\u00e3o independentes. N\u00e3o endossamos nem nos responsabilizamos por eles.<\/li>\n<li><strong>Decis\u00f5es informadas<\/strong>: Antes de mergulhar no conte\u00fado externo, \u00e9 sempre aconselh\u00e1vel familiarizar-se com suas diretrizes.<\/li>\n<\/ul>\n<h2><span class=\"ez-toc-section\" id=\"Assurance_Accountability\"><\/span><strong>Garantia e responsabilidade<\/strong><span class=\"ez-toc-section-end\"><\/span><\/h2>\n<p>Temos orgulho das informa\u00e7\u00f5es e dos servi\u00e7os que oferecemos. No entanto, eles v\u00eam com uma cl\u00e1usula de \"no estado em que se encontram\" e \"quando dispon\u00edveis\". N\u00f3s nos esfor\u00e7amos, mas n\u00e3o nos comprometemos, com a perfei\u00e7\u00e3o em termos de precis\u00e3o, integridade ou disponibilidade.<\/p>\n<h2><span class=\"ez-toc-section\" id=\"Limits_on_Our_Liability\"><\/span><strong>Limites de nossa responsabilidade<\/strong><span class=\"ez-toc-section-end\"><\/span><\/h2>\n<p>As estruturas jur\u00eddicas podem variar, mas, dentro dos limites permitidos, qualquer forma de dano, seja ele direto, incidental ou consequencial, resultante do uso da plataforma, n\u00e3o nos responsabiliza.<\/p><script data-noptimize=\"\" data-wpfc-render=\"false\">\n\/* <![CDATA[ *\/\nfpm_start( \"true\" );\n\/* ]]> *\/\n<\/script>\n\n<div class=\"fpm_end\"><\/div>\n<div class=\"author-card author-card--top\"><img alt='foto do avatar' src='https:\/\/richrocketgame.com\/wp-content\/uploads\/2023\/03\/Paulo-Dornelas-130x130.jpg' srcset='https:\/\/richrocketgame.com\/wp-content\/uploads\/2023\/03\/Paulo-Dornelas-260x260.jpg 2x' class='avatar avatar-130 photo author-image' height='130' width='130' \/><div class=\"author-content text-md-center\"><span class=\"author-title\">Autor<\/span><a href=\"https:\/\/richrocketgame.com\/pt\/author\/paulo-dornelas\/\" class=\"author-name\">Paulo Dornelas<\/a><p class=\"author__details\">Paulo Dornelas \u00e9 um especialista em jogos de azar que dedicou sua vida a entender a ind\u00fastria e ajudar outros a ganhar dinheiro com ela. Ele tamb\u00e9m \u00e9 um \u00e1vido viajante, e adora explorar novos lugares. O conhecimento de Paulo sobre o jogo e sua paix\u00e3o por viagens fazem dele o guia perfeito para qualquer pessoa que procure obter lucros s\u00e9rios com apostas em esportes ou jogos de cassino.<\/p><\/div><!-- \/.author-content --><\/div>","protected":false},"excerpt":{"rendered":"<p>As regras, obriga\u00e7\u00f5es e direitos essenciais que regem a nossa plataforma podem ser encontrados aqui. Priorizamos a manuten\u00e7\u00e3o de um ambiente harmonioso para todos os usu\u00e1rios. Aprofunde-se nos detalhes para tornar sua experi\u00eancia perfeita. Introdu\u00e7\u00e3o aos termos da nossa plataforma Bem-vindo a bordo. Ao usar o jogo Rich Rocket, voc\u00ea n\u00e3o est\u00e1 usando apenas uma plataforma; voc\u00ea est\u00e1 ingressando em uma comunidade. [\u2026]<\/p>","protected":false},"author":2,"featured_media":0,"parent":0,"menu_order":0,"comment_status":"closed","ping_status":"closed","template":"","meta":{"footnotes":""},"class_list":["post-302","page","type-page","status-publish","hentry"],"yoast_head":"<!-- This site is optimized with the Yoast SEO plugin v26.7 - https:\/\/yoast.com\/wordpress\/plugins\/seo\/ -->\n<title>Rich Rocket Game: Terms and Conditions<\/title>\n<meta name=\"description\" content=\"Navigate Rich Rocket Game&#039;s terms with ease. From user responsibilities, content rights to privacy assurance, understand the standards ensuring a secure, harmonious gaming environment. Dive in for a seamless experience.\" \/>\n<meta name=\"robots\" content=\"index, follow, max-snippet:-1, max-image-preview:large, max-video-preview:-1\" \/>\n<link rel=\"canonical\" href=\"https:\/\/richrocketgame.com\/pt\/terms-and-conditions\/\" \/>\n<meta property=\"og:locale\" content=\"pt_BR\" \/>\n<meta property=\"og:type\" content=\"article\" \/>\n<meta property=\"og:title\" content=\"Rich Rocket Game: Terms and Conditions\" \/>\n<meta property=\"og:description\" content=\"Navigate Rich Rocket Game&#039;s terms with ease. From user responsibilities, content rights to privacy assurance, understand the standards ensuring a secure, harmonious gaming environment. Dive in for a seamless experience.\" \/>\n<meta property=\"og:url\" content=\"https:\/\/richrocketgame.com\/pt\/terms-and-conditions\/\" \/>\n<meta property=\"og:site_name\" content=\"Rich Rocket Game\" \/>\n<meta property=\"article:modified_time\" content=\"2023-09-25T17:41:08+00:00\" \/>\n<meta name=\"twitter:card\" content=\"summary_large_image\" \/>\n<meta name=\"twitter:label1\" content=\"Est. tempo de leitura\" \/>\n\t<meta name=\"twitter:data1\" content=\"2 minutos\" \/>\n<!-- \/ Yoast SEO plugin. -->","yoast_head_json":{"title":"Jogo Rich Rocket: Termos e Condi\u00e7\u00f5es","description":"Navegue pelos termos do Rich Rocket Game com facilidade. Das responsabilidades do usu\u00e1rio, direitos de conte\u00fado \u00e0 garantia de privacidade, entenda os padr\u00f5es que garantem um ambiente de jogo seguro e harmonioso. Mergulhe de cabe\u00e7a para ter uma experi\u00eancia perfeita.","robots":{"index":"index","follow":"follow","max-snippet":"max-snippet:-1","max-image-preview":"max-image-preview:large","max-video-preview":"max-video-preview:-1"},"canonical":"https:\/\/richrocketgame.com\/pt\/terms-and-conditions\/","og_locale":"pt_BR","og_type":"article","og_title":"Rich Rocket Game: Terms and Conditions","og_description":"Navigate Rich Rocket Game's terms with ease. From user responsibilities, content rights to privacy assurance, understand the standards ensuring a secure, harmonious gaming environment. Dive in for a seamless experience.","og_url":"https:\/\/richrocketgame.com\/pt\/terms-and-conditions\/","og_site_name":"Rich Rocket Game","article_modified_time":"2023-09-25T17:41:08+00:00","twitter_card":"summary_large_image","twitter_misc":{"Est. tempo de leitura":"2 minutos"},"schema":{"@context":"https:\/\/schema.org","@graph":[{"@type":"WebPage","@id":"https:\/\/richrocketgame.com\/terms-and-conditions\/","url":"https:\/\/richrocketgame.com\/terms-and-conditions\/","name":"Jogo Rich Rocket: Termos e Condi\u00e7\u00f5es","isPartOf":{"@id":"https:\/\/richrocketgame.com\/#website"},"datePublished":"2023-09-25T09:34:52+00:00","dateModified":"2023-09-25T17:41:08+00:00","description":"Navegue pelos termos do Rich Rocket Game com facilidade. Das responsabilidades do usu\u00e1rio, direitos de conte\u00fado \u00e0 garantia de privacidade, entenda os padr\u00f5es que garantem um ambiente de jogo seguro e harmonioso. Mergulhe de cabe\u00e7a para ter uma experi\u00eancia perfeita.","breadcrumb":{"@id":"https:\/\/richrocketgame.com\/terms-and-conditions\/#breadcrumb"},"inLanguage":"pt-BR","potentialAction":[{"@type":"ReadAction","target":["https:\/\/richrocketgame.com\/terms-and-conditions\/"]}]},{"@type":"BreadcrumbList","@id":"https:\/\/richrocketgame.com\/terms-and-conditions\/#breadcrumb","itemListElement":[{"@type":"ListItem","position":1,"name":"\u0413\u043b\u0430\u0432\u043d\u0430\u044f \u0441\u0442\u0440\u0430\u043d\u0438\u0446\u0430","item":"https:\/\/richrocketgame.com\/"},{"@type":"ListItem","position":2,"name":"Terms and Conditions"}]},{"@type":"WebSite","@id":"https:\/\/richrocketgame.com\/#website","url":"https:\/\/richrocketgame.com\/","name":"Jogo Rich Rocket","description":"","publisher":{"@id":"https:\/\/richrocketgame.com\/#organization"},"potentialAction":[{"@type":"SearchAction","target":{"@type":"EntryPoint","urlTemplate":"https:\/\/richrocketgame.com\/?s={search_term_string}"},"query-input":{"@type":"PropertyValueSpecification","valueRequired":true,"valueName":"search_term_string"}}],"inLanguage":"pt-BR"},{"@type":"Organization","@id":"https:\/\/richrocketgame.com\/#organization","name":"Jogo Rich Rocket","url":"https:\/\/richrocketgame.com\/","logo":{"@type":"ImageObject","inLanguage":"pt-BR","@id":"https:\/\/richrocketgame.com\/#\/schema\/logo\/image\/","url":"https:\/\/richrocketgame.com\/wp-content\/uploads\/2022\/09\/Rich-Rocket-earning-app.png","contentUrl":"https:\/\/richrocketgame.com\/wp-content\/uploads\/2022\/09\/Rich-Rocket-earning-app.png","width":512,"height":512,"caption":"Rich Rocket Game"},"image":{"@id":"https:\/\/richrocketgame.com\/#\/schema\/logo\/image\/"}}]}},"_links":{"self":[{"href":"https:\/\/richrocketgame.com\/pt\/wp-json\/wp\/v2\/pages\/302","targetHints":{"allow":["GET"]}}],"collection":[{"href":"https:\/\/richrocketgame.com\/pt\/wp-json\/wp\/v2\/pages"}],"about":[{"href":"https:\/\/richrocketgame.com\/pt\/wp-json\/wp\/v2\/types\/page"}],"author":[{"embeddable":true,"href":"https:\/\/richrocketgame.com\/pt\/wp-json\/wp\/v2\/users\/2"}],"replies":[{"embeddable":true,"href":"https:\/\/richrocketgame.com\/pt\/wp-json\/wp\/v2\/comments?post=302"}],"version-history":[{"count":0,"href":"https:\/\/richrocketgame.com\/pt\/wp-json\/wp\/v2\/pages\/302\/revisions"}],"wp:attachment":[{"href":"https:\/\/richrocketgame.com\/pt\/wp-json\/wp\/v2\/media?parent=302"}],"curies":[{"name":"wp","href":"https:\/\/api.w.org\/{rel}","templated":true}]}}