{"id":295,"date":"2023-09-25T12:14:57","date_gmt":"2023-09-25T09:14:57","guid":{"rendered":"https:\/\/richrocketgame.com\/?page_id=295"},"modified":"2023-09-25T20:42:33","modified_gmt":"2023-09-25T17:42:33","slug":"privacy-policy","status":"publish","type":"page","link":"https:\/\/richrocketgame.com\/pt\/privacy-policy\/","title":{"rendered":"Pol\u00edtica de privacidade: Prote\u00e7\u00e3o de suas informa\u00e7\u00f5es pessoais"},"content":{"rendered":"<div class=\"fpm_start\"><\/div>\n<p>No richrocketgame.com, temos a mais alta estima pela santidade de seus dados. Elaboramos meticulosamente uma pol\u00edtica abrangente, com foco em pr\u00e1ticas de dados transparentes. Nossa miss\u00e3o \u00e9 respeitar e proteger a pegada digital que voc\u00ea deixa conosco, garantindo uma intera\u00e7\u00e3o transparente e cheia de confian\u00e7a sempre que voc\u00ea se aventurar em nosso dom\u00ednio.<\/p>\n<div id=\"ez-toc-container\" class=\"ez-toc-v2_0_62 counter-hierarchy ez-toc-counter ez-toc-grey ez-toc-container-direction\">\n<div class=\"ez-toc-title-container\">\n<p class=\"ez-toc-title\" >\u00cdndice<\/p>\n<span class=\"ez-toc-title-toggle\"><a href=\"#\" class=\"ez-toc-pull-right ez-toc-btn ez-toc-btn-xs ez-toc-btn-default ez-toc-toggle\" aria-label=\"Alternar Tabela de Conte\u00fado\"><span class=\"ez-toc-js-icon-con\"><span class=\"\"><span class=\"eztoc-hide\" style=\"display:none;\">Alternar<\/span><span class=\"ez-toc-icon-toggle-span\"><svg style=\"fill: #999;color:#999\" xmlns=\"http:\/\/www.w3.org\/2000\/svg\" class=\"list-377408\" width=\"20px\" height=\"20px\" viewbox=\"0 0 24 24\" fill=\"none\"><path d=\"M6 6H4v2h2V6zm14 0H8v2h12V6zM4 11h2v2H4v-2zm16 0H8v2h12v-2zM4 16h2v2H4v-2zm16 0H8v2h12v-2z\" fill=\"currentColor\"><\/path><\/svg><svg style=\"fill: #999;color:#999\" class=\"arrow-unsorted-368013\" xmlns=\"http:\/\/www.w3.org\/2000\/svg\" width=\"10px\" height=\"10px\" viewbox=\"0 0 24 24\" version=\"1.2\" baseprofile=\"tiny\"><path d=\"M18.2 9.3l-6.2-6.3-6.2 6.3c-.2.2-.3.4-.3.7s.1.5.3.7c.2.2.4.3.7.3h11c.3 0 .5-.1.7-.3.2-.2.3-.5.3-.7s-.1-.5-.3-.7zM5.8 14.7l6.2 6.3 6.2-6.3c.2-.2.3-.5.3-.7s-.1-.5-.3-.7c-.2-.2-.4-.3-.7-.3h-11c-.3 0-.5.1-.7.3-.2.2-.3.5-.3.7s.1.5.3.7z\"\/><\/svg><\/span><\/span><\/span><\/a><\/span><\/div>\n<nav><ul class='ez-toc-list ez-toc-list-level-1 eztoc-toggle-hide-by-default' ><li class='ez-toc-page-1 ez-toc-heading-level-2'><a class=\"ez-toc-link ez-toc-heading-1\" href=\"https:\/\/richrocketgame.com\/pt\/privacy-policy\/#Our_Oath_Safeguarding_Your_Digital_Integrity\" title=\"Nosso juramento: Protegendo sua integridade digital\">Nosso juramento: Protegendo sua integridade digital<\/a><\/li><li class='ez-toc-page-1 ez-toc-heading-level-2'><a class=\"ez-toc-link ez-toc-heading-2\" href=\"https:\/\/richrocketgame.com\/pt\/privacy-policy\/#Data_We_Extract\" title=\"Dados que extra\u00edmos\">Dados que extra\u00edmos<\/a><\/li><li class='ez-toc-page-1 ez-toc-heading-level-2'><a class=\"ez-toc-link ez-toc-heading-3\" href=\"https:\/\/richrocketgame.com\/pt\/privacy-policy\/#Harnessing_Your_Data\" title=\"Aproveitamento de seus dados\">Aproveitamento de seus dados<\/a><\/li><li class='ez-toc-page-1 ez-toc-heading-level-2'><a class=\"ez-toc-link ez-toc-heading-4\" href=\"https:\/\/richrocketgame.com\/pt\/privacy-policy\/#Data_Dissemination_Principles\" title=\"Princ\u00edpios de divulga\u00e7\u00e3o de dados\">Princ\u00edpios de divulga\u00e7\u00e3o de dados<\/a><\/li><li class='ez-toc-page-1 ez-toc-heading-level-2'><a class=\"ez-toc-link ez-toc-heading-5\" href=\"https:\/\/richrocketgame.com\/pt\/privacy-policy\/#Impenetrable_Data_Security\" title=\"Seguran\u00e7a de dados impenetr\u00e1vel\">Seguran\u00e7a de dados impenetr\u00e1vel<\/a><\/li><li class='ez-toc-page-1 ez-toc-heading-level-2'><a class=\"ez-toc-link ez-toc-heading-6\" href=\"https:\/\/richrocketgame.com\/pt\/privacy-policy\/#The_Cookie_Blueprint\" title=\"O projeto do cookie\">O projeto do cookie<\/a><\/li><li class='ez-toc-page-1 ez-toc-heading-level-2'><a class=\"ez-toc-link ez-toc-heading-7\" href=\"https:\/\/richrocketgame.com\/pt\/privacy-policy\/#Navigating_External_Territories\" title=\"Navegando em territ\u00f3rios externos\">Navegando em territ\u00f3rios externos<\/a><\/li><li class='ez-toc-page-1 ez-toc-heading-level-2'><a class=\"ez-toc-link ez-toc-heading-8\" href=\"https:\/\/richrocketgame.com\/pt\/privacy-policy\/#Young_Explorer_Guidelines\" title=\"Diretrizes do Young Explorer\">Diretrizes do Young Explorer<\/a><\/li><li class='ez-toc-page-1 ez-toc-heading-level-2'><a class=\"ez-toc-link ez-toc-heading-9\" href=\"https:\/\/richrocketgame.com\/pt\/privacy-policy\/#Evolution_of_Our_Privacy_Doctrine\" title=\"Evolu\u00e7\u00e3o de nossa doutrina de privacidade\">Evolu\u00e7\u00e3o de nossa doutrina de privacidade<\/a><\/li><li class='ez-toc-page-1 ez-toc-heading-level-2'><a class=\"ez-toc-link ez-toc-heading-10\" href=\"https:\/\/richrocketgame.com\/pt\/privacy-policy\/#Asserting_Your_Data_Rights\" title=\"Afirmando seus direitos de dados\">Afirmando seus direitos de dados<\/a><\/li><li class='ez-toc-page-1 ez-toc-heading-level-2'><a class=\"ez-toc-link ez-toc-heading-11\" href=\"https:\/\/richrocketgame.com\/pt\/privacy-policy\/#Data_Conservation_Protocol\" title=\"Protocolo de conserva\u00e7\u00e3o de dados\">Protocolo de conserva\u00e7\u00e3o de dados<\/a><\/li><li class='ez-toc-page-1 ez-toc-heading-level-2'><a class=\"ez-toc-link ez-toc-heading-12\" href=\"https:\/\/richrocketgame.com\/pt\/privacy-policy\/#Global_Data_Expeditions\" title=\"Expedi\u00e7\u00f5es de dados globais\">Expedi\u00e7\u00f5es de dados globais<\/a><\/li><li class='ez-toc-page-1 ez-toc-heading-level-2'><a class=\"ez-toc-link ez-toc-heading-13\" href=\"https:\/\/richrocketgame.com\/pt\/privacy-policy\/#Concluding_Words\" title=\"Palavras finais\">Palavras finais<\/a><\/li><\/ul><\/nav><\/div>\n<h2><span class=\"ez-toc-section\" id=\"Our_Oath_Safeguarding_Your_Digital_Integrity\"><\/span><strong>Nosso juramento: Protegendo sua integridade digital<\/strong><span class=\"ez-toc-section-end\"><\/span><\/h2>\n<p>O compromisso central da richrocketgame.com gira em torno da defesa da privacidade e da integridade de seus dados pessoais. Esta doutrina delineia a mec\u00e2nica de nossas pr\u00e1ticas de dados, desde a aquisi\u00e7\u00e3o at\u00e9 a utiliza\u00e7\u00e3o, proporcionando a voc\u00ea uma compreens\u00e3o clara de nossas opera\u00e7\u00f5es orientadas por dados.<\/p>\n<h2><span class=\"ez-toc-section\" id=\"Data_We_Extract\"><\/span><strong>Dados que extra\u00edmos<\/strong><span class=\"ez-toc-section-end\"><\/span><\/h2>\n<p>Podemos coletar dados individualizados espec\u00edficos durante suas explora\u00e7\u00f5es, abrangendo aspectos como seus marcadores de identidade, detalhes de correio eletr\u00f4nico e localizadores digitais. Esse processo de extra\u00e7\u00e3o aproveita o poder dos cookies e de ferramentas digitais an\u00e1logas. Ao mesmo tempo, tamb\u00e9m reunimos dados n\u00e3o individualizados, como especifica\u00e7\u00f5es de navegadores e intera\u00e7\u00f5es de p\u00e1ginas.<\/p>\n<h2><span class=\"ez-toc-section\" id=\"Harnessing_Your_Data\"><\/span><strong>Aproveitamento de seus dados<\/strong><span class=\"ez-toc-section-end\"><\/span><\/h2>\n<p>Seus dados servem como um farol, orientando-nos na personaliza\u00e7\u00e3o de sua experi\u00eancia no Rich Rocket, atendendo \u00e0s suas consultas e refinando nosso cen\u00e1rio digital. Eles tamb\u00e9m alimentam nossos esfor\u00e7os promocionais e de insight.<\/p>\n<h2><span class=\"ez-toc-section\" id=\"Data_Dissemination_Principles\"><\/span><strong>Princ\u00edpios de divulga\u00e7\u00e3o de dados<\/strong><span class=\"ez-toc-section-end\"><\/span><\/h2>\n<p>Evitamos divulgar seus dados individualizados a entidades externas, a menos que seja legalmente obrigat\u00f3rio ou essencial para a presta\u00e7\u00e3o de nossos servi\u00e7os. No entanto, dados n\u00e3o espec\u00edficos podem ser compartilhados para fins promocionais e anal\u00edticos.<\/p>\n<h2><span class=\"ez-toc-section\" id=\"Impenetrable_Data_Security\"><\/span><strong>Seguran\u00e7a de dados impenetr\u00e1vel<\/strong><span class=\"ez-toc-section-end\"><\/span><\/h2>\n<p>Empregando metodologias de ponta, fortalecemos seus dados contra penetra\u00e7\u00f5es e revela\u00e7\u00f5es n\u00e3o solicitadas. As solu\u00e7\u00f5es de criptografia garantem um ambiente semelhante a uma fortaleza para seus dados durante a transi\u00e7\u00e3o e a conserva\u00e7\u00e3o.<\/p>\n<h2><span class=\"ez-toc-section\" id=\"The_Cookie_Blueprint\"><\/span><strong>O projeto do cookie<\/strong><span class=\"ez-toc-section-end\"><\/span><\/h2>\n<p>Os cookies, unidades textuais min\u00fasculas, ajudam a aprimorar sua estadia no richrocketgame.com. Enquanto eles se aninham no seu dispositivo, voc\u00ea mant\u00e9m as r\u00e9deas, modulando a fun\u00e7\u00e3o deles por meio das configura\u00e7\u00f5es do navegador.<\/p>\n<h2><span class=\"ez-toc-section\" id=\"Navigating_External_Territories\"><\/span><strong>Navegando em territ\u00f3rios externos<\/strong><span class=\"ez-toc-section-end\"><\/span><\/h2>\n<p>Ao se aventurar em nossa plataforma, voc\u00ea poder\u00e1 encontrar portas de entrada para terrenos de terceiros. As pr\u00e1ticas de dados e a arquitetura de conte\u00fado desses terceiros permanecem fora do nosso alcance, e pedimos que voc\u00ea leia os manifestos de privacidade deles.<\/p>\n<h2><span class=\"ez-toc-section\" id=\"Young_Explorer_Guidelines\"><\/span><strong>Diretrizes do Young Explorer<\/strong><span class=\"ez-toc-section-end\"><\/span><\/h2>\n<p>O universo richrocketgame.com n\u00e3o foi criado para mentes jovens com menos de 18 ciclos solares. Evitamos conscientemente coletar dados deles.<\/p><script data-noptimize=\"\" data-wpfc-render=\"false\">\n\/* <![CDATA[ *\/\nfpm_start( \"true\" );\n\/* ]]> *\/\n<\/script>\n\n<h2><span class=\"ez-toc-section\" id=\"Evolution_of_Our_Privacy_Doctrine\"><\/span><strong>Evolu\u00e7\u00e3o de nossa doutrina de privacidade<\/strong><span class=\"ez-toc-section-end\"><\/span><\/h2>\n<p>\u00c0 medida que os dom\u00ednios digitais evoluem, nossa pol\u00edtica tamb\u00e9m evolui. Qualquer metamorfose ser\u00e1 esclarecida aqui. O alinhamento com o dom\u00ednio p\u00f3s-modifica\u00e7\u00e3o se traduz em seu aceno de aprova\u00e7\u00e3o.<\/p>\n<h2><span class=\"ez-toc-section\" id=\"Asserting_Your_Data_Rights\"><\/span><strong>Afirmando seus direitos de dados<\/strong><span class=\"ez-toc-section-end\"><\/span><\/h2>\n<p>Voc\u00ea tem o poder de examinar, alterar e eliminar os dados pessoais que armazenamos. Caso deseje restringir ou contestar nossos procedimentos de dados, entre em contato conosco.<\/p>\n<h2><span class=\"ez-toc-section\" id=\"Data_Conservation_Protocol\"><\/span><strong>Protocolo de conserva\u00e7\u00e3o de dados<\/strong><span class=\"ez-toc-section-end\"><\/span><\/h2>\n<p>Seus dados permanecem conosco pelo tempo necess\u00e1rio para oferecer nossos servi\u00e7os e conforme exigido pelas estruturas legais. Ap\u00f3s a expira\u00e7\u00e3o, seguimos um rigoroso protocolo de exclus\u00e3o.<\/p>\n<h2><span class=\"ez-toc-section\" id=\"Global_Data_Expeditions\"><\/span><strong>Expedi\u00e7\u00f5es de dados globais<\/strong><span class=\"ez-toc-section-end\"><\/span><\/h2>\n<p>Os dados podem transcender as fronteiras, viajando para territ\u00f3rios com regimes de prote\u00e7\u00e3o de dados variados. O envolvimento com a Rich Rocket significa que voc\u00ea concorda com essas viagens globais.<\/p>\n<h2><span class=\"ez-toc-section\" id=\"Concluding_Words\"><\/span><strong>Palavras finais<\/strong><span class=\"ez-toc-section-end\"><\/span><\/h2>\n<p>No richrocketgame.com, a santidade de seus dados n\u00e3o \u00e9 negoci\u00e1vel. Essa doutrina elucida nossas medidas rigorosas, prometendo um ambiente de confian\u00e7a. Caso surjam d\u00favidas, entre em contato conosco.<\/p>\n<div class=\"fpm_end\"><\/div>\n<div class=\"author-card author-card--top\"><img alt='foto do avatar' src='https:\/\/richrocketgame.com\/wp-content\/uploads\/2023\/03\/Paulo-Dornelas-130x130.jpg' srcset='https:\/\/richrocketgame.com\/wp-content\/uploads\/2023\/03\/Paulo-Dornelas-260x260.jpg 2x' class='avatar avatar-130 photo author-image' height='130' width='130' \/><div class=\"author-content text-md-center\"><span class=\"author-title\">Autor<\/span><a href=\"https:\/\/richrocketgame.com\/pt\/author\/paulo-dornelas\/\" class=\"author-name\">Paulo Dornelas<\/a><p class=\"author__details\">Paulo Dornelas \u00e9 um especialista em jogos de azar que dedicou sua vida a entender a ind\u00fastria e ajudar outros a ganhar dinheiro com ela. Ele tamb\u00e9m \u00e9 um \u00e1vido viajante, e adora explorar novos lugares. O conhecimento de Paulo sobre o jogo e sua paix\u00e3o por viagens fazem dele o guia perfeito para qualquer pessoa que procure obter lucros s\u00e9rios com apostas em esportes ou jogos de cassino.<\/p><\/div><!-- \/.author-content --><\/div>","protected":false},"excerpt":{"rendered":"<p>Em richrocketgame.com, temos a maior estima pela santidade de seus dados. Elaboramos meticulosamente uma pol\u00edtica abrangente, com foco em pr\u00e1ticas transparentes de dados. Nossa miss\u00e3o \u00e9 respeitar e proteger a pegada digital que voc\u00ea deixa conosco, garantindo uma intera\u00e7\u00e3o transparente e cheia de confian\u00e7a sempre que voc\u00ea se aventura em nosso dom\u00ednio. Nosso juramento: protegendo seu [...]<\/p>","protected":false},"author":2,"featured_media":0,"parent":0,"menu_order":0,"comment_status":"closed","ping_status":"closed","template":"","meta":{"footnotes":""},"class_list":["post-295","page","type-page","status-publish","hentry"],"yoast_head":"<!-- This site is optimized with the Yoast SEO plugin v26.7 - https:\/\/yoast.com\/wordpress\/plugins\/seo\/ -->\n<title>Privacy Policy: richrocketgame.com<\/title>\n<meta name=\"description\" content=\"At Rich Rocket Portal, we prioritize your data&#039;s security and transparency. Discover our practices that ensure utmost trust and clarity in every interaction.\" \/>\n<meta name=\"robots\" content=\"index, follow, max-snippet:-1, max-image-preview:large, max-video-preview:-1\" \/>\n<link rel=\"canonical\" href=\"https:\/\/richrocketgame.com\/pt\/privacy-policy\/\" \/>\n<meta property=\"og:locale\" content=\"pt_BR\" \/>\n<meta property=\"og:type\" content=\"article\" \/>\n<meta property=\"og:title\" content=\"Privacy Policy: richrocketgame.com\" \/>\n<meta property=\"og:description\" content=\"At Rich Rocket Portal, we prioritize your data&#039;s security and transparency. Discover our practices that ensure utmost trust and clarity in every interaction.\" \/>\n<meta property=\"og:url\" content=\"https:\/\/richrocketgame.com\/pt\/privacy-policy\/\" \/>\n<meta property=\"og:site_name\" content=\"Rich Rocket Game\" \/>\n<meta property=\"article:modified_time\" content=\"2023-09-25T17:42:33+00:00\" \/>\n<meta name=\"twitter:card\" content=\"summary_large_image\" \/>\n<meta name=\"twitter:label1\" content=\"Est. tempo de leitura\" \/>\n\t<meta name=\"twitter:data1\" content=\"3 minutos\" \/>\n<!-- \/ Yoast SEO plugin. -->","yoast_head_json":{"title":"Pol\u00edtica de privacidade: richrocketgame.com","description":"No Portal Rich Rocket, priorizamos a seguran\u00e7a e a transpar\u00eancia de seus dados. Descubra nossas pr\u00e1ticas que garantem a m\u00e1xima confian\u00e7a e clareza em cada intera\u00e7\u00e3o.","robots":{"index":"index","follow":"follow","max-snippet":"max-snippet:-1","max-image-preview":"max-image-preview:large","max-video-preview":"max-video-preview:-1"},"canonical":"https:\/\/richrocketgame.com\/pt\/privacy-policy\/","og_locale":"pt_BR","og_type":"article","og_title":"Privacy Policy: richrocketgame.com","og_description":"At Rich Rocket Portal, we prioritize your data's security and transparency. Discover our practices that ensure utmost trust and clarity in every interaction.","og_url":"https:\/\/richrocketgame.com\/pt\/privacy-policy\/","og_site_name":"Rich Rocket Game","article_modified_time":"2023-09-25T17:42:33+00:00","twitter_card":"summary_large_image","twitter_misc":{"Est. tempo de leitura":"3 minutos"},"schema":{"@context":"https:\/\/schema.org","@graph":[{"@type":"WebPage","@id":"https:\/\/richrocketgame.com\/privacy-policy\/","url":"https:\/\/richrocketgame.com\/privacy-policy\/","name":"Pol\u00edtica de privacidade: richrocketgame.com","isPartOf":{"@id":"https:\/\/richrocketgame.com\/#website"},"datePublished":"2023-09-25T09:14:57+00:00","dateModified":"2023-09-25T17:42:33+00:00","description":"No Portal Rich Rocket, priorizamos a seguran\u00e7a e a transpar\u00eancia de seus dados. Descubra nossas pr\u00e1ticas que garantem a m\u00e1xima confian\u00e7a e clareza em cada intera\u00e7\u00e3o.","breadcrumb":{"@id":"https:\/\/richrocketgame.com\/privacy-policy\/#breadcrumb"},"inLanguage":"pt-BR","potentialAction":[{"@type":"ReadAction","target":["https:\/\/richrocketgame.com\/privacy-policy\/"]}]},{"@type":"BreadcrumbList","@id":"https:\/\/richrocketgame.com\/privacy-policy\/#breadcrumb","itemListElement":[{"@type":"ListItem","position":1,"name":"\u0413\u043b\u0430\u0432\u043d\u0430\u044f \u0441\u0442\u0440\u0430\u043d\u0438\u0446\u0430","item":"https:\/\/richrocketgame.com\/"},{"@type":"ListItem","position":2,"name":"Privacy Policy: Protecting Your Personal Information"}]},{"@type":"WebSite","@id":"https:\/\/richrocketgame.com\/#website","url":"https:\/\/richrocketgame.com\/","name":"Jogo Rich Rocket","description":"","publisher":{"@id":"https:\/\/richrocketgame.com\/#organization"},"potentialAction":[{"@type":"SearchAction","target":{"@type":"EntryPoint","urlTemplate":"https:\/\/richrocketgame.com\/?s={search_term_string}"},"query-input":{"@type":"PropertyValueSpecification","valueRequired":true,"valueName":"search_term_string"}}],"inLanguage":"pt-BR"},{"@type":"Organization","@id":"https:\/\/richrocketgame.com\/#organization","name":"Jogo Rich Rocket","url":"https:\/\/richrocketgame.com\/","logo":{"@type":"ImageObject","inLanguage":"pt-BR","@id":"https:\/\/richrocketgame.com\/#\/schema\/logo\/image\/","url":"https:\/\/richrocketgame.com\/wp-content\/uploads\/2022\/09\/Rich-Rocket-earning-app.png","contentUrl":"https:\/\/richrocketgame.com\/wp-content\/uploads\/2022\/09\/Rich-Rocket-earning-app.png","width":512,"height":512,"caption":"Rich Rocket Game"},"image":{"@id":"https:\/\/richrocketgame.com\/#\/schema\/logo\/image\/"}}]}},"_links":{"self":[{"href":"https:\/\/richrocketgame.com\/pt\/wp-json\/wp\/v2\/pages\/295","targetHints":{"allow":["GET"]}}],"collection":[{"href":"https:\/\/richrocketgame.com\/pt\/wp-json\/wp\/v2\/pages"}],"about":[{"href":"https:\/\/richrocketgame.com\/pt\/wp-json\/wp\/v2\/types\/page"}],"author":[{"embeddable":true,"href":"https:\/\/richrocketgame.com\/pt\/wp-json\/wp\/v2\/users\/2"}],"replies":[{"embeddable":true,"href":"https:\/\/richrocketgame.com\/pt\/wp-json\/wp\/v2\/comments?post=295"}],"version-history":[{"count":0,"href":"https:\/\/richrocketgame.com\/pt\/wp-json\/wp\/v2\/pages\/295\/revisions"}],"wp:attachment":[{"href":"https:\/\/richrocketgame.com\/pt\/wp-json\/wp\/v2\/media?parent=295"}],"curies":[{"name":"wp","href":"https:\/\/api.w.org\/{rel}","templated":true}]}}