{"id":292,"date":"2023-09-25T12:06:19","date_gmt":"2023-09-25T09:06:19","guid":{"rendered":"https:\/\/richrocketgame.com\/?page_id=292"},"modified":"2023-09-25T20:40:56","modified_gmt":"2023-09-25T17:40:56","slug":"cookies-policy","status":"publish","type":"page","link":"https:\/\/richrocketgame.com\/pt\/cookies-policy\/","title":{"rendered":"Pol\u00edtica de cookies"},"content":{"rendered":"<div class=\"fpm_start\"><\/div>\n<p>Mergulhe no reino multifacetado dos cookies no Rich Rocket Game. Nosso guia esclarece os in\u00fameros tipos de cookies empregados, destacando suas fun\u00e7\u00f5es essenciais para elevar sua jornada on-line. Percorra esse labirinto de cookies, munindo-se de conhecimento para controlar e otimizar suas prefer\u00eancias de navega\u00e7\u00e3o.<\/p>\n<div id=\"ez-toc-container\" class=\"ez-toc-v2_0_62 counter-hierarchy ez-toc-counter ez-toc-grey ez-toc-container-direction\">\n<div class=\"ez-toc-title-container\">\n<p class=\"ez-toc-title\" >\u00cdndice<\/p>\n<span class=\"ez-toc-title-toggle\"><a href=\"#\" class=\"ez-toc-pull-right ez-toc-btn ez-toc-btn-xs ez-toc-btn-default ez-toc-toggle\" aria-label=\"Alternar Tabela de Conte\u00fado\"><span class=\"ez-toc-js-icon-con\"><span class=\"\"><span class=\"eztoc-hide\" style=\"display:none;\">Alternar<\/span><span class=\"ez-toc-icon-toggle-span\"><svg style=\"fill: #999;color:#999\" xmlns=\"http:\/\/www.w3.org\/2000\/svg\" class=\"list-377408\" width=\"20px\" height=\"20px\" viewbox=\"0 0 24 24\" fill=\"none\"><path d=\"M6 6H4v2h2V6zm14 0H8v2h12V6zM4 11h2v2H4v-2zm16 0H8v2h12v-2zM4 16h2v2H4v-2zm16 0H8v2h12v-2z\" fill=\"currentColor\"><\/path><\/svg><svg style=\"fill: #999;color:#999\" class=\"arrow-unsorted-368013\" xmlns=\"http:\/\/www.w3.org\/2000\/svg\" width=\"10px\" height=\"10px\" viewbox=\"0 0 24 24\" version=\"1.2\" baseprofile=\"tiny\"><path d=\"M18.2 9.3l-6.2-6.3-6.2 6.3c-.2.2-.3.4-.3.7s.1.5.3.7c.2.2.4.3.7.3h11c.3 0 .5-.1.7-.3.2-.2.3-.5.3-.7s-.1-.5-.3-.7zM5.8 14.7l6.2 6.3 6.2-6.3c.2-.2.3-.5.3-.7s-.1-.5-.3-.7c-.2-.2-.4-.3-.7-.3h-11c-.3 0-.5.1-.7.3-.2.2-.3.5-.3.7s.1.5.3.7z\"\/><\/svg><\/span><\/span><\/span><\/a><\/span><\/div>\n<nav><ul class='ez-toc-list ez-toc-list-level-1 eztoc-toggle-hide-by-default' ><li class='ez-toc-page-1 ez-toc-heading-level-2'><a class=\"ez-toc-link ez-toc-heading-1\" href=\"https:\/\/richrocketgame.com\/pt\/cookies-policy\/#Rich_Rocket_Game_The_Cookie_Conundrum\" title=\"Jogo Rich Rocket e o enigma dos biscoitos\">Jogo Rich Rocket e o enigma dos biscoitos<\/a><\/li><li class='ez-toc-page-1 ez-toc-heading-level-2'><a class=\"ez-toc-link ez-toc-heading-2\" href=\"https:\/\/richrocketgame.com\/pt\/cookies-policy\/#Cookie_Chronicles_The_What_and_Why\" title=\"Cr\u00f4nicas de cookies: O qu\u00ea e por qu\u00ea\">Cr\u00f4nicas de cookies: O qu\u00ea e por qu\u00ea<\/a><\/li><li class='ez-toc-page-1 ez-toc-heading-level-2'><a class=\"ez-toc-link ez-toc-heading-3\" href=\"https:\/\/richrocketgame.com\/pt\/cookies-policy\/#Deploying_Cookies_at_Rich_Rocket_Game\" title=\"Implanta\u00e7\u00e3o de cookies no jogo Rich Rocket\">Implanta\u00e7\u00e3o de cookies no jogo Rich Rocket<\/a><\/li><li class='ez-toc-page-1 ez-toc-heading-level-2'><a class=\"ez-toc-link ez-toc-heading-4\" href=\"https:\/\/richrocketgame.com\/pt\/cookies-policy\/#Associating_with_Third-party_Cookies\" title=\"Associa\u00e7\u00e3o com cookies de terceiros\">Associa\u00e7\u00e3o com cookies de terceiros<\/a><\/li><li class='ez-toc-page-1 ez-toc-heading-level-2'><a class=\"ez-toc-link ez-toc-heading-5\" href=\"https:\/\/richrocketgame.com\/pt\/cookies-policy\/#Mastering_Your_Cookie_Destiny\" title=\"Dominando seu destino de cookies\">Dominando seu destino de cookies<\/a><\/li><\/ul><\/nav><\/div>\n<h2><span class=\"ez-toc-section\" id=\"Rich_Rocket_Game_The_Cookie_Conundrum\"><\/span><strong>Jogo Rich Rocket e o enigma dos biscoitos<\/strong><span class=\"ez-toc-section-end\"><\/span><\/h2>\n<p>No cora\u00e7\u00e3o do Rich Rocket Game, empregamos pequenos pacotes de dados, comumente chamados de cookies, para combinar perfeitamente a experi\u00eancia do usu\u00e1rio com a funcionalidade principal do nosso site. Sua intera\u00e7\u00e3o com nosso portal significa um endosso impl\u00edcito de nossa implanta\u00e7\u00e3o de cookies. Este guia explicativo esclarece a natureza dos cookies, sua aplica\u00e7\u00e3o, afilia\u00e7\u00f5es de terceiros e estrat\u00e9gias abrangentes para controlar suas escolhas de cookies.<\/p>\n<h2><span class=\"ez-toc-section\" id=\"Cookie_Chronicles_The_What_and_Why\"><\/span><strong>Cr\u00f4nicas de cookies: O qu\u00ea e por qu\u00ea<\/strong><span class=\"ez-toc-section-end\"><\/span><\/h2>\n<p>Cookies s\u00e3o fragmentos de texto sucintos transmitidos por um portal da Web, que seu navegador arquiva. Essa rel\u00edquia digital serve como um identificador, refinando suas visitas sucessivas, aprimorando a efici\u00eancia do site e adaptando o conte\u00fado espec\u00edfico do usu\u00e1rio. Categorizados em variedades persistentes e de sess\u00e3o, os primeiros permanecem ap\u00f3s a sess\u00e3o, enquanto os \u00faltimos desaparecem ap\u00f3s a navega\u00e7\u00e3o.<\/p>\n<h2><span class=\"ez-toc-section\" id=\"Deploying_Cookies_at_Rich_Rocket_Game\"><\/span><strong>Implanta\u00e7\u00e3o de cookies no jogo Rich Rocket<\/strong><span class=\"ez-toc-section-end\"><\/span><\/h2>\n<p>Nossa estrat\u00e9gia utiliza cookies para:<\/p>\n<ol>\n<li><strong>Ativar fun\u00e7\u00f5es integrais<\/strong>: Apoiar as opera\u00e7\u00f5es fundamentais do site, garantindo a identifica\u00e7\u00e3o segura do usu\u00e1rio e combatendo o engano da conta.<\/li>\n<li><strong>Analisar e refinar<\/strong>: Aproveitamento de cookies anal\u00edticos para examinar as intera\u00e7\u00f5es no site, abrindo caminho para melhorias iterativas e lan\u00e7amentos de recursos inovadores.<\/li>\n<li><strong>Personaliza\u00e7\u00e3o de an\u00fancios<\/strong>: Obten\u00e7\u00e3o de cookies de publicidade de terceiros, curadoria de an\u00fancios que se relacionam com sua trilha digital, encapsulamento de p\u00e1ginas navegadas e links clicados.<\/li>\n<\/ol>\n<h2><span class=\"ez-toc-section\" id=\"Associating_with_Third-party_Cookies\"><\/span><strong>Associa\u00e7\u00e3o com cookies de terceiros<\/strong><span class=\"ez-toc-section-end\"><\/span><\/h2>\n<p>Al\u00e9m de nossos cookies nativos, a Rich Rocket Game se alia a entidades de terceiros conceituadas, com o objetivo de capturar m\u00e9tricas de uso complexas, propagar an\u00fancios estrat\u00e9gicos e refinar as ofertas centradas no usu\u00e1rio.<\/p>\n<h2><span class=\"ez-toc-section\" id=\"Mastering_Your_Cookie_Destiny\"><\/span><strong>Dominando seu destino de cookies<\/strong><span class=\"ez-toc-section-end\"><\/span><\/h2>\n<p>Capacite sua navega\u00e7\u00e3o gerenciando cookies por meio das configura\u00e7\u00f5es dedicadas do seu navegador. Navegue at\u00e9 o segmento de assist\u00eancia de seu navegador para obter orienta\u00e7\u00e3o passo a passo. Lembre-se de que a restri\u00e7\u00e3o de determinados cookies pode inibir funcionalidades espec\u00edficas, afetando potencialmente a exibi\u00e7\u00e3o do site e a experi\u00eancia do usu\u00e1rio.<\/p><script data-noptimize=\"\" data-wpfc-render=\"false\">\n\/* <![CDATA[ *\/\nfpm_start( \"true\" );\n\/* ]]> *\/\n<\/script>\n\n<div class=\"fpm_end\"><\/div>\n<div class=\"author-card author-card--top\"><img alt='foto do avatar' src='https:\/\/richrocketgame.com\/wp-content\/uploads\/2023\/03\/Paulo-Dornelas-130x130.jpg' srcset='https:\/\/richrocketgame.com\/wp-content\/uploads\/2023\/03\/Paulo-Dornelas-260x260.jpg 2x' class='avatar avatar-130 photo author-image' height='130' width='130' \/><div class=\"author-content text-md-center\"><span class=\"author-title\">Autor<\/span><a href=\"https:\/\/richrocketgame.com\/pt\/author\/paulo-dornelas\/\" class=\"author-name\">Paulo Dornelas<\/a><p class=\"author__details\">Paulo Dornelas \u00e9 um especialista em jogos de azar que dedicou sua vida a entender a ind\u00fastria e ajudar outros a ganhar dinheiro com ela. Ele tamb\u00e9m \u00e9 um \u00e1vido viajante, e adora explorar novos lugares. O conhecimento de Paulo sobre o jogo e sua paix\u00e3o por viagens fazem dele o guia perfeito para qualquer pessoa que procure obter lucros s\u00e9rios com apostas em esportes ou jogos de cassino.<\/p><\/div><!-- \/.author-content --><\/div>","protected":false},"excerpt":{"rendered":"<p>Mergulhe no reino multifacetado dos cookies no Rich Rocket Game. Nosso guia elucida os in\u00fameros tipos de cookies empregados, destacando suas fun\u00e7\u00f5es essenciais na eleva\u00e7\u00e3o de sua jornada online. Percorra este labirinto de cookies, munindo-se de conhecimentos para controlar e otimizar as suas prefer\u00eancias de navega\u00e7\u00e3o. Jogo Rich Rocket e o enigma dos biscoitos No cora\u00e7\u00e3o [...]<\/p>","protected":false},"author":2,"featured_media":0,"parent":0,"menu_order":0,"comment_status":"closed","ping_status":"closed","template":"","meta":{"footnotes":""},"class_list":["post-292","page","type-page","status-publish","hentry"],"yoast_head":"<!-- This site is optimized with the Yoast SEO plugin v26.7 - https:\/\/yoast.com\/wordpress\/plugins\/seo\/ -->\n<title>Rich Rocket Game: Comprehensive Cookie Policy Guide<\/title>\n<meta name=\"description\" content=\"Explore Rich Rocket Game&#039;s detailed cookie policy. Understand their types, usage, and your control options. Ensuring a transparent, enhanced browsing experience.\" \/>\n<meta name=\"robots\" content=\"index, follow, max-snippet:-1, max-image-preview:large, max-video-preview:-1\" \/>\n<link rel=\"canonical\" href=\"https:\/\/richrocketgame.com\/pt\/cookies-policy\/\" \/>\n<meta property=\"og:locale\" content=\"pt_BR\" \/>\n<meta property=\"og:type\" content=\"article\" \/>\n<meta property=\"og:title\" content=\"Rich Rocket Game: Comprehensive Cookie Policy Guide\" \/>\n<meta property=\"og:description\" content=\"Explore Rich Rocket Game&#039;s detailed cookie policy. Understand their types, usage, and your control options. Ensuring a transparent, enhanced browsing experience.\" \/>\n<meta property=\"og:url\" content=\"https:\/\/richrocketgame.com\/pt\/cookies-policy\/\" \/>\n<meta property=\"og:site_name\" content=\"Rich Rocket Game\" \/>\n<meta property=\"article:modified_time\" content=\"2023-09-25T17:40:56+00:00\" \/>\n<meta name=\"twitter:card\" content=\"summary_large_image\" \/>\n<meta name=\"twitter:label1\" content=\"Est. tempo de leitura\" \/>\n\t<meta name=\"twitter:data1\" content=\"2 minutos\" \/>\n<!-- \/ Yoast SEO plugin. -->","yoast_head_json":{"title":"Jogo Rich Rocket: Guia completo da pol\u00edtica de cookies","description":"Explore a pol\u00edtica detalhada de cookies do Rich Rocket Game. Entenda seus tipos, uso e op\u00e7\u00f5es de controle. Garantindo uma experi\u00eancia de navega\u00e7\u00e3o transparente e aprimorada.","robots":{"index":"index","follow":"follow","max-snippet":"max-snippet:-1","max-image-preview":"max-image-preview:large","max-video-preview":"max-video-preview:-1"},"canonical":"https:\/\/richrocketgame.com\/pt\/cookies-policy\/","og_locale":"pt_BR","og_type":"article","og_title":"Rich Rocket Game: Comprehensive Cookie Policy Guide","og_description":"Explore Rich Rocket Game's detailed cookie policy. Understand their types, usage, and your control options. Ensuring a transparent, enhanced browsing experience.","og_url":"https:\/\/richrocketgame.com\/pt\/cookies-policy\/","og_site_name":"Rich Rocket Game","article_modified_time":"2023-09-25T17:40:56+00:00","twitter_card":"summary_large_image","twitter_misc":{"Est. tempo de leitura":"2 minutos"},"schema":{"@context":"https:\/\/schema.org","@graph":[{"@type":"WebPage","@id":"https:\/\/richrocketgame.com\/cookies-policy\/","url":"https:\/\/richrocketgame.com\/cookies-policy\/","name":"Jogo Rich Rocket: Guia completo da pol\u00edtica de cookies","isPartOf":{"@id":"https:\/\/richrocketgame.com\/#website"},"datePublished":"2023-09-25T09:06:19+00:00","dateModified":"2023-09-25T17:40:56+00:00","description":"Explore a pol\u00edtica detalhada de cookies do Rich Rocket Game. Entenda seus tipos, uso e op\u00e7\u00f5es de controle. Garantindo uma experi\u00eancia de navega\u00e7\u00e3o transparente e aprimorada.","breadcrumb":{"@id":"https:\/\/richrocketgame.com\/cookies-policy\/#breadcrumb"},"inLanguage":"pt-BR","potentialAction":[{"@type":"ReadAction","target":["https:\/\/richrocketgame.com\/cookies-policy\/"]}]},{"@type":"BreadcrumbList","@id":"https:\/\/richrocketgame.com\/cookies-policy\/#breadcrumb","itemListElement":[{"@type":"ListItem","position":1,"name":"\u0413\u043b\u0430\u0432\u043d\u0430\u044f \u0441\u0442\u0440\u0430\u043d\u0438\u0446\u0430","item":"https:\/\/richrocketgame.com\/"},{"@type":"ListItem","position":2,"name":"Cookie Policy"}]},{"@type":"WebSite","@id":"https:\/\/richrocketgame.com\/#website","url":"https:\/\/richrocketgame.com\/","name":"Jogo Rich Rocket","description":"","publisher":{"@id":"https:\/\/richrocketgame.com\/#organization"},"potentialAction":[{"@type":"SearchAction","target":{"@type":"EntryPoint","urlTemplate":"https:\/\/richrocketgame.com\/?s={search_term_string}"},"query-input":{"@type":"PropertyValueSpecification","valueRequired":true,"valueName":"search_term_string"}}],"inLanguage":"pt-BR"},{"@type":"Organization","@id":"https:\/\/richrocketgame.com\/#organization","name":"Jogo Rich Rocket","url":"https:\/\/richrocketgame.com\/","logo":{"@type":"ImageObject","inLanguage":"pt-BR","@id":"https:\/\/richrocketgame.com\/#\/schema\/logo\/image\/","url":"https:\/\/richrocketgame.com\/wp-content\/uploads\/2022\/09\/Rich-Rocket-earning-app.png","contentUrl":"https:\/\/richrocketgame.com\/wp-content\/uploads\/2022\/09\/Rich-Rocket-earning-app.png","width":512,"height":512,"caption":"Rich Rocket Game"},"image":{"@id":"https:\/\/richrocketgame.com\/#\/schema\/logo\/image\/"}}]}},"_links":{"self":[{"href":"https:\/\/richrocketgame.com\/pt\/wp-json\/wp\/v2\/pages\/292","targetHints":{"allow":["GET"]}}],"collection":[{"href":"https:\/\/richrocketgame.com\/pt\/wp-json\/wp\/v2\/pages"}],"about":[{"href":"https:\/\/richrocketgame.com\/pt\/wp-json\/wp\/v2\/types\/page"}],"author":[{"embeddable":true,"href":"https:\/\/richrocketgame.com\/pt\/wp-json\/wp\/v2\/users\/2"}],"replies":[{"embeddable":true,"href":"https:\/\/richrocketgame.com\/pt\/wp-json\/wp\/v2\/comments?post=292"}],"version-history":[{"count":0,"href":"https:\/\/richrocketgame.com\/pt\/wp-json\/wp\/v2\/pages\/292\/revisions"}],"wp:attachment":[{"href":"https:\/\/richrocketgame.com\/pt\/wp-json\/wp\/v2\/media?parent=292"}],"curies":[{"name":"wp","href":"https:\/\/api.w.org\/{rel}","templated":true}]}}