{"id":129,"date":"2023-02-14T21:04:36","date_gmt":"2023-02-14T18:04:36","guid":{"rendered":"https:\/\/richrocketgame.com\/?page_id=129"},"modified":"2024-04-12T13:43:29","modified_gmt":"2024-04-12T10:43:29","slug":"rich-rocket-demo-game","status":"publish","type":"page","link":"https:\/\/richrocketgame.com\/pt\/rich-rocket-demo-game\/","title":{"rendered":"Jogo de demonstra\u00e7\u00e3o Rich Rocket"},"content":{"rendered":"<div class=\"fpm_start\"><\/div>\n<p>O Rich Rocket, trazido at\u00e9 voc\u00ea pelo provedor de software Lucky Elephant, \u00e9 o jogo de ca\u00e7a-n\u00edqueis perfeito para aqueles que buscam uma experi\u00eancia de jogo emocionante e emocionante. Com sua taxa de 96.30% RTP e generosos potenciais de pagamento, este lan\u00e7amento de 2020 se tornou o favorito entre muitos jogadores indianos que escolhem o cassino 4rabet como sua fonte de entretenimento. O que o torna ainda mais \u00fanico \u00e9 o recurso Jackpot Safe - dando aos usu\u00e1rios uma vantagem extra ao tentarem sua sorte!<br \/>\n<iframe style=\"overflow: hidden; display: block; width: 100%; height: 691px; border: none; margin: 0px auto;\" src=\"https:\/\/gamicorp.com\/api\/wrapper\/MThwUE0KP5TkVgJiOHNt6ObZJJ7bAMTlteTXMFkH1lPOu9iBwHG8LyqUYzrVvu84LbtkLKbpZtchjQGqupXB8uEB9mlIRYaWkrNUgsQkzm1C23RqJgfMlZRyUPnpmjxv\" frameborder=\"0\" scrolling=\"no\" allowfullscreen=\"allowfullscreen\"><span data-mce-type=\"bookmark\" style=\"display: inline-block; width: 0px; overflow: hidden; line-height: 0;\" class=\"mce_SELRES_start\"><\/span><\/iframe><\/p>\n<div style=\"text-align: center;\"><a class=\"glow-button\" href=\"\/pt\/go\/registration\/\">Jogue Rich Rocket com dinheiro real \ud83d\ude80<\/a><\/div>\n<div id=\"ez-toc-container\" class=\"ez-toc-v2_0_62 counter-hierarchy ez-toc-counter ez-toc-grey ez-toc-container-direction\">\n<div class=\"ez-toc-title-container\">\n<p class=\"ez-toc-title\" >\u00cdndice<\/p>\n<span class=\"ez-toc-title-toggle\"><a href=\"#\" class=\"ez-toc-pull-right ez-toc-btn ez-toc-btn-xs ez-toc-btn-default ez-toc-toggle\" aria-label=\"Alternar Tabela de Conte\u00fado\"><span class=\"ez-toc-js-icon-con\"><span class=\"\"><span class=\"eztoc-hide\" style=\"display:none;\">Alternar<\/span><span class=\"ez-toc-icon-toggle-span\"><svg style=\"fill: #999;color:#999\" xmlns=\"http:\/\/www.w3.org\/2000\/svg\" class=\"list-377408\" width=\"20px\" height=\"20px\" viewbox=\"0 0 24 24\" fill=\"none\"><path d=\"M6 6H4v2h2V6zm14 0H8v2h12V6zM4 11h2v2H4v-2zm16 0H8v2h12v-2zM4 16h2v2H4v-2zm16 0H8v2h12v-2z\" fill=\"currentColor\"><\/path><\/svg><svg style=\"fill: #999;color:#999\" class=\"arrow-unsorted-368013\" xmlns=\"http:\/\/www.w3.org\/2000\/svg\" width=\"10px\" height=\"10px\" viewbox=\"0 0 24 24\" version=\"1.2\" baseprofile=\"tiny\"><path d=\"M18.2 9.3l-6.2-6.3-6.2 6.3c-.2.2-.3.4-.3.7s.1.5.3.7c.2.2.4.3.7.3h11c.3 0 .5-.1.7-.3.2-.2.3-.5.3-.7s-.1-.5-.3-.7zM5.8 14.7l6.2 6.3 6.2-6.3c.2-.2.3-.5.3-.7s-.1-.5-.3-.7c-.2-.2-.4-.3-.7-.3h-11c-.3 0-.5.1-.7.3-.2.2-.3.5-.3.7s.1.5.3.7z\"\/><\/svg><\/span><\/span><\/span><\/a><\/span><\/div>\n<nav><ul class='ez-toc-list ez-toc-list-level-1 eztoc-toggle-hide-by-default' ><li class='ez-toc-page-1 ez-toc-heading-level-2'><a class=\"ez-toc-link ez-toc-heading-1\" href=\"https:\/\/richrocketgame.com\/pt\/rich-rocket-demo-game\/#What_you_need_to_know_about_Rich_Rocket_Demo\" title=\"O que voc\u00ea precisa saber sobre a demonstra\u00e7\u00e3o do Rich Rocket?\">O que voc\u00ea precisa saber sobre a demonstra\u00e7\u00e3o do Rich Rocket?<\/a><\/li><li class='ez-toc-page-1 ez-toc-heading-level-2'><a class=\"ez-toc-link ez-toc-heading-2\" href=\"https:\/\/richrocketgame.com\/pt\/rich-rocket-demo-game\/#Benefits_of_Free_Play_Rick_Rocket_Version\" title=\"Vantagens da vers\u00e3o Free Play Rick Rocket\">Vantagens da vers\u00e3o Free Play Rick Rocket<\/a><\/li><li class='ez-toc-page-1 ez-toc-heading-level-2'><a class=\"ez-toc-link ez-toc-heading-3\" href=\"https:\/\/richrocketgame.com\/pt\/rich-rocket-demo-game\/#Where_can_you_play_at_Rich_Rocket_Demo\" title=\"Onde voc\u00ea pode tocar no Rich Rocket Demo?\">Onde voc\u00ea pode tocar no Rich Rocket Demo?<\/a><\/li><li class='ez-toc-page-1 ez-toc-heading-level-2'><a class=\"ez-toc-link ez-toc-heading-4\" href=\"https:\/\/richrocketgame.com\/pt\/rich-rocket-demo-game\/#FAQ\" title=\"FAQ\">FAQ<\/a><ul class='ez-toc-list-level-3' ><li class='ez-toc-heading-level-3'><a class=\"ez-toc-link ez-toc-heading-5\" href=\"https:\/\/richrocketgame.com\/pt\/rich-rocket-demo-game\/#Is_Rich_Rocket_Demo_available_to_play_in_India\" title=\"O Rich Rocket Demo est\u00e1 dispon\u00edvel para jogar na \u00cdndia?\">O Rich Rocket Demo est\u00e1 dispon\u00edvel para jogar na \u00cdndia?<\/a><\/li><li class='ez-toc-page-1 ez-toc-heading-level-3'><a class=\"ez-toc-link ez-toc-heading-6\" href=\"https:\/\/richrocketgame.com\/pt\/rich-rocket-demo-game\/#Are_there_any_differences_between_the_demo_and_paid_versions_of_this_game\" title=\"H\u00e1 alguma diferen\u00e7a entre as vers\u00f5es demo e paga deste jogo?\">H\u00e1 alguma diferen\u00e7a entre as vers\u00f5es demo e paga deste jogo?<\/a><\/li><li class='ez-toc-page-1 ez-toc-heading-level-3'><a class=\"ez-toc-link ez-toc-heading-7\" href=\"https:\/\/richrocketgame.com\/pt\/rich-rocket-demo-game\/#What_are_the_benefits_of_playing_this_game_in_demo_mode\" title=\"Quais s\u00e3o os benef\u00edcios de jogar este jogo em modo de demonstra\u00e7\u00e3o?\">Quais s\u00e3o os benef\u00edcios de jogar este jogo em modo de demonstra\u00e7\u00e3o?<\/a><\/li><\/ul><\/li><\/ul><\/nav><\/div>\n<h2><span class=\"ez-toc-section\" id=\"What_you_need_to_know_about_Rich_Rocket_Demo\"><\/span>O que voc\u00ea precisa saber sobre a demonstra\u00e7\u00e3o do Rich Rocket?<span class=\"ez-toc-section-end\"><\/span><\/h2>\n<p>Quando voc\u00ea <a href=\"https:\/\/richrocketgame.com\/pt\/\">jogar Rich Rocket<\/a> em um cassino online licenciado, voc\u00ea pode experimentar o jogo sem arriscar nenhum dinheiro; isto ajuda a se familiarizar com o ca\u00e7a-n\u00edqueis e elaborar t\u00e1ticas e estrat\u00e9gias. A vers\u00e3o gratuita \u00e9 completamente id\u00eantica \u00e0 sua contrapartida paga, exceto que quando se joga de gra\u00e7a n\u00e3o h\u00e1 pr\u00eamios em dinheiro concedidos. Isto facilita a identifica\u00e7\u00e3o das apostas bem-sucedidas, pois o dinheiro virtual ser\u00e1 apostado independentemente de ganhar ou n\u00e3o - permitindo que os jogadores pratiquem suas habilidades sem risco!<\/p>\n<div id=\"attachment_133\" style=\"width: 994px\" class=\"wp-caption aligncenter\"><a href=\"https:\/\/richrocketgame.com\/pt\/go\/registration\/\"><img decoding=\"async\" aria-describedby=\"caption-attachment-133\" class=\"wp-image-133 size-large\" title=\"Rich Rocket Demonstra\u00e7\u00e3o\" src=\"https:\/\/richrocketgame.com\/wp-content\/uploads\/2023\/02\/Rich-Rocket-Demo-1024x260.png\" alt=\"Rich Rocket Demonstra\u00e7\u00e3o\" width=\"994\" height=\"252\" srcset=\"https:\/\/richrocketgame.com\/wp-content\/uploads\/2023\/02\/Rich-Rocket-Demo-1024x260.png 1024w, https:\/\/richrocketgame.com\/wp-content\/uploads\/2023\/02\/Rich-Rocket-Demo-300x76.png 300w, https:\/\/richrocketgame.com\/wp-content\/uploads\/2023\/02\/Rich-Rocket-Demo-768x195.png 768w, https:\/\/richrocketgame.com\/wp-content\/uploads\/2023\/02\/Rich-Rocket-Demo-18x5.png 18w, https:\/\/richrocketgame.com\/wp-content\/uploads\/2023\/02\/Rich-Rocket-Demo-158x40.png 158w, https:\/\/richrocketgame.com\/wp-content\/uploads\/2023\/02\/Rich-Rocket-Demo-126x32.png 126w, https:\/\/richrocketgame.com\/wp-content\/uploads\/2023\/02\/Rich-Rocket-Demo-315x80.png 315w, https:\/\/richrocketgame.com\/wp-content\/uploads\/2023\/02\/Rich-Rocket-Demo-532x135.png 532w, https:\/\/richrocketgame.com\/wp-content\/uploads\/2023\/02\/Rich-Rocket-Demo.png 1414w\" sizes=\"(max-width: 994px) 100vw, 994px\" \/><\/a><p id=\"caption-attachment-133\" class=\"wp-caption-text\">Rich Rocket Demonstra\u00e7\u00e3o<\/p><\/div>\n<p>Com a vers\u00e3o paga deste jogo, voc\u00ea pode aumentar suas chances de sucesso ao fazer apostas e ganhar. Seja no computador ou atrav\u00e9s do download de jogos de cassino diretamente para seu smartphone, voc\u00ea tem acesso a qualquer hora e em qualquer lugar!<\/p>\n<div style=\"text-align: center;\"><a class=\"glow-button\" href=\"\/pt\/go\/registration\/\">Jogue o jogo Rich Rocket \ud83d\ude80<\/a><\/div>\n<h2><span class=\"ez-toc-section\" id=\"Benefits_of_Free_Play_Rick_Rocket_Version\"><\/span>Vantagens da vers\u00e3o Free Play Rick Rocket<span class=\"ez-toc-section-end\"><\/span><\/h2>\n<p>A demonstra\u00e7\u00e3o gratuita Rich Rocket torna uma \u00f3tima maneira para jogadores novos e experientes praticarem suas habilidades de jogo. Sem risco de perder dinheiro, os jogadores s\u00e3o livres para experimentar diferentes estrat\u00e9gias que podem ser ben\u00e9ficas ao jogar com dinheiro real. Al\u00e9m disso, esta vers\u00e3o do jogo permite aos usu\u00e1rios explorar todas as caracter\u00edsticas e b\u00f4nus inclu\u00eddos no Rich Rocket sem ter que gastar nenhum dinheiro. Isto ajuda os jogadores a se tornarem bem informados e sem d\u00favida aumentar\u00e1 suas chances de sucesso quando jogarem com apostas reais.<\/p>\n<div id=\"attachment_134\" style=\"width: 780px\" class=\"wp-caption aligncenter\"><a href=\"https:\/\/richrocketgame.com\/pt\/go\/registration\/\"><img decoding=\"async\" aria-describedby=\"caption-attachment-134\" class=\"wp-image-134\" title=\"Rich Rocket Jogo Livre\" src=\"https:\/\/richrocketgame.com\/wp-content\/uploads\/2023\/02\/Rich-Rocket-Free-Play.png\" alt=\"Rich Rocket Jogo Livre\" width=\"780\" height=\"525\" srcset=\"https:\/\/richrocketgame.com\/wp-content\/uploads\/2023\/02\/Rich-Rocket-Free-Play.png 826w, https:\/\/richrocketgame.com\/wp-content\/uploads\/2023\/02\/Rich-Rocket-Free-Play-300x202.png 300w, https:\/\/richrocketgame.com\/wp-content\/uploads\/2023\/02\/Rich-Rocket-Free-Play-768x517.png 768w, https:\/\/richrocketgame.com\/wp-content\/uploads\/2023\/02\/Rich-Rocket-Free-Play-18x12.png 18w, https:\/\/richrocketgame.com\/wp-content\/uploads\/2023\/02\/Rich-Rocket-Free-Play-59x40.png 59w, https:\/\/richrocketgame.com\/wp-content\/uploads\/2023\/02\/Rich-Rocket-Free-Play-48x32.png 48w, https:\/\/richrocketgame.com\/wp-content\/uploads\/2023\/02\/Rich-Rocket-Free-Play-119x80.png 119w, https:\/\/richrocketgame.com\/wp-content\/uploads\/2023\/02\/Rich-Rocket-Free-Play-201x135.png 201w\" sizes=\"(max-width: 780px) 100vw, 780px\" \/><\/a><p id=\"caption-attachment-134\" class=\"wp-caption-text\">Rich Rocket Jogo Livre<\/p><\/div>\n<p>Al\u00e9m disso, como mencionado anteriormente, \u00e9 sempre sensato experimentar um jogo de cassino antes de investir seu dinheiro ganho duramente - e a Vers\u00e3o Demo Rich Rocket permite que os jogadores fa\u00e7am isso. E quando se sentirem prontos, eles podem pular diretamente para a vers\u00e3o paga e come\u00e7ar a jogar de verdade!<\/p>\n<div style=\"text-align: center;\"><a class=\"glow-button\" href=\"\/pt\/go\/registration\/\">\ud83d\ude80 Jogue Rich Rocket<\/a><\/div>\n<h2><span class=\"ez-toc-section\" id=\"Where_can_you_play_at_Rich_Rocket_Demo\"><\/span>Onde voc\u00ea pode tocar no Rich Rocket Demo?<span class=\"ez-toc-section-end\"><\/span><\/h2>\n<p><a href=\"https:\/\/richrocketgame.com\/pt\/play-rich-rocket-parimatch-casino\/\">Parimatch<\/a> e <a href=\"https:\/\/richrocketgame.com\/pt\/play-rich-rocket-4rabet-casino\/\">Cassino 4rabet<\/a> s\u00e3o dois dos cassinos online mais populares da \u00cdndia, oferecendo uma ampla gama de experi\u00eancias de jogo. Ambos os cassinos t\u00eam a vers\u00e3o demo Rich Rocket dispon\u00edvel para jogar, permitindo que os jogadores experimentem este jogo emocionante sem nenhum risco envolvido. Com a vers\u00e3o demo, os usu\u00e1rios podem experimentar diferentes estrat\u00e9gias e t\u00e1ticas antes de decidir se querem ou n\u00e3o come\u00e7ar a jogar por dinheiro real.<\/p><script data-noptimize=\"\" data-wpfc-render=\"false\">\n\/* <![CDATA[ *\/\nfpm_start( \"true\" );\n\/* ]]> *\/\n<\/script>\n\n<div style=\"text-align: center;\"><a class=\"glow-button\" href=\"\/pt\/go\/registration\/\">Jogue Rich Rocket com dinheiro real \ud83d\udcb0<\/a><\/div>\n<h2><span class=\"ez-toc-section\" id=\"FAQ\"><\/span>FAQ<span class=\"ez-toc-section-end\"><\/span><\/h2>\n        <section class=\"sc_fs_faq sc_card\">\n            <div>\n\t\t\t\t<h3><span class=\"ez-toc-section\" id=\"Is_Rich_Rocket_Demo_available_to_play_in_India\"><\/span>O Rich Rocket Demo est\u00e1 dispon\u00edvel para jogar na \u00cdndia?<span class=\"ez-toc-section-end\"><\/span><\/h3>                <div>\n\t\t\t\t\t                    <p>\n\t\t\t\t\t\tSim, tanto o Parimatch quanto o 4rabet Casino oferecem a vers\u00e3o demo do Rich Rocket a seus jogadores. Desta forma, os usu\u00e1rios podem praticar suas habilidades sem o risco de perder dinheiro.                    <\/p>\n                <\/div>\n            <\/div>\n        <\/section>\n\t\t        <section class=\"sc_fs_faq sc_card\">\n            <div>\n\t\t\t\t<h3><span class=\"ez-toc-section\" id=\"Are_there_any_differences_between_the_demo_and_paid_versions_of_this_game\"><\/span>H\u00e1 alguma diferen\u00e7a entre as vers\u00f5es demo e paga deste jogo?<span class=\"ez-toc-section-end\"><\/span><\/h3>                <div>\n\t\t\t\t\t                    <p>\n\t\t\t\t\t\tA vers\u00e3o demo do Rich Rocket \u00e9 completamente id\u00eantica \u00e0 sua contrapartida paga, exceto que ao jogar de gra\u00e7a n\u00e3o h\u00e1 pr\u00eamios em dinheiro concedidos. Isto permite que os jogadores pratiquem suas habilidades de jogo sem qualquer risco financeiro.                    <\/p>\n                <\/div>\n            <\/div>\n        <\/section>\n\t\t        <section class=\"sc_fs_faq sc_card\">\n            <div>\n\t\t\t\t<h3><span class=\"ez-toc-section\" id=\"What_are_the_benefits_of_playing_this_game_in_demo_mode\"><\/span>Quais s\u00e3o os benef\u00edcios de jogar este jogo em modo de demonstra\u00e7\u00e3o?<span class=\"ez-toc-section-end\"><\/span><\/h3>                <div>\n\t\t\t\t\t                    <p>\n\t\t\t\t\t\tJogar a Demonstra\u00e7\u00e3o Rich Rocket ajuda os usu\u00e1rios a praticar suas habilidades de jogo e a se familiarizar com o jogo. Tamb\u00e9m lhes d\u00e1 a oportunidade de explorar todas as caracter\u00edsticas e b\u00f4nus inclu\u00eddos no Rich Rocket sem ter que gastar nenhum dinheiro.                    <\/p>\n                <\/div>\n            <\/div>\n        <\/section>\n\t\t\n<script type=\"application\/ld+json\">{\n    \"@context\": \"https:\\\/\\\/schema.org\",\n    \"@type\": \"FAQPage\",\n    \"mainEntity\": [\n        {\n            \"@type\": \"Question\",\n            \"name\": \"Is Rich Rocket Demo available to play in India?\",\n            \"acceptedAnswer\": {\n                \"@type\": \"Answer\",\n                \"text\": \"Yes, both Parimatch and 4rabet Casino offer the Rich Rocket Demo version to their players. This way, users can practice their skillset without risk of losing money.\"\n            }\n        },\n        {\n            \"@type\": \"Question\",\n            \"name\": \"Are there any differences between the demo and paid versions of this game?\",\n            \"acceptedAnswer\": {\n                \"@type\": \"Answer\",\n                \"text\": \"The demo version of Rich Rocket is completely identical to its paid counterpart, except that when playing for free there are no cash prizes awarded. This allows players to practice their gaming skills without any financial risk.\"\n            }\n        },\n        {\n            \"@type\": \"Question\",\n            \"name\": \"What are the benefits of playing this game in demo mode?\",\n            \"acceptedAnswer\": {\n                \"@type\": \"Answer\",\n                \"text\": \"Playing the Rich Rocket Demo helps users to practice their gaming skills and familiarize themselves with the game. It also gives them an opportunity to explore all the features and bonuses included in Rich Rocket without having to spend any money.\"\n            }\n        }\n    ]\n}<\/script>\n\n<div class=\"fpm_end\"><\/div>\n<div class=\"author-card author-card--top\"><img alt='foto do avatar' src='https:\/\/richrocketgame.com\/wp-content\/uploads\/2023\/03\/Paulo-Dornelas-130x130.jpg' srcset='https:\/\/richrocketgame.com\/wp-content\/uploads\/2023\/03\/Paulo-Dornelas-260x260.jpg 2x' class='avatar avatar-130 photo author-image' height='130' width='130' \/><div class=\"author-content text-md-center\"><span class=\"author-title\">Autor<\/span><a href=\"https:\/\/richrocketgame.com\/pt\/author\/paulo-dornelas\/\" class=\"author-name\">Paulo Dornelas<\/a><p class=\"author__details\">Paulo Dornelas \u00e9 um especialista em jogos de azar que dedicou sua vida a entender a ind\u00fastria e ajudar outros a ganhar dinheiro com ela. Ele tamb\u00e9m \u00e9 um \u00e1vido viajante, e adora explorar novos lugares. O conhecimento de Paulo sobre o jogo e sua paix\u00e3o por viagens fazem dele o guia perfeito para qualquer pessoa que procure obter lucros s\u00e9rios com apostas em esportes ou jogos de cassino.<\/p><\/div><!-- \/.author-content --><\/div>","protected":false},"excerpt":{"rendered":"<p>O Rich Rocket, oferecido pelo provedor de software Lucky Elephant, \u00e9 o jogo de slot perfeito para quem procura uma experi\u00eancia de jogo empolgante e emocionante. Com sua taxa RTP de 96.30% e potenciais de pagamento generosos, este lan\u00e7amento de 2020 se tornou o favorito entre muitos jogadores indianos que escolhem o cassino 4rabet como sua fonte de entretenimento. [\u2026]<\/p>","protected":false},"author":2,"featured_media":0,"parent":0,"menu_order":0,"comment_status":"closed","ping_status":"closed","template":"page-no-sidebar.php","meta":{"footnotes":""},"class_list":["post-129","page","type-page","status-publish","hentry"],"yoast_head":"<!-- This site is optimized with the Yoast SEO plugin v26.7 - https:\/\/yoast.com\/wordpress\/plugins\/seo\/ -->\n<title>Rich Rocket Demo Game - Play | Rocket Game Free to Play<\/title>\n<meta name=\"description\" content=\"How to Play in Rich Rocket Game and Where to Find Rocket Game Demo? Best online casinos where you can play Rich Rocket for free or on real money.\" \/>\n<meta name=\"robots\" content=\"index, follow, max-snippet:-1, max-image-preview:large, max-video-preview:-1\" \/>\n<link rel=\"canonical\" href=\"https:\/\/richrocketgame.com\/pt\/rich-rocket-demo-game\/\" \/>\n<meta property=\"og:locale\" content=\"pt_BR\" \/>\n<meta property=\"og:type\" content=\"article\" \/>\n<meta property=\"og:title\" content=\"Rich Rocket Demo Game - Play | Rocket Game Free to Play\" \/>\n<meta property=\"og:description\" content=\"How to Play in Rich Rocket Game and Where to Find Rocket Game Demo? Best online casinos where you can play Rich Rocket for free or on real money.\" \/>\n<meta property=\"og:url\" content=\"https:\/\/richrocketgame.com\/pt\/rich-rocket-demo-game\/\" \/>\n<meta property=\"og:site_name\" content=\"Rich Rocket Game\" \/>\n<meta property=\"article:modified_time\" content=\"2024-04-12T10:43:29+00:00\" \/>\n<meta property=\"og:image\" content=\"https:\/\/richrocketgame.com\/wp-content\/uploads\/2023\/02\/Rich-Rocket-Demo-1024x260.png\" \/>\n<meta name=\"twitter:card\" content=\"summary_large_image\" \/>\n<meta name=\"twitter:label1\" content=\"Est. tempo de leitura\" \/>\n\t<meta name=\"twitter:data1\" content=\"4 minutos\" \/>\n<!-- \/ Yoast SEO plugin. -->","yoast_head_json":{"title":"Jogo de demonstra\u00e7\u00e3o Rich Rocket - Jogue | Jogo de foguete gr\u00e1tis para jogar","description":"Como jogar no jogo Rich Rocket e onde encontrar a demonstra\u00e7\u00e3o do jogo de foguete? Os melhores cassinos online onde voc\u00ea pode jogar no Rich Rocket de gra\u00e7a ou com dinheiro real.","robots":{"index":"index","follow":"follow","max-snippet":"max-snippet:-1","max-image-preview":"max-image-preview:large","max-video-preview":"max-video-preview:-1"},"canonical":"https:\/\/richrocketgame.com\/pt\/rich-rocket-demo-game\/","og_locale":"pt_BR","og_type":"article","og_title":"Rich Rocket Demo Game - Play | Rocket Game Free to Play","og_description":"How to Play in Rich Rocket Game and Where to Find Rocket Game Demo? Best online casinos where you can play Rich Rocket for free or on real money.","og_url":"https:\/\/richrocketgame.com\/pt\/rich-rocket-demo-game\/","og_site_name":"Rich Rocket Game","article_modified_time":"2024-04-12T10:43:29+00:00","og_image":[{"url":"https:\/\/richrocketgame.com\/wp-content\/uploads\/2023\/02\/Rich-Rocket-Demo-1024x260.png","type":"","width":"","height":""}],"twitter_card":"summary_large_image","twitter_misc":{"Est. tempo de leitura":"4 minutos"},"schema":{"@context":"https:\/\/schema.org","@graph":[{"@type":"WebPage","@id":"https:\/\/richrocketgame.com\/rich-rocket-demo-game\/","url":"https:\/\/richrocketgame.com\/rich-rocket-demo-game\/","name":"Jogo de demonstra\u00e7\u00e3o Rich Rocket - Jogue | Jogo de foguete gr\u00e1tis para jogar","isPartOf":{"@id":"https:\/\/richrocketgame.com\/#website"},"primaryImageOfPage":{"@id":"https:\/\/richrocketgame.com\/rich-rocket-demo-game\/#primaryimage"},"image":{"@id":"https:\/\/richrocketgame.com\/rich-rocket-demo-game\/#primaryimage"},"thumbnailUrl":"https:\/\/richrocketgame.com\/wp-content\/uploads\/2023\/02\/Rich-Rocket-Demo-1024x260.png","datePublished":"2023-02-14T18:04:36+00:00","dateModified":"2024-04-12T10:43:29+00:00","description":"Como jogar no jogo Rich Rocket e onde encontrar a demonstra\u00e7\u00e3o do jogo de foguete? Os melhores cassinos online onde voc\u00ea pode jogar no Rich Rocket de gra\u00e7a ou com dinheiro real.","breadcrumb":{"@id":"https:\/\/richrocketgame.com\/rich-rocket-demo-game\/#breadcrumb"},"inLanguage":"pt-BR","potentialAction":[{"@type":"ReadAction","target":["https:\/\/richrocketgame.com\/rich-rocket-demo-game\/"]}]},{"@type":"ImageObject","inLanguage":"pt-BR","@id":"https:\/\/richrocketgame.com\/rich-rocket-demo-game\/#primaryimage","url":"https:\/\/richrocketgame.com\/wp-content\/uploads\/2023\/02\/Rich-Rocket-Demo-1024x260.png","contentUrl":"https:\/\/richrocketgame.com\/wp-content\/uploads\/2023\/02\/Rich-Rocket-Demo-1024x260.png"},{"@type":"BreadcrumbList","@id":"https:\/\/richrocketgame.com\/rich-rocket-demo-game\/#breadcrumb","itemListElement":[{"@type":"ListItem","position":1,"name":"\u0413\u043b\u0430\u0432\u043d\u0430\u044f \u0441\u0442\u0440\u0430\u043d\u0438\u0446\u0430","item":"https:\/\/richrocketgame.com\/"},{"@type":"ListItem","position":2,"name":"Rich Rocket Demo Game"}]},{"@type":"WebSite","@id":"https:\/\/richrocketgame.com\/#website","url":"https:\/\/richrocketgame.com\/","name":"Jogo Rich Rocket","description":"","publisher":{"@id":"https:\/\/richrocketgame.com\/#organization"},"potentialAction":[{"@type":"SearchAction","target":{"@type":"EntryPoint","urlTemplate":"https:\/\/richrocketgame.com\/?s={search_term_string}"},"query-input":{"@type":"PropertyValueSpecification","valueRequired":true,"valueName":"search_term_string"}}],"inLanguage":"pt-BR"},{"@type":"Organization","@id":"https:\/\/richrocketgame.com\/#organization","name":"Jogo Rich Rocket","url":"https:\/\/richrocketgame.com\/","logo":{"@type":"ImageObject","inLanguage":"pt-BR","@id":"https:\/\/richrocketgame.com\/#\/schema\/logo\/image\/","url":"https:\/\/richrocketgame.com\/wp-content\/uploads\/2022\/09\/Rich-Rocket-earning-app.png","contentUrl":"https:\/\/richrocketgame.com\/wp-content\/uploads\/2022\/09\/Rich-Rocket-earning-app.png","width":512,"height":512,"caption":"Rich Rocket Game"},"image":{"@id":"https:\/\/richrocketgame.com\/#\/schema\/logo\/image\/"}}]}},"_links":{"self":[{"href":"https:\/\/richrocketgame.com\/pt\/wp-json\/wp\/v2\/pages\/129","targetHints":{"allow":["GET"]}}],"collection":[{"href":"https:\/\/richrocketgame.com\/pt\/wp-json\/wp\/v2\/pages"}],"about":[{"href":"https:\/\/richrocketgame.com\/pt\/wp-json\/wp\/v2\/types\/page"}],"author":[{"embeddable":true,"href":"https:\/\/richrocketgame.com\/pt\/wp-json\/wp\/v2\/users\/2"}],"replies":[{"embeddable":true,"href":"https:\/\/richrocketgame.com\/pt\/wp-json\/wp\/v2\/comments?post=129"}],"version-history":[{"count":0,"href":"https:\/\/richrocketgame.com\/pt\/wp-json\/wp\/v2\/pages\/129\/revisions"}],"wp:attachment":[{"href":"https:\/\/richrocketgame.com\/pt\/wp-json\/wp\/v2\/media?parent=129"}],"curies":[{"name":"wp","href":"https:\/\/api.w.org\/{rel}","templated":true}]}}