{"id":1135,"date":"2025-02-12T14:08:53","date_gmt":"2025-02-12T11:08:53","guid":{"rendered":"https:\/\/richrocketgame.com\/?page_id=1135"},"modified":"2025-08-01T11:22:18","modified_gmt":"2025-08-01T08:22:18","slug":"all-star-fruits","status":"publish","type":"page","link":"https:\/\/richrocketgame.com\/pt\/all-star-fruits\/","title":{"rendered":"Slot de demonstra\u00e7\u00e3o All-Star Fruits"},"content":{"rendered":"<div class=\"fpm_start\"><\/div>\n<p>A BGaming anunciou um novo slot com tema de frutas, All-Star Fruits. O jogo promete ser visualmente brilhante e f\u00e1cil de aprender. Dois recursos de b\u00f4nus devem aumentar significativamente o RTP e aumentar os ganhos m\u00e9dios.<\/p>\n<div style=\"text-align: center;\"><a class=\"glow-button\" href=\"\/pt\/go\/registration\/\" rel=\"noreferrer noopener nofollow\">Jogar Casino<\/a><\/div>\n<table>\n<tbody>\n<tr>\n<td>Data de lan\u00e7amento<\/td>\n<td>18.02.2025<\/td>\n<\/tr>\n<tr>\n<td>Carret\u00e9is<\/td>\n<td>5<\/td>\n<\/tr>\n<tr>\n<td>Fileiras<\/td>\n<td>3<\/td>\n<\/tr>\n<tr>\n<td>RTP<\/td>\n<td>97,04%<\/td>\n<\/tr>\n<tr>\n<td>Volatilidade<\/td>\n<td>M\u00e9dia (3 de 5)<\/td>\n<\/tr>\n<tr>\n<td>Linhas vencedoras<\/td>\n<td>243<\/td>\n<\/tr>\n<tr>\n<td>Ganhos m\u00e1ximos<\/td>\n<td>\u04451500<\/td>\n<\/tr>\n<\/tbody>\n<\/table>\n<div id=\"ez-toc-container\" class=\"ez-toc-v2_0_62 counter-hierarchy ez-toc-counter ez-toc-grey ez-toc-container-direction\">\n<div class=\"ez-toc-title-container\">\n<p class=\"ez-toc-title\" >\u00cdndice<\/p>\n<span class=\"ez-toc-title-toggle\"><a href=\"#\" class=\"ez-toc-pull-right ez-toc-btn ez-toc-btn-xs ez-toc-btn-default ez-toc-toggle\" aria-label=\"Alternar Tabela de Conte\u00fado\"><span class=\"ez-toc-js-icon-con\"><span class=\"\"><span class=\"eztoc-hide\" style=\"display:none;\">Alternar<\/span><span class=\"ez-toc-icon-toggle-span\"><svg style=\"fill: #999;color:#999\" xmlns=\"http:\/\/www.w3.org\/2000\/svg\" class=\"list-377408\" width=\"20px\" height=\"20px\" viewbox=\"0 0 24 24\" fill=\"none\"><path d=\"M6 6H4v2h2V6zm14 0H8v2h12V6zM4 11h2v2H4v-2zm16 0H8v2h12v-2zM4 16h2v2H4v-2zm16 0H8v2h12v-2z\" fill=\"currentColor\"><\/path><\/svg><svg style=\"fill: #999;color:#999\" class=\"arrow-unsorted-368013\" xmlns=\"http:\/\/www.w3.org\/2000\/svg\" width=\"10px\" height=\"10px\" viewbox=\"0 0 24 24\" version=\"1.2\" baseprofile=\"tiny\"><path d=\"M18.2 9.3l-6.2-6.3-6.2 6.3c-.2.2-.3.4-.3.7s.1.5.3.7c.2.2.4.3.7.3h11c.3 0 .5-.1.7-.3.2-.2.3-.5.3-.7s-.1-.5-.3-.7zM5.8 14.7l6.2 6.3 6.2-6.3c.2-.2.3-.5.3-.7s-.1-.5-.3-.7c-.2-.2-.4-.3-.7-.3h-11c-.3 0-.5.1-.7.3-.2.2-.3.5-.3.7s.1.5.3.7z\"\/><\/svg><\/span><\/span><\/span><\/a><\/span><\/div>\n<nav><ul class='ez-toc-list ez-toc-list-level-1 eztoc-toggle-hide-by-default' ><li class='ez-toc-page-1 ez-toc-heading-level-2'><a class=\"ez-toc-link ez-toc-heading-1\" href=\"https:\/\/richrocketgame.com\/pt\/all-star-fruits\/#What_We_Know_About_All-Star_Fruits_Slot\" title=\"O que sabemos sobre o slot All-Star Fruits\">O que sabemos sobre o slot All-Star Fruits<\/a><ul class='ez-toc-list-level-3' ><li class='ez-toc-heading-level-3'><a class=\"ez-toc-link ez-toc-heading-2\" href=\"https:\/\/richrocketgame.com\/pt\/all-star-fruits\/#Bonus_Features_of_the_Game\" title=\"Recursos de b\u00f4nus do jogo\">Recursos de b\u00f4nus do jogo<\/a><\/li><\/ul><\/li><li class='ez-toc-page-1 ez-toc-heading-level-2'><a class=\"ez-toc-link ez-toc-heading-3\" href=\"https:\/\/richrocketgame.com\/pt\/all-star-fruits\/#Why_You_Should_Play_All-Star_Fruits\" title=\"Por que voc\u00ea deve jogar All-Star Fruits\">Por que voc\u00ea deve jogar All-Star Fruits<\/a><\/li><li class='ez-toc-page-1 ez-toc-heading-level-2'><a class=\"ez-toc-link ez-toc-heading-4\" href=\"https:\/\/richrocketgame.com\/pt\/all-star-fruits\/#FAQ\" title=\"FAQ\">FAQ<\/a><ul class='ez-toc-list-level-3' ><li class='ez-toc-heading-level-3'><a class=\"ez-toc-link ez-toc-heading-5\" href=\"https:\/\/richrocketgame.com\/pt\/all-star-fruits\/#Will_it_be_possible_to_play_All-Star_Fruits_for_free\" title=\"Ser\u00e1 poss\u00edvel jogar All-Star Fruits de gra\u00e7a?\">Ser\u00e1 poss\u00edvel jogar All-Star Fruits de gra\u00e7a?<\/a><\/li><li class='ez-toc-page-1 ez-toc-heading-level-3'><a class=\"ez-toc-link ez-toc-heading-6\" href=\"https:\/\/richrocketgame.com\/pt\/all-star-fruits\/#Will_the_slot_be_optimized_for_mobile_devices\" title=\"O slot ser\u00e1 otimizado para dispositivos m\u00f3veis?\">O slot ser\u00e1 otimizado para dispositivos m\u00f3veis?<\/a><\/li><li class='ez-toc-page-1 ez-toc-heading-level-3'><a class=\"ez-toc-link ez-toc-heading-7\" href=\"https:\/\/richrocketgame.com\/pt\/all-star-fruits\/#Where_can_I_play_All-Star_Fruits_Slot_for_real_money\" title=\"Onde posso jogar All-Star Fruits Slot com dinheiro real?\">Onde posso jogar All-Star Fruits Slot com dinheiro real?<\/a><\/li><\/ul><\/li><\/ul><\/nav><\/div>\n<h2><span class=\"ez-toc-section\" id=\"What_We_Know_About_All-Star_Fruits_Slot\"><\/span>O que sabemos sobre o slot All-Star Fruits<span class=\"ez-toc-section-end\"><\/span><\/h2>\n<p>All-Star Fruits da BGaming \u00e9 projetado no estilo dos slots de frutas cl\u00e1ssicos. O jogo tem uma estrutura padr\u00e3o 5\u00d73 e oferece um conjunto familiar de s\u00edmbolos: lim\u00e3o, cereja, melancia, uva, BAR e sino. A estrela desempenha a fun\u00e7\u00e3o scatter. Cair 3, 4 ou 5 desses s\u00edmbolos d\u00e1 10, 15 ou 25 giros gr\u00e1tis, respectivamente.<\/p>\n<p>A roda acima do campo de jogo principal tem duas fun\u00e7\u00f5es. O jogo regular mostra o n\u00famero de scatters, e o jogo b\u00f4nus aplica o multiplicador aos ganhos.<\/p>\n<p>Os ganhos m\u00e1ximos s\u00e3o um bom motivo para jogar All-Star Fruits. O provedor disse que os jogadores podem obter at\u00e9 $255.000 por um sorteio bem-sucedido. Nos testes, as combina\u00e7\u00f5es vencedoras ca\u00edram em m\u00e9dia uma vez a cada seis giros.<\/p>\n<p><a href=\"https:\/\/richrocketgame.com\/pt\/go\/registration\/\" target=\"_blank\" rel=\"noreferrer noopener nofollow\"><img decoding=\"async\" class=\"wp-image-1142 aligncenter\" src=\"https:\/\/richrocketgame.com\/wp-content\/uploads\/2025\/02\/all-star-fruits-slot.jpg\" alt=\"Slot All-Star Fruits da BGaming.\" width=\"309\" height=\"360\" srcset=\"https:\/\/richrocketgame.com\/wp-content\/uploads\/2025\/02\/all-star-fruits-slot.jpg 519w, https:\/\/richrocketgame.com\/wp-content\/uploads\/2025\/02\/all-star-fruits-slot-258x300.jpg 258w, https:\/\/richrocketgame.com\/wp-content\/uploads\/2025\/02\/all-star-fruits-slot-10x12.jpg 10w, https:\/\/richrocketgame.com\/wp-content\/uploads\/2025\/02\/all-star-fruits-slot-34x40.jpg 34w, https:\/\/richrocketgame.com\/wp-content\/uploads\/2025\/02\/all-star-fruits-slot-27x32.jpg 27w, https:\/\/richrocketgame.com\/wp-content\/uploads\/2025\/02\/all-star-fruits-slot-69x80.jpg 69w, https:\/\/richrocketgame.com\/wp-content\/uploads\/2025\/02\/all-star-fruits-slot-116x135.jpg 116w\" sizes=\"(max-width: 309px) 100vw, 309px\" \/><\/a><\/p>\n<h3><span class=\"ez-toc-section\" id=\"Bonus_Features_of_the_Game\"><\/span>Recursos de b\u00f4nus do jogo<span class=\"ez-toc-section-end\"><\/span><\/h3>\n<p>Multiplicadores aleat\u00f3rios s\u00e3o aplicados a cada vit\u00f3ria durante os giros gr\u00e1tis: x1, x2, x3, x5 ou x10. Este b\u00f4nus aumenta significativamente o tamanho dos pagamentos.<\/p>\n<p>Jogadores que n\u00e3o querem esperar uma combina\u00e7\u00e3o de scatters cair podem usar o recurso Bonus Buy. Para x75 ou x150 da sua aposta, voc\u00ea pode escolher entre dois modos com multiplicadores diferentes.<\/p>\n<div style=\"text-align: center;\"><a class=\"glow-button\" href=\"\/pt\/go\/registration\/\" rel=\"noreferrer noopener nofollow\">Experimente o ca\u00e7a-n\u00edqueis All-Star Fruits<\/a><\/div>\n<h2><span class=\"ez-toc-section\" id=\"Why_You_Should_Play_All-Star_Fruits\"><\/span>Por que voc\u00ea deve jogar All-Star Fruits<span class=\"ez-toc-section-end\"><\/span><\/h2>\n<p>O slot All-Star Fruits atrai a aten\u00e7\u00e3o com as seguintes vantagens:<\/p>\n<ul>\n<li>Estilo de ca\u00e7a-n\u00edqueis de frutas com gr\u00e1ficos brilhantes incomuns.<\/li>\n<li>Recursos de b\u00f4nus simples, mas muito lucrativos.<\/li>\n<li>Grandes ganhos potenciais.<\/li>\n<li>Alto RTP.<\/li>\n<\/ul>\n<p>Mergulhe no mundo de frutas suculentas e grandes multiplicadores em 18 de fevereiro de 2025. Nosso site fornecer\u00e1 uma an\u00e1lise detalhada e uma demonstra\u00e7\u00e3o do All-Star Fruits.<\/p><script data-noptimize=\"\" data-wpfc-render=\"false\">\n\/* <![CDATA[ *\/\nfpm_start( \"true\" );\n\/* ]]> *\/\n<\/script>\n\n<p><a href=\"https:\/\/richrocketgame.com\/pt\/go\/registration\/\" target=\"_blank\" rel=\"noreferrer noopener nofollow\"><img decoding=\"async\" class=\"aligncenter wp-image-1149 size-full\" src=\"https:\/\/richrocketgame.com\/wp-content\/uploads\/2025\/02\/all-star-fruits-casino-game.jpg\" alt=\"Jogo de cassino All-Star Fruits.\" width=\"994\" height=\"610\" srcset=\"https:\/\/richrocketgame.com\/wp-content\/uploads\/2025\/02\/all-star-fruits-casino-game.jpg 994w, https:\/\/richrocketgame.com\/wp-content\/uploads\/2025\/02\/all-star-fruits-casino-game-300x184.jpg 300w, https:\/\/richrocketgame.com\/wp-content\/uploads\/2025\/02\/all-star-fruits-casino-game-768x471.jpg 768w, https:\/\/richrocketgame.com\/wp-content\/uploads\/2025\/02\/all-star-fruits-casino-game-18x12.jpg 18w, https:\/\/richrocketgame.com\/wp-content\/uploads\/2025\/02\/all-star-fruits-casino-game-65x40.jpg 65w, https:\/\/richrocketgame.com\/wp-content\/uploads\/2025\/02\/all-star-fruits-casino-game-52x32.jpg 52w, https:\/\/richrocketgame.com\/wp-content\/uploads\/2025\/02\/all-star-fruits-casino-game-130x80.jpg 130w, https:\/\/richrocketgame.com\/wp-content\/uploads\/2025\/02\/all-star-fruits-casino-game-220x135.jpg 220w\" sizes=\"(max-width: 994px) 100vw, 994px\" \/><\/a><\/p>\n<h2><span class=\"ez-toc-section\" id=\"FAQ\"><\/span>FAQ<span class=\"ez-toc-section-end\"><\/span><\/h2>\n        <section class=\"sc_fs_faq sc_card\">\n            <div>\n\t\t\t\t<h3><span class=\"ez-toc-section\" id=\"Will_it_be_possible_to_play_All-Star_Fruits_for_free\"><\/span>Ser\u00e1 poss\u00edvel jogar All-Star Fruits de gra\u00e7a?<span class=\"ez-toc-section-end\"><\/span><\/h3>                <div>\n\t\t\t\t\t                    <p>\n\t\t\t\t\t\tSim, a demo do All-Star Fruits deve estar dispon\u00edvel na maioria dos principais cassinos. Al\u00e9m disso, o slot estar\u00e1 dispon\u00edvel para jogar sem dep\u00f3sito no site oficial do BGaming.                    <\/p>\n                <\/div>\n            <\/div>\n        <\/section>\n\t\t        <section class=\"sc_fs_faq sc_card\">\n            <div>\n\t\t\t\t<h3><span class=\"ez-toc-section\" id=\"Will_the_slot_be_optimized_for_mobile_devices\"><\/span>O slot ser\u00e1 otimizado para dispositivos m\u00f3veis?<span class=\"ez-toc-section-end\"><\/span><\/h3>                <div>\n\t\t\t\t\t                    <p>\n\t\t\t\t\t\tSim, a vers\u00e3o mobile do All-Star Fruits ser\u00e1 lan\u00e7ada ao mesmo tempo que a vers\u00e3o desktop. Voc\u00ea pode jogar em smartphones e tablets Android e iOS sem baixar software.                    <\/p>\n                <\/div>\n            <\/div>\n        <\/section>\n\t\t        <section class=\"sc_fs_faq sc_card\">\n            <div>\n\t\t\t\t<h3><span class=\"ez-toc-section\" id=\"Where_can_I_play_All-Star_Fruits_Slot_for_real_money\"><\/span>Onde posso jogar All-Star Fruits Slot com dinheiro real?<span class=\"ez-toc-section-end\"><\/span><\/h3>                <div>\n\t\t\t\t\t                    <p>\n\t\t\t\t\t\tO All-Star Fruits Slot por dinheiro real estar\u00e1 dispon\u00edvel em cassinos licenciados. Aproveitando nossa recomenda\u00e7\u00e3o, voc\u00ea obter\u00e1 os melhores aplicativos de b\u00f4nus para come\u00e7ar a jogar.                    <\/p>\n                <\/div>\n            <\/div>\n        <\/section>\n\t\t\n<script type=\"application\/ld+json\">{\n    \"@context\": \"https:\\\/\\\/schema.org\",\n    \"@type\": \"FAQPage\",\n    \"mainEntity\": [\n        {\n            \"@type\": \"Question\",\n            \"name\": \"Will it be possible to play All-Star Fruits for free?\",\n            \"acceptedAnswer\": {\n                \"@type\": \"Answer\",\n                \"text\": \"Yes, the All-Star Fruits demo is expected to be available in most major casinos. In addition, the slot will be available to play without deposit on the official BGaming website.\"\n            }\n        },\n        {\n            \"@type\": \"Question\",\n            \"name\": \"Will the slot be optimized for mobile devices?\",\n            \"acceptedAnswer\": {\n                \"@type\": \"Answer\",\n                \"text\": \"Yes, the mobile version of All-Star Fruits will be released at the same time as the desktop version. You can play on Android and iOS smartphones and tablets without downloading software.\"\n            }\n        },\n        {\n            \"@type\": \"Question\",\n            \"name\": \"Where can I play All-Star Fruits Slot for real money?\",\n            \"acceptedAnswer\": {\n                \"@type\": \"Answer\",\n                \"text\": \"All-Star Fruits Slot for real money will be available at licensed casinos. By taking advantage of our recommendation, you will get the best bonus apps to start playing.\"\n            }\n        }\n    ]\n}<\/script>\n\n<div class=\"fpm_end\"><\/div>\n<div class=\"author-card author-card--top\"><img alt='foto do avatar' src='https:\/\/richrocketgame.com\/wp-content\/uploads\/2023\/03\/Paulo-Dornelas-130x130.jpg' srcset='https:\/\/richrocketgame.com\/wp-content\/uploads\/2023\/03\/Paulo-Dornelas-260x260.jpg 2x' class='avatar avatar-130 photo author-image' height='130' width='130' \/><div class=\"author-content text-md-center\"><span class=\"author-title\">Autor<\/span><a href=\"https:\/\/richrocketgame.com\/pt\/author\/paulo-dornelas\/\" class=\"author-name\">Paulo Dornelas<\/a><p class=\"author__details\">Paulo Dornelas \u00e9 um especialista em jogos de azar que dedicou sua vida a entender a ind\u00fastria e ajudar outros a ganhar dinheiro com ela. Ele tamb\u00e9m \u00e9 um \u00e1vido viajante, e adora explorar novos lugares. O conhecimento de Paulo sobre o jogo e sua paix\u00e3o por viagens fazem dele o guia perfeito para qualquer pessoa que procure obter lucros s\u00e9rios com apostas em esportes ou jogos de cassino.<\/p><\/div><!-- \/.author-content --><\/div>","protected":false},"excerpt":{"rendered":"<p>A BGaming anunciou um novo slot com tema de frutas, All-Star Fruits. O jogo promete ser visualmente brilhante e f\u00e1cil de aprender. Dois recursos de b\u00f4nus devem aumentar significativamente o RTP e aumentar os ganhos m\u00e9dios. Play Casino Data de lan\u00e7amento 18.02.2025 Carret\u00e9is 5 Linhas 3 RTP 97.04% Volatilidade M\u00e9dia (3 de 5) Linhas vencedoras 243 Ganhos m\u00e1ximos \u04451500 O que n\u00f3s [\u2026]<\/p>","protected":false},"author":2,"featured_media":0,"parent":0,"menu_order":0,"comment_status":"closed","ping_status":"closed","template":"page-no-sidebar.php","meta":{"footnotes":""},"class_list":["post-1135","page","type-page","status-publish","hentry"],"yoast_head":"<!-- This site is optimized with the Yoast SEO plugin v26.7 - https:\/\/yoast.com\/wordpress\/plugins\/seo\/ -->\n<title>All-Star Fruits Slot (BGaming) - Free Play, RTP and Max. Winnings<\/title>\n<meta name=\"description\" content=\"Learn more about All-Star Fruits casino game. Read information about the slot in our announcement. When you can play All-Star Fruits.\" \/>\n<meta name=\"robots\" content=\"index, follow, max-snippet:-1, max-image-preview:large, max-video-preview:-1\" \/>\n<link rel=\"canonical\" href=\"https:\/\/richrocketgame.com\/pt\/all-star-fruits\/\" \/>\n<meta property=\"og:locale\" content=\"pt_BR\" \/>\n<meta property=\"og:type\" content=\"article\" \/>\n<meta property=\"og:title\" content=\"All-Star Fruits Slot (BGaming) - Free Play, RTP and Max. Winnings\" \/>\n<meta property=\"og:description\" content=\"Learn more about All-Star Fruits casino game. Read information about the slot in our announcement. When you can play All-Star Fruits.\" \/>\n<meta property=\"og:url\" content=\"https:\/\/richrocketgame.com\/pt\/all-star-fruits\/\" \/>\n<meta property=\"og:site_name\" content=\"Rich Rocket Game\" \/>\n<meta property=\"article:modified_time\" content=\"2025-08-01T08:22:18+00:00\" \/>\n<meta property=\"og:image\" content=\"https:\/\/richrocketgame.com\/wp-content\/uploads\/2025\/02\/all-star-fruits-slot.jpg\" \/>\n<meta name=\"twitter:card\" content=\"summary_large_image\" \/>\n<meta name=\"twitter:label1\" content=\"Est. tempo de leitura\" \/>\n\t<meta name=\"twitter:data1\" content=\"3 minutos\" \/>\n<!-- \/ Yoast SEO plugin. -->","yoast_head_json":{"title":"Ca\u00e7a-n\u00edquel All-Star Fruits (BGaming) - Jogo Gr\u00e1tis, RTP e Ganhos M\u00e1ximos","description":"Saiba mais sobre o jogo de cassino All-Star Fruits. Leia informa\u00e7\u00f5es sobre o slot em nosso an\u00fancio. Quando voc\u00ea pode jogar All-Star Fruits.","robots":{"index":"index","follow":"follow","max-snippet":"max-snippet:-1","max-image-preview":"max-image-preview:large","max-video-preview":"max-video-preview:-1"},"canonical":"https:\/\/richrocketgame.com\/pt\/all-star-fruits\/","og_locale":"pt_BR","og_type":"article","og_title":"All-Star Fruits Slot (BGaming) - Free Play, RTP and Max. Winnings","og_description":"Learn more about All-Star Fruits casino game. Read information about the slot in our announcement. When you can play All-Star Fruits.","og_url":"https:\/\/richrocketgame.com\/pt\/all-star-fruits\/","og_site_name":"Rich Rocket Game","article_modified_time":"2025-08-01T08:22:18+00:00","og_image":[{"url":"https:\/\/richrocketgame.com\/wp-content\/uploads\/2025\/02\/all-star-fruits-slot.jpg","type":"","width":"","height":""}],"twitter_card":"summary_large_image","twitter_misc":{"Est. tempo de leitura":"3 minutos"},"schema":{"@context":"https:\/\/schema.org","@graph":[{"@type":"WebPage","@id":"https:\/\/richrocketgame.com\/all-star-fruits\/","url":"https:\/\/richrocketgame.com\/all-star-fruits\/","name":"Ca\u00e7a-n\u00edquel All-Star Fruits (BGaming) - Jogo Gr\u00e1tis, RTP e Ganhos M\u00e1ximos","isPartOf":{"@id":"https:\/\/richrocketgame.com\/#website"},"primaryImageOfPage":{"@id":"https:\/\/richrocketgame.com\/all-star-fruits\/#primaryimage"},"image":{"@id":"https:\/\/richrocketgame.com\/all-star-fruits\/#primaryimage"},"thumbnailUrl":"https:\/\/richrocketgame.com\/wp-content\/uploads\/2025\/02\/all-star-fruits-slot.jpg","datePublished":"2025-02-12T11:08:53+00:00","dateModified":"2025-08-01T08:22:18+00:00","description":"Saiba mais sobre o jogo de cassino All-Star Fruits. Leia informa\u00e7\u00f5es sobre o slot em nosso an\u00fancio. Quando voc\u00ea pode jogar All-Star Fruits.","breadcrumb":{"@id":"https:\/\/richrocketgame.com\/all-star-fruits\/#breadcrumb"},"inLanguage":"pt-BR","potentialAction":[{"@type":"ReadAction","target":["https:\/\/richrocketgame.com\/all-star-fruits\/"]}]},{"@type":"ImageObject","inLanguage":"pt-BR","@id":"https:\/\/richrocketgame.com\/all-star-fruits\/#primaryimage","url":"https:\/\/richrocketgame.com\/wp-content\/uploads\/2025\/02\/all-star-fruits-slot.jpg","contentUrl":"https:\/\/richrocketgame.com\/wp-content\/uploads\/2025\/02\/all-star-fruits-slot.jpg"},{"@type":"BreadcrumbList","@id":"https:\/\/richrocketgame.com\/all-star-fruits\/#breadcrumb","itemListElement":[{"@type":"ListItem","position":1,"name":"\u0413\u043b\u0430\u0432\u043d\u0430\u044f \u0441\u0442\u0440\u0430\u043d\u0438\u0446\u0430","item":"https:\/\/richrocketgame.com\/"},{"@type":"ListItem","position":2,"name":"All-Star Fruits Demo Slot"}]},{"@type":"WebSite","@id":"https:\/\/richrocketgame.com\/#website","url":"https:\/\/richrocketgame.com\/","name":"Jogo Rich Rocket","description":"","publisher":{"@id":"https:\/\/richrocketgame.com\/#organization"},"potentialAction":[{"@type":"SearchAction","target":{"@type":"EntryPoint","urlTemplate":"https:\/\/richrocketgame.com\/?s={search_term_string}"},"query-input":{"@type":"PropertyValueSpecification","valueRequired":true,"valueName":"search_term_string"}}],"inLanguage":"pt-BR"},{"@type":"Organization","@id":"https:\/\/richrocketgame.com\/#organization","name":"Jogo Rich Rocket","url":"https:\/\/richrocketgame.com\/","logo":{"@type":"ImageObject","inLanguage":"pt-BR","@id":"https:\/\/richrocketgame.com\/#\/schema\/logo\/image\/","url":"https:\/\/richrocketgame.com\/wp-content\/uploads\/2022\/09\/Rich-Rocket-earning-app.png","contentUrl":"https:\/\/richrocketgame.com\/wp-content\/uploads\/2022\/09\/Rich-Rocket-earning-app.png","width":512,"height":512,"caption":"Rich Rocket Game"},"image":{"@id":"https:\/\/richrocketgame.com\/#\/schema\/logo\/image\/"}}]}},"_links":{"self":[{"href":"https:\/\/richrocketgame.com\/pt\/wp-json\/wp\/v2\/pages\/1135","targetHints":{"allow":["GET"]}}],"collection":[{"href":"https:\/\/richrocketgame.com\/pt\/wp-json\/wp\/v2\/pages"}],"about":[{"href":"https:\/\/richrocketgame.com\/pt\/wp-json\/wp\/v2\/types\/page"}],"author":[{"embeddable":true,"href":"https:\/\/richrocketgame.com\/pt\/wp-json\/wp\/v2\/users\/2"}],"replies":[{"embeddable":true,"href":"https:\/\/richrocketgame.com\/pt\/wp-json\/wp\/v2\/comments?post=1135"}],"version-history":[{"count":0,"href":"https:\/\/richrocketgame.com\/pt\/wp-json\/wp\/v2\/pages\/1135\/revisions"}],"wp:attachment":[{"href":"https:\/\/richrocketgame.com\/pt\/wp-json\/wp\/v2\/media?parent=1135"}],"curies":[{"name":"wp","href":"https:\/\/api.w.org\/{rel}","templated":true}]}}