{"id":1115,"date":"2025-02-12T13:49:43","date_gmt":"2025-02-12T10:49:43","guid":{"rendered":"https:\/\/richrocketgame.com\/?page_id=1115"},"modified":"2025-08-01T11:24:01","modified_gmt":"2025-08-01T08:24:01","slug":"mad-blast","status":"publish","type":"page","link":"https:\/\/richrocketgame.com\/pt\/mad-blast\/","title":{"rendered":"Demonstra\u00e7\u00e3o do ca\u00e7a-n\u00edqueis Mad Blast"},"content":{"rendered":"<div class=\"fpm_start\"><\/div>\n<p>Mad Blast pode se tornar um dos slots mais populares em 2025. A Push Gaming agendou o lan\u00e7amento do jogo para 20 de fevereiro, e os apostadores j\u00e1 mal podem esperar. De acordo com o an\u00fancio, o jogo tem sete s\u00edmbolos de b\u00f4nus e recursos, e os ganhos m\u00e1ximos s\u00e3o de at\u00e9 x10.000.<\/p>\n<div style=\"text-align: center;\"><a class=\"glow-button\" href=\"\/pt\/go\/registration\/\" rel=\"noreferrer noopener nofollow\">Jogar Casino<\/a><\/div>\n<table>\n<tbody>\n<tr>\n<td>Data de lan\u00e7amento<\/td>\n<td>20.02.2025<\/td>\n<\/tr>\n<tr>\n<td>Carret\u00e9is<\/td>\n<td>6<\/td>\n<\/tr>\n<tr>\n<td>Fileiras<\/td>\n<td>5<\/td>\n<\/tr>\n<tr>\n<td>RTP<\/td>\n<td>96,34%<\/td>\n<\/tr>\n<tr>\n<td>Volatilidade<\/td>\n<td>Alto<\/td>\n<\/tr>\n<tr>\n<td>Linhas de pagamento<\/td>\n<td>Mec\u00e2nico de Scatter-Pays<\/td>\n<\/tr>\n<tr>\n<td>Ganhos m\u00e1ximos<\/td>\n<td>\u044510.000<\/td>\n<\/tr>\n<\/tbody>\n<\/table>\n<div id=\"ez-toc-container\" class=\"ez-toc-v2_0_62 counter-hierarchy ez-toc-counter ez-toc-grey ez-toc-container-direction\">\n<div class=\"ez-toc-title-container\">\n<p class=\"ez-toc-title\" >\u00cdndice<\/p>\n<span class=\"ez-toc-title-toggle\"><a href=\"#\" class=\"ez-toc-pull-right ez-toc-btn ez-toc-btn-xs ez-toc-btn-default ez-toc-toggle\" aria-label=\"Alternar Tabela de Conte\u00fado\"><span class=\"ez-toc-js-icon-con\"><span class=\"\"><span class=\"eztoc-hide\" style=\"display:none;\">Alternar<\/span><span class=\"ez-toc-icon-toggle-span\"><svg style=\"fill: #999;color:#999\" xmlns=\"http:\/\/www.w3.org\/2000\/svg\" class=\"list-377408\" width=\"20px\" height=\"20px\" viewbox=\"0 0 24 24\" fill=\"none\"><path d=\"M6 6H4v2h2V6zm14 0H8v2h12V6zM4 11h2v2H4v-2zm16 0H8v2h12v-2zM4 16h2v2H4v-2zm16 0H8v2h12v-2z\" fill=\"currentColor\"><\/path><\/svg><svg style=\"fill: #999;color:#999\" class=\"arrow-unsorted-368013\" xmlns=\"http:\/\/www.w3.org\/2000\/svg\" width=\"10px\" height=\"10px\" viewbox=\"0 0 24 24\" version=\"1.2\" baseprofile=\"tiny\"><path d=\"M18.2 9.3l-6.2-6.3-6.2 6.3c-.2.2-.3.4-.3.7s.1.5.3.7c.2.2.4.3.7.3h11c.3 0 .5-.1.7-.3.2-.2.3-.5.3-.7s-.1-.5-.3-.7zM5.8 14.7l6.2 6.3 6.2-6.3c.2-.2.3-.5.3-.7s-.1-.5-.3-.7c-.2-.2-.4-.3-.7-.3h-11c-.3 0-.5.1-.7.3-.2.2-.3.5-.3.7s.1.5.3.7z\"\/><\/svg><\/span><\/span><\/span><\/a><\/span><\/div>\n<nav><ul class='ez-toc-list ez-toc-list-level-1 eztoc-toggle-hide-by-default' ><ul class='ez-toc-list-level-3' ><li class='ez-toc-heading-level-3'><a class=\"ez-toc-link ez-toc-heading-1\" href=\"https:\/\/richrocketgame.com\/pt\/mad-blast\/#What_We_Know_About_Mad_Blast_Game\" title=\"O que sabemos sobre o jogo Mad Blast\">O que sabemos sobre o jogo Mad Blast<\/a><\/li><li class='ez-toc-page-1 ez-toc-heading-level-3'><a class=\"ez-toc-link ez-toc-heading-2\" href=\"https:\/\/richrocketgame.com\/pt\/mad-blast\/#Bonus_features_of_the_game\" title=\"Recursos de b\u00f4nus do jogo\">Recursos de b\u00f4nus do jogo<\/a><\/li><li class='ez-toc-page-1 ez-toc-heading-level-3'><a class=\"ez-toc-link ez-toc-heading-3\" href=\"https:\/\/richrocketgame.com\/pt\/mad-blast\/#Paid_Features\" title=\"Recursos pagos\">Recursos pagos<\/a><\/li><li class='ez-toc-page-1 ez-toc-heading-level-3'><a class=\"ez-toc-link ez-toc-heading-4\" href=\"https:\/\/richrocketgame.com\/pt\/mad-blast\/#Why_play_the_Mad_Blast_slot\" title=\"Por que jogar o slot Mad Blast?\">Por que jogar o slot Mad Blast?<\/a><\/li><\/ul><\/li><li class='ez-toc-page-1 ez-toc-heading-level-2'><a class=\"ez-toc-link ez-toc-heading-5\" href=\"https:\/\/richrocketgame.com\/pt\/mad-blast\/#FAQ\" title=\"FAQ\">FAQ<\/a><ul class='ez-toc-list-level-3' ><li class='ez-toc-heading-level-3'><a class=\"ez-toc-link ez-toc-heading-6\" href=\"https:\/\/richrocketgame.com\/pt\/mad-blast\/#What_is_the_RTP_of_the_Mad_Blast_casino_game\" title=\"Qual \u00e9 o RTP do jogo de cassino Mad Blast?\">Qual \u00e9 o RTP do jogo de cassino Mad Blast?<\/a><\/li><li class='ez-toc-page-1 ez-toc-heading-level-3'><a class=\"ez-toc-link ez-toc-heading-7\" href=\"https:\/\/richrocketgame.com\/pt\/mad-blast\/#Where_will_it_be_possible_to_play_Mad_Blast_for_free\" title=\"Onde ser\u00e1 poss\u00edvel jogar Mad Blast de gra\u00e7a?\">Onde ser\u00e1 poss\u00edvel jogar Mad Blast de gra\u00e7a?<\/a><\/li><li class='ez-toc-page-1 ez-toc-heading-level-3'><a class=\"ez-toc-link ez-toc-heading-8\" href=\"https:\/\/richrocketgame.com\/pt\/mad-blast\/#Are_there_any_strategies_for_the_game\" title=\"Existe alguma estrat\u00e9gia para o jogo?\">Existe alguma estrat\u00e9gia para o jogo?<\/a><\/li><\/ul><\/li><\/ul><\/nav><\/div>\n<h3><span class=\"ez-toc-section\" id=\"What_We_Know_About_Mad_Blast_Game\"><\/span>O que sabemos sobre o jogo Mad Blast<span class=\"ez-toc-section-end\"><\/span><\/h3>\n<p>Mad Blast leva os jogadores para a oficina, onde os rob\u00f4s governam. Voc\u00ea ter\u00e1 que lidar com intelig\u00eancia artificial exc\u00eantrica e dispositivos explosivos. O jogo consiste em 6 rolos e 5 linhas e, em vez de linhas de pagamento tradicionais, a mec\u00e2nica Scatter-Pays \u00e9 usada. Isso significa que voc\u00ea receber\u00e1 pagamentos pelo aparecimento de 8 s\u00edmbolos id\u00eanticos em qualquer lugar do campo de jogo.<\/p>\n<p>Os s\u00edmbolos s\u00e3o caixas de ferro multicoloridas e rob\u00f4s. Outros s\u00edmbolos especiais compensam a falta de Wild:<\/p>\n<ul>\n<li>O scatter desempenha a fun\u00e7\u00e3o tradicional de acionar giros gr\u00e1tis;<\/li>\n<li>O s\u00edmbolo de aumento do multiplicador mostra em quantos passos o multiplicador aumentar\u00e1 se uma combina\u00e7\u00e3o vencedora ocorrer.<\/li>\n<li>O s\u00edmbolo Extra Life na forma de um bot\u00e3o verde d\u00e1 uma chance adicional de ganhar. Voc\u00ea ganha um respin, e o tipo de s\u00edmbolo de maior pagamento permanece no campo de jogo.<\/li>\n<\/ul>\n<p>A Push Gaming adaptou o slot para o p\u00fablico mais amplo poss\u00edvel. O intervalo de apostas no jogo de cassino Mad Blast \u00e9 de 0,1 a 100 (a moeda depende do pa\u00eds em que o cassino opera).<\/p>\n<p><a href=\"https:\/\/richrocketgame.com\/pt\/go\/registration\/\" target=\"_blank\" rel=\"noreferrer noopener nofollow\"><img decoding=\"async\" class=\"aligncenter wp-image-1122 size-full\" src=\"https:\/\/richrocketgame.com\/wp-content\/uploads\/2025\/02\/mad-blast-slot.jpg\" alt=\"Slot Mad Blast da Push Gaming\" width=\"976\" height=\"489\" srcset=\"https:\/\/richrocketgame.com\/wp-content\/uploads\/2025\/02\/mad-blast-slot.jpg 976w, https:\/\/richrocketgame.com\/wp-content\/uploads\/2025\/02\/mad-blast-slot-300x150.jpg 300w, https:\/\/richrocketgame.com\/wp-content\/uploads\/2025\/02\/mad-blast-slot-768x385.jpg 768w, https:\/\/richrocketgame.com\/wp-content\/uploads\/2025\/02\/mad-blast-slot-18x9.jpg 18w, https:\/\/richrocketgame.com\/wp-content\/uploads\/2025\/02\/mad-blast-slot-80x40.jpg 80w, https:\/\/richrocketgame.com\/wp-content\/uploads\/2025\/02\/mad-blast-slot-64x32.jpg 64w, https:\/\/richrocketgame.com\/wp-content\/uploads\/2025\/02\/mad-blast-slot-160x80.jpg 160w, https:\/\/richrocketgame.com\/wp-content\/uploads\/2025\/02\/mad-blast-slot-269x135.jpg 269w\" sizes=\"(max-width: 976px) 100vw, 976px\" \/><\/a><\/p>\n<h3><span class=\"ez-toc-section\" id=\"Bonus_features_of_the_game\"><\/span>Recursos de b\u00f4nus do jogo<span class=\"ez-toc-section-end\"><\/span><\/h3>\n<p>O primeiro recurso de b\u00f4nus que voc\u00ea encontrar\u00e1 s\u00e3o os rolos em cascata. Os s\u00edmbolos envolvidos em uma combina\u00e7\u00e3o vencedora s\u00e3o removidos, e novos aparecem. Assim, voc\u00ea pode ganhar v\u00e1rias vezes em uma rodada.<\/p>\n<p>Outro recurso associado aos rolos em cascata \u00e9 o Mad Blast da Push Gaming. Um multiplicador \u00e9 dobrado cada vez que uma combina\u00e7\u00e3o \u00e9 atingida. Em uma execu\u00e7\u00e3o dos rolos, o multiplicador pode aumentar at\u00e9 x2.048. Os jogadores podem acompanhar o progresso na escala \u00e0 esquerda dos rolos.<\/p>\n<p>O recurso mais interessante \u00e9, sem d\u00favida, os giros gr\u00e1tis Mad Blast. Voc\u00ea pode obt\u00ea-los quando uma combina\u00e7\u00e3o de s\u00edmbolos scatter cai:<\/p>\n<ul>\n<li>3 s\u00edmbolos \u2013 8 rodadas gr\u00e1tis com multiplicador x2;<\/li>\n<li>4 s\u00edmbolos \u2013 10 rodadas gr\u00e1tis com um multiplicador inicial de x4;<\/li>\n<li>5 s\u00edmbolos \u2013 12 rodadas gr\u00e1tis e o multiplicador inicial ser\u00e1 x8.<\/li>\n<\/ul>\n<p>O provedor introduziu um b\u00f4nus adicional durante a rodada de giros gr\u00e1tis para aumentar a emo\u00e7\u00e3o. O multiplicador mais baixo desaparece da escala ao cair de 3 combina\u00e7\u00f5es vencedoras para um giro.<\/p><script data-noptimize=\"\" data-wpfc-render=\"false\">\n\/* <![CDATA[ *\/\nfpm_start( \"true\" );\n\/* ]]> *\/\n<\/script>\n\n<div style=\"text-align: center;\"><a class=\"glow-button\" href=\"\/pt\/go\/registration\/\" rel=\"noreferrer noopener nofollow\">Experimente o Mad Blast<\/a><\/div>\n<h3><span class=\"ez-toc-section\" id=\"Paid_Features\"><\/span>Recursos pagos<span class=\"ez-toc-section-end\"><\/span><\/h3>\n<p>Por uma taxa adicional, voc\u00ea pode jogar Mad Blast com privil\u00e9gios. Ao habilitar a op\u00e7\u00e3o ante, voc\u00ea dobrar\u00e1 sua aposta, mas aumentar\u00e1 significativamente a probabilidade de s\u00edmbolos de b\u00f4nus aparecerem nos rolos. Jogadores que desejam obter a dose m\u00e1xima de emo\u00e7\u00e3o podem comprar acesso \u00e0 rodada de giros gr\u00e1tis. Por 150x sua aposta, voc\u00ea pode obter oito giros de rolo com um multiplicador de 2x. Por 750x, voc\u00ea pode obter 12 giros com um multiplicador x8.<\/p>\n<p><a href=\"https:\/\/richrocketgame.com\/pt\/go\/registration\/\" target=\"_blank\" rel=\"noreferrer noopener nofollow\"><img decoding=\"async\" class=\"aligncenter wp-image-1116 size-full\" src=\"https:\/\/richrocketgame.com\/wp-content\/uploads\/2025\/02\/mad-blast-casino-game.jpg\" alt=\"Jogo de cassino Mad Blast.\" width=\"981\" height=\"531\" srcset=\"https:\/\/richrocketgame.com\/wp-content\/uploads\/2025\/02\/mad-blast-casino-game.jpg 981w, https:\/\/richrocketgame.com\/wp-content\/uploads\/2025\/02\/mad-blast-casino-game-300x162.jpg 300w, https:\/\/richrocketgame.com\/wp-content\/uploads\/2025\/02\/mad-blast-casino-game-768x416.jpg 768w, https:\/\/richrocketgame.com\/wp-content\/uploads\/2025\/02\/mad-blast-casino-game-18x10.jpg 18w, https:\/\/richrocketgame.com\/wp-content\/uploads\/2025\/02\/mad-blast-casino-game-74x40.jpg 74w, https:\/\/richrocketgame.com\/wp-content\/uploads\/2025\/02\/mad-blast-casino-game-59x32.jpg 59w, https:\/\/richrocketgame.com\/wp-content\/uploads\/2025\/02\/mad-blast-casino-game-148x80.jpg 148w, https:\/\/richrocketgame.com\/wp-content\/uploads\/2025\/02\/mad-blast-casino-game-249x135.jpg 249w\" sizes=\"(max-width: 981px) 100vw, 981px\" \/><\/a><\/p>\n<h3><span class=\"ez-toc-section\" id=\"Why_play_the_Mad_Blast_slot\"><\/span>Por que jogar o slot Mad Blast?<span class=\"ez-toc-section-end\"><\/span><\/h3>\n<p>Mad Blast tem potencial para se tornar uma sensa\u00e7\u00e3o no ambiente de apostas por v\u00e1rios motivos:<\/p>\n<ul>\n<li>O uso de tend\u00eancias modernas. Mec\u00e2nicas Scatter-Pay e rolos em cascata est\u00e3o em demanda hoje.<\/li>\n<li>Grandes ganhos m\u00e1ximos. Voc\u00ea pode atingir pagamentos de x10.000 no modo normal e na rodada de giros gr\u00e1tis.<\/li>\n<li>Uma combina\u00e7\u00e3o \u00fanica de recursos. O slot oferece uma combina\u00e7\u00e3o de b\u00f4nus que os principais provedores ainda n\u00e3o usaram.<\/li>\n<\/ul>\n<p>Voc\u00ea ainda tem tempo para lutar contra a intelig\u00eancia artificial insidiosa e derrotar o ex\u00e9rcito de rob\u00f4s de ferro. Prepare-se para lutar pelos ganhos m\u00e1ximos no jogo Mad Blast.<\/p>\n<h2><span class=\"ez-toc-section\" id=\"FAQ\"><\/span>FAQ<span class=\"ez-toc-section-end\"><\/span><\/h2>\n        <section class=\"sc_fs_faq sc_card\">\n            <div>\n\t\t\t\t<h3><span class=\"ez-toc-section\" id=\"What_is_the_RTP_of_the_Mad_Blast_casino_game\"><\/span>Qual \u00e9 o RTP do jogo de cassino Mad Blast?<span class=\"ez-toc-section-end\"><\/span><\/h3>                <div>\n\t\t\t\t\t                    <p>\n\t\t\t\t\t\tO provedor planeja lan\u00e7ar o slot em 3 vers\u00f5es com RTP diferente. O maior retorno ao jogador ser\u00e1 de 96.34%. Alguns cassinos poder\u00e3o adicionar um jogo com um RTP de 94.30% e 85.43% ao seu portf\u00f3lio.                    <\/p>\n                <\/div>\n            <\/div>\n        <\/section>\n\t\t        <section class=\"sc_fs_faq sc_card\">\n            <div>\n\t\t\t\t<h3><span class=\"ez-toc-section\" id=\"Where_will_it_be_possible_to_play_Mad_Blast_for_free\"><\/span>Onde ser\u00e1 poss\u00edvel jogar Mad Blast de gra\u00e7a?<span class=\"ez-toc-section-end\"><\/span><\/h3>                <div>\n\t\t\t\t\t                    <p>\n\t\t\t\t\t\tA vers\u00e3o demo do slot estar\u00e1 dispon\u00edvel no cassino. Al\u00e9m disso, ser\u00e1 poss\u00edvel jogar de gra\u00e7a em sites dedicados a temas de apostas e no recurso da web do provedor Push Gaming.                    <\/p>\n                <\/div>\n            <\/div>\n        <\/section>\n\t\t        <section class=\"sc_fs_faq sc_card\">\n            <div>\n\t\t\t\t<h3><span class=\"ez-toc-section\" id=\"Are_there_any_strategies_for_the_game\"><\/span>Existe alguma estrat\u00e9gia para o jogo?<span class=\"ez-toc-section-end\"><\/span><\/h3>                <div>\n\t\t\t\t\t                    <p>\n\t\t\t\t\t\tO jogador s\u00f3 pode influenciar o tamanho da aposta. Devido \u00e0 alta volatilidade do slot, \u00e9 recomendado apostar n\u00e3o mais do que 1% do bankroll. Ent\u00e3o voc\u00ea pode jogar o suficiente para esperar pelos recursos mais lucrativos do jogo. Antes de come\u00e7ar a jogar Mad Blast com dinheiro real, voc\u00ea pode praticar m\u00e9todos de apostas na vers\u00e3o demo.                    <\/p>\n                <\/div>\n            <\/div>\n        <\/section>\n\t\t\n<script type=\"application\/ld+json\">{\n    \"@context\": \"https:\\\/\\\/schema.org\",\n    \"@type\": \"FAQPage\",\n    \"mainEntity\": [\n        {\n            \"@type\": \"Question\",\n            \"name\": \"What is the RTP of the Mad Blast casino game?\",\n            \"acceptedAnswer\": {\n                \"@type\": \"Answer\",\n                \"text\": \"The provider plans to release the slot in 3 versions with different RTP. The highest return to player will be 96.34%. Some casinos will be able to add a game with an RTP of 94.30% and 85.43% to their portfolio.\"\n            }\n        },\n        {\n            \"@type\": \"Question\",\n            \"name\": \"Where will it be possible to play Mad Blast for free?\",\n            \"acceptedAnswer\": {\n                \"@type\": \"Answer\",\n                \"text\": \"Demo version of the slot will be available in the casino. In addition, it will be possible to play for free on sites dedicated to gambling themes and on the web resource of the provider Push Gaming.\"\n            }\n        },\n        {\n            \"@type\": \"Question\",\n            \"name\": \"Are there any strategies for the game?\",\n            \"acceptedAnswer\": {\n                \"@type\": \"Answer\",\n                \"text\": \"The player can only influence the size of the bet. Due to the high volatility of the slot, it is recommended to bet no more than 1% of the bankroll. So you can play long enough to wait for the most profitable features of the game. Before you start playing Mad Blast for real money, you can practice betting methods in the demo version.\"\n            }\n        }\n    ]\n}<\/script>\n\n<div class=\"fpm_end\"><\/div>\n<div class=\"author-card author-card--top\"><img alt='foto do avatar' src='https:\/\/richrocketgame.com\/wp-content\/uploads\/2023\/03\/Paulo-Dornelas-130x130.jpg' srcset='https:\/\/richrocketgame.com\/wp-content\/uploads\/2023\/03\/Paulo-Dornelas-260x260.jpg 2x' class='avatar avatar-130 photo author-image' height='130' width='130' \/><div class=\"author-content text-md-center\"><span class=\"author-title\">Autor<\/span><a href=\"https:\/\/richrocketgame.com\/pt\/author\/paulo-dornelas\/\" class=\"author-name\">Paulo Dornelas<\/a><p class=\"author__details\">Paulo Dornelas \u00e9 um especialista em jogos de azar que dedicou sua vida a entender a ind\u00fastria e ajudar outros a ganhar dinheiro com ela. Ele tamb\u00e9m \u00e9 um \u00e1vido viajante, e adora explorar novos lugares. O conhecimento de Paulo sobre o jogo e sua paix\u00e3o por viagens fazem dele o guia perfeito para qualquer pessoa que procure obter lucros s\u00e9rios com apostas em esportes ou jogos de cassino.<\/p><\/div><!-- \/.author-content --><\/div>","protected":false},"excerpt":{"rendered":"<p>Mad Blast pode se tornar um dos slots mais populares em 2025. A Push Gaming agendou o lan\u00e7amento do jogo para 20 de fevereiro, e os jogadores j\u00e1 mal podem esperar. De acordo com o an\u00fancio, o jogo tem sete s\u00edmbolos e recursos de b\u00f4nus, e os ganhos m\u00e1ximos s\u00e3o de at\u00e9 x10.000. Play Casino Data de lan\u00e7amento 20.02.2025 Rolos 6 [\u2026]<\/p>","protected":false},"author":2,"featured_media":0,"parent":0,"menu_order":0,"comment_status":"closed","ping_status":"closed","template":"page-no-sidebar.php","meta":{"footnotes":""},"class_list":["post-1115","page","type-page","status-publish","hentry"],"yoast_head":"<!-- This site is optimized with the Yoast SEO plugin v26.7 - https:\/\/yoast.com\/wordpress\/plugins\/seo\/ -->\n<title>Mad Blast Slot (Push Gaming) Demo - RTP, Payouts, Volatility<\/title>\n<meta name=\"description\" content=\"Find out more about Mad Blast by Push Gaming. Learn more about the 7 bonus features of the slot. Features and parameters of Mad Blast casino game.\" \/>\n<meta name=\"robots\" content=\"index, follow, max-snippet:-1, max-image-preview:large, max-video-preview:-1\" \/>\n<link rel=\"canonical\" href=\"https:\/\/richrocketgame.com\/pt\/mad-blast\/\" \/>\n<meta property=\"og:locale\" content=\"pt_BR\" \/>\n<meta property=\"og:type\" content=\"article\" \/>\n<meta property=\"og:title\" content=\"Mad Blast Slot (Push Gaming) Demo - RTP, Payouts, Volatility\" \/>\n<meta property=\"og:description\" content=\"Find out more about Mad Blast by Push Gaming. Learn more about the 7 bonus features of the slot. Features and parameters of Mad Blast casino game.\" \/>\n<meta property=\"og:url\" content=\"https:\/\/richrocketgame.com\/pt\/mad-blast\/\" \/>\n<meta property=\"og:site_name\" content=\"Rich Rocket Game\" \/>\n<meta property=\"article:modified_time\" content=\"2025-08-01T08:24:01+00:00\" \/>\n<meta property=\"og:image\" content=\"https:\/\/richrocketgame.com\/wp-content\/uploads\/2025\/02\/mad-blast-slot.jpg\" \/>\n<meta name=\"twitter:card\" content=\"summary_large_image\" \/>\n<meta name=\"twitter:label1\" content=\"Est. tempo de leitura\" \/>\n\t<meta name=\"twitter:data1\" content=\"5 minutos\" \/>\n<!-- \/ Yoast SEO plugin. -->","yoast_head_json":{"title":"Demonstra\u00e7\u00e3o do ca\u00e7a-n\u00edqueis Mad Blast (Push Gaming) - RTP, pagamentos, volatilidade","description":"Descubra mais sobre Mad Blast da Push Gaming. Saiba mais sobre os 7 recursos de b\u00f4nus do slot. Recursos e par\u00e2metros do jogo de cassino Mad Blast.","robots":{"index":"index","follow":"follow","max-snippet":"max-snippet:-1","max-image-preview":"max-image-preview:large","max-video-preview":"max-video-preview:-1"},"canonical":"https:\/\/richrocketgame.com\/pt\/mad-blast\/","og_locale":"pt_BR","og_type":"article","og_title":"Mad Blast Slot (Push Gaming) Demo - RTP, Payouts, Volatility","og_description":"Find out more about Mad Blast by Push Gaming. Learn more about the 7 bonus features of the slot. Features and parameters of Mad Blast casino game.","og_url":"https:\/\/richrocketgame.com\/pt\/mad-blast\/","og_site_name":"Rich Rocket Game","article_modified_time":"2025-08-01T08:24:01+00:00","og_image":[{"url":"https:\/\/richrocketgame.com\/wp-content\/uploads\/2025\/02\/mad-blast-slot.jpg","type":"","width":"","height":""}],"twitter_card":"summary_large_image","twitter_misc":{"Est. tempo de leitura":"5 minutos"},"schema":{"@context":"https:\/\/schema.org","@graph":[{"@type":"WebPage","@id":"https:\/\/richrocketgame.com\/mad-blast\/","url":"https:\/\/richrocketgame.com\/mad-blast\/","name":"Demonstra\u00e7\u00e3o do ca\u00e7a-n\u00edqueis Mad Blast (Push Gaming) - RTP, pagamentos, volatilidade","isPartOf":{"@id":"https:\/\/richrocketgame.com\/#website"},"primaryImageOfPage":{"@id":"https:\/\/richrocketgame.com\/mad-blast\/#primaryimage"},"image":{"@id":"https:\/\/richrocketgame.com\/mad-blast\/#primaryimage"},"thumbnailUrl":"https:\/\/richrocketgame.com\/wp-content\/uploads\/2025\/02\/mad-blast-slot.jpg","datePublished":"2025-02-12T10:49:43+00:00","dateModified":"2025-08-01T08:24:01+00:00","description":"Descubra mais sobre Mad Blast da Push Gaming. Saiba mais sobre os 7 recursos de b\u00f4nus do slot. Recursos e par\u00e2metros do jogo de cassino Mad Blast.","breadcrumb":{"@id":"https:\/\/richrocketgame.com\/mad-blast\/#breadcrumb"},"inLanguage":"pt-BR","potentialAction":[{"@type":"ReadAction","target":["https:\/\/richrocketgame.com\/mad-blast\/"]}]},{"@type":"ImageObject","inLanguage":"pt-BR","@id":"https:\/\/richrocketgame.com\/mad-blast\/#primaryimage","url":"https:\/\/richrocketgame.com\/wp-content\/uploads\/2025\/02\/mad-blast-slot.jpg","contentUrl":"https:\/\/richrocketgame.com\/wp-content\/uploads\/2025\/02\/mad-blast-slot.jpg"},{"@type":"BreadcrumbList","@id":"https:\/\/richrocketgame.com\/mad-blast\/#breadcrumb","itemListElement":[{"@type":"ListItem","position":1,"name":"\u0413\u043b\u0430\u0432\u043d\u0430\u044f \u0441\u0442\u0440\u0430\u043d\u0438\u0446\u0430","item":"https:\/\/richrocketgame.com\/"},{"@type":"ListItem","position":2,"name":"Mad Blast Slot Demo"}]},{"@type":"WebSite","@id":"https:\/\/richrocketgame.com\/#website","url":"https:\/\/richrocketgame.com\/","name":"Jogo Rich Rocket","description":"","publisher":{"@id":"https:\/\/richrocketgame.com\/#organization"},"potentialAction":[{"@type":"SearchAction","target":{"@type":"EntryPoint","urlTemplate":"https:\/\/richrocketgame.com\/?s={search_term_string}"},"query-input":{"@type":"PropertyValueSpecification","valueRequired":true,"valueName":"search_term_string"}}],"inLanguage":"pt-BR"},{"@type":"Organization","@id":"https:\/\/richrocketgame.com\/#organization","name":"Jogo Rich Rocket","url":"https:\/\/richrocketgame.com\/","logo":{"@type":"ImageObject","inLanguage":"pt-BR","@id":"https:\/\/richrocketgame.com\/#\/schema\/logo\/image\/","url":"https:\/\/richrocketgame.com\/wp-content\/uploads\/2022\/09\/Rich-Rocket-earning-app.png","contentUrl":"https:\/\/richrocketgame.com\/wp-content\/uploads\/2022\/09\/Rich-Rocket-earning-app.png","width":512,"height":512,"caption":"Rich Rocket Game"},"image":{"@id":"https:\/\/richrocketgame.com\/#\/schema\/logo\/image\/"}}]}},"_links":{"self":[{"href":"https:\/\/richrocketgame.com\/pt\/wp-json\/wp\/v2\/pages\/1115","targetHints":{"allow":["GET"]}}],"collection":[{"href":"https:\/\/richrocketgame.com\/pt\/wp-json\/wp\/v2\/pages"}],"about":[{"href":"https:\/\/richrocketgame.com\/pt\/wp-json\/wp\/v2\/types\/page"}],"author":[{"embeddable":true,"href":"https:\/\/richrocketgame.com\/pt\/wp-json\/wp\/v2\/users\/2"}],"replies":[{"embeddable":true,"href":"https:\/\/richrocketgame.com\/pt\/wp-json\/wp\/v2\/comments?post=1115"}],"version-history":[{"count":0,"href":"https:\/\/richrocketgame.com\/pt\/wp-json\/wp\/v2\/pages\/1115\/revisions"}],"wp:attachment":[{"href":"https:\/\/richrocketgame.com\/pt\/wp-json\/wp\/v2\/media?parent=1115"}],"curies":[{"name":"wp","href":"https:\/\/api.w.org\/{rel}","templated":true}]}}