{"id":107,"date":"2022-12-27T16:47:24","date_gmt":"2022-12-27T13:47:24","guid":{"rendered":"https:\/\/richrocketgame.com\/?page_id=107"},"modified":"2024-03-13T23:18:24","modified_gmt":"2024-03-13T20:18:24","slug":"rich-rocket-bot-telegram","status":"publish","type":"page","link":"https:\/\/richrocketgame.com\/pt\/rich-rocket-bot-telegram\/","title":{"rendered":"Rich Rocket Bot Telegrama"},"content":{"rendered":"<div class=\"fpm_start\"><\/div>\n<div style=\"text-align: center;\"><a class=\"glow-button\" href=\"\/pt\/go\/registration\/\">Jogue o jogo Rich Rocket<\/a><\/div>\n<p>Apesar dos melhores esfor\u00e7os dos desenvolvedores de seguran\u00e7a, os hackers ainda encontram maneiras de contornar essas salvaguardas \u2013 como o bot Rich Rocket demonstrou. Este poderoso software oferece aos usu\u00e1rios um amplo conjunto de ferramentas para que possam prever com precis\u00e3o os resultados e se beneficiar dos jogos. No entanto, atores mal-intencionados abusaram desse conhecimento para seus pr\u00f3prios fins il\u00edcitos, resultando em interrup\u00e7\u00e3o em v\u00e1rios programas e plug-ins.<\/p>\n<div id=\"attachment_110\" style=\"width: 845px\" class=\"wp-caption aligncenter\"><a href=\"https:\/\/richrocketgame.com\/pt\/go\/registration\/\"><img decoding=\"async\" aria-describedby=\"caption-attachment-110\" class=\"wp-image-110 size-full\" title=\"Rich Rocket \u00cdndia\" src=\"https:\/\/richrocketgame.com\/wp-content\/uploads\/2022\/12\/Rich-Rocket-India.jpg\" alt=\"Rich Rocket \u00cdndia\" width=\"845\" height=\"546\" srcset=\"https:\/\/richrocketgame.com\/wp-content\/uploads\/2022\/12\/Rich-Rocket-India.jpg 845w, https:\/\/richrocketgame.com\/wp-content\/uploads\/2022\/12\/Rich-Rocket-India-300x194.jpg 300w, https:\/\/richrocketgame.com\/wp-content\/uploads\/2022\/12\/Rich-Rocket-India-768x496.jpg 768w, https:\/\/richrocketgame.com\/wp-content\/uploads\/2022\/12\/Rich-Rocket-India-18x12.jpg 18w, https:\/\/richrocketgame.com\/wp-content\/uploads\/2022\/12\/Rich-Rocket-India-62x40.jpg 62w, https:\/\/richrocketgame.com\/wp-content\/uploads\/2022\/12\/Rich-Rocket-India-50x32.jpg 50w, https:\/\/richrocketgame.com\/wp-content\/uploads\/2022\/12\/Rich-Rocket-India-124x80.jpg 124w, https:\/\/richrocketgame.com\/wp-content\/uploads\/2022\/12\/Rich-Rocket-India-209x135.jpg 209w\" sizes=\"(max-width: 845px) 100vw, 845px\" \/><\/a><p id=\"caption-attachment-110\" class=\"wp-caption-text\">Rich Rocket \u00cdndia<\/p><\/div>\n<p>Voc\u00ea n\u00e3o precisa mais esperar pacientemente por uma oportunidade - as notifica\u00e7\u00f5es ser\u00e3o enviadas prontamente para que voc\u00ea possa aproveit\u00e1-las e obter o m\u00e1ximo sucesso!<\/p>\n<div id=\"ez-toc-container\" class=\"ez-toc-v2_0_62 counter-hierarchy ez-toc-counter ez-toc-grey ez-toc-container-direction\">\n<div class=\"ez-toc-title-container\">\n<p class=\"ez-toc-title\" >\u00cdndice<\/p>\n<span class=\"ez-toc-title-toggle\"><a href=\"#\" class=\"ez-toc-pull-right ez-toc-btn ez-toc-btn-xs ez-toc-btn-default ez-toc-toggle\" aria-label=\"Alternar Tabela de Conte\u00fado\"><span class=\"ez-toc-js-icon-con\"><span class=\"\"><span class=\"eztoc-hide\" style=\"display:none;\">Alternar<\/span><span class=\"ez-toc-icon-toggle-span\"><svg style=\"fill: #999;color:#999\" xmlns=\"http:\/\/www.w3.org\/2000\/svg\" class=\"list-377408\" width=\"20px\" height=\"20px\" viewbox=\"0 0 24 24\" fill=\"none\"><path d=\"M6 6H4v2h2V6zm14 0H8v2h12V6zM4 11h2v2H4v-2zm16 0H8v2h12v-2zM4 16h2v2H4v-2zm16 0H8v2h12v-2z\" fill=\"currentColor\"><\/path><\/svg><svg style=\"fill: #999;color:#999\" class=\"arrow-unsorted-368013\" xmlns=\"http:\/\/www.w3.org\/2000\/svg\" width=\"10px\" height=\"10px\" viewbox=\"0 0 24 24\" version=\"1.2\" baseprofile=\"tiny\"><path d=\"M18.2 9.3l-6.2-6.3-6.2 6.3c-.2.2-.3.4-.3.7s.1.5.3.7c.2.2.4.3.7.3h11c.3 0 .5-.1.7-.3.2-.2.3-.5.3-.7s-.1-.5-.3-.7zM5.8 14.7l6.2 6.3 6.2-6.3c.2-.2.3-.5.3-.7s-.1-.5-.3-.7c-.2-.2-.4-.3-.7-.3h-11c-.3 0-.5.1-.7.3-.2.2-.3.5-.3.7s.1.5.3.7z\"\/><\/svg><\/span><\/span><\/span><\/a><\/span><\/div>\n<nav><ul class='ez-toc-list ez-toc-list-level-1 eztoc-toggle-hide-by-default' ><li class='ez-toc-page-1 ez-toc-heading-level-2'><a class=\"ez-toc-link ez-toc-heading-1\" href=\"https:\/\/richrocketgame.com\/pt\/rich-rocket-bot-telegram\/#Signals_Rich_Rocket_Bot\" title=\"Bot de sinais Rich Rocket\">Bot de sinais Rich Rocket<\/a><\/li><li class='ez-toc-page-1 ez-toc-heading-level-2'><a class=\"ez-toc-link ez-toc-heading-2\" href=\"https:\/\/richrocketgame.com\/pt\/rich-rocket-bot-telegram\/#How_to_Download_Rich_Rocket_Bot\" title=\"Como baixar o bot Rich Rocket?\">Como baixar o bot Rich Rocket?<\/a><\/li><li class='ez-toc-page-1 ez-toc-heading-level-2'><a class=\"ez-toc-link ez-toc-heading-3\" href=\"https:\/\/richrocketgame.com\/pt\/rich-rocket-bot-telegram\/#Rich_Rocket_Telegram_Bot\" title=\"Rich Rocket Telegram Bot\">Rich Rocket Telegram Bot<\/a><\/li><li class='ez-toc-page-1 ez-toc-heading-level-2'><a class=\"ez-toc-link ez-toc-heading-4\" href=\"https:\/\/richrocketgame.com\/pt\/rich-rocket-bot-telegram\/#Conclusion\" title=\"Conclus\u00e3o\">Conclus\u00e3o<\/a><\/li><\/ul><\/nav><\/div>\n<h2><span class=\"ez-toc-section\" id=\"Signals_Rich_Rocket_Bot\"><\/span>Bot de sinais Rich Rocket<span class=\"ez-toc-section-end\"><\/span><\/h2>\n<p>Para garantir que os usu\u00e1rios tenham a melhor experi\u00eancia poss\u00edvel, <a href=\"https:\/\/richrocketgame.com\/pt\/\">Rich Rocket<\/a> os desenvolvedores de sinais passaram exaustivamente por todos os detalhes. Isso resultou em um conjunto superior de recursos que cativam seus usu\u00e1rios, como:<\/p>\n<ul>\n<li>Jogadores da \u00cdndia, \u00c1frica do Sul, Europa e al\u00e9m atestaram a autenticidade do material publicado.<\/li>\n<li>Clientes e especialistas elogiaram as previs\u00f5es do Rich Rocket India, ent\u00e3o voc\u00ea pode confiar em sua qualidade. Al\u00e9m disso, eles continuam a demonstrar dedica\u00e7\u00e3o em fornecer o melhor servi\u00e7o poss\u00edvel por meio de revis\u00f5es regulares.<\/li>\n<li>Ao reunir a for\u00e7a de v\u00e1rios algoritmos que analisam as tend\u00eancias atuais, podemos fortalecer as previs\u00f5es com confian\u00e7a e chegar a um acordo compartilhado.<\/li>\n<li>Ao transmitir rapidamente informa\u00e7\u00f5es cr\u00edticas que contribuir\u00e3o para o sucesso, erradica qualquer possibilidade de hesita\u00e7\u00f5es, verifica\u00e7\u00f5es desnecess\u00e1rias ou outros processos obstrutivos.<\/li>\n<li>Mantenha-se atualizado com as \u00faltimas not\u00edcias, avisos \u00fateis, fatos intrigantes e muito mais - tudo trazido diretamente a voc\u00ea de forma consistente.<\/li>\n<\/ul>\n<p>Al\u00e9m disso, conectar-se \u00e0 animada comunidade Rich Rocket Telegram de jogadores experientes \u00e9 simples. \u00c9 um \u00f3timo lugar para falar sobre os m\u00e9todos e ferramentas que voc\u00ea utiliza, discutir os recursos do software em profundidade, participar de discuss\u00f5es estimulantes ou apenas relaxar enquanto percorre postagens atraentes!<\/p>\n<p>Precisa de uma vantagem vencedora? N\u00e3o procure mais do que nosso aplicativo inovador. Com uma incr\u00edvel taxa de precis\u00e3o de 97%, esta potente ferramenta pode prever corretamente os movimentos do slot - aumentando drasticamente sua chance de sucesso! Compat\u00edvel com qualquer dispositivo, n\u00e3o h\u00e1 tempo a perder em baix\u00e1-lo e ganhar vantagem hoje!<\/p>\n<div id=\"attachment_112\" style=\"width: 994px\" class=\"wp-caption aligncenter\"><a href=\"https:\/\/richrocketgame.com\/pt\/go\/registration\/\"><img decoding=\"async\" aria-describedby=\"caption-attachment-112\" class=\"wp-image-112 size-large\" title=\"Bot Rich Rocket\" src=\"https:\/\/richrocketgame.com\/wp-content\/uploads\/2022\/12\/Rich-Rocket-Bot-1024x443.jpg\" alt=\"Bot Rich Rocket\" width=\"994\" height=\"430\" srcset=\"https:\/\/richrocketgame.com\/wp-content\/uploads\/2022\/12\/Rich-Rocket-Bot-1024x443.jpg 1024w, https:\/\/richrocketgame.com\/wp-content\/uploads\/2022\/12\/Rich-Rocket-Bot-300x130.jpg 300w, https:\/\/richrocketgame.com\/wp-content\/uploads\/2022\/12\/Rich-Rocket-Bot-768x332.jpg 768w, https:\/\/richrocketgame.com\/wp-content\/uploads\/2022\/12\/Rich-Rocket-Bot-18x8.jpg 18w, https:\/\/richrocketgame.com\/wp-content\/uploads\/2022\/12\/Rich-Rocket-Bot-93x40.jpg 93w, https:\/\/richrocketgame.com\/wp-content\/uploads\/2022\/12\/Rich-Rocket-Bot-74x32.jpg 74w, https:\/\/richrocketgame.com\/wp-content\/uploads\/2022\/12\/Rich-Rocket-Bot-185x80.jpg 185w, https:\/\/richrocketgame.com\/wp-content\/uploads\/2022\/12\/Rich-Rocket-Bot-312x135.jpg 312w, https:\/\/richrocketgame.com\/wp-content\/uploads\/2022\/12\/Rich-Rocket-Bot.jpg 1099w\" sizes=\"(max-width: 994px) 100vw, 994px\" \/><\/a><p id=\"caption-attachment-112\" class=\"wp-caption-text\">Bot Rich Rocket<\/p><\/div>\n<div style=\"text-align: center;\"><a class=\"glow-button\" href=\"\/pt\/go\/registration\/\">Rich Rocket \u00cdndia<\/a><\/div>\n<h2><span class=\"ez-toc-section\" id=\"How_to_Download_Rich_Rocket_Bot\"><\/span>Como baixar o bot Rich Rocket?<span class=\"ez-toc-section-end\"><\/span><\/h2>\n<p>O aplicativo \u00e9 compat\u00edvel com todos os sistemas mais populares, incluindo telefones, tablets e computadores - n\u00e3o importa qual dispositivo voc\u00ea esteja usando! Al\u00e9m disso, ocupa um espa\u00e7o m\u00ednimo em seus dispositivos e n\u00e3o tem nenhum custo durante o download. Seus recursos descomplicados garantem que, mesmo que voc\u00ea n\u00e3o seja muito versado em tecnologia ou conhecimento especializado, este aplicativo funcione sem problemas e sem nenhum estresse.<\/p>\n<p>Para iniciar o processo de instala\u00e7\u00e3o, o usu\u00e1rio deve:<\/p>\n<ol>\n<li>Voc\u00ea est\u00e1 procurando o programa bot Rich Rocket? Ent\u00e3o n\u00e3o procure mais - voc\u00ea pode encontr\u00e1-lo facilmente com uma r\u00e1pida pesquisa online ou atrav\u00e9s da barra de navega\u00e7\u00e3o do site oficial. Com v\u00e1rias op\u00e7\u00f5es dispon\u00edveis, certifique-se de selecionar uma que seja confi\u00e1vel e confi\u00e1vel antes de baixar o sistema operacional.<\/li>\n<li>N\u00e3o confie apenas em nossas previs\u00f5es e em sua confiabilidade - experimente o aplicativo para ver por si mesmo! Ele j\u00e1 previu resultados bem-sucedidos com uma taxa de precis\u00e3o impressionante de 90%, ent\u00e3o voc\u00ea pode ter certeza de que suas previs\u00f5es ser\u00e3o precisas. Teste-o em situa\u00e7\u00f5es atuais para avaliar se os resultados observados correspondem ao que foi inicialmente previsto.<\/li>\n<li>Inscreva-se em uma conta conosco e receba notifica\u00e7\u00f5es personalizadas sobre descontos exclusivos feitos sob medida para voc\u00ea! Obtenha as melhores ofertas sem ter que pesquisar \u2013 est\u00e1 tudo ao seu alcance.<\/li>\n<\/ol>\n<p>Ao implementar os conselhos fornecidos e monitorar rotineiramente seu progresso, o jogador certamente observar\u00e1 uma taxa de sucesso cada vez maior. Em pouco tempo, eles se encontrar\u00e3o ganhando com mais frequ\u00eancia do que nunca!<\/p>\n<div id=\"attachment_111\" style=\"width: 816px\" class=\"wp-caption aligncenter\"><a href=\"https:\/\/richrocketgame.com\/pt\/go\/registration\/\"><img decoding=\"async\" aria-describedby=\"caption-attachment-111\" class=\"wp-image-111 size-full\" title=\"Revis\u00e3o do telegrama Rich Rocket\" src=\"https:\/\/richrocketgame.com\/wp-content\/uploads\/2022\/12\/Rich-Rocket-Telegram-Review.jpg\" alt=\"Revis\u00e3o do telegrama Rich Rocket\" width=\"816\" height=\"331\" srcset=\"https:\/\/richrocketgame.com\/wp-content\/uploads\/2022\/12\/Rich-Rocket-Telegram-Review.jpg 816w, https:\/\/richrocketgame.com\/wp-content\/uploads\/2022\/12\/Rich-Rocket-Telegram-Review-300x122.jpg 300w, https:\/\/richrocketgame.com\/wp-content\/uploads\/2022\/12\/Rich-Rocket-Telegram-Review-768x312.jpg 768w, https:\/\/richrocketgame.com\/wp-content\/uploads\/2022\/12\/Rich-Rocket-Telegram-Review-18x7.jpg 18w, https:\/\/richrocketgame.com\/wp-content\/uploads\/2022\/12\/Rich-Rocket-Telegram-Review-99x40.jpg 99w, https:\/\/richrocketgame.com\/wp-content\/uploads\/2022\/12\/Rich-Rocket-Telegram-Review-79x32.jpg 79w, https:\/\/richrocketgame.com\/wp-content\/uploads\/2022\/12\/Rich-Rocket-Telegram-Review-197x80.jpg 197w, https:\/\/richrocketgame.com\/wp-content\/uploads\/2022\/12\/Rich-Rocket-Telegram-Review-333x135.jpg 333w\" sizes=\"(max-width: 816px) 100vw, 816px\" \/><\/a><p id=\"caption-attachment-111\" class=\"wp-caption-text\">Revis\u00e3o do telegrama Rich Rocket<\/p><\/div>\n<div style=\"text-align: center;\"><a class=\"glow-button\" href=\"\/pt\/go\/registration\/\">Bot Rich Rocket<\/a><\/div>\n<h2><span class=\"ez-toc-section\" id=\"Rich_Rocket_Telegram_Bot\"><\/span>Rich Rocket Telegram Bot<span class=\"ez-toc-section-end\"><\/span><\/h2>\n<p>Se voc\u00ea \u00e9 um jogador ambicioso, o Rich Rocket Bot \u00e9 o companheiro ideal para voc\u00ea. Obtenha as informa\u00e7\u00f5es mais atualizadas sobre as tend\u00eancias e condi\u00e7\u00f5es atuais do mercado - tudo em um s\u00f3 lugar! N\u00e3o perca nenhuma das \u00faltimas not\u00edcias; com o Rich Rocket Telegram Review, o sucesso est\u00e1 a apenas um clique de dist\u00e2ncia!<\/p><script data-noptimize=\"\" data-wpfc-render=\"false\">\n\/* <![CDATA[ *\/\nfpm_start( \"true\" );\n\/* ]]> *\/\n<\/script>\n\n<p>Os usu\u00e1rios n\u00e3o t\u00eam nada a temer quando se trata de confiar neste programa \u2013 \u00e9 seguro, preciso e genuinamente ben\u00e9fico para o sucesso nos jogos de slot. Fa\u00e7a o download agora para ter a chance de alcan\u00e7ar o maior sucesso!<\/p>\n<p>N\u00e3o perca a chance de se tornar um vencedor com Rich Rocket \u00cdndia! Baixe o aplicativo agora e comece sua jornada \u2013 \u00e9 hora de seguir em frente.<\/p>\n<h2><span class=\"ez-toc-section\" id=\"Conclusion\"><\/span>Conclus\u00e3o<span class=\"ez-toc-section-end\"><\/span><\/h2>\n<p>Obtenha vantagem competitiva com Rich Rocket! Taxa de precis\u00e3o 97% e acesso a jogadores experientes no grupo de telegramas para fornecer os melhores conselhos. Fa\u00e7a o download gratuitamente e leve seus jogos para o pr\u00f3ximo n\u00edvel - compat\u00edvel com qualquer dispositivo, para que voc\u00ea possa levar seu melhor jogo aonde quer que v\u00e1.<\/p>\n<div style=\"height: 0px; overflow: hidden; padding-top: 56.25%; position: relative; width: 100%;\"><iframe style=\"position: absolute; top: 0px; left: 0px; width: 100%; height: 100%;\" title=\"Leitor de v\u00eddeo do YouTube\" src=\"https:\/\/tube.rvere.com\/embed?v=9FOIAl95Cyw\" frameborder=\"0\" allowfullscreen=\"allowfullscreen\"><br \/>\n<\/iframe><\/div>\n<div class=\"fpm_end\"><\/div>\n<div class=\"author-card author-card--top\"><img alt='foto do avatar' src='https:\/\/richrocketgame.com\/wp-content\/uploads\/2023\/03\/Paulo-Dornelas-130x130.jpg' srcset='https:\/\/richrocketgame.com\/wp-content\/uploads\/2023\/03\/Paulo-Dornelas-260x260.jpg 2x' class='avatar avatar-130 photo author-image' height='130' width='130' \/><div class=\"author-content text-md-center\"><span class=\"author-title\">Autor<\/span><a href=\"https:\/\/richrocketgame.com\/pt\/author\/paulo-dornelas\/\" class=\"author-name\">Paulo Dornelas<\/a><p class=\"author__details\">Paulo Dornelas \u00e9 um especialista em jogos de azar que dedicou sua vida a entender a ind\u00fastria e ajudar outros a ganhar dinheiro com ela. Ele tamb\u00e9m \u00e9 um \u00e1vido viajante, e adora explorar novos lugares. O conhecimento de Paulo sobre o jogo e sua paix\u00e3o por viagens fazem dele o guia perfeito para qualquer pessoa que procure obter lucros s\u00e9rios com apostas em esportes ou jogos de cassino.<\/p><\/div><!-- \/.author-content --><\/div>","protected":false},"excerpt":{"rendered":"<p>Jogue o jogo Rich Rocket Apesar dos melhores esfor\u00e7os dos desenvolvedores de seguran\u00e7a, os hackers ainda encontram maneiras de contornar essas salvaguardas - como o bot Rich Rocket demonstrou. Este poderoso software oferece aos usu\u00e1rios um amplo conjunto de ferramentas para que possam prever com precis\u00e3o os resultados e se beneficiar dos jogos. No entanto, atores mal-intencionados abusaram desse conhecimento para seu pr\u00f3prio [\u2026]<\/p>","protected":false},"author":2,"featured_media":0,"parent":0,"menu_order":0,"comment_status":"closed","ping_status":"closed","template":"page-no-sidebar.php","meta":{"footnotes":""},"class_list":["post-107","page","type-page","status-publish","hentry"],"yoast_head":"<!-- This site is optimized with the Yoast SEO plugin v26.7 - https:\/\/yoast.com\/wordpress\/plugins\/seo\/ -->\n<title>Rich Rocket Bot Telegram - Rich Rocket India<\/title>\n<meta name=\"description\" content=\"How to Find Rich Rocket Telegram channel and try the application Rich Rocket Bot? Download Bot for Rich Rocket Game India and Start Predict!\" \/>\n<meta name=\"robots\" content=\"index, follow, max-snippet:-1, max-image-preview:large, max-video-preview:-1\" \/>\n<link rel=\"canonical\" href=\"https:\/\/richrocketgame.com\/pt\/rich-rocket-bot-telegram\/\" \/>\n<meta property=\"og:locale\" content=\"pt_BR\" \/>\n<meta property=\"og:type\" content=\"article\" \/>\n<meta property=\"og:title\" content=\"Rich Rocket Bot Telegram - Rich Rocket India\" \/>\n<meta property=\"og:description\" content=\"How to Find Rich Rocket Telegram channel and try the application Rich Rocket Bot? Download Bot for Rich Rocket Game India and Start Predict!\" \/>\n<meta property=\"og:url\" content=\"https:\/\/richrocketgame.com\/pt\/rich-rocket-bot-telegram\/\" \/>\n<meta property=\"og:site_name\" content=\"Rich Rocket Game\" \/>\n<meta property=\"article:modified_time\" content=\"2024-03-13T20:18:24+00:00\" \/>\n<meta property=\"og:image\" content=\"https:\/\/richrocketgame.com\/wp-content\/uploads\/2022\/12\/Rich-Rocket-India.jpg\" \/>\n<meta name=\"twitter:card\" content=\"summary_large_image\" \/>\n<meta name=\"twitter:label1\" content=\"Est. tempo de leitura\" \/>\n\t<meta name=\"twitter:data1\" content=\"5 minutos\" \/>\n<!-- \/ Yoast SEO plugin. -->","yoast_head_json":{"title":"Rich Rocket Bot Telegram - Rich Rocket \u00cdndia","description":"Como encontrar o canal Rich Rocket Telegram e experimentar o aplicativo Rich Rocket Bot? Fa\u00e7a o download do Bot para Rich Rocket Game India e comece a prever!","robots":{"index":"index","follow":"follow","max-snippet":"max-snippet:-1","max-image-preview":"max-image-preview:large","max-video-preview":"max-video-preview:-1"},"canonical":"https:\/\/richrocketgame.com\/pt\/rich-rocket-bot-telegram\/","og_locale":"pt_BR","og_type":"article","og_title":"Rich Rocket Bot Telegram - Rich Rocket India","og_description":"How to Find Rich Rocket Telegram channel and try the application Rich Rocket Bot? Download Bot for Rich Rocket Game India and Start Predict!","og_url":"https:\/\/richrocketgame.com\/pt\/rich-rocket-bot-telegram\/","og_site_name":"Rich Rocket Game","article_modified_time":"2024-03-13T20:18:24+00:00","og_image":[{"url":"https:\/\/richrocketgame.com\/wp-content\/uploads\/2022\/12\/Rich-Rocket-India.jpg","type":"","width":"","height":""}],"twitter_card":"summary_large_image","twitter_misc":{"Est. tempo de leitura":"5 minutos"},"schema":{"@context":"https:\/\/schema.org","@graph":[{"@type":"WebPage","@id":"https:\/\/richrocketgame.com\/rich-rocket-bot-telegram\/","url":"https:\/\/richrocketgame.com\/rich-rocket-bot-telegram\/","name":"Rich Rocket Bot Telegram - Rich Rocket \u00cdndia","isPartOf":{"@id":"https:\/\/richrocketgame.com\/#website"},"primaryImageOfPage":{"@id":"https:\/\/richrocketgame.com\/rich-rocket-bot-telegram\/#primaryimage"},"image":{"@id":"https:\/\/richrocketgame.com\/rich-rocket-bot-telegram\/#primaryimage"},"thumbnailUrl":"https:\/\/richrocketgame.com\/wp-content\/uploads\/2022\/12\/Rich-Rocket-India.jpg","datePublished":"2022-12-27T13:47:24+00:00","dateModified":"2024-03-13T20:18:24+00:00","description":"Como encontrar o canal Rich Rocket Telegram e experimentar o aplicativo Rich Rocket Bot? Fa\u00e7a o download do Bot para Rich Rocket Game India e comece a prever!","breadcrumb":{"@id":"https:\/\/richrocketgame.com\/rich-rocket-bot-telegram\/#breadcrumb"},"inLanguage":"pt-BR","potentialAction":[{"@type":"ReadAction","target":["https:\/\/richrocketgame.com\/rich-rocket-bot-telegram\/"]}]},{"@type":"ImageObject","inLanguage":"pt-BR","@id":"https:\/\/richrocketgame.com\/rich-rocket-bot-telegram\/#primaryimage","url":"https:\/\/richrocketgame.com\/wp-content\/uploads\/2022\/12\/Rich-Rocket-India.jpg","contentUrl":"https:\/\/richrocketgame.com\/wp-content\/uploads\/2022\/12\/Rich-Rocket-India.jpg"},{"@type":"BreadcrumbList","@id":"https:\/\/richrocketgame.com\/rich-rocket-bot-telegram\/#breadcrumb","itemListElement":[{"@type":"ListItem","position":1,"name":"\u0413\u043b\u0430\u0432\u043d\u0430\u044f \u0441\u0442\u0440\u0430\u043d\u0438\u0446\u0430","item":"https:\/\/richrocketgame.com\/"},{"@type":"ListItem","position":2,"name":"Rich Rocket Bot Telegram"}]},{"@type":"WebSite","@id":"https:\/\/richrocketgame.com\/#website","url":"https:\/\/richrocketgame.com\/","name":"Jogo Rich Rocket","description":"","publisher":{"@id":"https:\/\/richrocketgame.com\/#organization"},"potentialAction":[{"@type":"SearchAction","target":{"@type":"EntryPoint","urlTemplate":"https:\/\/richrocketgame.com\/?s={search_term_string}"},"query-input":{"@type":"PropertyValueSpecification","valueRequired":true,"valueName":"search_term_string"}}],"inLanguage":"pt-BR"},{"@type":"Organization","@id":"https:\/\/richrocketgame.com\/#organization","name":"Jogo Rich Rocket","url":"https:\/\/richrocketgame.com\/","logo":{"@type":"ImageObject","inLanguage":"pt-BR","@id":"https:\/\/richrocketgame.com\/#\/schema\/logo\/image\/","url":"https:\/\/richrocketgame.com\/wp-content\/uploads\/2022\/09\/Rich-Rocket-earning-app.png","contentUrl":"https:\/\/richrocketgame.com\/wp-content\/uploads\/2022\/09\/Rich-Rocket-earning-app.png","width":512,"height":512,"caption":"Rich Rocket Game"},"image":{"@id":"https:\/\/richrocketgame.com\/#\/schema\/logo\/image\/"}}]}},"_links":{"self":[{"href":"https:\/\/richrocketgame.com\/pt\/wp-json\/wp\/v2\/pages\/107","targetHints":{"allow":["GET"]}}],"collection":[{"href":"https:\/\/richrocketgame.com\/pt\/wp-json\/wp\/v2\/pages"}],"about":[{"href":"https:\/\/richrocketgame.com\/pt\/wp-json\/wp\/v2\/types\/page"}],"author":[{"embeddable":true,"href":"https:\/\/richrocketgame.com\/pt\/wp-json\/wp\/v2\/users\/2"}],"replies":[{"embeddable":true,"href":"https:\/\/richrocketgame.com\/pt\/wp-json\/wp\/v2\/comments?post=107"}],"version-history":[{"count":0,"href":"https:\/\/richrocketgame.com\/pt\/wp-json\/wp\/v2\/pages\/107\/revisions"}],"wp:attachment":[{"href":"https:\/\/richrocketgame.com\/pt\/wp-json\/wp\/v2\/media?parent=107"}],"curies":[{"name":"wp","href":"https:\/\/api.w.org\/{rel}","templated":true}]}}