{"id":1039,"date":"2025-02-11T18:44:02","date_gmt":"2025-02-11T15:44:02","guid":{"rendered":"https:\/\/richrocketgame.com\/?page_id=1039"},"modified":"2025-08-01T11:18:06","modified_gmt":"2025-08-01T08:18:06","slug":"jungle-queen-slot","status":"publish","type":"page","link":"https:\/\/richrocketgame.com\/pt\/jungle-queen-slot\/","title":{"rendered":"Demonstra\u00e7\u00e3o do ca\u00e7a-n\u00edqueis Jungle Queen"},"content":{"rendered":"<div class=\"fpm_start\"><\/div>\n<p>A slot Jungle Queen, com lan\u00e7amento previsto para 20 de fevereiro de 2025, levar\u00e1 os jogadores ao dom\u00ednio da rainha da floresta tropical. Uma recep\u00e7\u00e3o hospitaleira o aguarda em um campo de jogo 5\u00d73 com 20 linhas de pagamento. Os jogadores sortudos que agradarem a rainha poder\u00e3o ganhar x10.000. A Jungle Queen da BGaming tem quatro recursos de b\u00f4nus que tornam cada rodada imprevis\u00edvel.<\/p>\n<div style=\"text-align: center;\"><a class=\"glow-button\" href=\"\/pt\/go\/registration\/\" rel=\"noreferrer noopener nofollow\">Jogar ca\u00e7a-n\u00edqueis<\/a><\/div>\n<table>\n<tbody>\n<tr>\n<td>Data de lan\u00e7amento<\/td>\n<td>20 de fevereiro de 2025<\/td>\n<\/tr>\n<tr>\n<td>Carret\u00e9is<\/td>\n<td>5<\/td>\n<\/tr>\n<tr>\n<td>Fileiras<\/td>\n<td>3<\/td>\n<\/tr>\n<tr>\n<td>RTP<\/td>\n<td>96,15%<\/td>\n<\/tr>\n<tr>\n<td>Volatilidade<\/td>\n<td>Alto<\/td>\n<\/tr>\n<tr>\n<td>Linhas vencedoras<\/td>\n<td>20<\/td>\n<\/tr>\n<tr>\n<td>Ganhos m\u00e1ximos<\/td>\n<td>\u044510.000<\/td>\n<\/tr>\n<\/tbody>\n<\/table>\n<p>&nbsp;<\/p>\n<div id=\"ez-toc-container\" class=\"ez-toc-v2_0_62 counter-hierarchy ez-toc-counter ez-toc-grey ez-toc-container-direction\">\n<div class=\"ez-toc-title-container\">\n<p class=\"ez-toc-title\" >\u00cdndice<\/p>\n<span class=\"ez-toc-title-toggle\"><a href=\"#\" class=\"ez-toc-pull-right ez-toc-btn ez-toc-btn-xs ez-toc-btn-default ez-toc-toggle\" aria-label=\"Alternar Tabela de Conte\u00fado\"><span class=\"ez-toc-js-icon-con\"><span class=\"\"><span class=\"eztoc-hide\" style=\"display:none;\">Alternar<\/span><span class=\"ez-toc-icon-toggle-span\"><svg style=\"fill: #999;color:#999\" xmlns=\"http:\/\/www.w3.org\/2000\/svg\" class=\"list-377408\" width=\"20px\" height=\"20px\" viewbox=\"0 0 24 24\" fill=\"none\"><path d=\"M6 6H4v2h2V6zm14 0H8v2h12V6zM4 11h2v2H4v-2zm16 0H8v2h12v-2zM4 16h2v2H4v-2zm16 0H8v2h12v-2z\" fill=\"currentColor\"><\/path><\/svg><svg style=\"fill: #999;color:#999\" class=\"arrow-unsorted-368013\" xmlns=\"http:\/\/www.w3.org\/2000\/svg\" width=\"10px\" height=\"10px\" viewbox=\"0 0 24 24\" version=\"1.2\" baseprofile=\"tiny\"><path d=\"M18.2 9.3l-6.2-6.3-6.2 6.3c-.2.2-.3.4-.3.7s.1.5.3.7c.2.2.4.3.7.3h11c.3 0 .5-.1.7-.3.2-.2.3-.5.3-.7s-.1-.5-.3-.7zM5.8 14.7l6.2 6.3 6.2-6.3c.2-.2.3-.5.3-.7s-.1-.5-.3-.7c-.2-.2-.4-.3-.7-.3h-11c-.3 0-.5.1-.7.3-.2.2-.3.5-.3.7s.1.5.3.7z\"\/><\/svg><\/span><\/span><\/span><\/a><\/span><\/div>\n<nav><ul class='ez-toc-list ez-toc-list-level-1 eztoc-toggle-hide-by-default' ><li class='ez-toc-page-1 ez-toc-heading-level-2'><a class=\"ez-toc-link ez-toc-heading-1\" href=\"https:\/\/richrocketgame.com\/pt\/jungle-queen-slot\/#What_we_Know_About_the_Jungle_Queen_Game\" title=\"O que sabemos sobre o jogo Jungle Queen\">O que sabemos sobre o jogo Jungle Queen<\/a><ul class='ez-toc-list-level-3' ><li class='ez-toc-heading-level-3'><a class=\"ez-toc-link ez-toc-heading-2\" href=\"https:\/\/richrocketgame.com\/pt\/jungle-queen-slot\/#Bonus_Features_of_the_Slot\" title=\"Recursos de b\u00f4nus do slot\">Recursos de b\u00f4nus do slot<\/a><\/li><\/ul><\/li><li class='ez-toc-page-1 ez-toc-heading-level-2'><a class=\"ez-toc-link ez-toc-heading-3\" href=\"https:\/\/richrocketgame.com\/pt\/jungle-queen-slot\/#Why_play_the_Jungle_Queen_slot\" title=\"Por que jogar no ca\u00e7a-n\u00edquel Jungle Queen?\">Por que jogar no ca\u00e7a-n\u00edquel Jungle Queen?<\/a><\/li><li class='ez-toc-page-1 ez-toc-heading-level-2'><a class=\"ez-toc-link ez-toc-heading-4\" href=\"https:\/\/richrocketgame.com\/pt\/jungle-queen-slot\/#FAQ\" title=\"FAQ\">FAQ<\/a><ul class='ez-toc-list-level-3' ><li class='ez-toc-heading-level-3'><a class=\"ez-toc-link ez-toc-heading-5\" href=\"https:\/\/richrocketgame.com\/pt\/jungle-queen-slot\/#Is_there_a_jackpot_in_Jungle_Queen\" title=\"Existe um jackpot no Jungle Queen?\">Existe um jackpot no Jungle Queen?<\/a><\/li><li class='ez-toc-page-1 ez-toc-heading-level-3'><a class=\"ez-toc-link ez-toc-heading-6\" href=\"https:\/\/richrocketgame.com\/pt\/jungle-queen-slot\/#Does_BGaming_plan_to_release_Jungle_Queen_Demo\" title=\"A BGaming planeja lan\u00e7ar a demonstra\u00e7\u00e3o do Jungle Queen?\">A BGaming planeja lan\u00e7ar a demonstra\u00e7\u00e3o do Jungle Queen?<\/a><\/li><li class='ez-toc-page-1 ez-toc-heading-level-3'><a class=\"ez-toc-link ez-toc-heading-7\" href=\"https:\/\/richrocketgame.com\/pt\/jungle-queen-slot\/#What_are_the_main_features_of_the_slot\" title=\"Quais s\u00e3o os principais recursos do ca\u00e7a-n\u00edqueis?\">Quais s\u00e3o os principais recursos do ca\u00e7a-n\u00edqueis?<\/a><\/li><\/ul><\/li><\/ul><\/nav><\/div>\n<h2><span class=\"ez-toc-section\" id=\"What_we_Know_About_the_Jungle_Queen_Game\"><\/span>O que sabemos sobre o jogo Jungle Queen<span class=\"ez-toc-section-end\"><\/span><\/h2>\n<p>O jogo de cassino Jungle Queen convida os jogadores a encontrar um tesouro em uma selva misteriosa. Em termos de estilo, o jogo se equilibra entre os temas animal e m\u00e1gico. Voc\u00ea ver\u00e1 s\u00edmbolos de cartas de baixo n\u00edvel e de animais de alto n\u00edvel nos cilindros.<\/p>\n<p>A BGaming estabeleceu um pr\u00eamio m\u00e1ximo alto de $250.000. Ainda n\u00e3o h\u00e1 informa\u00e7\u00f5es espec\u00edficas sobre o tamanho das apostas, mas o provedor promete que o jogo foi projetado para diferentes or\u00e7amentos. Se voc\u00ea decidir jogar o Jungle Queen, pode esperar obter combina\u00e7\u00f5es vencedoras a cada 4-5 rodadas.<\/p>\n<p><a href=\"https:\/\/richrocketgame.com\/pt\/go\/registration\/\" target=\"_blank\" rel=\"noreferrer noopener nofollow\"><img decoding=\"async\" class=\"aligncenter wp-image-1046\" src=\"https:\/\/richrocketgame.com\/wp-content\/uploads\/2025\/02\/jungle-queen-slot.jpg\" alt=\"Slot Jungle Queen da BGaming.\" width=\"420\" height=\"512\" srcset=\"https:\/\/richrocketgame.com\/wp-content\/uploads\/2025\/02\/jungle-queen-slot.jpg 574w, https:\/\/richrocketgame.com\/wp-content\/uploads\/2025\/02\/jungle-queen-slot-246x300.jpg 246w, https:\/\/richrocketgame.com\/wp-content\/uploads\/2025\/02\/jungle-queen-slot-10x12.jpg 10w, https:\/\/richrocketgame.com\/wp-content\/uploads\/2025\/02\/jungle-queen-slot-33x40.jpg 33w, https:\/\/richrocketgame.com\/wp-content\/uploads\/2025\/02\/jungle-queen-slot-26x32.jpg 26w, https:\/\/richrocketgame.com\/wp-content\/uploads\/2025\/02\/jungle-queen-slot-66x80.jpg 66w, https:\/\/richrocketgame.com\/wp-content\/uploads\/2025\/02\/jungle-queen-slot-111x135.jpg 111w\" sizes=\"(max-width: 420px) 100vw, 420px\" \/><\/a><\/p>\n<h3><span class=\"ez-toc-section\" id=\"Bonus_Features_of_the_Slot\"><\/span>Recursos de b\u00f4nus do slot<span class=\"ez-toc-section-end\"><\/span><\/h3>\n<p>O jogo oferece dois tipos de s\u00edmbolos Wild. Al\u00e9m da tradicional inscri\u00e7\u00e3o \"Wild\", as borboletas podem aparecer nos cilindros, substituindo qualquer outro s\u00edmbolo, exceto os especiais. Nesse caso, \u00e9 essencial ficar de olho no painel acima dos carret\u00e9is, pois ele exibe os s\u00edmbolos em que as borboletas n\u00e3o se transformam naquele sorteio.<\/p>\n<p>Outros recursos de b\u00f4nus do Jungle Queen online prometem lucros ainda maiores:<\/p>\n<ul>\n<li>Rodadas Gr\u00e1tis. Obtenha uma combina\u00e7\u00e3o de 3 scatters para ter direito a 12 rodadas gr\u00e1tis nos cilindros.<\/li>\n<li>Borboletas m\u00edsticas. Durante as rodadas gr\u00e1tis, um multiplicador est\u00e1 em vigor. Ao coletar um determinado n\u00famero de borboletas, voc\u00ea aumenta o multiplicador em 1, remove o s\u00edmbolo menos pago das bobinas e ganha tr\u00eas rodadas gr\u00e1tis adicionais.<\/li>\n<li>Moedas de Ouro da Rainha. Esses s\u00edmbolos especiais podem aparecer a qualquer momento, concedendo pr\u00eamios instant\u00e2neos de at\u00e9 2.500 vezes a sua aposta.<\/li>\n<\/ul>\n<p>A BGaming adicionou um recurso de compra de b\u00f4nus ao Jungle Queen, permitindo que os jogadores comprem a entrada para a rodada de giros gr\u00e1tis por x100 da aposta. Isso permitir\u00e1 que voc\u00ea v\u00e1 direto para a parte mais interessante do jogo.<\/p>\n<div style=\"text-align: center;\"><a class=\"glow-button\" href=\"\/pt\/go\/registration\/\">Experimente o Jungle Queen<\/a><\/div>\n<h2><span class=\"ez-toc-section\" id=\"Why_play_the_Jungle_Queen_slot\"><\/span>Por que jogar no ca\u00e7a-n\u00edquel Jungle Queen?<span class=\"ez-toc-section-end\"><\/span><\/h2>\n<p>O jogo merece aten\u00e7\u00e3o por v\u00e1rios motivos:<\/p><script data-noptimize=\"\" data-wpfc-render=\"false\">\n\/* <![CDATA[ *\/\nfpm_start( \"true\" );\n\/* ]]> *\/\n<\/script>\n\n<ul>\n<li>Excelentes ganhos m\u00e1ximos. A aposta pode aumentar 10.000 vezes em um sorteio.<\/li>\n<li>Recurso Moeda de Ouro. Uma moeda com x2.500 da aposta pode aparecer no campo de jogo a qualquer momento.<\/li>\n<li>Rodadas Gr\u00e1tis. A rodada de b\u00f4nus tem recursos adicionais que aumentam as chances de ganhar.<\/li>\n<li>Design e estilo. Embora o tema n\u00e3o seja novo, a BGaming criou uma atmosfera envolvente na qual voc\u00ea deseja mergulhar.<\/li>\n<\/ul>\n<p>Marque a data de lan\u00e7amento do Jungle Queen em seu calend\u00e1rio e seja um dos primeiros a experiment\u00e1-lo no cassino.<\/p>\n<p><a href=\"https:\/\/richrocketgame.com\/pt\/go\/registration\/\" target=\"_blank\" rel=\"noreferrer noopener nofollow\"><img decoding=\"async\" class=\"aligncenter wp-image-1053 size-full\" src=\"https:\/\/richrocketgame.com\/wp-content\/uploads\/2025\/02\/jungle-queen-casino-game.jpg\" alt=\"Jogo de cassino Jungle Queen.\" width=\"992\" height=\"629\" srcset=\"https:\/\/richrocketgame.com\/wp-content\/uploads\/2025\/02\/jungle-queen-casino-game.jpg 992w, https:\/\/richrocketgame.com\/wp-content\/uploads\/2025\/02\/jungle-queen-casino-game-300x190.jpg 300w, https:\/\/richrocketgame.com\/wp-content\/uploads\/2025\/02\/jungle-queen-casino-game-768x487.jpg 768w, https:\/\/richrocketgame.com\/wp-content\/uploads\/2025\/02\/jungle-queen-casino-game-18x12.jpg 18w, https:\/\/richrocketgame.com\/wp-content\/uploads\/2025\/02\/jungle-queen-casino-game-63x40.jpg 63w, https:\/\/richrocketgame.com\/wp-content\/uploads\/2025\/02\/jungle-queen-casino-game-50x32.jpg 50w, https:\/\/richrocketgame.com\/wp-content\/uploads\/2025\/02\/jungle-queen-casino-game-126x80.jpg 126w, https:\/\/richrocketgame.com\/wp-content\/uploads\/2025\/02\/jungle-queen-casino-game-213x135.jpg 213w\" sizes=\"(max-width: 992px) 100vw, 992px\" \/><\/a><\/p>\n<h2><span class=\"ez-toc-section\" id=\"FAQ\"><\/span>FAQ<span class=\"ez-toc-section-end\"><\/span><\/h2>\n        <section class=\"sc_fs_faq sc_card\">\n            <div>\n\t\t\t\t<h3><span class=\"ez-toc-section\" id=\"Is_there_a_jackpot_in_Jungle_Queen\"><\/span>Existe um jackpot no Jungle Queen?<span class=\"ez-toc-section-end\"><\/span><\/h3>                <div>\n\t\t\t\t\t                    <p>\n\t\t\t\t\t\tN\u00e3o, o provedor n\u00e3o forneceu um jackpot no Jungle Queen. Entretanto, os ganhos m\u00e1ximos no ca\u00e7a-n\u00edquel s\u00e3o grandes o suficiente para satisfazer a sede de emo\u00e7\u00e3o da maioria dos jogadores.                    <\/p>\n                <\/div>\n            <\/div>\n        <\/section>\n\t\t        <section class=\"sc_fs_faq sc_card\">\n            <div>\n\t\t\t\t<h3><span class=\"ez-toc-section\" id=\"Does_BGaming_plan_to_release_Jungle_Queen_Demo\"><\/span>A BGaming planeja lan\u00e7ar a demonstra\u00e7\u00e3o do Jungle Queen?<span class=\"ez-toc-section-end\"><\/span><\/h3>                <div>\n\t\t\t\t\t                    <p>\n\t\t\t\t\t\tSim, a vers\u00e3o gratuita do Jungle Queen aparecer\u00e1 simultaneamente ao jogo com dinheiro real. Voc\u00ea pode experimentar a novidade no cassino e no site do provedor.                    <\/p>\n                <\/div>\n            <\/div>\n        <\/section>\n\t\t        <section class=\"sc_fs_faq sc_card\">\n            <div>\n\t\t\t\t<h3><span class=\"ez-toc-section\" id=\"What_are_the_main_features_of_the_slot\"><\/span>Quais s\u00e3o os principais recursos do ca\u00e7a-n\u00edqueis?<span class=\"ez-toc-section-end\"><\/span><\/h3>                <div>\n\t\t\t\t\t                    <p>\n\t\t\t\t\t\tO s\u00edmbolo da borboleta pode substituir qualquer outro s\u00edmbolo no campo de jogo. Al\u00e9m disso, o jogo oferece uma rodada de giros gr\u00e1tis e moedas reais que podem trazer instantaneamente x2.500 da aposta.                    <\/p>\n                <\/div>\n            <\/div>\n        <\/section>\n\t\t\n<script type=\"application\/ld+json\">{\n    \"@context\": \"https:\\\/\\\/schema.org\",\n    \"@type\": \"FAQPage\",\n    \"mainEntity\": [\n        {\n            \"@type\": \"Question\",\n            \"name\": \"Is there a jackpot in Jungle Queen?\",\n            \"acceptedAnswer\": {\n                \"@type\": \"Answer\",\n                \"text\": \"No, the provider has not provided a jackpot in Jungle Queen. However, the maximum winnings in the slot are big enough to satisfy most players' thirst for excitement.\"\n            }\n        },\n        {\n            \"@type\": \"Question\",\n            \"name\": \"Does BGaming plan to release Jungle Queen Demo?\",\n            \"acceptedAnswer\": {\n                \"@type\": \"Answer\",\n                \"text\": \"Yes, the free version of Jungle Queen will appear simultaneously as the real money game. You can try out the novelty in the casino and on the provider's website.\"\n            }\n        },\n        {\n            \"@type\": \"Question\",\n            \"name\": \"What are the main features of the slot?\",\n            \"acceptedAnswer\": {\n                \"@type\": \"Answer\",\n                \"text\": \"The butterfly symbol can substitute for any other symbol on the playing field. In addition, the game offers a round of free spins and royal coins that can instantly bring x2,500 of the bet.\"\n            }\n        }\n    ]\n}<\/script>\n\n<div class=\"fpm_end\"><\/div>\n<div class=\"author-card author-card--top\"><img alt='foto do avatar' src='https:\/\/richrocketgame.com\/wp-content\/uploads\/2023\/03\/Paulo-Dornelas-130x130.jpg' srcset='https:\/\/richrocketgame.com\/wp-content\/uploads\/2023\/03\/Paulo-Dornelas-260x260.jpg 2x' class='avatar avatar-130 photo author-image' height='130' width='130' \/><div class=\"author-content text-md-center\"><span class=\"author-title\">Autor<\/span><a href=\"https:\/\/richrocketgame.com\/pt\/author\/paulo-dornelas\/\" class=\"author-name\">Paulo Dornelas<\/a><p class=\"author__details\">Paulo Dornelas \u00e9 um especialista em jogos de azar que dedicou sua vida a entender a ind\u00fastria e ajudar outros a ganhar dinheiro com ela. Ele tamb\u00e9m \u00e9 um \u00e1vido viajante, e adora explorar novos lugares. O conhecimento de Paulo sobre o jogo e sua paix\u00e3o por viagens fazem dele o guia perfeito para qualquer pessoa que procure obter lucros s\u00e9rios com apostas em esportes ou jogos de cassino.<\/p><\/div><!-- \/.author-content --><\/div>","protected":false},"excerpt":{"rendered":"<p>O slot Jungle Queen, com lan\u00e7amento previsto para 20 de fevereiro de 2025, levar\u00e1 os jogadores ao dom\u00ednio da rainha da floresta tropical. Uma recep\u00e7\u00e3o hospitaleira espera por voc\u00ea em um campo de jogo 5\u00d73 com 20 linhas de pagamento. Jogadores sortudos que agradarem a rainha podem ganhar x10.000. Jungle Queen da BGaming tem quatro recursos de b\u00f4nus que fazem [\u2026]<\/p>","protected":false},"author":2,"featured_media":0,"parent":0,"menu_order":0,"comment_status":"closed","ping_status":"closed","template":"page-no-sidebar.php","meta":{"footnotes":""},"class_list":["post-1039","page","type-page","status-publish","hentry"],"yoast_head":"<!-- This site is optimized with the Yoast SEO plugin v26.7 - https:\/\/yoast.com\/wordpress\/plugins\/seo\/ -->\n<title>Jungle Queen Slot (BGaming) Demo - RTP, Paytable and Volatility<\/title>\n<meta name=\"description\" content=\"Get ready for the release of Jungle Queen from BGaming. Learn more about the slot in our review. Key parameters of the Jungle Queen game.\" \/>\n<meta name=\"robots\" content=\"index, follow, max-snippet:-1, max-image-preview:large, max-video-preview:-1\" \/>\n<link rel=\"canonical\" href=\"https:\/\/richrocketgame.com\/pt\/jungle-queen-slot\/\" \/>\n<meta property=\"og:locale\" content=\"pt_BR\" \/>\n<meta property=\"og:type\" content=\"article\" \/>\n<meta property=\"og:title\" content=\"Jungle Queen Slot (BGaming) Demo - RTP, Paytable and Volatility\" \/>\n<meta property=\"og:description\" content=\"Get ready for the release of Jungle Queen from BGaming. Learn more about the slot in our review. Key parameters of the Jungle Queen game.\" \/>\n<meta property=\"og:url\" content=\"https:\/\/richrocketgame.com\/pt\/jungle-queen-slot\/\" \/>\n<meta property=\"og:site_name\" content=\"Rich Rocket Game\" \/>\n<meta property=\"article:modified_time\" content=\"2025-08-01T08:18:06+00:00\" \/>\n<meta property=\"og:image\" content=\"https:\/\/richrocketgame.com\/wp-content\/uploads\/2025\/02\/jungle-queen-slot.jpg\" \/>\n<meta name=\"twitter:card\" content=\"summary_large_image\" \/>\n<meta name=\"twitter:label1\" content=\"Est. tempo de leitura\" \/>\n\t<meta name=\"twitter:data1\" content=\"4 minutos\" \/>\n<!-- \/ Yoast SEO plugin. -->","yoast_head_json":{"title":"Demonstra\u00e7\u00e3o do Slot Jungle Queen (BGaming) - RTP, Tabela de Pagamentos e Volatilidade","description":"Prepare-se para o lan\u00e7amento do Jungle Queen da BGaming. Saiba mais sobre a slot em nossa an\u00e1lise. Principais par\u00e2metros do jogo Jungle Queen.","robots":{"index":"index","follow":"follow","max-snippet":"max-snippet:-1","max-image-preview":"max-image-preview:large","max-video-preview":"max-video-preview:-1"},"canonical":"https:\/\/richrocketgame.com\/pt\/jungle-queen-slot\/","og_locale":"pt_BR","og_type":"article","og_title":"Jungle Queen Slot (BGaming) Demo - RTP, Paytable and Volatility","og_description":"Get ready for the release of Jungle Queen from BGaming. Learn more about the slot in our review. Key parameters of the Jungle Queen game.","og_url":"https:\/\/richrocketgame.com\/pt\/jungle-queen-slot\/","og_site_name":"Rich Rocket Game","article_modified_time":"2025-08-01T08:18:06+00:00","og_image":[{"url":"https:\/\/richrocketgame.com\/wp-content\/uploads\/2025\/02\/jungle-queen-slot.jpg","type":"","width":"","height":""}],"twitter_card":"summary_large_image","twitter_misc":{"Est. tempo de leitura":"4 minutos"},"schema":{"@context":"https:\/\/schema.org","@graph":[{"@type":"WebPage","@id":"https:\/\/richrocketgame.com\/jungle-queen-slot\/","url":"https:\/\/richrocketgame.com\/jungle-queen-slot\/","name":"Demonstra\u00e7\u00e3o do Slot Jungle Queen (BGaming) - RTP, Tabela de Pagamentos e Volatilidade","isPartOf":{"@id":"https:\/\/richrocketgame.com\/#website"},"primaryImageOfPage":{"@id":"https:\/\/richrocketgame.com\/jungle-queen-slot\/#primaryimage"},"image":{"@id":"https:\/\/richrocketgame.com\/jungle-queen-slot\/#primaryimage"},"thumbnailUrl":"https:\/\/richrocketgame.com\/wp-content\/uploads\/2025\/02\/jungle-queen-slot.jpg","datePublished":"2025-02-11T15:44:02+00:00","dateModified":"2025-08-01T08:18:06+00:00","description":"Prepare-se para o lan\u00e7amento do Jungle Queen da BGaming. Saiba mais sobre a slot em nossa an\u00e1lise. Principais par\u00e2metros do jogo Jungle Queen.","breadcrumb":{"@id":"https:\/\/richrocketgame.com\/jungle-queen-slot\/#breadcrumb"},"inLanguage":"pt-BR","potentialAction":[{"@type":"ReadAction","target":["https:\/\/richrocketgame.com\/jungle-queen-slot\/"]}]},{"@type":"ImageObject","inLanguage":"pt-BR","@id":"https:\/\/richrocketgame.com\/jungle-queen-slot\/#primaryimage","url":"https:\/\/richrocketgame.com\/wp-content\/uploads\/2025\/02\/jungle-queen-slot.jpg","contentUrl":"https:\/\/richrocketgame.com\/wp-content\/uploads\/2025\/02\/jungle-queen-slot.jpg"},{"@type":"BreadcrumbList","@id":"https:\/\/richrocketgame.com\/jungle-queen-slot\/#breadcrumb","itemListElement":[{"@type":"ListItem","position":1,"name":"\u0413\u043b\u0430\u0432\u043d\u0430\u044f \u0441\u0442\u0440\u0430\u043d\u0438\u0446\u0430","item":"https:\/\/richrocketgame.com\/"},{"@type":"ListItem","position":2,"name":"Jungle Queen Slot Demo"}]},{"@type":"WebSite","@id":"https:\/\/richrocketgame.com\/#website","url":"https:\/\/richrocketgame.com\/","name":"Jogo Rich Rocket","description":"","publisher":{"@id":"https:\/\/richrocketgame.com\/#organization"},"potentialAction":[{"@type":"SearchAction","target":{"@type":"EntryPoint","urlTemplate":"https:\/\/richrocketgame.com\/?s={search_term_string}"},"query-input":{"@type":"PropertyValueSpecification","valueRequired":true,"valueName":"search_term_string"}}],"inLanguage":"pt-BR"},{"@type":"Organization","@id":"https:\/\/richrocketgame.com\/#organization","name":"Jogo Rich Rocket","url":"https:\/\/richrocketgame.com\/","logo":{"@type":"ImageObject","inLanguage":"pt-BR","@id":"https:\/\/richrocketgame.com\/#\/schema\/logo\/image\/","url":"https:\/\/richrocketgame.com\/wp-content\/uploads\/2022\/09\/Rich-Rocket-earning-app.png","contentUrl":"https:\/\/richrocketgame.com\/wp-content\/uploads\/2022\/09\/Rich-Rocket-earning-app.png","width":512,"height":512,"caption":"Rich Rocket Game"},"image":{"@id":"https:\/\/richrocketgame.com\/#\/schema\/logo\/image\/"}}]}},"_links":{"self":[{"href":"https:\/\/richrocketgame.com\/pt\/wp-json\/wp\/v2\/pages\/1039","targetHints":{"allow":["GET"]}}],"collection":[{"href":"https:\/\/richrocketgame.com\/pt\/wp-json\/wp\/v2\/pages"}],"about":[{"href":"https:\/\/richrocketgame.com\/pt\/wp-json\/wp\/v2\/types\/page"}],"author":[{"embeddable":true,"href":"https:\/\/richrocketgame.com\/pt\/wp-json\/wp\/v2\/users\/2"}],"replies":[{"embeddable":true,"href":"https:\/\/richrocketgame.com\/pt\/wp-json\/wp\/v2\/comments?post=1039"}],"version-history":[{"count":0,"href":"https:\/\/richrocketgame.com\/pt\/wp-json\/wp\/v2\/pages\/1039\/revisions"}],"wp:attachment":[{"href":"https:\/\/richrocketgame.com\/pt\/wp-json\/wp\/v2\/media?parent=1039"}],"curies":[{"name":"wp","href":"https:\/\/api.w.org\/{rel}","templated":true}]}}