{"id":35,"date":"2022-09-01T18:01:28","date_gmt":"2022-09-01T15:01:28","guid":{"rendered":"https:\/\/richrocketgame.com\/?page_id=35"},"modified":"2024-12-27T14:14:09","modified_gmt":"2024-12-27T11:14:09","slug":"rich-rocket-app","status":"publish","type":"page","link":"https:\/\/richrocketgame.com\/pl\/rich-rocket-app\/","title":{"rendered":"Pobierz aplikacj\u0119 Rich Rocket na urz\u0105dzenia mobilne"},"content":{"rendered":"<div class=\"fpm_start\"><\/div>\n<div style=\"text-align: center;\"><a class=\"glow-button\" href=\"\/pl\/go\/registration\/\">Zagraj w aplikacj\u0119 Rich Rocket \ud83d\udcf1<\/a><\/div>\n<div id=\"attachment_36\" style=\"width: 994px\" class=\"wp-caption aligncenter\"><a href=\"https:\/\/richrocketgame.com\/pl\/go\/registration\/\"><img decoding=\"async\" aria-describedby=\"caption-attachment-36\" class=\"wp-image-36 size-large\" title=\"Rich Rocket Game Download\" src=\"https:\/\/richrocketgame.com\/wp-content\/uploads\/2022\/09\/Rich-Rocket-Game-Download-1024x442.jpg\" alt=\"Rich Rocket Game Download\" width=\"994\" height=\"429\" srcset=\"https:\/\/richrocketgame.com\/wp-content\/uploads\/2022\/09\/Rich-Rocket-Game-Download-1024x442.jpg 1024w, https:\/\/richrocketgame.com\/wp-content\/uploads\/2022\/09\/Rich-Rocket-Game-Download-300x129.jpg 300w, https:\/\/richrocketgame.com\/wp-content\/uploads\/2022\/09\/Rich-Rocket-Game-Download-768x331.jpg 768w, https:\/\/richrocketgame.com\/wp-content\/uploads\/2022\/09\/Rich-Rocket-Game-Download-93x40.jpg 93w, https:\/\/richrocketgame.com\/wp-content\/uploads\/2022\/09\/Rich-Rocket-Game-Download-1170x505.jpg 1170w, https:\/\/richrocketgame.com\/wp-content\/uploads\/2022\/09\/Rich-Rocket-Game-Download-74x32.jpg 74w, https:\/\/richrocketgame.com\/wp-content\/uploads\/2022\/09\/Rich-Rocket-Game-Download-186x80.jpg 186w, https:\/\/richrocketgame.com\/wp-content\/uploads\/2022\/09\/Rich-Rocket-Game-Download-313x135.jpg 313w, https:\/\/richrocketgame.com\/wp-content\/uploads\/2022\/09\/Rich-Rocket-Game-Download.jpg 1484w\" sizes=\"(max-width: 994px) 100vw, 994px\" \/><\/a><p id=\"caption-attachment-36\" class=\"wp-caption-text\">Rich Rocket Game Download<\/p><\/div>\n<p>Dzi\u0119ki szybkiemu losowaniu\u00a0<a href=\"https:\/\/richrocketgame.com\/pl\/\">Rich Rocket gra<\/a>\u00a0jest idealny dla urz\u0105dze\u0144 mobilnych. Gracz mo\u017ce postawi\u0107 zak\u0142ad w dowolnym momencie: podczas przerwy w pracy, jazdy komunikacj\u0105 miejsk\u0105 lub w restauracji. Aplikacja Rocket crash earning pozwala na kilkukrotne zwi\u0119kszenie swojego bankrolla w ci\u0105gu zaledwie kilku minut i kontynuowanie codziennej pracy.<\/p>\n<p>Slot znajduje si\u0119 w portfolio najwi\u0119kszych kasyn, wi\u0119c znalezienie go nie b\u0119dzie problemem. Wybierz najodpowiedniejsze bonusy i pobierz gr\u0119 Rich Rocket, aby otworzy\u0107 sobie dost\u0119p do wielkich wygranych. By\u0107 mo\u017ce to w\u0142a\u015bnie Ty osi\u0105gniesz mno\u017cnik 1000x.<\/p>\n<div id=\"ez-toc-container\" class=\"ez-toc-v2_0_62 counter-hierarchy ez-toc-counter ez-toc-grey ez-toc-container-direction\">\n<div class=\"ez-toc-title-container\">\n<p class=\"ez-toc-title\" >Spis tre\u015bci<\/p>\n<span class=\"ez-toc-title-toggle\"><a href=\"#\" class=\"ez-toc-pull-right ez-toc-btn ez-toc-btn-xs ez-toc-btn-default ez-toc-toggle\" aria-label=\"Prze\u0142\u0105cz spis tre\u015bci\"><span class=\"ez-toc-js-icon-con\"><span class=\"\"><span class=\"eztoc-hide\" style=\"display:none;\">Prze\u0142\u0105cznik<\/span><span class=\"ez-toc-icon-toggle-span\"><svg style=\"fill: #999;color:#999\" xmlns=\"http:\/\/www.w3.org\/2000\/svg\" class=\"list-377408\" width=\"20px\" height=\"20px\" viewbox=\"0 0 24 24\" fill=\"none\"><path d=\"M6 6H4v2h2V6zm14 0H8v2h12V6zM4 11h2v2H4v-2zm16 0H8v2h12v-2zM4 16h2v2H4v-2zm16 0H8v2h12v-2z\" fill=\"currentColor\"><\/path><\/svg><svg style=\"fill: #999;color:#999\" class=\"arrow-unsorted-368013\" xmlns=\"http:\/\/www.w3.org\/2000\/svg\" width=\"10px\" height=\"10px\" viewbox=\"0 0 24 24\" version=\"1.2\" baseprofile=\"tiny\"><path d=\"M18.2 9.3l-6.2-6.3-6.2 6.3c-.2.2-.3.4-.3.7s.1.5.3.7c.2.2.4.3.7.3h11c.3 0 .5-.1.7-.3.2-.2.3-.5.3-.7s-.1-.5-.3-.7zM5.8 14.7l6.2 6.3 6.2-6.3c.2-.2.3-.5.3-.7s-.1-.5-.3-.7c-.2-.2-.4-.3-.7-.3h-11c-.3 0-.5.1-.7.3-.2.2-.3.5-.3.7s.1.5.3.7z\"\/><\/svg><\/span><\/span><\/span><\/a><\/span><\/div>\n<nav><ul class='ez-toc-list ez-toc-list-level-1 eztoc-toggle-hide-by-default' ><li class='ez-toc-page-1 ez-toc-heading-level-2'><a class=\"ez-toc-link ez-toc-heading-1\" href=\"https:\/\/richrocketgame.com\/pl\/rich-rocket-app\/#Where_can_you_find_the_Rich_Rocket_App\" title=\"Gdzie mo\u017cna znale\u017a\u0107 aplikacj\u0119 Rich Rocket?\">Gdzie mo\u017cna znale\u017a\u0107 aplikacj\u0119 Rich Rocket?<\/a><\/li><li class='ez-toc-page-1 ez-toc-heading-level-2'><a class=\"ez-toc-link ez-toc-heading-2\" href=\"https:\/\/richrocketgame.com\/pl\/rich-rocket-app\/#How_to_download_and_install_Rocket_Crash_Earning_App\" title=\"Jak pobra\u0107 i zainstalowa\u0107 Rocket Crash Earning App?\">Jak pobra\u0107 i zainstalowa\u0107 Rocket Crash Earning App?<\/a><ul class='ez-toc-list-level-3' ><li class='ez-toc-heading-level-3'><a class=\"ez-toc-link ez-toc-heading-3\" href=\"https:\/\/richrocketgame.com\/pl\/rich-rocket-app\/#What_devices_can_I_install_the_app_on\" title=\"Na jakich urz\u0105dzeniach mog\u0119 zainstalowa\u0107 aplikacj\u0119?\">Na jakich urz\u0105dzeniach mog\u0119 zainstalowa\u0107 aplikacj\u0119?<\/a><\/li><\/ul><\/li><li class='ez-toc-page-1 ez-toc-heading-level-2'><a class=\"ez-toc-link ez-toc-heading-4\" href=\"https:\/\/richrocketgame.com\/pl\/rich-rocket-app\/#Conclusion\" title=\"Wniosek\">Wniosek<\/a><\/li><li class='ez-toc-page-1 ez-toc-heading-level-2'><a class=\"ez-toc-link ez-toc-heading-5\" href=\"https:\/\/richrocketgame.com\/pl\/rich-rocket-app\/#FAQ\" title=\"FAQ\">FAQ<\/a><ul class='ez-toc-list-level-3' ><li class='ez-toc-heading-level-3'><a class=\"ez-toc-link ez-toc-heading-6\" href=\"https:\/\/richrocketgame.com\/pl\/rich-rocket-app\/#Are_there_any_bonuses_for_those_who_play_mobile_Rich_Rocket\" title=\"Czy s\u0105 jakie\u015b bonusy dla tych, kt\u00f3rzy graj\u0105 w mobilne Rich Rocket?\">Czy s\u0105 jakie\u015b bonusy dla tych, kt\u00f3rzy graj\u0105 w mobilne Rich Rocket?<\/a><\/li><li class='ez-toc-page-1 ez-toc-heading-level-3'><a class=\"ez-toc-link ez-toc-heading-7\" href=\"https:\/\/richrocketgame.com\/pl\/rich-rocket-app\/#How_safe_are_cash_rocket_app_transactions\" title=\"Jak bezpieczne s\u0105 transakcje got\u00f3wkowe w aplikacjach rakietowych?\">Jak bezpieczne s\u0105 transakcje got\u00f3wkowe w aplikacjach rakietowych?<\/a><\/li><li class='ez-toc-page-1 ez-toc-heading-level-3'><a class=\"ez-toc-link ez-toc-heading-8\" href=\"https:\/\/richrocketgame.com\/pl\/rich-rocket-app\/#Are_there_any_differences_in_gameplay_between_the_desktop_and_mobile_versions_of_the_game\" title=\"Czy s\u0105 jakie\u015b r\u00f3\u017cnice w rozgrywce mi\u0119dzy wersj\u0105 na komputery stacjonarne i urz\u0105dzenia mobilne?\">Czy s\u0105 jakie\u015b r\u00f3\u017cnice w rozgrywce mi\u0119dzy wersj\u0105 na komputery stacjonarne i urz\u0105dzenia mobilne?<\/a><\/li><\/ul><\/li><\/ul><\/nav><\/div>\n<h2><span class=\"ez-toc-section\" id=\"Where_can_you_find_the_Rich_Rocket_App\"><\/span>Gdzie mo\u017cna znale\u017a\u0107 aplikacj\u0119 Rich Rocket?<span class=\"ez-toc-section-end\"><\/span><\/h2>\n<p>Aby zagra\u0107 bez ryzyka, przejd\u017a do App Store lub Google Play i wpisz \"Rich Rocket\". B\u0119dziesz m\u00f3g\u0142 wybiera\u0107 spo\u015br\u00f3d dziesi\u0105tek aplikacji o r\u00f3\u017cnych wzorach, ale w \u017cadnej z nich nie mo\u017cesz wygra\u0107 pieni\u0119dzy. Jest to \u015bwietny spos\u00f3b na zapoznanie si\u0119 z podstawowymi zasadami gry.<\/p>\n<p>Aby zainstalowa\u0107 aplikacj\u0119 do zarabiania na grze Rocket Crash, musisz przej\u015b\u0107 bezpo\u015brednio do wybranego kasyna. Znajd\u017a link do pobrania pliku APK i post\u0119puj zgodnie z instrukcjami platformy. Instalacja zajmuje kilka minut, ale po tym czasie mo\u017cna uzyska\u0107 dost\u0119p do kilkuset gier, w tym Rich Rocket.<\/p>\n<p>Nale\u017cy pami\u0119ta\u0107, \u017ce nie ka\u017cde kasyno umo\u017cliwia pobranie aplikacji Cash Rocket. Niekt\u00f3re platformy maj\u0105 zoptymalizowan\u0105 mobiln\u0105 wersj\u0119 strony i nie opracowa\u0142y specjalnych program\u00f3w dla iOS lub Androida. W takim przypadku dla wygody warto doda\u0107 link do strony na ekranie g\u0142\u00f3wnym, co pozwoli na jak najszybszy dost\u0119p do gry.<\/p>\n<div id=\"attachment_37\" style=\"width: 994px\" class=\"wp-caption aligncenter\"><a href=\"https:\/\/richrocketgame.com\/pl\/go\/registration\/\"><img decoding=\"async\" aria-describedby=\"caption-attachment-37\" class=\"wp-image-37 size-large\" title=\"Rich Rocket bot\" src=\"https:\/\/richrocketgame.com\/wp-content\/uploads\/2022\/09\/Rich-Rocket-App-1024x594.jpg\" alt=\"Rich Rocket bot\" width=\"994\" height=\"577\" srcset=\"https:\/\/richrocketgame.com\/wp-content\/uploads\/2022\/09\/Rich-Rocket-App-1024x594.jpg 1024w, https:\/\/richrocketgame.com\/wp-content\/uploads\/2022\/09\/Rich-Rocket-App-300x174.jpg 300w, https:\/\/richrocketgame.com\/wp-content\/uploads\/2022\/09\/Rich-Rocket-App-768x446.jpg 768w, https:\/\/richrocketgame.com\/wp-content\/uploads\/2022\/09\/Rich-Rocket-App-69x40.jpg 69w, https:\/\/richrocketgame.com\/wp-content\/uploads\/2022\/09\/Rich-Rocket-App-55x32.jpg 55w, https:\/\/richrocketgame.com\/wp-content\/uploads\/2022\/09\/Rich-Rocket-App-138x80.jpg 138w, https:\/\/richrocketgame.com\/wp-content\/uploads\/2022\/09\/Rich-Rocket-App-233x135.jpg 233w, https:\/\/richrocketgame.com\/wp-content\/uploads\/2022\/09\/Rich-Rocket-App.jpg 1105w\" sizes=\"(max-width: 994px) 100vw, 994px\" \/><\/a><p id=\"caption-attachment-37\" class=\"wp-caption-text\">Rich Rocket bot<\/p><\/div>\n<div style=\"text-align: center;\"><a class=\"glow-button\" href=\"\/pl\/go\/registration\/\">\ud83d\ude80 Zagraj w gr\u0119 Rich Rocket<\/a><\/div>\n<h2><span class=\"ez-toc-section\" id=\"How_to_download_and_install_Rocket_Crash_Earning_App\"><\/span>Jak pobra\u0107 i zainstalowa\u0107 Rocket Crash Earning App?<span class=\"ez-toc-section-end\"><\/span><\/h2>\n<p>Przede wszystkim zapoznaj si\u0119 ze wszystkimi ofertami bonusowymi kasyna. Wybierz program lojalno\u015bciowy, kt\u00f3ry pasuje do Twojego stylu gry i bud\u017cetu. Po podj\u0119ciu decyzji przejd\u017a do strony internetowej i post\u0119puj zgodnie z instrukcjami:<\/p>\n<ul>\n<li>Zezwalaj na instalacj\u0119 aplikacji z nieznanych \u017ar\u00f3de\u0142, umo\u017cliwiaj\u0105c korzystanie z aplikacji pobranych ze \u017ar\u00f3de\u0142 innych ni\u017c Google Play.<\/li>\n<li>Pobierz gr\u0119 rocket crash na prawdziwe pieni\u0105dze ze strony kasyna. Aby przej\u015b\u0107 do zweryfikowanej platformy hazardowej w swoim regionie, wystarczy klikn\u0105\u0107 \u0142\u0105cze na tej stronie.<\/li>\n<li>Otw\u00f3rz folder, w kt\u00f3rym zapisany jest plik APK i kliknij go, aby rozpocz\u0105\u0107 instalacj\u0119.<\/li>\n<\/ul>\n<p>Po zainstalowaniu aplikacji do zarabiania rakiet nie zapomnij ponownie w\u0142\u0105czy\u0107 zakazu instalowania program\u00f3w z nieznanych \u017ar\u00f3de\u0142, aby chroni\u0107 swoje urz\u0105dzenie. Teraz mo\u017cesz cieszy\u0107 si\u0119 gr\u0105 i wygrywa\u0107 pieni\u0105dze w dogodnym dla siebie momencie.<\/p>\n<div style=\"text-align: center;\"><a class=\"glow-button\" href=\"\/pl\/go\/registration\/\">Rozpocznij gr\u0119 w gr\u0119 Rich Rocket \ud83d\ude80<\/a><\/div>\n<h3><span class=\"ez-toc-section\" id=\"What_devices_can_I_install_the_app_on\"><\/span>Na jakich urz\u0105dzeniach mog\u0119 zainstalowa\u0107 aplikacj\u0119?<span class=\"ez-toc-section-end\"><\/span><\/h3>\n<p>Nowoczesne aplikacje kasynowe s\u0105 przystosowane do urz\u0105dze\u0144 z systemem iOS i Android. Nie jest przy tym konieczne posiadanie flagowych lub nowych modeli. Dobra optymalizacja pozwala gra\u0107 nawet na smartfonach, kt\u00f3re zosta\u0142y wydane kilka lat temu.<\/p>\n<p>Jak pokazuje badanie, nast\u0119puj\u0105ce cechy wystarcz\u0105, aby zainstalowa\u0107 aplikacj\u0119 rakietow\u0105:<\/p><script data-noptimize=\"\" data-wpfc-render=\"false\">\n\/* <![CDATA[ *\/\nfpm_start( \"true\" );\n\/* ]]> *\/\n<\/script>\n\n<table>\n<tbody>\n<tr>\n<td>Cz\u0119stotliwo\u015b\u0107 taktowania procesora<\/td>\n<td>Od 1,5 MHz<\/td>\n<\/tr>\n<tr>\n<td>Liczba rdzeni procesora<\/td>\n<td>Od 2<\/td>\n<\/tr>\n<tr>\n<td>RAM<\/td>\n<td>2 GB lub wi\u0119cej<\/td>\n<\/tr>\n<tr>\n<td>Wolna pami\u0119\u0107<\/td>\n<td>80 do 400 MB<\/td>\n<\/tr>\n<\/tbody>\n<\/table>\n<p>Je\u015bli planujesz sp\u0119dza\u0107 w grze wi\u0119cej ni\u017c 1 godzin\u0119 dziennie, lepiej wybra\u0107 modele z bateri\u0105 o pojemno\u015bci 1800 mAh. Pozwoli to po\u015bwi\u0119ci\u0107 czas na rozrywk\u0119 bez konieczno\u015bci cz\u0119stego \u0142adowania urz\u0105dzenia.<\/p>\n<h2><span class=\"ez-toc-section\" id=\"Conclusion\"><\/span>Wniosek<span class=\"ez-toc-section-end\"><\/span><\/h2>\n<p>Dla graczy, kt\u00f3rzy wol\u0105 wykorzysta\u0107 ka\u017cd\u0105 szans\u0119 na wygran\u0105, warto pobra\u0107 Rocket Crash Game na prawdziwe pieni\u0105dze. Taka aplikacja pozwala na obstawianie bez odwracania uwagi od wa\u017cniejszych rzeczy lub sp\u0119dzenie kilku minut w oczekiwaniu z du\u017cymi szansami na uzupe\u0142nienie bud\u017cetu. Aplikacja Rich Rocket ma przyjazny dla u\u017cytkownika interfejs i zapewnia szybkie wp\u0142aty i wyp\u0142aty pieni\u0119dzy. A poniewa\u017c mo\u017cna j\u0105 pobra\u0107 za darmo, nie ma powodu, by nie wypr\u00f3bowa\u0107 jej ju\u017c dzi\u015b.<\/p>\n<h2><span class=\"ez-toc-section\" id=\"FAQ\"><\/span>FAQ<span class=\"ez-toc-section-end\"><\/span><\/h2>\n        <section class=\"sc_fs_faq sc_card\">\n            <div>\n\t\t\t\t<h3><span class=\"ez-toc-section\" id=\"Are_there_any_bonuses_for_those_who_play_mobile_Rich_Rocket\"><\/span>Czy s\u0105 jakie\u015b bonusy dla tych, kt\u00f3rzy graj\u0105 w mobilne Rich Rocket?<span class=\"ez-toc-section-end\"><\/span><\/h3>                <div>\n\t\t\t\t\t                    <p>\n\t\t\t\t\t\tWiele kasyn oferuje ekskluzywne bonusy dla u\u017cytkownik\u00f3w aplikacji. Znajd\u017a odpowiedni\u0105 platform\u0119 lub skorzystaj z naszych rekomendacji.                    <\/p>\n                <\/div>\n            <\/div>\n        <\/section>\n\t\t        <section class=\"sc_fs_faq sc_card\">\n            <div>\n\t\t\t\t<h3><span class=\"ez-toc-section\" id=\"How_safe_are_cash_rocket_app_transactions\"><\/span>Jak bezpieczne s\u0105 transakcje got\u00f3wkowe w aplikacjach rakietowych?<span class=\"ez-toc-section-end\"><\/span><\/h3>                <div>\n\t\t\t\t\t                    <p>\n\t\t\t\t\t\tLicencjonowane kasyna zapewniaj\u0105 u\u017cytkownikom maksymalne bezpiecze\u0144stwo podczas dokonywania wp\u0142at i wyp\u0142at. Wszystkie informacje dotycz\u0105ce p\u0142atno\u015bci s\u0105 szyfrowane przy u\u017cyciu kluczy SSL.                    <\/p>\n                <\/div>\n            <\/div>\n        <\/section>\n\t\t        <section class=\"sc_fs_faq sc_card\">\n            <div>\n\t\t\t\t<h3><span class=\"ez-toc-section\" id=\"Are_there_any_differences_in_gameplay_between_the_desktop_and_mobile_versions_of_the_game\"><\/span>Czy s\u0105 jakie\u015b r\u00f3\u017cnice w rozgrywce mi\u0119dzy wersj\u0105 na komputery stacjonarne i urz\u0105dzenia mobilne?<span class=\"ez-toc-section-end\"><\/span><\/h3>                <div>\n\t\t\t\t\t                    <p>\n\t\t\t\t\t\tRozgrywka i szanse na wygran\u0105 s\u0105 takie same na wszystkich typach urz\u0105dze\u0144.                    <\/p>\n                <\/div>\n            <\/div>\n        <\/section>\n\t\t\n<script type=\"application\/ld+json\">{\n    \"@context\": \"https:\\\/\\\/schema.org\",\n    \"@type\": \"FAQPage\",\n    \"mainEntity\": [\n        {\n            \"@type\": \"Question\",\n            \"name\": \"Are there any bonuses for those who play mobile Rich Rocket?\",\n            \"acceptedAnswer\": {\n                \"@type\": \"Answer\",\n                \"text\": \"Many casinos provide exclusive bonuses for app users. Find the right platform or use our recommendations.\"\n            }\n        },\n        {\n            \"@type\": \"Question\",\n            \"name\": \"How safe are cash rocket app transactions?\",\n            \"acceptedAnswer\": {\n                \"@type\": \"Answer\",\n                \"text\": \"Licensed casinos provide maximum security for users when making deposits and withdrawals. All payment information is encrypted using SSL keys.\"\n            }\n        },\n        {\n            \"@type\": \"Question\",\n            \"name\": \"Are there any differences in gameplay between the desktop and mobile versions of the game?\",\n            \"acceptedAnswer\": {\n                \"@type\": \"Answer\",\n                \"text\": \"Gameplay and chances to win are the same on all types of devices.\"\n            }\n        }\n    ]\n}<\/script>\n\n<div class=\"fpm_end\"><\/div>\n<div class=\"author-card author-card--top\"><img alt='Zdj\u0119cie awatara' src='https:\/\/richrocketgame.com\/wp-content\/uploads\/2023\/03\/Paulo-Dornelas-130x130.jpg' srcset='https:\/\/richrocketgame.com\/wp-content\/uploads\/2023\/03\/Paulo-Dornelas-260x260.jpg 2x' class='avatar avatar-130 photo author-image' height='130' width='130' \/><div class=\"author-content text-md-center\"><span class=\"author-title\">Autor<\/span><a href=\"https:\/\/richrocketgame.com\/pl\/author\/paulo-dornelas\/\" class=\"author-name\">Paulo Dornelas<\/a><p class=\"author__details\">Paulo Dornelas jest ekspertem w dziedzinie hazardu, kt\u00f3ry po\u015bwi\u0119ci\u0142 swoje \u017cycie na zrozumienie tej bran\u017cy i pomaganie innym w zarabianiu na niej pieni\u0119dzy. Jest r\u00f3wnie\u017c zapalonym podr\u00f3\u017cnikiem i uwielbia odkrywa\u0107 nowe miejsca. Wiedza Paulo na temat hazardu i jego pasja do podr\u00f3\u017cy sprawiaj\u0105, \u017ce jest on idealnym przewodnikiem dla ka\u017cdego, kto szuka powa\u017cnych zysk\u00f3w z zak\u0142ad\u00f3w sportowych lub gry w kasynie.<\/p><\/div><!-- \/.author-content --><\/div>","protected":false},"excerpt":{"rendered":"<p>Graj w aplikacj\u0119 Rich Rocket \ud83d\udcf1 Dzi\u0119ki szybkim losowaniom gra Rich Rocket jest idealna na urz\u0105dzenia mobilne. Gracz mo\u017ce obstawia\u0107 w dowolnym momencie: podczas przerwy w pracy, jazdy komunikacj\u0105 miejsk\u0105 lub jedzenia na mie\u015bcie. Aplikacja do zarabiania Rocket crash pozwala zwi\u0119kszy\u0107 sw\u00f3j bankroll kilkakrotnie w ci\u0105gu kilku minut i [\u2026]<\/p>","protected":false},"author":2,"featured_media":0,"parent":0,"menu_order":0,"comment_status":"closed","ping_status":"closed","template":"page-no-sidebar.php","meta":{"footnotes":""},"class_list":["post-35","page","type-page","status-publish","hentry"],"yoast_head":"<!-- This site is optimized with the Yoast SEO plugin v26.7 - https:\/\/yoast.com\/wordpress\/plugins\/seo\/ -->\n<title>Download Rich Rocket App for Mobile Devices - Start Play Now<\/title>\n<meta name=\"description\" content=\"Best ways to download the rocket crash app for real money to your device. How to install the game on iOS and Android. Try rocket crash earning app and win constantly!\" \/>\n<meta name=\"robots\" content=\"index, follow, max-snippet:-1, max-image-preview:large, max-video-preview:-1\" \/>\n<link rel=\"canonical\" href=\"https:\/\/richrocketgame.com\/pl\/rich-rocket-app\/\" \/>\n<meta property=\"og:locale\" content=\"pl_PL\" \/>\n<meta property=\"og:type\" content=\"article\" \/>\n<meta property=\"og:title\" content=\"Download Rich Rocket App for Mobile Devices - Start Play Now\" \/>\n<meta property=\"og:description\" content=\"Best ways to download the rocket crash app for real money to your device. How to install the game on iOS and Android. Try rocket crash earning app and win constantly!\" \/>\n<meta property=\"og:url\" content=\"https:\/\/richrocketgame.com\/pl\/rich-rocket-app\/\" \/>\n<meta property=\"og:site_name\" content=\"Rich Rocket Game\" \/>\n<meta property=\"article:modified_time\" content=\"2024-12-27T11:14:09+00:00\" \/>\n<meta property=\"og:image\" content=\"https:\/\/richrocketgame.com\/wp-content\/uploads\/2022\/09\/Rich-Rocket-Game-Download-1024x442.jpg\" \/>\n<meta name=\"twitter:card\" content=\"summary_large_image\" \/>\n<meta name=\"twitter:label1\" content=\"Szacowany czas czytania\" \/>\n\t<meta name=\"twitter:data1\" content=\"5 minut\" \/>\n<!-- \/ Yoast SEO plugin. -->","yoast_head_json":{"title":"Pobierz aplikacj\u0119 Rich Rocket na urz\u0105dzenia mobilne - Zacznij gra\u0107 teraz","description":"Najlepsze sposoby na pobranie aplikacji Rocket Crash za prawdziwe pieni\u0105dze na swoje urz\u0105dzenie. Jak zainstalowa\u0107 gr\u0119 na iOS i Android. Wypr\u00f3buj aplikacj\u0119 do zarabiania rocket crash i wygrywaj nieustannie!","robots":{"index":"index","follow":"follow","max-snippet":"max-snippet:-1","max-image-preview":"max-image-preview:large","max-video-preview":"max-video-preview:-1"},"canonical":"https:\/\/richrocketgame.com\/pl\/rich-rocket-app\/","og_locale":"pl_PL","og_type":"article","og_title":"Download Rich Rocket App for Mobile Devices - Start Play Now","og_description":"Best ways to download the rocket crash app for real money to your device. How to install the game on iOS and Android. Try rocket crash earning app and win constantly!","og_url":"https:\/\/richrocketgame.com\/pl\/rich-rocket-app\/","og_site_name":"Rich Rocket Game","article_modified_time":"2024-12-27T11:14:09+00:00","og_image":[{"url":"https:\/\/richrocketgame.com\/wp-content\/uploads\/2022\/09\/Rich-Rocket-Game-Download-1024x442.jpg","type":"","width":"","height":""}],"twitter_card":"summary_large_image","twitter_misc":{"Szacowany czas czytania":"5 minut"},"schema":{"@context":"https:\/\/schema.org","@graph":[{"@type":"WebPage","@id":"https:\/\/richrocketgame.com\/rich-rocket-app\/","url":"https:\/\/richrocketgame.com\/rich-rocket-app\/","name":"Pobierz aplikacj\u0119 Rich Rocket na urz\u0105dzenia mobilne - Zacznij gra\u0107 teraz","isPartOf":{"@id":"https:\/\/richrocketgame.com\/#website"},"primaryImageOfPage":{"@id":"https:\/\/richrocketgame.com\/rich-rocket-app\/#primaryimage"},"image":{"@id":"https:\/\/richrocketgame.com\/rich-rocket-app\/#primaryimage"},"thumbnailUrl":"https:\/\/richrocketgame.com\/wp-content\/uploads\/2022\/09\/Rich-Rocket-Game-Download-1024x442.jpg","datePublished":"2022-09-01T15:01:28+00:00","dateModified":"2024-12-27T11:14:09+00:00","description":"Najlepsze sposoby na pobranie aplikacji Rocket Crash za prawdziwe pieni\u0105dze na swoje urz\u0105dzenie. Jak zainstalowa\u0107 gr\u0119 na iOS i Android. Wypr\u00f3buj aplikacj\u0119 do zarabiania rocket crash i wygrywaj nieustannie!","breadcrumb":{"@id":"https:\/\/richrocketgame.com\/rich-rocket-app\/#breadcrumb"},"inLanguage":"pl-PL","potentialAction":[{"@type":"ReadAction","target":["https:\/\/richrocketgame.com\/rich-rocket-app\/"]}]},{"@type":"ImageObject","inLanguage":"pl-PL","@id":"https:\/\/richrocketgame.com\/rich-rocket-app\/#primaryimage","url":"https:\/\/richrocketgame.com\/wp-content\/uploads\/2022\/09\/Rich-Rocket-Game-Download-1024x442.jpg","contentUrl":"https:\/\/richrocketgame.com\/wp-content\/uploads\/2022\/09\/Rich-Rocket-Game-Download-1024x442.jpg"},{"@type":"BreadcrumbList","@id":"https:\/\/richrocketgame.com\/rich-rocket-app\/#breadcrumb","itemListElement":[{"@type":"ListItem","position":1,"name":"\u0413\u043b\u0430\u0432\u043d\u0430\u044f \u0441\u0442\u0440\u0430\u043d\u0438\u0446\u0430","item":"https:\/\/richrocketgame.com\/"},{"@type":"ListItem","position":2,"name":"Download Rich Rocket App for Mobile Devices"}]},{"@type":"WebSite","@id":"https:\/\/richrocketgame.com\/#website","url":"https:\/\/richrocketgame.com\/","name":"Rich Rocket Gra","description":"","publisher":{"@id":"https:\/\/richrocketgame.com\/#organization"},"potentialAction":[{"@type":"SearchAction","target":{"@type":"EntryPoint","urlTemplate":"https:\/\/richrocketgame.com\/?s={search_term_string}"},"query-input":{"@type":"PropertyValueSpecification","valueRequired":true,"valueName":"search_term_string"}}],"inLanguage":"pl-PL"},{"@type":"Organization","@id":"https:\/\/richrocketgame.com\/#organization","name":"Rich Rocket Gra","url":"https:\/\/richrocketgame.com\/","logo":{"@type":"ImageObject","inLanguage":"pl-PL","@id":"https:\/\/richrocketgame.com\/#\/schema\/logo\/image\/","url":"https:\/\/richrocketgame.com\/wp-content\/uploads\/2022\/09\/Rich-Rocket-earning-app.png","contentUrl":"https:\/\/richrocketgame.com\/wp-content\/uploads\/2022\/09\/Rich-Rocket-earning-app.png","width":512,"height":512,"caption":"Rich Rocket Game"},"image":{"@id":"https:\/\/richrocketgame.com\/#\/schema\/logo\/image\/"}}]}},"_links":{"self":[{"href":"https:\/\/richrocketgame.com\/pl\/wp-json\/wp\/v2\/pages\/35","targetHints":{"allow":["GET"]}}],"collection":[{"href":"https:\/\/richrocketgame.com\/pl\/wp-json\/wp\/v2\/pages"}],"about":[{"href":"https:\/\/richrocketgame.com\/pl\/wp-json\/wp\/v2\/types\/page"}],"author":[{"embeddable":true,"href":"https:\/\/richrocketgame.com\/pl\/wp-json\/wp\/v2\/users\/2"}],"replies":[{"embeddable":true,"href":"https:\/\/richrocketgame.com\/pl\/wp-json\/wp\/v2\/comments?post=35"}],"version-history":[{"count":0,"href":"https:\/\/richrocketgame.com\/pl\/wp-json\/wp\/v2\/pages\/35\/revisions"}],"wp:attachment":[{"href":"https:\/\/richrocketgame.com\/pl\/wp-json\/wp\/v2\/media?parent=35"}],"curies":[{"name":"wp","href":"https:\/\/api.w.org\/{rel}","templated":true}]}}