{"id":302,"date":"2023-09-25T12:34:52","date_gmt":"2023-09-25T09:34:52","guid":{"rendered":"https:\/\/richrocketgame.com\/?page_id=302"},"modified":"2023-09-25T20:41:08","modified_gmt":"2023-09-25T17:41:08","slug":"terms-and-conditions","status":"publish","type":"page","link":"https:\/\/richrocketgame.com\/pl\/terms-and-conditions\/","title":{"rendered":"Zasady i warunki"},"content":{"rendered":"<div class=\"fpm_start\"><\/div>\n<p>Podstawowe zasady, obowi\u0105zki i prawa rz\u0105dz\u0105ce nasz\u0105 platform\u0105 mo\u017cna znale\u017a\u0107 tutaj. Naszym priorytetem jest utrzymanie harmonijnego \u015brodowiska dla wszystkich u\u017cytkownik\u00f3w. Zag\u0142\u0119b si\u0119 w szczeg\u00f3\u0142y, aby Twoje do\u015bwiadczenie by\u0142o bezproblemowe.<\/p>\n<div id=\"ez-toc-container\" class=\"ez-toc-v2_0_62 counter-hierarchy ez-toc-counter ez-toc-grey ez-toc-container-direction\">\n<div class=\"ez-toc-title-container\">\n<p class=\"ez-toc-title\" >Spis tre\u015bci<\/p>\n<span class=\"ez-toc-title-toggle\"><a href=\"#\" class=\"ez-toc-pull-right ez-toc-btn ez-toc-btn-xs ez-toc-btn-default ez-toc-toggle\" aria-label=\"Prze\u0142\u0105cz spis tre\u015bci\"><span class=\"ez-toc-js-icon-con\"><span class=\"\"><span class=\"eztoc-hide\" style=\"display:none;\">Prze\u0142\u0105cznik<\/span><span class=\"ez-toc-icon-toggle-span\"><svg style=\"fill: #999;color:#999\" xmlns=\"http:\/\/www.w3.org\/2000\/svg\" class=\"list-377408\" width=\"20px\" height=\"20px\" viewbox=\"0 0 24 24\" fill=\"none\"><path d=\"M6 6H4v2h2V6zm14 0H8v2h12V6zM4 11h2v2H4v-2zm16 0H8v2h12v-2zM4 16h2v2H4v-2zm16 0H8v2h12v-2z\" fill=\"currentColor\"><\/path><\/svg><svg style=\"fill: #999;color:#999\" class=\"arrow-unsorted-368013\" xmlns=\"http:\/\/www.w3.org\/2000\/svg\" width=\"10px\" height=\"10px\" viewbox=\"0 0 24 24\" version=\"1.2\" baseprofile=\"tiny\"><path d=\"M18.2 9.3l-6.2-6.3-6.2 6.3c-.2.2-.3.4-.3.7s.1.5.3.7c.2.2.4.3.7.3h11c.3 0 .5-.1.7-.3.2-.2.3-.5.3-.7s-.1-.5-.3-.7zM5.8 14.7l6.2 6.3 6.2-6.3c.2-.2.3-.5.3-.7s-.1-.5-.3-.7c-.2-.2-.4-.3-.7-.3h-11c-.3 0-.5.1-.7.3-.2.2-.3.5-.3.7s.1.5.3.7z\"\/><\/svg><\/span><\/span><\/span><\/a><\/span><\/div>\n<nav><ul class='ez-toc-list ez-toc-list-level-1 eztoc-toggle-hide-by-default' ><li class='ez-toc-page-1 ez-toc-heading-level-2'><a class=\"ez-toc-link ez-toc-heading-1\" href=\"https:\/\/richrocketgame.com\/pl\/terms-and-conditions\/#Introduction_to_Our_Platforms_Terms\" title=\"Wprowadzenie do regulaminu naszej platformy\">Wprowadzenie do regulaminu naszej platformy<\/a><\/li><li class='ez-toc-page-1 ez-toc-heading-level-2'><a class=\"ez-toc-link ez-toc-heading-2\" href=\"https:\/\/richrocketgame.com\/pl\/terms-and-conditions\/#Your_Duties_as_a_User\" title=\"Obowi\u0105zki u\u017cytkownika\">Obowi\u0105zki u\u017cytkownika<\/a><\/li><li class='ez-toc-page-1 ez-toc-heading-level-2'><a class=\"ez-toc-link ez-toc-heading-3\" href=\"https:\/\/richrocketgame.com\/pl\/terms-and-conditions\/#Understanding_Content_Rights\" title=\"Zrozumienie praw do tre\u015bci\">Zrozumienie praw do tre\u015bci<\/a><\/li><li class='ez-toc-page-1 ez-toc-heading-level-2'><a class=\"ez-toc-link ez-toc-heading-4\" href=\"https:\/\/richrocketgame.com\/pl\/terms-and-conditions\/#Protecting_Your_Privacy\" title=\"Ochrona prywatno\u015bci\">Ochrona prywatno\u015bci<\/a><\/li><li class='ez-toc-page-1 ez-toc-heading-level-2'><a class=\"ez-toc-link ez-toc-heading-5\" href=\"https:\/\/richrocketgame.com\/pl\/terms-and-conditions\/#External_Links_Their_Autonomy\" title=\"Linki zewn\u0119trzne i ich autonomia\">Linki zewn\u0119trzne i ich autonomia<\/a><\/li><li class='ez-toc-page-1 ez-toc-heading-level-2'><a class=\"ez-toc-link ez-toc-heading-6\" href=\"https:\/\/richrocketgame.com\/pl\/terms-and-conditions\/#Assurance_Accountability\" title=\"Zapewnienie i odpowiedzialno\u015b\u0107\">Zapewnienie i odpowiedzialno\u015b\u0107<\/a><\/li><li class='ez-toc-page-1 ez-toc-heading-level-2'><a class=\"ez-toc-link ez-toc-heading-7\" href=\"https:\/\/richrocketgame.com\/pl\/terms-and-conditions\/#Limits_on_Our_Liability\" title=\"Ograniczenia naszej odpowiedzialno\u015bci\">Ograniczenia naszej odpowiedzialno\u015bci<\/a><\/li><\/ul><\/nav><\/div>\n<h2><span class=\"ez-toc-section\" id=\"Introduction_to_Our_Platforms_Terms\"><\/span><strong>Wprowadzenie do regulaminu naszej platformy<\/strong><span class=\"ez-toc-section-end\"><\/span><\/h2>\n<p>Witamy na pok\u0142adzie. Kiedy korzystasz z Rich Rocket Game, nie u\u017cywasz tylko platformy; do\u0142\u0105czasz do spo\u0142eczno\u015bci. Ta strona s\u0142u\u017cy jako szczeg\u00f3\u0142owa mapa do poruszania si\u0119 po naszych wytycznych dla spo\u0142eczno\u015bci i zapewnienia, \u017ce ka\u017cda interakcja na naszej platformie jest zgodna z prawem.<\/p>\n<h2><span class=\"ez-toc-section\" id=\"Your_Duties_as_a_User\"><\/span><strong>Obowi\u0105zki u\u017cytkownika<\/strong><span class=\"ez-toc-section-end\"><\/span><\/h2>\n<p>Jako warto\u015bciowy cz\u0142onek naszej spo\u0142eczno\u015bci:<\/p>\n<ul>\n<li><strong>Zgodno\u015b\u0107 z prawem<\/strong>: Zapewnienie zgodno\u015bci interakcji ze wszystkimi odpowiednimi przepisami i normami regulacyjnymi.<\/li>\n<li><strong>Poszanowanie w\u0142asno\u015bci intelektualnej<\/strong>: Uznanie i szacunek dla wysi\u0142k\u00f3w intelektualnych innych cz\u0142onk\u00f3w i platformy.<\/li>\n<li><strong>Prawdziwe interakcje<\/strong>: Przekazywane informacje powinny by\u0107 zar\u00f3wno dok\u0142adne, jak i uczciwe. Nieprawdziwe informacje szkodz\u0105 naszej zbiorowej uczciwo\u015bci.<\/li>\n<\/ul>\n<h2><span class=\"ez-toc-section\" id=\"Understanding_Content_Rights\"><\/span><strong>Zrozumienie praw do tre\u015bci<\/strong><span class=\"ez-toc-section-end\"><\/span><\/h2>\n<p>Ka\u017cda tre\u015b\u0107 - czy to ci\u0105g tekstu, wci\u0105gaj\u0105ce obrazy, wci\u0105gaj\u0105ce filmy czy skomplikowane logo - jest otoczona ochronn\u0105 pow\u0142ok\u0105 praw autorskich i praw w\u0142asno\u015bci intelektualnej.<\/p>\n<ul>\n<li><strong>Nieautoryzowane dzia\u0142ania<\/strong>: Powielanie, wykorzystywanie lub rozpowszechnianie naszych tre\u015bci bez wyra\u017anej pisemnej zgody jest niedozwolone.<\/li>\n<li><strong>Tw\u00f3j wk\u0142ad<\/strong>: Wzbogacaj\u0105c nasz\u0105 platform\u0119 swoimi tre\u015bciami, udzielasz nam globalnej licencji, wolnej od op\u0142at licencyjnych, na modyfikowanie, prezentowanie i wykorzystywanie Twoich zg\u0142osze\u0144 w harmonii z naszymi us\u0142ugami.<\/li>\n<\/ul>\n<h2><span class=\"ez-toc-section\" id=\"Protecting_Your_Privacy\"><\/span><strong>Ochrona prywatno\u015bci<\/strong><span class=\"ez-toc-section-end\"><\/span><\/h2>\n<p>Prywatno\u015b\u0107 to nie tylko polityka - to obietnica. Zapoznaj si\u0119 z nasz\u0105 Polityk\u0105 prywatno\u015bci, aby pozna\u0107 nasze zaanga\u017cowanie w ochron\u0119 Twoich danych osobowych.<\/p>\n<h2><span class=\"ez-toc-section\" id=\"External_Links_Their_Autonomy\"><\/span><strong>Linki zewn\u0119trzne i ich autonomia<\/strong><span class=\"ez-toc-section-end\"><\/span><\/h2>\n<p>Podczas przegl\u0105dania mo\u017cesz natkn\u0105\u0107 si\u0119 na linki kieruj\u0105ce do platform poza nasz\u0105 jurysdykcj\u0105. Pami\u0119taj:<\/p>\n<ul>\n<li><strong>Platformy autonomiczne<\/strong>: Ich tre\u015b\u0107, warunki i praktyki dotycz\u0105ce prywatno\u015bci s\u0105 niezale\u017cne. Nie popieramy ich ani nie bierzemy za nie odpowiedzialno\u015bci.<\/li>\n<li><strong>\u015awiadome decyzje<\/strong>: Przed zag\u0142\u0119bieniem si\u0119 w tre\u015bci zewn\u0119trzne zawsze warto zapozna\u0107 si\u0119 z ich wytycznymi.<\/li>\n<\/ul>\n<h2><span class=\"ez-toc-section\" id=\"Assurance_Accountability\"><\/span><strong>Zapewnienie i odpowiedzialno\u015b\u0107<\/strong><span class=\"ez-toc-section-end\"><\/span><\/h2>\n<p>Jeste\u015bmy dumni z informacji i us\u0142ug, kt\u00f3re oferujemy. S\u0105 one jednak dostarczane z klauzul\u0105 \"tak jak jest\" i \"w miar\u0119 dost\u0119pno\u015bci\". D\u0105\u017cymy, ale nie zobowi\u0105zujemy si\u0119, do perfekcji w dok\u0142adno\u015bci, ca\u0142o\u015bci lub dost\u0119pno\u015bci.<\/p>\n<h2><span class=\"ez-toc-section\" id=\"Limits_on_Our_Liability\"><\/span><strong>Ograniczenia naszej odpowiedzialno\u015bci<\/strong><span class=\"ez-toc-section-end\"><\/span><\/h2>\n<p>Ramy prawne mog\u0105 si\u0119 r\u00f3\u017cni\u0107, ale w dopuszczalnych granicach wszelkie formy szk\u00f3d, czy to bezpo\u015brednie, przypadkowe, czy wynikowe wynikaj\u0105ce z korzystania z platformy, nie poci\u0105gaj\u0105 nas do odpowiedzialno\u015bci.<\/p><script data-noptimize=\"\" data-wpfc-render=\"false\">\n\/* <![CDATA[ *\/\nfpm_start( \"true\" );\n\/* ]]> *\/\n<\/script>\n\n<div class=\"fpm_end\"><\/div>\n<div class=\"author-card author-card--top\"><img alt='Zdj\u0119cie awatara' src='https:\/\/richrocketgame.com\/wp-content\/uploads\/2023\/03\/Paulo-Dornelas-130x130.jpg' srcset='https:\/\/richrocketgame.com\/wp-content\/uploads\/2023\/03\/Paulo-Dornelas-260x260.jpg 2x' class='avatar avatar-130 photo author-image' height='130' width='130' \/><div class=\"author-content text-md-center\"><span class=\"author-title\">Autor<\/span><a href=\"https:\/\/richrocketgame.com\/pl\/author\/paulo-dornelas\/\" class=\"author-name\">Paulo Dornelas<\/a><p class=\"author__details\">Paulo Dornelas jest ekspertem w dziedzinie hazardu, kt\u00f3ry po\u015bwi\u0119ci\u0142 swoje \u017cycie na zrozumienie tej bran\u017cy i pomaganie innym w zarabianiu na niej pieni\u0119dzy. Jest r\u00f3wnie\u017c zapalonym podr\u00f3\u017cnikiem i uwielbia odkrywa\u0107 nowe miejsca. Wiedza Paulo na temat hazardu i jego pasja do podr\u00f3\u017cy sprawiaj\u0105, \u017ce jest on idealnym przewodnikiem dla ka\u017cdego, kto szuka powa\u017cnych zysk\u00f3w z zak\u0142ad\u00f3w sportowych lub gry w kasynie.<\/p><\/div><!-- \/.author-content --><\/div>","protected":false},"excerpt":{"rendered":"<p>Podstawowe zasady, obowi\u0105zki i prawa reguluj\u0105ce nasz\u0105 platform\u0119 mo\u017cna znale\u017a\u0107 tutaj. Naszym priorytetem jest utrzymanie harmonijnego \u015brodowiska dla wszystkich u\u017cytkownik\u00f3w. Zag\u0142\u0119b si\u0119 w szczeg\u00f3\u0142y, aby zapewni\u0107 bezproblemow\u0105 obs\u0142ug\u0119. Wprowadzenie do Warunk\u00f3w naszej platformy Witamy na pok\u0142adzie. Kiedy korzystasz z gry Rich Rocket, nie korzystasz tylko z platformy; do\u0142\u0105czasz do spo\u0142eczno\u015bci. [\u2026]<\/p>","protected":false},"author":2,"featured_media":0,"parent":0,"menu_order":0,"comment_status":"closed","ping_status":"closed","template":"","meta":{"footnotes":""},"class_list":["post-302","page","type-page","status-publish","hentry"],"yoast_head":"<!-- This site is optimized with the Yoast SEO plugin v26.7 - https:\/\/yoast.com\/wordpress\/plugins\/seo\/ -->\n<title>Rich Rocket Game: Terms and Conditions<\/title>\n<meta name=\"description\" content=\"Navigate Rich Rocket Game&#039;s terms with ease. From user responsibilities, content rights to privacy assurance, understand the standards ensuring a secure, harmonious gaming environment. Dive in for a seamless experience.\" \/>\n<meta name=\"robots\" content=\"index, follow, max-snippet:-1, max-image-preview:large, max-video-preview:-1\" \/>\n<link rel=\"canonical\" href=\"https:\/\/richrocketgame.com\/pl\/terms-and-conditions\/\" \/>\n<meta property=\"og:locale\" content=\"pl_PL\" \/>\n<meta property=\"og:type\" content=\"article\" \/>\n<meta property=\"og:title\" content=\"Rich Rocket Game: Terms and Conditions\" \/>\n<meta property=\"og:description\" content=\"Navigate Rich Rocket Game&#039;s terms with ease. From user responsibilities, content rights to privacy assurance, understand the standards ensuring a secure, harmonious gaming environment. Dive in for a seamless experience.\" \/>\n<meta property=\"og:url\" content=\"https:\/\/richrocketgame.com\/pl\/terms-and-conditions\/\" \/>\n<meta property=\"og:site_name\" content=\"Rich Rocket Game\" \/>\n<meta property=\"article:modified_time\" content=\"2023-09-25T17:41:08+00:00\" \/>\n<meta name=\"twitter:card\" content=\"summary_large_image\" \/>\n<meta name=\"twitter:label1\" content=\"Szacowany czas czytania\" \/>\n\t<meta name=\"twitter:data1\" content=\"2 minuty\" \/>\n<!-- \/ Yoast SEO plugin. -->","yoast_head_json":{"title":"Gra Rich Rocket: Regulamin","description":"Z \u0142atwo\u015bci\u0105 poruszaj si\u0119 po warunkach Rich Rocket Game. Od obowi\u0105zk\u00f3w u\u017cytkownika, praw do tre\u015bci po zapewnienie prywatno\u015bci - poznaj standardy zapewniaj\u0105ce bezpieczne, harmonijne \u015brodowisko gry. Zanurz si\u0119, aby uzyska\u0107 p\u0142ynne wra\u017cenia.","robots":{"index":"index","follow":"follow","max-snippet":"max-snippet:-1","max-image-preview":"max-image-preview:large","max-video-preview":"max-video-preview:-1"},"canonical":"https:\/\/richrocketgame.com\/pl\/terms-and-conditions\/","og_locale":"pl_PL","og_type":"article","og_title":"Rich Rocket Game: Terms and Conditions","og_description":"Navigate Rich Rocket Game's terms with ease. From user responsibilities, content rights to privacy assurance, understand the standards ensuring a secure, harmonious gaming environment. Dive in for a seamless experience.","og_url":"https:\/\/richrocketgame.com\/pl\/terms-and-conditions\/","og_site_name":"Rich Rocket Game","article_modified_time":"2023-09-25T17:41:08+00:00","twitter_card":"summary_large_image","twitter_misc":{"Szacowany czas czytania":"2 minuty"},"schema":{"@context":"https:\/\/schema.org","@graph":[{"@type":"WebPage","@id":"https:\/\/richrocketgame.com\/terms-and-conditions\/","url":"https:\/\/richrocketgame.com\/terms-and-conditions\/","name":"Gra Rich Rocket: Regulamin","isPartOf":{"@id":"https:\/\/richrocketgame.com\/#website"},"datePublished":"2023-09-25T09:34:52+00:00","dateModified":"2023-09-25T17:41:08+00:00","description":"Z \u0142atwo\u015bci\u0105 poruszaj si\u0119 po warunkach Rich Rocket Game. Od obowi\u0105zk\u00f3w u\u017cytkownika, praw do tre\u015bci po zapewnienie prywatno\u015bci - poznaj standardy zapewniaj\u0105ce bezpieczne, harmonijne \u015brodowisko gry. Zanurz si\u0119, aby uzyska\u0107 p\u0142ynne wra\u017cenia.","breadcrumb":{"@id":"https:\/\/richrocketgame.com\/terms-and-conditions\/#breadcrumb"},"inLanguage":"pl-PL","potentialAction":[{"@type":"ReadAction","target":["https:\/\/richrocketgame.com\/terms-and-conditions\/"]}]},{"@type":"BreadcrumbList","@id":"https:\/\/richrocketgame.com\/terms-and-conditions\/#breadcrumb","itemListElement":[{"@type":"ListItem","position":1,"name":"\u0413\u043b\u0430\u0432\u043d\u0430\u044f \u0441\u0442\u0440\u0430\u043d\u0438\u0446\u0430","item":"https:\/\/richrocketgame.com\/"},{"@type":"ListItem","position":2,"name":"Terms and Conditions"}]},{"@type":"WebSite","@id":"https:\/\/richrocketgame.com\/#website","url":"https:\/\/richrocketgame.com\/","name":"Rich Rocket Gra","description":"","publisher":{"@id":"https:\/\/richrocketgame.com\/#organization"},"potentialAction":[{"@type":"SearchAction","target":{"@type":"EntryPoint","urlTemplate":"https:\/\/richrocketgame.com\/?s={search_term_string}"},"query-input":{"@type":"PropertyValueSpecification","valueRequired":true,"valueName":"search_term_string"}}],"inLanguage":"pl-PL"},{"@type":"Organization","@id":"https:\/\/richrocketgame.com\/#organization","name":"Rich Rocket Gra","url":"https:\/\/richrocketgame.com\/","logo":{"@type":"ImageObject","inLanguage":"pl-PL","@id":"https:\/\/richrocketgame.com\/#\/schema\/logo\/image\/","url":"https:\/\/richrocketgame.com\/wp-content\/uploads\/2022\/09\/Rich-Rocket-earning-app.png","contentUrl":"https:\/\/richrocketgame.com\/wp-content\/uploads\/2022\/09\/Rich-Rocket-earning-app.png","width":512,"height":512,"caption":"Rich Rocket Game"},"image":{"@id":"https:\/\/richrocketgame.com\/#\/schema\/logo\/image\/"}}]}},"_links":{"self":[{"href":"https:\/\/richrocketgame.com\/pl\/wp-json\/wp\/v2\/pages\/302","targetHints":{"allow":["GET"]}}],"collection":[{"href":"https:\/\/richrocketgame.com\/pl\/wp-json\/wp\/v2\/pages"}],"about":[{"href":"https:\/\/richrocketgame.com\/pl\/wp-json\/wp\/v2\/types\/page"}],"author":[{"embeddable":true,"href":"https:\/\/richrocketgame.com\/pl\/wp-json\/wp\/v2\/users\/2"}],"replies":[{"embeddable":true,"href":"https:\/\/richrocketgame.com\/pl\/wp-json\/wp\/v2\/comments?post=302"}],"version-history":[{"count":0,"href":"https:\/\/richrocketgame.com\/pl\/wp-json\/wp\/v2\/pages\/302\/revisions"}],"wp:attachment":[{"href":"https:\/\/richrocketgame.com\/pl\/wp-json\/wp\/v2\/media?parent=302"}],"curies":[{"name":"wp","href":"https:\/\/api.w.org\/{rel}","templated":true}]}}