{"id":295,"date":"2023-09-25T12:14:57","date_gmt":"2023-09-25T09:14:57","guid":{"rendered":"https:\/\/richrocketgame.com\/?page_id=295"},"modified":"2023-09-25T20:42:33","modified_gmt":"2023-09-25T17:42:33","slug":"privacy-policy","status":"publish","type":"page","link":"https:\/\/richrocketgame.com\/pl\/privacy-policy\/","title":{"rendered":"Polityka prywatno\u015bci: Ochrona danych osobowych"},"content":{"rendered":"<div class=\"fpm_start\"><\/div>\n<p>W richrocketgame.com przywi\u0105zujemy najwy\u017csz\u0105 wag\u0119 do \u015bwi\u0119to\u015bci Twoich danych. Skrupulatnie opracowali\u015bmy kompleksow\u0105 polityk\u0119, koncentruj\u0105c si\u0119 na przejrzystych praktykach dotycz\u0105cych danych. Nasz\u0105 misj\u0105 jest szanowanie i ochrona cyfrowego \u015bladu, kt\u00f3ry pozostawiasz u nas, zapewniaj\u0105c przejrzyst\u0105 i pe\u0142n\u0105 zaufania interakcj\u0119 za ka\u017cdym razem, gdy wchodzisz do naszej domeny.<\/p>\n<div id=\"ez-toc-container\" class=\"ez-toc-v2_0_62 counter-hierarchy ez-toc-counter ez-toc-grey ez-toc-container-direction\">\n<div class=\"ez-toc-title-container\">\n<p class=\"ez-toc-title\" >Spis tre\u015bci<\/p>\n<span class=\"ez-toc-title-toggle\"><a href=\"#\" class=\"ez-toc-pull-right ez-toc-btn ez-toc-btn-xs ez-toc-btn-default ez-toc-toggle\" aria-label=\"Prze\u0142\u0105cz spis tre\u015bci\"><span class=\"ez-toc-js-icon-con\"><span class=\"\"><span class=\"eztoc-hide\" style=\"display:none;\">Prze\u0142\u0105cznik<\/span><span class=\"ez-toc-icon-toggle-span\"><svg style=\"fill: #999;color:#999\" xmlns=\"http:\/\/www.w3.org\/2000\/svg\" class=\"list-377408\" width=\"20px\" height=\"20px\" viewbox=\"0 0 24 24\" fill=\"none\"><path d=\"M6 6H4v2h2V6zm14 0H8v2h12V6zM4 11h2v2H4v-2zm16 0H8v2h12v-2zM4 16h2v2H4v-2zm16 0H8v2h12v-2z\" fill=\"currentColor\"><\/path><\/svg><svg style=\"fill: #999;color:#999\" class=\"arrow-unsorted-368013\" xmlns=\"http:\/\/www.w3.org\/2000\/svg\" width=\"10px\" height=\"10px\" viewbox=\"0 0 24 24\" version=\"1.2\" baseprofile=\"tiny\"><path d=\"M18.2 9.3l-6.2-6.3-6.2 6.3c-.2.2-.3.4-.3.7s.1.5.3.7c.2.2.4.3.7.3h11c.3 0 .5-.1.7-.3.2-.2.3-.5.3-.7s-.1-.5-.3-.7zM5.8 14.7l6.2 6.3 6.2-6.3c.2-.2.3-.5.3-.7s-.1-.5-.3-.7c-.2-.2-.4-.3-.7-.3h-11c-.3 0-.5.1-.7.3-.2.2-.3.5-.3.7s.1.5.3.7z\"\/><\/svg><\/span><\/span><\/span><\/a><\/span><\/div>\n<nav><ul class='ez-toc-list ez-toc-list-level-1 eztoc-toggle-hide-by-default' ><li class='ez-toc-page-1 ez-toc-heading-level-2'><a class=\"ez-toc-link ez-toc-heading-1\" href=\"https:\/\/richrocketgame.com\/pl\/privacy-policy\/#Our_Oath_Safeguarding_Your_Digital_Integrity\" title=\"Nasza przysi\u0119ga: Ochrona integralno\u015bci cyfrowej\">Nasza przysi\u0119ga: Ochrona integralno\u015bci cyfrowej<\/a><\/li><li class='ez-toc-page-1 ez-toc-heading-level-2'><a class=\"ez-toc-link ez-toc-heading-2\" href=\"https:\/\/richrocketgame.com\/pl\/privacy-policy\/#Data_We_Extract\" title=\"Wydobywane przez nas dane\">Wydobywane przez nas dane<\/a><\/li><li class='ez-toc-page-1 ez-toc-heading-level-2'><a class=\"ez-toc-link ez-toc-heading-3\" href=\"https:\/\/richrocketgame.com\/pl\/privacy-policy\/#Harnessing_Your_Data\" title=\"Wykorzystanie danych\">Wykorzystanie danych<\/a><\/li><li class='ez-toc-page-1 ez-toc-heading-level-2'><a class=\"ez-toc-link ez-toc-heading-4\" href=\"https:\/\/richrocketgame.com\/pl\/privacy-policy\/#Data_Dissemination_Principles\" title=\"Zasady rozpowszechniania danych\">Zasady rozpowszechniania danych<\/a><\/li><li class='ez-toc-page-1 ez-toc-heading-level-2'><a class=\"ez-toc-link ez-toc-heading-5\" href=\"https:\/\/richrocketgame.com\/pl\/privacy-policy\/#Impenetrable_Data_Security\" title=\"Nieprzeniknione bezpiecze\u0144stwo danych\">Nieprzeniknione bezpiecze\u0144stwo danych<\/a><\/li><li class='ez-toc-page-1 ez-toc-heading-level-2'><a class=\"ez-toc-link ez-toc-heading-6\" href=\"https:\/\/richrocketgame.com\/pl\/privacy-policy\/#The_Cookie_Blueprint\" title=\"Cookie Blueprint\">Cookie Blueprint<\/a><\/li><li class='ez-toc-page-1 ez-toc-heading-level-2'><a class=\"ez-toc-link ez-toc-heading-7\" href=\"https:\/\/richrocketgame.com\/pl\/privacy-policy\/#Navigating_External_Territories\" title=\"Nawigacja po terytoriach zewn\u0119trznych\">Nawigacja po terytoriach zewn\u0119trznych<\/a><\/li><li class='ez-toc-page-1 ez-toc-heading-level-2'><a class=\"ez-toc-link ez-toc-heading-8\" href=\"https:\/\/richrocketgame.com\/pl\/privacy-policy\/#Young_Explorer_Guidelines\" title=\"Wytyczne dla m\u0142odych odkrywc\u00f3w\">Wytyczne dla m\u0142odych odkrywc\u00f3w<\/a><\/li><li class='ez-toc-page-1 ez-toc-heading-level-2'><a class=\"ez-toc-link ez-toc-heading-9\" href=\"https:\/\/richrocketgame.com\/pl\/privacy-policy\/#Evolution_of_Our_Privacy_Doctrine\" title=\"Ewolucja naszej doktryny prywatno\u015bci\">Ewolucja naszej doktryny prywatno\u015bci<\/a><\/li><li class='ez-toc-page-1 ez-toc-heading-level-2'><a class=\"ez-toc-link ez-toc-heading-10\" href=\"https:\/\/richrocketgame.com\/pl\/privacy-policy\/#Asserting_Your_Data_Rights\" title=\"Dochodzenie swoich praw do danych\">Dochodzenie swoich praw do danych<\/a><\/li><li class='ez-toc-page-1 ez-toc-heading-level-2'><a class=\"ez-toc-link ez-toc-heading-11\" href=\"https:\/\/richrocketgame.com\/pl\/privacy-policy\/#Data_Conservation_Protocol\" title=\"Protok\u00f3\u0142 zachowania danych\">Protok\u00f3\u0142 zachowania danych<\/a><\/li><li class='ez-toc-page-1 ez-toc-heading-level-2'><a class=\"ez-toc-link ez-toc-heading-12\" href=\"https:\/\/richrocketgame.com\/pl\/privacy-policy\/#Global_Data_Expeditions\" title=\"Globalne ekspedycje danych\">Globalne ekspedycje danych<\/a><\/li><li class='ez-toc-page-1 ez-toc-heading-level-2'><a class=\"ez-toc-link ez-toc-heading-13\" href=\"https:\/\/richrocketgame.com\/pl\/privacy-policy\/#Concluding_Words\" title=\"S\u0142owa podsumowuj\u0105ce\">S\u0142owa podsumowuj\u0105ce<\/a><\/li><\/ul><\/nav><\/div>\n<h2><span class=\"ez-toc-section\" id=\"Our_Oath_Safeguarding_Your_Digital_Integrity\"><\/span><strong>Nasza przysi\u0119ga: Ochrona integralno\u015bci cyfrowej<\/strong><span class=\"ez-toc-section-end\"><\/span><\/h2>\n<p>Podstawowe zobowi\u0105zanie richrocketgame.com dotyczy ochrony prywatno\u015bci i integralno\u015bci danych osobowych u\u017cytkownik\u00f3w. Niniejsza doktryna okre\u015bla mechanizmy naszych praktyk w zakresie danych, od ich pozyskiwania po wykorzystanie, zapewniaj\u0105c krystalicznie czyste zrozumienie naszych operacji opartych na danych.<\/p>\n<h2><span class=\"ez-toc-section\" id=\"Data_We_Extract\"><\/span><strong>Wydobywane przez nas dane<\/strong><span class=\"ez-toc-section-end\"><\/span><\/h2>\n<p>Podczas eksploracji mo\u017cemy gromadzi\u0107 okre\u015blone zindywidualizowane dane, obejmuj\u0105ce takie aspekty, jak znaczniki to\u017csamo\u015bci, specyfika poczty elektronicznej i lokalizatory cyfrowe. Ten proces ekstrakcji wykorzystuje moc plik\u00f3w cookie i analogicznych narz\u0119dzi cyfrowych. Jednocze\u015bnie gromadzimy r\u00f3wnie\u017c dane niezindywidualizowane, takie jak specyfikacje przegl\u0105darki i interakcje ze stronami.<\/p>\n<h2><span class=\"ez-toc-section\" id=\"Harnessing_Your_Data\"><\/span><strong>Wykorzystanie danych<\/strong><span class=\"ez-toc-section-end\"><\/span><\/h2>\n<p>Twoje dane s\u0142u\u017c\u0105 nam jako sygna\u0142 nawigacyjny, kt\u00f3ry pomaga nam dostosowywa\u0107 do\u015bwiadczenia Rich Rocket, odpowiada\u0107 na Twoje zapytania i udoskonala\u0107 nasz cyfrowy krajobraz. Zasilaj\u0105 one r\u00f3wnie\u017c nasze dzia\u0142ania promocyjne i badawcze.<\/p>\n<h2><span class=\"ez-toc-section\" id=\"Data_Dissemination_Principles\"><\/span><strong>Zasady rozpowszechniania danych<\/strong><span class=\"ez-toc-section-end\"><\/span><\/h2>\n<p>Zdecydowanie unikamy ujawniania zindywidualizowanych danych u\u017cytkownik\u00f3w podmiotom zewn\u0119trznym, chyba \u017ce jest to wymagane przez prawo lub niezb\u0119dne do \u015bwiadczenia naszych us\u0142ug. Dane niespecyficzne mog\u0105 by\u0107 jednak udost\u0119pniane w celach promocyjnych i analitycznych.<\/p>\n<h2><span class=\"ez-toc-section\" id=\"Impenetrable_Data_Security\"><\/span><strong>Nieprzeniknione bezpiecze\u0144stwo danych<\/strong><span class=\"ez-toc-section-end\"><\/span><\/h2>\n<p>Stosuj\u0105c najnowocze\u015bniejsze metodologie, zabezpieczamy dane przed niepo\u017c\u0105dan\u0105 penetracj\u0105 i ujawnieniem. Rozwi\u0105zania szyfruj\u0105ce zapewniaj\u0105 \u015brodowisko przypominaj\u0105ce fortec\u0119 dla danych zar\u00f3wno podczas ich przenoszenia, jak i przechowywania.<\/p>\n<h2><span class=\"ez-toc-section\" id=\"The_Cookie_Blueprint\"><\/span><strong>Cookie Blueprint<\/strong><span class=\"ez-toc-section-end\"><\/span><\/h2>\n<p>Pliki cookie, niewielkie jednostki tekstowe, pomagaj\u0105 usprawni\u0107 pobyt na richrocketgame.com. Podczas gdy zagnie\u017cd\u017caj\u0105 si\u0119 w twoim urz\u0105dzeniu, trzymasz wodze, moduluj\u0105c ich dzia\u0142anie poprzez konfiguracje przegl\u0105darki.<\/p>\n<h2><span class=\"ez-toc-section\" id=\"Navigating_External_Territories\"><\/span><strong>Nawigacja po terytoriach zewn\u0119trznych<\/strong><span class=\"ez-toc-section-end\"><\/span><\/h2>\n<p>Przechodz\u0105c przez nasz\u0105 platform\u0119, mo\u017cesz napotka\u0107 bramy do teren\u00f3w stron trzecich. Ich praktyki dotycz\u0105ce danych i architektura tre\u015bci pozostaj\u0105 poza nasz\u0105 kontrol\u0105, dlatego zach\u0119camy do zapoznania si\u0119 z ich manifestami prywatno\u015bci.<\/p>\n<h2><span class=\"ez-toc-section\" id=\"Young_Explorer_Guidelines\"><\/span><strong>Wytyczne dla m\u0142odych odkrywc\u00f3w<\/strong><span class=\"ez-toc-section-end\"><\/span><\/h2>\n<p>Wszech\u015bwiat richrocketgame.com nie jest przeznaczony dla m\u0142odych umys\u0142\u00f3w poni\u017cej 18 roku \u017cycia. \u015awiadomie unikamy zbierania od nich danych.<\/p><script data-noptimize=\"\" data-wpfc-render=\"false\">\n\/* <![CDATA[ *\/\nfpm_start( \"true\" );\n\/* ]]> *\/\n<\/script>\n\n<h2><span class=\"ez-toc-section\" id=\"Evolution_of_Our_Privacy_Doctrine\"><\/span><strong>Ewolucja naszej doktryny prywatno\u015bci<\/strong><span class=\"ez-toc-section-end\"><\/span><\/h2>\n<p>Wraz z ewolucj\u0105 sfery cyfrowej ewoluuje r\u00f3wnie\u017c nasza polityka. Ka\u017cda metamorfoza zostanie tutaj na\u015bwietlona. Zgodno\u015b\u0107 z domen\u0105 po modyfikacji przek\u0142ada si\u0119 na Twoje skinienie g\u0142ow\u0105.<\/p>\n<h2><span class=\"ez-toc-section\" id=\"Asserting_Your_Data_Rights\"><\/span><strong>Dochodzenie swoich praw do danych<\/strong><span class=\"ez-toc-section-end\"><\/span><\/h2>\n<p>Masz prawo przegl\u0105da\u0107, zmienia\u0107 i usuwa\u0107 przechowywane przez nas dane osobowe. Je\u015bli chcesz ograniczy\u0107 lub zakwestionowa\u0107 nasze post\u0119powanie z danymi, skontaktuj si\u0119 z nami.<\/p>\n<h2><span class=\"ez-toc-section\" id=\"Data_Conservation_Protocol\"><\/span><strong>Protok\u00f3\u0142 zachowania danych<\/strong><span class=\"ez-toc-section-end\"><\/span><\/h2>\n<p>Dane u\u017cytkownika pozostaj\u0105 u nas przez okres niezb\u0119dny do \u015bwiadczenia naszych us\u0142ug i zgodnie z przepisami prawa. Po wyga\u015bni\u0119ciu stosujemy rygorystyczny protok\u00f3\u0142 usuwania danych.<\/p>\n<h2><span class=\"ez-toc-section\" id=\"Global_Data_Expeditions\"><\/span><strong>Globalne ekspedycje danych<\/strong><span class=\"ez-toc-section-end\"><\/span><\/h2>\n<p>Dane mog\u0105 przekracza\u0107 granice, podr\u00f3\u017cuj\u0105c do terytori\u00f3w o r\u00f3\u017cnych systemach ochrony danych. Wsp\u00f3\u0142praca z Rich Rocket oznacza zgod\u0119 na takie globalne podr\u00f3\u017ce.<\/p>\n<h2><span class=\"ez-toc-section\" id=\"Concluding_Words\"><\/span><strong>S\u0142owa podsumowuj\u0105ce<\/strong><span class=\"ez-toc-section-end\"><\/span><\/h2>\n<p>W richrocketgame.com \u015bwi\u0119to\u015b\u0107 Twoich danych nie podlega negocjacjom. Ta doktryna wyja\u015bnia nasze rygorystyczne \u015brodki, obiecuj\u0105c \u015brodowisko zaufania. Je\u015bli pojawi\u0105 si\u0119 pytania, skontaktuj si\u0119 z nami.<\/p>\n<div class=\"fpm_end\"><\/div>\n<div class=\"author-card author-card--top\"><img alt='Zdj\u0119cie awatara' src='https:\/\/richrocketgame.com\/wp-content\/uploads\/2023\/03\/Paulo-Dornelas-130x130.jpg' srcset='https:\/\/richrocketgame.com\/wp-content\/uploads\/2023\/03\/Paulo-Dornelas-260x260.jpg 2x' class='avatar avatar-130 photo author-image' height='130' width='130' \/><div class=\"author-content text-md-center\"><span class=\"author-title\">Autor<\/span><a href=\"https:\/\/richrocketgame.com\/pl\/author\/paulo-dornelas\/\" class=\"author-name\">Paulo Dornelas<\/a><p class=\"author__details\">Paulo Dornelas jest ekspertem w dziedzinie hazardu, kt\u00f3ry po\u015bwi\u0119ci\u0142 swoje \u017cycie na zrozumienie tej bran\u017cy i pomaganie innym w zarabianiu na niej pieni\u0119dzy. Jest r\u00f3wnie\u017c zapalonym podr\u00f3\u017cnikiem i uwielbia odkrywa\u0107 nowe miejsca. Wiedza Paulo na temat hazardu i jego pasja do podr\u00f3\u017cy sprawiaj\u0105, \u017ce jest on idealnym przewodnikiem dla ka\u017cdego, kto szuka powa\u017cnych zysk\u00f3w z zak\u0142ad\u00f3w sportowych lub gry w kasynie.<\/p><\/div><!-- \/.author-content --><\/div>","protected":false},"excerpt":{"rendered":"<p>W richrocketgame.com bardzo cenimy \u015bwi\u0119to\u015b\u0107 Twoich danych. Skrupulatnie opracowali\u015bmy kompleksow\u0105 polityk\u0119, koncentruj\u0105c si\u0119 na praktykach w zakresie przejrzysto\u015bci danych. Nasz\u0105 misj\u0105 jest szanowanie i ochrona cyfrowego \u015bladu, kt\u00f3ry u nas zostawiasz, zapewniaj\u0105c przejrzyst\u0105 i pe\u0142n\u0105 zaufania interakcj\u0119 za ka\u017cdym razem, gdy wchodzisz na nasz\u0105 domen\u0119. Nasza przysi\u0119ga: Ochrona Twoich [\u2026]<\/p>","protected":false},"author":2,"featured_media":0,"parent":0,"menu_order":0,"comment_status":"closed","ping_status":"closed","template":"","meta":{"footnotes":""},"class_list":["post-295","page","type-page","status-publish","hentry"],"yoast_head":"<!-- This site is optimized with the Yoast SEO plugin v26.7 - https:\/\/yoast.com\/wordpress\/plugins\/seo\/ -->\n<title>Privacy Policy: richrocketgame.com<\/title>\n<meta name=\"description\" content=\"At Rich Rocket Portal, we prioritize your data&#039;s security and transparency. Discover our practices that ensure utmost trust and clarity in every interaction.\" \/>\n<meta name=\"robots\" content=\"index, follow, max-snippet:-1, max-image-preview:large, max-video-preview:-1\" \/>\n<link rel=\"canonical\" href=\"https:\/\/richrocketgame.com\/pl\/privacy-policy\/\" \/>\n<meta property=\"og:locale\" content=\"pl_PL\" \/>\n<meta property=\"og:type\" content=\"article\" \/>\n<meta property=\"og:title\" content=\"Privacy Policy: richrocketgame.com\" \/>\n<meta property=\"og:description\" content=\"At Rich Rocket Portal, we prioritize your data&#039;s security and transparency. Discover our practices that ensure utmost trust and clarity in every interaction.\" \/>\n<meta property=\"og:url\" content=\"https:\/\/richrocketgame.com\/pl\/privacy-policy\/\" \/>\n<meta property=\"og:site_name\" content=\"Rich Rocket Game\" \/>\n<meta property=\"article:modified_time\" content=\"2023-09-25T17:42:33+00:00\" \/>\n<meta name=\"twitter:card\" content=\"summary_large_image\" \/>\n<meta name=\"twitter:label1\" content=\"Szacowany czas czytania\" \/>\n\t<meta name=\"twitter:data1\" content=\"3 minuty\" \/>\n<!-- \/ Yoast SEO plugin. -->","yoast_head_json":{"title":"Polityka prywatno\u015bci: richrocketgame.com","description":"W Rich Rocket Portal priorytetowo traktujemy bezpiecze\u0144stwo i przejrzysto\u015b\u0107 danych. Odkryj nasze praktyki, kt\u00f3re zapewniaj\u0105 najwy\u017csze zaufanie i przejrzysto\u015b\u0107 w ka\u017cdej interakcji.","robots":{"index":"index","follow":"follow","max-snippet":"max-snippet:-1","max-image-preview":"max-image-preview:large","max-video-preview":"max-video-preview:-1"},"canonical":"https:\/\/richrocketgame.com\/pl\/privacy-policy\/","og_locale":"pl_PL","og_type":"article","og_title":"Privacy Policy: richrocketgame.com","og_description":"At Rich Rocket Portal, we prioritize your data's security and transparency. Discover our practices that ensure utmost trust and clarity in every interaction.","og_url":"https:\/\/richrocketgame.com\/pl\/privacy-policy\/","og_site_name":"Rich Rocket Game","article_modified_time":"2023-09-25T17:42:33+00:00","twitter_card":"summary_large_image","twitter_misc":{"Szacowany czas czytania":"3 minuty"},"schema":{"@context":"https:\/\/schema.org","@graph":[{"@type":"WebPage","@id":"https:\/\/richrocketgame.com\/privacy-policy\/","url":"https:\/\/richrocketgame.com\/privacy-policy\/","name":"Polityka prywatno\u015bci: richrocketgame.com","isPartOf":{"@id":"https:\/\/richrocketgame.com\/#website"},"datePublished":"2023-09-25T09:14:57+00:00","dateModified":"2023-09-25T17:42:33+00:00","description":"W Rich Rocket Portal priorytetowo traktujemy bezpiecze\u0144stwo i przejrzysto\u015b\u0107 danych. Odkryj nasze praktyki, kt\u00f3re zapewniaj\u0105 najwy\u017csze zaufanie i przejrzysto\u015b\u0107 w ka\u017cdej interakcji.","breadcrumb":{"@id":"https:\/\/richrocketgame.com\/privacy-policy\/#breadcrumb"},"inLanguage":"pl-PL","potentialAction":[{"@type":"ReadAction","target":["https:\/\/richrocketgame.com\/privacy-policy\/"]}]},{"@type":"BreadcrumbList","@id":"https:\/\/richrocketgame.com\/privacy-policy\/#breadcrumb","itemListElement":[{"@type":"ListItem","position":1,"name":"\u0413\u043b\u0430\u0432\u043d\u0430\u044f \u0441\u0442\u0440\u0430\u043d\u0438\u0446\u0430","item":"https:\/\/richrocketgame.com\/"},{"@type":"ListItem","position":2,"name":"Privacy Policy: Protecting Your Personal Information"}]},{"@type":"WebSite","@id":"https:\/\/richrocketgame.com\/#website","url":"https:\/\/richrocketgame.com\/","name":"Rich Rocket Gra","description":"","publisher":{"@id":"https:\/\/richrocketgame.com\/#organization"},"potentialAction":[{"@type":"SearchAction","target":{"@type":"EntryPoint","urlTemplate":"https:\/\/richrocketgame.com\/?s={search_term_string}"},"query-input":{"@type":"PropertyValueSpecification","valueRequired":true,"valueName":"search_term_string"}}],"inLanguage":"pl-PL"},{"@type":"Organization","@id":"https:\/\/richrocketgame.com\/#organization","name":"Rich Rocket Gra","url":"https:\/\/richrocketgame.com\/","logo":{"@type":"ImageObject","inLanguage":"pl-PL","@id":"https:\/\/richrocketgame.com\/#\/schema\/logo\/image\/","url":"https:\/\/richrocketgame.com\/wp-content\/uploads\/2022\/09\/Rich-Rocket-earning-app.png","contentUrl":"https:\/\/richrocketgame.com\/wp-content\/uploads\/2022\/09\/Rich-Rocket-earning-app.png","width":512,"height":512,"caption":"Rich Rocket Game"},"image":{"@id":"https:\/\/richrocketgame.com\/#\/schema\/logo\/image\/"}}]}},"_links":{"self":[{"href":"https:\/\/richrocketgame.com\/pl\/wp-json\/wp\/v2\/pages\/295","targetHints":{"allow":["GET"]}}],"collection":[{"href":"https:\/\/richrocketgame.com\/pl\/wp-json\/wp\/v2\/pages"}],"about":[{"href":"https:\/\/richrocketgame.com\/pl\/wp-json\/wp\/v2\/types\/page"}],"author":[{"embeddable":true,"href":"https:\/\/richrocketgame.com\/pl\/wp-json\/wp\/v2\/users\/2"}],"replies":[{"embeddable":true,"href":"https:\/\/richrocketgame.com\/pl\/wp-json\/wp\/v2\/comments?post=295"}],"version-history":[{"count":0,"href":"https:\/\/richrocketgame.com\/pl\/wp-json\/wp\/v2\/pages\/295\/revisions"}],"wp:attachment":[{"href":"https:\/\/richrocketgame.com\/pl\/wp-json\/wp\/v2\/media?parent=295"}],"curies":[{"name":"wp","href":"https:\/\/api.w.org\/{rel}","templated":true}]}}