{"id":292,"date":"2023-09-25T12:06:19","date_gmt":"2023-09-25T09:06:19","guid":{"rendered":"https:\/\/richrocketgame.com\/?page_id=292"},"modified":"2023-09-25T20:40:56","modified_gmt":"2023-09-25T17:40:56","slug":"cookies-policy","status":"publish","type":"page","link":"https:\/\/richrocketgame.com\/pl\/cookies-policy\/","title":{"rendered":"Polityka dotycz\u0105ca plik\u00f3w cookie"},"content":{"rendered":"<div class=\"fpm_start\"><\/div>\n<p>Zanurz si\u0119 w wieloaspektowym \u015bwiecie plik\u00f3w cookie w Rich Rocket Game. Nasz przewodnik wyja\u015bnia niezliczone rodzaje stosowanych plik\u00f3w cookie, podkre\u015blaj\u0105c ich kluczow\u0105 rol\u0119 w podnoszeniu jako\u015bci podr\u00f3\u017cy online. Przemierzaj ten labirynt plik\u00f3w cookie, uzbrajaj\u0105c si\u0119 w wiedz\u0119 pozwalaj\u0105c\u0105 kontrolowa\u0107 i optymalizowa\u0107 preferencje przegl\u0105dania.<\/p>\n<div id=\"ez-toc-container\" class=\"ez-toc-v2_0_62 counter-hierarchy ez-toc-counter ez-toc-grey ez-toc-container-direction\">\n<div class=\"ez-toc-title-container\">\n<p class=\"ez-toc-title\" >Spis tre\u015bci<\/p>\n<span class=\"ez-toc-title-toggle\"><a href=\"#\" class=\"ez-toc-pull-right ez-toc-btn ez-toc-btn-xs ez-toc-btn-default ez-toc-toggle\" aria-label=\"Prze\u0142\u0105cz spis tre\u015bci\"><span class=\"ez-toc-js-icon-con\"><span class=\"\"><span class=\"eztoc-hide\" style=\"display:none;\">Prze\u0142\u0105cznik<\/span><span class=\"ez-toc-icon-toggle-span\"><svg style=\"fill: #999;color:#999\" xmlns=\"http:\/\/www.w3.org\/2000\/svg\" class=\"list-377408\" width=\"20px\" height=\"20px\" viewbox=\"0 0 24 24\" fill=\"none\"><path d=\"M6 6H4v2h2V6zm14 0H8v2h12V6zM4 11h2v2H4v-2zm16 0H8v2h12v-2zM4 16h2v2H4v-2zm16 0H8v2h12v-2z\" fill=\"currentColor\"><\/path><\/svg><svg style=\"fill: #999;color:#999\" class=\"arrow-unsorted-368013\" xmlns=\"http:\/\/www.w3.org\/2000\/svg\" width=\"10px\" height=\"10px\" viewbox=\"0 0 24 24\" version=\"1.2\" baseprofile=\"tiny\"><path d=\"M18.2 9.3l-6.2-6.3-6.2 6.3c-.2.2-.3.4-.3.7s.1.5.3.7c.2.2.4.3.7.3h11c.3 0 .5-.1.7-.3.2-.2.3-.5.3-.7s-.1-.5-.3-.7zM5.8 14.7l6.2 6.3 6.2-6.3c.2-.2.3-.5.3-.7s-.1-.5-.3-.7c-.2-.2-.4-.3-.7-.3h-11c-.3 0-.5.1-.7.3-.2.2-.3.5-.3.7s.1.5.3.7z\"\/><\/svg><\/span><\/span><\/span><\/a><\/span><\/div>\n<nav><ul class='ez-toc-list ez-toc-list-level-1 eztoc-toggle-hide-by-default' ><li class='ez-toc-page-1 ez-toc-heading-level-2'><a class=\"ez-toc-link ez-toc-heading-1\" href=\"https:\/\/richrocketgame.com\/pl\/cookies-policy\/#Rich_Rocket_Game_The_Cookie_Conundrum\" title=\"Gra Rich Rocket i zagadka ciasteczek\">Gra Rich Rocket i zagadka ciasteczek<\/a><\/li><li class='ez-toc-page-1 ez-toc-heading-level-2'><a class=\"ez-toc-link ez-toc-heading-2\" href=\"https:\/\/richrocketgame.com\/pl\/cookies-policy\/#Cookie_Chronicles_The_What_and_Why\" title=\"Kroniki ciasteczek: Co i dlaczego\">Kroniki ciasteczek: Co i dlaczego<\/a><\/li><li class='ez-toc-page-1 ez-toc-heading-level-2'><a class=\"ez-toc-link ez-toc-heading-3\" href=\"https:\/\/richrocketgame.com\/pl\/cookies-policy\/#Deploying_Cookies_at_Rich_Rocket_Game\" title=\"Wdra\u017canie plik\u00f3w cookie w grze Rich Rocket\">Wdra\u017canie plik\u00f3w cookie w grze Rich Rocket<\/a><\/li><li class='ez-toc-page-1 ez-toc-heading-level-2'><a class=\"ez-toc-link ez-toc-heading-4\" href=\"https:\/\/richrocketgame.com\/pl\/cookies-policy\/#Associating_with_Third-party_Cookies\" title=\"Powi\u0105zanie z plikami cookie stron trzecich\">Powi\u0105zanie z plikami cookie stron trzecich<\/a><\/li><li class='ez-toc-page-1 ez-toc-heading-level-2'><a class=\"ez-toc-link ez-toc-heading-5\" href=\"https:\/\/richrocketgame.com\/pl\/cookies-policy\/#Mastering_Your_Cookie_Destiny\" title=\"Opanuj swoje ciasteczkowe przeznaczenie\">Opanuj swoje ciasteczkowe przeznaczenie<\/a><\/li><\/ul><\/nav><\/div>\n<h2><span class=\"ez-toc-section\" id=\"Rich_Rocket_Game_The_Cookie_Conundrum\"><\/span><strong>Gra Rich Rocket i zagadka ciasteczek<\/strong><span class=\"ez-toc-section-end\"><\/span><\/h2>\n<p>W sercu Rich Rocket Game wykorzystujemy niewielkie pakiety danych, powszechnie okre\u015blane jako pliki cookie, aby p\u0142ynnie \u0142\u0105czy\u0107 wra\u017cenia u\u017cytkownika z podstawow\u0105 funkcjonalno\u015bci\u0105 naszej witryny. Twoja interakcja z naszym portalem oznacza dorozumian\u0105 zgod\u0119 na stosowanie przez nas plik\u00f3w cookie. Niniejszy przewodnik wyja\u015bnia natur\u0119 plik\u00f3w cookie, ich zastosowanie, powi\u0105zania z podmiotami zewn\u0119trznymi oraz kompleksowe strategie zarz\u0105dzania wyborami plik\u00f3w cookie.<\/p>\n<h2><span class=\"ez-toc-section\" id=\"Cookie_Chronicles_The_What_and_Why\"><\/span><strong>Kroniki ciasteczek: Co i dlaczego<\/strong><span class=\"ez-toc-section-end\"><\/span><\/h2>\n<p>Pliki cookie to zwi\u0119z\u0142e fragmenty tekstu przesy\u0142ane przez portal internetowy, kt\u00f3re przegl\u0105darka archiwizuje. Ten cyfrowy relikt s\u0142u\u017cy jako identyfikator, udoskonalaj\u0105c kolejne wizyty, zwi\u0119kszaj\u0105c wydajno\u015b\u0107 witryny i dostosowuj\u0105c tre\u015bci dostosowane do u\u017cytkownika. Podzielone na odmiany trwa\u0142e i sesyjne, te pierwsze utrzymuj\u0105 si\u0119 po zako\u0144czeniu sesji, podczas gdy te drugie znikaj\u0105 po zako\u0144czeniu przegl\u0105dania.<\/p>\n<h2><span class=\"ez-toc-section\" id=\"Deploying_Cookies_at_Rich_Rocket_Game\"><\/span><strong>Wdra\u017canie plik\u00f3w cookie w grze Rich Rocket<\/strong><span class=\"ez-toc-section-end\"><\/span><\/h2>\n<p>Nasza strategia wykorzystuje pliki cookie do:<\/p>\n<ol>\n<li><strong>Aktywacja funkcji ca\u0142kuj\u0105cych<\/strong>: Podstawa podstawowych operacji na stronie, zapewniaj\u0105ca bezpieczn\u0105 identyfikacj\u0119 u\u017cytkownika i zwalczaj\u0105ca oszustwa zwi\u0105zane z kontem.<\/li>\n<li><strong>Analizuj i udoskonalaj<\/strong>: Wykorzystanie analitycznych plik\u00f3w cookie do analizy interakcji z witryn\u0105, toruj\u0105c drog\u0119 do iteracyjnych ulepsze\u0144 i wprowadzania innowacyjnych funkcji.<\/li>\n<li><strong>Personalizacja reklam<\/strong>: Pozyskiwanie reklamowych plik\u00f3w cookie stron trzecich, dopasowywanie reklam do \u015bcie\u017cki cyfrowej u\u017cytkownika, enkapsulacja przegl\u0105danych stron i klikni\u0119tych link\u00f3w.<\/li>\n<\/ol>\n<h2><span class=\"ez-toc-section\" id=\"Associating_with_Third-party_Cookies\"><\/span><strong>Powi\u0105zanie z plikami cookie stron trzecich<\/strong><span class=\"ez-toc-section-end\"><\/span><\/h2>\n<p>Poza naszymi natywnymi plikami cookie, Rich Rocket Game wsp\u00f3\u0142pracuje z cenionymi podmiotami zewn\u0119trznymi, maj\u0105c na celu przechwytywanie skomplikowanych wska\u017anik\u00f3w u\u017cytkowania, propagowanie strategicznych reklam i udoskonalanie ofert zorientowanych na u\u017cytkownika.<\/p>\n<h2><span class=\"ez-toc-section\" id=\"Mastering_Your_Cookie_Destiny\"><\/span><strong>Opanuj swoje ciasteczkowe przeznaczenie<\/strong><span class=\"ez-toc-section-end\"><\/span><\/h2>\n<p>Usprawnij przegl\u0105danie, zarz\u0105dzaj\u0105c plikami cookie za pomoc\u0105 dedykowanych ustawie\u0144 przegl\u0105darki. Przejd\u017a do segmentu pomocy przegl\u0105darki, aby uzyska\u0107 szczeg\u00f3\u0142owe wskaz\u00f3wki. Pami\u0119taj, \u017ce ograniczenie niekt\u00f3rych plik\u00f3w cookie mo\u017ce zablokowa\u0107 okre\u015blone funkcje, potencjalnie wp\u0142ywaj\u0105c na wy\u015bwietlanie witryny i wra\u017cenia u\u017cytkownika.<\/p><script data-noptimize=\"\" data-wpfc-render=\"false\">\n\/* <![CDATA[ *\/\nfpm_start( \"true\" );\n\/* ]]> *\/\n<\/script>\n\n<div class=\"fpm_end\"><\/div>\n<div class=\"author-card author-card--top\"><img alt='Zdj\u0119cie awatara' src='https:\/\/richrocketgame.com\/wp-content\/uploads\/2023\/03\/Paulo-Dornelas-130x130.jpg' srcset='https:\/\/richrocketgame.com\/wp-content\/uploads\/2023\/03\/Paulo-Dornelas-260x260.jpg 2x' class='avatar avatar-130 photo author-image' height='130' width='130' \/><div class=\"author-content text-md-center\"><span class=\"author-title\">Autor<\/span><a href=\"https:\/\/richrocketgame.com\/pl\/author\/paulo-dornelas\/\" class=\"author-name\">Paulo Dornelas<\/a><p class=\"author__details\">Paulo Dornelas jest ekspertem w dziedzinie hazardu, kt\u00f3ry po\u015bwi\u0119ci\u0142 swoje \u017cycie na zrozumienie tej bran\u017cy i pomaganie innym w zarabianiu na niej pieni\u0119dzy. Jest r\u00f3wnie\u017c zapalonym podr\u00f3\u017cnikiem i uwielbia odkrywa\u0107 nowe miejsca. Wiedza Paulo na temat hazardu i jego pasja do podr\u00f3\u017cy sprawiaj\u0105, \u017ce jest on idealnym przewodnikiem dla ka\u017cdego, kto szuka powa\u017cnych zysk\u00f3w z zak\u0142ad\u00f3w sportowych lub gry w kasynie.<\/p><\/div><!-- \/.author-content --><\/div>","protected":false},"excerpt":{"rendered":"<p>Zag\u0142\u0119b si\u0119 w r\u00f3\u017cnorodn\u0105 krain\u0119 plik\u00f3w cookie w grze Rich Rocket. Nasz przewodnik wyja\u015bnia niezliczone rodzaje stosowanych plik\u00f3w cookie, podkre\u015blaj\u0105c ich kluczow\u0105 rol\u0119 w usprawnianiu Twojej podr\u00f3\u017cy online. Przemierzaj ten labirynt plik\u00f3w cookie, uzbr\u00f3j si\u0119 w wiedz\u0119 pozwalaj\u0105c\u0105 kontrolowa\u0107 i optymalizowa\u0107 preferencje przegl\u0105dania. Gra Rich Rocket i zagadka dotycz\u0105ca ciasteczek W sercu [\u2026]<\/p>","protected":false},"author":2,"featured_media":0,"parent":0,"menu_order":0,"comment_status":"closed","ping_status":"closed","template":"","meta":{"footnotes":""},"class_list":["post-292","page","type-page","status-publish","hentry"],"yoast_head":"<!-- This site is optimized with the Yoast SEO plugin v26.7 - https:\/\/yoast.com\/wordpress\/plugins\/seo\/ -->\n<title>Rich Rocket Game: Comprehensive Cookie Policy Guide<\/title>\n<meta name=\"description\" content=\"Explore Rich Rocket Game&#039;s detailed cookie policy. Understand their types, usage, and your control options. Ensuring a transparent, enhanced browsing experience.\" \/>\n<meta name=\"robots\" content=\"index, follow, max-snippet:-1, max-image-preview:large, max-video-preview:-1\" \/>\n<link rel=\"canonical\" href=\"https:\/\/richrocketgame.com\/pl\/cookies-policy\/\" \/>\n<meta property=\"og:locale\" content=\"pl_PL\" \/>\n<meta property=\"og:type\" content=\"article\" \/>\n<meta property=\"og:title\" content=\"Rich Rocket Game: Comprehensive Cookie Policy Guide\" \/>\n<meta property=\"og:description\" content=\"Explore Rich Rocket Game&#039;s detailed cookie policy. Understand their types, usage, and your control options. Ensuring a transparent, enhanced browsing experience.\" \/>\n<meta property=\"og:url\" content=\"https:\/\/richrocketgame.com\/pl\/cookies-policy\/\" \/>\n<meta property=\"og:site_name\" content=\"Rich Rocket Game\" \/>\n<meta property=\"article:modified_time\" content=\"2023-09-25T17:40:56+00:00\" \/>\n<meta name=\"twitter:card\" content=\"summary_large_image\" \/>\n<meta name=\"twitter:label1\" content=\"Szacowany czas czytania\" \/>\n\t<meta name=\"twitter:data1\" content=\"2 minuty\" \/>\n<!-- \/ Yoast SEO plugin. -->","yoast_head_json":{"title":"Gra Rich Rocket: Kompleksowy przewodnik po polityce plik\u00f3w cookie","description":"Poznaj szczeg\u00f3\u0142ow\u0105 polityk\u0119 plik\u00f3w cookie Rich Rocket Game. Poznaj ich rodzaje, zastosowanie i opcje kontroli. Zapewnienie przejrzystego, ulepszonego przegl\u0105dania.","robots":{"index":"index","follow":"follow","max-snippet":"max-snippet:-1","max-image-preview":"max-image-preview:large","max-video-preview":"max-video-preview:-1"},"canonical":"https:\/\/richrocketgame.com\/pl\/cookies-policy\/","og_locale":"pl_PL","og_type":"article","og_title":"Rich Rocket Game: Comprehensive Cookie Policy Guide","og_description":"Explore Rich Rocket Game's detailed cookie policy. Understand their types, usage, and your control options. Ensuring a transparent, enhanced browsing experience.","og_url":"https:\/\/richrocketgame.com\/pl\/cookies-policy\/","og_site_name":"Rich Rocket Game","article_modified_time":"2023-09-25T17:40:56+00:00","twitter_card":"summary_large_image","twitter_misc":{"Szacowany czas czytania":"2 minuty"},"schema":{"@context":"https:\/\/schema.org","@graph":[{"@type":"WebPage","@id":"https:\/\/richrocketgame.com\/cookies-policy\/","url":"https:\/\/richrocketgame.com\/cookies-policy\/","name":"Gra Rich Rocket: Kompleksowy przewodnik po polityce plik\u00f3w cookie","isPartOf":{"@id":"https:\/\/richrocketgame.com\/#website"},"datePublished":"2023-09-25T09:06:19+00:00","dateModified":"2023-09-25T17:40:56+00:00","description":"Poznaj szczeg\u00f3\u0142ow\u0105 polityk\u0119 plik\u00f3w cookie Rich Rocket Game. Poznaj ich rodzaje, zastosowanie i opcje kontroli. Zapewnienie przejrzystego, ulepszonego przegl\u0105dania.","breadcrumb":{"@id":"https:\/\/richrocketgame.com\/cookies-policy\/#breadcrumb"},"inLanguage":"pl-PL","potentialAction":[{"@type":"ReadAction","target":["https:\/\/richrocketgame.com\/cookies-policy\/"]}]},{"@type":"BreadcrumbList","@id":"https:\/\/richrocketgame.com\/cookies-policy\/#breadcrumb","itemListElement":[{"@type":"ListItem","position":1,"name":"\u0413\u043b\u0430\u0432\u043d\u0430\u044f \u0441\u0442\u0440\u0430\u043d\u0438\u0446\u0430","item":"https:\/\/richrocketgame.com\/"},{"@type":"ListItem","position":2,"name":"Cookie Policy"}]},{"@type":"WebSite","@id":"https:\/\/richrocketgame.com\/#website","url":"https:\/\/richrocketgame.com\/","name":"Rich Rocket Gra","description":"","publisher":{"@id":"https:\/\/richrocketgame.com\/#organization"},"potentialAction":[{"@type":"SearchAction","target":{"@type":"EntryPoint","urlTemplate":"https:\/\/richrocketgame.com\/?s={search_term_string}"},"query-input":{"@type":"PropertyValueSpecification","valueRequired":true,"valueName":"search_term_string"}}],"inLanguage":"pl-PL"},{"@type":"Organization","@id":"https:\/\/richrocketgame.com\/#organization","name":"Rich Rocket Gra","url":"https:\/\/richrocketgame.com\/","logo":{"@type":"ImageObject","inLanguage":"pl-PL","@id":"https:\/\/richrocketgame.com\/#\/schema\/logo\/image\/","url":"https:\/\/richrocketgame.com\/wp-content\/uploads\/2022\/09\/Rich-Rocket-earning-app.png","contentUrl":"https:\/\/richrocketgame.com\/wp-content\/uploads\/2022\/09\/Rich-Rocket-earning-app.png","width":512,"height":512,"caption":"Rich Rocket Game"},"image":{"@id":"https:\/\/richrocketgame.com\/#\/schema\/logo\/image\/"}}]}},"_links":{"self":[{"href":"https:\/\/richrocketgame.com\/pl\/wp-json\/wp\/v2\/pages\/292","targetHints":{"allow":["GET"]}}],"collection":[{"href":"https:\/\/richrocketgame.com\/pl\/wp-json\/wp\/v2\/pages"}],"about":[{"href":"https:\/\/richrocketgame.com\/pl\/wp-json\/wp\/v2\/types\/page"}],"author":[{"embeddable":true,"href":"https:\/\/richrocketgame.com\/pl\/wp-json\/wp\/v2\/users\/2"}],"replies":[{"embeddable":true,"href":"https:\/\/richrocketgame.com\/pl\/wp-json\/wp\/v2\/comments?post=292"}],"version-history":[{"count":0,"href":"https:\/\/richrocketgame.com\/pl\/wp-json\/wp\/v2\/pages\/292\/revisions"}],"wp:attachment":[{"href":"https:\/\/richrocketgame.com\/pl\/wp-json\/wp\/v2\/media?parent=292"}],"curies":[{"name":"wp","href":"https:\/\/api.w.org\/{rel}","templated":true}]}}