{"id":129,"date":"2023-02-14T21:04:36","date_gmt":"2023-02-14T18:04:36","guid":{"rendered":"https:\/\/richrocketgame.com\/?page_id=129"},"modified":"2024-04-12T13:43:29","modified_gmt":"2024-04-12T10:43:29","slug":"rich-rocket-demo-game","status":"publish","type":"page","link":"https:\/\/richrocketgame.com\/pl\/rich-rocket-demo-game\/","title":{"rendered":"Rich Rocket Gra demonstracyjna"},"content":{"rendered":"<div class=\"fpm_start\"><\/div>\n<p>Rich Rocket, przyniesiona przez dostawc\u0119 oprogramowania Lucky Elephant, jest idealn\u0105 gr\u0105 slotow\u0105 dla tych, kt\u00f3rzy szukaj\u0105 ekscytuj\u0105cych i porywaj\u0105cych do\u015bwiadcze\u0144 w grze. Dzi\u0119ki wska\u017anikowi RTP 96.30% i hojnym mo\u017cliwo\u015bciom wyp\u0142at, ta wydana w 2020 roku gra sta\u0142a si\u0119 ulubion\u0105 w\u015br\u00f3d wielu indyjskich graczy, kt\u00f3rzy wybieraj\u0105 4rabet casino jako swoje \u017ar\u00f3d\u0142o rozrywki. Co czyni j\u0105 jeszcze bardziej wyj\u0105tkow\u0105, to funkcja Jackpot Safe - daj\u0105ca u\u017cytkownikom dodatkow\u0105 przewag\u0119 podczas pr\u00f3bowania szcz\u0119\u015bcia!<br \/>\n<iframe style=\"overflow: hidden; display: block; width: 100%; height: 691px; border: none; margin: 0px auto;\" src=\"https:\/\/gamicorp.com\/api\/wrapper\/MThwUE0KP5TkVgJiOHNt6ObZJJ7bAMTlteTXMFkH1lPOu9iBwHG8LyqUYzrVvu84LbtkLKbpZtchjQGqupXB8uEB9mlIRYaWkrNUgsQkzm1C23RqJgfMlZRyUPnpmjxv\" frameborder=\"0\" scrolling=\"no\" allowfullscreen=\"allowfullscreen\"><span data-mce-type=\"bookmark\" style=\"display: inline-block; width: 0px; overflow: hidden; line-height: 0;\" class=\"mce_SELRES_start\"><\/span><\/iframe><\/p>\n<div style=\"text-align: center;\"><a class=\"glow-button\" href=\"\/pl\/go\/registration\/\">Zagraj w Rich Rocket na prawdziwe pieni\u0105dze \ud83d\ude80<\/a><\/div>\n<div id=\"ez-toc-container\" class=\"ez-toc-v2_0_62 counter-hierarchy ez-toc-counter ez-toc-grey ez-toc-container-direction\">\n<div class=\"ez-toc-title-container\">\n<p class=\"ez-toc-title\" >Spis tre\u015bci<\/p>\n<span class=\"ez-toc-title-toggle\"><a href=\"#\" class=\"ez-toc-pull-right ez-toc-btn ez-toc-btn-xs ez-toc-btn-default ez-toc-toggle\" aria-label=\"Prze\u0142\u0105cz spis tre\u015bci\"><span class=\"ez-toc-js-icon-con\"><span class=\"\"><span class=\"eztoc-hide\" style=\"display:none;\">Prze\u0142\u0105cznik<\/span><span class=\"ez-toc-icon-toggle-span\"><svg style=\"fill: #999;color:#999\" xmlns=\"http:\/\/www.w3.org\/2000\/svg\" class=\"list-377408\" width=\"20px\" height=\"20px\" viewbox=\"0 0 24 24\" fill=\"none\"><path d=\"M6 6H4v2h2V6zm14 0H8v2h12V6zM4 11h2v2H4v-2zm16 0H8v2h12v-2zM4 16h2v2H4v-2zm16 0H8v2h12v-2z\" fill=\"currentColor\"><\/path><\/svg><svg style=\"fill: #999;color:#999\" class=\"arrow-unsorted-368013\" xmlns=\"http:\/\/www.w3.org\/2000\/svg\" width=\"10px\" height=\"10px\" viewbox=\"0 0 24 24\" version=\"1.2\" baseprofile=\"tiny\"><path d=\"M18.2 9.3l-6.2-6.3-6.2 6.3c-.2.2-.3.4-.3.7s.1.5.3.7c.2.2.4.3.7.3h11c.3 0 .5-.1.7-.3.2-.2.3-.5.3-.7s-.1-.5-.3-.7zM5.8 14.7l6.2 6.3 6.2-6.3c.2-.2.3-.5.3-.7s-.1-.5-.3-.7c-.2-.2-.4-.3-.7-.3h-11c-.3 0-.5.1-.7.3-.2.2-.3.5-.3.7s.1.5.3.7z\"\/><\/svg><\/span><\/span><\/span><\/a><\/span><\/div>\n<nav><ul class='ez-toc-list ez-toc-list-level-1 eztoc-toggle-hide-by-default' ><li class='ez-toc-page-1 ez-toc-heading-level-2'><a class=\"ez-toc-link ez-toc-heading-1\" href=\"https:\/\/richrocketgame.com\/pl\/rich-rocket-demo-game\/#What_you_need_to_know_about_Rich_Rocket_Demo\" title=\"Co musisz wiedzie\u0107 o Rich Rocket Demo?\">Co musisz wiedzie\u0107 o Rich Rocket Demo?<\/a><\/li><li class='ez-toc-page-1 ez-toc-heading-level-2'><a class=\"ez-toc-link ez-toc-heading-2\" href=\"https:\/\/richrocketgame.com\/pl\/rich-rocket-demo-game\/#Benefits_of_Free_Play_Rick_Rocket_Version\" title=\"Korzy\u015bci z darmowej gry Rick Rocket Version\">Korzy\u015bci z darmowej gry Rick Rocket Version<\/a><\/li><li class='ez-toc-page-1 ez-toc-heading-level-2'><a class=\"ez-toc-link ez-toc-heading-3\" href=\"https:\/\/richrocketgame.com\/pl\/rich-rocket-demo-game\/#Where_can_you_play_at_Rich_Rocket_Demo\" title=\"Gdzie mo\u017cna zagra\u0107 w Rich Rocket Demo?\">Gdzie mo\u017cna zagra\u0107 w Rich Rocket Demo?<\/a><\/li><li class='ez-toc-page-1 ez-toc-heading-level-2'><a class=\"ez-toc-link ez-toc-heading-4\" href=\"https:\/\/richrocketgame.com\/pl\/rich-rocket-demo-game\/#FAQ\" title=\"FAQ\">FAQ<\/a><ul class='ez-toc-list-level-3' ><li class='ez-toc-heading-level-3'><a class=\"ez-toc-link ez-toc-heading-5\" href=\"https:\/\/richrocketgame.com\/pl\/rich-rocket-demo-game\/#Is_Rich_Rocket_Demo_available_to_play_in_India\" title=\"Czy Rich Rocket Demo jest dost\u0119pne do gry w Indiach?\">Czy Rich Rocket Demo jest dost\u0119pne do gry w Indiach?<\/a><\/li><li class='ez-toc-page-1 ez-toc-heading-level-3'><a class=\"ez-toc-link ez-toc-heading-6\" href=\"https:\/\/richrocketgame.com\/pl\/rich-rocket-demo-game\/#Are_there_any_differences_between_the_demo_and_paid_versions_of_this_game\" title=\"Czy s\u0105 jakie\u015b r\u00f3\u017cnice mi\u0119dzy wersj\u0105 demo a p\u0142atn\u0105 tej gry?\">Czy s\u0105 jakie\u015b r\u00f3\u017cnice mi\u0119dzy wersj\u0105 demo a p\u0142atn\u0105 tej gry?<\/a><\/li><li class='ez-toc-page-1 ez-toc-heading-level-3'><a class=\"ez-toc-link ez-toc-heading-7\" href=\"https:\/\/richrocketgame.com\/pl\/rich-rocket-demo-game\/#What_are_the_benefits_of_playing_this_game_in_demo_mode\" title=\"Jakie s\u0105 korzy\u015bci z grania w t\u0119 gr\u0119 w trybie demo?\">Jakie s\u0105 korzy\u015bci z grania w t\u0119 gr\u0119 w trybie demo?<\/a><\/li><\/ul><\/li><\/ul><\/nav><\/div>\n<h2><span class=\"ez-toc-section\" id=\"What_you_need_to_know_about_Rich_Rocket_Demo\"><\/span>Co musisz wiedzie\u0107 o Rich Rocket Demo?<span class=\"ez-toc-section-end\"><\/span><\/h2>\n<p>Kiedy <a href=\"https:\/\/richrocketgame.com\/pl\/\">gra\u0107 Rich Rocket<\/a> w licencjonowanym kasynie online, mo\u017cesz spr\u00f3bowa\u0107 gry bez ryzykowania jakichkolwiek pieni\u0119dzy; to pomaga zapozna\u0107 si\u0119 ze slotem i opracowa\u0107 taktyk\u0119 i strategi\u0119. Darmowa wersja jest ca\u0142kowicie identyczna jak jej p\u0142atny odpowiednik, z t\u0105 r\u00f3\u017cnic\u0105, \u017ce podczas gry za darmo nie s\u0105 przyznawane nagrody pieni\u0119\u017cne. Dzi\u0119ki temu \u0142atwiej jest okre\u015bli\u0107, kt\u00f3re zak\u0142ady by\u0142y udane, poniewa\u017c wirtualne pieni\u0105dze b\u0119d\u0105 obracane niezale\u017cnie od tego, czy wygraj\u0105, czy nie - co pozwala graczom \u0107wiczy\u0107 swoje umiej\u0119tno\u015bci bez ryzyka!<\/p>\n<div id=\"attachment_133\" style=\"width: 994px\" class=\"wp-caption aligncenter\"><a href=\"https:\/\/richrocketgame.com\/pl\/go\/registration\/\"><img decoding=\"async\" aria-describedby=\"caption-attachment-133\" class=\"wp-image-133 size-large\" title=\"Rich Rocket Demo\" src=\"https:\/\/richrocketgame.com\/wp-content\/uploads\/2023\/02\/Rich-Rocket-Demo-1024x260.png\" alt=\"Rich Rocket Demo\" width=\"994\" height=\"252\" srcset=\"https:\/\/richrocketgame.com\/wp-content\/uploads\/2023\/02\/Rich-Rocket-Demo-1024x260.png 1024w, https:\/\/richrocketgame.com\/wp-content\/uploads\/2023\/02\/Rich-Rocket-Demo-300x76.png 300w, https:\/\/richrocketgame.com\/wp-content\/uploads\/2023\/02\/Rich-Rocket-Demo-768x195.png 768w, https:\/\/richrocketgame.com\/wp-content\/uploads\/2023\/02\/Rich-Rocket-Demo-18x5.png 18w, https:\/\/richrocketgame.com\/wp-content\/uploads\/2023\/02\/Rich-Rocket-Demo-158x40.png 158w, https:\/\/richrocketgame.com\/wp-content\/uploads\/2023\/02\/Rich-Rocket-Demo-126x32.png 126w, https:\/\/richrocketgame.com\/wp-content\/uploads\/2023\/02\/Rich-Rocket-Demo-315x80.png 315w, https:\/\/richrocketgame.com\/wp-content\/uploads\/2023\/02\/Rich-Rocket-Demo-532x135.png 532w, https:\/\/richrocketgame.com\/wp-content\/uploads\/2023\/02\/Rich-Rocket-Demo.png 1414w\" sizes=\"(max-width: 994px) 100vw, 994px\" \/><\/a><p id=\"caption-attachment-133\" class=\"wp-caption-text\">Rich Rocket Demo<\/p><\/div>\n<p>Dzi\u0119ki p\u0142atnej wersji tej gry mo\u017cesz zwi\u0119kszy\u0107 swoje szanse na sukces, obstawiaj\u0105c zak\u0142ady i wygrywaj\u0105c. Czy to na komputerze, czy poprzez pobranie gier kasynowych wprost na sw\u00f3j smartfon, masz dost\u0119p zawsze i wsz\u0119dzie!<\/p>\n<div style=\"text-align: center;\"><a class=\"glow-button\" href=\"\/pl\/go\/registration\/\">Zagraj w gr\u0119 Rich Rocket \ud83d\ude80<\/a><\/div>\n<h2><span class=\"ez-toc-section\" id=\"Benefits_of_Free_Play_Rick_Rocket_Version\"><\/span>Korzy\u015bci z darmowej gry Rick Rocket Version<span class=\"ez-toc-section-end\"><\/span><\/h2>\n<p>Darmowe demo Rich Rocket sprawia, \u017ce jest to \u015bwietny spos\u00f3b dla nowych i do\u015bwiadczonych graczy, aby \u0107wiczy\u0107 swoje umiej\u0119tno\u015bci gry. Bez ryzyka utraty pieni\u0119dzy, gracze mog\u0105 wypr\u00f3bowa\u0107 r\u00f3\u017cne strategie, kt\u00f3re mog\u0105 by\u0107 korzystne podczas gry z prawdziw\u0105 got\u00f3wk\u0105. Ponadto, ta wersja gry pozwala u\u017cytkownikom pozna\u0107 wszystkie funkcje i bonusy zawarte w Rich Rocket bez konieczno\u015bci wydawania jakichkolwiek pieni\u0119dzy. Pomaga to graczom sta\u0107 si\u0119 dobrze poinformowanymi i bez w\u0105tpienia zwi\u0119kszy ich szanse na sukces podczas gry z prawdziwymi stawkami.<\/p>\n<div id=\"attachment_134\" style=\"width: 780px\" class=\"wp-caption aligncenter\"><a href=\"https:\/\/richrocketgame.com\/pl\/go\/registration\/\"><img decoding=\"async\" aria-describedby=\"caption-attachment-134\" class=\"wp-image-134\" title=\"Rich Rocket Free Play\" src=\"https:\/\/richrocketgame.com\/wp-content\/uploads\/2023\/02\/Rich-Rocket-Free-Play.png\" alt=\"Rich Rocket Free Play\" width=\"780\" height=\"525\" srcset=\"https:\/\/richrocketgame.com\/wp-content\/uploads\/2023\/02\/Rich-Rocket-Free-Play.png 826w, https:\/\/richrocketgame.com\/wp-content\/uploads\/2023\/02\/Rich-Rocket-Free-Play-300x202.png 300w, https:\/\/richrocketgame.com\/wp-content\/uploads\/2023\/02\/Rich-Rocket-Free-Play-768x517.png 768w, https:\/\/richrocketgame.com\/wp-content\/uploads\/2023\/02\/Rich-Rocket-Free-Play-18x12.png 18w, https:\/\/richrocketgame.com\/wp-content\/uploads\/2023\/02\/Rich-Rocket-Free-Play-59x40.png 59w, https:\/\/richrocketgame.com\/wp-content\/uploads\/2023\/02\/Rich-Rocket-Free-Play-48x32.png 48w, https:\/\/richrocketgame.com\/wp-content\/uploads\/2023\/02\/Rich-Rocket-Free-Play-119x80.png 119w, https:\/\/richrocketgame.com\/wp-content\/uploads\/2023\/02\/Rich-Rocket-Free-Play-201x135.png 201w\" sizes=\"(max-width: 780px) 100vw, 780px\" \/><\/a><p id=\"caption-attachment-134\" class=\"wp-caption-text\">Rich Rocket Free Play<\/p><\/div>\n<p>Dodatkowo, jak wspomniano wcze\u015bniej, zawsze m\u0105drze jest spr\u00f3bowa\u0107 gry w kasynie przed zainwestowaniem swoich ci\u0119\u017cko zarobionych pieni\u0119dzy - a wersja demonstracyjna Rich Rocket pozwala graczom to zrobi\u0107. A kiedy poczuj\u0105 si\u0119 gotowi, mog\u0105 od razu przej\u015b\u0107 do p\u0142atnej wersji i zacz\u0105\u0107 gra\u0107 na powa\u017cnie!<\/p>\n<div style=\"text-align: center;\"><a class=\"glow-button\" href=\"\/pl\/go\/registration\/\">\ud83d\ude80 Zagraj w Rich Rocket<\/a><\/div>\n<h2><span class=\"ez-toc-section\" id=\"Where_can_you_play_at_Rich_Rocket_Demo\"><\/span>Gdzie mo\u017cna zagra\u0107 w Rich Rocket Demo?<span class=\"ez-toc-section-end\"><\/span><\/h2>\n<p><a href=\"https:\/\/richrocketgame.com\/pl\/play-rich-rocket-parimatch-casino\/\">Parimatch<\/a> oraz <a href=\"https:\/\/richrocketgame.com\/pl\/play-rich-rocket-4rabet-casino\/\">4rabet Casino<\/a> to dwa z najbardziej popularnych kasyn online w Indiach, oferuj\u0105ce szeroki zakres do\u015bwiadcze\u0144 w grze. W obu kasynach dost\u0119pna jest wersja demonstracyjna Rich Rocket, dzi\u0119ki kt\u00f3rej gracze mog\u0105 do\u015bwiadczy\u0107 tej ekscytuj\u0105cej gry bez \u017cadnego ryzyka. Dzi\u0119ki wersji demo, u\u017cytkownicy mog\u0105 wypr\u00f3bowa\u0107 r\u00f3\u017cne strategie i taktyki, zanim zdecyduj\u0105, czy chc\u0105 zacz\u0105\u0107 gra\u0107 na prawdziwe pieni\u0105dze.<\/p><script data-noptimize=\"\" data-wpfc-render=\"false\">\n\/* <![CDATA[ *\/\nfpm_start( \"true\" );\n\/* ]]> *\/\n<\/script>\n\n<div style=\"text-align: center;\"><a class=\"glow-button\" href=\"\/pl\/go\/registration\/\">Zagraj w Rich Rocket na prawdziwe pieni\u0105dze \ud83d\udcb0<\/a><\/div>\n<h2><span class=\"ez-toc-section\" id=\"FAQ\"><\/span>FAQ<span class=\"ez-toc-section-end\"><\/span><\/h2>\n        <section class=\"sc_fs_faq sc_card\">\n            <div>\n\t\t\t\t<h3><span class=\"ez-toc-section\" id=\"Is_Rich_Rocket_Demo_available_to_play_in_India\"><\/span>Czy Rich Rocket Demo jest dost\u0119pne do gry w Indiach?<span class=\"ez-toc-section-end\"><\/span><\/h3>                <div>\n\t\t\t\t\t                    <p>\n\t\t\t\t\t\tTak, zar\u00f3wno Parimatch jak i 4rabet Casino oferuj\u0105 swoim graczom wersj\u0119 demonstracyjn\u0105 Rich Rocket. Dzi\u0119ki temu u\u017cytkownicy mog\u0105 \u0107wiczy\u0107 sw\u00f3j zestaw umiej\u0119tno\u015bci bez ryzyka utraty pieni\u0119dzy.                    <\/p>\n                <\/div>\n            <\/div>\n        <\/section>\n\t\t        <section class=\"sc_fs_faq sc_card\">\n            <div>\n\t\t\t\t<h3><span class=\"ez-toc-section\" id=\"Are_there_any_differences_between_the_demo_and_paid_versions_of_this_game\"><\/span>Czy s\u0105 jakie\u015b r\u00f3\u017cnice mi\u0119dzy wersj\u0105 demo a p\u0142atn\u0105 tej gry?<span class=\"ez-toc-section-end\"><\/span><\/h3>                <div>\n\t\t\t\t\t                    <p>\n\t\t\t\t\t\tWersja demo gry Rich Rocket jest ca\u0142kowicie identyczna z jej p\u0142atnym odpowiednikiem, z t\u0105 r\u00f3\u017cnic\u0105, \u017ce podczas gry za darmo nie s\u0105 przyznawane nagrody pieni\u0119\u017cne. Dzi\u0119ki temu gracze mog\u0105 \u0107wiczy\u0107 swoje umiej\u0119tno\u015bci gry bez ryzyka finansowego.                    <\/p>\n                <\/div>\n            <\/div>\n        <\/section>\n\t\t        <section class=\"sc_fs_faq sc_card\">\n            <div>\n\t\t\t\t<h3><span class=\"ez-toc-section\" id=\"What_are_the_benefits_of_playing_this_game_in_demo_mode\"><\/span>Jakie s\u0105 korzy\u015bci z grania w t\u0119 gr\u0119 w trybie demo?<span class=\"ez-toc-section-end\"><\/span><\/h3>                <div>\n\t\t\t\t\t                    <p>\n\t\t\t\t\t\tGranie w Rich Rocket Demo pomaga u\u017cytkownikom \u0107wiczy\u0107 swoje umiej\u0119tno\u015bci gry i zapozna\u0107 si\u0119 z gr\u0105. Daje im r\u00f3wnie\u017c mo\u017cliwo\u015b\u0107 poznania wszystkich funkcji i bonus\u00f3w zawartych w Rich Rocket bez konieczno\u015bci wydawania jakichkolwiek pieni\u0119dzy.                    <\/p>\n                <\/div>\n            <\/div>\n        <\/section>\n\t\t\n<script type=\"application\/ld+json\">{\n    \"@context\": \"https:\\\/\\\/schema.org\",\n    \"@type\": \"FAQPage\",\n    \"mainEntity\": [\n        {\n            \"@type\": \"Question\",\n            \"name\": \"Is Rich Rocket Demo available to play in India?\",\n            \"acceptedAnswer\": {\n                \"@type\": \"Answer\",\n                \"text\": \"Yes, both Parimatch and 4rabet Casino offer the Rich Rocket Demo version to their players. This way, users can practice their skillset without risk of losing money.\"\n            }\n        },\n        {\n            \"@type\": \"Question\",\n            \"name\": \"Are there any differences between the demo and paid versions of this game?\",\n            \"acceptedAnswer\": {\n                \"@type\": \"Answer\",\n                \"text\": \"The demo version of Rich Rocket is completely identical to its paid counterpart, except that when playing for free there are no cash prizes awarded. This allows players to practice their gaming skills without any financial risk.\"\n            }\n        },\n        {\n            \"@type\": \"Question\",\n            \"name\": \"What are the benefits of playing this game in demo mode?\",\n            \"acceptedAnswer\": {\n                \"@type\": \"Answer\",\n                \"text\": \"Playing the Rich Rocket Demo helps users to practice their gaming skills and familiarize themselves with the game. It also gives them an opportunity to explore all the features and bonuses included in Rich Rocket without having to spend any money.\"\n            }\n        }\n    ]\n}<\/script>\n\n<div class=\"fpm_end\"><\/div>\n<div class=\"author-card author-card--top\"><img alt='Zdj\u0119cie awatara' src='https:\/\/richrocketgame.com\/wp-content\/uploads\/2023\/03\/Paulo-Dornelas-130x130.jpg' srcset='https:\/\/richrocketgame.com\/wp-content\/uploads\/2023\/03\/Paulo-Dornelas-260x260.jpg 2x' class='avatar avatar-130 photo author-image' height='130' width='130' \/><div class=\"author-content text-md-center\"><span class=\"author-title\">Autor<\/span><a href=\"https:\/\/richrocketgame.com\/pl\/author\/paulo-dornelas\/\" class=\"author-name\">Paulo Dornelas<\/a><p class=\"author__details\">Paulo Dornelas jest ekspertem w dziedzinie hazardu, kt\u00f3ry po\u015bwi\u0119ci\u0142 swoje \u017cycie na zrozumienie tej bran\u017cy i pomaganie innym w zarabianiu na niej pieni\u0119dzy. Jest r\u00f3wnie\u017c zapalonym podr\u00f3\u017cnikiem i uwielbia odkrywa\u0107 nowe miejsca. Wiedza Paulo na temat hazardu i jego pasja do podr\u00f3\u017cy sprawiaj\u0105, \u017ce jest on idealnym przewodnikiem dla ka\u017cdego, kto szuka powa\u017cnych zysk\u00f3w z zak\u0142ad\u00f3w sportowych lub gry w kasynie.<\/p><\/div><!-- \/.author-content --><\/div>","protected":false},"excerpt":{"rendered":"<p>Rich Rocket, dostarczony przez dostawc\u0119 oprogramowania Lucky Elephant, to idealna gra slotowa dla tych, kt\u00f3rzy szukaj\u0105 ekscytuj\u0105cych i ekscytuj\u0105cych wra\u017ce\u0144 z gry. Dzi\u0119ki stawce RTP 96.30% i hojnym potencja\u0142om wyp\u0142at, ta wersja 2020 sta\u0142a si\u0119 ulubie\u0144cem wielu indyjskich graczy, kt\u00f3rzy wybieraj\u0105 kasyno 4rabet jako g\u0142\u00f3wne \u017ar\u00f3d\u0142o rozrywki. [\u2026]<\/p>","protected":false},"author":2,"featured_media":0,"parent":0,"menu_order":0,"comment_status":"closed","ping_status":"closed","template":"page-no-sidebar.php","meta":{"footnotes":""},"class_list":["post-129","page","type-page","status-publish","hentry"],"yoast_head":"<!-- This site is optimized with the Yoast SEO plugin v26.7 - https:\/\/yoast.com\/wordpress\/plugins\/seo\/ -->\n<title>Rich Rocket Demo Game - Play | Rocket Game Free to Play<\/title>\n<meta name=\"description\" content=\"How to Play in Rich Rocket Game and Where to Find Rocket Game Demo? Best online casinos where you can play Rich Rocket for free or on real money.\" \/>\n<meta name=\"robots\" content=\"index, follow, max-snippet:-1, max-image-preview:large, max-video-preview:-1\" \/>\n<link rel=\"canonical\" href=\"https:\/\/richrocketgame.com\/pl\/rich-rocket-demo-game\/\" \/>\n<meta property=\"og:locale\" content=\"pl_PL\" \/>\n<meta property=\"og:type\" content=\"article\" \/>\n<meta property=\"og:title\" content=\"Rich Rocket Demo Game - Play | Rocket Game Free to Play\" \/>\n<meta property=\"og:description\" content=\"How to Play in Rich Rocket Game and Where to Find Rocket Game Demo? Best online casinos where you can play Rich Rocket for free or on real money.\" \/>\n<meta property=\"og:url\" content=\"https:\/\/richrocketgame.com\/pl\/rich-rocket-demo-game\/\" \/>\n<meta property=\"og:site_name\" content=\"Rich Rocket Game\" \/>\n<meta property=\"article:modified_time\" content=\"2024-04-12T10:43:29+00:00\" \/>\n<meta property=\"og:image\" content=\"https:\/\/richrocketgame.com\/wp-content\/uploads\/2023\/02\/Rich-Rocket-Demo-1024x260.png\" \/>\n<meta name=\"twitter:card\" content=\"summary_large_image\" \/>\n<meta name=\"twitter:label1\" content=\"Szacowany czas czytania\" \/>\n\t<meta name=\"twitter:data1\" content=\"4 minuty\" \/>\n<!-- \/ Yoast SEO plugin. -->","yoast_head_json":{"title":"Rich Rocket Demo Game - Zagraj w | Rocket Game Free to Play","description":"Jak gra\u0107 w Rich Rocket i gdzie znale\u017a\u0107 demo gry Rocket? Najlepsze kasyna online, w kt\u00f3rych mo\u017cesz zagra\u0107 w Rich Rocket za darmo lub na prawdziwe pieni\u0105dze.","robots":{"index":"index","follow":"follow","max-snippet":"max-snippet:-1","max-image-preview":"max-image-preview:large","max-video-preview":"max-video-preview:-1"},"canonical":"https:\/\/richrocketgame.com\/pl\/rich-rocket-demo-game\/","og_locale":"pl_PL","og_type":"article","og_title":"Rich Rocket Demo Game - Play | Rocket Game Free to Play","og_description":"How to Play in Rich Rocket Game and Where to Find Rocket Game Demo? Best online casinos where you can play Rich Rocket for free or on real money.","og_url":"https:\/\/richrocketgame.com\/pl\/rich-rocket-demo-game\/","og_site_name":"Rich Rocket Game","article_modified_time":"2024-04-12T10:43:29+00:00","og_image":[{"url":"https:\/\/richrocketgame.com\/wp-content\/uploads\/2023\/02\/Rich-Rocket-Demo-1024x260.png","type":"","width":"","height":""}],"twitter_card":"summary_large_image","twitter_misc":{"Szacowany czas czytania":"4 minuty"},"schema":{"@context":"https:\/\/schema.org","@graph":[{"@type":"WebPage","@id":"https:\/\/richrocketgame.com\/rich-rocket-demo-game\/","url":"https:\/\/richrocketgame.com\/rich-rocket-demo-game\/","name":"Rich Rocket Demo Game - Zagraj w | Rocket Game Free to Play","isPartOf":{"@id":"https:\/\/richrocketgame.com\/#website"},"primaryImageOfPage":{"@id":"https:\/\/richrocketgame.com\/rich-rocket-demo-game\/#primaryimage"},"image":{"@id":"https:\/\/richrocketgame.com\/rich-rocket-demo-game\/#primaryimage"},"thumbnailUrl":"https:\/\/richrocketgame.com\/wp-content\/uploads\/2023\/02\/Rich-Rocket-Demo-1024x260.png","datePublished":"2023-02-14T18:04:36+00:00","dateModified":"2024-04-12T10:43:29+00:00","description":"Jak gra\u0107 w Rich Rocket i gdzie znale\u017a\u0107 demo gry Rocket? Najlepsze kasyna online, w kt\u00f3rych mo\u017cesz zagra\u0107 w Rich Rocket za darmo lub na prawdziwe pieni\u0105dze.","breadcrumb":{"@id":"https:\/\/richrocketgame.com\/rich-rocket-demo-game\/#breadcrumb"},"inLanguage":"pl-PL","potentialAction":[{"@type":"ReadAction","target":["https:\/\/richrocketgame.com\/rich-rocket-demo-game\/"]}]},{"@type":"ImageObject","inLanguage":"pl-PL","@id":"https:\/\/richrocketgame.com\/rich-rocket-demo-game\/#primaryimage","url":"https:\/\/richrocketgame.com\/wp-content\/uploads\/2023\/02\/Rich-Rocket-Demo-1024x260.png","contentUrl":"https:\/\/richrocketgame.com\/wp-content\/uploads\/2023\/02\/Rich-Rocket-Demo-1024x260.png"},{"@type":"BreadcrumbList","@id":"https:\/\/richrocketgame.com\/rich-rocket-demo-game\/#breadcrumb","itemListElement":[{"@type":"ListItem","position":1,"name":"\u0413\u043b\u0430\u0432\u043d\u0430\u044f \u0441\u0442\u0440\u0430\u043d\u0438\u0446\u0430","item":"https:\/\/richrocketgame.com\/"},{"@type":"ListItem","position":2,"name":"Rich Rocket Demo Game"}]},{"@type":"WebSite","@id":"https:\/\/richrocketgame.com\/#website","url":"https:\/\/richrocketgame.com\/","name":"Rich Rocket Gra","description":"","publisher":{"@id":"https:\/\/richrocketgame.com\/#organization"},"potentialAction":[{"@type":"SearchAction","target":{"@type":"EntryPoint","urlTemplate":"https:\/\/richrocketgame.com\/?s={search_term_string}"},"query-input":{"@type":"PropertyValueSpecification","valueRequired":true,"valueName":"search_term_string"}}],"inLanguage":"pl-PL"},{"@type":"Organization","@id":"https:\/\/richrocketgame.com\/#organization","name":"Rich Rocket Gra","url":"https:\/\/richrocketgame.com\/","logo":{"@type":"ImageObject","inLanguage":"pl-PL","@id":"https:\/\/richrocketgame.com\/#\/schema\/logo\/image\/","url":"https:\/\/richrocketgame.com\/wp-content\/uploads\/2022\/09\/Rich-Rocket-earning-app.png","contentUrl":"https:\/\/richrocketgame.com\/wp-content\/uploads\/2022\/09\/Rich-Rocket-earning-app.png","width":512,"height":512,"caption":"Rich Rocket Game"},"image":{"@id":"https:\/\/richrocketgame.com\/#\/schema\/logo\/image\/"}}]}},"_links":{"self":[{"href":"https:\/\/richrocketgame.com\/pl\/wp-json\/wp\/v2\/pages\/129","targetHints":{"allow":["GET"]}}],"collection":[{"href":"https:\/\/richrocketgame.com\/pl\/wp-json\/wp\/v2\/pages"}],"about":[{"href":"https:\/\/richrocketgame.com\/pl\/wp-json\/wp\/v2\/types\/page"}],"author":[{"embeddable":true,"href":"https:\/\/richrocketgame.com\/pl\/wp-json\/wp\/v2\/users\/2"}],"replies":[{"embeddable":true,"href":"https:\/\/richrocketgame.com\/pl\/wp-json\/wp\/v2\/comments?post=129"}],"version-history":[{"count":0,"href":"https:\/\/richrocketgame.com\/pl\/wp-json\/wp\/v2\/pages\/129\/revisions"}],"wp:attachment":[{"href":"https:\/\/richrocketgame.com\/pl\/wp-json\/wp\/v2\/media?parent=129"}],"curies":[{"name":"wp","href":"https:\/\/api.w.org\/{rel}","templated":true}]}}