{"id":1135,"date":"2025-02-12T14:08:53","date_gmt":"2025-02-12T11:08:53","guid":{"rendered":"https:\/\/richrocketgame.com\/?page_id=1135"},"modified":"2025-08-01T11:22:18","modified_gmt":"2025-08-01T08:22:18","slug":"all-star-fruits","status":"publish","type":"page","link":"https:\/\/richrocketgame.com\/pl\/all-star-fruits\/","title":{"rendered":"Automat demonstracyjny All-Star Fruits"},"content":{"rendered":"<div class=\"fpm_start\"><\/div>\n<p>BGaming og\u0142osi\u0142o nowy slot o tematyce owocowej, All-Star Fruits. Gra obiecuje by\u0107 wizualnie jasna i \u0142atwa do nauczenia. Dwie funkcje bonusowe powinny znacznie zwi\u0119kszy\u0107 RTP i zwi\u0119kszy\u0107 \u015brednie wygrane.<\/p>\n<div style=\"text-align: center;\"><a class=\"glow-button\" href=\"\/pl\/go\/registration\/\" rel=\"noreferrer noopener nofollow\">Graj w kasynie<\/a><\/div>\n<table>\n<tbody>\n<tr>\n<td>Data wydania<\/td>\n<td>18.02.2025<\/td>\n<\/tr>\n<tr>\n<td>Ko\u0142owrotki<\/td>\n<td>5<\/td>\n<\/tr>\n<tr>\n<td>Rz\u0119dy<\/td>\n<td>3<\/td>\n<\/tr>\n<tr>\n<td>RTP<\/td>\n<td>97,04%<\/td>\n<\/tr>\n<tr>\n<td>Zmienno\u015b\u0107<\/td>\n<td>\u015arednia (3 z 5)<\/td>\n<\/tr>\n<tr>\n<td>Zwyci\u0119skie linie<\/td>\n<td>243<\/td>\n<\/tr>\n<tr>\n<td>Maksymalne wygrane<\/td>\n<td>\u04451500<\/td>\n<\/tr>\n<\/tbody>\n<\/table>\n<div id=\"ez-toc-container\" class=\"ez-toc-v2_0_62 counter-hierarchy ez-toc-counter ez-toc-grey ez-toc-container-direction\">\n<div class=\"ez-toc-title-container\">\n<p class=\"ez-toc-title\" >Spis tre\u015bci<\/p>\n<span class=\"ez-toc-title-toggle\"><a href=\"#\" class=\"ez-toc-pull-right ez-toc-btn ez-toc-btn-xs ez-toc-btn-default ez-toc-toggle\" aria-label=\"Prze\u0142\u0105cz spis tre\u015bci\"><span class=\"ez-toc-js-icon-con\"><span class=\"\"><span class=\"eztoc-hide\" style=\"display:none;\">Prze\u0142\u0105cznik<\/span><span class=\"ez-toc-icon-toggle-span\"><svg style=\"fill: #999;color:#999\" xmlns=\"http:\/\/www.w3.org\/2000\/svg\" class=\"list-377408\" width=\"20px\" height=\"20px\" viewbox=\"0 0 24 24\" fill=\"none\"><path d=\"M6 6H4v2h2V6zm14 0H8v2h12V6zM4 11h2v2H4v-2zm16 0H8v2h12v-2zM4 16h2v2H4v-2zm16 0H8v2h12v-2z\" fill=\"currentColor\"><\/path><\/svg><svg style=\"fill: #999;color:#999\" class=\"arrow-unsorted-368013\" xmlns=\"http:\/\/www.w3.org\/2000\/svg\" width=\"10px\" height=\"10px\" viewbox=\"0 0 24 24\" version=\"1.2\" baseprofile=\"tiny\"><path d=\"M18.2 9.3l-6.2-6.3-6.2 6.3c-.2.2-.3.4-.3.7s.1.5.3.7c.2.2.4.3.7.3h11c.3 0 .5-.1.7-.3.2-.2.3-.5.3-.7s-.1-.5-.3-.7zM5.8 14.7l6.2 6.3 6.2-6.3c.2-.2.3-.5.3-.7s-.1-.5-.3-.7c-.2-.2-.4-.3-.7-.3h-11c-.3 0-.5.1-.7.3-.2.2-.3.5-.3.7s.1.5.3.7z\"\/><\/svg><\/span><\/span><\/span><\/a><\/span><\/div>\n<nav><ul class='ez-toc-list ez-toc-list-level-1 eztoc-toggle-hide-by-default' ><li class='ez-toc-page-1 ez-toc-heading-level-2'><a class=\"ez-toc-link ez-toc-heading-1\" href=\"https:\/\/richrocketgame.com\/pl\/all-star-fruits\/#What_We_Know_About_All-Star_Fruits_Slot\" title=\"Co wiemy o automacie All-Star Fruits\">Co wiemy o automacie All-Star Fruits<\/a><ul class='ez-toc-list-level-3' ><li class='ez-toc-heading-level-3'><a class=\"ez-toc-link ez-toc-heading-2\" href=\"https:\/\/richrocketgame.com\/pl\/all-star-fruits\/#Bonus_Features_of_the_Game\" title=\"Dodatkowe funkcje gry\">Dodatkowe funkcje gry<\/a><\/li><\/ul><\/li><li class='ez-toc-page-1 ez-toc-heading-level-2'><a class=\"ez-toc-link ez-toc-heading-3\" href=\"https:\/\/richrocketgame.com\/pl\/all-star-fruits\/#Why_You_Should_Play_All-Star_Fruits\" title=\"Dlaczego warto gra\u0107 w All-Star Fruits\">Dlaczego warto gra\u0107 w All-Star Fruits<\/a><\/li><li class='ez-toc-page-1 ez-toc-heading-level-2'><a class=\"ez-toc-link ez-toc-heading-4\" href=\"https:\/\/richrocketgame.com\/pl\/all-star-fruits\/#FAQ\" title=\"FAQ\">FAQ<\/a><ul class='ez-toc-list-level-3' ><li class='ez-toc-heading-level-3'><a class=\"ez-toc-link ez-toc-heading-5\" href=\"https:\/\/richrocketgame.com\/pl\/all-star-fruits\/#Will_it_be_possible_to_play_All-Star_Fruits_for_free\" title=\"Czy b\u0119dzie mo\u017cna gra\u0107 w All-Star Fruits za darmo?\">Czy b\u0119dzie mo\u017cna gra\u0107 w All-Star Fruits za darmo?<\/a><\/li><li class='ez-toc-page-1 ez-toc-heading-level-3'><a class=\"ez-toc-link ez-toc-heading-6\" href=\"https:\/\/richrocketgame.com\/pl\/all-star-fruits\/#Will_the_slot_be_optimized_for_mobile_devices\" title=\"Czy slot b\u0119dzie zoptymalizowany pod k\u0105tem urz\u0105dze\u0144 mobilnych?\">Czy slot b\u0119dzie zoptymalizowany pod k\u0105tem urz\u0105dze\u0144 mobilnych?<\/a><\/li><li class='ez-toc-page-1 ez-toc-heading-level-3'><a class=\"ez-toc-link ez-toc-heading-7\" href=\"https:\/\/richrocketgame.com\/pl\/all-star-fruits\/#Where_can_I_play_All-Star_Fruits_Slot_for_real_money\" title=\"Gdzie mog\u0119 zagra\u0107 w slot All-Star Fruits na prawdziwe pieni\u0105dze?\">Gdzie mog\u0119 zagra\u0107 w slot All-Star Fruits na prawdziwe pieni\u0105dze?<\/a><\/li><\/ul><\/li><\/ul><\/nav><\/div>\n<h2><span class=\"ez-toc-section\" id=\"What_We_Know_About_All-Star_Fruits_Slot\"><\/span>Co wiemy o automacie All-Star Fruits<span class=\"ez-toc-section-end\"><\/span><\/h2>\n<p>All-Star Fruits od BGaming jest zaprojektowany w stylu klasycznych slot\u00f3w owocowych. Gra ma standardow\u0105 struktur\u0119 5\u00d73 i oferuje znajomy zestaw symboli: cytryna, wi\u015bnia, arbuz winogrono, BAR i dzwonek. Gwiazda pe\u0142ni funkcj\u0119 scatter. Wypadni\u0119cie 3, 4 lub 5 z tych symboli daje odpowiednio 10, 15 lub 25 darmowych spin\u00f3w.<\/p>\n<p>Ko\u0142o nad g\u0142\u00f3wnym polem gry ma dwie funkcje. Zwyk\u0142a gra pokazuje liczb\u0119 symboli scatter, a gra bonusowa stosuje mno\u017cnik do wygranych.<\/p>\n<p>Maksymalne wygrane s\u0105 dobrym powodem, aby gra\u0107 w All-Star Fruits. Dostawca powiedzia\u0142, \u017ce gracze mog\u0105 otrzyma\u0107 do $255,000 za udane losowanie. W testach zwyci\u0119skie kombinacje wypada\u0142y \u015brednio raz na sze\u015b\u0107 spin\u00f3w.<\/p>\n<p><a href=\"https:\/\/richrocketgame.com\/pl\/go\/registration\/\" target=\"_blank\" rel=\"noreferrer noopener nofollow\"><img decoding=\"async\" class=\"wp-image-1142 aligncenter\" src=\"https:\/\/richrocketgame.com\/wp-content\/uploads\/2025\/02\/all-star-fruits-slot.jpg\" alt=\"Automat All-Star Fruits od BGaming.\" width=\"309\" height=\"360\" srcset=\"https:\/\/richrocketgame.com\/wp-content\/uploads\/2025\/02\/all-star-fruits-slot.jpg 519w, https:\/\/richrocketgame.com\/wp-content\/uploads\/2025\/02\/all-star-fruits-slot-258x300.jpg 258w, https:\/\/richrocketgame.com\/wp-content\/uploads\/2025\/02\/all-star-fruits-slot-10x12.jpg 10w, https:\/\/richrocketgame.com\/wp-content\/uploads\/2025\/02\/all-star-fruits-slot-34x40.jpg 34w, https:\/\/richrocketgame.com\/wp-content\/uploads\/2025\/02\/all-star-fruits-slot-27x32.jpg 27w, https:\/\/richrocketgame.com\/wp-content\/uploads\/2025\/02\/all-star-fruits-slot-69x80.jpg 69w, https:\/\/richrocketgame.com\/wp-content\/uploads\/2025\/02\/all-star-fruits-slot-116x135.jpg 116w\" sizes=\"(max-width: 309px) 100vw, 309px\" \/><\/a><\/p>\n<h3><span class=\"ez-toc-section\" id=\"Bonus_Features_of_the_Game\"><\/span>Dodatkowe funkcje gry<span class=\"ez-toc-section-end\"><\/span><\/h3>\n<p>Losowe mno\u017cniki s\u0105 stosowane do ka\u017cdej wygranej podczas darmowych spin\u00f3w: x1, x2, x3, x5 lub x10. Ten bonus znacznie zwi\u0119ksza wielko\u015b\u0107 wyp\u0142at.<\/p>\n<p>Gracze, kt\u00f3rzy nie chc\u0105 czeka\u0107 na wypadni\u0119cie kombinacji scatter\u00f3w, mog\u0105 skorzysta\u0107 z funkcji Bonus Buy. Za x75 lub x150 zak\u0142adu mo\u017cesz wybra\u0107 jeden z dw\u00f3ch tryb\u00f3w z r\u00f3\u017cnymi mno\u017cnikami.<\/p>\n<div style=\"text-align: center;\"><a class=\"glow-button\" href=\"\/pl\/go\/registration\/\" rel=\"noreferrer noopener nofollow\">Wypr\u00f3buj slot All-Star Fruits<\/a><\/div>\n<h2><span class=\"ez-toc-section\" id=\"Why_You_Should_Play_All-Star_Fruits\"><\/span>Dlaczego warto gra\u0107 w All-Star Fruits<span class=\"ez-toc-section-end\"><\/span><\/h2>\n<p>Automat All-Star Fruits przyci\u0105ga uwag\u0119 nast\u0119puj\u0105cymi zaletami:<\/p>\n<ul>\n<li>Automat do gry w stylu owocowym z niezwyk\u0142\u0105, jasn\u0105 grafik\u0105.<\/li>\n<li>Proste, ale bardzo lukratywne funkcje bonusowe.<\/li>\n<li>Du\u017ce potencjalne wygrane.<\/li>\n<li>Wysoki RTP.<\/li>\n<\/ul>\n<p>Zanurz si\u0119 w \u015bwiecie soczystych owoc\u00f3w i du\u017cych mno\u017cnik\u00f3w 18 lutego 2025 r. Nasza strona internetowa zapewni szczeg\u00f3\u0142ow\u0105 recenzj\u0119 i demo All-Star Fruits.<\/p><script data-noptimize=\"\" data-wpfc-render=\"false\">\n\/* <![CDATA[ *\/\nfpm_start( \"true\" );\n\/* ]]> *\/\n<\/script>\n\n<p><a href=\"https:\/\/richrocketgame.com\/pl\/go\/registration\/\" target=\"_blank\" rel=\"noreferrer noopener nofollow\"><img decoding=\"async\" class=\"aligncenter wp-image-1149 size-full\" src=\"https:\/\/richrocketgame.com\/wp-content\/uploads\/2025\/02\/all-star-fruits-casino-game.jpg\" alt=\"Gra kasynowa All-Star Fruits.\" width=\"994\" height=\"610\" srcset=\"https:\/\/richrocketgame.com\/wp-content\/uploads\/2025\/02\/all-star-fruits-casino-game.jpg 994w, https:\/\/richrocketgame.com\/wp-content\/uploads\/2025\/02\/all-star-fruits-casino-game-300x184.jpg 300w, https:\/\/richrocketgame.com\/wp-content\/uploads\/2025\/02\/all-star-fruits-casino-game-768x471.jpg 768w, https:\/\/richrocketgame.com\/wp-content\/uploads\/2025\/02\/all-star-fruits-casino-game-18x12.jpg 18w, https:\/\/richrocketgame.com\/wp-content\/uploads\/2025\/02\/all-star-fruits-casino-game-65x40.jpg 65w, https:\/\/richrocketgame.com\/wp-content\/uploads\/2025\/02\/all-star-fruits-casino-game-52x32.jpg 52w, https:\/\/richrocketgame.com\/wp-content\/uploads\/2025\/02\/all-star-fruits-casino-game-130x80.jpg 130w, https:\/\/richrocketgame.com\/wp-content\/uploads\/2025\/02\/all-star-fruits-casino-game-220x135.jpg 220w\" sizes=\"(max-width: 994px) 100vw, 994px\" \/><\/a><\/p>\n<h2><span class=\"ez-toc-section\" id=\"FAQ\"><\/span>FAQ<span class=\"ez-toc-section-end\"><\/span><\/h2>\n        <section class=\"sc_fs_faq sc_card\">\n            <div>\n\t\t\t\t<h3><span class=\"ez-toc-section\" id=\"Will_it_be_possible_to_play_All-Star_Fruits_for_free\"><\/span>Czy b\u0119dzie mo\u017cna gra\u0107 w All-Star Fruits za darmo?<span class=\"ez-toc-section-end\"><\/span><\/h3>                <div>\n\t\t\t\t\t                    <p>\n\t\t\t\t\t\tTak, demo All-Star Fruits ma by\u0107 dost\u0119pne w wi\u0119kszo\u015bci du\u017cych kasyn. Ponadto slot b\u0119dzie dost\u0119pny do gry bez depozytu na oficjalnej stronie BGaming.                    <\/p>\n                <\/div>\n            <\/div>\n        <\/section>\n\t\t        <section class=\"sc_fs_faq sc_card\">\n            <div>\n\t\t\t\t<h3><span class=\"ez-toc-section\" id=\"Will_the_slot_be_optimized_for_mobile_devices\"><\/span>Czy slot b\u0119dzie zoptymalizowany pod k\u0105tem urz\u0105dze\u0144 mobilnych?<span class=\"ez-toc-section-end\"><\/span><\/h3>                <div>\n\t\t\t\t\t                    <p>\n\t\t\t\t\t\tTak, wersja mobilna All-Star Fruits zostanie wydana w tym samym czasie co wersja na komputery stacjonarne. Mo\u017cesz gra\u0107 na smartfonach i tabletach z Androidem i iOS bez pobierania oprogramowania.                    <\/p>\n                <\/div>\n            <\/div>\n        <\/section>\n\t\t        <section class=\"sc_fs_faq sc_card\">\n            <div>\n\t\t\t\t<h3><span class=\"ez-toc-section\" id=\"Where_can_I_play_All-Star_Fruits_Slot_for_real_money\"><\/span>Gdzie mog\u0119 zagra\u0107 w slot All-Star Fruits na prawdziwe pieni\u0105dze?<span class=\"ez-toc-section-end\"><\/span><\/h3>                <div>\n\t\t\t\t\t                    <p>\n\t\t\t\t\t\tAutomat All-Star Fruits na prawdziwe pieni\u0105dze b\u0119dzie dost\u0119pny w licencjonowanych kasynach. Korzystaj\u0105c z naszej rekomendacji, otrzymasz najlepsze aplikacje bonusowe, aby zacz\u0105\u0107 gra\u0107.                    <\/p>\n                <\/div>\n            <\/div>\n        <\/section>\n\t\t\n<script type=\"application\/ld+json\">{\n    \"@context\": \"https:\\\/\\\/schema.org\",\n    \"@type\": \"FAQPage\",\n    \"mainEntity\": [\n        {\n            \"@type\": \"Question\",\n            \"name\": \"Will it be possible to play All-Star Fruits for free?\",\n            \"acceptedAnswer\": {\n                \"@type\": \"Answer\",\n                \"text\": \"Yes, the All-Star Fruits demo is expected to be available in most major casinos. In addition, the slot will be available to play without deposit on the official BGaming website.\"\n            }\n        },\n        {\n            \"@type\": \"Question\",\n            \"name\": \"Will the slot be optimized for mobile devices?\",\n            \"acceptedAnswer\": {\n                \"@type\": \"Answer\",\n                \"text\": \"Yes, the mobile version of All-Star Fruits will be released at the same time as the desktop version. You can play on Android and iOS smartphones and tablets without downloading software.\"\n            }\n        },\n        {\n            \"@type\": \"Question\",\n            \"name\": \"Where can I play All-Star Fruits Slot for real money?\",\n            \"acceptedAnswer\": {\n                \"@type\": \"Answer\",\n                \"text\": \"All-Star Fruits Slot for real money will be available at licensed casinos. By taking advantage of our recommendation, you will get the best bonus apps to start playing.\"\n            }\n        }\n    ]\n}<\/script>\n\n<div class=\"fpm_end\"><\/div>\n<div class=\"author-card author-card--top\"><img alt='Zdj\u0119cie awatara' src='https:\/\/richrocketgame.com\/wp-content\/uploads\/2023\/03\/Paulo-Dornelas-130x130.jpg' srcset='https:\/\/richrocketgame.com\/wp-content\/uploads\/2023\/03\/Paulo-Dornelas-260x260.jpg 2x' class='avatar avatar-130 photo author-image' height='130' width='130' \/><div class=\"author-content text-md-center\"><span class=\"author-title\">Autor<\/span><a href=\"https:\/\/richrocketgame.com\/pl\/author\/paulo-dornelas\/\" class=\"author-name\">Paulo Dornelas<\/a><p class=\"author__details\">Paulo Dornelas jest ekspertem w dziedzinie hazardu, kt\u00f3ry po\u015bwi\u0119ci\u0142 swoje \u017cycie na zrozumienie tej bran\u017cy i pomaganie innym w zarabianiu na niej pieni\u0119dzy. Jest r\u00f3wnie\u017c zapalonym podr\u00f3\u017cnikiem i uwielbia odkrywa\u0107 nowe miejsca. Wiedza Paulo na temat hazardu i jego pasja do podr\u00f3\u017cy sprawiaj\u0105, \u017ce jest on idealnym przewodnikiem dla ka\u017cdego, kto szuka powa\u017cnych zysk\u00f3w z zak\u0142ad\u00f3w sportowych lub gry w kasynie.<\/p><\/div><!-- \/.author-content --><\/div>","protected":false},"excerpt":{"rendered":"<p>BGaming og\u0142osi\u0142o nowy slot o tematyce owocowej, All-Star Fruits. Gra obiecuje by\u0107 wizualnie jasna i \u0142atwa do nauczenia. Dwie funkcje bonusowe powinny znacznie zwi\u0119kszy\u0107 RTP i zwi\u0119kszy\u0107 \u015brednie wygrane. Graj w kasynie Data wydania 18.02.2025 B\u0119bny 5 Rz\u0119dy 3 RTP 97 04% \u015arednia zmienno\u015b\u0107 (3 z 5) Linie wygrywaj\u0105ce 243 Maksymalne wygrane \u04451500 Co my [\u2026]<\/p>","protected":false},"author":2,"featured_media":0,"parent":0,"menu_order":0,"comment_status":"closed","ping_status":"closed","template":"page-no-sidebar.php","meta":{"footnotes":""},"class_list":["post-1135","page","type-page","status-publish","hentry"],"yoast_head":"<!-- This site is optimized with the Yoast SEO plugin v26.7 - https:\/\/yoast.com\/wordpress\/plugins\/seo\/ -->\n<title>All-Star Fruits Slot (BGaming) - Free Play, RTP and Max. Winnings<\/title>\n<meta name=\"description\" content=\"Learn more about All-Star Fruits casino game. Read information about the slot in our announcement. When you can play All-Star Fruits.\" \/>\n<meta name=\"robots\" content=\"index, follow, max-snippet:-1, max-image-preview:large, max-video-preview:-1\" \/>\n<link rel=\"canonical\" href=\"https:\/\/richrocketgame.com\/pl\/all-star-fruits\/\" \/>\n<meta property=\"og:locale\" content=\"pl_PL\" \/>\n<meta property=\"og:type\" content=\"article\" \/>\n<meta property=\"og:title\" content=\"All-Star Fruits Slot (BGaming) - Free Play, RTP and Max. Winnings\" \/>\n<meta property=\"og:description\" content=\"Learn more about All-Star Fruits casino game. Read information about the slot in our announcement. When you can play All-Star Fruits.\" \/>\n<meta property=\"og:url\" content=\"https:\/\/richrocketgame.com\/pl\/all-star-fruits\/\" \/>\n<meta property=\"og:site_name\" content=\"Rich Rocket Game\" \/>\n<meta property=\"article:modified_time\" content=\"2025-08-01T08:22:18+00:00\" \/>\n<meta property=\"og:image\" content=\"https:\/\/richrocketgame.com\/wp-content\/uploads\/2025\/02\/all-star-fruits-slot.jpg\" \/>\n<meta name=\"twitter:card\" content=\"summary_large_image\" \/>\n<meta name=\"twitter:label1\" content=\"Szacowany czas czytania\" \/>\n\t<meta name=\"twitter:data1\" content=\"3 minuty\" \/>\n<!-- \/ Yoast SEO plugin. -->","yoast_head_json":{"title":"Automat All-Star Fruits (BGaming) \u2013 darmowa gra, RTP i maks. wygrane","description":"Dowiedz si\u0119 wi\u0119cej o grze kasynowej All-Star Fruits. Przeczytaj informacje o slocie w naszym og\u0142oszeniu. Kiedy mo\u017cesz gra\u0107 w All-Star Fruits.","robots":{"index":"index","follow":"follow","max-snippet":"max-snippet:-1","max-image-preview":"max-image-preview:large","max-video-preview":"max-video-preview:-1"},"canonical":"https:\/\/richrocketgame.com\/pl\/all-star-fruits\/","og_locale":"pl_PL","og_type":"article","og_title":"All-Star Fruits Slot (BGaming) - Free Play, RTP and Max. Winnings","og_description":"Learn more about All-Star Fruits casino game. Read information about the slot in our announcement. When you can play All-Star Fruits.","og_url":"https:\/\/richrocketgame.com\/pl\/all-star-fruits\/","og_site_name":"Rich Rocket Game","article_modified_time":"2025-08-01T08:22:18+00:00","og_image":[{"url":"https:\/\/richrocketgame.com\/wp-content\/uploads\/2025\/02\/all-star-fruits-slot.jpg","type":"","width":"","height":""}],"twitter_card":"summary_large_image","twitter_misc":{"Szacowany czas czytania":"3 minuty"},"schema":{"@context":"https:\/\/schema.org","@graph":[{"@type":"WebPage","@id":"https:\/\/richrocketgame.com\/all-star-fruits\/","url":"https:\/\/richrocketgame.com\/all-star-fruits\/","name":"Automat All-Star Fruits (BGaming) \u2013 darmowa gra, RTP i maks. wygrane","isPartOf":{"@id":"https:\/\/richrocketgame.com\/#website"},"primaryImageOfPage":{"@id":"https:\/\/richrocketgame.com\/all-star-fruits\/#primaryimage"},"image":{"@id":"https:\/\/richrocketgame.com\/all-star-fruits\/#primaryimage"},"thumbnailUrl":"https:\/\/richrocketgame.com\/wp-content\/uploads\/2025\/02\/all-star-fruits-slot.jpg","datePublished":"2025-02-12T11:08:53+00:00","dateModified":"2025-08-01T08:22:18+00:00","description":"Dowiedz si\u0119 wi\u0119cej o grze kasynowej All-Star Fruits. Przeczytaj informacje o slocie w naszym og\u0142oszeniu. Kiedy mo\u017cesz gra\u0107 w All-Star Fruits.","breadcrumb":{"@id":"https:\/\/richrocketgame.com\/all-star-fruits\/#breadcrumb"},"inLanguage":"pl-PL","potentialAction":[{"@type":"ReadAction","target":["https:\/\/richrocketgame.com\/all-star-fruits\/"]}]},{"@type":"ImageObject","inLanguage":"pl-PL","@id":"https:\/\/richrocketgame.com\/all-star-fruits\/#primaryimage","url":"https:\/\/richrocketgame.com\/wp-content\/uploads\/2025\/02\/all-star-fruits-slot.jpg","contentUrl":"https:\/\/richrocketgame.com\/wp-content\/uploads\/2025\/02\/all-star-fruits-slot.jpg"},{"@type":"BreadcrumbList","@id":"https:\/\/richrocketgame.com\/all-star-fruits\/#breadcrumb","itemListElement":[{"@type":"ListItem","position":1,"name":"\u0413\u043b\u0430\u0432\u043d\u0430\u044f \u0441\u0442\u0440\u0430\u043d\u0438\u0446\u0430","item":"https:\/\/richrocketgame.com\/"},{"@type":"ListItem","position":2,"name":"All-Star Fruits Demo Slot"}]},{"@type":"WebSite","@id":"https:\/\/richrocketgame.com\/#website","url":"https:\/\/richrocketgame.com\/","name":"Rich Rocket Gra","description":"","publisher":{"@id":"https:\/\/richrocketgame.com\/#organization"},"potentialAction":[{"@type":"SearchAction","target":{"@type":"EntryPoint","urlTemplate":"https:\/\/richrocketgame.com\/?s={search_term_string}"},"query-input":{"@type":"PropertyValueSpecification","valueRequired":true,"valueName":"search_term_string"}}],"inLanguage":"pl-PL"},{"@type":"Organization","@id":"https:\/\/richrocketgame.com\/#organization","name":"Rich Rocket Gra","url":"https:\/\/richrocketgame.com\/","logo":{"@type":"ImageObject","inLanguage":"pl-PL","@id":"https:\/\/richrocketgame.com\/#\/schema\/logo\/image\/","url":"https:\/\/richrocketgame.com\/wp-content\/uploads\/2022\/09\/Rich-Rocket-earning-app.png","contentUrl":"https:\/\/richrocketgame.com\/wp-content\/uploads\/2022\/09\/Rich-Rocket-earning-app.png","width":512,"height":512,"caption":"Rich Rocket Game"},"image":{"@id":"https:\/\/richrocketgame.com\/#\/schema\/logo\/image\/"}}]}},"_links":{"self":[{"href":"https:\/\/richrocketgame.com\/pl\/wp-json\/wp\/v2\/pages\/1135","targetHints":{"allow":["GET"]}}],"collection":[{"href":"https:\/\/richrocketgame.com\/pl\/wp-json\/wp\/v2\/pages"}],"about":[{"href":"https:\/\/richrocketgame.com\/pl\/wp-json\/wp\/v2\/types\/page"}],"author":[{"embeddable":true,"href":"https:\/\/richrocketgame.com\/pl\/wp-json\/wp\/v2\/users\/2"}],"replies":[{"embeddable":true,"href":"https:\/\/richrocketgame.com\/pl\/wp-json\/wp\/v2\/comments?post=1135"}],"version-history":[{"count":0,"href":"https:\/\/richrocketgame.com\/pl\/wp-json\/wp\/v2\/pages\/1135\/revisions"}],"wp:attachment":[{"href":"https:\/\/richrocketgame.com\/pl\/wp-json\/wp\/v2\/media?parent=1135"}],"curies":[{"name":"wp","href":"https:\/\/api.w.org\/{rel}","templated":true}]}}