{"id":1115,"date":"2025-02-12T13:49:43","date_gmt":"2025-02-12T10:49:43","guid":{"rendered":"https:\/\/richrocketgame.com\/?page_id=1115"},"modified":"2025-08-01T11:24:01","modified_gmt":"2025-08-01T08:24:01","slug":"mad-blast","status":"publish","type":"page","link":"https:\/\/richrocketgame.com\/pl\/mad-blast\/","title":{"rendered":"Demo automatu Mad Blast"},"content":{"rendered":"<div class=\"fpm_start\"><\/div>\n<p>Mad Blast mo\u017ce sta\u0107 si\u0119 jednym z najpopularniejszych slot\u00f3w w 2025 roku. Push Gaming zaplanowa\u0142o wydanie gry na 20 lutego, a gracze ju\u017c nie mog\u0105 si\u0119 doczeka\u0107. Zgodnie z zapowiedzi\u0105 gra ma siedem symboli bonusowych i funkcji, a maksymalne wygrane wynosz\u0105 do x10 000.<\/p>\n<div style=\"text-align: center;\"><a class=\"glow-button\" href=\"\/pl\/go\/registration\/\" rel=\"noreferrer noopener nofollow\">Graj w kasynie<\/a><\/div>\n<table>\n<tbody>\n<tr>\n<td>Data wydania<\/td>\n<td>20.02.2025<\/td>\n<\/tr>\n<tr>\n<td>Ko\u0142owrotki<\/td>\n<td>6<\/td>\n<\/tr>\n<tr>\n<td>Rz\u0119dy<\/td>\n<td>5<\/td>\n<\/tr>\n<tr>\n<td>RTP<\/td>\n<td>96,34%<\/td>\n<\/tr>\n<tr>\n<td>Zmienno\u015b\u0107<\/td>\n<td>High<\/td>\n<\/tr>\n<tr>\n<td>Linie wyp\u0142at<\/td>\n<td>Mechanika Scatter-Pays<\/td>\n<\/tr>\n<tr>\n<td>Maksymalne wygrane<\/td>\n<td>10 000<\/td>\n<\/tr>\n<\/tbody>\n<\/table>\n<div id=\"ez-toc-container\" class=\"ez-toc-v2_0_62 counter-hierarchy ez-toc-counter ez-toc-grey ez-toc-container-direction\">\n<div class=\"ez-toc-title-container\">\n<p class=\"ez-toc-title\" >Spis tre\u015bci<\/p>\n<span class=\"ez-toc-title-toggle\"><a href=\"#\" class=\"ez-toc-pull-right ez-toc-btn ez-toc-btn-xs ez-toc-btn-default ez-toc-toggle\" aria-label=\"Prze\u0142\u0105cz spis tre\u015bci\"><span class=\"ez-toc-js-icon-con\"><span class=\"\"><span class=\"eztoc-hide\" style=\"display:none;\">Prze\u0142\u0105cznik<\/span><span class=\"ez-toc-icon-toggle-span\"><svg style=\"fill: #999;color:#999\" xmlns=\"http:\/\/www.w3.org\/2000\/svg\" class=\"list-377408\" width=\"20px\" height=\"20px\" viewbox=\"0 0 24 24\" fill=\"none\"><path d=\"M6 6H4v2h2V6zm14 0H8v2h12V6zM4 11h2v2H4v-2zm16 0H8v2h12v-2zM4 16h2v2H4v-2zm16 0H8v2h12v-2z\" fill=\"currentColor\"><\/path><\/svg><svg style=\"fill: #999;color:#999\" class=\"arrow-unsorted-368013\" xmlns=\"http:\/\/www.w3.org\/2000\/svg\" width=\"10px\" height=\"10px\" viewbox=\"0 0 24 24\" version=\"1.2\" baseprofile=\"tiny\"><path d=\"M18.2 9.3l-6.2-6.3-6.2 6.3c-.2.2-.3.4-.3.7s.1.5.3.7c.2.2.4.3.7.3h11c.3 0 .5-.1.7-.3.2-.2.3-.5.3-.7s-.1-.5-.3-.7zM5.8 14.7l6.2 6.3 6.2-6.3c.2-.2.3-.5.3-.7s-.1-.5-.3-.7c-.2-.2-.4-.3-.7-.3h-11c-.3 0-.5.1-.7.3-.2.2-.3.5-.3.7s.1.5.3.7z\"\/><\/svg><\/span><\/span><\/span><\/a><\/span><\/div>\n<nav><ul class='ez-toc-list ez-toc-list-level-1 eztoc-toggle-hide-by-default' ><ul class='ez-toc-list-level-3' ><li class='ez-toc-heading-level-3'><a class=\"ez-toc-link ez-toc-heading-1\" href=\"https:\/\/richrocketgame.com\/pl\/mad-blast\/#What_We_Know_About_Mad_Blast_Game\" title=\"Co wiemy o grze Mad Blast\">Co wiemy o grze Mad Blast<\/a><\/li><li class='ez-toc-page-1 ez-toc-heading-level-3'><a class=\"ez-toc-link ez-toc-heading-2\" href=\"https:\/\/richrocketgame.com\/pl\/mad-blast\/#Bonus_features_of_the_game\" title=\"Dodatkowe funkcje gry\">Dodatkowe funkcje gry<\/a><\/li><li class='ez-toc-page-1 ez-toc-heading-level-3'><a class=\"ez-toc-link ez-toc-heading-3\" href=\"https:\/\/richrocketgame.com\/pl\/mad-blast\/#Paid_Features\" title=\"Funkcje p\u0142atne\">Funkcje p\u0142atne<\/a><\/li><li class='ez-toc-page-1 ez-toc-heading-level-3'><a class=\"ez-toc-link ez-toc-heading-4\" href=\"https:\/\/richrocketgame.com\/pl\/mad-blast\/#Why_play_the_Mad_Blast_slot\" title=\"Dlaczego warto zagra\u0107 w slot Mad Blast?\">Dlaczego warto zagra\u0107 w slot Mad Blast?<\/a><\/li><\/ul><\/li><li class='ez-toc-page-1 ez-toc-heading-level-2'><a class=\"ez-toc-link ez-toc-heading-5\" href=\"https:\/\/richrocketgame.com\/pl\/mad-blast\/#FAQ\" title=\"FAQ\">FAQ<\/a><ul class='ez-toc-list-level-3' ><li class='ez-toc-heading-level-3'><a class=\"ez-toc-link ez-toc-heading-6\" href=\"https:\/\/richrocketgame.com\/pl\/mad-blast\/#What_is_the_RTP_of_the_Mad_Blast_casino_game\" title=\"Jaki jest RTP gry kasynowej Mad Blast?\">Jaki jest RTP gry kasynowej Mad Blast?<\/a><\/li><li class='ez-toc-page-1 ez-toc-heading-level-3'><a class=\"ez-toc-link ez-toc-heading-7\" href=\"https:\/\/richrocketgame.com\/pl\/mad-blast\/#Where_will_it_be_possible_to_play_Mad_Blast_for_free\" title=\"Gdzie b\u0119dzie mo\u017cna zagra\u0107 w Mad Blast za darmo?\">Gdzie b\u0119dzie mo\u017cna zagra\u0107 w Mad Blast za darmo?<\/a><\/li><li class='ez-toc-page-1 ez-toc-heading-level-3'><a class=\"ez-toc-link ez-toc-heading-8\" href=\"https:\/\/richrocketgame.com\/pl\/mad-blast\/#Are_there_any_strategies_for_the_game\" title=\"Czy istniej\u0105 jakie\u015b strategie gry?\">Czy istniej\u0105 jakie\u015b strategie gry?<\/a><\/li><\/ul><\/li><\/ul><\/nav><\/div>\n<h3><span class=\"ez-toc-section\" id=\"What_We_Know_About_Mad_Blast_Game\"><\/span>Co wiemy o grze Mad Blast<span class=\"ez-toc-section-end\"><\/span><\/h3>\n<p>Mad Blast zabiera graczy do warsztatu, w kt\u00f3rym rz\u0105dz\u0105 roboty. B\u0119dziesz musia\u0142 zmierzy\u0107 si\u0119 z ekscentryczn\u0105 sztuczn\u0105 inteligencj\u0105 i urz\u0105dzeniami wybuchowymi. Gra sk\u0142ada si\u0119 z 6 b\u0119bn\u00f3w i 5 rz\u0119d\u00f3w, a zamiast tradycyjnych linii wyp\u0142at zastosowano mechanik\u0119 Scatter-Pays. Oznacza to, \u017ce otrzymasz wyp\u0142aty za pojawienie si\u0119 8 identycznych symboli w dowolnym miejscu na polu gry.<\/p>\n<p>Symbolami s\u0105 wielokolorowe \u017celazne skrzynki i roboty. Inne specjalne symbole rekompensuj\u0105 brak Wild:<\/p>\n<ul>\n<li>Scatter pe\u0142ni tradycyjn\u0105 funkcj\u0119 uruchamiania darmowych spin\u00f3w;<\/li>\n<li>Symbol zwi\u0119kszenia mno\u017cnika pokazuje, o ile stopni wzro\u015bnie mno\u017cnik, je\u015bli uda si\u0119 utworzy\u0107 zwyci\u0119sk\u0105 kombinacj\u0119.<\/li>\n<li>Symbol Extra Life w formie zielonego przycisku daje dodatkow\u0105 szans\u0119 na wygran\u0105. Otrzymujesz ponowny spin, a symbol o najwy\u017cszej warto\u015bci pozostaje na polu gry.<\/li>\n<\/ul>\n<p>Push Gaming dostosowa\u0142o slot do jak najszerszej publiczno\u015bci. Zakres zak\u0142ad\u00f3w w grze kasynowej Mad Blast wynosi od 0,1 do 100 (waluta zale\u017cy od kraju, w kt\u00f3rym dzia\u0142a kasyno).<\/p>\n<p><a href=\"https:\/\/richrocketgame.com\/pl\/go\/registration\/\" target=\"_blank\" rel=\"noreferrer noopener nofollow\"><img decoding=\"async\" class=\"aligncenter wp-image-1122 size-full\" src=\"https:\/\/richrocketgame.com\/wp-content\/uploads\/2025\/02\/mad-blast-slot.jpg\" alt=\"Automat Mad Blast firmy Push Gaming\" width=\"976\" height=\"489\" srcset=\"https:\/\/richrocketgame.com\/wp-content\/uploads\/2025\/02\/mad-blast-slot.jpg 976w, https:\/\/richrocketgame.com\/wp-content\/uploads\/2025\/02\/mad-blast-slot-300x150.jpg 300w, https:\/\/richrocketgame.com\/wp-content\/uploads\/2025\/02\/mad-blast-slot-768x385.jpg 768w, https:\/\/richrocketgame.com\/wp-content\/uploads\/2025\/02\/mad-blast-slot-18x9.jpg 18w, https:\/\/richrocketgame.com\/wp-content\/uploads\/2025\/02\/mad-blast-slot-80x40.jpg 80w, https:\/\/richrocketgame.com\/wp-content\/uploads\/2025\/02\/mad-blast-slot-64x32.jpg 64w, https:\/\/richrocketgame.com\/wp-content\/uploads\/2025\/02\/mad-blast-slot-160x80.jpg 160w, https:\/\/richrocketgame.com\/wp-content\/uploads\/2025\/02\/mad-blast-slot-269x135.jpg 269w\" sizes=\"(max-width: 976px) 100vw, 976px\" \/><\/a><\/p>\n<h3><span class=\"ez-toc-section\" id=\"Bonus_features_of_the_game\"><\/span>Dodatkowe funkcje gry<span class=\"ez-toc-section-end\"><\/span><\/h3>\n<p>Pierwsz\u0105 funkcj\u0105 bonusow\u0105, na kt\u00f3r\u0105 trafisz, s\u0105 kaskadowe b\u0119bny. Symbole zaanga\u017cowane w zwyci\u0119sk\u0105 kombinacj\u0119 s\u0105 usuwane, a pojawiaj\u0105 si\u0119 nowe. W ten spos\u00f3b mo\u017cesz wygra\u0107 kilka razy w jednym obrocie.<\/p>\n<p>Inn\u0105 funkcj\u0105 zwi\u0105zan\u0105 z kaskadowymi b\u0119bnami jest Mad Blast od Push Gaming. Mno\u017cnik jest podwajany za ka\u017cdym razem, gdy trafiona zostanie kombinacja. W jednym przebiegu b\u0119bn\u00f3w mno\u017cnik mo\u017ce wzrosn\u0105\u0107 do x2048. Gracze mog\u0105 \u015bledzi\u0107 post\u0119p na skali po lewej stronie b\u0119bn\u00f3w.<\/p>\n<p>Najciekawsz\u0105 funkcj\u0105 s\u0105 bez w\u0105tpienia darmowe spiny Mad Blast. Mo\u017cesz je zdoby\u0107, gdy wypadnie kombinacja symboli scatter:<\/p>\n<ul>\n<li>3 symbole \u2013 8 darmowych spin\u00f3w z mno\u017cnikiem x2;<\/li>\n<li>4 symbole \u2013 10 darmowych spin\u00f3w z pocz\u0105tkowym mno\u017cnikiem x4;<\/li>\n<li>5 symboli \u2013 12 darmowych spin\u00f3w, a pocz\u0105tkowy mno\u017cnik b\u0119dzie wynosi\u0107 x8.<\/li>\n<\/ul>\n<p>Dostawca wprowadzi\u0142 dodatkowy bonus podczas rundy darmowych spin\u00f3w, aby zwi\u0119kszy\u0107 emocje. Najni\u017cszy mno\u017cnik znika ze skali, gdy wypadnie z 3 zwyci\u0119skich kombinacji na jeden spin.<\/p><script data-noptimize=\"\" data-wpfc-render=\"false\">\n\/* <![CDATA[ *\/\nfpm_start( \"true\" );\n\/* ]]> *\/\n<\/script>\n\n<div style=\"text-align: center;\"><a class=\"glow-button\" href=\"\/pl\/go\/registration\/\" rel=\"noreferrer noopener nofollow\">Wypr\u00f3buj Mad Blast<\/a><\/div>\n<h3><span class=\"ez-toc-section\" id=\"Paid_Features\"><\/span>Funkcje p\u0142atne<span class=\"ez-toc-section-end\"><\/span><\/h3>\n<p>Za dodatkow\u0105 op\u0142at\u0105 mo\u017cesz gra\u0107 w Mad Blast z przywilejami. W\u0142\u0105czaj\u0105c opcj\u0119 ante, podwoisz sw\u00f3j zak\u0142ad, ale znacznie zwi\u0119kszysz prawdopodobie\u0144stwo pojawienia si\u0119 symboli bonusowych na b\u0119bnach. Gracze, kt\u00f3rzy chc\u0105 uzyska\u0107 maksymaln\u0105 dawk\u0119 emocji, mog\u0105 kupi\u0107 dost\u0119p do rundy darmowych spin\u00f3w. Za 150x swojego zak\u0142adu mo\u017cesz uzyska\u0107 osiem spin\u00f3w b\u0119bn\u00f3w z mno\u017cnikiem 2x. Za 750x mo\u017cesz uzyska\u0107 12 spin\u00f3w z mno\u017cnikiem x8.<\/p>\n<p><a href=\"https:\/\/richrocketgame.com\/pl\/go\/registration\/\" target=\"_blank\" rel=\"noreferrer noopener nofollow\"><img decoding=\"async\" class=\"aligncenter wp-image-1116 size-full\" src=\"https:\/\/richrocketgame.com\/wp-content\/uploads\/2025\/02\/mad-blast-casino-game.jpg\" alt=\"Gra kasynowa Mad Blast.\" width=\"981\" height=\"531\" srcset=\"https:\/\/richrocketgame.com\/wp-content\/uploads\/2025\/02\/mad-blast-casino-game.jpg 981w, https:\/\/richrocketgame.com\/wp-content\/uploads\/2025\/02\/mad-blast-casino-game-300x162.jpg 300w, https:\/\/richrocketgame.com\/wp-content\/uploads\/2025\/02\/mad-blast-casino-game-768x416.jpg 768w, https:\/\/richrocketgame.com\/wp-content\/uploads\/2025\/02\/mad-blast-casino-game-18x10.jpg 18w, https:\/\/richrocketgame.com\/wp-content\/uploads\/2025\/02\/mad-blast-casino-game-74x40.jpg 74w, https:\/\/richrocketgame.com\/wp-content\/uploads\/2025\/02\/mad-blast-casino-game-59x32.jpg 59w, https:\/\/richrocketgame.com\/wp-content\/uploads\/2025\/02\/mad-blast-casino-game-148x80.jpg 148w, https:\/\/richrocketgame.com\/wp-content\/uploads\/2025\/02\/mad-blast-casino-game-249x135.jpg 249w\" sizes=\"(max-width: 981px) 100vw, 981px\" \/><\/a><\/p>\n<h3><span class=\"ez-toc-section\" id=\"Why_play_the_Mad_Blast_slot\"><\/span>Dlaczego warto zagra\u0107 w slot Mad Blast?<span class=\"ez-toc-section-end\"><\/span><\/h3>\n<p>Mad Blast ma potencja\u0142, aby sta\u0107 si\u0119 sensacj\u0105 w \u015brodowisku hazardowym z kilku powod\u00f3w:<\/p>\n<ul>\n<li>Wykorzystanie nowoczesnych trend\u00f3w. Mechanika Scatter-Pay i kaskadowe b\u0119bny s\u0105 dzi\u015b po\u017c\u0105dane.<\/li>\n<li>Ogromne maksymalne wygrane. Mo\u017cesz osi\u0105gn\u0105\u0107 wyp\u0142aty x10 000 w trybie normalnym i rundzie darmowych spin\u00f3w.<\/li>\n<li>Unikalne po\u0142\u0105czenie funkcji. Slot oferuje kombinacj\u0119 bonus\u00f3w, kt\u00f3rych najlepsi dostawcy jeszcze nie wykorzystali.<\/li>\n<\/ul>\n<p>Masz jeszcze czas, aby walczy\u0107 ze zdradliw\u0105 sztuczn\u0105 inteligencj\u0105 i pokona\u0107 armi\u0119 \u017celaznych robot\u00f3w. Przygotuj si\u0119 na walk\u0119 o maksymalne wygrane w grze Mad Blast.<\/p>\n<h2><span class=\"ez-toc-section\" id=\"FAQ\"><\/span>FAQ<span class=\"ez-toc-section-end\"><\/span><\/h2>\n        <section class=\"sc_fs_faq sc_card\">\n            <div>\n\t\t\t\t<h3><span class=\"ez-toc-section\" id=\"What_is_the_RTP_of_the_Mad_Blast_casino_game\"><\/span>Jaki jest RTP gry kasynowej Mad Blast?<span class=\"ez-toc-section-end\"><\/span><\/h3>                <div>\n\t\t\t\t\t                    <p>\n\t\t\t\t\t\tDostawca planuje wypu\u015bci\u0107 slot w 3 wersjach z r\u00f3\u017cnym RTP. Najwy\u017cszy zwrot dla gracza wyniesie 96.34%. Niekt\u00f3re kasyna b\u0119d\u0105 mog\u0142y doda\u0107 gr\u0119 z RTP 94.30% i 85.43% do swojego portfolio.                    <\/p>\n                <\/div>\n            <\/div>\n        <\/section>\n\t\t        <section class=\"sc_fs_faq sc_card\">\n            <div>\n\t\t\t\t<h3><span class=\"ez-toc-section\" id=\"Where_will_it_be_possible_to_play_Mad_Blast_for_free\"><\/span>Gdzie b\u0119dzie mo\u017cna zagra\u0107 w Mad Blast za darmo?<span class=\"ez-toc-section-end\"><\/span><\/h3>                <div>\n\t\t\t\t\t                    <p>\n\t\t\t\t\t\tWersja demonstracyjna slotu b\u0119dzie dost\u0119pna w kasynie. Ponadto b\u0119dzie mo\u017cna gra\u0107 za darmo na stronach po\u015bwi\u0119conych tematyce hazardowej oraz w internetowym zasobie dostawcy Push Gaming.                    <\/p>\n                <\/div>\n            <\/div>\n        <\/section>\n\t\t        <section class=\"sc_fs_faq sc_card\">\n            <div>\n\t\t\t\t<h3><span class=\"ez-toc-section\" id=\"Are_there_any_strategies_for_the_game\"><\/span>Czy istniej\u0105 jakie\u015b strategie gry?<span class=\"ez-toc-section-end\"><\/span><\/h3>                <div>\n\t\t\t\t\t                    <p>\n\t\t\t\t\t\tGracz mo\u017ce jedynie wp\u0142ywa\u0107 na wielko\u015b\u0107 zak\u0142adu. Ze wzgl\u0119du na wysok\u0105 zmienno\u015b\u0107 slotu zaleca si\u0119 obstawianie nie wi\u0119cej ni\u017c 1% bankrolla. Dzi\u0119ki temu mo\u017cesz gra\u0107 wystarczaj\u0105co d\u0142ugo, aby poczeka\u0107 na najbardziej dochodowe funkcje gry. Zanim zaczniesz gra\u0107 w Mad Blast na prawdziwe pieni\u0105dze, mo\u017cesz po\u0107wiczy\u0107 metody obstawiania w wersji demo.                    <\/p>\n                <\/div>\n            <\/div>\n        <\/section>\n\t\t\n<script type=\"application\/ld+json\">{\n    \"@context\": \"https:\\\/\\\/schema.org\",\n    \"@type\": \"FAQPage\",\n    \"mainEntity\": [\n        {\n            \"@type\": \"Question\",\n            \"name\": \"What is the RTP of the Mad Blast casino game?\",\n            \"acceptedAnswer\": {\n                \"@type\": \"Answer\",\n                \"text\": \"The provider plans to release the slot in 3 versions with different RTP. The highest return to player will be 96.34%. Some casinos will be able to add a game with an RTP of 94.30% and 85.43% to their portfolio.\"\n            }\n        },\n        {\n            \"@type\": \"Question\",\n            \"name\": \"Where will it be possible to play Mad Blast for free?\",\n            \"acceptedAnswer\": {\n                \"@type\": \"Answer\",\n                \"text\": \"Demo version of the slot will be available in the casino. In addition, it will be possible to play for free on sites dedicated to gambling themes and on the web resource of the provider Push Gaming.\"\n            }\n        },\n        {\n            \"@type\": \"Question\",\n            \"name\": \"Are there any strategies for the game?\",\n            \"acceptedAnswer\": {\n                \"@type\": \"Answer\",\n                \"text\": \"The player can only influence the size of the bet. Due to the high volatility of the slot, it is recommended to bet no more than 1% of the bankroll. So you can play long enough to wait for the most profitable features of the game. Before you start playing Mad Blast for real money, you can practice betting methods in the demo version.\"\n            }\n        }\n    ]\n}<\/script>\n\n<div class=\"fpm_end\"><\/div>\n<div class=\"author-card author-card--top\"><img alt='Zdj\u0119cie awatara' src='https:\/\/richrocketgame.com\/wp-content\/uploads\/2023\/03\/Paulo-Dornelas-130x130.jpg' srcset='https:\/\/richrocketgame.com\/wp-content\/uploads\/2023\/03\/Paulo-Dornelas-260x260.jpg 2x' class='avatar avatar-130 photo author-image' height='130' width='130' \/><div class=\"author-content text-md-center\"><span class=\"author-title\">Autor<\/span><a href=\"https:\/\/richrocketgame.com\/pl\/author\/paulo-dornelas\/\" class=\"author-name\">Paulo Dornelas<\/a><p class=\"author__details\">Paulo Dornelas jest ekspertem w dziedzinie hazardu, kt\u00f3ry po\u015bwi\u0119ci\u0142 swoje \u017cycie na zrozumienie tej bran\u017cy i pomaganie innym w zarabianiu na niej pieni\u0119dzy. Jest r\u00f3wnie\u017c zapalonym podr\u00f3\u017cnikiem i uwielbia odkrywa\u0107 nowe miejsca. Wiedza Paulo na temat hazardu i jego pasja do podr\u00f3\u017cy sprawiaj\u0105, \u017ce jest on idealnym przewodnikiem dla ka\u017cdego, kto szuka powa\u017cnych zysk\u00f3w z zak\u0142ad\u00f3w sportowych lub gry w kasynie.<\/p><\/div><!-- \/.author-content --><\/div>","protected":false},"excerpt":{"rendered":"<p>Mad Blast mo\u017ce sta\u0107 si\u0119 jednym z najpopularniejszych slot\u00f3w w 2025 roku. Push Gaming zaplanowa\u0142o wydanie gry na 20 lutego, a gracze ju\u017c nie mog\u0105 si\u0119 doczeka\u0107. Zgodnie z zapowiedzi\u0105 gra ma siedem symboli bonusowych i funkcji, a maksymalne wygrane wynosz\u0105 do x10 000. Graj w kasynie Data wydania 20.02.2025 B\u0119bny 6 [\u2026]<\/p>","protected":false},"author":2,"featured_media":0,"parent":0,"menu_order":0,"comment_status":"closed","ping_status":"closed","template":"page-no-sidebar.php","meta":{"footnotes":""},"class_list":["post-1115","page","type-page","status-publish","hentry"],"yoast_head":"<!-- This site is optimized with the Yoast SEO plugin v26.7 - https:\/\/yoast.com\/wordpress\/plugins\/seo\/ -->\n<title>Mad Blast Slot (Push Gaming) Demo - RTP, Payouts, Volatility<\/title>\n<meta name=\"description\" content=\"Find out more about Mad Blast by Push Gaming. Learn more about the 7 bonus features of the slot. Features and parameters of Mad Blast casino game.\" \/>\n<meta name=\"robots\" content=\"index, follow, max-snippet:-1, max-image-preview:large, max-video-preview:-1\" \/>\n<link rel=\"canonical\" href=\"https:\/\/richrocketgame.com\/pl\/mad-blast\/\" \/>\n<meta property=\"og:locale\" content=\"pl_PL\" \/>\n<meta property=\"og:type\" content=\"article\" \/>\n<meta property=\"og:title\" content=\"Mad Blast Slot (Push Gaming) Demo - RTP, Payouts, Volatility\" \/>\n<meta property=\"og:description\" content=\"Find out more about Mad Blast by Push Gaming. Learn more about the 7 bonus features of the slot. Features and parameters of Mad Blast casino game.\" \/>\n<meta property=\"og:url\" content=\"https:\/\/richrocketgame.com\/pl\/mad-blast\/\" \/>\n<meta property=\"og:site_name\" content=\"Rich Rocket Game\" \/>\n<meta property=\"article:modified_time\" content=\"2025-08-01T08:24:01+00:00\" \/>\n<meta property=\"og:image\" content=\"https:\/\/richrocketgame.com\/wp-content\/uploads\/2025\/02\/mad-blast-slot.jpg\" \/>\n<meta name=\"twitter:card\" content=\"summary_large_image\" \/>\n<meta name=\"twitter:label1\" content=\"Szacowany czas czytania\" \/>\n\t<meta name=\"twitter:data1\" content=\"5 minut\" \/>\n<!-- \/ Yoast SEO plugin. -->","yoast_head_json":{"title":"Mad Blast Slot (Push Gaming) Demo \u2013 RTP, wyp\u0142aty, zmienno\u015b\u0107","description":"Dowiedz si\u0119 wi\u0119cej o Mad Blast od Push Gaming. Dowiedz si\u0119 wi\u0119cej o 7 funkcjach bonusowych slotu. Funkcje i parametry gry kasynowej Mad Blast.","robots":{"index":"index","follow":"follow","max-snippet":"max-snippet:-1","max-image-preview":"max-image-preview:large","max-video-preview":"max-video-preview:-1"},"canonical":"https:\/\/richrocketgame.com\/pl\/mad-blast\/","og_locale":"pl_PL","og_type":"article","og_title":"Mad Blast Slot (Push Gaming) Demo - RTP, Payouts, Volatility","og_description":"Find out more about Mad Blast by Push Gaming. Learn more about the 7 bonus features of the slot. Features and parameters of Mad Blast casino game.","og_url":"https:\/\/richrocketgame.com\/pl\/mad-blast\/","og_site_name":"Rich Rocket Game","article_modified_time":"2025-08-01T08:24:01+00:00","og_image":[{"url":"https:\/\/richrocketgame.com\/wp-content\/uploads\/2025\/02\/mad-blast-slot.jpg","type":"","width":"","height":""}],"twitter_card":"summary_large_image","twitter_misc":{"Szacowany czas czytania":"5 minut"},"schema":{"@context":"https:\/\/schema.org","@graph":[{"@type":"WebPage","@id":"https:\/\/richrocketgame.com\/mad-blast\/","url":"https:\/\/richrocketgame.com\/mad-blast\/","name":"Mad Blast Slot (Push Gaming) Demo \u2013 RTP, wyp\u0142aty, zmienno\u015b\u0107","isPartOf":{"@id":"https:\/\/richrocketgame.com\/#website"},"primaryImageOfPage":{"@id":"https:\/\/richrocketgame.com\/mad-blast\/#primaryimage"},"image":{"@id":"https:\/\/richrocketgame.com\/mad-blast\/#primaryimage"},"thumbnailUrl":"https:\/\/richrocketgame.com\/wp-content\/uploads\/2025\/02\/mad-blast-slot.jpg","datePublished":"2025-02-12T10:49:43+00:00","dateModified":"2025-08-01T08:24:01+00:00","description":"Dowiedz si\u0119 wi\u0119cej o Mad Blast od Push Gaming. Dowiedz si\u0119 wi\u0119cej o 7 funkcjach bonusowych slotu. Funkcje i parametry gry kasynowej Mad Blast.","breadcrumb":{"@id":"https:\/\/richrocketgame.com\/mad-blast\/#breadcrumb"},"inLanguage":"pl-PL","potentialAction":[{"@type":"ReadAction","target":["https:\/\/richrocketgame.com\/mad-blast\/"]}]},{"@type":"ImageObject","inLanguage":"pl-PL","@id":"https:\/\/richrocketgame.com\/mad-blast\/#primaryimage","url":"https:\/\/richrocketgame.com\/wp-content\/uploads\/2025\/02\/mad-blast-slot.jpg","contentUrl":"https:\/\/richrocketgame.com\/wp-content\/uploads\/2025\/02\/mad-blast-slot.jpg"},{"@type":"BreadcrumbList","@id":"https:\/\/richrocketgame.com\/mad-blast\/#breadcrumb","itemListElement":[{"@type":"ListItem","position":1,"name":"\u0413\u043b\u0430\u0432\u043d\u0430\u044f \u0441\u0442\u0440\u0430\u043d\u0438\u0446\u0430","item":"https:\/\/richrocketgame.com\/"},{"@type":"ListItem","position":2,"name":"Mad Blast Slot Demo"}]},{"@type":"WebSite","@id":"https:\/\/richrocketgame.com\/#website","url":"https:\/\/richrocketgame.com\/","name":"Rich Rocket Gra","description":"","publisher":{"@id":"https:\/\/richrocketgame.com\/#organization"},"potentialAction":[{"@type":"SearchAction","target":{"@type":"EntryPoint","urlTemplate":"https:\/\/richrocketgame.com\/?s={search_term_string}"},"query-input":{"@type":"PropertyValueSpecification","valueRequired":true,"valueName":"search_term_string"}}],"inLanguage":"pl-PL"},{"@type":"Organization","@id":"https:\/\/richrocketgame.com\/#organization","name":"Rich Rocket Gra","url":"https:\/\/richrocketgame.com\/","logo":{"@type":"ImageObject","inLanguage":"pl-PL","@id":"https:\/\/richrocketgame.com\/#\/schema\/logo\/image\/","url":"https:\/\/richrocketgame.com\/wp-content\/uploads\/2022\/09\/Rich-Rocket-earning-app.png","contentUrl":"https:\/\/richrocketgame.com\/wp-content\/uploads\/2022\/09\/Rich-Rocket-earning-app.png","width":512,"height":512,"caption":"Rich Rocket Game"},"image":{"@id":"https:\/\/richrocketgame.com\/#\/schema\/logo\/image\/"}}]}},"_links":{"self":[{"href":"https:\/\/richrocketgame.com\/pl\/wp-json\/wp\/v2\/pages\/1115","targetHints":{"allow":["GET"]}}],"collection":[{"href":"https:\/\/richrocketgame.com\/pl\/wp-json\/wp\/v2\/pages"}],"about":[{"href":"https:\/\/richrocketgame.com\/pl\/wp-json\/wp\/v2\/types\/page"}],"author":[{"embeddable":true,"href":"https:\/\/richrocketgame.com\/pl\/wp-json\/wp\/v2\/users\/2"}],"replies":[{"embeddable":true,"href":"https:\/\/richrocketgame.com\/pl\/wp-json\/wp\/v2\/comments?post=1115"}],"version-history":[{"count":0,"href":"https:\/\/richrocketgame.com\/pl\/wp-json\/wp\/v2\/pages\/1115\/revisions"}],"wp:attachment":[{"href":"https:\/\/richrocketgame.com\/pl\/wp-json\/wp\/v2\/media?parent=1115"}],"curies":[{"name":"wp","href":"https:\/\/api.w.org\/{rel}","templated":true}]}}