{"id":1080,"date":"2025-02-12T11:57:14","date_gmt":"2025-02-12T08:57:14","guid":{"rendered":"https:\/\/richrocketgame.com\/?page_id=1080"},"modified":"2026-01-13T19:58:17","modified_gmt":"2026-01-13T16:58:17","slug":"wild-card-gang","status":"publish","type":"page","link":"https:\/\/richrocketgame.com\/pl\/wild-card-gang\/","title":{"rendered":"Demo automatu Wild Card Gang"},"content":{"rendered":"<div class=\"fpm_start\"><\/div>\n<p>Wild Card Gang is BGaming&#8217;s flagship slot in 2026. The success of this slot will allow the company to establish itself as one of the best slot developers. And the game has every chance of becoming a hit. The mechanics of combining winning symbols and the non-standard system of launching free spins and winning x5,000 &#8211; Wild Card Gang slot have prepared a lot of surprises for casino visitors.<\/p>\n<div style=\"text-align: center;\"><a class=\"glow-button\" href=\"\/pl\/go\/registration\/\" rel=\"noreferrer noopener nofollow\">Graj w kasynie<\/a><\/div>\n<table>\n<tbody>\n<tr>\n<td>Data premiery<\/td>\n<td>26 lutego 2025 r.<\/td>\n<\/tr>\n<tr>\n<td>Ko\u0142owrotki<\/td>\n<td>6<\/td>\n<\/tr>\n<tr>\n<td>Rz\u0119dy<\/td>\n<td>6<\/td>\n<\/tr>\n<tr>\n<td>RTP<\/td>\n<td>97,25%<\/td>\n<\/tr>\n<tr>\n<td>Zmienno\u015b\u0107<\/td>\n<td>Bardzo wysoki<\/td>\n<\/tr>\n<tr>\n<td>Linie wyp\u0142at<\/td>\n<td>Klaster si\u0119 op\u0142aca<\/td>\n<\/tr>\n<tr>\n<td>Maksymalne wygrane<\/td>\n<td>5000 \u0445<\/td>\n<\/tr>\n<\/tbody>\n<\/table>\n<div id=\"ez-toc-container\" class=\"ez-toc-v2_0_62 counter-hierarchy ez-toc-counter ez-toc-grey ez-toc-container-direction\">\n<div class=\"ez-toc-title-container\">\n<p class=\"ez-toc-title\" >Spis tre\u015bci<\/p>\n<span class=\"ez-toc-title-toggle\"><a href=\"#\" class=\"ez-toc-pull-right ez-toc-btn ez-toc-btn-xs ez-toc-btn-default ez-toc-toggle\" aria-label=\"Prze\u0142\u0105cz spis tre\u015bci\"><span class=\"ez-toc-js-icon-con\"><span class=\"\"><span class=\"eztoc-hide\" style=\"display:none;\">Prze\u0142\u0105cznik<\/span><span class=\"ez-toc-icon-toggle-span\"><svg style=\"fill: #999;color:#999\" xmlns=\"http:\/\/www.w3.org\/2000\/svg\" class=\"list-377408\" width=\"20px\" height=\"20px\" viewbox=\"0 0 24 24\" fill=\"none\"><path d=\"M6 6H4v2h2V6zm14 0H8v2h12V6zM4 11h2v2H4v-2zm16 0H8v2h12v-2zM4 16h2v2H4v-2zm16 0H8v2h12v-2z\" fill=\"currentColor\"><\/path><\/svg><svg style=\"fill: #999;color:#999\" class=\"arrow-unsorted-368013\" xmlns=\"http:\/\/www.w3.org\/2000\/svg\" width=\"10px\" height=\"10px\" viewbox=\"0 0 24 24\" version=\"1.2\" baseprofile=\"tiny\"><path d=\"M18.2 9.3l-6.2-6.3-6.2 6.3c-.2.2-.3.4-.3.7s.1.5.3.7c.2.2.4.3.7.3h11c.3 0 .5-.1.7-.3.2-.2.3-.5.3-.7s-.1-.5-.3-.7zM5.8 14.7l6.2 6.3 6.2-6.3c.2-.2.3-.5.3-.7s-.1-.5-.3-.7c-.2-.2-.4-.3-.7-.3h-11c-.3 0-.5.1-.7.3-.2.2-.3.5-.3.7s.1.5.3.7z\"\/><\/svg><\/span><\/span><\/span><\/a><\/span><\/div>\n<nav><ul class='ez-toc-list ez-toc-list-level-1 eztoc-toggle-hide-by-default' ><li class='ez-toc-page-1 ez-toc-heading-level-2'><a class=\"ez-toc-link ez-toc-heading-1\" href=\"https:\/\/richrocketgame.com\/pl\/wild-card-gang\/#What_We_Know_About_Wild_Card_Gang_Slot\" title=\"Co wiemy o slocie Wild Card Gang\">Co wiemy o slocie Wild Card Gang<\/a><ul class='ez-toc-list-level-3' ><li class='ez-toc-heading-level-3'><a class=\"ez-toc-link ez-toc-heading-2\" href=\"https:\/\/richrocketgame.com\/pl\/wild-card-gang\/#Bonus_Features_of_the_Game\" title=\"Dodatkowe funkcje gry\">Dodatkowe funkcje gry<\/a><\/li><li class='ez-toc-page-1 ez-toc-heading-level-3'><a class=\"ez-toc-link ez-toc-heading-3\" href=\"https:\/\/richrocketgame.com\/pl\/wild-card-gang\/#Paid_Bonuses\" title=\"P\u0142atne bonusy\">P\u0142atne bonusy<\/a><\/li><\/ul><\/li><li class='ez-toc-page-1 ez-toc-heading-level-2'><a class=\"ez-toc-link ez-toc-heading-4\" href=\"https:\/\/richrocketgame.com\/pl\/wild-card-gang\/#Why_Play_Wild_Card_Gang\" title=\"Dlaczego warto gra\u0107 w Wild Card Gang?\">Dlaczego warto gra\u0107 w Wild Card Gang?<\/a><\/li><li class='ez-toc-page-1 ez-toc-heading-level-2'><a class=\"ez-toc-link ez-toc-heading-5\" href=\"https:\/\/richrocketgame.com\/pl\/wild-card-gang\/#FAQ\" title=\"FAQ\">FAQ<\/a><ul class='ez-toc-list-level-3' ><li class='ez-toc-heading-level-3'><a class=\"ez-toc-link ez-toc-heading-6\" href=\"https:\/\/richrocketgame.com\/pl\/wild-card-gang\/#How_does_the_Cluster_Pays_mechanic_work\" title=\"Jak dzia\u0142a mechanizm Cluster Pays?\">Jak dzia\u0142a mechanizm Cluster Pays?<\/a><\/li><li class='ez-toc-page-1 ez-toc-heading-level-3'><a class=\"ez-toc-link ez-toc-heading-7\" href=\"https:\/\/richrocketgame.com\/pl\/wild-card-gang\/#Is_it_worth_playing_Wild_Card_Gang_for_real_money_right_away_or_is_it_better_to_try_the_demo_version\" title=\"Czy warto od razu zagra\u0107 w Wild Card Gang na prawdziwe pieni\u0105dze, czy lepiej wypr\u00f3bowa\u0107 wersj\u0119 demo?\">Czy warto od razu zagra\u0107 w Wild Card Gang na prawdziwe pieni\u0105dze, czy lepiej wypr\u00f3bowa\u0107 wersj\u0119 demo?<\/a><\/li><li class='ez-toc-page-1 ez-toc-heading-level-3'><a class=\"ez-toc-link ez-toc-heading-8\" href=\"https:\/\/richrocketgame.com\/pl\/wild-card-gang\/#How_often_do_the_free_spins_round_fall_out\" title=\"Jak cz\u0119sto odbywaj\u0105 si\u0119 rundy darmowych spin\u00f3w?\">Jak cz\u0119sto odbywaj\u0105 si\u0119 rundy darmowych spin\u00f3w?<\/a><\/li><\/ul><\/li><\/ul><\/nav><\/div>\n<h2><span class=\"ez-toc-section\" id=\"What_We_Know_About_Wild_Card_Gang_Slot\"><\/span>Co wiemy o slocie Wild Card Gang<span class=\"ez-toc-section-end\"><\/span><\/h2>\n<p>Wild Card Gang o\u017cywia \u015bwiat kart do gry. Karty wysokiego poziomu (A, K, Q, J) s\u0105 prezentowane w formie charyzmatycznej grupy gangster\u00f3w. Niekonwencjonalny pomys\u0142 i styl wizualny pozwalaj\u0105 grze zdoby\u0107 kilka punkt\u00f3w jeszcze przed premier\u0105.<\/p>\n<p>BGaming stworzy\u0142o du\u017ce pole gry 6\u00d76, co zwi\u0119ksza prawdopodobie\u0144stwo wypadni\u0119cia kombinacji. Potwierdza to wysoki RTP, kt\u00f3ry osi\u0105ga 97.25%. Pomimo rozs\u0105dnej stopy zwrotu dla graczy, gracze powinni zachowa\u0107 ostro\u017cno\u015b\u0107 ze wzgl\u0119du na wysok\u0105 zmienno\u015b\u0107.<\/p>\n<p>Testy wykaza\u0142y, \u017ce zwyci\u0119skie kombinacje wypadaj\u0105 co oko\u0142o trzy obroty. Przy maksymalnym zak\u0142adzie gracze mog\u0105 otrzyma\u0107 do $250 000.<\/p>\n<p><a href=\"https:\/\/richrocketgame.com\/pl\/go\/registration\/\" target=\"_blank\" rel=\"noreferrer noopener nofollow\"><img decoding=\"async\" class=\"aligncenter wp-image-1086\" src=\"https:\/\/richrocketgame.com\/wp-content\/uploads\/2025\/02\/wild-card-gang-slot.jpg\" alt=\"Automat Wild Card Gang od BGaming.\" width=\"356\" height=\"462\" srcset=\"https:\/\/richrocketgame.com\/wp-content\/uploads\/2025\/02\/wild-card-gang-slot.jpg 553w, https:\/\/richrocketgame.com\/wp-content\/uploads\/2025\/02\/wild-card-gang-slot-231x300.jpg 231w, https:\/\/richrocketgame.com\/wp-content\/uploads\/2025\/02\/wild-card-gang-slot-9x12.jpg 9w, https:\/\/richrocketgame.com\/wp-content\/uploads\/2025\/02\/wild-card-gang-slot-31x40.jpg 31w, https:\/\/richrocketgame.com\/wp-content\/uploads\/2025\/02\/wild-card-gang-slot-25x32.jpg 25w, https:\/\/richrocketgame.com\/wp-content\/uploads\/2025\/02\/wild-card-gang-slot-62x80.jpg 62w, https:\/\/richrocketgame.com\/wp-content\/uploads\/2025\/02\/wild-card-gang-slot-104x135.jpg 104w\" sizes=\"(max-width: 356px) 100vw, 356px\" \/><\/a><\/p>\n<h3><span class=\"ez-toc-section\" id=\"Bonus_Features_of_the_Game\"><\/span><strong>Dodatkowe funkcje gry<\/strong><span class=\"ez-toc-section-end\"><\/span><\/h3>\n<p>Najciekawsz\u0105 innowacj\u0105 gry kasynowej Wild Card Gang jest mechanika MergeUP\u2122. Symbole bior\u0105ce udzia\u0142 w zwyci\u0119skich kombinacjach s\u0105 \u0142\u0105czone w symbole wy\u017cszego poziomu, zwi\u0119kszaj\u0105c wyp\u0142aty. Jednocze\u015bnie zwalnia si\u0119 miejsce na nowe symbole, co zwi\u0119ksza prawdopodobie\u0144stwo tworzenia nowych kombinacji. Gra ma dziewi\u0119\u0107 poziom\u00f3w symboli, po czym klaster staje si\u0119 scatterem.<\/p>\n<p>Pojawienie si\u0119 4 lub wi\u0119cej symboli scatter na polu gry uruchamia darmowe spiny Wild Card Gang. Liczba takich symboli okre\u015bla, ile razy mo\u017cesz uruchomi\u0107 b\u0119bny:<\/p>\n<ul>\n<li>4 symbole Scatter \u2013 15 spin\u00f3w;<\/li>\n<li>5 scatter\u00f3w \u2013 18 spin\u00f3w;<\/li>\n<li>6 symboli Scatter \u2013 20 spin\u00f3w.<\/li>\n<\/ul>\n<p>Podczas rundy bonusowej kom\u00f3rki, w kt\u00f3rych zebrano klaster, otrzymuj\u0105 mno\u017cniki. Wsp\u00f3\u0142czynnik zaczyna si\u0119 od x2 i osi\u0105ga x128. Ponadto, zbieraj\u0105c inn\u0105 kombinacj\u0119 symboli scatter, mo\u017cesz zwi\u0119kszy\u0107 liczb\u0119 darmowych spin\u00f3w o 6, 8 lub 10.<\/p>\n<div style=\"text-align: center;\"><a class=\"glow-button\" href=\"\/pl\/go\/registration\/\" rel=\"noreferrer noopener nofollow\">Wypr\u00f3buj Wild Card Gang<\/a><\/div>\n<h3><span class=\"ez-toc-section\" id=\"Paid_Bonuses\"><\/span><strong>P\u0142atne bonusy<\/strong><span class=\"ez-toc-section-end\"><\/span><\/h3>\n<p>Gracz mo\u017ce w\u0142\u0105czy\u0107 funkcj\u0119 \u201eSzansa x2\u201d, kt\u00f3ra zwi\u0119ksza prawdopodobie\u0144stwo wypadni\u0119cia symboli specjalnych o 2 razy. Zak\u0142ad jest zwi\u0119kszany o 25%. Za 100x zak\u0142adu mo\u017cesz kupi\u0107 przepustk\u0119 na rund\u0119 darmowych spin\u00f3w. Liczba spin\u00f3w b\u0119bn\u00f3w jest ustalana losowo.<\/p><script data-noptimize=\"\" data-wpfc-render=\"false\">\n\/* <![CDATA[ *\/\nfpm_start( \"true\" );\n\/* ]]> *\/\n<\/script>\n\n<p><a href=\"https:\/\/richrocketgame.com\/pl\/go\/registration\/\" target=\"_blank\" rel=\"noreferrer noopener nofollow\"><img decoding=\"async\" class=\"aligncenter wp-image-1087 size-full\" src=\"https:\/\/richrocketgame.com\/wp-content\/uploads\/2025\/02\/wild-card-gang-casino-game.jpg\" alt=\"Gra kasynowa Wild Card Gang.\" width=\"998\" height=\"624\" srcset=\"https:\/\/richrocketgame.com\/wp-content\/uploads\/2025\/02\/wild-card-gang-casino-game.jpg 998w, https:\/\/richrocketgame.com\/wp-content\/uploads\/2025\/02\/wild-card-gang-casino-game-300x188.jpg 300w, https:\/\/richrocketgame.com\/wp-content\/uploads\/2025\/02\/wild-card-gang-casino-game-768x480.jpg 768w, https:\/\/richrocketgame.com\/wp-content\/uploads\/2025\/02\/wild-card-gang-casino-game-18x12.jpg 18w, https:\/\/richrocketgame.com\/wp-content\/uploads\/2025\/02\/wild-card-gang-casino-game-64x40.jpg 64w, https:\/\/richrocketgame.com\/wp-content\/uploads\/2025\/02\/wild-card-gang-casino-game-51x32.jpg 51w, https:\/\/richrocketgame.com\/wp-content\/uploads\/2025\/02\/wild-card-gang-casino-game-128x80.jpg 128w, https:\/\/richrocketgame.com\/wp-content\/uploads\/2025\/02\/wild-card-gang-casino-game-216x135.jpg 216w\" sizes=\"(max-width: 998px) 100vw, 998px\" \/><\/a><\/p>\n<h2><span class=\"ez-toc-section\" id=\"Why_Play_Wild_Card_Gang\"><\/span>Dlaczego warto gra\u0107 w Wild Card Gang?<span class=\"ez-toc-section-end\"><\/span><\/h2>\n<p>Gra zas\u0142uguje na uwag\u0119 spo\u0142eczno\u015bci graczy z wielu powod\u00f3w:<\/p>\n<ul>\n<li>Nowa mechanika. MergeUP\u2122 dodaje \u015bwie\u017co\u015bci do slotu i znacznie zwi\u0119ksza \u015bredni\u0105 wyp\u0142at\u0119.<\/li>\n<li>Bardzo wysoki RTP. Niewiele slot\u00f3w zwraca graczom wi\u0119cej ni\u017c 97% ich zak\u0142ad\u00f3w do tej pory.<\/li>\n<li>Funkcje bonusowe. Mn\u00f3stwo dodatkowych mo\u017cliwo\u015bci wygrania nie pozwoli graczom si\u0119 nudzi\u0107.<\/li>\n<li>Interesuj\u0105cy motyw i projekt. Ulepszone przez sztuczn\u0105 inteligencj\u0119, ilustracje i narracje postaci tworz\u0105 niezapomnian\u0105 atmosfer\u0119.<\/li>\n<\/ul>\n<p>Najlepsze kasyna, w kt\u00f3rych mo\u017cesz gra\u0107 w Wild Card Gang, znajdziesz na tej stronie. Nie przegap slotu, kt\u00f3ry mo\u017ce by\u0107 g\u0142\u00f3wn\u0105 sensacj\u0105 roku.<\/p>\n<h2><span class=\"ez-toc-section\" id=\"FAQ\"><\/span>FAQ<span class=\"ez-toc-section-end\"><\/span><\/h2>\n        <section class=\"sc_fs_faq sc_card\">\n            <div>\n\t\t\t\t<h3><span class=\"ez-toc-section\" id=\"How_does_the_Cluster_Pays_mechanic_work\"><\/span>Jak dzia\u0142a mechanizm Cluster Pays?<span class=\"ez-toc-section-end\"><\/span><\/h3>                <div>\n\t\t\t\t\t                    <p>\n\t\t\t\t\t\tW slotach obs\u0142uguj\u0105cych t\u0119 funkcj\u0119 symbole wygrywaj\u0105ce s\u0105 grupowane w symbole wy\u017cszego poziomu. Nowe symbole pojawiaj\u0105 si\u0119 na zwolnionych miejscach, jak w grach z systemem kaskadowym.                    <\/p>\n                <\/div>\n            <\/div>\n        <\/section>\n\t\t        <section class=\"sc_fs_faq sc_card\">\n            <div>\n\t\t\t\t<h3><span class=\"ez-toc-section\" id=\"Is_it_worth_playing_Wild_Card_Gang_for_real_money_right_away_or_is_it_better_to_try_the_demo_version\"><\/span>Czy warto od razu zagra\u0107 w Wild Card Gang na prawdziwe pieni\u0105dze, czy lepiej wypr\u00f3bowa\u0107 wersj\u0119 demo?<span class=\"ez-toc-section-end\"><\/span><\/h3>                <div>\n\t\t\t\t\t                    <p>\n\t\t\t\t\t\tSlot oferuje wiele nowych mechanik, kt\u00f3re mog\u0105 by\u0107 nieznane nawet do\u015bwiadczonym graczom. Dlatego lepiej jest wypr\u00f3bowa\u0107 darmowy Wild Card Gang, aby zapozna\u0107 si\u0119 z funkcjonalno\u015bci\u0105.                    <\/p>\n                <\/div>\n            <\/div>\n        <\/section>\n\t\t        <section class=\"sc_fs_faq sc_card\">\n            <div>\n\t\t\t\t<h3><span class=\"ez-toc-section\" id=\"How_often_do_the_free_spins_round_fall_out\"><\/span>Jak cz\u0119sto odbywaj\u0105 si\u0119 rundy darmowych spin\u00f3w?<span class=\"ez-toc-section-end\"><\/span><\/h3>                <div>\n\t\t\t\t\t                    <p>\n\t\t\t\t\t\tBGaming twierdzi, \u017ce runda bonusowa wypada raz na 275 spin\u00f3w. Statystyki mo\u017cemy sprawdzi\u0107 po wydaniu slotu pod koniec lutego.                    <\/p>\n                <\/div>\n            <\/div>\n        <\/section>\n\t\t\n<script type=\"application\/ld+json\">{\n    \"@context\": \"https:\\\/\\\/schema.org\",\n    \"@type\": \"FAQPage\",\n    \"mainEntity\": [\n        {\n            \"@type\": \"Question\",\n            \"name\": \"How does the Cluster Pays mechanic work?\",\n            \"acceptedAnswer\": {\n                \"@type\": \"Answer\",\n                \"text\": \"In slots that support this feature, winning symbols are clustered into higher-level symbols. New symbols appear on the vacated places, as in games with a cascade system.\"\n            }\n        },\n        {\n            \"@type\": \"Question\",\n            \"name\": \"Is it worth playing Wild Card Gang for real money right away, or is it better to try the demo version?\",\n            \"acceptedAnswer\": {\n                \"@type\": \"Answer\",\n                \"text\": \"The slot offers a lot of new mechanics that may be unfamiliar even to experienced players. Therefore, trying the free Wild Card Gang to familiarize yourself with the functionality is better.\"\n            }\n        },\n        {\n            \"@type\": \"Question\",\n            \"name\": \"How often do the free spins round fall out?\",\n            \"acceptedAnswer\": {\n                \"@type\": \"Answer\",\n                \"text\": \"BGaming claims that the bonus round falls out once every 275 spins. We can check the statistics after the slot is released at the end of February.\"\n            }\n        }\n    ]\n}<\/script>\n\n<div class=\"fpm_end\"><\/div>\n<div class=\"author-card author-card--top\"><img alt='Zdj\u0119cie awatara' src='https:\/\/richrocketgame.com\/wp-content\/uploads\/2023\/03\/Paulo-Dornelas-130x130.jpg' srcset='https:\/\/richrocketgame.com\/wp-content\/uploads\/2023\/03\/Paulo-Dornelas-260x260.jpg 2x' class='avatar avatar-130 photo author-image' height='130' width='130' \/><div class=\"author-content text-md-center\"><span class=\"author-title\">Autor<\/span><a href=\"https:\/\/richrocketgame.com\/pl\/author\/paulo-dornelas\/\" class=\"author-name\">Paulo Dornelas<\/a><p class=\"author__details\">Paulo Dornelas jest ekspertem w dziedzinie hazardu, kt\u00f3ry po\u015bwi\u0119ci\u0142 swoje \u017cycie na zrozumienie tej bran\u017cy i pomaganie innym w zarabianiu na niej pieni\u0119dzy. Jest r\u00f3wnie\u017c zapalonym podr\u00f3\u017cnikiem i uwielbia odkrywa\u0107 nowe miejsca. Wiedza Paulo na temat hazardu i jego pasja do podr\u00f3\u017cy sprawiaj\u0105, \u017ce jest on idealnym przewodnikiem dla ka\u017cdego, kto szuka powa\u017cnych zysk\u00f3w z zak\u0142ad\u00f3w sportowych lub gry w kasynie.<\/p><\/div><!-- \/.author-content --><\/div>","protected":false},"excerpt":{"rendered":"<p>Wild Card Gang is BGaming&#8217;s flagship slot in 2026. The success of this slot will allow the company to establish itself as one of the best slot developers. And the game has every chance of becoming a hit. The mechanics of combining winning symbols and the non-standard system of launching free spins and winning x5,000 [&hellip;]<\/p>","protected":false},"author":2,"featured_media":0,"parent":0,"menu_order":0,"comment_status":"closed","ping_status":"closed","template":"page-no-sidebar.php","meta":{"footnotes":""},"class_list":["post-1080","page","type-page","status-publish","hentry"],"yoast_head":"<!-- This site is optimized with the Yoast SEO plugin v26.7 - https:\/\/yoast.com\/wordpress\/plugins\/seo\/ -->\n<title>Wild Card Gang by BGaming - Free Play<\/title>\n<meta name=\"description\" content=\"Meet Wild Card Gang casino game, a contender for top slot 2026. Get to know the new features. Get ready to play Wild Card Gang.\" \/>\n<meta name=\"robots\" content=\"index, follow, max-snippet:-1, max-image-preview:large, max-video-preview:-1\" \/>\n<link rel=\"canonical\" href=\"https:\/\/richrocketgame.com\/pl\/wild-card-gang\/\" \/>\n<meta property=\"og:locale\" content=\"pl_PL\" \/>\n<meta property=\"og:type\" content=\"article\" \/>\n<meta property=\"og:title\" content=\"Wild Card Gang by BGaming - Free Play\" \/>\n<meta property=\"og:description\" content=\"Meet Wild Card Gang casino game, a contender for top slot 2026. Get to know the new features. Get ready to play Wild Card Gang.\" \/>\n<meta property=\"og:url\" content=\"https:\/\/richrocketgame.com\/pl\/wild-card-gang\/\" \/>\n<meta property=\"og:site_name\" content=\"Rich Rocket Game\" \/>\n<meta property=\"article:modified_time\" content=\"2026-01-13T16:58:17+00:00\" \/>\n<meta property=\"og:image\" content=\"https:\/\/richrocketgame.com\/wp-content\/uploads\/2025\/02\/wild-card-gang-slot.jpg\" \/>\n\t<meta property=\"og:image:width\" content=\"553\" \/>\n\t<meta property=\"og:image:height\" content=\"718\" \/>\n\t<meta property=\"og:image:type\" content=\"image\/jpeg\" \/>\n<meta name=\"twitter:card\" content=\"summary_large_image\" \/>\n<meta name=\"twitter:label1\" content=\"Szacowany czas czytania\" \/>\n\t<meta name=\"twitter:data1\" content=\"4 minuty\" \/>\n<!-- \/ Yoast SEO plugin. -->","yoast_head_json":{"title":"Wild Card Gang od BGaming \u2013 darmowa gra","description":"Meet Wild Card Gang casino game, a contender for top slot 2026. Get to know the new features. Get ready to play Wild Card Gang.","robots":{"index":"index","follow":"follow","max-snippet":"max-snippet:-1","max-image-preview":"max-image-preview:large","max-video-preview":"max-video-preview:-1"},"canonical":"https:\/\/richrocketgame.com\/pl\/wild-card-gang\/","og_locale":"pl_PL","og_type":"article","og_title":"Wild Card Gang by BGaming - Free Play","og_description":"Meet Wild Card Gang casino game, a contender for top slot 2026. Get to know the new features. Get ready to play Wild Card Gang.","og_url":"https:\/\/richrocketgame.com\/pl\/wild-card-gang\/","og_site_name":"Rich Rocket Game","article_modified_time":"2026-01-13T16:58:17+00:00","og_image":[{"width":553,"height":718,"url":"https:\/\/richrocketgame.com\/wp-content\/uploads\/2025\/02\/wild-card-gang-slot.jpg","type":"image\/jpeg"}],"twitter_card":"summary_large_image","twitter_misc":{"Szacowany czas czytania":"4 minuty"},"schema":{"@context":"https:\/\/schema.org","@graph":[{"@type":"WebPage","@id":"https:\/\/richrocketgame.com\/wild-card-gang\/","url":"https:\/\/richrocketgame.com\/wild-card-gang\/","name":"Wild Card Gang od BGaming \u2013 darmowa gra","isPartOf":{"@id":"https:\/\/richrocketgame.com\/#website"},"primaryImageOfPage":{"@id":"https:\/\/richrocketgame.com\/wild-card-gang\/#primaryimage"},"image":{"@id":"https:\/\/richrocketgame.com\/wild-card-gang\/#primaryimage"},"thumbnailUrl":"https:\/\/richrocketgame.com\/wp-content\/uploads\/2025\/02\/wild-card-gang-slot.jpg","datePublished":"2025-02-12T08:57:14+00:00","dateModified":"2026-01-13T16:58:17+00:00","description":"Meet Wild Card Gang casino game, a contender for top slot 2026. Get to know the new features. Get ready to play Wild Card Gang.","breadcrumb":{"@id":"https:\/\/richrocketgame.com\/wild-card-gang\/#breadcrumb"},"inLanguage":"pl-PL","potentialAction":[{"@type":"ReadAction","target":["https:\/\/richrocketgame.com\/wild-card-gang\/"]}]},{"@type":"ImageObject","inLanguage":"pl-PL","@id":"https:\/\/richrocketgame.com\/wild-card-gang\/#primaryimage","url":"https:\/\/richrocketgame.com\/wp-content\/uploads\/2025\/02\/wild-card-gang-slot.jpg","contentUrl":"https:\/\/richrocketgame.com\/wp-content\/uploads\/2025\/02\/wild-card-gang-slot.jpg"},{"@type":"BreadcrumbList","@id":"https:\/\/richrocketgame.com\/wild-card-gang\/#breadcrumb","itemListElement":[{"@type":"ListItem","position":1,"name":"\u0413\u043b\u0430\u0432\u043d\u0430\u044f \u0441\u0442\u0440\u0430\u043d\u0438\u0446\u0430","item":"https:\/\/richrocketgame.com\/"},{"@type":"ListItem","position":2,"name":"Wild Card Gang Slot Demo"}]},{"@type":"WebSite","@id":"https:\/\/richrocketgame.com\/#website","url":"https:\/\/richrocketgame.com\/","name":"Rich Rocket Gra","description":"","publisher":{"@id":"https:\/\/richrocketgame.com\/#organization"},"potentialAction":[{"@type":"SearchAction","target":{"@type":"EntryPoint","urlTemplate":"https:\/\/richrocketgame.com\/?s={search_term_string}"},"query-input":{"@type":"PropertyValueSpecification","valueRequired":true,"valueName":"search_term_string"}}],"inLanguage":"pl-PL"},{"@type":"Organization","@id":"https:\/\/richrocketgame.com\/#organization","name":"Rich Rocket Gra","url":"https:\/\/richrocketgame.com\/","logo":{"@type":"ImageObject","inLanguage":"pl-PL","@id":"https:\/\/richrocketgame.com\/#\/schema\/logo\/image\/","url":"https:\/\/richrocketgame.com\/wp-content\/uploads\/2022\/09\/Rich-Rocket-earning-app.png","contentUrl":"https:\/\/richrocketgame.com\/wp-content\/uploads\/2022\/09\/Rich-Rocket-earning-app.png","width":512,"height":512,"caption":"Rich Rocket Game"},"image":{"@id":"https:\/\/richrocketgame.com\/#\/schema\/logo\/image\/"}}]}},"_links":{"self":[{"href":"https:\/\/richrocketgame.com\/pl\/wp-json\/wp\/v2\/pages\/1080","targetHints":{"allow":["GET"]}}],"collection":[{"href":"https:\/\/richrocketgame.com\/pl\/wp-json\/wp\/v2\/pages"}],"about":[{"href":"https:\/\/richrocketgame.com\/pl\/wp-json\/wp\/v2\/types\/page"}],"author":[{"embeddable":true,"href":"https:\/\/richrocketgame.com\/pl\/wp-json\/wp\/v2\/users\/2"}],"replies":[{"embeddable":true,"href":"https:\/\/richrocketgame.com\/pl\/wp-json\/wp\/v2\/comments?post=1080"}],"version-history":[{"count":0,"href":"https:\/\/richrocketgame.com\/pl\/wp-json\/wp\/v2\/pages\/1080\/revisions"}],"wp:attachment":[{"href":"https:\/\/richrocketgame.com\/pl\/wp-json\/wp\/v2\/media?parent=1080"}],"curies":[{"name":"wp","href":"https:\/\/api.w.org\/{rel}","templated":true}]}}