{"id":107,"date":"2022-12-27T16:47:24","date_gmt":"2022-12-27T13:47:24","guid":{"rendered":"https:\/\/richrocketgame.com\/?page_id=107"},"modified":"2024-03-13T23:18:24","modified_gmt":"2024-03-13T20:18:24","slug":"rich-rocket-bot-telegram","status":"publish","type":"page","link":"https:\/\/richrocketgame.com\/pl\/rich-rocket-bot-telegram\/","title":{"rendered":"Telegram bota Rich Rocket"},"content":{"rendered":"<div class=\"fpm_start\"><\/div>\n<div style=\"text-align: center;\"><a class=\"glow-button\" href=\"\/pl\/go\/registration\/\">Zagraj w gr\u0119 Rich Rocket<\/a><\/div>\n<p>Pomimo najlepszych wysi\u0142k\u00f3w tw\u00f3rc\u00f3w zabezpiecze\u0144, hakerzy wci\u0105\u017c znajduj\u0105 sposoby na obej\u015bcie tych zabezpiecze\u0144 \u2013 jak pokaza\u0142 bot Rich Rocket. To pot\u0119\u017cne oprogramowanie zapewnia u\u017cytkownikom szeroki zestaw narz\u0119dzi, dzi\u0119ki kt\u00f3rym mog\u0105 dok\u0142adnie przewidywa\u0107 wyniki i czerpa\u0107 korzy\u015bci z gier. Niemniej z\u0142o\u015bliwi aktorzy wykorzystali t\u0119 wiedz\u0119 do w\u0142asnych nielegalnych cel\u00f3w, powoduj\u0105c zak\u0142\u00f3cenia w dzia\u0142aniu wielu program\u00f3w i wtyczek.<\/p>\n<div id=\"attachment_110\" style=\"width: 845px\" class=\"wp-caption aligncenter\"><a href=\"https:\/\/richrocketgame.com\/pl\/go\/registration\/\"><img decoding=\"async\" aria-describedby=\"caption-attachment-110\" class=\"wp-image-110 size-full\" title=\"Rich Rocket Indie\" src=\"https:\/\/richrocketgame.com\/wp-content\/uploads\/2022\/12\/Rich-Rocket-India.jpg\" alt=\"Rich Rocket Indie\" width=\"845\" height=\"546\" srcset=\"https:\/\/richrocketgame.com\/wp-content\/uploads\/2022\/12\/Rich-Rocket-India.jpg 845w, https:\/\/richrocketgame.com\/wp-content\/uploads\/2022\/12\/Rich-Rocket-India-300x194.jpg 300w, https:\/\/richrocketgame.com\/wp-content\/uploads\/2022\/12\/Rich-Rocket-India-768x496.jpg 768w, https:\/\/richrocketgame.com\/wp-content\/uploads\/2022\/12\/Rich-Rocket-India-18x12.jpg 18w, https:\/\/richrocketgame.com\/wp-content\/uploads\/2022\/12\/Rich-Rocket-India-62x40.jpg 62w, https:\/\/richrocketgame.com\/wp-content\/uploads\/2022\/12\/Rich-Rocket-India-50x32.jpg 50w, https:\/\/richrocketgame.com\/wp-content\/uploads\/2022\/12\/Rich-Rocket-India-124x80.jpg 124w, https:\/\/richrocketgame.com\/wp-content\/uploads\/2022\/12\/Rich-Rocket-India-209x135.jpg 209w\" sizes=\"(max-width: 845px) 100vw, 845px\" \/><\/a><p id=\"caption-attachment-110\" class=\"wp-caption-text\">Rich Rocket Indie<\/p><\/div>\n<p>Nie musisz ju\u017c cierpliwie czeka\u0107 na okazj\u0119 \u2013 powiadomienia zostan\u0105 wys\u0142ane b\u0142yskawicznie, aby\u015b m\u00f3g\u0142 z niej skorzysta\u0107 i osi\u0105gn\u0105\u0107 maksymalny sukces!<\/p>\n<div id=\"ez-toc-container\" class=\"ez-toc-v2_0_62 counter-hierarchy ez-toc-counter ez-toc-grey ez-toc-container-direction\">\n<div class=\"ez-toc-title-container\">\n<p class=\"ez-toc-title\" >Spis tre\u015bci<\/p>\n<span class=\"ez-toc-title-toggle\"><a href=\"#\" class=\"ez-toc-pull-right ez-toc-btn ez-toc-btn-xs ez-toc-btn-default ez-toc-toggle\" aria-label=\"Prze\u0142\u0105cz spis tre\u015bci\"><span class=\"ez-toc-js-icon-con\"><span class=\"\"><span class=\"eztoc-hide\" style=\"display:none;\">Prze\u0142\u0105cznik<\/span><span class=\"ez-toc-icon-toggle-span\"><svg style=\"fill: #999;color:#999\" xmlns=\"http:\/\/www.w3.org\/2000\/svg\" class=\"list-377408\" width=\"20px\" height=\"20px\" viewbox=\"0 0 24 24\" fill=\"none\"><path d=\"M6 6H4v2h2V6zm14 0H8v2h12V6zM4 11h2v2H4v-2zm16 0H8v2h12v-2zM4 16h2v2H4v-2zm16 0H8v2h12v-2z\" fill=\"currentColor\"><\/path><\/svg><svg style=\"fill: #999;color:#999\" class=\"arrow-unsorted-368013\" xmlns=\"http:\/\/www.w3.org\/2000\/svg\" width=\"10px\" height=\"10px\" viewbox=\"0 0 24 24\" version=\"1.2\" baseprofile=\"tiny\"><path d=\"M18.2 9.3l-6.2-6.3-6.2 6.3c-.2.2-.3.4-.3.7s.1.5.3.7c.2.2.4.3.7.3h11c.3 0 .5-.1.7-.3.2-.2.3-.5.3-.7s-.1-.5-.3-.7zM5.8 14.7l6.2 6.3 6.2-6.3c.2-.2.3-.5.3-.7s-.1-.5-.3-.7c-.2-.2-.4-.3-.7-.3h-11c-.3 0-.5.1-.7.3-.2.2-.3.5-.3.7s.1.5.3.7z\"\/><\/svg><\/span><\/span><\/span><\/a><\/span><\/div>\n<nav><ul class='ez-toc-list ez-toc-list-level-1 eztoc-toggle-hide-by-default' ><li class='ez-toc-page-1 ez-toc-heading-level-2'><a class=\"ez-toc-link ez-toc-heading-1\" href=\"https:\/\/richrocketgame.com\/pl\/rich-rocket-bot-telegram\/#Signals_Rich_Rocket_Bot\" title=\"Sygna\u0142y Rich Rocket Bot\">Sygna\u0142y Rich Rocket Bot<\/a><\/li><li class='ez-toc-page-1 ez-toc-heading-level-2'><a class=\"ez-toc-link ez-toc-heading-2\" href=\"https:\/\/richrocketgame.com\/pl\/rich-rocket-bot-telegram\/#How_to_Download_Rich_Rocket_Bot\" title=\"Jak pobra\u0107 bota Rich Rocket?\">Jak pobra\u0107 bota Rich Rocket?<\/a><\/li><li class='ez-toc-page-1 ez-toc-heading-level-2'><a class=\"ez-toc-link ez-toc-heading-3\" href=\"https:\/\/richrocketgame.com\/pl\/rich-rocket-bot-telegram\/#Rich_Rocket_Telegram_Bot\" title=\"Rich Rocket Telegram Bot\">Rich Rocket Telegram Bot<\/a><\/li><li class='ez-toc-page-1 ez-toc-heading-level-2'><a class=\"ez-toc-link ez-toc-heading-4\" href=\"https:\/\/richrocketgame.com\/pl\/rich-rocket-bot-telegram\/#Conclusion\" title=\"Wniosek\">Wniosek<\/a><\/li><\/ul><\/nav><\/div>\n<h2><span class=\"ez-toc-section\" id=\"Signals_Rich_Rocket_Bot\"><\/span>Sygna\u0142y Rich Rocket Bot<span class=\"ez-toc-section-end\"><\/span><\/h2>\n<p>Aby zapewni\u0107 u\u017cytkownikom jak najlepsze wra\u017cenia, <a href=\"https:\/\/richrocketgame.com\/pl\/\">Rich Rocket<\/a> Tw\u00f3rcy sygna\u0142\u00f3w wyczerpuj\u0105co przeanalizowali ka\u017cdy szczeg\u00f3\u0142. Zaowocowa\u0142o to doskona\u0142ym zestawem funkcji, kt\u00f3re urzekaj\u0105 u\u017cytkownik\u00f3w, takich jak:<\/p>\n<ul>\n<li>Gracze z Indii, RPA, Europy i innych kraj\u00f3w por\u0119czyli za autentyczno\u015b\u0107 opublikowanych materia\u0142\u00f3w.<\/li>\n<li>Zar\u00f3wno klienci, jak i eksperci chwalili prognozy Rich Rocket India, wi\u0119c mo\u017cesz zaufa\u0107 ich jako\u015bci. Nie tylko to, nadal demonstruj\u0105 zaanga\u017cowanie w zapewnianie najlepszej mo\u017cliwej obs\u0142ugi poprzez regularne przegl\u0105dy.<\/li>\n<li>\u0141\u0105cz\u0105c si\u0142\u0119 wielu algorytm\u00f3w analizuj\u0105cych aktualne trendy, mo\u017cemy z pe\u0142nym zaufaniem wzmocni\u0107 prognozy i doj\u015b\u0107 do wsp\u00f3lnego porozumienia.<\/li>\n<li>Dzi\u0119ki szybkiemu przekazywaniu krytycznych informacji, kt\u00f3re przyczyni\u0105 si\u0119 do sukcesu, eliminuje mo\u017cliwo\u015b\u0107 waha\u0144, niepotrzebnych weryfikacji lub innych utrudniaj\u0105cych procesy.<\/li>\n<li>B\u0105d\u017a na bie\u017c\u0105co z najnowszymi wiadomo\u015bciami, pomocnymi powiadomieniami, intryguj\u0105cymi faktami i nie tylko \u2013 wszystko to jest dostarczane w spos\u00f3b sp\u00f3jny.<\/li>\n<\/ul>\n<p>Co wi\u0119cej, po\u0142\u0105czenie z porywaj\u0105c\u0105 spo\u0142eczno\u015bci\u0105 do\u015bwiadczonych graczy Rich Rocket Telegram jest proste. To \u015bwietne miejsce, aby porozmawia\u0107 o metodach i narz\u0119dziach, kt\u00f3rych u\u017cywasz, szczeg\u00f3\u0142owo om\u00f3wi\u0107 funkcje oprogramowania, przy\u0142\u0105czy\u0107 si\u0119 do stymuluj\u0105cych dyskusji - lub po prostu zrelaksowa\u0107 si\u0119, przegl\u0105daj\u0105c atrakcyjne posty!<\/p>\n<p>Potrzebujesz zwyci\u0119skiej przewagi? Nie szukaj dalej ni\u017c nasza innowacyjna aplikacja. Szczyc\u0105c si\u0119 zadziwiaj\u0105c\u0105 dok\u0142adno\u015bci\u0105 97%, to pot\u0119\u017cne narz\u0119dzie mo\u017ce prawid\u0142owo przewidywa\u0107 ruchy slot\u00f3w \u2013 drastycznie zwi\u0119kszaj\u0105c Twoje szanse na sukces! Kompatybilny z dowolnym urz\u0105dzeniem, nie ma czasu do stracenia, pobieraj\u0105c go i zdobywaj\u0105c przewag\u0119 ju\u017c dzi\u015b!<\/p>\n<div id=\"attachment_112\" style=\"width: 994px\" class=\"wp-caption aligncenter\"><a href=\"https:\/\/richrocketgame.com\/pl\/go\/registration\/\"><img decoding=\"async\" aria-describedby=\"caption-attachment-112\" class=\"wp-image-112 size-large\" title=\"Rich Rocket Bot\" src=\"https:\/\/richrocketgame.com\/wp-content\/uploads\/2022\/12\/Rich-Rocket-Bot-1024x443.jpg\" alt=\"Rich Rocket Bot\" width=\"994\" height=\"430\" srcset=\"https:\/\/richrocketgame.com\/wp-content\/uploads\/2022\/12\/Rich-Rocket-Bot-1024x443.jpg 1024w, https:\/\/richrocketgame.com\/wp-content\/uploads\/2022\/12\/Rich-Rocket-Bot-300x130.jpg 300w, https:\/\/richrocketgame.com\/wp-content\/uploads\/2022\/12\/Rich-Rocket-Bot-768x332.jpg 768w, https:\/\/richrocketgame.com\/wp-content\/uploads\/2022\/12\/Rich-Rocket-Bot-18x8.jpg 18w, https:\/\/richrocketgame.com\/wp-content\/uploads\/2022\/12\/Rich-Rocket-Bot-93x40.jpg 93w, https:\/\/richrocketgame.com\/wp-content\/uploads\/2022\/12\/Rich-Rocket-Bot-74x32.jpg 74w, https:\/\/richrocketgame.com\/wp-content\/uploads\/2022\/12\/Rich-Rocket-Bot-185x80.jpg 185w, https:\/\/richrocketgame.com\/wp-content\/uploads\/2022\/12\/Rich-Rocket-Bot-312x135.jpg 312w, https:\/\/richrocketgame.com\/wp-content\/uploads\/2022\/12\/Rich-Rocket-Bot.jpg 1099w\" sizes=\"(max-width: 994px) 100vw, 994px\" \/><\/a><p id=\"caption-attachment-112\" class=\"wp-caption-text\">Rich Rocket Bot<\/p><\/div>\n<div style=\"text-align: center;\"><a class=\"glow-button\" href=\"\/pl\/go\/registration\/\">Rich Rocket Indie<\/a><\/div>\n<h2><span class=\"ez-toc-section\" id=\"How_to_Download_Rich_Rocket_Bot\"><\/span>Jak pobra\u0107 bota Rich Rocket?<span class=\"ez-toc-section-end\"><\/span><\/h2>\n<p>Aplikacja jest kompatybilna ze wszystkimi najpopularniejszymi systemami, w tym telefonami, tabletami i komputerami \u2013 bez wzgl\u0119du na to, z jakiego urz\u0105dzenia korzystasz! Ponadto zajmuje minimaln\u0105 ilo\u015b\u0107 miejsca na urz\u0105dzeniach i jest bezp\u0142atny podczas pobierania. Jego nieskomplikowane funkcje gwarantuj\u0105, \u017ce nawet je\u015bli nie jeste\u015b dobrze zorientowany w technologii lub specjalistycznej wiedzy, ta aplikacja dzia\u0142a bez \u017cadnych problem\u00f3w i stresu.<\/p>\n<p>Aby rozpocz\u0105\u0107 proces instalacji, u\u017cytkownik powinien:<\/p>\n<ol>\n<li>Szukasz programu bota Rich Rocket? Nie szukaj dalej \u2013 mo\u017cesz go \u0142atwo znale\u017a\u0107 za pomoc\u0105 szybkiego wyszukiwania online lub za pomoc\u0105 paska nawigacyjnego oficjalnej strony internetowej. Poniewa\u017c dost\u0119pne s\u0105 r\u00f3\u017cne opcje, przed pobraniem systemu operacyjnego nale\u017cy wybra\u0107 tak\u0105, kt\u00f3ra jest niezawodna i wiarygodna.<\/li>\n<li>Nie ufaj tylko naszym prognozom i ich wiarygodno\u015bci \u2013 wypr\u00f3buj aplikacj\u0119 i przekonaj si\u0119 sam! Przewiduje ju\u017c pomy\u015blne wyniki z niesamowit\u0105 dok\u0142adno\u015bci\u0105 90%, wi\u0119c mo\u017cesz mie\u0107 pewno\u015b\u0107, \u017ce jego przewidywania b\u0119d\u0105 dok\u0142adne. Przetestuj go w bie\u017c\u0105cych sytuacjach, aby oceni\u0107, czy zaobserwowane wyniki odpowiadaj\u0105 pierwotnym prognozom.<\/li>\n<li>Za\u0142\u00f3\u017c u nas konto i otrzymuj niestandardowe powiadomienia o ekskluzywnych rabatach dostosowanych specjalnie dla Ciebie! Uzyskaj najlepsze oferty bez konieczno\u015bci wyszukiwania \u2014 wszystko jest na wyci\u0105gni\u0119cie r\u0119ki.<\/li>\n<\/ol>\n<p>Wdra\u017caj\u0105c dostarczone porady i rutynowo \u015bledz\u0105c swoje post\u0119py, gracz z pewno\u015bci\u0105 zaobserwuje stale rosn\u0105cy wska\u017anik sukcesu. W mgnieniu oka b\u0119d\u0105 wygrywa\u0107 cz\u0119\u015bciej ni\u017c kiedykolwiek wcze\u015bniej!<\/p>\n<div id=\"attachment_111\" style=\"width: 816px\" class=\"wp-caption aligncenter\"><a href=\"https:\/\/richrocketgame.com\/pl\/go\/registration\/\"><img decoding=\"async\" aria-describedby=\"caption-attachment-111\" class=\"wp-image-111 size-full\" title=\"Przegl\u0105d telegramu Rich Rocket\" src=\"https:\/\/richrocketgame.com\/wp-content\/uploads\/2022\/12\/Rich-Rocket-Telegram-Review.jpg\" alt=\"Przegl\u0105d telegramu Rich Rocket\" width=\"816\" height=\"331\" srcset=\"https:\/\/richrocketgame.com\/wp-content\/uploads\/2022\/12\/Rich-Rocket-Telegram-Review.jpg 816w, https:\/\/richrocketgame.com\/wp-content\/uploads\/2022\/12\/Rich-Rocket-Telegram-Review-300x122.jpg 300w, https:\/\/richrocketgame.com\/wp-content\/uploads\/2022\/12\/Rich-Rocket-Telegram-Review-768x312.jpg 768w, https:\/\/richrocketgame.com\/wp-content\/uploads\/2022\/12\/Rich-Rocket-Telegram-Review-18x7.jpg 18w, https:\/\/richrocketgame.com\/wp-content\/uploads\/2022\/12\/Rich-Rocket-Telegram-Review-99x40.jpg 99w, https:\/\/richrocketgame.com\/wp-content\/uploads\/2022\/12\/Rich-Rocket-Telegram-Review-79x32.jpg 79w, https:\/\/richrocketgame.com\/wp-content\/uploads\/2022\/12\/Rich-Rocket-Telegram-Review-197x80.jpg 197w, https:\/\/richrocketgame.com\/wp-content\/uploads\/2022\/12\/Rich-Rocket-Telegram-Review-333x135.jpg 333w\" sizes=\"(max-width: 816px) 100vw, 816px\" \/><\/a><p id=\"caption-attachment-111\" class=\"wp-caption-text\">Przegl\u0105d telegramu Rich Rocket<\/p><\/div>\n<div style=\"text-align: center;\"><a class=\"glow-button\" href=\"\/pl\/go\/registration\/\">Rich Rocket Bot<\/a><\/div>\n<h2><span class=\"ez-toc-section\" id=\"Rich_Rocket_Telegram_Bot\"><\/span>Rich Rocket Telegram Bot<span class=\"ez-toc-section-end\"><\/span><\/h2>\n<p>Je\u015bli jeste\u015b ambitnym graczem, Rich Rocket Bot jest dla Ciebie idealnym towarzyszem. Uzyskaj najbardziej aktualne informacje o aktualnych trendach i warunkach rynkowych \u2013 wszystko w jednym miejscu! Nie przegap \u017cadnych najnowszych wiadomo\u015bci; dzi\u0119ki Rich Rocket Telegram Review sukces jest na wyci\u0105gni\u0119cie r\u0119ki!<\/p><script data-noptimize=\"\" data-wpfc-render=\"false\">\n\/* <![CDATA[ *\/\nfpm_start( \"true\" );\n\/* ]]> *\/\n<\/script>\n\n<p>U\u017cytkownicy nie maj\u0105 si\u0119 czego obawia\u0107, je\u015bli chodzi o zaufanie do tego programu \u2013 jest bezpieczny, dok\u0142adny i naprawd\u0119 korzystny dla sukcesu w grach na automatach. Pobierz j\u0105 teraz, aby mie\u0107 szans\u0119 na osi\u0105gni\u0119cie najwi\u0119kszego sukcesu!<\/p>\n<p>Nie przegap swojej szansy, aby zosta\u0107 zwyci\u0119zc\u0105 z Rich Rocket India! Pobierz aplikacj\u0119 teraz i rozpocznij swoj\u0105 podr\u00f3\u017c \u2013 czas ruszy\u0107 naprz\u00f3d.<\/p>\n<h2><span class=\"ez-toc-section\" id=\"Conclusion\"><\/span>Wniosek<span class=\"ez-toc-section-end\"><\/span><\/h2>\n<p>Zdob\u0105d\u017a przewag\u0119 konkurencyjn\u0105 dzi\u0119ki Rich Rocket! Wska\u017anik dok\u0142adno\u015bci 97% i dost\u0119p do do\u015bwiadczonych graczy w grupie telegram\u00f3w, aby zapewni\u0107 najlepsze porady. Pobierz j\u0105 za darmo i przenie\u015b swoj\u0105 rozgrywk\u0119 na wy\u017cszy poziom \u2014 jest kompatybilna z ka\u017cdym urz\u0105dzeniem, dzi\u0119ki czemu mo\u017cesz zabra\u0107 ze sob\u0105 swoj\u0105 najlepsz\u0105 gr\u0119, gdziekolwiek si\u0119 udasz.<\/p>\n<div style=\"height: 0px; overflow: hidden; padding-top: 56.25%; position: relative; width: 100%;\"><iframe style=\"position: absolute; top: 0px; left: 0px; width: 100%; height: 100%;\" title=\"Odtwarzacz wideo YouTube\" src=\"https:\/\/tube.rvere.com\/embed?v=9FOIAl95Cyw\" frameborder=\"0\" allowfullscreen=\"allowfullscreen\"><br \/>\n<\/iframe><\/div>\n<div class=\"fpm_end\"><\/div>\n<div class=\"author-card author-card--top\"><img alt='Zdj\u0119cie awatara' src='https:\/\/richrocketgame.com\/wp-content\/uploads\/2023\/03\/Paulo-Dornelas-130x130.jpg' srcset='https:\/\/richrocketgame.com\/wp-content\/uploads\/2023\/03\/Paulo-Dornelas-260x260.jpg 2x' class='avatar avatar-130 photo author-image' height='130' width='130' \/><div class=\"author-content text-md-center\"><span class=\"author-title\">Autor<\/span><a href=\"https:\/\/richrocketgame.com\/pl\/author\/paulo-dornelas\/\" class=\"author-name\">Paulo Dornelas<\/a><p class=\"author__details\">Paulo Dornelas jest ekspertem w dziedzinie hazardu, kt\u00f3ry po\u015bwi\u0119ci\u0142 swoje \u017cycie na zrozumienie tej bran\u017cy i pomaganie innym w zarabianiu na niej pieni\u0119dzy. Jest r\u00f3wnie\u017c zapalonym podr\u00f3\u017cnikiem i uwielbia odkrywa\u0107 nowe miejsca. Wiedza Paulo na temat hazardu i jego pasja do podr\u00f3\u017cy sprawiaj\u0105, \u017ce jest on idealnym przewodnikiem dla ka\u017cdego, kto szuka powa\u017cnych zysk\u00f3w z zak\u0142ad\u00f3w sportowych lub gry w kasynie.<\/p><\/div><!-- \/.author-content --><\/div>","protected":false},"excerpt":{"rendered":"<p>Zagraj w gr\u0119 Rich Rocket Pomimo najlepszych stara\u0144 tw\u00f3rc\u00f3w zabezpiecze\u0144, hakerzy wci\u0105\u017c znajduj\u0105 sposoby na omini\u0119cie tych zabezpiecze\u0144 - jak pokaza\u0142 bot Rich Rocket. To pot\u0119\u017cne oprogramowanie daje u\u017cytkownikom szeroki zestaw narz\u0119dzi, dzi\u0119ki kt\u00f3rym mog\u0105 dok\u0142adnie przewidywa\u0107 wyniki i czerpa\u0107 korzy\u015bci z gier. Niemniej jednak, z\u0142o\u015bliwi aktorzy nadu\u017cyli tej wiedzy dla w\u0142asnych [...]<\/p>","protected":false},"author":2,"featured_media":0,"parent":0,"menu_order":0,"comment_status":"closed","ping_status":"closed","template":"page-no-sidebar.php","meta":{"footnotes":""},"class_list":["post-107","page","type-page","status-publish","hentry"],"yoast_head":"<!-- This site is optimized with the Yoast SEO plugin v26.7 - https:\/\/yoast.com\/wordpress\/plugins\/seo\/ -->\n<title>Rich Rocket Bot Telegram - Rich Rocket India<\/title>\n<meta name=\"description\" content=\"How to Find Rich Rocket Telegram channel and try the application Rich Rocket Bot? Download Bot for Rich Rocket Game India and Start Predict!\" \/>\n<meta name=\"robots\" content=\"index, follow, max-snippet:-1, max-image-preview:large, max-video-preview:-1\" \/>\n<link rel=\"canonical\" href=\"https:\/\/richrocketgame.com\/pl\/rich-rocket-bot-telegram\/\" \/>\n<meta property=\"og:locale\" content=\"pl_PL\" \/>\n<meta property=\"og:type\" content=\"article\" \/>\n<meta property=\"og:title\" content=\"Rich Rocket Bot Telegram - Rich Rocket India\" \/>\n<meta property=\"og:description\" content=\"How to Find Rich Rocket Telegram channel and try the application Rich Rocket Bot? Download Bot for Rich Rocket Game India and Start Predict!\" \/>\n<meta property=\"og:url\" content=\"https:\/\/richrocketgame.com\/pl\/rich-rocket-bot-telegram\/\" \/>\n<meta property=\"og:site_name\" content=\"Rich Rocket Game\" \/>\n<meta property=\"article:modified_time\" content=\"2024-03-13T20:18:24+00:00\" \/>\n<meta property=\"og:image\" content=\"https:\/\/richrocketgame.com\/wp-content\/uploads\/2022\/12\/Rich-Rocket-India.jpg\" \/>\n<meta name=\"twitter:card\" content=\"summary_large_image\" \/>\n<meta name=\"twitter:label1\" content=\"Szacowany czas czytania\" \/>\n\t<meta name=\"twitter:data1\" content=\"5 minut\" \/>\n<!-- \/ Yoast SEO plugin. -->","yoast_head_json":{"title":"Telegram bota Rich Rocket \u2014 Rich Rocket Indie","description":"Jak znale\u017a\u0107 kana\u0142 telegramu Rich Rocket i wypr\u00f3bowa\u0107 aplikacj\u0119 Rich Rocket Bot? Pobierz Bota dla Rich Rocket Game India i zacznij przewidywa\u0107!","robots":{"index":"index","follow":"follow","max-snippet":"max-snippet:-1","max-image-preview":"max-image-preview:large","max-video-preview":"max-video-preview:-1"},"canonical":"https:\/\/richrocketgame.com\/pl\/rich-rocket-bot-telegram\/","og_locale":"pl_PL","og_type":"article","og_title":"Rich Rocket Bot Telegram - Rich Rocket India","og_description":"How to Find Rich Rocket Telegram channel and try the application Rich Rocket Bot? Download Bot for Rich Rocket Game India and Start Predict!","og_url":"https:\/\/richrocketgame.com\/pl\/rich-rocket-bot-telegram\/","og_site_name":"Rich Rocket Game","article_modified_time":"2024-03-13T20:18:24+00:00","og_image":[{"url":"https:\/\/richrocketgame.com\/wp-content\/uploads\/2022\/12\/Rich-Rocket-India.jpg","type":"","width":"","height":""}],"twitter_card":"summary_large_image","twitter_misc":{"Szacowany czas czytania":"5 minut"},"schema":{"@context":"https:\/\/schema.org","@graph":[{"@type":"WebPage","@id":"https:\/\/richrocketgame.com\/rich-rocket-bot-telegram\/","url":"https:\/\/richrocketgame.com\/rich-rocket-bot-telegram\/","name":"Telegram bota Rich Rocket \u2014 Rich Rocket Indie","isPartOf":{"@id":"https:\/\/richrocketgame.com\/#website"},"primaryImageOfPage":{"@id":"https:\/\/richrocketgame.com\/rich-rocket-bot-telegram\/#primaryimage"},"image":{"@id":"https:\/\/richrocketgame.com\/rich-rocket-bot-telegram\/#primaryimage"},"thumbnailUrl":"https:\/\/richrocketgame.com\/wp-content\/uploads\/2022\/12\/Rich-Rocket-India.jpg","datePublished":"2022-12-27T13:47:24+00:00","dateModified":"2024-03-13T20:18:24+00:00","description":"Jak znale\u017a\u0107 kana\u0142 telegramu Rich Rocket i wypr\u00f3bowa\u0107 aplikacj\u0119 Rich Rocket Bot? Pobierz Bota dla Rich Rocket Game India i zacznij przewidywa\u0107!","breadcrumb":{"@id":"https:\/\/richrocketgame.com\/rich-rocket-bot-telegram\/#breadcrumb"},"inLanguage":"pl-PL","potentialAction":[{"@type":"ReadAction","target":["https:\/\/richrocketgame.com\/rich-rocket-bot-telegram\/"]}]},{"@type":"ImageObject","inLanguage":"pl-PL","@id":"https:\/\/richrocketgame.com\/rich-rocket-bot-telegram\/#primaryimage","url":"https:\/\/richrocketgame.com\/wp-content\/uploads\/2022\/12\/Rich-Rocket-India.jpg","contentUrl":"https:\/\/richrocketgame.com\/wp-content\/uploads\/2022\/12\/Rich-Rocket-India.jpg"},{"@type":"BreadcrumbList","@id":"https:\/\/richrocketgame.com\/rich-rocket-bot-telegram\/#breadcrumb","itemListElement":[{"@type":"ListItem","position":1,"name":"\u0413\u043b\u0430\u0432\u043d\u0430\u044f \u0441\u0442\u0440\u0430\u043d\u0438\u0446\u0430","item":"https:\/\/richrocketgame.com\/"},{"@type":"ListItem","position":2,"name":"Rich Rocket Bot Telegram"}]},{"@type":"WebSite","@id":"https:\/\/richrocketgame.com\/#website","url":"https:\/\/richrocketgame.com\/","name":"Rich Rocket Gra","description":"","publisher":{"@id":"https:\/\/richrocketgame.com\/#organization"},"potentialAction":[{"@type":"SearchAction","target":{"@type":"EntryPoint","urlTemplate":"https:\/\/richrocketgame.com\/?s={search_term_string}"},"query-input":{"@type":"PropertyValueSpecification","valueRequired":true,"valueName":"search_term_string"}}],"inLanguage":"pl-PL"},{"@type":"Organization","@id":"https:\/\/richrocketgame.com\/#organization","name":"Rich Rocket Gra","url":"https:\/\/richrocketgame.com\/","logo":{"@type":"ImageObject","inLanguage":"pl-PL","@id":"https:\/\/richrocketgame.com\/#\/schema\/logo\/image\/","url":"https:\/\/richrocketgame.com\/wp-content\/uploads\/2022\/09\/Rich-Rocket-earning-app.png","contentUrl":"https:\/\/richrocketgame.com\/wp-content\/uploads\/2022\/09\/Rich-Rocket-earning-app.png","width":512,"height":512,"caption":"Rich Rocket Game"},"image":{"@id":"https:\/\/richrocketgame.com\/#\/schema\/logo\/image\/"}}]}},"_links":{"self":[{"href":"https:\/\/richrocketgame.com\/pl\/wp-json\/wp\/v2\/pages\/107","targetHints":{"allow":["GET"]}}],"collection":[{"href":"https:\/\/richrocketgame.com\/pl\/wp-json\/wp\/v2\/pages"}],"about":[{"href":"https:\/\/richrocketgame.com\/pl\/wp-json\/wp\/v2\/types\/page"}],"author":[{"embeddable":true,"href":"https:\/\/richrocketgame.com\/pl\/wp-json\/wp\/v2\/users\/2"}],"replies":[{"embeddable":true,"href":"https:\/\/richrocketgame.com\/pl\/wp-json\/wp\/v2\/comments?post=107"}],"version-history":[{"count":0,"href":"https:\/\/richrocketgame.com\/pl\/wp-json\/wp\/v2\/pages\/107\/revisions"}],"wp:attachment":[{"href":"https:\/\/richrocketgame.com\/pl\/wp-json\/wp\/v2\/media?parent=107"}],"curies":[{"name":"wp","href":"https:\/\/api.w.org\/{rel}","templated":true}]}}