{"id":1039,"date":"2025-02-11T18:44:02","date_gmt":"2025-02-11T15:44:02","guid":{"rendered":"https:\/\/richrocketgame.com\/?page_id=1039"},"modified":"2025-08-01T11:18:06","modified_gmt":"2025-08-01T08:18:06","slug":"jungle-queen-slot","status":"publish","type":"page","link":"https:\/\/richrocketgame.com\/pl\/jungle-queen-slot\/","title":{"rendered":"Demo automatu Jungle Queen"},"content":{"rendered":"<div class=\"fpm_start\"><\/div>\n<p>Slot Jungle Queen, kt\u00f3rego premiera zaplanowana jest na 20 lutego 2025 roku, przeniesie graczy do domeny kr\u00f3lowej las\u00f3w deszczowych. Go\u015bcinne powitanie czeka na ciebie na polu gry 5 \u00d7 3 z 20 liniami wyp\u0142at. Szcz\u0119\u015bliwi gracze, kt\u00f3rzy zadowol\u0105 kr\u00f3low\u0105, mog\u0105 wygra\u0107 x10,000. Jungle Queen od BGaming ma cztery funkcje bonusowe, kt\u00f3re sprawiaj\u0105, \u017ce ka\u017cdy obr\u00f3t jest nieprzewidywalny.<\/p>\n<div style=\"text-align: center;\"><a class=\"glow-button\" href=\"\/pl\/go\/registration\/\" rel=\"noreferrer noopener nofollow\">Zagraj na automacie<\/a><\/div>\n<table>\n<tbody>\n<tr>\n<td>Data wydania<\/td>\n<td>20 lutego 2025 r.<\/td>\n<\/tr>\n<tr>\n<td>Ko\u0142owrotki<\/td>\n<td>5<\/td>\n<\/tr>\n<tr>\n<td>Rz\u0119dy<\/td>\n<td>3<\/td>\n<\/tr>\n<tr>\n<td>RTP<\/td>\n<td>96,15%<\/td>\n<\/tr>\n<tr>\n<td>Zmienno\u015b\u0107<\/td>\n<td>High<\/td>\n<\/tr>\n<tr>\n<td>Zwyci\u0119skie linie<\/td>\n<td>20<\/td>\n<\/tr>\n<tr>\n<td>Maksymalne wygrane<\/td>\n<td>10 000<\/td>\n<\/tr>\n<\/tbody>\n<\/table>\n<p>&nbsp;<\/p>\n<div id=\"ez-toc-container\" class=\"ez-toc-v2_0_62 counter-hierarchy ez-toc-counter ez-toc-grey ez-toc-container-direction\">\n<div class=\"ez-toc-title-container\">\n<p class=\"ez-toc-title\" >Spis tre\u015bci<\/p>\n<span class=\"ez-toc-title-toggle\"><a href=\"#\" class=\"ez-toc-pull-right ez-toc-btn ez-toc-btn-xs ez-toc-btn-default ez-toc-toggle\" aria-label=\"Prze\u0142\u0105cz spis tre\u015bci\"><span class=\"ez-toc-js-icon-con\"><span class=\"\"><span class=\"eztoc-hide\" style=\"display:none;\">Prze\u0142\u0105cznik<\/span><span class=\"ez-toc-icon-toggle-span\"><svg style=\"fill: #999;color:#999\" xmlns=\"http:\/\/www.w3.org\/2000\/svg\" class=\"list-377408\" width=\"20px\" height=\"20px\" viewbox=\"0 0 24 24\" fill=\"none\"><path d=\"M6 6H4v2h2V6zm14 0H8v2h12V6zM4 11h2v2H4v-2zm16 0H8v2h12v-2zM4 16h2v2H4v-2zm16 0H8v2h12v-2z\" fill=\"currentColor\"><\/path><\/svg><svg style=\"fill: #999;color:#999\" class=\"arrow-unsorted-368013\" xmlns=\"http:\/\/www.w3.org\/2000\/svg\" width=\"10px\" height=\"10px\" viewbox=\"0 0 24 24\" version=\"1.2\" baseprofile=\"tiny\"><path d=\"M18.2 9.3l-6.2-6.3-6.2 6.3c-.2.2-.3.4-.3.7s.1.5.3.7c.2.2.4.3.7.3h11c.3 0 .5-.1.7-.3.2-.2.3-.5.3-.7s-.1-.5-.3-.7zM5.8 14.7l6.2 6.3 6.2-6.3c.2-.2.3-.5.3-.7s-.1-.5-.3-.7c-.2-.2-.4-.3-.7-.3h-11c-.3 0-.5.1-.7.3-.2.2-.3.5-.3.7s.1.5.3.7z\"\/><\/svg><\/span><\/span><\/span><\/a><\/span><\/div>\n<nav><ul class='ez-toc-list ez-toc-list-level-1 eztoc-toggle-hide-by-default' ><li class='ez-toc-page-1 ez-toc-heading-level-2'><a class=\"ez-toc-link ez-toc-heading-1\" href=\"https:\/\/richrocketgame.com\/pl\/jungle-queen-slot\/#What_we_Know_About_the_Jungle_Queen_Game\" title=\"Co wiemy o grze Jungle Queen\">Co wiemy o grze Jungle Queen<\/a><ul class='ez-toc-list-level-3' ><li class='ez-toc-heading-level-3'><a class=\"ez-toc-link ez-toc-heading-2\" href=\"https:\/\/richrocketgame.com\/pl\/jungle-queen-slot\/#Bonus_Features_of_the_Slot\" title=\"Funkcje bonusowe slotu\">Funkcje bonusowe slotu<\/a><\/li><\/ul><\/li><li class='ez-toc-page-1 ez-toc-heading-level-2'><a class=\"ez-toc-link ez-toc-heading-3\" href=\"https:\/\/richrocketgame.com\/pl\/jungle-queen-slot\/#Why_play_the_Jungle_Queen_slot\" title=\"Dlaczego warto zagra\u0107 na slocie Jungle Queen?\">Dlaczego warto zagra\u0107 na slocie Jungle Queen?<\/a><\/li><li class='ez-toc-page-1 ez-toc-heading-level-2'><a class=\"ez-toc-link ez-toc-heading-4\" href=\"https:\/\/richrocketgame.com\/pl\/jungle-queen-slot\/#FAQ\" title=\"FAQ\">FAQ<\/a><ul class='ez-toc-list-level-3' ><li class='ez-toc-heading-level-3'><a class=\"ez-toc-link ez-toc-heading-5\" href=\"https:\/\/richrocketgame.com\/pl\/jungle-queen-slot\/#Is_there_a_jackpot_in_Jungle_Queen\" title=\"Czy w Jungle Queen jest jackpot?\">Czy w Jungle Queen jest jackpot?<\/a><\/li><li class='ez-toc-page-1 ez-toc-heading-level-3'><a class=\"ez-toc-link ez-toc-heading-6\" href=\"https:\/\/richrocketgame.com\/pl\/jungle-queen-slot\/#Does_BGaming_plan_to_release_Jungle_Queen_Demo\" title=\"Czy BGaming planuje wyda\u0107 wersj\u0119 demonstracyjn\u0105 Jungle Queen?\">Czy BGaming planuje wyda\u0107 wersj\u0119 demonstracyjn\u0105 Jungle Queen?<\/a><\/li><li class='ez-toc-page-1 ez-toc-heading-level-3'><a class=\"ez-toc-link ez-toc-heading-7\" href=\"https:\/\/richrocketgame.com\/pl\/jungle-queen-slot\/#What_are_the_main_features_of_the_slot\" title=\"Jakie s\u0105 g\u0142\u00f3wne cechy slotu?\">Jakie s\u0105 g\u0142\u00f3wne cechy slotu?<\/a><\/li><\/ul><\/li><\/ul><\/nav><\/div>\n<h2><span class=\"ez-toc-section\" id=\"What_we_Know_About_the_Jungle_Queen_Game\"><\/span>Co wiemy o grze Jungle Queen<span class=\"ez-toc-section-end\"><\/span><\/h2>\n<p>Gra kasynowa Jungle Queen zaprasza graczy do znalezienia skarbu w tajemniczej d\u017cungli. Stylistycznie gra balansuje mi\u0119dzy motywami zwierz\u0119cymi i magicznymi. Na b\u0119bnach pojawiaj\u0105 si\u0119 symbole kart niskiego poziomu i zwierz\u0105t wysokiego poziomu.<\/p>\n<p>BGaming ustali\u0142 wysok\u0105 maksymaln\u0105 wygran\u0105 w wysoko\u015bci $250,000. Nie ma jeszcze konkretnych informacji na temat wielko\u015bci zak\u0142ad\u00f3w, ale dostawca obiecuje, \u017ce gra jest przeznaczona dla r\u00f3\u017cnych bud\u017cet\u00f3w. Je\u015bli zdecydujesz si\u0119 zagra\u0107 w Jungle Queen, mo\u017cesz spodziewa\u0107 si\u0119 zwyci\u0119skich kombinacji co 4-5 obrot\u00f3w.<\/p>\n<p><a href=\"https:\/\/richrocketgame.com\/pl\/go\/registration\/\" target=\"_blank\" rel=\"noreferrer noopener nofollow\"><img decoding=\"async\" class=\"aligncenter wp-image-1046\" src=\"https:\/\/richrocketgame.com\/wp-content\/uploads\/2025\/02\/jungle-queen-slot.jpg\" alt=\"Jungle Queen slot od BGaming.\" width=\"420\" height=\"512\" srcset=\"https:\/\/richrocketgame.com\/wp-content\/uploads\/2025\/02\/jungle-queen-slot.jpg 574w, https:\/\/richrocketgame.com\/wp-content\/uploads\/2025\/02\/jungle-queen-slot-246x300.jpg 246w, https:\/\/richrocketgame.com\/wp-content\/uploads\/2025\/02\/jungle-queen-slot-10x12.jpg 10w, https:\/\/richrocketgame.com\/wp-content\/uploads\/2025\/02\/jungle-queen-slot-33x40.jpg 33w, https:\/\/richrocketgame.com\/wp-content\/uploads\/2025\/02\/jungle-queen-slot-26x32.jpg 26w, https:\/\/richrocketgame.com\/wp-content\/uploads\/2025\/02\/jungle-queen-slot-66x80.jpg 66w, https:\/\/richrocketgame.com\/wp-content\/uploads\/2025\/02\/jungle-queen-slot-111x135.jpg 111w\" sizes=\"(max-width: 420px) 100vw, 420px\" \/><\/a><\/p>\n<h3><span class=\"ez-toc-section\" id=\"Bonus_Features_of_the_Slot\"><\/span>Funkcje bonusowe slotu<span class=\"ez-toc-section-end\"><\/span><\/h3>\n<p>Gra oferuje dwa rodzaje symboli Wild. Opr\u00f3cz tradycyjnego napisu \"Wild\", motyle mog\u0105 pojawi\u0107 si\u0119 na b\u0119bnach, zast\u0119puj\u0105c ka\u017cdy inny symbol z wyj\u0105tkiem symboli specjalnych. W tym przypadku istotne jest obserwowanie panelu nad b\u0119bnami - wy\u015bwietla on symbole, w kt\u00f3re motyle nie zamieniaj\u0105 si\u0119 w danym losowaniu.<\/p>\n<p>Inne funkcje bonusowe w Jungle Queen online obiecuj\u0105 jeszcze wi\u0119ksze zyski:<\/p>\n<ul>\n<li>Obroty darmowe. Zbierz kombinacj\u0119 3 symbol\u00f3w scatter, aby uzyska\u0107 prawo do 12 obrot\u00f3w darmowych b\u0119bn\u00f3w.<\/li>\n<li>Mistyczne motyle. Podczas darmowych obrot\u00f3w dzia\u0142a mno\u017cnik. Zebranie okre\u015blonej liczby motyli powoduje zwi\u0119kszenie mno\u017cnika o 1, usuni\u0119cie z b\u0119bn\u00f3w najmniej p\u0142atnego symbolu i uzyskanie dodatkowych trzech obrot\u00f3w darmowych.<\/li>\n<li>Z\u0142ote monety kr\u00f3lowej. Te specjalne symbole mog\u0105 pojawi\u0107 si\u0119 w dowolnym momencie, przyznaj\u0105c natychmiastowe nagrody w wysoko\u015bci do 2500-krotno\u015bci zak\u0142adu.<\/li>\n<\/ul>\n<p>BGaming doda\u0142 funkcj\u0119 Bonus Buy do Jungle Queen, umo\u017cliwiaj\u0105c graczom zakup wej\u015bcia do rundy darmowych spin\u00f3w za x100 zak\u0142adu. Umo\u017cliwi to przej\u015bcie od razu do najciekawszej cz\u0119\u015bci gry.<\/p>\n<div style=\"text-align: center;\"><a class=\"glow-button\" href=\"\/pl\/go\/registration\/\">Wypr\u00f3buj Jungle Queen<\/a><\/div>\n<h2><span class=\"ez-toc-section\" id=\"Why_play_the_Jungle_Queen_slot\"><\/span>Dlaczego warto zagra\u0107 na slocie Jungle Queen?<span class=\"ez-toc-section-end\"><\/span><\/h2>\n<p>Gra zas\u0142uguje na uwag\u0119 z kilku powod\u00f3w:<\/p><script data-noptimize=\"\" data-wpfc-render=\"false\">\n\/* <![CDATA[ *\/\nfpm_start( \"true\" );\n\/* ]]> *\/\n<\/script>\n\n<ul>\n<li>Doskona\u0142e maksymalne wygrane. Zak\u0142ad mo\u017ce wzrosn\u0105\u0107 10 000 razy w jednym losowaniu.<\/li>\n<li>Funkcja z\u0142otej monety. Moneta o warto\u015bci x2,500 zak\u0142adu mo\u017ce pojawi\u0107 si\u0119 na polu gry w dowolnym momencie.<\/li>\n<li>Darmowe obroty. Runda bonusowa ma dodatkowe funkcje, kt\u00f3re zwi\u0119kszaj\u0105 szanse na wygran\u0105.<\/li>\n<li>Projekt i styl. Chocia\u017c motyw nie jest nowy, BGaming stworzy\u0142 wci\u0105gaj\u0105c\u0105 atmosfer\u0119, w kt\u00f3rej chcesz si\u0119 zanurzy\u0107.<\/li>\n<\/ul>\n<p>Zaznacz dat\u0119 premiery Jungle Queen w swoim kalendarzu i b\u0105d\u017a jednym z pierwszych, kt\u00f3rzy wypr\u00f3buj\u0105 j\u0105 w kasynie.<\/p>\n<p><a href=\"https:\/\/richrocketgame.com\/pl\/go\/registration\/\" target=\"_blank\" rel=\"noreferrer noopener nofollow\"><img decoding=\"async\" class=\"aligncenter wp-image-1053 size-full\" src=\"https:\/\/richrocketgame.com\/wp-content\/uploads\/2025\/02\/jungle-queen-casino-game.jpg\" alt=\"Gra kasynowa Jungle Queen.\" width=\"992\" height=\"629\" srcset=\"https:\/\/richrocketgame.com\/wp-content\/uploads\/2025\/02\/jungle-queen-casino-game.jpg 992w, https:\/\/richrocketgame.com\/wp-content\/uploads\/2025\/02\/jungle-queen-casino-game-300x190.jpg 300w, https:\/\/richrocketgame.com\/wp-content\/uploads\/2025\/02\/jungle-queen-casino-game-768x487.jpg 768w, https:\/\/richrocketgame.com\/wp-content\/uploads\/2025\/02\/jungle-queen-casino-game-18x12.jpg 18w, https:\/\/richrocketgame.com\/wp-content\/uploads\/2025\/02\/jungle-queen-casino-game-63x40.jpg 63w, https:\/\/richrocketgame.com\/wp-content\/uploads\/2025\/02\/jungle-queen-casino-game-50x32.jpg 50w, https:\/\/richrocketgame.com\/wp-content\/uploads\/2025\/02\/jungle-queen-casino-game-126x80.jpg 126w, https:\/\/richrocketgame.com\/wp-content\/uploads\/2025\/02\/jungle-queen-casino-game-213x135.jpg 213w\" sizes=\"(max-width: 992px) 100vw, 992px\" \/><\/a><\/p>\n<h2><span class=\"ez-toc-section\" id=\"FAQ\"><\/span>FAQ<span class=\"ez-toc-section-end\"><\/span><\/h2>\n        <section class=\"sc_fs_faq sc_card\">\n            <div>\n\t\t\t\t<h3><span class=\"ez-toc-section\" id=\"Is_there_a_jackpot_in_Jungle_Queen\"><\/span>Czy w Jungle Queen jest jackpot?<span class=\"ez-toc-section-end\"><\/span><\/h3>                <div>\n\t\t\t\t\t                    <p>\n\t\t\t\t\t\tNie, dostawca nie zapewni\u0142 jackpota w Jungle Queen. Jednak maksymalne wygrane w slocie s\u0105 wystarczaj\u0105co du\u017ce, aby zaspokoi\u0107 pragnienie emocji wi\u0119kszo\u015bci graczy.                    <\/p>\n                <\/div>\n            <\/div>\n        <\/section>\n\t\t        <section class=\"sc_fs_faq sc_card\">\n            <div>\n\t\t\t\t<h3><span class=\"ez-toc-section\" id=\"Does_BGaming_plan_to_release_Jungle_Queen_Demo\"><\/span>Czy BGaming planuje wyda\u0107 wersj\u0119 demonstracyjn\u0105 Jungle Queen?<span class=\"ez-toc-section-end\"><\/span><\/h3>                <div>\n\t\t\t\t\t                    <p>\n\t\t\t\t\t\tTak, darmowa wersja Jungle Queen pojawi si\u0119 jednocze\u015bnie z gr\u0105 na prawdziwe pieni\u0105dze. Mo\u017cesz wypr\u00f3bowa\u0107 nowo\u015b\u0107 w kasynie i na stronie internetowej dostawcy.                    <\/p>\n                <\/div>\n            <\/div>\n        <\/section>\n\t\t        <section class=\"sc_fs_faq sc_card\">\n            <div>\n\t\t\t\t<h3><span class=\"ez-toc-section\" id=\"What_are_the_main_features_of_the_slot\"><\/span>Jakie s\u0105 g\u0142\u00f3wne cechy slotu?<span class=\"ez-toc-section-end\"><\/span><\/h3>                <div>\n\t\t\t\t\t                    <p>\n\t\t\t\t\t\tSymbol motyla mo\u017ce zast\u0105pi\u0107 dowolny inny symbol na polu gry. Ponadto gra oferuje rund\u0119 darmowych obrot\u00f3w i kr\u00f3lewskie monety, kt\u00f3re mog\u0105 natychmiast przynie\u015b\u0107 x2,500 zak\u0142adu.                    <\/p>\n                <\/div>\n            <\/div>\n        <\/section>\n\t\t\n<script type=\"application\/ld+json\">{\n    \"@context\": \"https:\\\/\\\/schema.org\",\n    \"@type\": \"FAQPage\",\n    \"mainEntity\": [\n        {\n            \"@type\": \"Question\",\n            \"name\": \"Is there a jackpot in Jungle Queen?\",\n            \"acceptedAnswer\": {\n                \"@type\": \"Answer\",\n                \"text\": \"No, the provider has not provided a jackpot in Jungle Queen. However, the maximum winnings in the slot are big enough to satisfy most players' thirst for excitement.\"\n            }\n        },\n        {\n            \"@type\": \"Question\",\n            \"name\": \"Does BGaming plan to release Jungle Queen Demo?\",\n            \"acceptedAnswer\": {\n                \"@type\": \"Answer\",\n                \"text\": \"Yes, the free version of Jungle Queen will appear simultaneously as the real money game. You can try out the novelty in the casino and on the provider's website.\"\n            }\n        },\n        {\n            \"@type\": \"Question\",\n            \"name\": \"What are the main features of the slot?\",\n            \"acceptedAnswer\": {\n                \"@type\": \"Answer\",\n                \"text\": \"The butterfly symbol can substitute for any other symbol on the playing field. In addition, the game offers a round of free spins and royal coins that can instantly bring x2,500 of the bet.\"\n            }\n        }\n    ]\n}<\/script>\n\n<div class=\"fpm_end\"><\/div>\n<div class=\"author-card author-card--top\"><img alt='Zdj\u0119cie awatara' src='https:\/\/richrocketgame.com\/wp-content\/uploads\/2023\/03\/Paulo-Dornelas-130x130.jpg' srcset='https:\/\/richrocketgame.com\/wp-content\/uploads\/2023\/03\/Paulo-Dornelas-260x260.jpg 2x' class='avatar avatar-130 photo author-image' height='130' width='130' \/><div class=\"author-content text-md-center\"><span class=\"author-title\">Autor<\/span><a href=\"https:\/\/richrocketgame.com\/pl\/author\/paulo-dornelas\/\" class=\"author-name\">Paulo Dornelas<\/a><p class=\"author__details\">Paulo Dornelas jest ekspertem w dziedzinie hazardu, kt\u00f3ry po\u015bwi\u0119ci\u0142 swoje \u017cycie na zrozumienie tej bran\u017cy i pomaganie innym w zarabianiu na niej pieni\u0119dzy. Jest r\u00f3wnie\u017c zapalonym podr\u00f3\u017cnikiem i uwielbia odkrywa\u0107 nowe miejsca. Wiedza Paulo na temat hazardu i jego pasja do podr\u00f3\u017cy sprawiaj\u0105, \u017ce jest on idealnym przewodnikiem dla ka\u017cdego, kto szuka powa\u017cnych zysk\u00f3w z zak\u0142ad\u00f3w sportowych lub gry w kasynie.<\/p><\/div><!-- \/.author-content --><\/div>","protected":false},"excerpt":{"rendered":"<p>Slot Jungle Queen, kt\u00f3rego premiera zaplanowana jest na 20 lutego 2025 r., zabierze graczy do krainy kr\u00f3lowej lasu deszczowego. Go\u015bcinne powitanie czeka na Ciebie na polu gry 5\u00d73 z 20 liniami wyp\u0142at. Szcz\u0119\u015bliwi gracze, kt\u00f3rzy zadowol\u0105 kr\u00f3low\u0105, mog\u0105 wygra\u0107 x10 000. Jungle Queen od BGaming ma cztery funkcje bonusowe, kt\u00f3re sprawiaj\u0105, \u017ce [\u2026]<\/p>","protected":false},"author":2,"featured_media":0,"parent":0,"menu_order":0,"comment_status":"closed","ping_status":"closed","template":"page-no-sidebar.php","meta":{"footnotes":""},"class_list":["post-1039","page","type-page","status-publish","hentry"],"yoast_head":"<!-- This site is optimized with the Yoast SEO plugin v26.7 - https:\/\/yoast.com\/wordpress\/plugins\/seo\/ -->\n<title>Jungle Queen Slot (BGaming) Demo - RTP, Paytable and Volatility<\/title>\n<meta name=\"description\" content=\"Get ready for the release of Jungle Queen from BGaming. Learn more about the slot in our review. Key parameters of the Jungle Queen game.\" \/>\n<meta name=\"robots\" content=\"index, follow, max-snippet:-1, max-image-preview:large, max-video-preview:-1\" \/>\n<link rel=\"canonical\" href=\"https:\/\/richrocketgame.com\/pl\/jungle-queen-slot\/\" \/>\n<meta property=\"og:locale\" content=\"pl_PL\" \/>\n<meta property=\"og:type\" content=\"article\" \/>\n<meta property=\"og:title\" content=\"Jungle Queen Slot (BGaming) Demo - RTP, Paytable and Volatility\" \/>\n<meta property=\"og:description\" content=\"Get ready for the release of Jungle Queen from BGaming. Learn more about the slot in our review. Key parameters of the Jungle Queen game.\" \/>\n<meta property=\"og:url\" content=\"https:\/\/richrocketgame.com\/pl\/jungle-queen-slot\/\" \/>\n<meta property=\"og:site_name\" content=\"Rich Rocket Game\" \/>\n<meta property=\"article:modified_time\" content=\"2025-08-01T08:18:06+00:00\" \/>\n<meta property=\"og:image\" content=\"https:\/\/richrocketgame.com\/wp-content\/uploads\/2025\/02\/jungle-queen-slot.jpg\" \/>\n<meta name=\"twitter:card\" content=\"summary_large_image\" \/>\n<meta name=\"twitter:label1\" content=\"Szacowany czas czytania\" \/>\n\t<meta name=\"twitter:data1\" content=\"4 minuty\" \/>\n<!-- \/ Yoast SEO plugin. -->","yoast_head_json":{"title":"Jungle Queen Slot (BGaming) Demo \u2013 RTP, tabela wyp\u0142at i zmienno\u015b\u0107","description":"Przygotuj si\u0119 na wydanie Jungle Queen od BGaming. Dowiedz si\u0119 wi\u0119cej o slocie w naszej recenzji. Kluczowe parametry gry Jungle Queen.","robots":{"index":"index","follow":"follow","max-snippet":"max-snippet:-1","max-image-preview":"max-image-preview:large","max-video-preview":"max-video-preview:-1"},"canonical":"https:\/\/richrocketgame.com\/pl\/jungle-queen-slot\/","og_locale":"pl_PL","og_type":"article","og_title":"Jungle Queen Slot (BGaming) Demo - RTP, Paytable and Volatility","og_description":"Get ready for the release of Jungle Queen from BGaming. Learn more about the slot in our review. Key parameters of the Jungle Queen game.","og_url":"https:\/\/richrocketgame.com\/pl\/jungle-queen-slot\/","og_site_name":"Rich Rocket Game","article_modified_time":"2025-08-01T08:18:06+00:00","og_image":[{"url":"https:\/\/richrocketgame.com\/wp-content\/uploads\/2025\/02\/jungle-queen-slot.jpg","type":"","width":"","height":""}],"twitter_card":"summary_large_image","twitter_misc":{"Szacowany czas czytania":"4 minuty"},"schema":{"@context":"https:\/\/schema.org","@graph":[{"@type":"WebPage","@id":"https:\/\/richrocketgame.com\/jungle-queen-slot\/","url":"https:\/\/richrocketgame.com\/jungle-queen-slot\/","name":"Jungle Queen Slot (BGaming) Demo \u2013 RTP, tabela wyp\u0142at i zmienno\u015b\u0107","isPartOf":{"@id":"https:\/\/richrocketgame.com\/#website"},"primaryImageOfPage":{"@id":"https:\/\/richrocketgame.com\/jungle-queen-slot\/#primaryimage"},"image":{"@id":"https:\/\/richrocketgame.com\/jungle-queen-slot\/#primaryimage"},"thumbnailUrl":"https:\/\/richrocketgame.com\/wp-content\/uploads\/2025\/02\/jungle-queen-slot.jpg","datePublished":"2025-02-11T15:44:02+00:00","dateModified":"2025-08-01T08:18:06+00:00","description":"Przygotuj si\u0119 na wydanie Jungle Queen od BGaming. Dowiedz si\u0119 wi\u0119cej o slocie w naszej recenzji. Kluczowe parametry gry Jungle Queen.","breadcrumb":{"@id":"https:\/\/richrocketgame.com\/jungle-queen-slot\/#breadcrumb"},"inLanguage":"pl-PL","potentialAction":[{"@type":"ReadAction","target":["https:\/\/richrocketgame.com\/jungle-queen-slot\/"]}]},{"@type":"ImageObject","inLanguage":"pl-PL","@id":"https:\/\/richrocketgame.com\/jungle-queen-slot\/#primaryimage","url":"https:\/\/richrocketgame.com\/wp-content\/uploads\/2025\/02\/jungle-queen-slot.jpg","contentUrl":"https:\/\/richrocketgame.com\/wp-content\/uploads\/2025\/02\/jungle-queen-slot.jpg"},{"@type":"BreadcrumbList","@id":"https:\/\/richrocketgame.com\/jungle-queen-slot\/#breadcrumb","itemListElement":[{"@type":"ListItem","position":1,"name":"\u0413\u043b\u0430\u0432\u043d\u0430\u044f \u0441\u0442\u0440\u0430\u043d\u0438\u0446\u0430","item":"https:\/\/richrocketgame.com\/"},{"@type":"ListItem","position":2,"name":"Jungle Queen Slot Demo"}]},{"@type":"WebSite","@id":"https:\/\/richrocketgame.com\/#website","url":"https:\/\/richrocketgame.com\/","name":"Rich Rocket Gra","description":"","publisher":{"@id":"https:\/\/richrocketgame.com\/#organization"},"potentialAction":[{"@type":"SearchAction","target":{"@type":"EntryPoint","urlTemplate":"https:\/\/richrocketgame.com\/?s={search_term_string}"},"query-input":{"@type":"PropertyValueSpecification","valueRequired":true,"valueName":"search_term_string"}}],"inLanguage":"pl-PL"},{"@type":"Organization","@id":"https:\/\/richrocketgame.com\/#organization","name":"Rich Rocket Gra","url":"https:\/\/richrocketgame.com\/","logo":{"@type":"ImageObject","inLanguage":"pl-PL","@id":"https:\/\/richrocketgame.com\/#\/schema\/logo\/image\/","url":"https:\/\/richrocketgame.com\/wp-content\/uploads\/2022\/09\/Rich-Rocket-earning-app.png","contentUrl":"https:\/\/richrocketgame.com\/wp-content\/uploads\/2022\/09\/Rich-Rocket-earning-app.png","width":512,"height":512,"caption":"Rich Rocket Game"},"image":{"@id":"https:\/\/richrocketgame.com\/#\/schema\/logo\/image\/"}}]}},"_links":{"self":[{"href":"https:\/\/richrocketgame.com\/pl\/wp-json\/wp\/v2\/pages\/1039","targetHints":{"allow":["GET"]}}],"collection":[{"href":"https:\/\/richrocketgame.com\/pl\/wp-json\/wp\/v2\/pages"}],"about":[{"href":"https:\/\/richrocketgame.com\/pl\/wp-json\/wp\/v2\/types\/page"}],"author":[{"embeddable":true,"href":"https:\/\/richrocketgame.com\/pl\/wp-json\/wp\/v2\/users\/2"}],"replies":[{"embeddable":true,"href":"https:\/\/richrocketgame.com\/pl\/wp-json\/wp\/v2\/comments?post=1039"}],"version-history":[{"count":0,"href":"https:\/\/richrocketgame.com\/pl\/wp-json\/wp\/v2\/pages\/1039\/revisions"}],"wp:attachment":[{"href":"https:\/\/richrocketgame.com\/pl\/wp-json\/wp\/v2\/media?parent=1039"}],"curies":[{"name":"wp","href":"https:\/\/api.w.org\/{rel}","templated":true}]}}