{"id":35,"date":"2022-09-01T18:01:28","date_gmt":"2022-09-01T15:01:28","guid":{"rendered":"https:\/\/richrocketgame.com\/?page_id=35"},"modified":"2024-12-27T14:14:09","modified_gmt":"2024-12-27T11:14:09","slug":"rich-rocket-app","status":"publish","type":"page","link":"https:\/\/richrocketgame.com\/it\/rich-rocket-app\/","title":{"rendered":"Scarica l'applicazione Rich Rocket per dispositivi mobili"},"content":{"rendered":"<div class=\"fpm_start\"><\/div>\n<div style=\"text-align: center;\"><a class=\"glow-button\" href=\"\/it\/go\/registration\/\">Riproduci l'App Rich Rocket \ud83d\udcf1<\/a><\/div>\n<div id=\"attachment_36\" style=\"width: 994px\" class=\"wp-caption aligncenter\"><a href=\"https:\/\/richrocketgame.com\/it\/go\/registration\/\"><img decoding=\"async\" aria-describedby=\"caption-attachment-36\" class=\"wp-image-36 size-large\" title=\"Rich Rocket Gioco Scaricare\" src=\"https:\/\/richrocketgame.com\/wp-content\/uploads\/2022\/09\/Rich-Rocket-Game-Download-1024x442.jpg\" alt=\"Rich Rocket Gioco Scaricare\" width=\"994\" height=\"429\" srcset=\"https:\/\/richrocketgame.com\/wp-content\/uploads\/2022\/09\/Rich-Rocket-Game-Download-1024x442.jpg 1024w, https:\/\/richrocketgame.com\/wp-content\/uploads\/2022\/09\/Rich-Rocket-Game-Download-300x129.jpg 300w, https:\/\/richrocketgame.com\/wp-content\/uploads\/2022\/09\/Rich-Rocket-Game-Download-768x331.jpg 768w, https:\/\/richrocketgame.com\/wp-content\/uploads\/2022\/09\/Rich-Rocket-Game-Download-93x40.jpg 93w, https:\/\/richrocketgame.com\/wp-content\/uploads\/2022\/09\/Rich-Rocket-Game-Download-1170x505.jpg 1170w, https:\/\/richrocketgame.com\/wp-content\/uploads\/2022\/09\/Rich-Rocket-Game-Download-74x32.jpg 74w, https:\/\/richrocketgame.com\/wp-content\/uploads\/2022\/09\/Rich-Rocket-Game-Download-186x80.jpg 186w, https:\/\/richrocketgame.com\/wp-content\/uploads\/2022\/09\/Rich-Rocket-Game-Download-313x135.jpg 313w, https:\/\/richrocketgame.com\/wp-content\/uploads\/2022\/09\/Rich-Rocket-Game-Download.jpg 1484w\" sizes=\"(max-width: 994px) 100vw, 994px\" \/><\/a><p id=\"caption-attachment-36\" class=\"wp-caption-text\">Rich Rocket Gioco Scaricare<\/p><\/div>\n<p>Con le sue estrazioni veloci, il\u00a0<a href=\"https:\/\/richrocketgame.com\/it\/\">Gioco Rich Rocket<\/a>\u00a0\u00e8 ideale per i dispositivi mobili. Un giocatore pu\u00f2 piazzare una scommessa in qualsiasi momento: durante una pausa al lavoro, sui mezzi di trasporto pubblico o a cena fuori. L'applicazione Rocket crash earning consente di aumentare il proprio bankroll di diverse volte in pochi minuti e di continuare la propria attivit\u00e0 quotidiana.<\/p>\n<p>La slot \u00e8 inclusa nel portafoglio dei pi\u00f9 grandi casin\u00f2, quindi trovarla non sar\u00e0 un problema. Scegliete i bonus pi\u00f9 adatti e scaricate il gioco Rich Rocket per accedere a grandi vincite. Potreste essere voi a raggiungere il moltiplicatore 1000x.<\/p>\n<div id=\"ez-toc-container\" class=\"ez-toc-v2_0_62 counter-hierarchy ez-toc-counter ez-toc-grey ez-toc-container-direction\">\n<div class=\"ez-toc-title-container\">\n<p class=\"ez-toc-title\" >Indice dei contenuti<\/p>\n<span class=\"ez-toc-title-toggle\"><a href=\"#\" class=\"ez-toc-pull-right ez-toc-btn ez-toc-btn-xs ez-toc-btn-default ez-toc-toggle\" aria-label=\"Allinea la tabella dei contenuti\"><span class=\"ez-toc-js-icon-con\"><span class=\"\"><span class=\"eztoc-hide\" style=\"display:none;\">Toggle<\/span><span class=\"ez-toc-icon-toggle-span\"><svg style=\"fill: #999;color:#999\" xmlns=\"http:\/\/www.w3.org\/2000\/svg\" class=\"list-377408\" width=\"20px\" height=\"20px\" viewbox=\"0 0 24 24\" fill=\"none\"><path d=\"M6 6H4v2h2V6zm14 0H8v2h12V6zM4 11h2v2H4v-2zm16 0H8v2h12v-2zM4 16h2v2H4v-2zm16 0H8v2h12v-2z\" fill=\"currentColor\"><\/path><\/svg><svg style=\"fill: #999;color:#999\" class=\"arrow-unsorted-368013\" xmlns=\"http:\/\/www.w3.org\/2000\/svg\" width=\"10px\" height=\"10px\" viewbox=\"0 0 24 24\" version=\"1.2\" baseprofile=\"tiny\"><path d=\"M18.2 9.3l-6.2-6.3-6.2 6.3c-.2.2-.3.4-.3.7s.1.5.3.7c.2.2.4.3.7.3h11c.3 0 .5-.1.7-.3.2-.2.3-.5.3-.7s-.1-.5-.3-.7zM5.8 14.7l6.2 6.3 6.2-6.3c.2-.2.3-.5.3-.7s-.1-.5-.3-.7c-.2-.2-.4-.3-.7-.3h-11c-.3 0-.5.1-.7.3-.2.2-.3.5-.3.7s.1.5.3.7z\"\/><\/svg><\/span><\/span><\/span><\/a><\/span><\/div>\n<nav><ul class='ez-toc-list ez-toc-list-level-1 eztoc-toggle-hide-by-default' ><li class='ez-toc-page-1 ez-toc-heading-level-2'><a class=\"ez-toc-link ez-toc-heading-1\" href=\"https:\/\/richrocketgame.com\/it\/rich-rocket-app\/#Where_can_you_find_the_Rich_Rocket_App\" title=\"Dove si trova l&#039;App Rich Rocket?\">Dove si trova l'App Rich Rocket?<\/a><\/li><li class='ez-toc-page-1 ez-toc-heading-level-2'><a class=\"ez-toc-link ez-toc-heading-2\" href=\"https:\/\/richrocketgame.com\/it\/rich-rocket-app\/#How_to_download_and_install_Rocket_Crash_Earning_App\" title=\"Come scaricare e installare l&#039;applicazione Rocket Crash Earning?\">Come scaricare e installare l'applicazione Rocket Crash Earning?<\/a><ul class='ez-toc-list-level-3' ><li class='ez-toc-heading-level-3'><a class=\"ez-toc-link ez-toc-heading-3\" href=\"https:\/\/richrocketgame.com\/it\/rich-rocket-app\/#What_devices_can_I_install_the_app_on\" title=\"Su quali dispositivi posso installare l&#039;app?\">Su quali dispositivi posso installare l'app?<\/a><\/li><\/ul><\/li><li class='ez-toc-page-1 ez-toc-heading-level-2'><a class=\"ez-toc-link ez-toc-heading-4\" href=\"https:\/\/richrocketgame.com\/it\/rich-rocket-app\/#Conclusion\" title=\"Conclusione\">Conclusione<\/a><\/li><li class='ez-toc-page-1 ez-toc-heading-level-2'><a class=\"ez-toc-link ez-toc-heading-5\" href=\"https:\/\/richrocketgame.com\/it\/rich-rocket-app\/#FAQ\" title=\"FAQ\">FAQ<\/a><ul class='ez-toc-list-level-3' ><li class='ez-toc-heading-level-3'><a class=\"ez-toc-link ez-toc-heading-6\" href=\"https:\/\/richrocketgame.com\/it\/rich-rocket-app\/#Are_there_any_bonuses_for_those_who_play_mobile_Rich_Rocket\" title=\"Ci sono dei bonus per chi gioca al Rich Rocket mobile?\">Ci sono dei bonus per chi gioca al Rich Rocket mobile?<\/a><\/li><li class='ez-toc-page-1 ez-toc-heading-level-3'><a class=\"ez-toc-link ez-toc-heading-7\" href=\"https:\/\/richrocketgame.com\/it\/rich-rocket-app\/#How_safe_are_cash_rocket_app_transactions\" title=\"Quanto sono sicure le transazioni con l&#039;app Cash Rocket?\">Quanto sono sicure le transazioni con l'app Cash Rocket?<\/a><\/li><li class='ez-toc-page-1 ez-toc-heading-level-3'><a class=\"ez-toc-link ez-toc-heading-8\" href=\"https:\/\/richrocketgame.com\/it\/rich-rocket-app\/#Are_there_any_differences_in_gameplay_between_the_desktop_and_mobile_versions_of_the_game\" title=\"Ci sono differenze nel gameplay tra la versione desktop e quella mobile del gioco?\">Ci sono differenze nel gameplay tra la versione desktop e quella mobile del gioco?<\/a><\/li><\/ul><\/li><\/ul><\/nav><\/div>\n<h2><span class=\"ez-toc-section\" id=\"Where_can_you_find_the_Rich_Rocket_App\"><\/span>Dove si trova l'App Rich Rocket?<span class=\"ez-toc-section-end\"><\/span><\/h2>\n<p>Per giocare senza rischi, andate sull'App Store o su Google Play e digitate \"Rich Rocket\". Potrete scegliere tra decine di applicazioni con design diversi, ma non potrete vincere denaro in nessuna di esse. \u00c8 un ottimo modo per familiarizzare con i principi di base del gioco.<\/p>\n<p>Per installare l'app di guadagno del gioco rocket crash, \u00e8 necessario andare direttamente al casin\u00f2 selezionato. Trovare un link per scaricare il file APK e seguire le istruzioni della piattaforma. L'installazione richiede qualche minuto, ma poi si potr\u00e0 accedere a diverse centinaia di giochi, tra cui Rich Rocket.<\/p>\n<p>\u00c8 importante notare che non tutti i casin\u00f2 permettono di scaricare l'applicazione Cash Rocket. Alcune piattaforme hanno una versione mobile ottimizzata del sito e non hanno sviluppato programmi speciali per iOS o Android. In questo caso, per comodit\u00e0, vale la pena aggiungere un link al sito nella schermata iniziale, che vi permetter\u00e0 di accedere al gioco il pi\u00f9 rapidamente possibile.<\/p>\n<div id=\"attachment_37\" style=\"width: 994px\" class=\"wp-caption aligncenter\"><a href=\"https:\/\/richrocketgame.com\/it\/go\/registration\/\"><img decoding=\"async\" aria-describedby=\"caption-attachment-37\" class=\"wp-image-37 size-large\" title=\"Rich Rocket bot\" src=\"https:\/\/richrocketgame.com\/wp-content\/uploads\/2022\/09\/Rich-Rocket-App-1024x594.jpg\" alt=\"Rich Rocket bot\" width=\"994\" height=\"577\" srcset=\"https:\/\/richrocketgame.com\/wp-content\/uploads\/2022\/09\/Rich-Rocket-App-1024x594.jpg 1024w, https:\/\/richrocketgame.com\/wp-content\/uploads\/2022\/09\/Rich-Rocket-App-300x174.jpg 300w, https:\/\/richrocketgame.com\/wp-content\/uploads\/2022\/09\/Rich-Rocket-App-768x446.jpg 768w, https:\/\/richrocketgame.com\/wp-content\/uploads\/2022\/09\/Rich-Rocket-App-69x40.jpg 69w, https:\/\/richrocketgame.com\/wp-content\/uploads\/2022\/09\/Rich-Rocket-App-55x32.jpg 55w, https:\/\/richrocketgame.com\/wp-content\/uploads\/2022\/09\/Rich-Rocket-App-138x80.jpg 138w, https:\/\/richrocketgame.com\/wp-content\/uploads\/2022\/09\/Rich-Rocket-App-233x135.jpg 233w, https:\/\/richrocketgame.com\/wp-content\/uploads\/2022\/09\/Rich-Rocket-App.jpg 1105w\" sizes=\"(max-width: 994px) 100vw, 994px\" \/><\/a><p id=\"caption-attachment-37\" class=\"wp-caption-text\">Rich Rocket bot<\/p><\/div>\n<div style=\"text-align: center;\"><a class=\"glow-button\" href=\"\/it\/go\/registration\/\">\ud83d\ude80 Gioco Rich Rocket<\/a><\/div>\n<h2><span class=\"ez-toc-section\" id=\"How_to_download_and_install_Rocket_Crash_Earning_App\"><\/span>Come scaricare e installare l'applicazione Rocket Crash Earning?<span class=\"ez-toc-section-end\"><\/span><\/h2>\n<p>Innanzitutto, esplorate tutte le offerte di bonus del casin\u00f2. Scegliete un programma fedelt\u00e0 che si adatti al vostro stile di gioco e al vostro budget. Una volta deciso, visitate il sito web e seguite le istruzioni:<\/p>\n<ul>\n<li>Consente l'installazione di app da fonti sconosciute, permettendo di utilizzare app scaricate da fonti diverse da Google Play.<\/li>\n<li>Scarica il gioco rocket crash con denaro reale dal sito web del casin\u00f2. Per accedere a una piattaforma di gioco d'azzardo verificata nella vostra regione, basta cliccare sul link in questa pagina.<\/li>\n<li>Aprire la cartella in cui \u00e8 stato salvato il file APK e fare clic su di esso per avviare l'installazione.<\/li>\n<\/ul>\n<p>Dopo aver installato un'applicazione per guadagnare con i razzi, non dimenticate di riattivare il divieto di installare programmi da fonti sconosciute per proteggere il vostro dispositivo. Ora potete divertirvi con il gioco e vincere denaro in qualsiasi momento vi sia comodo.<\/p>\n<div style=\"text-align: center;\"><a class=\"glow-button\" href=\"\/it\/go\/registration\/\">Avviare il gioco Rich Rocket \ud83d\ude80<\/a><\/div>\n<h3><span class=\"ez-toc-section\" id=\"What_devices_can_I_install_the_app_on\"><\/span>Su quali dispositivi posso installare l'app?<span class=\"ez-toc-section-end\"><\/span><\/h3>\n<p>Le moderne app dei casin\u00f2 sono adattate ai dispositivi iOS e Android. Non \u00e8 quindi necessario possedere modelli di punta o nuovi. Una buona ottimizzazione permette di giocare anche su smartphone usciti qualche anno fa.<\/p>\n<p>Come dimostra lo studio, le seguenti caratteristiche sono sufficienti per installare un'applicazione rocket:<\/p><script data-noptimize=\"\" data-wpfc-render=\"false\">\n\/* <![CDATA[ *\/\nfpm_start( \"true\" );\n\/* ]]> *\/\n<\/script>\n\n<table>\n<tbody>\n<tr>\n<td>Frequenza di clock della CPU<\/td>\n<td>Da 1,5 MHz<\/td>\n<\/tr>\n<tr>\n<td>Numero di core del processore<\/td>\n<td>Da 2<\/td>\n<\/tr>\n<tr>\n<td>RAM<\/td>\n<td>2 GB o pi\u00f9<\/td>\n<\/tr>\n<tr>\n<td>Memoria libera<\/td>\n<td>Da 80 a 400 MB<\/td>\n<\/tr>\n<\/tbody>\n<\/table>\n<p>Se si prevede di trascorrere pi\u00f9 di un'ora al giorno a giocare, \u00e8 meglio scegliere modelli con una batteria da 1800 mAh. Questo vi permetter\u00e0 di dedicare il tempo alle attivit\u00e0 di svago senza dover ricaricare frequentemente il dispositivo.<\/p>\n<h2><span class=\"ez-toc-section\" id=\"Conclusion\"><\/span>Conclusione<span class=\"ez-toc-section-end\"><\/span><\/h2>\n<p>Per i giocatori che preferiscono sfruttare ogni possibilit\u00e0 di vincita, vale la pena scaricare Rocket Crash Game con denaro reale. Tale applicazione consente di scommettere senza distrarsi da cose pi\u00f9 importanti o di trascorrere qualche minuto di attesa con buone possibilit\u00e0 di rimpinguare il proprio budget. L'applicazione Rich Rocket ha un'interfaccia facile da usare e fornisce un deposito e un prelievo di denaro veloci. E poich\u00e9 il download \u00e8 gratuito, non c'\u00e8 motivo per non provarla oggi stesso.<\/p>\n<h2><span class=\"ez-toc-section\" id=\"FAQ\"><\/span>FAQ<span class=\"ez-toc-section-end\"><\/span><\/h2>\n        <section class=\"sc_fs_faq sc_card\">\n            <div>\n\t\t\t\t<h3><span class=\"ez-toc-section\" id=\"Are_there_any_bonuses_for_those_who_play_mobile_Rich_Rocket\"><\/span>Ci sono dei bonus per chi gioca al Rich Rocket mobile?<span class=\"ez-toc-section-end\"><\/span><\/h3>                <div>\n\t\t\t\t\t                    <p>\n\t\t\t\t\t\tMolti casin\u00f2 offrono bonus esclusivi per gli utenti delle app. Trovate la piattaforma giusta o utilizzate i nostri consigli.                    <\/p>\n                <\/div>\n            <\/div>\n        <\/section>\n\t\t        <section class=\"sc_fs_faq sc_card\">\n            <div>\n\t\t\t\t<h3><span class=\"ez-toc-section\" id=\"How_safe_are_cash_rocket_app_transactions\"><\/span>Quanto sono sicure le transazioni con l'app Cash Rocket?<span class=\"ez-toc-section-end\"><\/span><\/h3>                <div>\n\t\t\t\t\t                    <p>\n\t\t\t\t\t\tI casin\u00f2 autorizzati offrono la massima sicurezza agli utenti quando effettuano depositi e prelievi. Tutte le informazioni di pagamento sono criptate con chiavi SSL.                    <\/p>\n                <\/div>\n            <\/div>\n        <\/section>\n\t\t        <section class=\"sc_fs_faq sc_card\">\n            <div>\n\t\t\t\t<h3><span class=\"ez-toc-section\" id=\"Are_there_any_differences_in_gameplay_between_the_desktop_and_mobile_versions_of_the_game\"><\/span>Ci sono differenze nel gameplay tra la versione desktop e quella mobile del gioco?<span class=\"ez-toc-section-end\"><\/span><\/h3>                <div>\n\t\t\t\t\t                    <p>\n\t\t\t\t\t\tIl gioco e le possibilit\u00e0 di vincita sono uguali su tutti i tipi di dispositivi.                    <\/p>\n                <\/div>\n            <\/div>\n        <\/section>\n\t\t\n<script type=\"application\/ld+json\">{\n    \"@context\": \"https:\\\/\\\/schema.org\",\n    \"@type\": \"FAQPage\",\n    \"mainEntity\": [\n        {\n            \"@type\": \"Question\",\n            \"name\": \"Are there any bonuses for those who play mobile Rich Rocket?\",\n            \"acceptedAnswer\": {\n                \"@type\": \"Answer\",\n                \"text\": \"Many casinos provide exclusive bonuses for app users. Find the right platform or use our recommendations.\"\n            }\n        },\n        {\n            \"@type\": \"Question\",\n            \"name\": \"How safe are cash rocket app transactions?\",\n            \"acceptedAnswer\": {\n                \"@type\": \"Answer\",\n                \"text\": \"Licensed casinos provide maximum security for users when making deposits and withdrawals. All payment information is encrypted using SSL keys.\"\n            }\n        },\n        {\n            \"@type\": \"Question\",\n            \"name\": \"Are there any differences in gameplay between the desktop and mobile versions of the game?\",\n            \"acceptedAnswer\": {\n                \"@type\": \"Answer\",\n                \"text\": \"Gameplay and chances to win are the same on all types of devices.\"\n            }\n        }\n    ]\n}<\/script>\n\n<div class=\"fpm_end\"><\/div>\n<div class=\"author-card author-card--top\"><img alt='Foto avatar' src='https:\/\/richrocketgame.com\/wp-content\/uploads\/2023\/03\/Paulo-Dornelas-130x130.jpg' srcset='https:\/\/richrocketgame.com\/wp-content\/uploads\/2023\/03\/Paulo-Dornelas-260x260.jpg 2x' class='avatar avatar-130 photo author-image' height='130' width='130' \/><div class=\"author-content text-md-center\"><span class=\"author-title\">Autore<\/span><a href=\"https:\/\/richrocketgame.com\/it\/author\/paulo-dornelas\/\" class=\"author-name\">Paulo Dornelas<\/a><p class=\"author__details\">Paulo Dornelas \u00e8 un esperto di gioco d'azzardo che ha dedicato la sua vita a comprendere il settore e ad aiutare gli altri a guadagnarci. \u00c8 anche un appassionato viaggiatore e ama esplorare nuovi luoghi. La sua conoscenza del gioco d'azzardo e la sua passione per i viaggi lo rendono la guida perfetta per chiunque voglia ottenere profitti seri dalle scommesse sportive o dai giochi di casin\u00f2.<\/p><\/div><!-- \/.author-content --><\/div>","protected":false},"excerpt":{"rendered":"<p>Gioca all'App Rich Rocket \ud83d\udcf1 Con le sue estrazioni veloci, il gioco Rich Rocket \u00e8 ideale per i dispositivi mobili. Un giocatore pu\u00f2 piazzare una scommessa in qualsiasi momento: durante una pausa al lavoro, con i mezzi pubblici o fuori casa. L'applicazione Rocket per il guadagno di crash permette di aumentare il proprio bankroll pi\u00f9 volte in pochi minuti e [...]<\/p>","protected":false},"author":2,"featured_media":0,"parent":0,"menu_order":0,"comment_status":"closed","ping_status":"closed","template":"page-no-sidebar.php","meta":{"footnotes":""},"class_list":["post-35","page","type-page","status-publish","hentry"],"yoast_head":"<!-- This site is optimized with the Yoast SEO plugin v26.7 - https:\/\/yoast.com\/wordpress\/plugins\/seo\/ -->\n<title>Download Rich Rocket App for Mobile Devices - Start Play Now<\/title>\n<meta name=\"description\" content=\"Best ways to download the rocket crash app for real money to your device. How to install the game on iOS and Android. Try rocket crash earning app and win constantly!\" \/>\n<meta name=\"robots\" content=\"index, follow, max-snippet:-1, max-image-preview:large, max-video-preview:-1\" \/>\n<link rel=\"canonical\" href=\"https:\/\/richrocketgame.com\/it\/rich-rocket-app\/\" \/>\n<meta property=\"og:locale\" content=\"it_IT\" \/>\n<meta property=\"og:type\" content=\"article\" \/>\n<meta property=\"og:title\" content=\"Download Rich Rocket App for Mobile Devices - Start Play Now\" \/>\n<meta property=\"og:description\" content=\"Best ways to download the rocket crash app for real money to your device. How to install the game on iOS and Android. Try rocket crash earning app and win constantly!\" \/>\n<meta property=\"og:url\" content=\"https:\/\/richrocketgame.com\/it\/rich-rocket-app\/\" \/>\n<meta property=\"og:site_name\" content=\"Rich Rocket Game\" \/>\n<meta property=\"article:modified_time\" content=\"2024-12-27T11:14:09+00:00\" \/>\n<meta property=\"og:image\" content=\"https:\/\/richrocketgame.com\/wp-content\/uploads\/2022\/09\/Rich-Rocket-Game-Download-1024x442.jpg\" \/>\n<meta name=\"twitter:card\" content=\"summary_large_image\" \/>\n<meta name=\"twitter:label1\" content=\"Tempo di lettura stimato\" \/>\n\t<meta name=\"twitter:data1\" content=\"5 minuti\" \/>\n<!-- \/ Yoast SEO plugin. -->","yoast_head_json":{"title":"Scarica l'applicazione Rich Rocket per dispositivi mobili - Inizia a giocare ora","description":"I modi migliori per scaricare l'app rocket crash con soldi veri sul vostro dispositivo. Come installare il gioco su iOS e Android. Prova l'app per guadagnare con rocket crash e vinci costantemente!","robots":{"index":"index","follow":"follow","max-snippet":"max-snippet:-1","max-image-preview":"max-image-preview:large","max-video-preview":"max-video-preview:-1"},"canonical":"https:\/\/richrocketgame.com\/it\/rich-rocket-app\/","og_locale":"it_IT","og_type":"article","og_title":"Download Rich Rocket App for Mobile Devices - Start Play Now","og_description":"Best ways to download the rocket crash app for real money to your device. How to install the game on iOS and Android. Try rocket crash earning app and win constantly!","og_url":"https:\/\/richrocketgame.com\/it\/rich-rocket-app\/","og_site_name":"Rich Rocket Game","article_modified_time":"2024-12-27T11:14:09+00:00","og_image":[{"url":"https:\/\/richrocketgame.com\/wp-content\/uploads\/2022\/09\/Rich-Rocket-Game-Download-1024x442.jpg","type":"","width":"","height":""}],"twitter_card":"summary_large_image","twitter_misc":{"Tempo di lettura stimato":"5 minuti"},"schema":{"@context":"https:\/\/schema.org","@graph":[{"@type":"WebPage","@id":"https:\/\/richrocketgame.com\/rich-rocket-app\/","url":"https:\/\/richrocketgame.com\/rich-rocket-app\/","name":"Scarica l'applicazione Rich Rocket per dispositivi mobili - Inizia a giocare ora","isPartOf":{"@id":"https:\/\/richrocketgame.com\/#website"},"primaryImageOfPage":{"@id":"https:\/\/richrocketgame.com\/rich-rocket-app\/#primaryimage"},"image":{"@id":"https:\/\/richrocketgame.com\/rich-rocket-app\/#primaryimage"},"thumbnailUrl":"https:\/\/richrocketgame.com\/wp-content\/uploads\/2022\/09\/Rich-Rocket-Game-Download-1024x442.jpg","datePublished":"2022-09-01T15:01:28+00:00","dateModified":"2024-12-27T11:14:09+00:00","description":"I modi migliori per scaricare l'app rocket crash con soldi veri sul vostro dispositivo. Come installare il gioco su iOS e Android. Prova l'app per guadagnare con rocket crash e vinci costantemente!","breadcrumb":{"@id":"https:\/\/richrocketgame.com\/rich-rocket-app\/#breadcrumb"},"inLanguage":"it-IT","potentialAction":[{"@type":"ReadAction","target":["https:\/\/richrocketgame.com\/rich-rocket-app\/"]}]},{"@type":"ImageObject","inLanguage":"it-IT","@id":"https:\/\/richrocketgame.com\/rich-rocket-app\/#primaryimage","url":"https:\/\/richrocketgame.com\/wp-content\/uploads\/2022\/09\/Rich-Rocket-Game-Download-1024x442.jpg","contentUrl":"https:\/\/richrocketgame.com\/wp-content\/uploads\/2022\/09\/Rich-Rocket-Game-Download-1024x442.jpg"},{"@type":"BreadcrumbList","@id":"https:\/\/richrocketgame.com\/rich-rocket-app\/#breadcrumb","itemListElement":[{"@type":"ListItem","position":1,"name":"\u0413\u043b\u0430\u0432\u043d\u0430\u044f \u0441\u0442\u0440\u0430\u043d\u0438\u0446\u0430","item":"https:\/\/richrocketgame.com\/"},{"@type":"ListItem","position":2,"name":"Download Rich Rocket App for Mobile Devices"}]},{"@type":"WebSite","@id":"https:\/\/richrocketgame.com\/#website","url":"https:\/\/richrocketgame.com\/","name":"Gioco Rich Rocket","description":"","publisher":{"@id":"https:\/\/richrocketgame.com\/#organization"},"potentialAction":[{"@type":"SearchAction","target":{"@type":"EntryPoint","urlTemplate":"https:\/\/richrocketgame.com\/?s={search_term_string}"},"query-input":{"@type":"PropertyValueSpecification","valueRequired":true,"valueName":"search_term_string"}}],"inLanguage":"it-IT"},{"@type":"Organization","@id":"https:\/\/richrocketgame.com\/#organization","name":"Gioco Rich Rocket","url":"https:\/\/richrocketgame.com\/","logo":{"@type":"ImageObject","inLanguage":"it-IT","@id":"https:\/\/richrocketgame.com\/#\/schema\/logo\/image\/","url":"https:\/\/richrocketgame.com\/wp-content\/uploads\/2022\/09\/Rich-Rocket-earning-app.png","contentUrl":"https:\/\/richrocketgame.com\/wp-content\/uploads\/2022\/09\/Rich-Rocket-earning-app.png","width":512,"height":512,"caption":"Rich Rocket Game"},"image":{"@id":"https:\/\/richrocketgame.com\/#\/schema\/logo\/image\/"}}]}},"_links":{"self":[{"href":"https:\/\/richrocketgame.com\/it\/wp-json\/wp\/v2\/pages\/35","targetHints":{"allow":["GET"]}}],"collection":[{"href":"https:\/\/richrocketgame.com\/it\/wp-json\/wp\/v2\/pages"}],"about":[{"href":"https:\/\/richrocketgame.com\/it\/wp-json\/wp\/v2\/types\/page"}],"author":[{"embeddable":true,"href":"https:\/\/richrocketgame.com\/it\/wp-json\/wp\/v2\/users\/2"}],"replies":[{"embeddable":true,"href":"https:\/\/richrocketgame.com\/it\/wp-json\/wp\/v2\/comments?post=35"}],"version-history":[{"count":0,"href":"https:\/\/richrocketgame.com\/it\/wp-json\/wp\/v2\/pages\/35\/revisions"}],"wp:attachment":[{"href":"https:\/\/richrocketgame.com\/it\/wp-json\/wp\/v2\/media?parent=35"}],"curies":[{"name":"parola chiave","href":"https:\/\/api.w.org\/{rel}","templated":true}]}}