{"id":1472,"date":"2025-04-17T14:36:07","date_gmt":"2025-04-17T11:36:07","guid":{"rendered":"https:\/\/richrocketgame.com\/?page_id=1472"},"modified":"2026-01-13T20:01:22","modified_gmt":"2026-01-13T17:01:22","slug":"golden-egg-invaders","status":"publish","type":"page","link":"https:\/\/richrocketgame.com\/it\/golden-egg-invaders\/","title":{"rendered":"Golden Egg Invaders gratis"},"content":{"rendered":"<div class=\"fpm_start\"><\/div>\n<p><b>Invasori di uova d'oro<\/b><span style=\"font-weight: 400;\"> \u00e8 un titolo di slot online di prossima uscita sviluppato da <\/span><b>NetEnt<\/b><span style=\"font-weight: 400;\">, uno dei fornitori pi\u00f9 riconosciuti nel settore dell'iGaming. L'uscita \u00e8 prevista per il <\/span><b>15 aprile 2025<\/b><span style=\"font-weight: 400;\">Questa slot combina elementi da cortile con un tocco fantascientifico, continuando la tradizione di NetEnt di offrire un gioco ricco di temi e coinvolgente. Sebbene le informazioni dettagliate fossero inizialmente limitate, le recenti anteprime hanno fatto luce sulle sue caratteristiche e meccaniche principali.<\/span><\/p>\n<div style=\"text-align: center;\"><a class=\"glow-button\" href=\"\/it\/go\/registration\/\" rel=\"noreferrer noopener nofollow\">Gioca al casin\u00f2<\/a><\/div>\n<table>\n<tbody>\n<tr>\n<td><b>Caratteristica<\/b><\/td>\n<td><b>Dettagli<\/b><\/td>\n<\/tr>\n<tr>\n<td><b>Sviluppatore<\/b><\/td>\n<td><span style=\"font-weight: 400;\">NetEnt<\/span><\/td>\n<\/tr>\n<tr>\n<td><b>Data di uscita<\/b><\/td>\n<td><span style=\"font-weight: 400;\">15 aprile 2025<\/span><\/td>\n<\/tr>\n<tr>\n<td><b>Bobine\/File<\/b><\/td>\n<td><span style=\"font-weight: 400;\">5 rulli \/ 3 file<\/span><\/td>\n<\/tr>\n<tr>\n<td><b>Linee di pagamento<\/b><\/td>\n<td><span style=\"font-weight: 400;\">Fino a 20 linee di pagamento fisse<\/span><\/td>\n<\/tr>\n<tr>\n<td><b>Volatilit\u00e0<\/b><\/td>\n<td><span style=\"font-weight: 400;\">Alto (4\/5)<\/span><\/td>\n<\/tr>\n<tr>\n<td><b>RTP<\/b><\/td>\n<td><span style=\"font-weight: 400;\">96.13%<\/span><\/td>\n<\/tr>\n<tr>\n<td><b>Vincita massima<\/b><\/td>\n<td><span style=\"font-weight: 400;\">1.259x puntata totale<\/span><\/td>\n<\/tr>\n<tr>\n<td><b>Caratteristiche bonus<\/b><\/td>\n<td><span style=\"font-weight: 400;\">Giri gratis, Uova d'oro, Moltiplicatori, Wilds<\/span><\/td>\n<\/tr>\n<tr>\n<td><b>Piattaforme<\/b><\/td>\n<td><span style=\"font-weight: 400;\">Desktop, Mobile (iOS\/Android)<\/span><\/td>\n<\/tr>\n<\/tbody>\n<\/table>\n<p>Golden Egg Invaders \u00e8 strutturata come una slot a 5\u00d73 rulli con 20 linee di pagamento e un'impostazione ad alta volatilit\u00e0, progettata per attrarre i giocatori che preferiscono un gioco pi\u00f9 rischioso ma potenzialmente pi\u00f9 remunerativo. L'RTP di 96,13% la pone in linea con le medie del settore. Tuttavia, la vincita massima di 1.259x pu\u00f2 essere considerata modesta rispetto ad altre slot ad alta volatilit\u00e0 presenti sul mercato.<\/p>\n<p><img decoding=\"async\" class=\"size-full wp-image-1549 aligncenter\" src=\"https:\/\/richrocketgame.com\/wp-content\/uploads\/2025\/04\/Golden-Egg-Invaders.jpg\" alt=\"Invasori di uova d&#039;oro\" width=\"542\" height=\"304\" srcset=\"https:\/\/richrocketgame.com\/wp-content\/uploads\/2025\/04\/Golden-Egg-Invaders.jpg 542w, https:\/\/richrocketgame.com\/wp-content\/uploads\/2025\/04\/Golden-Egg-Invaders-300x168.jpg 300w, https:\/\/richrocketgame.com\/wp-content\/uploads\/2025\/04\/Golden-Egg-Invaders-18x10.jpg 18w, https:\/\/richrocketgame.com\/wp-content\/uploads\/2025\/04\/Golden-Egg-Invaders-71x40.jpg 71w, https:\/\/richrocketgame.com\/wp-content\/uploads\/2025\/04\/Golden-Egg-Invaders-57x32.jpg 57w, https:\/\/richrocketgame.com\/wp-content\/uploads\/2025\/04\/Golden-Egg-Invaders-143x80.jpg 143w, https:\/\/richrocketgame.com\/wp-content\/uploads\/2025\/04\/Golden-Egg-Invaders-241x135.jpg 241w\" sizes=\"(max-width: 542px) 100vw, 542px\" \/><\/p>\n<div style=\"text-align: center;\"><a class=\"glow-button\" href=\"\/it\/go\/registration\/\" rel=\"noreferrer noopener nofollow\">Gioca al casin\u00f2<\/a><\/div>\n<div id=\"ez-toc-container\" class=\"ez-toc-v2_0_62 counter-hierarchy ez-toc-counter ez-toc-grey ez-toc-container-direction\">\n<div class=\"ez-toc-title-container\">\n<p class=\"ez-toc-title\" >Indice dei contenuti<\/p>\n<span class=\"ez-toc-title-toggle\"><a href=\"#\" class=\"ez-toc-pull-right ez-toc-btn ez-toc-btn-xs ez-toc-btn-default ez-toc-toggle\" aria-label=\"Allinea la tabella dei contenuti\"><span class=\"ez-toc-js-icon-con\"><span class=\"\"><span class=\"eztoc-hide\" style=\"display:none;\">Toggle<\/span><span class=\"ez-toc-icon-toggle-span\"><svg style=\"fill: #999;color:#999\" xmlns=\"http:\/\/www.w3.org\/2000\/svg\" class=\"list-377408\" width=\"20px\" height=\"20px\" viewbox=\"0 0 24 24\" fill=\"none\"><path d=\"M6 6H4v2h2V6zm14 0H8v2h12V6zM4 11h2v2H4v-2zm16 0H8v2h12v-2zM4 16h2v2H4v-2zm16 0H8v2h12v-2z\" fill=\"currentColor\"><\/path><\/svg><svg style=\"fill: #999;color:#999\" class=\"arrow-unsorted-368013\" xmlns=\"http:\/\/www.w3.org\/2000\/svg\" width=\"10px\" height=\"10px\" viewbox=\"0 0 24 24\" version=\"1.2\" baseprofile=\"tiny\"><path d=\"M18.2 9.3l-6.2-6.3-6.2 6.3c-.2.2-.3.4-.3.7s.1.5.3.7c.2.2.4.3.7.3h11c.3 0 .5-.1.7-.3.2-.2.3-.5.3-.7s-.1-.5-.3-.7zM5.8 14.7l6.2 6.3 6.2-6.3c.2-.2.3-.5.3-.7s-.1-.5-.3-.7c-.2-.2-.4-.3-.7-.3h-11c-.3 0-.5.1-.7.3-.2.2-.3.5-.3.7s.1.5.3.7z\"\/><\/svg><\/span><\/span><\/span><\/a><\/span><\/div>\n<nav><ul class='ez-toc-list ez-toc-list-level-1 eztoc-toggle-hide-by-default' ><li class='ez-toc-page-1 ez-toc-heading-level-2'><a class=\"ez-toc-link ez-toc-heading-1\" href=\"https:\/\/richrocketgame.com\/it\/golden-egg-invaders\/#Design_Theme\" title=\"Design e tema\">Design e tema<\/a><\/li><li class='ez-toc-page-1 ez-toc-heading-level-2'><a class=\"ez-toc-link ez-toc-heading-2\" href=\"https:\/\/richrocketgame.com\/it\/golden-egg-invaders\/#Gameplay_Features\" title=\"Gioco e caratteristiche\">Gioco e caratteristiche<\/a><\/li><li class='ez-toc-page-1 ez-toc-heading-level-2'><a class=\"ez-toc-link ez-toc-heading-3\" href=\"https:\/\/richrocketgame.com\/it\/golden-egg-invaders\/#How_to_Play\" title=\"Come si gioca\">Come si gioca<\/a><\/li><li class='ez-toc-page-1 ez-toc-heading-level-2'><a class=\"ez-toc-link ez-toc-heading-4\" href=\"https:\/\/richrocketgame.com\/it\/golden-egg-invaders\/#Final_Verdict\" title=\"Verdetto finale\">Verdetto finale<\/a><\/li><li class='ez-toc-page-1 ez-toc-heading-level-2'><a class=\"ez-toc-link ez-toc-heading-5\" href=\"https:\/\/richrocketgame.com\/it\/golden-egg-invaders\/#FAQ\" title=\"FAQ\">FAQ<\/a><ul class='ez-toc-list-level-3' ><li class='ez-toc-heading-level-3'><a class=\"ez-toc-link ez-toc-heading-6\" href=\"https:\/\/richrocketgame.com\/it\/golden-egg-invaders\/#Can_I_play_Golden_Egg_Invaders_for_free\" title=\"Posso giocare a Golden Egg Invaders gratuitamente?\">Posso giocare a Golden Egg Invaders gratuitamente?<\/a><\/li><li class='ez-toc-page-1 ez-toc-heading-level-3'><a class=\"ez-toc-link ez-toc-heading-7\" href=\"https:\/\/richrocketgame.com\/it\/golden-egg-invaders\/#What_is_the_RTP_of_Golden_Egg_Invaders\" title=\"Qual \u00e8 l&#039;RTP di Golden Egg Invaders?\">Qual \u00e8 l'RTP di Golden Egg Invaders?<\/a><\/li><li class='ez-toc-page-1 ez-toc-heading-level-3'><a class=\"ez-toc-link ez-toc-heading-8\" href=\"https:\/\/richrocketgame.com\/it\/golden-egg-invaders\/#What_is_the_maximum_win\" title=\"Qual \u00e8 la vincita massima?\">Qual \u00e8 la vincita massima?<\/a><\/li><li class='ez-toc-page-1 ez-toc-heading-level-3'><a class=\"ez-toc-link ez-toc-heading-9\" href=\"https:\/\/richrocketgame.com\/it\/golden-egg-invaders\/#Does_the_game_have_Free_Spins\" title=\"Il gioco ha dei Free Spins?\">Il gioco ha dei Free Spins?<\/a><\/li><li class='ez-toc-page-1 ez-toc-heading-level-3'><a class=\"ez-toc-link ez-toc-heading-10\" href=\"https:\/\/richrocketgame.com\/it\/golden-egg-invaders\/#Can_I_play_on_mobile\" title=\"Posso giocare su cellulare?\">Posso giocare su cellulare?<\/a><\/li><li class='ez-toc-page-1 ez-toc-heading-level-3'><a class=\"ez-toc-link ez-toc-heading-11\" href=\"https:\/\/richrocketgame.com\/it\/golden-egg-invaders\/#Is_there_a_bonus_buy_feature\" title=\"C&#039;\u00e8 una funzione di acquisto bonus?\">C'\u00e8 una funzione di acquisto bonus?<\/a><\/li><\/ul><\/li><\/ul><\/nav><\/div>\n<h2><span class=\"ez-toc-section\" id=\"Design_Theme\"><\/span><b>Design e tema<\/b><span class=\"ez-toc-section-end\"><\/span><\/h2>\n<p><span style=\"font-weight: 400;\">Golden Egg Invaders presenta un ibrido <\/span>La fattoria incontra la fantascienza<span style=\"font-weight: 400;\"> estetica. Le immagini sono luminose e cartoonesche, con simboli di uova animate, pistole a raggi e alieni da cortile che popolano i rulli. Lo sfondo \u00e8 costituito da un'ambientazione rurale stilizzata con sovrapposizioni a tema spaziale, creando un netto contrasto che spicca tra i temi tipici delle slot. Elementi chiave del design:<\/span><\/p>\n<ul>\n<li style=\"font-weight: 400;\" aria-level=\"1\"><b>Stile visivo.<\/b><span style=\"font-weight: 400;\"> Animazioni 2D di alta qualit\u00e0 con leggere sfumature comiche.<\/span><\/li>\n<li style=\"font-weight: 400;\" aria-level=\"1\"><b>Palette di colori.<\/b><span style=\"font-weight: 400;\"> Colori primari brillanti con accenti metallici e cosmici.<\/span><\/li>\n<li style=\"font-weight: 400;\" aria-level=\"1\"><b>Design del simbolo.<\/b><span style=\"font-weight: 400;\"> Include simboli di carte standard e icone a tema come polli alieni, uova d'oro e pistole a raggi.<\/span><\/li>\n<li style=\"font-weight: 400;\" aria-level=\"1\"><b>Audio:<\/b><span style=\"font-weight: 400;\"> Effetti sonori futuristici con musica di sottofondo in levare.<\/span><\/li>\n<li style=\"font-weight: 400;\" aria-level=\"1\"><b>Interfaccia utente.<\/b><span style=\"font-weight: 400;\"> Minimalista e intuitivo, ottimizzato per un gioco rapido su dispositivi desktop e mobili.<\/span><\/li>\n<\/ul>\n<p><span style=\"font-weight: 400;\">L'interfaccia utente mantiene gli standard abituali di NetEnt: animazioni fluide, navigazione chiara e reattivit\u00e0 per i dispositivi mobili sono tutti presenti, garantendo un'esperienza senza soluzione di continuit\u00e0 indipendentemente dal dispositivo.<\/span><\/p>\n<h2><span class=\"ez-toc-section\" id=\"Gameplay_Features\"><\/span>Gioco e caratteristiche<span class=\"ez-toc-section-end\"><\/span><\/h2>\n<p>Golden Egg Invaders segue un formato di slot strutturato, ma introduce diverse caratteristiche dinamiche per aumentare il coinvolgimento dei giocatori. Il gioco \u00e8 costruito su una griglia a 5 rulli e 3 file con 20 linee di pagamento fisse, che combina le meccaniche tradizionali delle slot con elementi di gioco moderni. Caratteristiche principali:<\/p>\n<ul>\n<li style=\"font-weight: 400;\" aria-level=\"1\">Simboli e cornici delle uova. Quando i simboli Uovo atterrano, lasciano dietro di s\u00e9 delle cornici che rimangono attive per un certo numero di giri. Queste cornici possono trasformarsi in Uova d'oro, che sbloccano i Wild e contribuiscono a innescare le funzioni bonus.<\/li>\n<li style=\"font-weight: 400;\" aria-level=\"1\">Uova d'oro. Si tratta di simboli speciali che si trasformano in Wild, aumentando il potenziale di vincita. Durante i Free Spins, ogni Uovo si trasforma automaticamente in un Uovo d'oro, ognuno dei quali rivela premi fino a 50 volte la puntata.<\/li>\n<li style=\"font-weight: 400;\" aria-level=\"1\">Moltiplicatore progressivo dei giri gratuiti. La raccolta delle uova aumenta il contatore del moltiplicatore, che pu\u00f2 arrivare fino a x10 durante i giri gratuiti. Inoltre, riempire la griglia di uova pu\u00f2 sbloccare un ulteriore moltiplicatore x2, che si accumula per aumentare il potenziale.<\/li>\n<\/ul>\n<div style=\"text-align: center;\"><a class=\"glow-button\" href=\"\/it\/go\/registration\/\" rel=\"noreferrer noopener nofollow\">Gioca al casin\u00f2<\/a><\/div>\n<h2><span class=\"ez-toc-section\" id=\"How_to_Play\"><\/span>Come si gioca<span class=\"ez-toc-section-end\"><\/span><\/h2>\n<p>Il gioco di Golden Egg Invaders \u00e8 semplice e simile alla maggior parte delle slot NetEnt:<\/p>\n<ol>\n<li style=\"font-weight: 400;\" aria-level=\"1\">Scegliere un casin\u00f2 affidabile. Scegliete un casin\u00f2 online autorizzato che offre titoli NetEnt.<\/li>\n<li style=\"font-weight: 400;\" aria-level=\"1\">Demo o gioco reale. Provate la versione demo gratuita per capire i meccanismi. Registratevi ed effettuate un deposito per giocare con denaro reale.<\/li>\n<li style=\"font-weight: 400;\" aria-level=\"1\">Impostare la puntata. Regolate la dimensione della puntata in base al vostro saldo e alle vostre preferenze.<\/li>\n<li style=\"font-weight: 400;\" aria-level=\"1\">Girare i rulli. Fare clic sul pulsante Gira per avviare il gioco. In genere sono disponibili le opzioni di gioco automatico e turbo.<\/li>\n<li style=\"font-weight: 400;\" aria-level=\"1\">Raccogliere uova, costruire cornici e sbloccare uova d'oro e giri gratis.<\/li>\n<\/ol>\n<h2><span class=\"ez-toc-section\" id=\"Final_Verdict\"><\/span><b>Verdetto finale<\/b><span class=\"ez-toc-section-end\"><\/span><\/h2>\n<p><span style=\"font-weight: 400;\">Golden Egg Invaders \u00e8 una slot visivamente accattivante e ricca di funzioni con un chiaro focus su <\/span><b>meccaniche di gioco progressive e moltiplicatori<\/b><span style=\"font-weight: 400;\">. Mentre il <\/span><b>il potenziale di vincita massimo \u00e8 modesto<\/b><span style=\"font-weight: 400;\">, la frequenza delle vittorie e <\/span><b>coinvolgente modalit\u00e0 Free Spins<\/b><span style=\"font-weight: 400;\"> aiutare a mantenere lo slancio. Il suo ibrido <\/span><b>tema fantascientifico\/agricolo<\/b><span style=\"font-weight: 400;\"> offre un'identit\u00e0 visiva unica e i fan dello stile raffinato di NetEnt troveranno qui una qualit\u00e0 familiare.<\/span><\/p><script data-noptimize=\"\" data-wpfc-render=\"false\">\n\/* <![CDATA[ *\/\nfpm_start( \"true\" );\n\/* ]]> *\/\n<\/script>\n\n<h2><span class=\"ez-toc-section\" id=\"FAQ\"><\/span><b>FAQ<\/b><span class=\"ez-toc-section-end\"><\/span><\/h2>\n        <section class=\"sc_fs_faq sc_card\">\n            <div>\n\t\t\t\t<h3><span class=\"ez-toc-section\" id=\"Can_I_play_Golden_Egg_Invaders_for_free\"><\/span>Posso giocare a Golden Egg Invaders gratuitamente?<span class=\"ez-toc-section-end\"><\/span><\/h3>                <div>\n\t\t\t\t\t                    <p>\n\t\t\t\t\t\tS\u00ec. Una versione demo \u00e8 disponibile sulla maggior parte delle piattaforme di casin\u00f2 che ospitano slot NetEnt.                    <\/p>\n                <\/div>\n            <\/div>\n        <\/section>\n\t\t        <section class=\"sc_fs_faq sc_card\">\n            <div>\n\t\t\t\t<h3><span class=\"ez-toc-section\" id=\"What_is_the_RTP_of_Golden_Egg_Invaders\"><\/span>Qual \u00e8 l'RTP di Golden Egg Invaders?<span class=\"ez-toc-section-end\"><\/span><\/h3>                <div>\n\t\t\t\t\t                    <p>\n\t\t\t\t\t\tL'RTP \u00e8 di 96,13%, in linea con la media del settore.                    <\/p>\n                <\/div>\n            <\/div>\n        <\/section>\n\t\t        <section class=\"sc_fs_faq sc_card\">\n            <div>\n\t\t\t\t<h3><span class=\"ez-toc-section\" id=\"What_is_the_maximum_win\"><\/span>Qual \u00e8 la vincita massima?<span class=\"ez-toc-section-end\"><\/span><\/h3>                <div>\n\t\t\t\t\t                    <p>\n\t\t\t\t\t\tLa vincita massima \u00e8 pari a 1.259 volte la puntata totale.                    <\/p>\n                <\/div>\n            <\/div>\n        <\/section>\n\t\t        <section class=\"sc_fs_faq sc_card\">\n            <div>\n\t\t\t\t<h3><span class=\"ez-toc-section\" id=\"Does_the_game_have_Free_Spins\"><\/span>Il gioco ha dei Free Spins?<span class=\"ez-toc-section-end\"><\/span><\/h3>                <div>\n\t\t\t\t\t                    <p>\n\t\t\t\t\t\tS\u00ec. I giri gratis si attivano con la raccolta delle uova. Tutte le uova diventano dorate durante la funzione, con premi potenziati.                    <\/p>\n                <\/div>\n            <\/div>\n        <\/section>\n\t\t        <section class=\"sc_fs_faq sc_card\">\n            <div>\n\t\t\t\t<h3><span class=\"ez-toc-section\" id=\"Can_I_play_on_mobile\"><\/span>Posso giocare su cellulare?<span class=\"ez-toc-section-end\"><\/span><\/h3>                <div>\n\t\t\t\t\t                    <p>\n\t\t\t\t\t\tS\u00ec. Il gioco \u00e8 completamente ottimizzato per i dispositivi iOS e Android.                    <\/p>\n                <\/div>\n            <\/div>\n        <\/section>\n\t\t        <section class=\"sc_fs_faq sc_card\">\n            <div>\n\t\t\t\t<h3><span class=\"ez-toc-section\" id=\"Is_there_a_bonus_buy_feature\"><\/span>C'\u00e8 una funzione di acquisto bonus?<span class=\"ez-toc-section-end\"><\/span><\/h3>                <div>\n\t\t\t\t\t                    <p>\n\t\t\t\t\t\tNo. Golden Egg Invaders non include un'opzione di acquisto dei bonus. Tutte le caratteristiche devono essere sbloccate attraverso il gioco standard.                    <\/p>\n                <\/div>\n            <\/div>\n        <\/section>\n\t\t\n<script type=\"application\/ld+json\">{\n    \"@context\": \"https:\\\/\\\/schema.org\",\n    \"@type\": \"FAQPage\",\n    \"mainEntity\": [\n        {\n            \"@type\": \"Question\",\n            \"name\": \"Can I play Golden Egg Invaders for free?\",\n            \"acceptedAnswer\": {\n                \"@type\": \"Answer\",\n                \"text\": \"Yes. A demo version is available on most casino platforms that host NetEnt slots.\"\n            }\n        },\n        {\n            \"@type\": \"Question\",\n            \"name\": \"What is the RTP of Golden Egg Invaders?\",\n            \"acceptedAnswer\": {\n                \"@type\": \"Answer\",\n                \"text\": \"The RTP is 96.13%, aligning with the industry average.\"\n            }\n        },\n        {\n            \"@type\": \"Question\",\n            \"name\": \"What is the maximum win?\",\n            \"acceptedAnswer\": {\n                \"@type\": \"Answer\",\n                \"text\": \"The max win is 1,259x your total bet.\"\n            }\n        },\n        {\n            \"@type\": \"Question\",\n            \"name\": \"Does the game have Free Spins?\",\n            \"acceptedAnswer\": {\n                \"@type\": \"Answer\",\n                \"text\": \"Yes. Free Spins are triggered through Egg collection. All Eggs become Golden during the feature, with enhanced rewards.\"\n            }\n        },\n        {\n            \"@type\": \"Question\",\n            \"name\": \"Can I play on mobile?\",\n            \"acceptedAnswer\": {\n                \"@type\": \"Answer\",\n                \"text\": \"Yes. The game is fully optimized for both iOS and Android devices.\"\n            }\n        },\n        {\n            \"@type\": \"Question\",\n            \"name\": \"Is there a bonus buy feature?\",\n            \"acceptedAnswer\": {\n                \"@type\": \"Answer\",\n                \"text\": \"No. Golden Egg Invaders does not include a bonus buy option. All features must be unlocked through standard gameplay.\"\n            }\n        }\n    ]\n}<\/script>\n\n<div class=\"fpm_end\"><\/div>\n<div class=\"author-card author-card--top\"><img alt='Foto avatar' src='https:\/\/richrocketgame.com\/wp-content\/uploads\/2023\/03\/Paulo-Dornelas-130x130.jpg' srcset='https:\/\/richrocketgame.com\/wp-content\/uploads\/2023\/03\/Paulo-Dornelas-260x260.jpg 2x' class='avatar avatar-130 photo author-image' height='130' width='130' \/><div class=\"author-content text-md-center\"><span class=\"author-title\">Autore<\/span><a href=\"https:\/\/richrocketgame.com\/it\/author\/paulo-dornelas\/\" class=\"author-name\">Paulo Dornelas<\/a><p class=\"author__details\">Paulo Dornelas \u00e8 un esperto di gioco d'azzardo che ha dedicato la sua vita a comprendere il settore e ad aiutare gli altri a guadagnarci. \u00c8 anche un appassionato viaggiatore e ama esplorare nuovi luoghi. La sua conoscenza del gioco d'azzardo e la sua passione per i viaggi lo rendono la guida perfetta per chiunque voglia ottenere profitti seri dalle scommesse sportive o dai giochi di casin\u00f2.<\/p><\/div><!-- \/.author-content --><\/div>","protected":false},"excerpt":{"rendered":"<p>Golden Egg Invaders \u00e8 un titolo di slot online di prossima uscita sviluppato da NetEnt, uno dei fornitori pi\u00f9 riconosciuti nel settore dell'iGaming. In uscita il 15 aprile 2025, questa slot combina elementi da cortile con un tocco fantascientifico, continuando la tradizione di NetEnt di offrire un gioco ricco di temi e coinvolgente. Sebbene le informazioni dettagliate fossero inizialmente limitate, le recenti anteprime hanno [...]<\/p>","protected":false},"author":2,"featured_media":0,"parent":0,"menu_order":0,"comment_status":"closed","ping_status":"closed","template":"page-no-sidebar.php","meta":{"footnotes":""},"class_list":["post-1472","page","type-page","status-publish","hentry"],"yoast_head":"<!-- This site is optimized with the Yoast SEO plugin v26.7 - https:\/\/yoast.com\/wordpress\/plugins\/seo\/ -->\n<title>Golden Egg Invaders Slot Demo \u2013 NetEnt&#039;s Sci-Fi Farmyard Adventure<\/title>\n<meta name=\"description\" content=\"Discover Golden Egg Invaders by NetEnt, a high-volatility slot with Golden Eggs, Free Spins, and sci-fi farm vibes. Play on desktop or mobile from April!\" \/>\n<meta name=\"robots\" content=\"index, follow, max-snippet:-1, max-image-preview:large, max-video-preview:-1\" \/>\n<link rel=\"canonical\" href=\"https:\/\/richrocketgame.com\/it\/golden-egg-invaders\/\" \/>\n<meta property=\"og:locale\" content=\"it_IT\" \/>\n<meta property=\"og:type\" content=\"article\" \/>\n<meta property=\"og:title\" content=\"Golden Egg Invaders Slot Demo \u2013 NetEnt&#039;s Sci-Fi Farmyard Adventure\" \/>\n<meta property=\"og:description\" content=\"Discover Golden Egg Invaders by NetEnt, a high-volatility slot with Golden Eggs, Free Spins, and sci-fi farm vibes. Play on desktop or mobile from April!\" \/>\n<meta property=\"og:url\" content=\"https:\/\/richrocketgame.com\/it\/golden-egg-invaders\/\" \/>\n<meta property=\"og:site_name\" content=\"Rich Rocket Game\" \/>\n<meta property=\"article:modified_time\" content=\"2026-01-13T17:01:22+00:00\" \/>\n<meta property=\"og:image\" content=\"https:\/\/richrocketgame.com\/wp-content\/uploads\/2025\/04\/Golden-Egg-Invaders.jpg\" \/>\n\t<meta property=\"og:image:width\" content=\"542\" \/>\n\t<meta property=\"og:image:height\" content=\"304\" \/>\n\t<meta property=\"og:image:type\" content=\"image\/jpeg\" \/>\n<meta name=\"twitter:card\" content=\"summary_large_image\" \/>\n<meta name=\"twitter:label1\" content=\"Tempo di lettura stimato\" \/>\n\t<meta name=\"twitter:data1\" content=\"4 minuti\" \/>\n<!-- \/ Yoast SEO plugin. -->","yoast_head_json":{"title":"Demo della slot Golden Egg Invaders: l&#039;avventura fantascientifica in fattoria di NetEnt","description":"Scoprite Golden Egg Invaders di NetEnt, una slot ad alta volatilit\u00e0 con uova d'oro, giri gratuiti e atmosfere fantascientifiche da fattoria. Gioca su desktop o mobile da aprile!","robots":{"index":"index","follow":"follow","max-snippet":"max-snippet:-1","max-image-preview":"max-image-preview:large","max-video-preview":"max-video-preview:-1"},"canonical":"https:\/\/richrocketgame.com\/it\/golden-egg-invaders\/","og_locale":"it_IT","og_type":"article","og_title":"Golden Egg Invaders Slot Demo \u2013 NetEnt's Sci-Fi Farmyard Adventure","og_description":"Discover Golden Egg Invaders by NetEnt, a high-volatility slot with Golden Eggs, Free Spins, and sci-fi farm vibes. Play on desktop or mobile from April!","og_url":"https:\/\/richrocketgame.com\/it\/golden-egg-invaders\/","og_site_name":"Rich Rocket Game","article_modified_time":"2026-01-13T17:01:22+00:00","og_image":[{"width":542,"height":304,"url":"https:\/\/richrocketgame.com\/wp-content\/uploads\/2025\/04\/Golden-Egg-Invaders.jpg","type":"image\/jpeg"}],"twitter_card":"summary_large_image","twitter_misc":{"Tempo di lettura stimato":"4 minuti"},"schema":{"@context":"https:\/\/schema.org","@graph":[{"@type":"WebPage","@id":"https:\/\/richrocketgame.com\/golden-egg-invaders\/","url":"https:\/\/richrocketgame.com\/golden-egg-invaders\/","name":"Demo della slot Golden Egg Invaders: l&#039;avventura fantascientifica in fattoria di NetEnt","isPartOf":{"@id":"https:\/\/richrocketgame.com\/#website"},"primaryImageOfPage":{"@id":"https:\/\/richrocketgame.com\/golden-egg-invaders\/#primaryimage"},"image":{"@id":"https:\/\/richrocketgame.com\/golden-egg-invaders\/#primaryimage"},"thumbnailUrl":"https:\/\/richrocketgame.com\/wp-content\/uploads\/2025\/04\/Golden-Egg-Invaders.jpg","datePublished":"2025-04-17T11:36:07+00:00","dateModified":"2026-01-13T17:01:22+00:00","description":"Scoprite Golden Egg Invaders di NetEnt, una slot ad alta volatilit\u00e0 con uova d'oro, giri gratuiti e atmosfere fantascientifiche da fattoria. Gioca su desktop o mobile da aprile!","breadcrumb":{"@id":"https:\/\/richrocketgame.com\/golden-egg-invaders\/#breadcrumb"},"inLanguage":"it-IT","potentialAction":[{"@type":"ReadAction","target":["https:\/\/richrocketgame.com\/golden-egg-invaders\/"]}]},{"@type":"ImageObject","inLanguage":"it-IT","@id":"https:\/\/richrocketgame.com\/golden-egg-invaders\/#primaryimage","url":"https:\/\/richrocketgame.com\/wp-content\/uploads\/2025\/04\/Golden-Egg-Invaders.jpg","contentUrl":"https:\/\/richrocketgame.com\/wp-content\/uploads\/2025\/04\/Golden-Egg-Invaders.jpg"},{"@type":"BreadcrumbList","@id":"https:\/\/richrocketgame.com\/golden-egg-invaders\/#breadcrumb","itemListElement":[{"@type":"ListItem","position":1,"name":"\u0413\u043b\u0430\u0432\u043d\u0430\u044f \u0441\u0442\u0440\u0430\u043d\u0438\u0446\u0430","item":"https:\/\/richrocketgame.com\/"},{"@type":"ListItem","position":2,"name":"Golden Egg Invaders for Free"}]},{"@type":"WebSite","@id":"https:\/\/richrocketgame.com\/#website","url":"https:\/\/richrocketgame.com\/","name":"Gioco Rich Rocket","description":"","publisher":{"@id":"https:\/\/richrocketgame.com\/#organization"},"potentialAction":[{"@type":"SearchAction","target":{"@type":"EntryPoint","urlTemplate":"https:\/\/richrocketgame.com\/?s={search_term_string}"},"query-input":{"@type":"PropertyValueSpecification","valueRequired":true,"valueName":"search_term_string"}}],"inLanguage":"it-IT"},{"@type":"Organization","@id":"https:\/\/richrocketgame.com\/#organization","name":"Gioco Rich Rocket","url":"https:\/\/richrocketgame.com\/","logo":{"@type":"ImageObject","inLanguage":"it-IT","@id":"https:\/\/richrocketgame.com\/#\/schema\/logo\/image\/","url":"https:\/\/richrocketgame.com\/wp-content\/uploads\/2022\/09\/Rich-Rocket-earning-app.png","contentUrl":"https:\/\/richrocketgame.com\/wp-content\/uploads\/2022\/09\/Rich-Rocket-earning-app.png","width":512,"height":512,"caption":"Rich Rocket Game"},"image":{"@id":"https:\/\/richrocketgame.com\/#\/schema\/logo\/image\/"}}]}},"_links":{"self":[{"href":"https:\/\/richrocketgame.com\/it\/wp-json\/wp\/v2\/pages\/1472","targetHints":{"allow":["GET"]}}],"collection":[{"href":"https:\/\/richrocketgame.com\/it\/wp-json\/wp\/v2\/pages"}],"about":[{"href":"https:\/\/richrocketgame.com\/it\/wp-json\/wp\/v2\/types\/page"}],"author":[{"embeddable":true,"href":"https:\/\/richrocketgame.com\/it\/wp-json\/wp\/v2\/users\/2"}],"replies":[{"embeddable":true,"href":"https:\/\/richrocketgame.com\/it\/wp-json\/wp\/v2\/comments?post=1472"}],"version-history":[{"count":0,"href":"https:\/\/richrocketgame.com\/it\/wp-json\/wp\/v2\/pages\/1472\/revisions"}],"wp:attachment":[{"href":"https:\/\/richrocketgame.com\/it\/wp-json\/wp\/v2\/media?parent=1472"}],"curies":[{"name":"parola chiave","href":"https:\/\/api.w.org\/{rel}","templated":true}]}}