{"id":129,"date":"2023-02-14T21:04:36","date_gmt":"2023-02-14T18:04:36","guid":{"rendered":"https:\/\/richrocketgame.com\/?page_id=129"},"modified":"2024-04-12T13:43:29","modified_gmt":"2024-04-12T10:43:29","slug":"rich-rocket-demo-game","status":"publish","type":"page","link":"https:\/\/richrocketgame.com\/it\/rich-rocket-demo-game\/","title":{"rendered":"Gioco demo Rich Rocket"},"content":{"rendered":"<div class=\"fpm_start\"><\/div>\n<p>Rich Rocket, proposta dal fornitore di software Lucky Elephant, \u00e8 la slot perfetta per chi \u00e8 alla ricerca di un'esperienza di gioco emozionante e coinvolgente. Con un tasso di RTP del 96,30% e generosi potenziali di vincita, questa versione del 2020 \u00e8 diventata la preferita di molti giocatori indiani che scelgono il casin\u00f2 4rabet come fonte di intrattenimento. A renderla ancora pi\u00f9 unica \u00e8 la funzione Jackpot Safe, che offre agli utenti un vantaggio in pi\u00f9 quando tentano la fortuna!<br \/>\n<iframe style=\"overflow: hidden; display: block; width: 100%; height: 691px; border: none; margin: 0px auto;\" src=\"https:\/\/gamicorp.com\/api\/wrapper\/MThwUE0KP5TkVgJiOHNt6ObZJJ7bAMTlteTXMFkH1lPOu9iBwHG8LyqUYzrVvu84LbtkLKbpZtchjQGqupXB8uEB9mlIRYaWkrNUgsQkzm1C23RqJgfMlZRyUPnpmjxv\" frameborder=\"0\" scrolling=\"no\" allowfullscreen=\"allowfullscreen\"><span data-mce-type=\"bookmark\" style=\"display: inline-block; width: 0px; overflow: hidden; line-height: 0;\" class=\"mce_SELRES_start\"><\/span><\/iframe><\/p>\n<div style=\"text-align: center;\"><a class=\"glow-button\" href=\"\/it\/go\/registration\/\">Gioca a Rich Rocket per soldi veri \ud83d\ude80<\/a><\/div>\n<div id=\"ez-toc-container\" class=\"ez-toc-v2_0_62 counter-hierarchy ez-toc-counter ez-toc-grey ez-toc-container-direction\">\n<div class=\"ez-toc-title-container\">\n<p class=\"ez-toc-title\" >Indice dei contenuti<\/p>\n<span class=\"ez-toc-title-toggle\"><a href=\"#\" class=\"ez-toc-pull-right ez-toc-btn ez-toc-btn-xs ez-toc-btn-default ez-toc-toggle\" aria-label=\"Allinea la tabella dei contenuti\"><span class=\"ez-toc-js-icon-con\"><span class=\"\"><span class=\"eztoc-hide\" style=\"display:none;\">Toggle<\/span><span class=\"ez-toc-icon-toggle-span\"><svg style=\"fill: #999;color:#999\" xmlns=\"http:\/\/www.w3.org\/2000\/svg\" class=\"list-377408\" width=\"20px\" height=\"20px\" viewbox=\"0 0 24 24\" fill=\"none\"><path d=\"M6 6H4v2h2V6zm14 0H8v2h12V6zM4 11h2v2H4v-2zm16 0H8v2h12v-2zM4 16h2v2H4v-2zm16 0H8v2h12v-2z\" fill=\"currentColor\"><\/path><\/svg><svg style=\"fill: #999;color:#999\" class=\"arrow-unsorted-368013\" xmlns=\"http:\/\/www.w3.org\/2000\/svg\" width=\"10px\" height=\"10px\" viewbox=\"0 0 24 24\" version=\"1.2\" baseprofile=\"tiny\"><path d=\"M18.2 9.3l-6.2-6.3-6.2 6.3c-.2.2-.3.4-.3.7s.1.5.3.7c.2.2.4.3.7.3h11c.3 0 .5-.1.7-.3.2-.2.3-.5.3-.7s-.1-.5-.3-.7zM5.8 14.7l6.2 6.3 6.2-6.3c.2-.2.3-.5.3-.7s-.1-.5-.3-.7c-.2-.2-.4-.3-.7-.3h-11c-.3 0-.5.1-.7.3-.2.2-.3.5-.3.7s.1.5.3.7z\"\/><\/svg><\/span><\/span><\/span><\/a><\/span><\/div>\n<nav><ul class='ez-toc-list ez-toc-list-level-1 eztoc-toggle-hide-by-default' ><li class='ez-toc-page-1 ez-toc-heading-level-2'><a class=\"ez-toc-link ez-toc-heading-1\" href=\"https:\/\/richrocketgame.com\/it\/rich-rocket-demo-game\/#What_you_need_to_know_about_Rich_Rocket_Demo\" title=\"Cosa c&#039;\u00e8 da sapere su Rich Rocket Demo?\">Cosa c'\u00e8 da sapere su Rich Rocket Demo?<\/a><\/li><li class='ez-toc-page-1 ez-toc-heading-level-2'><a class=\"ez-toc-link ez-toc-heading-2\" href=\"https:\/\/richrocketgame.com\/it\/rich-rocket-demo-game\/#Benefits_of_Free_Play_Rick_Rocket_Version\" title=\"Vantaggi della versione Free Play Rick Rocket\">Vantaggi della versione Free Play Rick Rocket<\/a><\/li><li class='ez-toc-page-1 ez-toc-heading-level-2'><a class=\"ez-toc-link ez-toc-heading-3\" href=\"https:\/\/richrocketgame.com\/it\/rich-rocket-demo-game\/#Where_can_you_play_at_Rich_Rocket_Demo\" title=\"Dove si pu\u00f2 giocare all&#039;Rich Rocket Demo?\">Dove si pu\u00f2 giocare all'Rich Rocket Demo?<\/a><\/li><li class='ez-toc-page-1 ez-toc-heading-level-2'><a class=\"ez-toc-link ez-toc-heading-4\" href=\"https:\/\/richrocketgame.com\/it\/rich-rocket-demo-game\/#FAQ\" title=\"FAQ\">FAQ<\/a><ul class='ez-toc-list-level-3' ><li class='ez-toc-heading-level-3'><a class=\"ez-toc-link ez-toc-heading-5\" href=\"https:\/\/richrocketgame.com\/it\/rich-rocket-demo-game\/#Is_Rich_Rocket_Demo_available_to_play_in_India\" title=\"La demo di Rich Rocket \u00e8 disponibile per il gioco in India?\">La demo di Rich Rocket \u00e8 disponibile per il gioco in India?<\/a><\/li><li class='ez-toc-page-1 ez-toc-heading-level-3'><a class=\"ez-toc-link ez-toc-heading-6\" href=\"https:\/\/richrocketgame.com\/it\/rich-rocket-demo-game\/#Are_there_any_differences_between_the_demo_and_paid_versions_of_this_game\" title=\"Ci sono differenze tra la versione demo e quella a pagamento di questo gioco?\">Ci sono differenze tra la versione demo e quella a pagamento di questo gioco?<\/a><\/li><li class='ez-toc-page-1 ez-toc-heading-level-3'><a class=\"ez-toc-link ez-toc-heading-7\" href=\"https:\/\/richrocketgame.com\/it\/rich-rocket-demo-game\/#What_are_the_benefits_of_playing_this_game_in_demo_mode\" title=\"Quali sono i vantaggi di giocare in modalit\u00e0 demo?\">Quali sono i vantaggi di giocare in modalit\u00e0 demo?<\/a><\/li><\/ul><\/li><\/ul><\/nav><\/div>\n<h2><span class=\"ez-toc-section\" id=\"What_you_need_to_know_about_Rich_Rocket_Demo\"><\/span>Cosa c'\u00e8 da sapere su Rich Rocket Demo?<span class=\"ez-toc-section-end\"><\/span><\/h2>\n<p>Quando <a href=\"https:\/\/richrocketgame.com\/it\/\">giocare a Rich Rocket<\/a> in un casin\u00f2 online autorizzato, \u00e8 possibile provare il gioco senza rischiare denaro; questo aiuta a familiarizzare con la slot e a elaborare tattiche e strategie. La versione gratuita \u00e8 del tutto identica alla sua controparte a pagamento, tranne per il fatto che quando si gioca gratuitamente non vengono assegnati premi in denaro. In questo modo \u00e8 pi\u00f9 facile identificare le scommesse vincenti, poich\u00e9 il denaro virtuale viene puntato indipendentemente dalla vincita o meno, consentendo ai giocatori di esercitarsi senza rischi!<\/p>\n<div id=\"attachment_133\" style=\"width: 994px\" class=\"wp-caption aligncenter\"><a href=\"https:\/\/richrocketgame.com\/it\/go\/registration\/\"><img decoding=\"async\" aria-describedby=\"caption-attachment-133\" class=\"wp-image-133 size-large\" title=\"Demo Rich Rocket\" src=\"https:\/\/richrocketgame.com\/wp-content\/uploads\/2023\/02\/Rich-Rocket-Demo-1024x260.png\" alt=\"Demo Rich Rocket\" width=\"994\" height=\"252\" srcset=\"https:\/\/richrocketgame.com\/wp-content\/uploads\/2023\/02\/Rich-Rocket-Demo-1024x260.png 1024w, https:\/\/richrocketgame.com\/wp-content\/uploads\/2023\/02\/Rich-Rocket-Demo-300x76.png 300w, https:\/\/richrocketgame.com\/wp-content\/uploads\/2023\/02\/Rich-Rocket-Demo-768x195.png 768w, https:\/\/richrocketgame.com\/wp-content\/uploads\/2023\/02\/Rich-Rocket-Demo-18x5.png 18w, https:\/\/richrocketgame.com\/wp-content\/uploads\/2023\/02\/Rich-Rocket-Demo-158x40.png 158w, https:\/\/richrocketgame.com\/wp-content\/uploads\/2023\/02\/Rich-Rocket-Demo-126x32.png 126w, https:\/\/richrocketgame.com\/wp-content\/uploads\/2023\/02\/Rich-Rocket-Demo-315x80.png 315w, https:\/\/richrocketgame.com\/wp-content\/uploads\/2023\/02\/Rich-Rocket-Demo-532x135.png 532w, https:\/\/richrocketgame.com\/wp-content\/uploads\/2023\/02\/Rich-Rocket-Demo.png 1414w\" sizes=\"(max-width: 994px) 100vw, 994px\" \/><\/a><p id=\"caption-attachment-133\" class=\"wp-caption-text\">Demo Rich Rocket<\/p><\/div>\n<p>Con la versione a pagamento di questo gioco, potete aumentare le vostre possibilit\u00e0 di successo piazzando scommesse e vincite. Sia su computer che scaricando i giochi di casin\u00f2 direttamente sul vostro smartphone, potrete accedervi in qualsiasi momento e ovunque!<\/p>\n<div style=\"text-align: center;\"><a class=\"glow-button\" href=\"\/it\/go\/registration\/\">Gioca a Rich Rocket \ud83d\ude80<\/a><\/div>\n<h2><span class=\"ez-toc-section\" id=\"Benefits_of_Free_Play_Rick_Rocket_Version\"><\/span>Vantaggi della versione Free Play Rick Rocket<span class=\"ez-toc-section-end\"><\/span><\/h2>\n<p>La demo gratuita di Rich Rocket \u00e8 un ottimo modo per i giocatori nuovi ed esperti di praticare le loro abilit\u00e0 di gioco. Senza il rischio di perdere denaro, i giocatori sono liberi di provare diverse strategie che potrebbero essere utili quando si gioca con denaro reale. Inoltre, questa versione del gioco permette agli utenti di esplorare tutte le caratteristiche e i bonus inclusi in Rich Rocket senza dover spendere denaro. Questo aiuta i giocatori a diventare ben informati e aumenter\u00e0 senza dubbio le loro possibilit\u00e0 di successo quando giocheranno con puntate reali.<\/p>\n<div id=\"attachment_134\" style=\"width: 780px\" class=\"wp-caption aligncenter\"><a href=\"https:\/\/richrocketgame.com\/it\/go\/registration\/\"><img decoding=\"async\" aria-describedby=\"caption-attachment-134\" class=\"wp-image-134\" title=\"Rich Rocket Gioco libero\" src=\"https:\/\/richrocketgame.com\/wp-content\/uploads\/2023\/02\/Rich-Rocket-Free-Play.png\" alt=\"Rich Rocket Gioco libero\" width=\"780\" height=\"525\" srcset=\"https:\/\/richrocketgame.com\/wp-content\/uploads\/2023\/02\/Rich-Rocket-Free-Play.png 826w, https:\/\/richrocketgame.com\/wp-content\/uploads\/2023\/02\/Rich-Rocket-Free-Play-300x202.png 300w, https:\/\/richrocketgame.com\/wp-content\/uploads\/2023\/02\/Rich-Rocket-Free-Play-768x517.png 768w, https:\/\/richrocketgame.com\/wp-content\/uploads\/2023\/02\/Rich-Rocket-Free-Play-18x12.png 18w, https:\/\/richrocketgame.com\/wp-content\/uploads\/2023\/02\/Rich-Rocket-Free-Play-59x40.png 59w, https:\/\/richrocketgame.com\/wp-content\/uploads\/2023\/02\/Rich-Rocket-Free-Play-48x32.png 48w, https:\/\/richrocketgame.com\/wp-content\/uploads\/2023\/02\/Rich-Rocket-Free-Play-119x80.png 119w, https:\/\/richrocketgame.com\/wp-content\/uploads\/2023\/02\/Rich-Rocket-Free-Play-201x135.png 201w\" sizes=\"(max-width: 780px) 100vw, 780px\" \/><\/a><p id=\"caption-attachment-134\" class=\"wp-caption-text\">Rich Rocket Gioco libero<\/p><\/div>\n<p>Inoltre, come gi\u00e0 detto, \u00e8 sempre saggio provare un gioco di casin\u00f2 prima di investire il proprio denaro - e la versione demo di Rich Rocket permette ai giocatori di farlo. E quando si sentiranno pronti, potranno passare alla versione a pagamento e iniziare a giocare sul serio!<\/p>\n<div style=\"text-align: center;\"><a class=\"glow-button\" href=\"\/it\/go\/registration\/\">\ud83d\ude80 Gioco Rich Rocket<\/a><\/div>\n<h2><span class=\"ez-toc-section\" id=\"Where_can_you_play_at_Rich_Rocket_Demo\"><\/span>Dove si pu\u00f2 giocare all'Rich Rocket Demo?<span class=\"ez-toc-section-end\"><\/span><\/h2>\n<p><a href=\"https:\/\/richrocketgame.com\/it\/play-rich-rocket-parimatch-casino\/\">Parimatch<\/a> e <a href=\"https:\/\/richrocketgame.com\/it\/play-rich-rocket-4rabet-casino\/\">Casin\u00f2 4rabet<\/a> sono due dei casin\u00f2 online pi\u00f9 popolari in India e offrono un'ampia gamma di esperienze di gioco. Entrambi i casin\u00f2 hanno a disposizione la versione demo di Rich Rocket, che permette ai giocatori di sperimentare questo emozionante gioco senza alcun rischio. Con la versione demo, gli utenti possono provare diverse strategie e tattiche prima di decidere se iniziare a giocare con denaro reale.<\/p><script data-noptimize=\"\" data-wpfc-render=\"false\">\n\/* <![CDATA[ *\/\nfpm_start( \"true\" );\n\/* ]]> *\/\n<\/script>\n\n<div style=\"text-align: center;\"><a class=\"glow-button\" href=\"\/it\/go\/registration\/\">Gioca a Rich Rocket per soldi veri \ud83d\udcb0<\/a><\/div>\n<h2><span class=\"ez-toc-section\" id=\"FAQ\"><\/span>FAQ<span class=\"ez-toc-section-end\"><\/span><\/h2>\n        <section class=\"sc_fs_faq sc_card\">\n            <div>\n\t\t\t\t<h3><span class=\"ez-toc-section\" id=\"Is_Rich_Rocket_Demo_available_to_play_in_India\"><\/span>La demo di Rich Rocket \u00e8 disponibile per il gioco in India?<span class=\"ez-toc-section-end\"><\/span><\/h3>                <div>\n\t\t\t\t\t                    <p>\n\t\t\t\t\t\tS\u00ec, sia Parimatch che 4rabet Casino offrono ai loro giocatori la versione demo di Rich Rocket. In questo modo, gli utenti possono esercitarsi senza rischiare di perdere denaro.                    <\/p>\n                <\/div>\n            <\/div>\n        <\/section>\n\t\t        <section class=\"sc_fs_faq sc_card\">\n            <div>\n\t\t\t\t<h3><span class=\"ez-toc-section\" id=\"Are_there_any_differences_between_the_demo_and_paid_versions_of_this_game\"><\/span>Ci sono differenze tra la versione demo e quella a pagamento di questo gioco?<span class=\"ez-toc-section-end\"><\/span><\/h3>                <div>\n\t\t\t\t\t                    <p>\n\t\t\t\t\t\tLa versione demo di Rich Rocket \u00e8 completamente identica alla sua controparte a pagamento, tranne per il fatto che quando si gioca gratuitamente non vengono assegnati premi in denaro. Questo permette ai giocatori di praticare le loro abilit\u00e0 di gioco senza alcun rischio finanziario.                    <\/p>\n                <\/div>\n            <\/div>\n        <\/section>\n\t\t        <section class=\"sc_fs_faq sc_card\">\n            <div>\n\t\t\t\t<h3><span class=\"ez-toc-section\" id=\"What_are_the_benefits_of_playing_this_game_in_demo_mode\"><\/span>Quali sono i vantaggi di giocare in modalit\u00e0 demo?<span class=\"ez-toc-section-end\"><\/span><\/h3>                <div>\n\t\t\t\t\t                    <p>\n\t\t\t\t\t\tGiocare alla Demo di Rich Rocket aiuta gli utenti a praticare le loro abilit\u00e0 di gioco e a familiarizzare con il gioco. Inoltre, offre loro l'opportunit\u00e0 di esplorare tutte le caratteristiche e i bonus inclusi in Rich Rocket senza dover spendere denaro.                    <\/p>\n                <\/div>\n            <\/div>\n        <\/section>\n\t\t\n<script type=\"application\/ld+json\">{\n    \"@context\": \"https:\\\/\\\/schema.org\",\n    \"@type\": \"FAQPage\",\n    \"mainEntity\": [\n        {\n            \"@type\": \"Question\",\n            \"name\": \"Is Rich Rocket Demo available to play in India?\",\n            \"acceptedAnswer\": {\n                \"@type\": \"Answer\",\n                \"text\": \"Yes, both Parimatch and 4rabet Casino offer the Rich Rocket Demo version to their players. This way, users can practice their skillset without risk of losing money.\"\n            }\n        },\n        {\n            \"@type\": \"Question\",\n            \"name\": \"Are there any differences between the demo and paid versions of this game?\",\n            \"acceptedAnswer\": {\n                \"@type\": \"Answer\",\n                \"text\": \"The demo version of Rich Rocket is completely identical to its paid counterpart, except that when playing for free there are no cash prizes awarded. This allows players to practice their gaming skills without any financial risk.\"\n            }\n        },\n        {\n            \"@type\": \"Question\",\n            \"name\": \"What are the benefits of playing this game in demo mode?\",\n            \"acceptedAnswer\": {\n                \"@type\": \"Answer\",\n                \"text\": \"Playing the Rich Rocket Demo helps users to practice their gaming skills and familiarize themselves with the game. It also gives them an opportunity to explore all the features and bonuses included in Rich Rocket without having to spend any money.\"\n            }\n        }\n    ]\n}<\/script>\n\n<div class=\"fpm_end\"><\/div>\n<div class=\"author-card author-card--top\"><img alt='Foto avatar' src='https:\/\/richrocketgame.com\/wp-content\/uploads\/2023\/03\/Paulo-Dornelas-130x130.jpg' srcset='https:\/\/richrocketgame.com\/wp-content\/uploads\/2023\/03\/Paulo-Dornelas-260x260.jpg 2x' class='avatar avatar-130 photo author-image' height='130' width='130' \/><div class=\"author-content text-md-center\"><span class=\"author-title\">Autore<\/span><a href=\"https:\/\/richrocketgame.com\/it\/author\/paulo-dornelas\/\" class=\"author-name\">Paulo Dornelas<\/a><p class=\"author__details\">Paulo Dornelas \u00e8 un esperto di gioco d'azzardo che ha dedicato la sua vita a comprendere il settore e ad aiutare gli altri a guadagnarci. \u00c8 anche un appassionato viaggiatore e ama esplorare nuovi luoghi. La sua conoscenza del gioco d'azzardo e la sua passione per i viaggi lo rendono la guida perfetta per chiunque voglia ottenere profitti seri dalle scommesse sportive o dai giochi di casin\u00f2.<\/p><\/div><!-- \/.author-content --><\/div>","protected":false},"excerpt":{"rendered":"<p>Rich Rocket, proposta dal fornitore di software Lucky Elephant, \u00e8 la slot perfetta per chi \u00e8 alla ricerca di un'esperienza di gioco emozionante e coinvolgente. Con il suo tasso di RTP 96,30% e le generose potenzialit\u00e0 di vincita, questa versione 2020 \u00e8 diventata la preferita di molti giocatori indiani che scelgono il casin\u00f2 4rabet come fonte di intrattenimento. [...]<\/p>","protected":false},"author":2,"featured_media":0,"parent":0,"menu_order":0,"comment_status":"closed","ping_status":"closed","template":"page-no-sidebar.php","meta":{"footnotes":""},"class_list":["post-129","page","type-page","status-publish","hentry"],"yoast_head":"<!-- This site is optimized with the Yoast SEO plugin v26.7 - https:\/\/yoast.com\/wordpress\/plugins\/seo\/ -->\n<title>Rich Rocket Demo Game - Play | Rocket Game Free to Play<\/title>\n<meta name=\"description\" content=\"How to Play in Rich Rocket Game and Where to Find Rocket Game Demo? Best online casinos where you can play Rich Rocket for free or on real money.\" \/>\n<meta name=\"robots\" content=\"index, follow, max-snippet:-1, max-image-preview:large, max-video-preview:-1\" \/>\n<link rel=\"canonical\" href=\"https:\/\/richrocketgame.com\/it\/rich-rocket-demo-game\/\" \/>\n<meta property=\"og:locale\" content=\"it_IT\" \/>\n<meta property=\"og:type\" content=\"article\" \/>\n<meta property=\"og:title\" content=\"Rich Rocket Demo Game - Play | Rocket Game Free to Play\" \/>\n<meta property=\"og:description\" content=\"How to Play in Rich Rocket Game and Where to Find Rocket Game Demo? Best online casinos where you can play Rich Rocket for free or on real money.\" \/>\n<meta property=\"og:url\" content=\"https:\/\/richrocketgame.com\/it\/rich-rocket-demo-game\/\" \/>\n<meta property=\"og:site_name\" content=\"Rich Rocket Game\" \/>\n<meta property=\"article:modified_time\" content=\"2024-04-12T10:43:29+00:00\" \/>\n<meta property=\"og:image\" content=\"https:\/\/richrocketgame.com\/wp-content\/uploads\/2023\/02\/Rich-Rocket-Demo-1024x260.png\" \/>\n<meta name=\"twitter:card\" content=\"summary_large_image\" \/>\n<meta name=\"twitter:label1\" content=\"Tempo di lettura stimato\" \/>\n\t<meta name=\"twitter:data1\" content=\"4 minuti\" \/>\n<!-- \/ Yoast SEO plugin. -->","yoast_head_json":{"title":"Rich Rocket Gioco demo - Gioca | Rocket Gioco libero di giocare","description":"Come si gioca a Rich Rocket e dove si trova la demo di Rocket? I migliori casin\u00f2 online in cui \u00e8 possibile giocare a Rich Rocket gratuitamente o con denaro reale.","robots":{"index":"index","follow":"follow","max-snippet":"max-snippet:-1","max-image-preview":"max-image-preview:large","max-video-preview":"max-video-preview:-1"},"canonical":"https:\/\/richrocketgame.com\/it\/rich-rocket-demo-game\/","og_locale":"it_IT","og_type":"article","og_title":"Rich Rocket Demo Game - Play | Rocket Game Free to Play","og_description":"How to Play in Rich Rocket Game and Where to Find Rocket Game Demo? Best online casinos where you can play Rich Rocket for free or on real money.","og_url":"https:\/\/richrocketgame.com\/it\/rich-rocket-demo-game\/","og_site_name":"Rich Rocket Game","article_modified_time":"2024-04-12T10:43:29+00:00","og_image":[{"url":"https:\/\/richrocketgame.com\/wp-content\/uploads\/2023\/02\/Rich-Rocket-Demo-1024x260.png","type":"","width":"","height":""}],"twitter_card":"summary_large_image","twitter_misc":{"Tempo di lettura stimato":"4 minuti"},"schema":{"@context":"https:\/\/schema.org","@graph":[{"@type":"WebPage","@id":"https:\/\/richrocketgame.com\/rich-rocket-demo-game\/","url":"https:\/\/richrocketgame.com\/rich-rocket-demo-game\/","name":"Rich Rocket Gioco demo - Gioca | Rocket Gioco libero di giocare","isPartOf":{"@id":"https:\/\/richrocketgame.com\/#website"},"primaryImageOfPage":{"@id":"https:\/\/richrocketgame.com\/rich-rocket-demo-game\/#primaryimage"},"image":{"@id":"https:\/\/richrocketgame.com\/rich-rocket-demo-game\/#primaryimage"},"thumbnailUrl":"https:\/\/richrocketgame.com\/wp-content\/uploads\/2023\/02\/Rich-Rocket-Demo-1024x260.png","datePublished":"2023-02-14T18:04:36+00:00","dateModified":"2024-04-12T10:43:29+00:00","description":"Come si gioca a Rich Rocket e dove si trova la demo di Rocket? I migliori casin\u00f2 online in cui \u00e8 possibile giocare a Rich Rocket gratuitamente o con denaro reale.","breadcrumb":{"@id":"https:\/\/richrocketgame.com\/rich-rocket-demo-game\/#breadcrumb"},"inLanguage":"it-IT","potentialAction":[{"@type":"ReadAction","target":["https:\/\/richrocketgame.com\/rich-rocket-demo-game\/"]}]},{"@type":"ImageObject","inLanguage":"it-IT","@id":"https:\/\/richrocketgame.com\/rich-rocket-demo-game\/#primaryimage","url":"https:\/\/richrocketgame.com\/wp-content\/uploads\/2023\/02\/Rich-Rocket-Demo-1024x260.png","contentUrl":"https:\/\/richrocketgame.com\/wp-content\/uploads\/2023\/02\/Rich-Rocket-Demo-1024x260.png"},{"@type":"BreadcrumbList","@id":"https:\/\/richrocketgame.com\/rich-rocket-demo-game\/#breadcrumb","itemListElement":[{"@type":"ListItem","position":1,"name":"\u0413\u043b\u0430\u0432\u043d\u0430\u044f \u0441\u0442\u0440\u0430\u043d\u0438\u0446\u0430","item":"https:\/\/richrocketgame.com\/"},{"@type":"ListItem","position":2,"name":"Rich Rocket Demo Game"}]},{"@type":"WebSite","@id":"https:\/\/richrocketgame.com\/#website","url":"https:\/\/richrocketgame.com\/","name":"Gioco Rich Rocket","description":"","publisher":{"@id":"https:\/\/richrocketgame.com\/#organization"},"potentialAction":[{"@type":"SearchAction","target":{"@type":"EntryPoint","urlTemplate":"https:\/\/richrocketgame.com\/?s={search_term_string}"},"query-input":{"@type":"PropertyValueSpecification","valueRequired":true,"valueName":"search_term_string"}}],"inLanguage":"it-IT"},{"@type":"Organization","@id":"https:\/\/richrocketgame.com\/#organization","name":"Gioco Rich Rocket","url":"https:\/\/richrocketgame.com\/","logo":{"@type":"ImageObject","inLanguage":"it-IT","@id":"https:\/\/richrocketgame.com\/#\/schema\/logo\/image\/","url":"https:\/\/richrocketgame.com\/wp-content\/uploads\/2022\/09\/Rich-Rocket-earning-app.png","contentUrl":"https:\/\/richrocketgame.com\/wp-content\/uploads\/2022\/09\/Rich-Rocket-earning-app.png","width":512,"height":512,"caption":"Rich Rocket Game"},"image":{"@id":"https:\/\/richrocketgame.com\/#\/schema\/logo\/image\/"}}]}},"_links":{"self":[{"href":"https:\/\/richrocketgame.com\/it\/wp-json\/wp\/v2\/pages\/129","targetHints":{"allow":["GET"]}}],"collection":[{"href":"https:\/\/richrocketgame.com\/it\/wp-json\/wp\/v2\/pages"}],"about":[{"href":"https:\/\/richrocketgame.com\/it\/wp-json\/wp\/v2\/types\/page"}],"author":[{"embeddable":true,"href":"https:\/\/richrocketgame.com\/it\/wp-json\/wp\/v2\/users\/2"}],"replies":[{"embeddable":true,"href":"https:\/\/richrocketgame.com\/it\/wp-json\/wp\/v2\/comments?post=129"}],"version-history":[{"count":0,"href":"https:\/\/richrocketgame.com\/it\/wp-json\/wp\/v2\/pages\/129\/revisions"}],"wp:attachment":[{"href":"https:\/\/richrocketgame.com\/it\/wp-json\/wp\/v2\/media?parent=129"}],"curies":[{"name":"parola chiave","href":"https:\/\/api.w.org\/{rel}","templated":true}]}}