{"id":1115,"date":"2025-02-12T13:49:43","date_gmt":"2025-02-12T10:49:43","guid":{"rendered":"https:\/\/richrocketgame.com\/?page_id=1115"},"modified":"2025-08-01T11:24:01","modified_gmt":"2025-08-01T08:24:01","slug":"mad-blast","status":"publish","type":"page","link":"https:\/\/richrocketgame.com\/it\/mad-blast\/","title":{"rendered":"Demo della slot Mad Blast"},"content":{"rendered":"<div class=\"fpm_start\"><\/div>\n<p>Mad Blast pu\u00f2 diventare una delle slot pi\u00f9 popolari del 2025. Push Gaming ha programmato l'uscita del gioco per il 20 febbraio, e i giocatori non vedono l'ora. Secondo l'annuncio, il gioco ha sette simboli e funzioni bonus, e le vincite massime arrivano a x10.000.<\/p>\n<div style=\"text-align: center;\"><a class=\"glow-button\" href=\"\/it\/go\/registration\/\" rel=\"noreferrer noopener nofollow\">Gioca al casin\u00f2<\/a><\/div>\n<table>\n<tbody>\n<tr>\n<td>Data di uscita<\/td>\n<td>20.02.2025<\/td>\n<\/tr>\n<tr>\n<td>Mulinelli<\/td>\n<td>6<\/td>\n<\/tr>\n<tr>\n<td>Righe<\/td>\n<td>5<\/td>\n<\/tr>\n<tr>\n<td>RTP<\/td>\n<td>96,34%<\/td>\n<\/tr>\n<tr>\n<td>Volatilit\u00e0<\/td>\n<td>Alto<\/td>\n<\/tr>\n<tr>\n<td>Linee di pagamento<\/td>\n<td>Meccanismo Scatter-Pays<\/td>\n<\/tr>\n<tr>\n<td>Vincita massima<\/td>\n<td>\u044510,000<\/td>\n<\/tr>\n<\/tbody>\n<\/table>\n<div id=\"ez-toc-container\" class=\"ez-toc-v2_0_62 counter-hierarchy ez-toc-counter ez-toc-grey ez-toc-container-direction\">\n<div class=\"ez-toc-title-container\">\n<p class=\"ez-toc-title\" >Indice dei contenuti<\/p>\n<span class=\"ez-toc-title-toggle\"><a href=\"#\" class=\"ez-toc-pull-right ez-toc-btn ez-toc-btn-xs ez-toc-btn-default ez-toc-toggle\" aria-label=\"Allinea la tabella dei contenuti\"><span class=\"ez-toc-js-icon-con\"><span class=\"\"><span class=\"eztoc-hide\" style=\"display:none;\">Toggle<\/span><span class=\"ez-toc-icon-toggle-span\"><svg style=\"fill: #999;color:#999\" xmlns=\"http:\/\/www.w3.org\/2000\/svg\" class=\"list-377408\" width=\"20px\" height=\"20px\" viewbox=\"0 0 24 24\" fill=\"none\"><path d=\"M6 6H4v2h2V6zm14 0H8v2h12V6zM4 11h2v2H4v-2zm16 0H8v2h12v-2zM4 16h2v2H4v-2zm16 0H8v2h12v-2z\" fill=\"currentColor\"><\/path><\/svg><svg style=\"fill: #999;color:#999\" class=\"arrow-unsorted-368013\" xmlns=\"http:\/\/www.w3.org\/2000\/svg\" width=\"10px\" height=\"10px\" viewbox=\"0 0 24 24\" version=\"1.2\" baseprofile=\"tiny\"><path d=\"M18.2 9.3l-6.2-6.3-6.2 6.3c-.2.2-.3.4-.3.7s.1.5.3.7c.2.2.4.3.7.3h11c.3 0 .5-.1.7-.3.2-.2.3-.5.3-.7s-.1-.5-.3-.7zM5.8 14.7l6.2 6.3 6.2-6.3c.2-.2.3-.5.3-.7s-.1-.5-.3-.7c-.2-.2-.4-.3-.7-.3h-11c-.3 0-.5.1-.7.3-.2.2-.3.5-.3.7s.1.5.3.7z\"\/><\/svg><\/span><\/span><\/span><\/a><\/span><\/div>\n<nav><ul class='ez-toc-list ez-toc-list-level-1 eztoc-toggle-hide-by-default' ><ul class='ez-toc-list-level-3' ><li class='ez-toc-heading-level-3'><a class=\"ez-toc-link ez-toc-heading-1\" href=\"https:\/\/richrocketgame.com\/it\/mad-blast\/#What_We_Know_About_Mad_Blast_Game\" title=\"Cosa sappiamo del gioco Mad Blast\">Cosa sappiamo del gioco Mad Blast<\/a><\/li><li class='ez-toc-page-1 ez-toc-heading-level-3'><a class=\"ez-toc-link ez-toc-heading-2\" href=\"https:\/\/richrocketgame.com\/it\/mad-blast\/#Bonus_features_of_the_game\" title=\"Caratteristiche bonus del gioco\">Caratteristiche bonus del gioco<\/a><\/li><li class='ez-toc-page-1 ez-toc-heading-level-3'><a class=\"ez-toc-link ez-toc-heading-3\" href=\"https:\/\/richrocketgame.com\/it\/mad-blast\/#Paid_Features\" title=\"Caratteristiche a pagamento\">Caratteristiche a pagamento<\/a><\/li><li class='ez-toc-page-1 ez-toc-heading-level-3'><a class=\"ez-toc-link ez-toc-heading-4\" href=\"https:\/\/richrocketgame.com\/it\/mad-blast\/#Why_play_the_Mad_Blast_slot\" title=\"Perch\u00e9 giocare alla slot Mad Blast?\">Perch\u00e9 giocare alla slot Mad Blast?<\/a><\/li><\/ul><\/li><li class='ez-toc-page-1 ez-toc-heading-level-2'><a class=\"ez-toc-link ez-toc-heading-5\" href=\"https:\/\/richrocketgame.com\/it\/mad-blast\/#FAQ\" title=\"FAQ\">FAQ<\/a><ul class='ez-toc-list-level-3' ><li class='ez-toc-heading-level-3'><a class=\"ez-toc-link ez-toc-heading-6\" href=\"https:\/\/richrocketgame.com\/it\/mad-blast\/#What_is_the_RTP_of_the_Mad_Blast_casino_game\" title=\"Qual \u00e8 l&#039;RTP del gioco del casin\u00f2 Mad Blast?\">Qual \u00e8 l'RTP del gioco del casin\u00f2 Mad Blast?<\/a><\/li><li class='ez-toc-page-1 ez-toc-heading-level-3'><a class=\"ez-toc-link ez-toc-heading-7\" href=\"https:\/\/richrocketgame.com\/it\/mad-blast\/#Where_will_it_be_possible_to_play_Mad_Blast_for_free\" title=\"Dove sar\u00e0 possibile giocare a Mad Blast gratuitamente?\">Dove sar\u00e0 possibile giocare a Mad Blast gratuitamente?<\/a><\/li><li class='ez-toc-page-1 ez-toc-heading-level-3'><a class=\"ez-toc-link ez-toc-heading-8\" href=\"https:\/\/richrocketgame.com\/it\/mad-blast\/#Are_there_any_strategies_for_the_game\" title=\"Ci sono strategie di gioco?\">Ci sono strategie di gioco?<\/a><\/li><\/ul><\/li><\/ul><\/nav><\/div>\n<h3><span class=\"ez-toc-section\" id=\"What_We_Know_About_Mad_Blast_Game\"><\/span>Cosa sappiamo del gioco Mad Blast<span class=\"ez-toc-section-end\"><\/span><\/h3>\n<p>Mad Blast porta i giocatori nell'officina, dove i robot la fanno da padroni. Dovrete affrontare un'intelligenza artificiale eccentrica e dispositivi esplosivi. Il gioco \u00e8 composto da 6 rulli e 5 righe e, al posto delle tradizionali linee di pagamento, viene utilizzata la meccanica Scatter-Pays. Ci\u00f2 significa che riceverete pagamenti per la comparsa di 8 simboli identici in qualsiasi punto del campo di gioco.<\/p>\n<p>I simboli sono scatole di ferro multicolori e robot. Altri simboli speciali compensano la mancanza di Wild:<\/p>\n<ul>\n<li>Lo Scatter svolge la tradizionale funzione di attivare i giri gratuiti;<\/li>\n<li>Il simbolo del moltiplicatore mostra di quanti gradini aumenta il moltiplicatore se si verifica una combinazione vincente.<\/li>\n<li>Il simbolo Extra Life, sotto forma di pulsante verde, offre un'ulteriore possibilit\u00e0 di vincita. Si ottiene un respin e il tipo di simbolo che paga di pi\u00f9 rimane sul campo di gioco.<\/li>\n<\/ul>\n<p>Push Gaming ha adattato la slot per un pubblico pi\u00f9 ampio possibile. La gamma di scommesse del gioco da casin\u00f2 Mad Blast va da 0,1 a 100 (la valuta dipende dal paese in cui opera il casin\u00f2).<\/p>\n<p><a href=\"https:\/\/richrocketgame.com\/it\/go\/registration\/\" target=\"_blank\" rel=\"noreferrer noopener nofollow\"><img decoding=\"async\" class=\"aligncenter wp-image-1122 size-full\" src=\"https:\/\/richrocketgame.com\/wp-content\/uploads\/2025\/02\/mad-blast-slot.jpg\" alt=\"Slot Mad Blast di Push Gaming\" width=\"976\" height=\"489\" srcset=\"https:\/\/richrocketgame.com\/wp-content\/uploads\/2025\/02\/mad-blast-slot.jpg 976w, https:\/\/richrocketgame.com\/wp-content\/uploads\/2025\/02\/mad-blast-slot-300x150.jpg 300w, https:\/\/richrocketgame.com\/wp-content\/uploads\/2025\/02\/mad-blast-slot-768x385.jpg 768w, https:\/\/richrocketgame.com\/wp-content\/uploads\/2025\/02\/mad-blast-slot-18x9.jpg 18w, https:\/\/richrocketgame.com\/wp-content\/uploads\/2025\/02\/mad-blast-slot-80x40.jpg 80w, https:\/\/richrocketgame.com\/wp-content\/uploads\/2025\/02\/mad-blast-slot-64x32.jpg 64w, https:\/\/richrocketgame.com\/wp-content\/uploads\/2025\/02\/mad-blast-slot-160x80.jpg 160w, https:\/\/richrocketgame.com\/wp-content\/uploads\/2025\/02\/mad-blast-slot-269x135.jpg 269w\" sizes=\"(max-width: 976px) 100vw, 976px\" \/><\/a><\/p>\n<h3><span class=\"ez-toc-section\" id=\"Bonus_features_of_the_game\"><\/span>Caratteristiche bonus del gioco<span class=\"ez-toc-section-end\"><\/span><\/h3>\n<p>La prima funzione bonus che si incontra \u00e8 quella dei rulli a cascata. I simboli coinvolti in una combinazione vincente vengono rimossi e ne compaiono di nuovi. In questo modo, \u00e8 possibile vincere pi\u00f9 volte in un solo giro.<\/p>\n<p>Un'altra funzione associata ai rulli a cascata \u00e8 Mad Blast di Push Gaming. Un moltiplicatore viene raddoppiato ogni volta che viene colpita una combinazione. In un unico giro di rulli, il moltiplicatore pu\u00f2 aumentare fino a x2.048. I giocatori possono seguire i progressi sulla scala a sinistra dei rulli.<\/p>\n<p>La funzione pi\u00f9 interessante \u00e8 senza dubbio quella dei giri gratuiti Mad Blast. Si possono ottenere quando si verifica una combinazione di simboli scatter:<\/p>\n<ul>\n<li>3 simboli - 8 giri gratuiti con moltiplicatore x2;<\/li>\n<li>4 simboli - 10 giri gratuiti con un moltiplicatore iniziale di x4;<\/li>\n<li>5 simboli - 12 giri gratuiti, e il moltiplicatore iniziale sar\u00e0 x8.<\/li>\n<\/ul>\n<p>Il provider ha introdotto un bonus aggiuntivo durante il round di giri gratuiti per aumentare l'eccitazione. Il moltiplicatore pi\u00f9 basso scompare dalla scala quando si verificano 3 combinazioni vincenti per un giro.<\/p><script data-noptimize=\"\" data-wpfc-render=\"false\">\n\/* <![CDATA[ *\/\nfpm_start( \"true\" );\n\/* ]]> *\/\n<\/script>\n\n<div style=\"text-align: center;\"><a class=\"glow-button\" href=\"\/it\/go\/registration\/\" rel=\"noreferrer noopener nofollow\">Prova Mad Blast<\/a><\/div>\n<h3><span class=\"ez-toc-section\" id=\"Paid_Features\"><\/span>Caratteristiche a pagamento<span class=\"ez-toc-section-end\"><\/span><\/h3>\n<p>A pagamento, \u00e8 possibile giocare a Mad Blast con i privilegi. Attivando l'opzione ante, raddoppierete la vostra puntata ma aumenterete significativamente la probabilit\u00e0 che i simboli bonus appaiano sui rulli. I giocatori che vogliono ottenere la massima dose di emozioni possono acquistare l'accesso al round di giri gratuiti. Per 150x la vostra puntata, potrete ottenere otto giri di rulli con un moltiplicatore 2x. Per 750x, si possono ottenere 12 giri con un moltiplicatore x8.<\/p>\n<p><a href=\"https:\/\/richrocketgame.com\/it\/go\/registration\/\" target=\"_blank\" rel=\"noreferrer noopener nofollow\"><img decoding=\"async\" class=\"aligncenter wp-image-1116 size-full\" src=\"https:\/\/richrocketgame.com\/wp-content\/uploads\/2025\/02\/mad-blast-casino-game.jpg\" alt=\"Gioco da casin\u00f2 Mad Blast.\" width=\"981\" height=\"531\" srcset=\"https:\/\/richrocketgame.com\/wp-content\/uploads\/2025\/02\/mad-blast-casino-game.jpg 981w, https:\/\/richrocketgame.com\/wp-content\/uploads\/2025\/02\/mad-blast-casino-game-300x162.jpg 300w, https:\/\/richrocketgame.com\/wp-content\/uploads\/2025\/02\/mad-blast-casino-game-768x416.jpg 768w, https:\/\/richrocketgame.com\/wp-content\/uploads\/2025\/02\/mad-blast-casino-game-18x10.jpg 18w, https:\/\/richrocketgame.com\/wp-content\/uploads\/2025\/02\/mad-blast-casino-game-74x40.jpg 74w, https:\/\/richrocketgame.com\/wp-content\/uploads\/2025\/02\/mad-blast-casino-game-59x32.jpg 59w, https:\/\/richrocketgame.com\/wp-content\/uploads\/2025\/02\/mad-blast-casino-game-148x80.jpg 148w, https:\/\/richrocketgame.com\/wp-content\/uploads\/2025\/02\/mad-blast-casino-game-249x135.jpg 249w\" sizes=\"(max-width: 981px) 100vw, 981px\" \/><\/a><\/p>\n<h3><span class=\"ez-toc-section\" id=\"Why_play_the_Mad_Blast_slot\"><\/span>Perch\u00e9 giocare alla slot Mad Blast?<span class=\"ez-toc-section-end\"><\/span><\/h3>\n<p>Mad Blast ha il potenziale per diventare una sensazione nell'ambiente del gioco d'azzardo per diversi motivi:<\/p>\n<ul>\n<li>L'uso di tendenze moderne. Le meccaniche Scatter-Pay e i rulli a cascata sono oggi molto richiesti.<\/li>\n<li>Vincite massime enormi. \u00c8 possibile ottenere vincite di x10.000 nella modalit\u00e0 normale e nel giro di giri gratuiti.<\/li>\n<li>Una combinazione unica di caratteristiche. La slot offre una combinazione di bonus che i migliori fornitori non hanno ancora utilizzato.<\/li>\n<\/ul>\n<p>Avete ancora tempo per combattere l'insidiosa intelligenza artificiale e sconfiggere l'esercito di robot di ferro. Preparatevi a combattere per ottenere la massima vincita nel gioco Mad Blast.<\/p>\n<h2><span class=\"ez-toc-section\" id=\"FAQ\"><\/span>FAQ<span class=\"ez-toc-section-end\"><\/span><\/h2>\n        <section class=\"sc_fs_faq sc_card\">\n            <div>\n\t\t\t\t<h3><span class=\"ez-toc-section\" id=\"What_is_the_RTP_of_the_Mad_Blast_casino_game\"><\/span>Qual \u00e8 l'RTP del gioco del casin\u00f2 Mad Blast?<span class=\"ez-toc-section-end\"><\/span><\/h3>                <div>\n\t\t\t\t\t                    <p>\n\t\t\t\t\t\tIl provider prevede di rilasciare la slot in 3 versioni con RTP diversi. Il ritorno al giocatore pi\u00f9 alto sar\u00e0 di 96,34%. Alcuni casin\u00f2 potranno aggiungere al loro portafoglio un gioco con un RTP di 94,30% e 85,43%.                    <\/p>\n                <\/div>\n            <\/div>\n        <\/section>\n\t\t        <section class=\"sc_fs_faq sc_card\">\n            <div>\n\t\t\t\t<h3><span class=\"ez-toc-section\" id=\"Where_will_it_be_possible_to_play_Mad_Blast_for_free\"><\/span>Dove sar\u00e0 possibile giocare a Mad Blast gratuitamente?<span class=\"ez-toc-section-end\"><\/span><\/h3>                <div>\n\t\t\t\t\t                    <p>\n\t\t\t\t\t\tLa versione demo della slot sar\u00e0 disponibile nel casin\u00f2. Inoltre, sar\u00e0 possibile giocare gratuitamente sui siti dedicati ai temi del gioco d'azzardo e sulla risorsa web del provider Push Gaming.                    <\/p>\n                <\/div>\n            <\/div>\n        <\/section>\n\t\t        <section class=\"sc_fs_faq sc_card\">\n            <div>\n\t\t\t\t<h3><span class=\"ez-toc-section\" id=\"Are_there_any_strategies_for_the_game\"><\/span>Ci sono strategie di gioco?<span class=\"ez-toc-section-end\"><\/span><\/h3>                <div>\n\t\t\t\t\t                    <p>\n\t\t\t\t\t\tIl giocatore pu\u00f2 solo influenzare l'entit\u00e0 della puntata. A causa dell'alta volatilit\u00e0 della slot, si raccomanda di non puntare pi\u00f9 di 1% del bankroll. In questo modo si pu\u00f2 giocare abbastanza a lungo per attendere le caratteristiche pi\u00f9 redditizie del gioco. Prima di iniziare a giocare a Mad Blast con denaro reale, \u00e8 possibile praticare i metodi di scommessa nella versione demo.                    <\/p>\n                <\/div>\n            <\/div>\n        <\/section>\n\t\t\n<script type=\"application\/ld+json\">{\n    \"@context\": \"https:\\\/\\\/schema.org\",\n    \"@type\": \"FAQPage\",\n    \"mainEntity\": [\n        {\n            \"@type\": \"Question\",\n            \"name\": \"What is the RTP of the Mad Blast casino game?\",\n            \"acceptedAnswer\": {\n                \"@type\": \"Answer\",\n                \"text\": \"The provider plans to release the slot in 3 versions with different RTP. The highest return to player will be 96.34%. Some casinos will be able to add a game with an RTP of 94.30% and 85.43% to their portfolio.\"\n            }\n        },\n        {\n            \"@type\": \"Question\",\n            \"name\": \"Where will it be possible to play Mad Blast for free?\",\n            \"acceptedAnswer\": {\n                \"@type\": \"Answer\",\n                \"text\": \"Demo version of the slot will be available in the casino. In addition, it will be possible to play for free on sites dedicated to gambling themes and on the web resource of the provider Push Gaming.\"\n            }\n        },\n        {\n            \"@type\": \"Question\",\n            \"name\": \"Are there any strategies for the game?\",\n            \"acceptedAnswer\": {\n                \"@type\": \"Answer\",\n                \"text\": \"The player can only influence the size of the bet. Due to the high volatility of the slot, it is recommended to bet no more than 1% of the bankroll. So you can play long enough to wait for the most profitable features of the game. Before you start playing Mad Blast for real money, you can practice betting methods in the demo version.\"\n            }\n        }\n    ]\n}<\/script>\n\n<div class=\"fpm_end\"><\/div>\n<div class=\"author-card author-card--top\"><img alt='Foto avatar' src='https:\/\/richrocketgame.com\/wp-content\/uploads\/2023\/03\/Paulo-Dornelas-130x130.jpg' srcset='https:\/\/richrocketgame.com\/wp-content\/uploads\/2023\/03\/Paulo-Dornelas-260x260.jpg 2x' class='avatar avatar-130 photo author-image' height='130' width='130' \/><div class=\"author-content text-md-center\"><span class=\"author-title\">Autore<\/span><a href=\"https:\/\/richrocketgame.com\/it\/author\/paulo-dornelas\/\" class=\"author-name\">Paulo Dornelas<\/a><p class=\"author__details\">Paulo Dornelas \u00e8 un esperto di gioco d'azzardo che ha dedicato la sua vita a comprendere il settore e ad aiutare gli altri a guadagnarci. \u00c8 anche un appassionato viaggiatore e ama esplorare nuovi luoghi. La sua conoscenza del gioco d'azzardo e la sua passione per i viaggi lo rendono la guida perfetta per chiunque voglia ottenere profitti seri dalle scommesse sportive o dai giochi di casin\u00f2.<\/p><\/div><!-- \/.author-content --><\/div>","protected":false},"excerpt":{"rendered":"<p>Mad Blast pu\u00f2 diventare una delle slot pi\u00f9 popolari del 2025. Push Gaming ha programmato l'uscita del gioco per il 20 febbraio, e i giocatori non vedono l'ora. Secondo l'annuncio, il gioco ha sette simboli e funzioni bonus, e le vincite massime sono fino a x10.000. Play Casino Data di uscita 20.02.2025 Mulinelli 6 [...]<\/p>","protected":false},"author":2,"featured_media":0,"parent":0,"menu_order":0,"comment_status":"closed","ping_status":"closed","template":"page-no-sidebar.php","meta":{"footnotes":""},"class_list":["post-1115","page","type-page","status-publish","hentry"],"yoast_head":"<!-- This site is optimized with the Yoast SEO plugin v26.7 - https:\/\/yoast.com\/wordpress\/plugins\/seo\/ -->\n<title>Mad Blast Slot (Push Gaming) Demo - RTP, Payouts, Volatility<\/title>\n<meta name=\"description\" content=\"Find out more about Mad Blast by Push Gaming. Learn more about the 7 bonus features of the slot. Features and parameters of Mad Blast casino game.\" \/>\n<meta name=\"robots\" content=\"index, follow, max-snippet:-1, max-image-preview:large, max-video-preview:-1\" \/>\n<link rel=\"canonical\" href=\"https:\/\/richrocketgame.com\/it\/mad-blast\/\" \/>\n<meta property=\"og:locale\" content=\"it_IT\" \/>\n<meta property=\"og:type\" content=\"article\" \/>\n<meta property=\"og:title\" content=\"Mad Blast Slot (Push Gaming) Demo - RTP, Payouts, Volatility\" \/>\n<meta property=\"og:description\" content=\"Find out more about Mad Blast by Push Gaming. Learn more about the 7 bonus features of the slot. Features and parameters of Mad Blast casino game.\" \/>\n<meta property=\"og:url\" content=\"https:\/\/richrocketgame.com\/it\/mad-blast\/\" \/>\n<meta property=\"og:site_name\" content=\"Rich Rocket Game\" \/>\n<meta property=\"article:modified_time\" content=\"2025-08-01T08:24:01+00:00\" \/>\n<meta property=\"og:image\" content=\"https:\/\/richrocketgame.com\/wp-content\/uploads\/2025\/02\/mad-blast-slot.jpg\" \/>\n<meta name=\"twitter:card\" content=\"summary_large_image\" \/>\n<meta name=\"twitter:label1\" content=\"Tempo di lettura stimato\" \/>\n\t<meta name=\"twitter:data1\" content=\"5 minuti\" \/>\n<!-- \/ Yoast SEO plugin. -->","yoast_head_json":{"title":"Demo della slot Mad Blast (Push Gaming) - RTP, pagamenti, volatilit\u00e0","description":"Scoprite di pi\u00f9 su Mad Blast di Push Gaming. Scoprite le 7 funzioni bonus della slot. Caratteristiche e parametri del gioco da casin\u00f2 Mad Blast.","robots":{"index":"index","follow":"follow","max-snippet":"max-snippet:-1","max-image-preview":"max-image-preview:large","max-video-preview":"max-video-preview:-1"},"canonical":"https:\/\/richrocketgame.com\/it\/mad-blast\/","og_locale":"it_IT","og_type":"article","og_title":"Mad Blast Slot (Push Gaming) Demo - RTP, Payouts, Volatility","og_description":"Find out more about Mad Blast by Push Gaming. Learn more about the 7 bonus features of the slot. Features and parameters of Mad Blast casino game.","og_url":"https:\/\/richrocketgame.com\/it\/mad-blast\/","og_site_name":"Rich Rocket Game","article_modified_time":"2025-08-01T08:24:01+00:00","og_image":[{"url":"https:\/\/richrocketgame.com\/wp-content\/uploads\/2025\/02\/mad-blast-slot.jpg","type":"","width":"","height":""}],"twitter_card":"summary_large_image","twitter_misc":{"Tempo di lettura stimato":"5 minuti"},"schema":{"@context":"https:\/\/schema.org","@graph":[{"@type":"WebPage","@id":"https:\/\/richrocketgame.com\/mad-blast\/","url":"https:\/\/richrocketgame.com\/mad-blast\/","name":"Demo della slot Mad Blast (Push Gaming) - RTP, pagamenti, volatilit\u00e0","isPartOf":{"@id":"https:\/\/richrocketgame.com\/#website"},"primaryImageOfPage":{"@id":"https:\/\/richrocketgame.com\/mad-blast\/#primaryimage"},"image":{"@id":"https:\/\/richrocketgame.com\/mad-blast\/#primaryimage"},"thumbnailUrl":"https:\/\/richrocketgame.com\/wp-content\/uploads\/2025\/02\/mad-blast-slot.jpg","datePublished":"2025-02-12T10:49:43+00:00","dateModified":"2025-08-01T08:24:01+00:00","description":"Scoprite di pi\u00f9 su Mad Blast di Push Gaming. Scoprite le 7 funzioni bonus della slot. Caratteristiche e parametri del gioco da casin\u00f2 Mad Blast.","breadcrumb":{"@id":"https:\/\/richrocketgame.com\/mad-blast\/#breadcrumb"},"inLanguage":"it-IT","potentialAction":[{"@type":"ReadAction","target":["https:\/\/richrocketgame.com\/mad-blast\/"]}]},{"@type":"ImageObject","inLanguage":"it-IT","@id":"https:\/\/richrocketgame.com\/mad-blast\/#primaryimage","url":"https:\/\/richrocketgame.com\/wp-content\/uploads\/2025\/02\/mad-blast-slot.jpg","contentUrl":"https:\/\/richrocketgame.com\/wp-content\/uploads\/2025\/02\/mad-blast-slot.jpg"},{"@type":"BreadcrumbList","@id":"https:\/\/richrocketgame.com\/mad-blast\/#breadcrumb","itemListElement":[{"@type":"ListItem","position":1,"name":"\u0413\u043b\u0430\u0432\u043d\u0430\u044f \u0441\u0442\u0440\u0430\u043d\u0438\u0446\u0430","item":"https:\/\/richrocketgame.com\/"},{"@type":"ListItem","position":2,"name":"Mad Blast Slot Demo"}]},{"@type":"WebSite","@id":"https:\/\/richrocketgame.com\/#website","url":"https:\/\/richrocketgame.com\/","name":"Gioco Rich Rocket","description":"","publisher":{"@id":"https:\/\/richrocketgame.com\/#organization"},"potentialAction":[{"@type":"SearchAction","target":{"@type":"EntryPoint","urlTemplate":"https:\/\/richrocketgame.com\/?s={search_term_string}"},"query-input":{"@type":"PropertyValueSpecification","valueRequired":true,"valueName":"search_term_string"}}],"inLanguage":"it-IT"},{"@type":"Organization","@id":"https:\/\/richrocketgame.com\/#organization","name":"Gioco Rich Rocket","url":"https:\/\/richrocketgame.com\/","logo":{"@type":"ImageObject","inLanguage":"it-IT","@id":"https:\/\/richrocketgame.com\/#\/schema\/logo\/image\/","url":"https:\/\/richrocketgame.com\/wp-content\/uploads\/2022\/09\/Rich-Rocket-earning-app.png","contentUrl":"https:\/\/richrocketgame.com\/wp-content\/uploads\/2022\/09\/Rich-Rocket-earning-app.png","width":512,"height":512,"caption":"Rich Rocket Game"},"image":{"@id":"https:\/\/richrocketgame.com\/#\/schema\/logo\/image\/"}}]}},"_links":{"self":[{"href":"https:\/\/richrocketgame.com\/it\/wp-json\/wp\/v2\/pages\/1115","targetHints":{"allow":["GET"]}}],"collection":[{"href":"https:\/\/richrocketgame.com\/it\/wp-json\/wp\/v2\/pages"}],"about":[{"href":"https:\/\/richrocketgame.com\/it\/wp-json\/wp\/v2\/types\/page"}],"author":[{"embeddable":true,"href":"https:\/\/richrocketgame.com\/it\/wp-json\/wp\/v2\/users\/2"}],"replies":[{"embeddable":true,"href":"https:\/\/richrocketgame.com\/it\/wp-json\/wp\/v2\/comments?post=1115"}],"version-history":[{"count":0,"href":"https:\/\/richrocketgame.com\/it\/wp-json\/wp\/v2\/pages\/1115\/revisions"}],"wp:attachment":[{"href":"https:\/\/richrocketgame.com\/it\/wp-json\/wp\/v2\/media?parent=1115"}],"curies":[{"name":"parola chiave","href":"https:\/\/api.w.org\/{rel}","templated":true}]}}