{"id":1080,"date":"2025-02-12T11:57:14","date_gmt":"2025-02-12T08:57:14","guid":{"rendered":"https:\/\/richrocketgame.com\/?page_id=1080"},"modified":"2026-01-13T19:58:17","modified_gmt":"2026-01-13T16:58:17","slug":"wild-card-gang","status":"publish","type":"page","link":"https:\/\/richrocketgame.com\/it\/wild-card-gang\/","title":{"rendered":"Demo della slot Wild Card Gang"},"content":{"rendered":"<div class=\"fpm_start\"><\/div>\n<p>Wild Card Gang is BGaming&#8217;s flagship slot in 2026. The success of this slot will allow the company to establish itself as one of the best slot developers. And the game has every chance of becoming a hit. The mechanics of combining winning symbols and the non-standard system of launching free spins and winning x5,000 &#8211; Wild Card Gang slot have prepared a lot of surprises for casino visitors.<\/p>\n<div style=\"text-align: center;\"><a class=\"glow-button\" href=\"\/it\/go\/registration\/\" rel=\"noreferrer noopener nofollow\">Gioca al casin\u00f2<\/a><\/div>\n<table>\n<tbody>\n<tr>\n<td>Data di lancio<\/td>\n<td>26 febbraio 2025<\/td>\n<\/tr>\n<tr>\n<td>Mulinelli<\/td>\n<td>6<\/td>\n<\/tr>\n<tr>\n<td>Righe<\/td>\n<td>6<\/td>\n<\/tr>\n<tr>\n<td>RTP<\/td>\n<td>97,25%<\/td>\n<\/tr>\n<tr>\n<td>Volatilit\u00e0<\/td>\n<td>Molto alto<\/td>\n<\/tr>\n<tr>\n<td>Linee di pagamento<\/td>\n<td>Cluster Pagamenti<\/td>\n<\/tr>\n<tr>\n<td>Vincita massima<\/td>\n<td>\u04455,000<\/td>\n<\/tr>\n<\/tbody>\n<\/table>\n<div id=\"ez-toc-container\" class=\"ez-toc-v2_0_62 counter-hierarchy ez-toc-counter ez-toc-grey ez-toc-container-direction\">\n<div class=\"ez-toc-title-container\">\n<p class=\"ez-toc-title\" >Indice dei contenuti<\/p>\n<span class=\"ez-toc-title-toggle\"><a href=\"#\" class=\"ez-toc-pull-right ez-toc-btn ez-toc-btn-xs ez-toc-btn-default ez-toc-toggle\" aria-label=\"Allinea la tabella dei contenuti\"><span class=\"ez-toc-js-icon-con\"><span class=\"\"><span class=\"eztoc-hide\" style=\"display:none;\">Toggle<\/span><span class=\"ez-toc-icon-toggle-span\"><svg style=\"fill: #999;color:#999\" xmlns=\"http:\/\/www.w3.org\/2000\/svg\" class=\"list-377408\" width=\"20px\" height=\"20px\" viewbox=\"0 0 24 24\" fill=\"none\"><path d=\"M6 6H4v2h2V6zm14 0H8v2h12V6zM4 11h2v2H4v-2zm16 0H8v2h12v-2zM4 16h2v2H4v-2zm16 0H8v2h12v-2z\" fill=\"currentColor\"><\/path><\/svg><svg style=\"fill: #999;color:#999\" class=\"arrow-unsorted-368013\" xmlns=\"http:\/\/www.w3.org\/2000\/svg\" width=\"10px\" height=\"10px\" viewbox=\"0 0 24 24\" version=\"1.2\" baseprofile=\"tiny\"><path d=\"M18.2 9.3l-6.2-6.3-6.2 6.3c-.2.2-.3.4-.3.7s.1.5.3.7c.2.2.4.3.7.3h11c.3 0 .5-.1.7-.3.2-.2.3-.5.3-.7s-.1-.5-.3-.7zM5.8 14.7l6.2 6.3 6.2-6.3c.2-.2.3-.5.3-.7s-.1-.5-.3-.7c-.2-.2-.4-.3-.7-.3h-11c-.3 0-.5.1-.7.3-.2.2-.3.5-.3.7s.1.5.3.7z\"\/><\/svg><\/span><\/span><\/span><\/a><\/span><\/div>\n<nav><ul class='ez-toc-list ez-toc-list-level-1 eztoc-toggle-hide-by-default' ><li class='ez-toc-page-1 ez-toc-heading-level-2'><a class=\"ez-toc-link ez-toc-heading-1\" href=\"https:\/\/richrocketgame.com\/it\/wild-card-gang\/#What_We_Know_About_Wild_Card_Gang_Slot\" title=\"Cosa sappiamo della slot Wild Card Gang\">Cosa sappiamo della slot Wild Card Gang<\/a><ul class='ez-toc-list-level-3' ><li class='ez-toc-heading-level-3'><a class=\"ez-toc-link ez-toc-heading-2\" href=\"https:\/\/richrocketgame.com\/it\/wild-card-gang\/#Bonus_Features_of_the_Game\" title=\"Caratteristiche bonus del gioco\">Caratteristiche bonus del gioco<\/a><\/li><li class='ez-toc-page-1 ez-toc-heading-level-3'><a class=\"ez-toc-link ez-toc-heading-3\" href=\"https:\/\/richrocketgame.com\/it\/wild-card-gang\/#Paid_Bonuses\" title=\"Bonus retribuiti\">Bonus retribuiti<\/a><\/li><\/ul><\/li><li class='ez-toc-page-1 ez-toc-heading-level-2'><a class=\"ez-toc-link ez-toc-heading-4\" href=\"https:\/\/richrocketgame.com\/it\/wild-card-gang\/#Why_Play_Wild_Card_Gang\" title=\"Perch\u00e9 giocare a Wild Card Gang?\">Perch\u00e9 giocare a Wild Card Gang?<\/a><\/li><li class='ez-toc-page-1 ez-toc-heading-level-2'><a class=\"ez-toc-link ez-toc-heading-5\" href=\"https:\/\/richrocketgame.com\/it\/wild-card-gang\/#FAQ\" title=\"FAQ\">FAQ<\/a><ul class='ez-toc-list-level-3' ><li class='ez-toc-heading-level-3'><a class=\"ez-toc-link ez-toc-heading-6\" href=\"https:\/\/richrocketgame.com\/it\/wild-card-gang\/#How_does_the_Cluster_Pays_mechanic_work\" title=\"Come funziona il meccanismo Cluster Pays?\">Come funziona il meccanismo Cluster Pays?<\/a><\/li><li class='ez-toc-page-1 ez-toc-heading-level-3'><a class=\"ez-toc-link ez-toc-heading-7\" href=\"https:\/\/richrocketgame.com\/it\/wild-card-gang\/#Is_it_worth_playing_Wild_Card_Gang_for_real_money_right_away_or_is_it_better_to_try_the_demo_version\" title=\"Vale la pena giocare subito a Wild Card Gang con soldi veri o \u00e8 meglio provare la versione demo?\">Vale la pena giocare subito a Wild Card Gang con soldi veri o \u00e8 meglio provare la versione demo?<\/a><\/li><li class='ez-toc-page-1 ez-toc-heading-level-3'><a class=\"ez-toc-link ez-toc-heading-8\" href=\"https:\/\/richrocketgame.com\/it\/wild-card-gang\/#How_often_do_the_free_spins_round_fall_out\" title=\"Con quale frequenza cadono i giri gratuiti?\">Con quale frequenza cadono i giri gratuiti?<\/a><\/li><\/ul><\/li><\/ul><\/nav><\/div>\n<h2><span class=\"ez-toc-section\" id=\"What_We_Know_About_Wild_Card_Gang_Slot\"><\/span>Cosa sappiamo della slot Wild Card Gang<span class=\"ez-toc-section-end\"><\/span><\/h2>\n<p>Wild Card Gang d\u00e0 vita al mondo delle carte da gioco. Le carte di alto livello (A, K, Q, J) sono presentate sotto forma di un carismatico gruppo di gangster. L'idea non convenzionale e lo stile visivo permettono al gioco di guadagnare qualche punto gi\u00e0 prima dell'uscita.<\/p>\n<p>BGaming ha creato un grande campo di gioco 6\u00d76, che aumenta la probabilit\u00e0 che le combinazioni escano. Ci\u00f2 \u00e8 confermato dall'elevato RTP, che raggiunge il 97,25%. Nonostante il ragionevole tasso di rendimento per i giocatori, questi ultimi dovrebbero rimanere cauti a causa dell'elevata volatilit\u00e0.<\/p>\n<p>I test hanno dimostrato che le combinazioni vincenti si verificano circa ogni tre giri. Alla puntata massima, i giocatori possono ottenere fino a $250.000.<\/p>\n<p><a href=\"https:\/\/richrocketgame.com\/it\/go\/registration\/\" target=\"_blank\" rel=\"noreferrer noopener nofollow\"><img decoding=\"async\" class=\"aligncenter wp-image-1086\" src=\"https:\/\/richrocketgame.com\/wp-content\/uploads\/2025\/02\/wild-card-gang-slot.jpg\" alt=\"Slot Wild Card Gang di BGaming.\" width=\"356\" height=\"462\" srcset=\"https:\/\/richrocketgame.com\/wp-content\/uploads\/2025\/02\/wild-card-gang-slot.jpg 553w, https:\/\/richrocketgame.com\/wp-content\/uploads\/2025\/02\/wild-card-gang-slot-231x300.jpg 231w, https:\/\/richrocketgame.com\/wp-content\/uploads\/2025\/02\/wild-card-gang-slot-9x12.jpg 9w, https:\/\/richrocketgame.com\/wp-content\/uploads\/2025\/02\/wild-card-gang-slot-31x40.jpg 31w, https:\/\/richrocketgame.com\/wp-content\/uploads\/2025\/02\/wild-card-gang-slot-25x32.jpg 25w, https:\/\/richrocketgame.com\/wp-content\/uploads\/2025\/02\/wild-card-gang-slot-62x80.jpg 62w, https:\/\/richrocketgame.com\/wp-content\/uploads\/2025\/02\/wild-card-gang-slot-104x135.jpg 104w\" sizes=\"(max-width: 356px) 100vw, 356px\" \/><\/a><\/p>\n<h3><span class=\"ez-toc-section\" id=\"Bonus_Features_of_the_Game\"><\/span><strong>Caratteristiche bonus del gioco<\/strong><span class=\"ez-toc-section-end\"><\/span><\/h3>\n<p>L'innovazione pi\u00f9 interessante del gioco da casin\u00f2 Wild Card Gang \u00e8 la meccanica MergeUP\u2122. I simboli coinvolti nelle combinazioni vincenti vengono combinati in simboli di livello superiore, aumentando le vincite. Allo stesso tempo, si libera lo spazio per nuovi simboli, aumentando cos\u00ec la probabilit\u00e0 di formare nuove combinazioni. Il gioco prevede nove livelli di simboli, dopo i quali il cluster diventa uno scatter.<\/p>\n<p>L'apparizione di 4 o pi\u00f9 scatter sul campo di gioco attiva i giri gratuiti Wild Card Gang. Il numero di tali simboli determina il numero di volte in cui \u00e8 possibile avviare i rulli:<\/p>\n<ul>\n<li>4 scatter - 15 giri;<\/li>\n<li>5 scatter - 18 giri;<\/li>\n<li>6 scatter - 20 giri.<\/li>\n<\/ul>\n<p>Durante il round bonus, le celle in cui \u00e8 stato raccolto il cluster ottengono moltiplicatori. Il coefficiente parte da x2 e raggiunge x128. Inoltre, raccogliendo un'altra combinazione di scatter, \u00e8 possibile aumentare il numero di giri gratuiti di 6, 8 o 10.<\/p>\n<div style=\"text-align: center;\"><a class=\"glow-button\" href=\"\/it\/go\/registration\/\" rel=\"noreferrer noopener nofollow\">Prova la Wild Card Gang<\/a><\/div>\n<h3><span class=\"ez-toc-section\" id=\"Paid_Bonuses\"><\/span><strong>Bonus retribuiti<\/strong><span class=\"ez-toc-section-end\"><\/span><\/h3>\n<p>Il giocatore pu\u00f2 attivare la funzione \"Chance x2\", che aumenta di 2 volte la probabilit\u00e0 di caduta dei simboli speciali. La puntata viene aumentata di 25%. Per 100x della puntata, \u00e8 possibile acquistare un pass per il round di giri gratuiti. Il numero di giri di rulli \u00e8 determinato in modo casuale.<\/p><script data-noptimize=\"\" data-wpfc-render=\"false\">\n\/* <![CDATA[ *\/\nfpm_start( \"true\" );\n\/* ]]> *\/\n<\/script>\n\n<p><a href=\"https:\/\/richrocketgame.com\/it\/go\/registration\/\" target=\"_blank\" rel=\"noreferrer noopener nofollow\"><img decoding=\"async\" class=\"aligncenter wp-image-1087 size-full\" src=\"https:\/\/richrocketgame.com\/wp-content\/uploads\/2025\/02\/wild-card-gang-casino-game.jpg\" alt=\"Gioco da casin\u00f2 Wild Card Gang.\" width=\"998\" height=\"624\" srcset=\"https:\/\/richrocketgame.com\/wp-content\/uploads\/2025\/02\/wild-card-gang-casino-game.jpg 998w, https:\/\/richrocketgame.com\/wp-content\/uploads\/2025\/02\/wild-card-gang-casino-game-300x188.jpg 300w, https:\/\/richrocketgame.com\/wp-content\/uploads\/2025\/02\/wild-card-gang-casino-game-768x480.jpg 768w, https:\/\/richrocketgame.com\/wp-content\/uploads\/2025\/02\/wild-card-gang-casino-game-18x12.jpg 18w, https:\/\/richrocketgame.com\/wp-content\/uploads\/2025\/02\/wild-card-gang-casino-game-64x40.jpg 64w, https:\/\/richrocketgame.com\/wp-content\/uploads\/2025\/02\/wild-card-gang-casino-game-51x32.jpg 51w, https:\/\/richrocketgame.com\/wp-content\/uploads\/2025\/02\/wild-card-gang-casino-game-128x80.jpg 128w, https:\/\/richrocketgame.com\/wp-content\/uploads\/2025\/02\/wild-card-gang-casino-game-216x135.jpg 216w\" sizes=\"(max-width: 998px) 100vw, 998px\" \/><\/a><\/p>\n<h2><span class=\"ez-toc-section\" id=\"Why_Play_Wild_Card_Gang\"><\/span>Perch\u00e9 giocare a Wild Card Gang?<span class=\"ez-toc-section-end\"><\/span><\/h2>\n<p>Il gioco merita l'attenzione della comunit\u00e0 dei giocatori per molte ragioni:<\/p>\n<ul>\n<li>Nuova meccanica. MergeUP\u2122 aggiunge freschezza alla slot e aumenta in modo significativo la vincita media.<\/li>\n<li>RTP molto alto. Poche slot restituiscono ai giocatori pi\u00f9 di 97% delle loro scommesse fino ad oggi.<\/li>\n<li>Caratteristiche bonus. L'abbondanza di opportunit\u00e0 di vincita aggiuntive non permetter\u00e0 ai giocatori di annoiarsi.<\/li>\n<li>Tema e design interessanti. Il miglioramento dell'intelligenza artificiale, le illustrazioni e le voci fuori campo dei personaggi creano un'atmosfera memorabile.<\/li>\n<\/ul>\n<p>I migliori casin\u00f2 in cui \u00e8 possibile giocare a Wild Card Gang sono su questa pagina. Non perdetevi la slot che potrebbe essere la sensazione primaria dell'anno.<\/p>\n<h2><span class=\"ez-toc-section\" id=\"FAQ\"><\/span>FAQ<span class=\"ez-toc-section-end\"><\/span><\/h2>\n        <section class=\"sc_fs_faq sc_card\">\n            <div>\n\t\t\t\t<h3><span class=\"ez-toc-section\" id=\"How_does_the_Cluster_Pays_mechanic_work\"><\/span>Come funziona il meccanismo Cluster Pays?<span class=\"ez-toc-section-end\"><\/span><\/h3>                <div>\n\t\t\t\t\t                    <p>\n\t\t\t\t\t\tNelle slot che supportano questa funzione, i simboli vincenti vengono raggruppati in simboli di livello superiore. I nuovi simboli appaiono nei posti lasciati liberi, come nei giochi con sistema a cascata.                    <\/p>\n                <\/div>\n            <\/div>\n        <\/section>\n\t\t        <section class=\"sc_fs_faq sc_card\">\n            <div>\n\t\t\t\t<h3><span class=\"ez-toc-section\" id=\"Is_it_worth_playing_Wild_Card_Gang_for_real_money_right_away_or_is_it_better_to_try_the_demo_version\"><\/span>Vale la pena giocare subito a Wild Card Gang con soldi veri o \u00e8 meglio provare la versione demo?<span class=\"ez-toc-section-end\"><\/span><\/h3>                <div>\n\t\t\t\t\t                    <p>\n\t\t\t\t\t\tLa slot offre molte nuove meccaniche che potrebbero risultare sconosciute anche ai giocatori pi\u00f9 esperti. Pertanto, \u00e8 meglio provare la Wild Card Gang gratuita per familiarizzare con le sue funzionalit\u00e0.                    <\/p>\n                <\/div>\n            <\/div>\n        <\/section>\n\t\t        <section class=\"sc_fs_faq sc_card\">\n            <div>\n\t\t\t\t<h3><span class=\"ez-toc-section\" id=\"How_often_do_the_free_spins_round_fall_out\"><\/span>Con quale frequenza cadono i giri gratuiti?<span class=\"ez-toc-section-end\"><\/span><\/h3>                <div>\n\t\t\t\t\t                    <p>\n\t\t\t\t\t\tBGaming sostiene che il round bonus si attiva una volta ogni 275 giri. Potremo verificare le statistiche dopo l'uscita della slot alla fine di febbraio.                    <\/p>\n                <\/div>\n            <\/div>\n        <\/section>\n\t\t\n<script type=\"application\/ld+json\">{\n    \"@context\": \"https:\\\/\\\/schema.org\",\n    \"@type\": \"FAQPage\",\n    \"mainEntity\": [\n        {\n            \"@type\": \"Question\",\n            \"name\": \"How does the Cluster Pays mechanic work?\",\n            \"acceptedAnswer\": {\n                \"@type\": \"Answer\",\n                \"text\": \"In slots that support this feature, winning symbols are clustered into higher-level symbols. New symbols appear on the vacated places, as in games with a cascade system.\"\n            }\n        },\n        {\n            \"@type\": \"Question\",\n            \"name\": \"Is it worth playing Wild Card Gang for real money right away, or is it better to try the demo version?\",\n            \"acceptedAnswer\": {\n                \"@type\": \"Answer\",\n                \"text\": \"The slot offers a lot of new mechanics that may be unfamiliar even to experienced players. Therefore, trying the free Wild Card Gang to familiarize yourself with the functionality is better.\"\n            }\n        },\n        {\n            \"@type\": \"Question\",\n            \"name\": \"How often do the free spins round fall out?\",\n            \"acceptedAnswer\": {\n                \"@type\": \"Answer\",\n                \"text\": \"BGaming claims that the bonus round falls out once every 275 spins. We can check the statistics after the slot is released at the end of February.\"\n            }\n        }\n    ]\n}<\/script>\n\n<div class=\"fpm_end\"><\/div>\n<div class=\"author-card author-card--top\"><img alt='Foto avatar' src='https:\/\/richrocketgame.com\/wp-content\/uploads\/2023\/03\/Paulo-Dornelas-130x130.jpg' srcset='https:\/\/richrocketgame.com\/wp-content\/uploads\/2023\/03\/Paulo-Dornelas-260x260.jpg 2x' class='avatar avatar-130 photo author-image' height='130' width='130' \/><div class=\"author-content text-md-center\"><span class=\"author-title\">Autore<\/span><a href=\"https:\/\/richrocketgame.com\/it\/author\/paulo-dornelas\/\" class=\"author-name\">Paulo Dornelas<\/a><p class=\"author__details\">Paulo Dornelas \u00e8 un esperto di gioco d'azzardo che ha dedicato la sua vita a comprendere il settore e ad aiutare gli altri a guadagnarci. \u00c8 anche un appassionato viaggiatore e ama esplorare nuovi luoghi. La sua conoscenza del gioco d'azzardo e la sua passione per i viaggi lo rendono la guida perfetta per chiunque voglia ottenere profitti seri dalle scommesse sportive o dai giochi di casin\u00f2.<\/p><\/div><!-- \/.author-content --><\/div>","protected":false},"excerpt":{"rendered":"<p>Wild Card Gang is BGaming&#8217;s flagship slot in 2026. The success of this slot will allow the company to establish itself as one of the best slot developers. And the game has every chance of becoming a hit. The mechanics of combining winning symbols and the non-standard system of launching free spins and winning x5,000 [&hellip;]<\/p>","protected":false},"author":2,"featured_media":0,"parent":0,"menu_order":0,"comment_status":"closed","ping_status":"closed","template":"page-no-sidebar.php","meta":{"footnotes":""},"class_list":["post-1080","page","type-page","status-publish","hentry"],"yoast_head":"<!-- This site is optimized with the Yoast SEO plugin v26.7 - https:\/\/yoast.com\/wordpress\/plugins\/seo\/ -->\n<title>Wild Card Gang by BGaming - Free Play<\/title>\n<meta name=\"description\" content=\"Meet Wild Card Gang casino game, a contender for top slot 2026. Get to know the new features. Get ready to play Wild Card Gang.\" \/>\n<meta name=\"robots\" content=\"index, follow, max-snippet:-1, max-image-preview:large, max-video-preview:-1\" \/>\n<link rel=\"canonical\" href=\"https:\/\/richrocketgame.com\/it\/wild-card-gang\/\" \/>\n<meta property=\"og:locale\" content=\"it_IT\" \/>\n<meta property=\"og:type\" content=\"article\" \/>\n<meta property=\"og:title\" content=\"Wild Card Gang by BGaming - Free Play\" \/>\n<meta property=\"og:description\" content=\"Meet Wild Card Gang casino game, a contender for top slot 2026. Get to know the new features. Get ready to play Wild Card Gang.\" \/>\n<meta property=\"og:url\" content=\"https:\/\/richrocketgame.com\/it\/wild-card-gang\/\" \/>\n<meta property=\"og:site_name\" content=\"Rich Rocket Game\" \/>\n<meta property=\"article:modified_time\" content=\"2026-01-13T16:58:17+00:00\" \/>\n<meta property=\"og:image\" content=\"https:\/\/richrocketgame.com\/wp-content\/uploads\/2025\/02\/wild-card-gang-slot.jpg\" \/>\n\t<meta property=\"og:image:width\" content=\"553\" \/>\n\t<meta property=\"og:image:height\" content=\"718\" \/>\n\t<meta property=\"og:image:type\" content=\"image\/jpeg\" \/>\n<meta name=\"twitter:card\" content=\"summary_large_image\" \/>\n<meta name=\"twitter:label1\" content=\"Tempo di lettura stimato\" \/>\n\t<meta name=\"twitter:data1\" content=\"4 minuti\" \/>\n<!-- \/ Yoast SEO plugin. -->","yoast_head_json":{"title":"Wild Card Gang di BGaming - Gioco gratuito","description":"Meet Wild Card Gang casino game, a contender for top slot 2026. Get to know the new features. Get ready to play Wild Card Gang.","robots":{"index":"index","follow":"follow","max-snippet":"max-snippet:-1","max-image-preview":"max-image-preview:large","max-video-preview":"max-video-preview:-1"},"canonical":"https:\/\/richrocketgame.com\/it\/wild-card-gang\/","og_locale":"it_IT","og_type":"article","og_title":"Wild Card Gang by BGaming - Free Play","og_description":"Meet Wild Card Gang casino game, a contender for top slot 2026. Get to know the new features. Get ready to play Wild Card Gang.","og_url":"https:\/\/richrocketgame.com\/it\/wild-card-gang\/","og_site_name":"Rich Rocket Game","article_modified_time":"2026-01-13T16:58:17+00:00","og_image":[{"width":553,"height":718,"url":"https:\/\/richrocketgame.com\/wp-content\/uploads\/2025\/02\/wild-card-gang-slot.jpg","type":"image\/jpeg"}],"twitter_card":"summary_large_image","twitter_misc":{"Tempo di lettura stimato":"4 minuti"},"schema":{"@context":"https:\/\/schema.org","@graph":[{"@type":"WebPage","@id":"https:\/\/richrocketgame.com\/wild-card-gang\/","url":"https:\/\/richrocketgame.com\/wild-card-gang\/","name":"Wild Card Gang di BGaming - Gioco gratuito","isPartOf":{"@id":"https:\/\/richrocketgame.com\/#website"},"primaryImageOfPage":{"@id":"https:\/\/richrocketgame.com\/wild-card-gang\/#primaryimage"},"image":{"@id":"https:\/\/richrocketgame.com\/wild-card-gang\/#primaryimage"},"thumbnailUrl":"https:\/\/richrocketgame.com\/wp-content\/uploads\/2025\/02\/wild-card-gang-slot.jpg","datePublished":"2025-02-12T08:57:14+00:00","dateModified":"2026-01-13T16:58:17+00:00","description":"Meet Wild Card Gang casino game, a contender for top slot 2026. Get to know the new features. Get ready to play Wild Card Gang.","breadcrumb":{"@id":"https:\/\/richrocketgame.com\/wild-card-gang\/#breadcrumb"},"inLanguage":"it-IT","potentialAction":[{"@type":"ReadAction","target":["https:\/\/richrocketgame.com\/wild-card-gang\/"]}]},{"@type":"ImageObject","inLanguage":"it-IT","@id":"https:\/\/richrocketgame.com\/wild-card-gang\/#primaryimage","url":"https:\/\/richrocketgame.com\/wp-content\/uploads\/2025\/02\/wild-card-gang-slot.jpg","contentUrl":"https:\/\/richrocketgame.com\/wp-content\/uploads\/2025\/02\/wild-card-gang-slot.jpg"},{"@type":"BreadcrumbList","@id":"https:\/\/richrocketgame.com\/wild-card-gang\/#breadcrumb","itemListElement":[{"@type":"ListItem","position":1,"name":"\u0413\u043b\u0430\u0432\u043d\u0430\u044f \u0441\u0442\u0440\u0430\u043d\u0438\u0446\u0430","item":"https:\/\/richrocketgame.com\/"},{"@type":"ListItem","position":2,"name":"Wild Card Gang Slot Demo"}]},{"@type":"WebSite","@id":"https:\/\/richrocketgame.com\/#website","url":"https:\/\/richrocketgame.com\/","name":"Gioco Rich Rocket","description":"","publisher":{"@id":"https:\/\/richrocketgame.com\/#organization"},"potentialAction":[{"@type":"SearchAction","target":{"@type":"EntryPoint","urlTemplate":"https:\/\/richrocketgame.com\/?s={search_term_string}"},"query-input":{"@type":"PropertyValueSpecification","valueRequired":true,"valueName":"search_term_string"}}],"inLanguage":"it-IT"},{"@type":"Organization","@id":"https:\/\/richrocketgame.com\/#organization","name":"Gioco Rich Rocket","url":"https:\/\/richrocketgame.com\/","logo":{"@type":"ImageObject","inLanguage":"it-IT","@id":"https:\/\/richrocketgame.com\/#\/schema\/logo\/image\/","url":"https:\/\/richrocketgame.com\/wp-content\/uploads\/2022\/09\/Rich-Rocket-earning-app.png","contentUrl":"https:\/\/richrocketgame.com\/wp-content\/uploads\/2022\/09\/Rich-Rocket-earning-app.png","width":512,"height":512,"caption":"Rich Rocket Game"},"image":{"@id":"https:\/\/richrocketgame.com\/#\/schema\/logo\/image\/"}}]}},"_links":{"self":[{"href":"https:\/\/richrocketgame.com\/it\/wp-json\/wp\/v2\/pages\/1080","targetHints":{"allow":["GET"]}}],"collection":[{"href":"https:\/\/richrocketgame.com\/it\/wp-json\/wp\/v2\/pages"}],"about":[{"href":"https:\/\/richrocketgame.com\/it\/wp-json\/wp\/v2\/types\/page"}],"author":[{"embeddable":true,"href":"https:\/\/richrocketgame.com\/it\/wp-json\/wp\/v2\/users\/2"}],"replies":[{"embeddable":true,"href":"https:\/\/richrocketgame.com\/it\/wp-json\/wp\/v2\/comments?post=1080"}],"version-history":[{"count":0,"href":"https:\/\/richrocketgame.com\/it\/wp-json\/wp\/v2\/pages\/1080\/revisions"}],"wp:attachment":[{"href":"https:\/\/richrocketgame.com\/it\/wp-json\/wp\/v2\/media?parent=1080"}],"curies":[{"name":"parola chiave","href":"https:\/\/api.w.org\/{rel}","templated":true}]}}