{"id":107,"date":"2022-12-27T16:47:24","date_gmt":"2022-12-27T13:47:24","guid":{"rendered":"https:\/\/richrocketgame.com\/?page_id=107"},"modified":"2024-03-13T23:18:24","modified_gmt":"2024-03-13T20:18:24","slug":"rich-rocket-bot-telegram","status":"publish","type":"page","link":"https:\/\/richrocketgame.com\/it\/rich-rocket-bot-telegram\/","title":{"rendered":"Rich Rocket Bot Telegram"},"content":{"rendered":"<div class=\"fpm_start\"><\/div>\n<div style=\"text-align: center;\"><a class=\"glow-button\" href=\"\/it\/go\/registration\/\">Gioca a Rich Rocket<\/a><\/div>\n<p>Nonostante i migliori sforzi degli sviluppatori di sicurezza, gli hacker trovano ancora il modo di aggirare queste protezioni, come ha dimostrato il bot Rich Rocket. Questo potente software offre agli utenti un'ampia serie di strumenti che consentono di prevedere con precisione i risultati e di trarre vantaggio dal gioco. Tuttavia, gli attori malintenzionati hanno abusato di queste conoscenze per i loro scopi illeciti, causando l'interruzione di diversi programmi e plugin.<\/p>\n<div id=\"attachment_110\" style=\"width: 845px\" class=\"wp-caption aligncenter\"><a href=\"https:\/\/richrocketgame.com\/it\/go\/registration\/\"><img decoding=\"async\" aria-describedby=\"caption-attachment-110\" class=\"wp-image-110 size-full\" title=\"Rich Rocket India\" src=\"https:\/\/richrocketgame.com\/wp-content\/uploads\/2022\/12\/Rich-Rocket-India.jpg\" alt=\"Rich Rocket India\" width=\"845\" height=\"546\" srcset=\"https:\/\/richrocketgame.com\/wp-content\/uploads\/2022\/12\/Rich-Rocket-India.jpg 845w, https:\/\/richrocketgame.com\/wp-content\/uploads\/2022\/12\/Rich-Rocket-India-300x194.jpg 300w, https:\/\/richrocketgame.com\/wp-content\/uploads\/2022\/12\/Rich-Rocket-India-768x496.jpg 768w, https:\/\/richrocketgame.com\/wp-content\/uploads\/2022\/12\/Rich-Rocket-India-18x12.jpg 18w, https:\/\/richrocketgame.com\/wp-content\/uploads\/2022\/12\/Rich-Rocket-India-62x40.jpg 62w, https:\/\/richrocketgame.com\/wp-content\/uploads\/2022\/12\/Rich-Rocket-India-50x32.jpg 50w, https:\/\/richrocketgame.com\/wp-content\/uploads\/2022\/12\/Rich-Rocket-India-124x80.jpg 124w, https:\/\/richrocketgame.com\/wp-content\/uploads\/2022\/12\/Rich-Rocket-India-209x135.jpg 209w\" sizes=\"(max-width: 845px) 100vw, 845px\" \/><\/a><p id=\"caption-attachment-110\" class=\"wp-caption-text\">Rich Rocket India<\/p><\/div>\n<p>Non dovrete pi\u00f9 aspettare pazientemente un'opportunit\u00e0: le notifiche vi verranno inviate tempestivamente in modo che possiate approfittarne e ottenere il massimo successo!<\/p>\n<div id=\"ez-toc-container\" class=\"ez-toc-v2_0_62 counter-hierarchy ez-toc-counter ez-toc-grey ez-toc-container-direction\">\n<div class=\"ez-toc-title-container\">\n<p class=\"ez-toc-title\" >Indice dei contenuti<\/p>\n<span class=\"ez-toc-title-toggle\"><a href=\"#\" class=\"ez-toc-pull-right ez-toc-btn ez-toc-btn-xs ez-toc-btn-default ez-toc-toggle\" aria-label=\"Allinea la tabella dei contenuti\"><span class=\"ez-toc-js-icon-con\"><span class=\"\"><span class=\"eztoc-hide\" style=\"display:none;\">Toggle<\/span><span class=\"ez-toc-icon-toggle-span\"><svg style=\"fill: #999;color:#999\" xmlns=\"http:\/\/www.w3.org\/2000\/svg\" class=\"list-377408\" width=\"20px\" height=\"20px\" viewbox=\"0 0 24 24\" fill=\"none\"><path d=\"M6 6H4v2h2V6zm14 0H8v2h12V6zM4 11h2v2H4v-2zm16 0H8v2h12v-2zM4 16h2v2H4v-2zm16 0H8v2h12v-2z\" fill=\"currentColor\"><\/path><\/svg><svg style=\"fill: #999;color:#999\" class=\"arrow-unsorted-368013\" xmlns=\"http:\/\/www.w3.org\/2000\/svg\" width=\"10px\" height=\"10px\" viewbox=\"0 0 24 24\" version=\"1.2\" baseprofile=\"tiny\"><path d=\"M18.2 9.3l-6.2-6.3-6.2 6.3c-.2.2-.3.4-.3.7s.1.5.3.7c.2.2.4.3.7.3h11c.3 0 .5-.1.7-.3.2-.2.3-.5.3-.7s-.1-.5-.3-.7zM5.8 14.7l6.2 6.3 6.2-6.3c.2-.2.3-.5.3-.7s-.1-.5-.3-.7c-.2-.2-.4-.3-.7-.3h-11c-.3 0-.5.1-.7.3-.2.2-.3.5-.3.7s.1.5.3.7z\"\/><\/svg><\/span><\/span><\/span><\/a><\/span><\/div>\n<nav><ul class='ez-toc-list ez-toc-list-level-1 eztoc-toggle-hide-by-default' ><li class='ez-toc-page-1 ez-toc-heading-level-2'><a class=\"ez-toc-link ez-toc-heading-1\" href=\"https:\/\/richrocketgame.com\/it\/rich-rocket-bot-telegram\/#Signals_Rich_Rocket_Bot\" title=\"Segnali Rich Rocket Bot\">Segnali Rich Rocket Bot<\/a><\/li><li class='ez-toc-page-1 ez-toc-heading-level-2'><a class=\"ez-toc-link ez-toc-heading-2\" href=\"https:\/\/richrocketgame.com\/it\/rich-rocket-bot-telegram\/#How_to_Download_Rich_Rocket_Bot\" title=\"Come scaricare Rich Rocket Bot?\">Come scaricare Rich Rocket Bot?<\/a><\/li><li class='ez-toc-page-1 ez-toc-heading-level-2'><a class=\"ez-toc-link ez-toc-heading-3\" href=\"https:\/\/richrocketgame.com\/it\/rich-rocket-bot-telegram\/#Rich_Rocket_Telegram_Bot\" title=\"Rich Rocket Bot di Telegram\">Rich Rocket Bot di Telegram<\/a><\/li><li class='ez-toc-page-1 ez-toc-heading-level-2'><a class=\"ez-toc-link ez-toc-heading-4\" href=\"https:\/\/richrocketgame.com\/it\/rich-rocket-bot-telegram\/#Conclusion\" title=\"Conclusione\">Conclusione<\/a><\/li><\/ul><\/nav><\/div>\n<h2><span class=\"ez-toc-section\" id=\"Signals_Rich_Rocket_Bot\"><\/span>Segnali Rich Rocket Bot<span class=\"ez-toc-section-end\"><\/span><\/h2>\n<p>Per garantire agli utenti la migliore esperienza possibile, <a href=\"https:\/\/richrocketgame.com\/it\/\">Rich Rocket<\/a> segnali gli sviluppatori hanno esaminato in modo esaustivo ogni dettaglio. Questo ha portato a una serie di caratteristiche superiori che affascinano i suoi utenti, come ad esempio:<\/p>\n<ul>\n<li>Giocatori indiani, sudafricani, europei e non solo hanno garantito l'autenticit\u00e0 del materiale pubblicato.<\/li>\n<li>I clienti e gli esperti hanno elogiato le previsioni di Rich Rocket India, quindi potete fidarvi della loro qualit\u00e0. Non solo, continuano a dimostrare la loro dedizione a fornire il miglior servizio possibile attraverso recensioni regolari.<\/li>\n<li>Unendo la forza di pi\u00f9 algoritmi che analizzano le tendenze attuali, possiamo rafforzare con fiducia le previsioni e giungere a un accordo condiviso.<\/li>\n<li>Trasmettendo rapidamente le informazioni critiche che contribuiranno al successo, elimina ogni possibilit\u00e0 di esitazioni, verifiche inutili o altri processi ostruzionistici.<\/li>\n<li>Rimanete aggiornati con le ultime notizie, gli avvisi utili, i fatti interessanti e molto altro ancora, il tutto portato direttamente a voi su base regolare.<\/li>\n<\/ul>\n<p>Inoltre, connettersi alla vivace comunit\u00e0 Telegram di Rich Rocket di giocatori esperti \u00e8 semplice. \u00c8 un luogo ideale per parlare dei metodi e degli strumenti che utilizzate, per discutere delle caratteristiche del software in modo approfondito, per partecipare a discussioni stimolanti o semplicemente per rilassarsi scorrendo i post pi\u00f9 interessanti!<\/p>\n<p>Avete bisogno di un vantaggio vincente? Non cercate oltre la nostra innovativa applicazione. Con un'incredibile percentuale di precisione di 97%, questo potente strumento \u00e8 in grado di prevedere correttamente i movimenti delle slot, aumentando drasticamente le vostre possibilit\u00e0 di successo! Compatibile con qualsiasi dispositivo, non c'\u00e8 tempo da perdere per scaricarlo e avere la meglio oggi stesso!<\/p>\n<div id=\"attachment_112\" style=\"width: 994px\" class=\"wp-caption aligncenter\"><a href=\"https:\/\/richrocketgame.com\/it\/go\/registration\/\"><img decoding=\"async\" aria-describedby=\"caption-attachment-112\" class=\"wp-image-112 size-large\" title=\"Rich Rocket Bot\" src=\"https:\/\/richrocketgame.com\/wp-content\/uploads\/2022\/12\/Rich-Rocket-Bot-1024x443.jpg\" alt=\"Rich Rocket Bot\" width=\"994\" height=\"430\" srcset=\"https:\/\/richrocketgame.com\/wp-content\/uploads\/2022\/12\/Rich-Rocket-Bot-1024x443.jpg 1024w, https:\/\/richrocketgame.com\/wp-content\/uploads\/2022\/12\/Rich-Rocket-Bot-300x130.jpg 300w, https:\/\/richrocketgame.com\/wp-content\/uploads\/2022\/12\/Rich-Rocket-Bot-768x332.jpg 768w, https:\/\/richrocketgame.com\/wp-content\/uploads\/2022\/12\/Rich-Rocket-Bot-18x8.jpg 18w, https:\/\/richrocketgame.com\/wp-content\/uploads\/2022\/12\/Rich-Rocket-Bot-93x40.jpg 93w, https:\/\/richrocketgame.com\/wp-content\/uploads\/2022\/12\/Rich-Rocket-Bot-74x32.jpg 74w, https:\/\/richrocketgame.com\/wp-content\/uploads\/2022\/12\/Rich-Rocket-Bot-185x80.jpg 185w, https:\/\/richrocketgame.com\/wp-content\/uploads\/2022\/12\/Rich-Rocket-Bot-312x135.jpg 312w, https:\/\/richrocketgame.com\/wp-content\/uploads\/2022\/12\/Rich-Rocket-Bot.jpg 1099w\" sizes=\"(max-width: 994px) 100vw, 994px\" \/><\/a><p id=\"caption-attachment-112\" class=\"wp-caption-text\">Rich Rocket Bot<\/p><\/div>\n<div style=\"text-align: center;\"><a class=\"glow-button\" href=\"\/it\/go\/registration\/\">Rich Rocket India<\/a><\/div>\n<h2><span class=\"ez-toc-section\" id=\"How_to_Download_Rich_Rocket_Bot\"><\/span>Come scaricare Rich Rocket Bot?<span class=\"ez-toc-section-end\"><\/span><\/h2>\n<p>L'applicazione \u00e8 compatibile con tutti i sistemi pi\u00f9 diffusi, compresi telefoni, tablet e computer, indipendentemente dal dispositivo utilizzato! Inoltre, occupa uno spazio minimo sui vostri dispositivi e il download \u00e8 gratuito. Le sue funzioni semplici garantiscono che, anche se non siete esperti di tecnologia o di conoscenze specialistiche, questa applicazione funzioni senza problemi e senza stress.<\/p>\n<p>Per avviare il processo di installazione, l'utente deve:<\/p>\n<ol>\n<li>State cercando il programma bot Rich Rocket? Allora non cercate oltre: potete trovarlo facilmente con una rapida ricerca online o tramite la barra di navigazione del sito ufficiale. Con diverse opzioni disponibili, assicuratevi di selezionarne una affidabile e credibile prima di scaricare il sistema operativo.<\/li>\n<li>Non fidatevi solo delle nostre previsioni e della loro affidabilit\u00e0: provate l'applicazione per verificarlo voi stessi! Ha gi\u00e0 previsto risultati positivi con un tasso di accuratezza di ben 90%, quindi potete essere certi che le sue previsioni saranno accurate. Testatela su situazioni attuali per verificare se i risultati osservati corrispondono alle previsioni iniziali.<\/li>\n<li>Registrate un account con noi e riceverete notifiche personalizzate su sconti esclusivi fatti su misura per voi! Ottieni le migliori offerte senza doverle cercare: \u00e8 tutto a portata di mano.<\/li>\n<\/ol>\n<p>Mettendo in pratica i consigli forniti e monitorando regolarmente i propri progressi, un giocatore \u00e8 sicuro di osservare un tasso di successo sempre maggiore. In poco tempo, si trover\u00e0 a vincere con una frequenza mai vista prima!<\/p>\n<div id=\"attachment_111\" style=\"width: 816px\" class=\"wp-caption aligncenter\"><a href=\"https:\/\/richrocketgame.com\/it\/go\/registration\/\"><img decoding=\"async\" aria-describedby=\"caption-attachment-111\" class=\"wp-image-111 size-full\" title=\"Recensione di Rich Rocket Telegram\" src=\"https:\/\/richrocketgame.com\/wp-content\/uploads\/2022\/12\/Rich-Rocket-Telegram-Review.jpg\" alt=\"Recensione di Rich Rocket Telegram\" width=\"816\" height=\"331\" srcset=\"https:\/\/richrocketgame.com\/wp-content\/uploads\/2022\/12\/Rich-Rocket-Telegram-Review.jpg 816w, https:\/\/richrocketgame.com\/wp-content\/uploads\/2022\/12\/Rich-Rocket-Telegram-Review-300x122.jpg 300w, https:\/\/richrocketgame.com\/wp-content\/uploads\/2022\/12\/Rich-Rocket-Telegram-Review-768x312.jpg 768w, https:\/\/richrocketgame.com\/wp-content\/uploads\/2022\/12\/Rich-Rocket-Telegram-Review-18x7.jpg 18w, https:\/\/richrocketgame.com\/wp-content\/uploads\/2022\/12\/Rich-Rocket-Telegram-Review-99x40.jpg 99w, https:\/\/richrocketgame.com\/wp-content\/uploads\/2022\/12\/Rich-Rocket-Telegram-Review-79x32.jpg 79w, https:\/\/richrocketgame.com\/wp-content\/uploads\/2022\/12\/Rich-Rocket-Telegram-Review-197x80.jpg 197w, https:\/\/richrocketgame.com\/wp-content\/uploads\/2022\/12\/Rich-Rocket-Telegram-Review-333x135.jpg 333w\" sizes=\"(max-width: 816px) 100vw, 816px\" \/><\/a><p id=\"caption-attachment-111\" class=\"wp-caption-text\">Recensione di Rich Rocket Telegram<\/p><\/div>\n<div style=\"text-align: center;\"><a class=\"glow-button\" href=\"\/it\/go\/registration\/\">Rich Rocket Bot<\/a><\/div>\n<h2><span class=\"ez-toc-section\" id=\"Rich_Rocket_Telegram_Bot\"><\/span>Rich Rocket Bot di Telegram<span class=\"ez-toc-section-end\"><\/span><\/h2>\n<p>Se siete giocatori ambiziosi, Rich Rocket Bot \u00e8 il compagno ideale per voi. Ottenete le informazioni pi\u00f9 aggiornate sulle tendenze e le condizioni attuali del mercato - tutto in un unico posto! Non perdetevi le ultime notizie; con Rich Rocket Telegram Review, il successo \u00e8 a portata di clic!<\/p><script data-noptimize=\"\" data-wpfc-render=\"false\">\n\/* <![CDATA[ *\/\nfpm_start( \"true\" );\n\/* ]]> *\/\n<\/script>\n\n<p>Gli utenti non hanno nulla da temere quando si tratta di affidarsi a questo programma: \u00e8 sicuro, accurato e veramente utile per il successo ai giochi di slot. Scaricatelo subito per avere la possibilit\u00e0 di ottenere il massimo successo!<\/p>\n<p>Non perdere l'occasione di diventare un vincitore con Rich Rocket India! Scaricate subito l'applicazione e iniziate il vostro viaggio: \u00e8 il momento di fare carriera.<\/p>\n<h2><span class=\"ez-toc-section\" id=\"Conclusion\"><\/span>Conclusione<span class=\"ez-toc-section-end\"><\/span><\/h2>\n<p>Ottieni il vantaggio competitivo con Rich Rocket! Tasso di precisione 97% e accesso a giocatori esperti nel gruppo telegram per fornirvi i migliori consigli. Scaricatelo gratuitamente e portate il vostro gioco a un livello superiore: \u00e8 compatibile con qualsiasi dispositivo, cos\u00ec potrete portare il vostro A-game ovunque andiate.<\/p>\n<div style=\"height: 0px; overflow: hidden; padding-top: 56.25%; position: relative; width: 100%;\"><iframe style=\"position: absolute; top: 0px; left: 0px; width: 100%; height: 100%;\" title=\"Lettore video di YouTube\" src=\"https:\/\/tube.rvere.com\/embed?v=9FOIAl95Cyw\" frameborder=\"0\" allowfullscreen=\"allowfullscreen\"><br \/>\n<\/iframe><\/div>\n<div class=\"fpm_end\"><\/div>\n<div class=\"author-card author-card--top\"><img alt='Foto avatar' src='https:\/\/richrocketgame.com\/wp-content\/uploads\/2023\/03\/Paulo-Dornelas-130x130.jpg' srcset='https:\/\/richrocketgame.com\/wp-content\/uploads\/2023\/03\/Paulo-Dornelas-260x260.jpg 2x' class='avatar avatar-130 photo author-image' height='130' width='130' \/><div class=\"author-content text-md-center\"><span class=\"author-title\">Autore<\/span><a href=\"https:\/\/richrocketgame.com\/it\/author\/paulo-dornelas\/\" class=\"author-name\">Paulo Dornelas<\/a><p class=\"author__details\">Paulo Dornelas \u00e8 un esperto di gioco d'azzardo che ha dedicato la sua vita a comprendere il settore e ad aiutare gli altri a guadagnarci. \u00c8 anche un appassionato viaggiatore e ama esplorare nuovi luoghi. La sua conoscenza del gioco d'azzardo e la sua passione per i viaggi lo rendono la guida perfetta per chiunque voglia ottenere profitti seri dalle scommesse sportive o dai giochi di casin\u00f2.<\/p><\/div><!-- \/.author-content --><\/div>","protected":false},"excerpt":{"rendered":"<p>Gioca a Rich Rocket Nonostante i migliori sforzi degli sviluppatori di sicurezza, gli hacker trovano ancora il modo di aggirare queste protezioni, come ha dimostrato il bot Rich Rocket. Questo potente software offre agli utenti un'ampia gamma di strumenti per prevedere con precisione i risultati e trarre vantaggio dal gioco. Tuttavia, i malintenzionati hanno abusato di queste conoscenze per i propri [...]<\/p>","protected":false},"author":2,"featured_media":0,"parent":0,"menu_order":0,"comment_status":"closed","ping_status":"closed","template":"page-no-sidebar.php","meta":{"footnotes":""},"class_list":["post-107","page","type-page","status-publish","hentry"],"yoast_head":"<!-- This site is optimized with the Yoast SEO plugin v26.7 - https:\/\/yoast.com\/wordpress\/plugins\/seo\/ -->\n<title>Rich Rocket Bot Telegram - Rich Rocket India<\/title>\n<meta name=\"description\" content=\"How to Find Rich Rocket Telegram channel and try the application Rich Rocket Bot? Download Bot for Rich Rocket Game India and Start Predict!\" \/>\n<meta name=\"robots\" content=\"index, follow, max-snippet:-1, max-image-preview:large, max-video-preview:-1\" \/>\n<link rel=\"canonical\" href=\"https:\/\/richrocketgame.com\/it\/rich-rocket-bot-telegram\/\" \/>\n<meta property=\"og:locale\" content=\"it_IT\" \/>\n<meta property=\"og:type\" content=\"article\" \/>\n<meta property=\"og:title\" content=\"Rich Rocket Bot Telegram - Rich Rocket India\" \/>\n<meta property=\"og:description\" content=\"How to Find Rich Rocket Telegram channel and try the application Rich Rocket Bot? Download Bot for Rich Rocket Game India and Start Predict!\" \/>\n<meta property=\"og:url\" content=\"https:\/\/richrocketgame.com\/it\/rich-rocket-bot-telegram\/\" \/>\n<meta property=\"og:site_name\" content=\"Rich Rocket Game\" \/>\n<meta property=\"article:modified_time\" content=\"2024-03-13T20:18:24+00:00\" \/>\n<meta property=\"og:image\" content=\"https:\/\/richrocketgame.com\/wp-content\/uploads\/2022\/12\/Rich-Rocket-India.jpg\" \/>\n<meta name=\"twitter:card\" content=\"summary_large_image\" \/>\n<meta name=\"twitter:label1\" content=\"Tempo di lettura stimato\" \/>\n\t<meta name=\"twitter:data1\" content=\"5 minuti\" \/>\n<!-- \/ Yoast SEO plugin. -->","yoast_head_json":{"title":"Rich Rocket Bot Telegram - Rich Rocket India","description":"Come trovare il canale Telegram Rich Rocket e provare l'applicazione Rich Rocket Bot? Scarica il Bot per Rich Rocket Game India e inizia a pronosticare!","robots":{"index":"index","follow":"follow","max-snippet":"max-snippet:-1","max-image-preview":"max-image-preview:large","max-video-preview":"max-video-preview:-1"},"canonical":"https:\/\/richrocketgame.com\/it\/rich-rocket-bot-telegram\/","og_locale":"it_IT","og_type":"article","og_title":"Rich Rocket Bot Telegram - Rich Rocket India","og_description":"How to Find Rich Rocket Telegram channel and try the application Rich Rocket Bot? Download Bot for Rich Rocket Game India and Start Predict!","og_url":"https:\/\/richrocketgame.com\/it\/rich-rocket-bot-telegram\/","og_site_name":"Rich Rocket Game","article_modified_time":"2024-03-13T20:18:24+00:00","og_image":[{"url":"https:\/\/richrocketgame.com\/wp-content\/uploads\/2022\/12\/Rich-Rocket-India.jpg","type":"","width":"","height":""}],"twitter_card":"summary_large_image","twitter_misc":{"Tempo di lettura stimato":"5 minuti"},"schema":{"@context":"https:\/\/schema.org","@graph":[{"@type":"WebPage","@id":"https:\/\/richrocketgame.com\/rich-rocket-bot-telegram\/","url":"https:\/\/richrocketgame.com\/rich-rocket-bot-telegram\/","name":"Rich Rocket Bot Telegram - Rich Rocket India","isPartOf":{"@id":"https:\/\/richrocketgame.com\/#website"},"primaryImageOfPage":{"@id":"https:\/\/richrocketgame.com\/rich-rocket-bot-telegram\/#primaryimage"},"image":{"@id":"https:\/\/richrocketgame.com\/rich-rocket-bot-telegram\/#primaryimage"},"thumbnailUrl":"https:\/\/richrocketgame.com\/wp-content\/uploads\/2022\/12\/Rich-Rocket-India.jpg","datePublished":"2022-12-27T13:47:24+00:00","dateModified":"2024-03-13T20:18:24+00:00","description":"Come trovare il canale Telegram Rich Rocket e provare l'applicazione Rich Rocket Bot? Scarica il Bot per Rich Rocket Game India e inizia a pronosticare!","breadcrumb":{"@id":"https:\/\/richrocketgame.com\/rich-rocket-bot-telegram\/#breadcrumb"},"inLanguage":"it-IT","potentialAction":[{"@type":"ReadAction","target":["https:\/\/richrocketgame.com\/rich-rocket-bot-telegram\/"]}]},{"@type":"ImageObject","inLanguage":"it-IT","@id":"https:\/\/richrocketgame.com\/rich-rocket-bot-telegram\/#primaryimage","url":"https:\/\/richrocketgame.com\/wp-content\/uploads\/2022\/12\/Rich-Rocket-India.jpg","contentUrl":"https:\/\/richrocketgame.com\/wp-content\/uploads\/2022\/12\/Rich-Rocket-India.jpg"},{"@type":"BreadcrumbList","@id":"https:\/\/richrocketgame.com\/rich-rocket-bot-telegram\/#breadcrumb","itemListElement":[{"@type":"ListItem","position":1,"name":"\u0413\u043b\u0430\u0432\u043d\u0430\u044f \u0441\u0442\u0440\u0430\u043d\u0438\u0446\u0430","item":"https:\/\/richrocketgame.com\/"},{"@type":"ListItem","position":2,"name":"Rich Rocket Bot Telegram"}]},{"@type":"WebSite","@id":"https:\/\/richrocketgame.com\/#website","url":"https:\/\/richrocketgame.com\/","name":"Gioco Rich Rocket","description":"","publisher":{"@id":"https:\/\/richrocketgame.com\/#organization"},"potentialAction":[{"@type":"SearchAction","target":{"@type":"EntryPoint","urlTemplate":"https:\/\/richrocketgame.com\/?s={search_term_string}"},"query-input":{"@type":"PropertyValueSpecification","valueRequired":true,"valueName":"search_term_string"}}],"inLanguage":"it-IT"},{"@type":"Organization","@id":"https:\/\/richrocketgame.com\/#organization","name":"Gioco Rich Rocket","url":"https:\/\/richrocketgame.com\/","logo":{"@type":"ImageObject","inLanguage":"it-IT","@id":"https:\/\/richrocketgame.com\/#\/schema\/logo\/image\/","url":"https:\/\/richrocketgame.com\/wp-content\/uploads\/2022\/09\/Rich-Rocket-earning-app.png","contentUrl":"https:\/\/richrocketgame.com\/wp-content\/uploads\/2022\/09\/Rich-Rocket-earning-app.png","width":512,"height":512,"caption":"Rich Rocket Game"},"image":{"@id":"https:\/\/richrocketgame.com\/#\/schema\/logo\/image\/"}}]}},"_links":{"self":[{"href":"https:\/\/richrocketgame.com\/it\/wp-json\/wp\/v2\/pages\/107","targetHints":{"allow":["GET"]}}],"collection":[{"href":"https:\/\/richrocketgame.com\/it\/wp-json\/wp\/v2\/pages"}],"about":[{"href":"https:\/\/richrocketgame.com\/it\/wp-json\/wp\/v2\/types\/page"}],"author":[{"embeddable":true,"href":"https:\/\/richrocketgame.com\/it\/wp-json\/wp\/v2\/users\/2"}],"replies":[{"embeddable":true,"href":"https:\/\/richrocketgame.com\/it\/wp-json\/wp\/v2\/comments?post=107"}],"version-history":[{"count":0,"href":"https:\/\/richrocketgame.com\/it\/wp-json\/wp\/v2\/pages\/107\/revisions"}],"wp:attachment":[{"href":"https:\/\/richrocketgame.com\/it\/wp-json\/wp\/v2\/media?parent=107"}],"curies":[{"name":"parola chiave","href":"https:\/\/api.w.org\/{rel}","templated":true}]}}