{"id":1039,"date":"2025-02-11T18:44:02","date_gmt":"2025-02-11T15:44:02","guid":{"rendered":"https:\/\/richrocketgame.com\/?page_id=1039"},"modified":"2025-08-01T11:18:06","modified_gmt":"2025-08-01T08:18:06","slug":"jungle-queen-slot","status":"publish","type":"page","link":"https:\/\/richrocketgame.com\/it\/jungle-queen-slot\/","title":{"rendered":"Demo della slot Jungle Queen"},"content":{"rendered":"<div class=\"fpm_start\"><\/div>\n<p>La slot Jungle Queen, la cui uscita \u00e8 prevista per il 20 febbraio 2025, porter\u00e0 i giocatori nel dominio della regina della foresta pluviale. Un'accoglienza ospitale vi attende su un campo di gioco 5\u00d73 con 20 linee di pagamento. I giocatori fortunati che accontentano la regina possono vincere x10.000. Jungle Queen di BGaming ha quattro funzioni bonus che rendono imprevedibile ogni giro.<\/p>\n<div style=\"text-align: center;\"><a class=\"glow-button\" href=\"\/it\/go\/registration\/\" rel=\"noreferrer noopener nofollow\">Gioca alla slot<\/a><\/div>\n<table>\n<tbody>\n<tr>\n<td>Data di uscita<\/td>\n<td>20 febbraio 2025<\/td>\n<\/tr>\n<tr>\n<td>Mulinelli<\/td>\n<td>5<\/td>\n<\/tr>\n<tr>\n<td>Righe<\/td>\n<td>3<\/td>\n<\/tr>\n<tr>\n<td>RTP<\/td>\n<td>96,15%<\/td>\n<\/tr>\n<tr>\n<td>Volatilit\u00e0<\/td>\n<td>Alto<\/td>\n<\/tr>\n<tr>\n<td>Linee di vincita<\/td>\n<td>20<\/td>\n<\/tr>\n<tr>\n<td>Vincita massima<\/td>\n<td>\u044510,000<\/td>\n<\/tr>\n<\/tbody>\n<\/table>\n<p>&nbsp;<\/p>\n<div id=\"ez-toc-container\" class=\"ez-toc-v2_0_62 counter-hierarchy ez-toc-counter ez-toc-grey ez-toc-container-direction\">\n<div class=\"ez-toc-title-container\">\n<p class=\"ez-toc-title\" >Indice dei contenuti<\/p>\n<span class=\"ez-toc-title-toggle\"><a href=\"#\" class=\"ez-toc-pull-right ez-toc-btn ez-toc-btn-xs ez-toc-btn-default ez-toc-toggle\" aria-label=\"Allinea la tabella dei contenuti\"><span class=\"ez-toc-js-icon-con\"><span class=\"\"><span class=\"eztoc-hide\" style=\"display:none;\">Toggle<\/span><span class=\"ez-toc-icon-toggle-span\"><svg style=\"fill: #999;color:#999\" xmlns=\"http:\/\/www.w3.org\/2000\/svg\" class=\"list-377408\" width=\"20px\" height=\"20px\" viewbox=\"0 0 24 24\" fill=\"none\"><path d=\"M6 6H4v2h2V6zm14 0H8v2h12V6zM4 11h2v2H4v-2zm16 0H8v2h12v-2zM4 16h2v2H4v-2zm16 0H8v2h12v-2z\" fill=\"currentColor\"><\/path><\/svg><svg style=\"fill: #999;color:#999\" class=\"arrow-unsorted-368013\" xmlns=\"http:\/\/www.w3.org\/2000\/svg\" width=\"10px\" height=\"10px\" viewbox=\"0 0 24 24\" version=\"1.2\" baseprofile=\"tiny\"><path d=\"M18.2 9.3l-6.2-6.3-6.2 6.3c-.2.2-.3.4-.3.7s.1.5.3.7c.2.2.4.3.7.3h11c.3 0 .5-.1.7-.3.2-.2.3-.5.3-.7s-.1-.5-.3-.7zM5.8 14.7l6.2 6.3 6.2-6.3c.2-.2.3-.5.3-.7s-.1-.5-.3-.7c-.2-.2-.4-.3-.7-.3h-11c-.3 0-.5.1-.7.3-.2.2-.3.5-.3.7s.1.5.3.7z\"\/><\/svg><\/span><\/span><\/span><\/a><\/span><\/div>\n<nav><ul class='ez-toc-list ez-toc-list-level-1 eztoc-toggle-hide-by-default' ><li class='ez-toc-page-1 ez-toc-heading-level-2'><a class=\"ez-toc-link ez-toc-heading-1\" href=\"https:\/\/richrocketgame.com\/it\/jungle-queen-slot\/#What_we_Know_About_the_Jungle_Queen_Game\" title=\"Cosa sappiamo del gioco Jungle Queen\">Cosa sappiamo del gioco Jungle Queen<\/a><ul class='ez-toc-list-level-3' ><li class='ez-toc-heading-level-3'><a class=\"ez-toc-link ez-toc-heading-2\" href=\"https:\/\/richrocketgame.com\/it\/jungle-queen-slot\/#Bonus_Features_of_the_Slot\" title=\"Caratteristiche bonus della slot\">Caratteristiche bonus della slot<\/a><\/li><\/ul><\/li><li class='ez-toc-page-1 ez-toc-heading-level-2'><a class=\"ez-toc-link ez-toc-heading-3\" href=\"https:\/\/richrocketgame.com\/it\/jungle-queen-slot\/#Why_play_the_Jungle_Queen_slot\" title=\"Perch\u00e9 giocare alla slot Jungle Queen?\">Perch\u00e9 giocare alla slot Jungle Queen?<\/a><\/li><li class='ez-toc-page-1 ez-toc-heading-level-2'><a class=\"ez-toc-link ez-toc-heading-4\" href=\"https:\/\/richrocketgame.com\/it\/jungle-queen-slot\/#FAQ\" title=\"FAQ\">FAQ<\/a><ul class='ez-toc-list-level-3' ><li class='ez-toc-heading-level-3'><a class=\"ez-toc-link ez-toc-heading-5\" href=\"https:\/\/richrocketgame.com\/it\/jungle-queen-slot\/#Is_there_a_jackpot_in_Jungle_Queen\" title=\"C&#039;\u00e8 un jackpot in Jungle Queen?\">C'\u00e8 un jackpot in Jungle Queen?<\/a><\/li><li class='ez-toc-page-1 ez-toc-heading-level-3'><a class=\"ez-toc-link ez-toc-heading-6\" href=\"https:\/\/richrocketgame.com\/it\/jungle-queen-slot\/#Does_BGaming_plan_to_release_Jungle_Queen_Demo\" title=\"BGaming ha in programma di rilasciare la demo di Jungle Queen?\">BGaming ha in programma di rilasciare la demo di Jungle Queen?<\/a><\/li><li class='ez-toc-page-1 ez-toc-heading-level-3'><a class=\"ez-toc-link ez-toc-heading-7\" href=\"https:\/\/richrocketgame.com\/it\/jungle-queen-slot\/#What_are_the_main_features_of_the_slot\" title=\"Quali sono le caratteristiche principali della slot?\">Quali sono le caratteristiche principali della slot?<\/a><\/li><\/ul><\/li><\/ul><\/nav><\/div>\n<h2><span class=\"ez-toc-section\" id=\"What_we_Know_About_the_Jungle_Queen_Game\"><\/span>Cosa sappiamo del gioco Jungle Queen<span class=\"ez-toc-section-end\"><\/span><\/h2>\n<p>Il gioco da casin\u00f2 Jungle Queen invita i giocatori a trovare un tesoro in una giungla misteriosa. Stilisticamente, il gioco \u00e8 in equilibrio tra temi animali e magici. Sui rulli sono presenti simboli di carte di basso livello e di animali di alto livello.<\/p>\n<p>BGaming ha fissato una vincita massima elevata di $250.000. Non ci sono ancora informazioni specifiche sull'entit\u00e0 delle scommesse, ma il provider promette che il gioco \u00e8 stato progettato per diversi budget. Se decidete di giocare a Jungle Queen, potete aspettarvi di ottenere combinazioni vincenti ogni 4-5 giri.<\/p>\n<p><a href=\"https:\/\/richrocketgame.com\/it\/go\/registration\/\" target=\"_blank\" rel=\"noreferrer noopener nofollow\"><img decoding=\"async\" class=\"aligncenter wp-image-1046\" src=\"https:\/\/richrocketgame.com\/wp-content\/uploads\/2025\/02\/jungle-queen-slot.jpg\" alt=\"Slot Jungle Queen di BGaming.\" width=\"420\" height=\"512\" srcset=\"https:\/\/richrocketgame.com\/wp-content\/uploads\/2025\/02\/jungle-queen-slot.jpg 574w, https:\/\/richrocketgame.com\/wp-content\/uploads\/2025\/02\/jungle-queen-slot-246x300.jpg 246w, https:\/\/richrocketgame.com\/wp-content\/uploads\/2025\/02\/jungle-queen-slot-10x12.jpg 10w, https:\/\/richrocketgame.com\/wp-content\/uploads\/2025\/02\/jungle-queen-slot-33x40.jpg 33w, https:\/\/richrocketgame.com\/wp-content\/uploads\/2025\/02\/jungle-queen-slot-26x32.jpg 26w, https:\/\/richrocketgame.com\/wp-content\/uploads\/2025\/02\/jungle-queen-slot-66x80.jpg 66w, https:\/\/richrocketgame.com\/wp-content\/uploads\/2025\/02\/jungle-queen-slot-111x135.jpg 111w\" sizes=\"(max-width: 420px) 100vw, 420px\" \/><\/a><\/p>\n<h3><span class=\"ez-toc-section\" id=\"Bonus_Features_of_the_Slot\"><\/span>Caratteristiche bonus della slot<span class=\"ez-toc-section-end\"><\/span><\/h3>\n<p>Il gioco prevede due tipi di simboli Wild. Oltre alla tradizionale scritta \"Wild\", le farfalle possono comparire sui rulli, sostituendo qualsiasi altro simbolo tranne quelli speciali. In questo caso, \u00e8 essenziale tenere d'occhio il pannello sopra i rulli, che mostra i simboli in cui le farfalle non si trasformano in quell'estrazione.<\/p>\n<p>Altre funzioni bonus di Jungle Queen online promettono profitti ancora maggiori:<\/p>\n<ul>\n<li>Giri gratis. Raccogliete una combinazione di 3 scatter per ottenere il diritto a 12 giri gratuiti dei rulli.<\/li>\n<li>Farfalle mistiche. Durante i giri gratuiti \u00e8 attivo un moltiplicatore. Raccogliendo un certo numero di farfalle, si aumenta il moltiplicatore di 1, si rimuove il simbolo meno pagato dai rulli e si ottengono altri tre giri gratuiti.<\/li>\n<li>Monete d'oro della regina. Questi simboli speciali possono comparire in qualsiasi momento e assegnare premi istantanei fino a 2.500 volte la puntata.<\/li>\n<\/ul>\n<p>BGaming ha aggiunto una funzione Bonus Buy a Jungle Queen, che consente ai giocatori di acquistare l'ingresso al round di giri gratuiti per x100 della puntata. Questo vi permetter\u00e0 di entrare direttamente nella parte pi\u00f9 interessante del gioco.<\/p>\n<div style=\"text-align: center;\"><a class=\"glow-button\" href=\"\/it\/go\/registration\/\">Prova Jungle Queen<\/a><\/div>\n<h2><span class=\"ez-toc-section\" id=\"Why_play_the_Jungle_Queen_slot\"><\/span>Perch\u00e9 giocare alla slot Jungle Queen?<span class=\"ez-toc-section-end\"><\/span><\/h2>\n<p>Il gioco merita attenzione per diversi motivi:<\/p><script data-noptimize=\"\" data-wpfc-render=\"false\">\n\/* <![CDATA[ *\/\nfpm_start( \"true\" );\n\/* ]]> *\/\n<\/script>\n\n<ul>\n<li>Vincite massime eccellenti. La puntata pu\u00f2 aumentare di 10.000 volte in una sola estrazione.<\/li>\n<li>Funzione Moneta d'oro. Una moneta con un valore di x2.500 della puntata pu\u00f2 apparire sul campo di gioco in qualsiasi momento.<\/li>\n<li>Giri gratis. Il round bonus presenta caratteristiche aggiuntive che aumentano le possibilit\u00e0 di vincita.<\/li>\n<li>Design e stile. Anche se il tema non \u00e8 nuovo, BGaming ha creato un'atmosfera coinvolgente in cui ci si vuole immergere.<\/li>\n<\/ul>\n<p>Segnate sul calendario la data di uscita di Jungle Queen e siate tra i primi a provarlo al casin\u00f2.<\/p>\n<p><a href=\"https:\/\/richrocketgame.com\/it\/go\/registration\/\" target=\"_blank\" rel=\"noreferrer noopener nofollow\"><img decoding=\"async\" class=\"aligncenter wp-image-1053 size-full\" src=\"https:\/\/richrocketgame.com\/wp-content\/uploads\/2025\/02\/jungle-queen-casino-game.jpg\" alt=\"Gioco da casin\u00f2 Jungle Queen.\" width=\"992\" height=\"629\" srcset=\"https:\/\/richrocketgame.com\/wp-content\/uploads\/2025\/02\/jungle-queen-casino-game.jpg 992w, https:\/\/richrocketgame.com\/wp-content\/uploads\/2025\/02\/jungle-queen-casino-game-300x190.jpg 300w, https:\/\/richrocketgame.com\/wp-content\/uploads\/2025\/02\/jungle-queen-casino-game-768x487.jpg 768w, https:\/\/richrocketgame.com\/wp-content\/uploads\/2025\/02\/jungle-queen-casino-game-18x12.jpg 18w, https:\/\/richrocketgame.com\/wp-content\/uploads\/2025\/02\/jungle-queen-casino-game-63x40.jpg 63w, https:\/\/richrocketgame.com\/wp-content\/uploads\/2025\/02\/jungle-queen-casino-game-50x32.jpg 50w, https:\/\/richrocketgame.com\/wp-content\/uploads\/2025\/02\/jungle-queen-casino-game-126x80.jpg 126w, https:\/\/richrocketgame.com\/wp-content\/uploads\/2025\/02\/jungle-queen-casino-game-213x135.jpg 213w\" sizes=\"(max-width: 992px) 100vw, 992px\" \/><\/a><\/p>\n<h2><span class=\"ez-toc-section\" id=\"FAQ\"><\/span>FAQ<span class=\"ez-toc-section-end\"><\/span><\/h2>\n        <section class=\"sc_fs_faq sc_card\">\n            <div>\n\t\t\t\t<h3><span class=\"ez-toc-section\" id=\"Is_there_a_jackpot_in_Jungle_Queen\"><\/span>C'\u00e8 un jackpot in Jungle Queen?<span class=\"ez-toc-section-end\"><\/span><\/h3>                <div>\n\t\t\t\t\t                    <p>\n\t\t\t\t\t\tNo, il provider non ha previsto un jackpot in Jungle Queen. Tuttavia, le vincite massime della slot sono abbastanza grandi da soddisfare la sete di emozioni della maggior parte dei giocatori.                    <\/p>\n                <\/div>\n            <\/div>\n        <\/section>\n\t\t        <section class=\"sc_fs_faq sc_card\">\n            <div>\n\t\t\t\t<h3><span class=\"ez-toc-section\" id=\"Does_BGaming_plan_to_release_Jungle_Queen_Demo\"><\/span>BGaming ha in programma di rilasciare la demo di Jungle Queen?<span class=\"ez-toc-section-end\"><\/span><\/h3>                <div>\n\t\t\t\t\t                    <p>\n\t\t\t\t\t\tS\u00ec, la versione gratuita di Jungle Queen apparir\u00e0 contemporaneamente al gioco a denaro reale. \u00c8 possibile provare la novit\u00e0 nel casin\u00f2 e sul sito web del provider.                    <\/p>\n                <\/div>\n            <\/div>\n        <\/section>\n\t\t        <section class=\"sc_fs_faq sc_card\">\n            <div>\n\t\t\t\t<h3><span class=\"ez-toc-section\" id=\"What_are_the_main_features_of_the_slot\"><\/span>Quali sono le caratteristiche principali della slot?<span class=\"ez-toc-section-end\"><\/span><\/h3>                <div>\n\t\t\t\t\t                    <p>\n\t\t\t\t\t\tIl simbolo della farfalla pu\u00f2 sostituire qualsiasi altro simbolo sul campo di gioco. Inoltre, il gioco offre un giro di giri gratuiti e monete reali che possono portare istantaneamente x2.500 della puntata.                    <\/p>\n                <\/div>\n            <\/div>\n        <\/section>\n\t\t\n<script type=\"application\/ld+json\">{\n    \"@context\": \"https:\\\/\\\/schema.org\",\n    \"@type\": \"FAQPage\",\n    \"mainEntity\": [\n        {\n            \"@type\": \"Question\",\n            \"name\": \"Is there a jackpot in Jungle Queen?\",\n            \"acceptedAnswer\": {\n                \"@type\": \"Answer\",\n                \"text\": \"No, the provider has not provided a jackpot in Jungle Queen. However, the maximum winnings in the slot are big enough to satisfy most players' thirst for excitement.\"\n            }\n        },\n        {\n            \"@type\": \"Question\",\n            \"name\": \"Does BGaming plan to release Jungle Queen Demo?\",\n            \"acceptedAnswer\": {\n                \"@type\": \"Answer\",\n                \"text\": \"Yes, the free version of Jungle Queen will appear simultaneously as the real money game. You can try out the novelty in the casino and on the provider's website.\"\n            }\n        },\n        {\n            \"@type\": \"Question\",\n            \"name\": \"What are the main features of the slot?\",\n            \"acceptedAnswer\": {\n                \"@type\": \"Answer\",\n                \"text\": \"The butterfly symbol can substitute for any other symbol on the playing field. In addition, the game offers a round of free spins and royal coins that can instantly bring x2,500 of the bet.\"\n            }\n        }\n    ]\n}<\/script>\n\n<div class=\"fpm_end\"><\/div>\n<div class=\"author-card author-card--top\"><img alt='Foto avatar' src='https:\/\/richrocketgame.com\/wp-content\/uploads\/2023\/03\/Paulo-Dornelas-130x130.jpg' srcset='https:\/\/richrocketgame.com\/wp-content\/uploads\/2023\/03\/Paulo-Dornelas-260x260.jpg 2x' class='avatar avatar-130 photo author-image' height='130' width='130' \/><div class=\"author-content text-md-center\"><span class=\"author-title\">Autore<\/span><a href=\"https:\/\/richrocketgame.com\/it\/author\/paulo-dornelas\/\" class=\"author-name\">Paulo Dornelas<\/a><p class=\"author__details\">Paulo Dornelas \u00e8 un esperto di gioco d'azzardo che ha dedicato la sua vita a comprendere il settore e ad aiutare gli altri a guadagnarci. \u00c8 anche un appassionato viaggiatore e ama esplorare nuovi luoghi. La sua conoscenza del gioco d'azzardo e la sua passione per i viaggi lo rendono la guida perfetta per chiunque voglia ottenere profitti seri dalle scommesse sportive o dai giochi di casin\u00f2.<\/p><\/div><!-- \/.author-content --><\/div>","protected":false},"excerpt":{"rendered":"<p>La slot Jungle Queen, la cui uscita \u00e8 prevista per il 20 febbraio 2025, porter\u00e0 i giocatori nel dominio della regina della foresta pluviale. Un'accoglienza ospitale vi attende su un campo di gioco 5\u00d73 con 20 linee di pagamento. I giocatori fortunati che accontentano la regina possono vincere x10.000. Jungle Queen di BGaming ha quattro funzioni bonus che rendono [...]<\/p>","protected":false},"author":2,"featured_media":0,"parent":0,"menu_order":0,"comment_status":"closed","ping_status":"closed","template":"page-no-sidebar.php","meta":{"footnotes":""},"class_list":["post-1039","page","type-page","status-publish","hentry"],"yoast_head":"<!-- This site is optimized with the Yoast SEO plugin v26.7 - https:\/\/yoast.com\/wordpress\/plugins\/seo\/ -->\n<title>Jungle Queen Slot (BGaming) Demo - RTP, Paytable and Volatility<\/title>\n<meta name=\"description\" content=\"Get ready for the release of Jungle Queen from BGaming. Learn more about the slot in our review. Key parameters of the Jungle Queen game.\" \/>\n<meta name=\"robots\" content=\"index, follow, max-snippet:-1, max-image-preview:large, max-video-preview:-1\" \/>\n<link rel=\"canonical\" href=\"https:\/\/richrocketgame.com\/it\/jungle-queen-slot\/\" \/>\n<meta property=\"og:locale\" content=\"it_IT\" \/>\n<meta property=\"og:type\" content=\"article\" \/>\n<meta property=\"og:title\" content=\"Jungle Queen Slot (BGaming) Demo - RTP, Paytable and Volatility\" \/>\n<meta property=\"og:description\" content=\"Get ready for the release of Jungle Queen from BGaming. Learn more about the slot in our review. Key parameters of the Jungle Queen game.\" \/>\n<meta property=\"og:url\" content=\"https:\/\/richrocketgame.com\/it\/jungle-queen-slot\/\" \/>\n<meta property=\"og:site_name\" content=\"Rich Rocket Game\" \/>\n<meta property=\"article:modified_time\" content=\"2025-08-01T08:18:06+00:00\" \/>\n<meta property=\"og:image\" content=\"https:\/\/richrocketgame.com\/wp-content\/uploads\/2025\/02\/jungle-queen-slot.jpg\" \/>\n<meta name=\"twitter:card\" content=\"summary_large_image\" \/>\n<meta name=\"twitter:label1\" content=\"Tempo di lettura stimato\" \/>\n\t<meta name=\"twitter:data1\" content=\"4 minuti\" \/>\n<!-- \/ Yoast SEO plugin. -->","yoast_head_json":{"title":"Demo della slot Jungle Queen (BGaming) - RTP, tabella dei pagamenti e volatilit\u00e0","description":"Preparatevi all'uscita di Jungle Queen di BGaming. Scoprite di pi\u00f9 sulla slot nella nostra recensione. Parametri chiave del gioco Jungle Queen.","robots":{"index":"index","follow":"follow","max-snippet":"max-snippet:-1","max-image-preview":"max-image-preview:large","max-video-preview":"max-video-preview:-1"},"canonical":"https:\/\/richrocketgame.com\/it\/jungle-queen-slot\/","og_locale":"it_IT","og_type":"article","og_title":"Jungle Queen Slot (BGaming) Demo - RTP, Paytable and Volatility","og_description":"Get ready for the release of Jungle Queen from BGaming. Learn more about the slot in our review. Key parameters of the Jungle Queen game.","og_url":"https:\/\/richrocketgame.com\/it\/jungle-queen-slot\/","og_site_name":"Rich Rocket Game","article_modified_time":"2025-08-01T08:18:06+00:00","og_image":[{"url":"https:\/\/richrocketgame.com\/wp-content\/uploads\/2025\/02\/jungle-queen-slot.jpg","type":"","width":"","height":""}],"twitter_card":"summary_large_image","twitter_misc":{"Tempo di lettura stimato":"4 minuti"},"schema":{"@context":"https:\/\/schema.org","@graph":[{"@type":"WebPage","@id":"https:\/\/richrocketgame.com\/jungle-queen-slot\/","url":"https:\/\/richrocketgame.com\/jungle-queen-slot\/","name":"Demo della slot Jungle Queen (BGaming) - RTP, tabella dei pagamenti e volatilit\u00e0","isPartOf":{"@id":"https:\/\/richrocketgame.com\/#website"},"primaryImageOfPage":{"@id":"https:\/\/richrocketgame.com\/jungle-queen-slot\/#primaryimage"},"image":{"@id":"https:\/\/richrocketgame.com\/jungle-queen-slot\/#primaryimage"},"thumbnailUrl":"https:\/\/richrocketgame.com\/wp-content\/uploads\/2025\/02\/jungle-queen-slot.jpg","datePublished":"2025-02-11T15:44:02+00:00","dateModified":"2025-08-01T08:18:06+00:00","description":"Preparatevi all'uscita di Jungle Queen di BGaming. Scoprite di pi\u00f9 sulla slot nella nostra recensione. Parametri chiave del gioco Jungle Queen.","breadcrumb":{"@id":"https:\/\/richrocketgame.com\/jungle-queen-slot\/#breadcrumb"},"inLanguage":"it-IT","potentialAction":[{"@type":"ReadAction","target":["https:\/\/richrocketgame.com\/jungle-queen-slot\/"]}]},{"@type":"ImageObject","inLanguage":"it-IT","@id":"https:\/\/richrocketgame.com\/jungle-queen-slot\/#primaryimage","url":"https:\/\/richrocketgame.com\/wp-content\/uploads\/2025\/02\/jungle-queen-slot.jpg","contentUrl":"https:\/\/richrocketgame.com\/wp-content\/uploads\/2025\/02\/jungle-queen-slot.jpg"},{"@type":"BreadcrumbList","@id":"https:\/\/richrocketgame.com\/jungle-queen-slot\/#breadcrumb","itemListElement":[{"@type":"ListItem","position":1,"name":"\u0413\u043b\u0430\u0432\u043d\u0430\u044f \u0441\u0442\u0440\u0430\u043d\u0438\u0446\u0430","item":"https:\/\/richrocketgame.com\/"},{"@type":"ListItem","position":2,"name":"Jungle Queen Slot Demo"}]},{"@type":"WebSite","@id":"https:\/\/richrocketgame.com\/#website","url":"https:\/\/richrocketgame.com\/","name":"Gioco Rich Rocket","description":"","publisher":{"@id":"https:\/\/richrocketgame.com\/#organization"},"potentialAction":[{"@type":"SearchAction","target":{"@type":"EntryPoint","urlTemplate":"https:\/\/richrocketgame.com\/?s={search_term_string}"},"query-input":{"@type":"PropertyValueSpecification","valueRequired":true,"valueName":"search_term_string"}}],"inLanguage":"it-IT"},{"@type":"Organization","@id":"https:\/\/richrocketgame.com\/#organization","name":"Gioco Rich Rocket","url":"https:\/\/richrocketgame.com\/","logo":{"@type":"ImageObject","inLanguage":"it-IT","@id":"https:\/\/richrocketgame.com\/#\/schema\/logo\/image\/","url":"https:\/\/richrocketgame.com\/wp-content\/uploads\/2022\/09\/Rich-Rocket-earning-app.png","contentUrl":"https:\/\/richrocketgame.com\/wp-content\/uploads\/2022\/09\/Rich-Rocket-earning-app.png","width":512,"height":512,"caption":"Rich Rocket Game"},"image":{"@id":"https:\/\/richrocketgame.com\/#\/schema\/logo\/image\/"}}]}},"_links":{"self":[{"href":"https:\/\/richrocketgame.com\/it\/wp-json\/wp\/v2\/pages\/1039","targetHints":{"allow":["GET"]}}],"collection":[{"href":"https:\/\/richrocketgame.com\/it\/wp-json\/wp\/v2\/pages"}],"about":[{"href":"https:\/\/richrocketgame.com\/it\/wp-json\/wp\/v2\/types\/page"}],"author":[{"embeddable":true,"href":"https:\/\/richrocketgame.com\/it\/wp-json\/wp\/v2\/users\/2"}],"replies":[{"embeddable":true,"href":"https:\/\/richrocketgame.com\/it\/wp-json\/wp\/v2\/comments?post=1039"}],"version-history":[{"count":0,"href":"https:\/\/richrocketgame.com\/it\/wp-json\/wp\/v2\/pages\/1039\/revisions"}],"wp:attachment":[{"href":"https:\/\/richrocketgame.com\/it\/wp-json\/wp\/v2\/media?parent=1039"}],"curies":[{"name":"parola chiave","href":"https:\/\/api.w.org\/{rel}","templated":true}]}}