{"id":35,"date":"2022-09-01T18:01:28","date_gmt":"2022-09-01T15:01:28","guid":{"rendered":"https:\/\/richrocketgame.com\/?page_id=35"},"modified":"2024-12-27T14:14:09","modified_gmt":"2024-12-27T11:14:09","slug":"rich-rocket-app","status":"publish","type":"page","link":"https:\/\/richrocketgame.com\/fr\/rich-rocket-app\/","title":{"rendered":"T\u00e9l\u00e9charger l'application Rich Rocket pour les appareils mobiles"},"content":{"rendered":"<div class=\"fpm_start\"><\/div>\n<div style=\"text-align: center;\"><a class=\"glow-button\" href=\"\/fr\/go\/registration\/\">Jouez \u00e0 l&#039;application Rich Rocket \ud83d\udcf1<\/a><\/div>\n<div id=\"attachment_36\" style=\"width: 994px\" class=\"wp-caption aligncenter\"><a href=\"https:\/\/richrocketgame.com\/fr\/go\/registration\/\"><img decoding=\"async\" aria-describedby=\"caption-attachment-36\" class=\"wp-image-36 size-large\" title=\"Rich Rocket t\u00e9l\u00e9chargement de t\u00e9l\u00e9chargement de jeu\" src=\"https:\/\/richrocketgame.com\/wp-content\/uploads\/2022\/09\/Rich-Rocket-Game-Download-1024x442.jpg\" alt=\"Rich Rocket t\u00e9l\u00e9chargement de t\u00e9l\u00e9chargement de jeu\" width=\"994\" height=\"429\" srcset=\"https:\/\/richrocketgame.com\/wp-content\/uploads\/2022\/09\/Rich-Rocket-Game-Download-1024x442.jpg 1024w, https:\/\/richrocketgame.com\/wp-content\/uploads\/2022\/09\/Rich-Rocket-Game-Download-300x129.jpg 300w, https:\/\/richrocketgame.com\/wp-content\/uploads\/2022\/09\/Rich-Rocket-Game-Download-768x331.jpg 768w, https:\/\/richrocketgame.com\/wp-content\/uploads\/2022\/09\/Rich-Rocket-Game-Download-93x40.jpg 93w, https:\/\/richrocketgame.com\/wp-content\/uploads\/2022\/09\/Rich-Rocket-Game-Download-1170x505.jpg 1170w, https:\/\/richrocketgame.com\/wp-content\/uploads\/2022\/09\/Rich-Rocket-Game-Download-74x32.jpg 74w, https:\/\/richrocketgame.com\/wp-content\/uploads\/2022\/09\/Rich-Rocket-Game-Download-186x80.jpg 186w, https:\/\/richrocketgame.com\/wp-content\/uploads\/2022\/09\/Rich-Rocket-Game-Download-313x135.jpg 313w, https:\/\/richrocketgame.com\/wp-content\/uploads\/2022\/09\/Rich-Rocket-Game-Download.jpg 1484w\" sizes=\"(max-width: 994px) 100vw, 994px\" \/><\/a><p id=\"caption-attachment-36\" class=\"wp-caption-text\">Rich Rocket t\u00e9l\u00e9chargement de t\u00e9l\u00e9chargement de jeu<\/p><\/div>\n<p>Avec ses tirages rapides, le\u00a0<a href=\"https:\/\/richrocketgame.com\/fr\/\">Jeu Rich Rocket<\/a>\u00a0est id\u00e9al pour les appareils mobiles. Un joueur peut placer un pari \u00e0 tout moment : pendant une pause au travail, dans les transports en commun ou au restaurant. L'application Rocket crash earning vous permet d'augmenter votre bankroll plusieurs fois en seulement quelques minutes et de continuer vos activit\u00e9s quotidiennes.<\/p>\n<p>La machine \u00e0 sous est incluse dans le portefeuille des plus grands casinos, il ne sera donc pas difficile de la trouver. Choisissez les bonus les plus appropri\u00e9s et t\u00e9l\u00e9chargez le jeu Rich Rocket pour acc\u00e9der \u00e0 des gains importants. Vous serez peut-\u00eatre celui qui atteindra le multiplicateur de 1000x.<\/p>\n<div id=\"ez-toc-container\" class=\"ez-toc-v2_0_62 counter-hierarchy ez-toc-counter ez-toc-grey ez-toc-container-direction\">\n<div class=\"ez-toc-title-container\">\n<p class=\"ez-toc-title\" >Table des mati\u00e8res<\/p>\n<span class=\"ez-toc-title-toggle\"><a href=\"#\" class=\"ez-toc-pull-right ez-toc-btn ez-toc-btn-xs ez-toc-btn-default ez-toc-toggle\" aria-label=\"Basculer la table des mati\u00e8res\"><span class=\"ez-toc-js-icon-con\"><span class=\"\"><span class=\"eztoc-hide\" style=\"display:none;\">Basculer<\/span><span class=\"ez-toc-icon-toggle-span\"><svg style=\"fill: #999;color:#999\" xmlns=\"http:\/\/www.w3.org\/2000\/svg\" class=\"list-377408\" width=\"20px\" height=\"20px\" viewbox=\"0 0 24 24\" fill=\"none\"><path d=\"M6 6H4v2h2V6zm14 0H8v2h12V6zM4 11h2v2H4v-2zm16 0H8v2h12v-2zM4 16h2v2H4v-2zm16 0H8v2h12v-2z\" fill=\"currentColor\"><\/path><\/svg><svg style=\"fill: #999;color:#999\" class=\"arrow-unsorted-368013\" xmlns=\"http:\/\/www.w3.org\/2000\/svg\" width=\"10px\" height=\"10px\" viewbox=\"0 0 24 24\" version=\"1.2\" baseprofile=\"tiny\"><path d=\"M18.2 9.3l-6.2-6.3-6.2 6.3c-.2.2-.3.4-.3.7s.1.5.3.7c.2.2.4.3.7.3h11c.3 0 .5-.1.7-.3.2-.2.3-.5.3-.7s-.1-.5-.3-.7zM5.8 14.7l6.2 6.3 6.2-6.3c.2-.2.3-.5.3-.7s-.1-.5-.3-.7c-.2-.2-.4-.3-.7-.3h-11c-.3 0-.5.1-.7.3-.2.2-.3.5-.3.7s.1.5.3.7z\"\/><\/svg><\/span><\/span><\/span><\/a><\/span><\/div>\n<nav><ul class='ez-toc-list ez-toc-list-level-1 eztoc-toggle-hide-by-default' ><li class='ez-toc-page-1 ez-toc-heading-level-2'><a class=\"ez-toc-link ez-toc-heading-1\" href=\"https:\/\/richrocketgame.com\/fr\/rich-rocket-app\/#Where_can_you_find_the_Rich_Rocket_App\" title=\"O\u00f9 trouver l&#039;application Rich Rocket ?\">O\u00f9 trouver l'application Rich Rocket ?<\/a><\/li><li class='ez-toc-page-1 ez-toc-heading-level-2'><a class=\"ez-toc-link ez-toc-heading-2\" href=\"https:\/\/richrocketgame.com\/fr\/rich-rocket-app\/#How_to_download_and_install_Rocket_Crash_Earning_App\" title=\"Comment t\u00e9l\u00e9charger et installer l&#039;application Rocket Crash Earning ?\">Comment t\u00e9l\u00e9charger et installer l'application Rocket Crash Earning ?<\/a><ul class='ez-toc-list-level-3' ><li class='ez-toc-heading-level-3'><a class=\"ez-toc-link ez-toc-heading-3\" href=\"https:\/\/richrocketgame.com\/fr\/rich-rocket-app\/#What_devices_can_I_install_the_app_on\" title=\"Sur quels appareils puis-je installer l&#039;application ?\">Sur quels appareils puis-je installer l'application ?<\/a><\/li><\/ul><\/li><li class='ez-toc-page-1 ez-toc-heading-level-2'><a class=\"ez-toc-link ez-toc-heading-4\" href=\"https:\/\/richrocketgame.com\/fr\/rich-rocket-app\/#Conclusion\" title=\"Conclusion\">Conclusion<\/a><\/li><li class='ez-toc-page-1 ez-toc-heading-level-2'><a class=\"ez-toc-link ez-toc-heading-5\" href=\"https:\/\/richrocketgame.com\/fr\/rich-rocket-app\/#FAQ\" title=\"FAQ\">FAQ<\/a><ul class='ez-toc-list-level-3' ><li class='ez-toc-heading-level-3'><a class=\"ez-toc-link ez-toc-heading-6\" href=\"https:\/\/richrocketgame.com\/fr\/rich-rocket-app\/#Are_there_any_bonuses_for_those_who_play_mobile_Rich_Rocket\" title=\"Existe-t-il des bonus pour ceux qui jouent au Rich Rocket mobile ?\">Existe-t-il des bonus pour ceux qui jouent au Rich Rocket mobile ?<\/a><\/li><li class='ez-toc-page-1 ez-toc-heading-level-3'><a class=\"ez-toc-link ez-toc-heading-7\" href=\"https:\/\/richrocketgame.com\/fr\/rich-rocket-app\/#How_safe_are_cash_rocket_app_transactions\" title=\"Quel est le degr\u00e9 de s\u00e9curit\u00e9 des transactions effectu\u00e9es \u00e0 l&#039;aide de l&#039;application &quot;Cash Rocket&quot; ?\">Quel est le degr\u00e9 de s\u00e9curit\u00e9 des transactions effectu\u00e9es \u00e0 l'aide de l'application \"Cash Rocket\" ?<\/a><\/li><li class='ez-toc-page-1 ez-toc-heading-level-3'><a class=\"ez-toc-link ez-toc-heading-8\" href=\"https:\/\/richrocketgame.com\/fr\/rich-rocket-app\/#Are_there_any_differences_in_gameplay_between_the_desktop_and_mobile_versions_of_the_game\" title=\"Y a-t-il des diff\u00e9rences de gameplay entre les versions desktop et mobile du jeu ?\">Y a-t-il des diff\u00e9rences de gameplay entre les versions desktop et mobile du jeu ?<\/a><\/li><\/ul><\/li><\/ul><\/nav><\/div>\n<h2><span class=\"ez-toc-section\" id=\"Where_can_you_find_the_Rich_Rocket_App\"><\/span>O\u00f9 trouver l'application Rich Rocket ?<span class=\"ez-toc-section-end\"><\/span><\/h2>\n<p>Pour jouer sans risque, rendez-vous sur l'App Store ou Google Play et tapez \"Rich Rocket\". Vous aurez le choix entre des dizaines d'applications aux designs diff\u00e9rents, mais vous ne pourrez gagner de l'argent dans aucune d'entre elles. C'est un excellent moyen de vous familiariser avec les principes de base du jeu.<\/p>\n<p>Pour installer l'application de gain du jeu rocket crash, vous devez vous rendre directement sur le casino s\u00e9lectionn\u00e9. Trouvez un lien pour t\u00e9l\u00e9charger le fichier APK et suivez les instructions de la plateforme. L'installation prend quelques minutes, mais vous pouvez ensuite acc\u00e9der \u00e0 plusieurs centaines de jeux, dont Rich Rocket.<\/p>\n<p>Il est important de noter que tous les casinos ne permettent pas de t\u00e9l\u00e9charger l'application cash rocket. Certaines plateformes disposent d'une version mobile optimis\u00e9e du site et n'ont pas d\u00e9velopp\u00e9 de programmes sp\u00e9ciaux pour iOS ou Android. Dans ce cas, pour plus de commodit\u00e9, il est int\u00e9ressant d'ajouter un lien vers le site sur l'\u00e9cran d'accueil, ce qui vous permettra d'acc\u00e9der au jeu le plus rapidement possible.<\/p>\n<div id=\"attachment_37\" style=\"width: 994px\" class=\"wp-caption aligncenter\"><a href=\"https:\/\/richrocketgame.com\/fr\/go\/registration\/\"><img decoding=\"async\" aria-describedby=\"caption-attachment-37\" class=\"wp-image-37 size-large\" title=\"Rich Rocket bot\" src=\"https:\/\/richrocketgame.com\/wp-content\/uploads\/2022\/09\/Rich-Rocket-App-1024x594.jpg\" alt=\"Rich Rocket bot\" width=\"994\" height=\"577\" srcset=\"https:\/\/richrocketgame.com\/wp-content\/uploads\/2022\/09\/Rich-Rocket-App-1024x594.jpg 1024w, https:\/\/richrocketgame.com\/wp-content\/uploads\/2022\/09\/Rich-Rocket-App-300x174.jpg 300w, https:\/\/richrocketgame.com\/wp-content\/uploads\/2022\/09\/Rich-Rocket-App-768x446.jpg 768w, https:\/\/richrocketgame.com\/wp-content\/uploads\/2022\/09\/Rich-Rocket-App-69x40.jpg 69w, https:\/\/richrocketgame.com\/wp-content\/uploads\/2022\/09\/Rich-Rocket-App-55x32.jpg 55w, https:\/\/richrocketgame.com\/wp-content\/uploads\/2022\/09\/Rich-Rocket-App-138x80.jpg 138w, https:\/\/richrocketgame.com\/wp-content\/uploads\/2022\/09\/Rich-Rocket-App-233x135.jpg 233w, https:\/\/richrocketgame.com\/wp-content\/uploads\/2022\/09\/Rich-Rocket-App.jpg 1105w\" sizes=\"(max-width: 994px) 100vw, 994px\" \/><\/a><p id=\"caption-attachment-37\" class=\"wp-caption-text\">Rich Rocket bot<\/p><\/div>\n<div style=\"text-align: center;\"><a class=\"glow-button\" href=\"\/fr\/go\/registration\/\">\ud83d\ude80 Jouez au jeu Rich Rocket<\/a><\/div>\n<h2><span class=\"ez-toc-section\" id=\"How_to_download_and_install_Rocket_Crash_Earning_App\"><\/span>Comment t\u00e9l\u00e9charger et installer l'application Rocket Crash Earning ?<span class=\"ez-toc-section-end\"><\/span><\/h2>\n<p>Avant tout, explorez toutes les offres de bonus du casino. Choisissez un programme de fid\u00e9lit\u00e9 adapt\u00e9 \u00e0 votre style de jeu et \u00e0 votre budget. Une fois que vous avez pris votre d\u00e9cision, rendez-vous sur le site Web et suivez les instructions :<\/p>\n<ul>\n<li>Autoriser l'installation d'applications \u00e0 partir de sources inconnues, ce qui permet d'utiliser des applications t\u00e9l\u00e9charg\u00e9es \u00e0 partir de sources autres que Google Play.<\/li>\n<li>T\u00e9l\u00e9chargez le jeu rocket crash en argent r\u00e9el depuis le site du casino. Pour acc\u00e9der \u00e0 une plateforme de jeu v\u00e9rifi\u00e9e dans votre r\u00e9gion, il vous suffit de cliquer sur le lien de cette page.<\/li>\n<li>Ouvrez le dossier dans lequel le fichier APK est enregistr\u00e9 et cliquez dessus pour lancer l'installation.<\/li>\n<\/ul>\n<p>Apr\u00e8s avoir install\u00e9 une application de gain de fus\u00e9es, n'oubliez pas de r\u00e9activer l'interdiction d'installer des programmes provenant de sources inconnues afin de prot\u00e9ger votre appareil. Vous pouvez maintenant profiter du jeu et gagner de l'argent au moment qui vous convient le mieux.<\/p>\n<div style=\"text-align: center;\"><a class=\"glow-button\" href=\"\/fr\/go\/registration\/\">Commencez \u00e0 jouer au jeu Rich Rocket \ud83d\ude80<\/a><\/div>\n<h3><span class=\"ez-toc-section\" id=\"What_devices_can_I_install_the_app_on\"><\/span>Sur quels appareils puis-je installer l'application ?<span class=\"ez-toc-section-end\"><\/span><\/h3>\n<p>Les applications de casino modernes sont adapt\u00e9es aux appareils iOS et Android. Pour cela, il n'est pas n\u00e9cessaire de poss\u00e9der des mod\u00e8les phares ou nouveaux. Une bonne optimisation vous permet de jouer m\u00eame sur des smartphones sortis il y a quelques ann\u00e9es.<\/p>\n<p>Comme le montre l'\u00e9tude, les caract\u00e9ristiques suivantes suffisent pour installer une application de fus\u00e9e :<\/p><script data-noptimize=\"\" data-wpfc-render=\"false\">\n\/* <![CDATA[ *\/\nfpm_start( \"true\" );\n\/* ]]> *\/\n<\/script>\n\n<table>\n<tbody>\n<tr>\n<td>Fr\u00e9quence d'horloge de l'unit\u00e9 centrale<\/td>\n<td>A partir de 1,5 MHz<\/td>\n<\/tr>\n<tr>\n<td>Nombre de c\u0153urs de processeur<\/td>\n<td>A partir de 2<\/td>\n<\/tr>\n<tr>\n<td>RAM<\/td>\n<td>2 Go ou plus<\/td>\n<\/tr>\n<tr>\n<td>M\u00e9moire libre<\/td>\n<td>80 \u00e0 400 MB<\/td>\n<\/tr>\n<\/tbody>\n<\/table>\n<p>Si vous pr\u00e9voyez de passer plus d'une heure par jour \u00e0 jouer, il est pr\u00e9f\u00e9rable de choisir des mod\u00e8les dot\u00e9s d'une batterie d'une capacit\u00e9 de 1800 mAh. Vous pourrez ainsi vous consacrer \u00e0 des activit\u00e9s de loisir sans avoir \u00e0 recharger fr\u00e9quemment l'appareil.<\/p>\n<h2><span class=\"ez-toc-section\" id=\"Conclusion\"><\/span>Conclusion<span class=\"ez-toc-section-end\"><\/span><\/h2>\n<p>Pour les joueurs qui pr\u00e9f\u00e8rent profiter de chaque chance de gagner, il vaut la peine de t\u00e9l\u00e9charger Rocket Crash Game pour de l'argent r\u00e9el. Une telle application vous permet de parier sans vous distraire de choses plus importantes ou de passer quelques minutes \u00e0 attendre avec de bonnes chances de reconstituer votre budget. L'application Rich Rocket poss\u00e8de une interface conviviale et permet de d\u00e9poser et de retirer de l'argent rapidement. Son t\u00e9l\u00e9chargement \u00e9tant gratuit, il n'y a aucune raison de ne pas l'essayer d\u00e8s aujourd'hui.<\/p>\n<h2><span class=\"ez-toc-section\" id=\"FAQ\"><\/span>FAQ<span class=\"ez-toc-section-end\"><\/span><\/h2>\n        <section class=\"sc_fs_faq sc_card\">\n            <div>\n\t\t\t\t<h3><span class=\"ez-toc-section\" id=\"Are_there_any_bonuses_for_those_who_play_mobile_Rich_Rocket\"><\/span>Existe-t-il des bonus pour ceux qui jouent au Rich Rocket mobile ?<span class=\"ez-toc-section-end\"><\/span><\/h3>                <div>\n\t\t\t\t\t                    <p>\n\t\t\t\t\t\tDe nombreux casinos offrent des bonus exclusifs aux utilisateurs de l'application. Trouvez la bonne plateforme ou utilisez nos recommandations.                    <\/p>\n                <\/div>\n            <\/div>\n        <\/section>\n\t\t        <section class=\"sc_fs_faq sc_card\">\n            <div>\n\t\t\t\t<h3><span class=\"ez-toc-section\" id=\"How_safe_are_cash_rocket_app_transactions\"><\/span>Quel est le degr\u00e9 de s\u00e9curit\u00e9 des transactions effectu\u00e9es \u00e0 l'aide de l'application \"Cash Rocket\" ?<span class=\"ez-toc-section-end\"><\/span><\/h3>                <div>\n\t\t\t\t\t                    <p>\n\t\t\t\t\t\tLes casinos agr\u00e9\u00e9s offrent une s\u00e9curit\u00e9 maximale aux utilisateurs lorsqu'ils effectuent des d\u00e9p\u00f4ts et des retraits. Toutes les informations relatives aux paiements sont crypt\u00e9es \u00e0 l'aide de cl\u00e9s SSL.                    <\/p>\n                <\/div>\n            <\/div>\n        <\/section>\n\t\t        <section class=\"sc_fs_faq sc_card\">\n            <div>\n\t\t\t\t<h3><span class=\"ez-toc-section\" id=\"Are_there_any_differences_in_gameplay_between_the_desktop_and_mobile_versions_of_the_game\"><\/span>Y a-t-il des diff\u00e9rences de gameplay entre les versions desktop et mobile du jeu ?<span class=\"ez-toc-section-end\"><\/span><\/h3>                <div>\n\t\t\t\t\t                    <p>\n\t\t\t\t\t\tLe gameplay et les chances de gagner sont les m\u00eames sur tous les types d'appareils.                    <\/p>\n                <\/div>\n            <\/div>\n        <\/section>\n\t\t\n<script type=\"application\/ld+json\">{\n    \"@context\": \"https:\\\/\\\/schema.org\",\n    \"@type\": \"FAQPage\",\n    \"mainEntity\": [\n        {\n            \"@type\": \"Question\",\n            \"name\": \"Are there any bonuses for those who play mobile Rich Rocket?\",\n            \"acceptedAnswer\": {\n                \"@type\": \"Answer\",\n                \"text\": \"Many casinos provide exclusive bonuses for app users. Find the right platform or use our recommendations.\"\n            }\n        },\n        {\n            \"@type\": \"Question\",\n            \"name\": \"How safe are cash rocket app transactions?\",\n            \"acceptedAnswer\": {\n                \"@type\": \"Answer\",\n                \"text\": \"Licensed casinos provide maximum security for users when making deposits and withdrawals. All payment information is encrypted using SSL keys.\"\n            }\n        },\n        {\n            \"@type\": \"Question\",\n            \"name\": \"Are there any differences in gameplay between the desktop and mobile versions of the game?\",\n            \"acceptedAnswer\": {\n                \"@type\": \"Answer\",\n                \"text\": \"Gameplay and chances to win are the same on all types of devices.\"\n            }\n        }\n    ]\n}<\/script>\n\n<div class=\"fpm_end\"><\/div>\n<div class=\"author-card author-card--top\"><img alt='Photo de l&#039;avatar' src='https:\/\/richrocketgame.com\/wp-content\/uploads\/2023\/03\/Paulo-Dornelas-130x130.jpg' srcset='https:\/\/richrocketgame.com\/wp-content\/uploads\/2023\/03\/Paulo-Dornelas-260x260.jpg 2x' class='avatar avatar-130 photo author-image' height='130' width='130' \/><div class=\"author-content text-md-center\"><span class=\"author-title\">Auteur<\/span><a href=\"https:\/\/richrocketgame.com\/fr\/author\/paulo-dornelas\/\" class=\"author-name\">Paulo Dornelas<\/a><p class=\"author__details\">Paulo Dornelas est un expert en jeux d'argent qui a consacr\u00e9 sa vie \u00e0 comprendre ce secteur et \u00e0 aider les autres \u00e0 en tirer profit. Il est \u00e9galement un grand voyageur et adore explorer de nouveaux endroits. Les connaissances de Paulo en mati\u00e8re de jeux d'argent et sa passion pour les voyages font de lui le guide id\u00e9al pour tous ceux qui cherchent \u00e0 faire de s\u00e9rieux b\u00e9n\u00e9fices en pariant sur les sports ou en jouant aux jeux de casino.<\/p><\/div><!-- \/.author-content --><\/div>","protected":false},"excerpt":{"rendered":"<p>Jouez \u00e0 l&#039;application Rich Rocket \ud83d\udcf1 Avec ses tirages rapides, le jeu Rich Rocket est id\u00e9al pour les appareils mobiles. Un joueur peut placer un pari \u00e0 tout moment : pendant une pause au travail, dans les transports en commun ou au restaurant. L&#039;application de gains Rocket vous permet d&#039;augmenter votre bankroll plusieurs fois en quelques minutes seulement et [\u2026]<\/p>","protected":false},"author":2,"featured_media":0,"parent":0,"menu_order":0,"comment_status":"closed","ping_status":"closed","template":"page-no-sidebar.php","meta":{"footnotes":""},"class_list":["post-35","page","type-page","status-publish","hentry"],"yoast_head":"<!-- This site is optimized with the Yoast SEO plugin v26.7 - https:\/\/yoast.com\/wordpress\/plugins\/seo\/ -->\n<title>Download Rich Rocket App for Mobile Devices - Start Play Now<\/title>\n<meta name=\"description\" content=\"Best ways to download the rocket crash app for real money to your device. How to install the game on iOS and Android. Try rocket crash earning app and win constantly!\" \/>\n<meta name=\"robots\" content=\"index, follow, max-snippet:-1, max-image-preview:large, max-video-preview:-1\" \/>\n<link rel=\"canonical\" href=\"https:\/\/richrocketgame.com\/fr\/rich-rocket-app\/\" \/>\n<meta property=\"og:locale\" content=\"fr_FR\" \/>\n<meta property=\"og:type\" content=\"article\" \/>\n<meta property=\"og:title\" content=\"Download Rich Rocket App for Mobile Devices - Start Play Now\" \/>\n<meta property=\"og:description\" content=\"Best ways to download the rocket crash app for real money to your device. How to install the game on iOS and Android. Try rocket crash earning app and win constantly!\" \/>\n<meta property=\"og:url\" content=\"https:\/\/richrocketgame.com\/fr\/rich-rocket-app\/\" \/>\n<meta property=\"og:site_name\" content=\"Rich Rocket Game\" \/>\n<meta property=\"article:modified_time\" content=\"2024-12-27T11:14:09+00:00\" \/>\n<meta property=\"og:image\" content=\"https:\/\/richrocketgame.com\/wp-content\/uploads\/2022\/09\/Rich-Rocket-Game-Download-1024x442.jpg\" \/>\n<meta name=\"twitter:card\" content=\"summary_large_image\" \/>\n<meta name=\"twitter:label1\" content=\"Dur\u00e9e de lecture estim\u00e9e\" \/>\n\t<meta name=\"twitter:data1\" content=\"5 minutes\" \/>\n<!-- \/ Yoast SEO plugin. -->","yoast_head_json":{"title":"T\u00e9l\u00e9charger l'application Rich Rocket pour les appareils mobiles - Commencer \u00e0 jouer maintenant","description":"Les meilleures fa\u00e7ons de t\u00e9l\u00e9charger l'application rocket crash pour de l'argent r\u00e9el sur votre appareil. Comment installer le jeu sur iOS et Android. Essayez l'application rocket crash earning et gagnez constamment !","robots":{"index":"index","follow":"follow","max-snippet":"max-snippet:-1","max-image-preview":"max-image-preview:large","max-video-preview":"max-video-preview:-1"},"canonical":"https:\/\/richrocketgame.com\/fr\/rich-rocket-app\/","og_locale":"fr_FR","og_type":"article","og_title":"Download Rich Rocket App for Mobile Devices - Start Play Now","og_description":"Best ways to download the rocket crash app for real money to your device. How to install the game on iOS and Android. Try rocket crash earning app and win constantly!","og_url":"https:\/\/richrocketgame.com\/fr\/rich-rocket-app\/","og_site_name":"Rich Rocket Game","article_modified_time":"2024-12-27T11:14:09+00:00","og_image":[{"url":"https:\/\/richrocketgame.com\/wp-content\/uploads\/2022\/09\/Rich-Rocket-Game-Download-1024x442.jpg","type":"","width":"","height":""}],"twitter_card":"summary_large_image","twitter_misc":{"Dur\u00e9e de lecture estim\u00e9e":"5 minutes"},"schema":{"@context":"https:\/\/schema.org","@graph":[{"@type":"WebPage","@id":"https:\/\/richrocketgame.com\/rich-rocket-app\/","url":"https:\/\/richrocketgame.com\/rich-rocket-app\/","name":"T\u00e9l\u00e9charger l'application Rich Rocket pour les appareils mobiles - Commencer \u00e0 jouer maintenant","isPartOf":{"@id":"https:\/\/richrocketgame.com\/#website"},"primaryImageOfPage":{"@id":"https:\/\/richrocketgame.com\/rich-rocket-app\/#primaryimage"},"image":{"@id":"https:\/\/richrocketgame.com\/rich-rocket-app\/#primaryimage"},"thumbnailUrl":"https:\/\/richrocketgame.com\/wp-content\/uploads\/2022\/09\/Rich-Rocket-Game-Download-1024x442.jpg","datePublished":"2022-09-01T15:01:28+00:00","dateModified":"2024-12-27T11:14:09+00:00","description":"Les meilleures fa\u00e7ons de t\u00e9l\u00e9charger l'application rocket crash pour de l'argent r\u00e9el sur votre appareil. Comment installer le jeu sur iOS et Android. Essayez l'application rocket crash earning et gagnez constamment !","breadcrumb":{"@id":"https:\/\/richrocketgame.com\/rich-rocket-app\/#breadcrumb"},"inLanguage":"fr-FR","potentialAction":[{"@type":"ReadAction","target":["https:\/\/richrocketgame.com\/rich-rocket-app\/"]}]},{"@type":"ImageObject","inLanguage":"fr-FR","@id":"https:\/\/richrocketgame.com\/rich-rocket-app\/#primaryimage","url":"https:\/\/richrocketgame.com\/wp-content\/uploads\/2022\/09\/Rich-Rocket-Game-Download-1024x442.jpg","contentUrl":"https:\/\/richrocketgame.com\/wp-content\/uploads\/2022\/09\/Rich-Rocket-Game-Download-1024x442.jpg"},{"@type":"BreadcrumbList","@id":"https:\/\/richrocketgame.com\/rich-rocket-app\/#breadcrumb","itemListElement":[{"@type":"ListItem","position":1,"name":"\u0413\u043b\u0430\u0432\u043d\u0430\u044f \u0441\u0442\u0440\u0430\u043d\u0438\u0446\u0430","item":"https:\/\/richrocketgame.com\/"},{"@type":"ListItem","position":2,"name":"Download Rich Rocket App for Mobile Devices"}]},{"@type":"WebSite","@id":"https:\/\/richrocketgame.com\/#website","url":"https:\/\/richrocketgame.com\/","name":"Jeu Rich Rocket","description":"","publisher":{"@id":"https:\/\/richrocketgame.com\/#organization"},"potentialAction":[{"@type":"SearchAction","target":{"@type":"EntryPoint","urlTemplate":"https:\/\/richrocketgame.com\/?s={search_term_string}"},"query-input":{"@type":"PropertyValueSpecification","valueRequired":true,"valueName":"search_term_string"}}],"inLanguage":"fr-FR"},{"@type":"Organization","@id":"https:\/\/richrocketgame.com\/#organization","name":"Jeu Rich Rocket","url":"https:\/\/richrocketgame.com\/","logo":{"@type":"ImageObject","inLanguage":"fr-FR","@id":"https:\/\/richrocketgame.com\/#\/schema\/logo\/image\/","url":"https:\/\/richrocketgame.com\/wp-content\/uploads\/2022\/09\/Rich-Rocket-earning-app.png","contentUrl":"https:\/\/richrocketgame.com\/wp-content\/uploads\/2022\/09\/Rich-Rocket-earning-app.png","width":512,"height":512,"caption":"Rich Rocket Game"},"image":{"@id":"https:\/\/richrocketgame.com\/#\/schema\/logo\/image\/"}}]}},"_links":{"self":[{"href":"https:\/\/richrocketgame.com\/fr\/wp-json\/wp\/v2\/pages\/35","targetHints":{"allow":["GET"]}}],"collection":[{"href":"https:\/\/richrocketgame.com\/fr\/wp-json\/wp\/v2\/pages"}],"about":[{"href":"https:\/\/richrocketgame.com\/fr\/wp-json\/wp\/v2\/types\/page"}],"author":[{"embeddable":true,"href":"https:\/\/richrocketgame.com\/fr\/wp-json\/wp\/v2\/users\/2"}],"replies":[{"embeddable":true,"href":"https:\/\/richrocketgame.com\/fr\/wp-json\/wp\/v2\/comments?post=35"}],"version-history":[{"count":0,"href":"https:\/\/richrocketgame.com\/fr\/wp-json\/wp\/v2\/pages\/35\/revisions"}],"wp:attachment":[{"href":"https:\/\/richrocketgame.com\/fr\/wp-json\/wp\/v2\/media?parent=35"}],"curies":[{"name":"wp","href":"https:\/\/api.w.org\/{rel}","templated":true}]}}