{"id":302,"date":"2023-09-25T12:34:52","date_gmt":"2023-09-25T09:34:52","guid":{"rendered":"https:\/\/richrocketgame.com\/?page_id=302"},"modified":"2023-09-25T20:41:08","modified_gmt":"2023-09-25T17:41:08","slug":"terms-and-conditions","status":"publish","type":"page","link":"https:\/\/richrocketgame.com\/fr\/terms-and-conditions\/","title":{"rendered":"Conditions g\u00e9n\u00e9rales d'utilisation"},"content":{"rendered":"<div class=\"fpm_start\"><\/div>\n<p>Les r\u00e8gles essentielles, les obligations et les droits r\u00e9gissant notre plateforme peuvent \u00eatre consult\u00e9s ici. Nous accordons la priorit\u00e9 au maintien d'un environnement harmonieux pour tous les utilisateurs. Nous vous invitons \u00e0 vous plonger dans les d\u00e9tails pour que votre exp\u00e9rience soit transparente.<\/p>\n<div id=\"ez-toc-container\" class=\"ez-toc-v2_0_62 counter-hierarchy ez-toc-counter ez-toc-grey ez-toc-container-direction\">\n<div class=\"ez-toc-title-container\">\n<p class=\"ez-toc-title\" >Table des mati\u00e8res<\/p>\n<span class=\"ez-toc-title-toggle\"><a href=\"#\" class=\"ez-toc-pull-right ez-toc-btn ez-toc-btn-xs ez-toc-btn-default ez-toc-toggle\" aria-label=\"Basculer la table des mati\u00e8res\"><span class=\"ez-toc-js-icon-con\"><span class=\"\"><span class=\"eztoc-hide\" style=\"display:none;\">Basculer<\/span><span class=\"ez-toc-icon-toggle-span\"><svg style=\"fill: #999;color:#999\" xmlns=\"http:\/\/www.w3.org\/2000\/svg\" class=\"list-377408\" width=\"20px\" height=\"20px\" viewbox=\"0 0 24 24\" fill=\"none\"><path d=\"M6 6H4v2h2V6zm14 0H8v2h12V6zM4 11h2v2H4v-2zm16 0H8v2h12v-2zM4 16h2v2H4v-2zm16 0H8v2h12v-2z\" fill=\"currentColor\"><\/path><\/svg><svg style=\"fill: #999;color:#999\" class=\"arrow-unsorted-368013\" xmlns=\"http:\/\/www.w3.org\/2000\/svg\" width=\"10px\" height=\"10px\" viewbox=\"0 0 24 24\" version=\"1.2\" baseprofile=\"tiny\"><path d=\"M18.2 9.3l-6.2-6.3-6.2 6.3c-.2.2-.3.4-.3.7s.1.5.3.7c.2.2.4.3.7.3h11c.3 0 .5-.1.7-.3.2-.2.3-.5.3-.7s-.1-.5-.3-.7zM5.8 14.7l6.2 6.3 6.2-6.3c.2-.2.3-.5.3-.7s-.1-.5-.3-.7c-.2-.2-.4-.3-.7-.3h-11c-.3 0-.5.1-.7.3-.2.2-.3.5-.3.7s.1.5.3.7z\"\/><\/svg><\/span><\/span><\/span><\/a><\/span><\/div>\n<nav><ul class='ez-toc-list ez-toc-list-level-1 eztoc-toggle-hide-by-default' ><li class='ez-toc-page-1 ez-toc-heading-level-2'><a class=\"ez-toc-link ez-toc-heading-1\" href=\"https:\/\/richrocketgame.com\/fr\/terms-and-conditions\/#Introduction_to_Our_Platforms_Terms\" title=\"Introduction aux conditions d&#039;utilisation de notre plateforme\">Introduction aux conditions d'utilisation de notre plateforme<\/a><\/li><li class='ez-toc-page-1 ez-toc-heading-level-2'><a class=\"ez-toc-link ez-toc-heading-2\" href=\"https:\/\/richrocketgame.com\/fr\/terms-and-conditions\/#Your_Duties_as_a_User\" title=\"Vos devoirs en tant qu&#039;utilisateur\">Vos devoirs en tant qu'utilisateur<\/a><\/li><li class='ez-toc-page-1 ez-toc-heading-level-2'><a class=\"ez-toc-link ez-toc-heading-3\" href=\"https:\/\/richrocketgame.com\/fr\/terms-and-conditions\/#Understanding_Content_Rights\" title=\"Comprendre les droits sur le contenu\">Comprendre les droits sur le contenu<\/a><\/li><li class='ez-toc-page-1 ez-toc-heading-level-2'><a class=\"ez-toc-link ez-toc-heading-4\" href=\"https:\/\/richrocketgame.com\/fr\/terms-and-conditions\/#Protecting_Your_Privacy\" title=\"Prot\u00e9ger votre vie priv\u00e9e\">Prot\u00e9ger votre vie priv\u00e9e<\/a><\/li><li class='ez-toc-page-1 ez-toc-heading-level-2'><a class=\"ez-toc-link ez-toc-heading-5\" href=\"https:\/\/richrocketgame.com\/fr\/terms-and-conditions\/#External_Links_Their_Autonomy\" title=\"Les liens externes et leur autonomie\">Les liens externes et leur autonomie<\/a><\/li><li class='ez-toc-page-1 ez-toc-heading-level-2'><a class=\"ez-toc-link ez-toc-heading-6\" href=\"https:\/\/richrocketgame.com\/fr\/terms-and-conditions\/#Assurance_Accountability\" title=\"Assurance et responsabilit\u00e9\">Assurance et responsabilit\u00e9<\/a><\/li><li class='ez-toc-page-1 ez-toc-heading-level-2'><a class=\"ez-toc-link ez-toc-heading-7\" href=\"https:\/\/richrocketgame.com\/fr\/terms-and-conditions\/#Limits_on_Our_Liability\" title=\"Limites de notre responsabilit\u00e9\">Limites de notre responsabilit\u00e9<\/a><\/li><\/ul><\/nav><\/div>\n<h2><span class=\"ez-toc-section\" id=\"Introduction_to_Our_Platforms_Terms\"><\/span><strong>Introduction aux conditions d'utilisation de notre plateforme<\/strong><span class=\"ez-toc-section-end\"><\/span><\/h2>\n<p>Bienvenue \u00e0 bord. Lorsque vous utilisez Rich Rocket Game, vous ne vous contentez pas d'utiliser une plateforme, vous rejoignez une communaut\u00e9. Cette page sert de carte d\u00e9taill\u00e9e pour naviguer dans nos directives communautaires et s'assurer que chaque interaction sur notre plateforme se d\u00e9roule dans les r\u00e8gles de l'art.<\/p>\n<h2><span class=\"ez-toc-section\" id=\"Your_Duties_as_a_User\"><\/span><strong>Vos devoirs en tant qu'utilisateur<\/strong><span class=\"ez-toc-section-end\"><\/span><\/h2>\n<p>En tant que membre \u00e0 part enti\u00e8re de notre communaut\u00e9 :<\/p>\n<ul>\n<li><strong>Conformit\u00e9 juridique<\/strong>: Veiller \u00e0 ce que vos interactions respectent toutes les lois et normes r\u00e9glementaires pertinentes.<\/li>\n<li><strong>Respect de la propri\u00e9t\u00e9 intellectuelle<\/strong>: Reconna\u00eetre et respecter les efforts intellectuels des autres membres et de la plateforme.<\/li>\n<li><strong>Interactions v\u00e9ridiques<\/strong>: Les informations que vous fournissez doivent \u00eatre \u00e0 la fois exactes et honn\u00eates. La d\u00e9sinformation ternit notre int\u00e9grit\u00e9 collective.<\/li>\n<\/ul>\n<h2><span class=\"ez-toc-section\" id=\"Understanding_Content_Rights\"><\/span><strong>Comprendre les droits sur le contenu<\/strong><span class=\"ez-toc-section-end\"><\/span><\/h2>\n<p>Chaque \u00e9l\u00e9ment de contenu - qu'il s'agisse d'une cha\u00eene de texte, d'images captivantes, de vid\u00e9os immersives ou de logos complexes - est prot\u00e9g\u00e9 par les lois sur les droits d'auteur et la propri\u00e9t\u00e9 intellectuelle.<\/p>\n<ul>\n<li><strong>Actions non autoris\u00e9es<\/strong>: Il est interdit de reproduire, d'utiliser ou de distribuer notre contenu sans autorisation \u00e9crite explicite.<\/li>\n<li><strong>Vos contributions<\/strong>: Lorsque vous enrichissez notre plateforme avec votre contenu, vous nous accordez une licence globale, libre de droits, pour peaufiner, pr\u00e9senter et utiliser votre soumission en harmonie avec nos services.<\/li>\n<\/ul>\n<h2><span class=\"ez-toc-section\" id=\"Protecting_Your_Privacy\"><\/span><strong>Prot\u00e9ger votre vie priv\u00e9e<\/strong><span class=\"ez-toc-section-end\"><\/span><\/h2>\n<p>La protection de votre vie priv\u00e9e n'est pas seulement une politique, c'est une promesse. Plongez dans notre politique de confidentialit\u00e9 pour d\u00e9couvrir notre engagement \u00e0 prot\u00e9ger vos donn\u00e9es personnelles.<\/p>\n<h2><span class=\"ez-toc-section\" id=\"External_Links_Their_Autonomy\"><\/span><strong>Les liens externes et leur autonomie<\/strong><span class=\"ez-toc-section-end\"><\/span><\/h2>\n<p>Au cours de votre navigation, il se peut que vous tombiez sur des liens qui vous dirigent vers des plates-formes ne relevant pas de notre juridiction. N'oubliez pas :<\/p>\n<ul>\n<li><strong>Plates-formes autonomes<\/strong>: Leur contenu, leurs conditions et leurs pratiques en mati\u00e8re de protection de la vie priv\u00e9e sont ind\u00e9pendants. Nous ne les approuvons pas et n'en assumons pas la responsabilit\u00e9.<\/li>\n<li><strong>Des d\u00e9cisions \u00e9clair\u00e9es<\/strong>: Avant de se lancer dans le contenu externe, il est toujours judicieux de se familiariser avec les lignes directrices qui s'y rapportent.<\/li>\n<\/ul>\n<h2><span class=\"ez-toc-section\" id=\"Assurance_Accountability\"><\/span><strong>Assurance et responsabilit\u00e9<\/strong><span class=\"ez-toc-section-end\"><\/span><\/h2>\n<p>Nous sommes fiers des informations et des services que nous offrons. Toutefois, ils sont assortis d'une clause \"en l'\u00e9tat\" et \"lorsqu'ils sont disponibles\". Nous nous effor\u00e7ons d'atteindre la perfection en mati\u00e8re d'exactitude, d'int\u00e9gralit\u00e9 ou de disponibilit\u00e9, mais nous ne nous y engageons pas.<\/p>\n<h2><span class=\"ez-toc-section\" id=\"Limits_on_Our_Liability\"><\/span><strong>Limites de notre responsabilit\u00e9<\/strong><span class=\"ez-toc-section-end\"><\/span><\/h2>\n<p>Les cadres juridiques peuvent varier, mais dans les limites autoris\u00e9es, toute forme de dommage, qu'il soit direct, accidentel ou cons\u00e9cutif, r\u00e9sultant de l'utilisation de la plateforme, ne nous rend pas responsables.<\/p><script data-noptimize=\"\" data-wpfc-render=\"false\">\n\/* <![CDATA[ *\/\nfpm_start( \"true\" );\n\/* ]]> *\/\n<\/script>\n\n<div class=\"fpm_end\"><\/div>\n<div class=\"author-card author-card--top\"><img alt='Photo de l&#039;avatar' src='https:\/\/richrocketgame.com\/wp-content\/uploads\/2023\/03\/Paulo-Dornelas-130x130.jpg' srcset='https:\/\/richrocketgame.com\/wp-content\/uploads\/2023\/03\/Paulo-Dornelas-260x260.jpg 2x' class='avatar avatar-130 photo author-image' height='130' width='130' \/><div class=\"author-content text-md-center\"><span class=\"author-title\">Auteur<\/span><a href=\"https:\/\/richrocketgame.com\/fr\/author\/paulo-dornelas\/\" class=\"author-name\">Paulo Dornelas<\/a><p class=\"author__details\">Paulo Dornelas est un expert en jeux d'argent qui a consacr\u00e9 sa vie \u00e0 comprendre ce secteur et \u00e0 aider les autres \u00e0 en tirer profit. Il est \u00e9galement un grand voyageur et adore explorer de nouveaux endroits. Les connaissances de Paulo en mati\u00e8re de jeux d'argent et sa passion pour les voyages font de lui le guide id\u00e9al pour tous ceux qui cherchent \u00e0 faire de s\u00e9rieux b\u00e9n\u00e9fices en pariant sur les sports ou en jouant aux jeux de casino.<\/p><\/div><!-- \/.author-content --><\/div>","protected":false},"excerpt":{"rendered":"<p>Les r\u00e8gles essentielles, obligations et droits r\u00e9gissant notre plateforme sont disponibles ici. Nous accordons la priorit\u00e9 au maintien d\u2019un environnement harmonieux pour tous les utilisateurs. Plongez dans les d\u00e9tails pour rendre votre exp\u00e9rience fluide. Introduction aux conditions de notre plateforme Bienvenue \u00e0 bord. Lorsque vous utilisez Rich Rocket Game, vous n&#039;utilisez pas seulement une plateforme ; vous rejoignez une communaut\u00e9. [\u2026]<\/p>","protected":false},"author":2,"featured_media":0,"parent":0,"menu_order":0,"comment_status":"closed","ping_status":"closed","template":"","meta":{"footnotes":""},"class_list":["post-302","page","type-page","status-publish","hentry"],"yoast_head":"<!-- This site is optimized with the Yoast SEO plugin v26.7 - https:\/\/yoast.com\/wordpress\/plugins\/seo\/ -->\n<title>Rich Rocket Game: Terms and Conditions<\/title>\n<meta name=\"description\" content=\"Navigate Rich Rocket Game&#039;s terms with ease. From user responsibilities, content rights to privacy assurance, understand the standards ensuring a secure, harmonious gaming environment. Dive in for a seamless experience.\" \/>\n<meta name=\"robots\" content=\"index, follow, max-snippet:-1, max-image-preview:large, max-video-preview:-1\" \/>\n<link rel=\"canonical\" href=\"https:\/\/richrocketgame.com\/fr\/terms-and-conditions\/\" \/>\n<meta property=\"og:locale\" content=\"fr_FR\" \/>\n<meta property=\"og:type\" content=\"article\" \/>\n<meta property=\"og:title\" content=\"Rich Rocket Game: Terms and Conditions\" \/>\n<meta property=\"og:description\" content=\"Navigate Rich Rocket Game&#039;s terms with ease. From user responsibilities, content rights to privacy assurance, understand the standards ensuring a secure, harmonious gaming environment. Dive in for a seamless experience.\" \/>\n<meta property=\"og:url\" content=\"https:\/\/richrocketgame.com\/fr\/terms-and-conditions\/\" \/>\n<meta property=\"og:site_name\" content=\"Rich Rocket Game\" \/>\n<meta property=\"article:modified_time\" content=\"2023-09-25T17:41:08+00:00\" \/>\n<meta name=\"twitter:card\" content=\"summary_large_image\" \/>\n<meta name=\"twitter:label1\" content=\"Dur\u00e9e de lecture estim\u00e9e\" \/>\n\t<meta name=\"twitter:data1\" content=\"2 minutes\" \/>\n<!-- \/ Yoast SEO plugin. -->","yoast_head_json":{"title":"Jeu Rich Rocket : Conditions g\u00e9n\u00e9rales d'utilisation","description":"Naviguez facilement dans les termes de Rich Rocket Game. Qu'il s'agisse des responsabilit\u00e9s de l'utilisateur, des droits sur le contenu ou de la protection de la vie priv\u00e9e, vous comprendrez les normes qui garantissent un environnement de jeu s\u00fbr et harmonieux. Plongez dans une exp\u00e9rience sans faille.","robots":{"index":"index","follow":"follow","max-snippet":"max-snippet:-1","max-image-preview":"max-image-preview:large","max-video-preview":"max-video-preview:-1"},"canonical":"https:\/\/richrocketgame.com\/fr\/terms-and-conditions\/","og_locale":"fr_FR","og_type":"article","og_title":"Rich Rocket Game: Terms and Conditions","og_description":"Navigate Rich Rocket Game's terms with ease. From user responsibilities, content rights to privacy assurance, understand the standards ensuring a secure, harmonious gaming environment. Dive in for a seamless experience.","og_url":"https:\/\/richrocketgame.com\/fr\/terms-and-conditions\/","og_site_name":"Rich Rocket Game","article_modified_time":"2023-09-25T17:41:08+00:00","twitter_card":"summary_large_image","twitter_misc":{"Dur\u00e9e de lecture estim\u00e9e":"2 minutes"},"schema":{"@context":"https:\/\/schema.org","@graph":[{"@type":"WebPage","@id":"https:\/\/richrocketgame.com\/terms-and-conditions\/","url":"https:\/\/richrocketgame.com\/terms-and-conditions\/","name":"Jeu Rich Rocket : Conditions g\u00e9n\u00e9rales d'utilisation","isPartOf":{"@id":"https:\/\/richrocketgame.com\/#website"},"datePublished":"2023-09-25T09:34:52+00:00","dateModified":"2023-09-25T17:41:08+00:00","description":"Naviguez facilement dans les termes de Rich Rocket Game. Qu'il s'agisse des responsabilit\u00e9s de l'utilisateur, des droits sur le contenu ou de la protection de la vie priv\u00e9e, vous comprendrez les normes qui garantissent un environnement de jeu s\u00fbr et harmonieux. Plongez dans une exp\u00e9rience sans faille.","breadcrumb":{"@id":"https:\/\/richrocketgame.com\/terms-and-conditions\/#breadcrumb"},"inLanguage":"fr-FR","potentialAction":[{"@type":"ReadAction","target":["https:\/\/richrocketgame.com\/terms-and-conditions\/"]}]},{"@type":"BreadcrumbList","@id":"https:\/\/richrocketgame.com\/terms-and-conditions\/#breadcrumb","itemListElement":[{"@type":"ListItem","position":1,"name":"\u0413\u043b\u0430\u0432\u043d\u0430\u044f \u0441\u0442\u0440\u0430\u043d\u0438\u0446\u0430","item":"https:\/\/richrocketgame.com\/"},{"@type":"ListItem","position":2,"name":"Terms and Conditions"}]},{"@type":"WebSite","@id":"https:\/\/richrocketgame.com\/#website","url":"https:\/\/richrocketgame.com\/","name":"Jeu Rich Rocket","description":"","publisher":{"@id":"https:\/\/richrocketgame.com\/#organization"},"potentialAction":[{"@type":"SearchAction","target":{"@type":"EntryPoint","urlTemplate":"https:\/\/richrocketgame.com\/?s={search_term_string}"},"query-input":{"@type":"PropertyValueSpecification","valueRequired":true,"valueName":"search_term_string"}}],"inLanguage":"fr-FR"},{"@type":"Organization","@id":"https:\/\/richrocketgame.com\/#organization","name":"Jeu Rich Rocket","url":"https:\/\/richrocketgame.com\/","logo":{"@type":"ImageObject","inLanguage":"fr-FR","@id":"https:\/\/richrocketgame.com\/#\/schema\/logo\/image\/","url":"https:\/\/richrocketgame.com\/wp-content\/uploads\/2022\/09\/Rich-Rocket-earning-app.png","contentUrl":"https:\/\/richrocketgame.com\/wp-content\/uploads\/2022\/09\/Rich-Rocket-earning-app.png","width":512,"height":512,"caption":"Rich Rocket Game"},"image":{"@id":"https:\/\/richrocketgame.com\/#\/schema\/logo\/image\/"}}]}},"_links":{"self":[{"href":"https:\/\/richrocketgame.com\/fr\/wp-json\/wp\/v2\/pages\/302","targetHints":{"allow":["GET"]}}],"collection":[{"href":"https:\/\/richrocketgame.com\/fr\/wp-json\/wp\/v2\/pages"}],"about":[{"href":"https:\/\/richrocketgame.com\/fr\/wp-json\/wp\/v2\/types\/page"}],"author":[{"embeddable":true,"href":"https:\/\/richrocketgame.com\/fr\/wp-json\/wp\/v2\/users\/2"}],"replies":[{"embeddable":true,"href":"https:\/\/richrocketgame.com\/fr\/wp-json\/wp\/v2\/comments?post=302"}],"version-history":[{"count":0,"href":"https:\/\/richrocketgame.com\/fr\/wp-json\/wp\/v2\/pages\/302\/revisions"}],"wp:attachment":[{"href":"https:\/\/richrocketgame.com\/fr\/wp-json\/wp\/v2\/media?parent=302"}],"curies":[{"name":"wp","href":"https:\/\/api.w.org\/{rel}","templated":true}]}}