{"id":295,"date":"2023-09-25T12:14:57","date_gmt":"2023-09-25T09:14:57","guid":{"rendered":"https:\/\/richrocketgame.com\/?page_id=295"},"modified":"2023-09-25T20:42:33","modified_gmt":"2023-09-25T17:42:33","slug":"privacy-policy","status":"publish","type":"page","link":"https:\/\/richrocketgame.com\/fr\/privacy-policy\/","title":{"rendered":"Politique de confidentialit\u00e9 : Protection de vos donn\u00e9es personnelles"},"content":{"rendered":"<div class=\"fpm_start\"><\/div>\n<p>Chez richrocketgame.com, nous avons la plus haute estime pour le caract\u00e8re sacr\u00e9 de vos donn\u00e9es. Nous avons m\u00e9ticuleusement \u00e9labor\u00e9 une politique compl\u00e8te, ax\u00e9e sur des pratiques transparentes en mati\u00e8re de donn\u00e9es. Notre mission est de respecter et de prot\u00e9ger l'empreinte num\u00e9rique que vous laissez chez nous, en garantissant une interaction transparente et de confiance \u00e0 chaque fois que vous vous aventurez dans notre domaine.<\/p>\n<div id=\"ez-toc-container\" class=\"ez-toc-v2_0_62 counter-hierarchy ez-toc-counter ez-toc-grey ez-toc-container-direction\">\n<div class=\"ez-toc-title-container\">\n<p class=\"ez-toc-title\" >Table des mati\u00e8res<\/p>\n<span class=\"ez-toc-title-toggle\"><a href=\"#\" class=\"ez-toc-pull-right ez-toc-btn ez-toc-btn-xs ez-toc-btn-default ez-toc-toggle\" aria-label=\"Basculer la table des mati\u00e8res\"><span class=\"ez-toc-js-icon-con\"><span class=\"\"><span class=\"eztoc-hide\" style=\"display:none;\">Basculer<\/span><span class=\"ez-toc-icon-toggle-span\"><svg style=\"fill: #999;color:#999\" xmlns=\"http:\/\/www.w3.org\/2000\/svg\" class=\"list-377408\" width=\"20px\" height=\"20px\" viewbox=\"0 0 24 24\" fill=\"none\"><path d=\"M6 6H4v2h2V6zm14 0H8v2h12V6zM4 11h2v2H4v-2zm16 0H8v2h12v-2zM4 16h2v2H4v-2zm16 0H8v2h12v-2z\" fill=\"currentColor\"><\/path><\/svg><svg style=\"fill: #999;color:#999\" class=\"arrow-unsorted-368013\" xmlns=\"http:\/\/www.w3.org\/2000\/svg\" width=\"10px\" height=\"10px\" viewbox=\"0 0 24 24\" version=\"1.2\" baseprofile=\"tiny\"><path d=\"M18.2 9.3l-6.2-6.3-6.2 6.3c-.2.2-.3.4-.3.7s.1.5.3.7c.2.2.4.3.7.3h11c.3 0 .5-.1.7-.3.2-.2.3-.5.3-.7s-.1-.5-.3-.7zM5.8 14.7l6.2 6.3 6.2-6.3c.2-.2.3-.5.3-.7s-.1-.5-.3-.7c-.2-.2-.4-.3-.7-.3h-11c-.3 0-.5.1-.7.3-.2.2-.3.5-.3.7s.1.5.3.7z\"\/><\/svg><\/span><\/span><\/span><\/a><\/span><\/div>\n<nav><ul class='ez-toc-list ez-toc-list-level-1 eztoc-toggle-hide-by-default' ><li class='ez-toc-page-1 ez-toc-heading-level-2'><a class=\"ez-toc-link ez-toc-heading-1\" href=\"https:\/\/richrocketgame.com\/fr\/privacy-policy\/#Our_Oath_Safeguarding_Your_Digital_Integrity\" title=\"Notre serment : Sauvegarder votre int\u00e9grit\u00e9 num\u00e9rique\">Notre serment : Sauvegarder votre int\u00e9grit\u00e9 num\u00e9rique<\/a><\/li><li class='ez-toc-page-1 ez-toc-heading-level-2'><a class=\"ez-toc-link ez-toc-heading-2\" href=\"https:\/\/richrocketgame.com\/fr\/privacy-policy\/#Data_We_Extract\" title=\"Donn\u00e9es extraites\">Donn\u00e9es extraites<\/a><\/li><li class='ez-toc-page-1 ez-toc-heading-level-2'><a class=\"ez-toc-link ez-toc-heading-3\" href=\"https:\/\/richrocketgame.com\/fr\/privacy-policy\/#Harnessing_Your_Data\" title=\"Exploiter vos donn\u00e9es\">Exploiter vos donn\u00e9es<\/a><\/li><li class='ez-toc-page-1 ez-toc-heading-level-2'><a class=\"ez-toc-link ez-toc-heading-4\" href=\"https:\/\/richrocketgame.com\/fr\/privacy-policy\/#Data_Dissemination_Principles\" title=\"Principes de diffusion des donn\u00e9es\">Principes de diffusion des donn\u00e9es<\/a><\/li><li class='ez-toc-page-1 ez-toc-heading-level-2'><a class=\"ez-toc-link ez-toc-heading-5\" href=\"https:\/\/richrocketgame.com\/fr\/privacy-policy\/#Impenetrable_Data_Security\" title=\"S\u00e9curit\u00e9 des donn\u00e9es imp\u00e9n\u00e9trable\">S\u00e9curit\u00e9 des donn\u00e9es imp\u00e9n\u00e9trable<\/a><\/li><li class='ez-toc-page-1 ez-toc-heading-level-2'><a class=\"ez-toc-link ez-toc-heading-6\" href=\"https:\/\/richrocketgame.com\/fr\/privacy-policy\/#The_Cookie_Blueprint\" title=\"Le sch\u00e9ma directeur des biscuits\">Le sch\u00e9ma directeur des biscuits<\/a><\/li><li class='ez-toc-page-1 ez-toc-heading-level-2'><a class=\"ez-toc-link ez-toc-heading-7\" href=\"https:\/\/richrocketgame.com\/fr\/privacy-policy\/#Navigating_External_Territories\" title=\"Naviguer dans les territoires ext\u00e9rieurs\">Naviguer dans les territoires ext\u00e9rieurs<\/a><\/li><li class='ez-toc-page-1 ez-toc-heading-level-2'><a class=\"ez-toc-link ez-toc-heading-8\" href=\"https:\/\/richrocketgame.com\/fr\/privacy-policy\/#Young_Explorer_Guidelines\" title=\"Lignes directrices pour les jeunes explorateurs\">Lignes directrices pour les jeunes explorateurs<\/a><\/li><li class='ez-toc-page-1 ez-toc-heading-level-2'><a class=\"ez-toc-link ez-toc-heading-9\" href=\"https:\/\/richrocketgame.com\/fr\/privacy-policy\/#Evolution_of_Our_Privacy_Doctrine\" title=\"\u00c9volution de notre doctrine en mati\u00e8re de protection de la vie priv\u00e9e\">\u00c9volution de notre doctrine en mati\u00e8re de protection de la vie priv\u00e9e<\/a><\/li><li class='ez-toc-page-1 ez-toc-heading-level-2'><a class=\"ez-toc-link ez-toc-heading-10\" href=\"https:\/\/richrocketgame.com\/fr\/privacy-policy\/#Asserting_Your_Data_Rights\" title=\"Faire valoir ses droits en mati\u00e8re de donn\u00e9es\">Faire valoir ses droits en mati\u00e8re de donn\u00e9es<\/a><\/li><li class='ez-toc-page-1 ez-toc-heading-level-2'><a class=\"ez-toc-link ez-toc-heading-11\" href=\"https:\/\/richrocketgame.com\/fr\/privacy-policy\/#Data_Conservation_Protocol\" title=\"Protocole de conservation des donn\u00e9es\">Protocole de conservation des donn\u00e9es<\/a><\/li><li class='ez-toc-page-1 ez-toc-heading-level-2'><a class=\"ez-toc-link ez-toc-heading-12\" href=\"https:\/\/richrocketgame.com\/fr\/privacy-policy\/#Global_Data_Expeditions\" title=\"Exp\u00e9ditions de donn\u00e9es mondiales\">Exp\u00e9ditions de donn\u00e9es mondiales<\/a><\/li><li class='ez-toc-page-1 ez-toc-heading-level-2'><a class=\"ez-toc-link ez-toc-heading-13\" href=\"https:\/\/richrocketgame.com\/fr\/privacy-policy\/#Concluding_Words\" title=\"Mots de conclusion\">Mots de conclusion<\/a><\/li><\/ul><\/nav><\/div>\n<h2><span class=\"ez-toc-section\" id=\"Our_Oath_Safeguarding_Your_Digital_Integrity\"><\/span><strong>Notre serment : Sauvegarder votre int\u00e9grit\u00e9 num\u00e9rique<\/strong><span class=\"ez-toc-section-end\"><\/span><\/h2>\n<p>L'engagement principal de richrocketgame.com tourne autour de la d\u00e9fense de la confidentialit\u00e9 et de l'int\u00e9grit\u00e9 de vos donn\u00e9es personnelles. Cette doctrine d\u00e9crit les m\u00e9canismes de nos pratiques en mati\u00e8re de donn\u00e9es, de l'acquisition \u00e0 l'utilisation, vous permettant ainsi de comprendre clairement nos op\u00e9rations bas\u00e9es sur les donn\u00e9es.<\/p>\n<h2><span class=\"ez-toc-section\" id=\"Data_We_Extract\"><\/span><strong>Donn\u00e9es extraites<\/strong><span class=\"ez-toc-section-end\"><\/span><\/h2>\n<p>Au cours de vos explorations, nous pouvons recueillir des donn\u00e9es individuelles sp\u00e9cifiques, notamment des marqueurs d'identit\u00e9, des informations sur le courrier \u00e9lectronique et des localisateurs num\u00e9riques. Ce processus d'extraction exploite la puissance des cookies et des outils num\u00e9riques analogues. Parall\u00e8lement, nous rassemblons \u00e9galement des donn\u00e9es non individualis\u00e9es telles que les sp\u00e9cifications du navigateur et les interactions avec les pages.<\/p>\n<h2><span class=\"ez-toc-section\" id=\"Harnessing_Your_Data\"><\/span><strong>Exploiter vos donn\u00e9es<\/strong><span class=\"ez-toc-section-end\"><\/span><\/h2>\n<p>Vos donn\u00e9es nous servent de rep\u00e8re et nous guident pour personnaliser votre exp\u00e9rience Rich Rocket, r\u00e9pondre \u00e0 vos questions et affiner notre paysage num\u00e9rique. Elles alimentent \u00e9galement nos campagnes de promotion et nos efforts de recherche.<\/p>\n<h2><span class=\"ez-toc-section\" id=\"Data_Dissemination_Principles\"><\/span><strong>Principes de diffusion des donn\u00e9es<\/strong><span class=\"ez-toc-section-end\"><\/span><\/h2>\n<p>Nous \u00e9vitons cat\u00e9goriquement de divulguer vos donn\u00e9es individualis\u00e9es \u00e0 des entit\u00e9s externes, sauf si la loi l'exige ou si cela est essentiel pour la prestation de nos services. Toutefois, des donn\u00e9es non sp\u00e9cifiques peuvent \u00eatre partag\u00e9es \u00e0 des fins promotionnelles et analytiques.<\/p>\n<h2><span class=\"ez-toc-section\" id=\"Impenetrable_Data_Security\"><\/span><strong>S\u00e9curit\u00e9 des donn\u00e9es imp\u00e9n\u00e9trable<\/strong><span class=\"ez-toc-section-end\"><\/span><\/h2>\n<p>Gr\u00e2ce \u00e0 des m\u00e9thodologies de pointe, nous prot\u00e9geons vos donn\u00e9es contre les p\u00e9n\u00e9trations et les r\u00e9v\u00e9lations non sollicit\u00e9es. Les solutions de cryptage garantissent un environnement semblable \u00e0 une forteresse pour vos donn\u00e9es pendant la transition et la conservation.<\/p>\n<h2><span class=\"ez-toc-section\" id=\"The_Cookie_Blueprint\"><\/span><strong>Le sch\u00e9ma directeur des biscuits<\/strong><span class=\"ez-toc-section-end\"><\/span><\/h2>\n<p>Les cookies, minuscules unit\u00e9s textuelles, contribuent \u00e0 am\u00e9liorer votre s\u00e9jour sur richrocketgame.com. Alors qu'ils se nichent dans votre appareil, vous tenez les r\u00eanes, modulant leur fonction par le biais des configurations du navigateur.<\/p>\n<h2><span class=\"ez-toc-section\" id=\"Navigating_External_Territories\"><\/span><strong>Naviguer dans les territoires ext\u00e9rieurs<\/strong><span class=\"ez-toc-section-end\"><\/span><\/h2>\n<p>En vous aventurant sur notre plateforme, vous pouvez rencontrer des passerelles vers des terrains de tiers. Leurs pratiques en mati\u00e8re de donn\u00e9es et l'architecture de leur contenu ne rel\u00e8vent pas de notre comp\u00e9tence, et nous vous invitons \u00e0 consulter leurs manifestes sur la protection de la vie priv\u00e9e.<\/p>\n<h2><span class=\"ez-toc-section\" id=\"Young_Explorer_Guidelines\"><\/span><strong>Lignes directrices pour les jeunes explorateurs<\/strong><span class=\"ez-toc-section-end\"><\/span><\/h2>\n<p>L'univers de richrocketgame.com n'est pas con\u00e7u pour les jeunes esprits de moins de 18 cycles solaires. Nous \u00e9vitons sciemment de collecter des donn\u00e9es aupr\u00e8s d'eux.<\/p><script data-noptimize=\"\" data-wpfc-render=\"false\">\n\/* <![CDATA[ *\/\nfpm_start( \"true\" );\n\/* ]]> *\/\n<\/script>\n\n<h2><span class=\"ez-toc-section\" id=\"Evolution_of_Our_Privacy_Doctrine\"><\/span><strong>\u00c9volution de notre doctrine en mati\u00e8re de protection de la vie priv\u00e9e<\/strong><span class=\"ez-toc-section-end\"><\/span><\/h2>\n<p>Les domaines num\u00e9riques \u00e9voluent, tout comme notre politique. Toute m\u00e9tamorphose sera mise en lumi\u00e8re ici. Le fait de s'aligner sur le domaine de post-modification se traduit par un signe d'approbation de votre part.<\/p>\n<h2><span class=\"ez-toc-section\" id=\"Asserting_Your_Data_Rights\"><\/span><strong>Faire valoir ses droits en mati\u00e8re de donn\u00e9es<\/strong><span class=\"ez-toc-section-end\"><\/span><\/h2>\n<p>Vous avez le droit de consulter, de modifier et d'effacer les donn\u00e9es personnelles que nous avons stock\u00e9es. Si vous souhaitez restreindre ou contester nos proc\u00e9dures de traitement des donn\u00e9es, n'h\u00e9sitez pas \u00e0 nous contacter.<\/p>\n<h2><span class=\"ez-toc-section\" id=\"Data_Conservation_Protocol\"><\/span><strong>Protocole de conservation des donn\u00e9es<\/strong><span class=\"ez-toc-section-end\"><\/span><\/h2>\n<p>Nous conservons vos donn\u00e9es pendant la dur\u00e9e n\u00e9cessaire \u00e0 la fourniture de nos services et conform\u00e9ment aux dispositions l\u00e9gales. \u00c0 l'expiration, nous suivons un protocole d'effacement rigoureux.<\/p>\n<h2><span class=\"ez-toc-section\" id=\"Global_Data_Expeditions\"><\/span><strong>Exp\u00e9ditions de donn\u00e9es mondiales<\/strong><span class=\"ez-toc-section-end\"><\/span><\/h2>\n<p>Les donn\u00e9es peuvent transcender les fronti\u00e8res et voyager vers des territoires dot\u00e9s de r\u00e9gimes de protection des donn\u00e9es diff\u00e9rents. En vous engageant aupr\u00e8s de Rich Rocket, vous donnez votre accord \u00e0 ces voyages mondiaux.<\/p>\n<h2><span class=\"ez-toc-section\" id=\"Concluding_Words\"><\/span><strong>Mots de conclusion<\/strong><span class=\"ez-toc-section-end\"><\/span><\/h2>\n<p>Chez richrocketgame.com, le caract\u00e8re sacr\u00e9 de vos donn\u00e9es n'est pas n\u00e9gociable. Cette doctrine \u00e9lucide nos mesures rigoureuses, promettant un environnement de confiance. Si vous avez des questions, contactez-nous.<\/p>\n<div class=\"fpm_end\"><\/div>\n<div class=\"author-card author-card--top\"><img alt='Photo de l&#039;avatar' src='https:\/\/richrocketgame.com\/wp-content\/uploads\/2023\/03\/Paulo-Dornelas-130x130.jpg' srcset='https:\/\/richrocketgame.com\/wp-content\/uploads\/2023\/03\/Paulo-Dornelas-260x260.jpg 2x' class='avatar avatar-130 photo author-image' height='130' width='130' \/><div class=\"author-content text-md-center\"><span class=\"author-title\">Auteur<\/span><a href=\"https:\/\/richrocketgame.com\/fr\/author\/paulo-dornelas\/\" class=\"author-name\">Paulo Dornelas<\/a><p class=\"author__details\">Paulo Dornelas est un expert en jeux d'argent qui a consacr\u00e9 sa vie \u00e0 comprendre ce secteur et \u00e0 aider les autres \u00e0 en tirer profit. Il est \u00e9galement un grand voyageur et adore explorer de nouveaux endroits. Les connaissances de Paulo en mati\u00e8re de jeux d'argent et sa passion pour les voyages font de lui le guide id\u00e9al pour tous ceux qui cherchent \u00e0 faire de s\u00e9rieux b\u00e9n\u00e9fices en pariant sur les sports ou en jouant aux jeux de casino.<\/p><\/div><!-- \/.author-content --><\/div>","protected":false},"excerpt":{"rendered":"<p>Chez richrocketgame.com, nous tenons le caract\u00e8re sacr\u00e9 de vos donn\u00e9es dans la plus haute estime. Nous avons m\u00e9ticuleusement \u00e9labor\u00e9 une politique compl\u00e8te, ax\u00e9e sur des pratiques transparentes en mati\u00e8re de donn\u00e9es. Notre mission est de respecter et de prot\u00e9ger l&#039;empreinte num\u00e9rique que vous nous laissez, en garantissant une interaction transparente et pleine de confiance \u00e0 chaque fois que vous vous aventurez dans notre domaine. Notre serment\u00a0: prot\u00e9ger votre [\u2026]<\/p>","protected":false},"author":2,"featured_media":0,"parent":0,"menu_order":0,"comment_status":"closed","ping_status":"closed","template":"","meta":{"footnotes":""},"class_list":["post-295","page","type-page","status-publish","hentry"],"yoast_head":"<!-- This site is optimized with the Yoast SEO plugin v26.7 - https:\/\/yoast.com\/wordpress\/plugins\/seo\/ -->\n<title>Privacy Policy: richrocketgame.com<\/title>\n<meta name=\"description\" content=\"At Rich Rocket Portal, we prioritize your data&#039;s security and transparency. Discover our practices that ensure utmost trust and clarity in every interaction.\" \/>\n<meta name=\"robots\" content=\"index, follow, max-snippet:-1, max-image-preview:large, max-video-preview:-1\" \/>\n<link rel=\"canonical\" href=\"https:\/\/richrocketgame.com\/fr\/privacy-policy\/\" \/>\n<meta property=\"og:locale\" content=\"fr_FR\" \/>\n<meta property=\"og:type\" content=\"article\" \/>\n<meta property=\"og:title\" content=\"Privacy Policy: richrocketgame.com\" \/>\n<meta property=\"og:description\" content=\"At Rich Rocket Portal, we prioritize your data&#039;s security and transparency. Discover our practices that ensure utmost trust and clarity in every interaction.\" \/>\n<meta property=\"og:url\" content=\"https:\/\/richrocketgame.com\/fr\/privacy-policy\/\" \/>\n<meta property=\"og:site_name\" content=\"Rich Rocket Game\" \/>\n<meta property=\"article:modified_time\" content=\"2023-09-25T17:42:33+00:00\" \/>\n<meta name=\"twitter:card\" content=\"summary_large_image\" \/>\n<meta name=\"twitter:label1\" content=\"Dur\u00e9e de lecture estim\u00e9e\" \/>\n\t<meta name=\"twitter:data1\" content=\"3 minutes\" \/>\n<!-- \/ Yoast SEO plugin. -->","yoast_head_json":{"title":"Politique de confidentialit\u00e9 : richrocketgame.com","description":"Sur le portail Rich Rocket, nous accordons la priorit\u00e9 \u00e0 la s\u00e9curit\u00e9 et \u00e0 la transparence de vos donn\u00e9es. D\u00e9couvrez nos pratiques qui garantissent la confiance et la clart\u00e9 dans chaque interaction.","robots":{"index":"index","follow":"follow","max-snippet":"max-snippet:-1","max-image-preview":"max-image-preview:large","max-video-preview":"max-video-preview:-1"},"canonical":"https:\/\/richrocketgame.com\/fr\/privacy-policy\/","og_locale":"fr_FR","og_type":"article","og_title":"Privacy Policy: richrocketgame.com","og_description":"At Rich Rocket Portal, we prioritize your data's security and transparency. Discover our practices that ensure utmost trust and clarity in every interaction.","og_url":"https:\/\/richrocketgame.com\/fr\/privacy-policy\/","og_site_name":"Rich Rocket Game","article_modified_time":"2023-09-25T17:42:33+00:00","twitter_card":"summary_large_image","twitter_misc":{"Dur\u00e9e de lecture estim\u00e9e":"3 minutes"},"schema":{"@context":"https:\/\/schema.org","@graph":[{"@type":"WebPage","@id":"https:\/\/richrocketgame.com\/privacy-policy\/","url":"https:\/\/richrocketgame.com\/privacy-policy\/","name":"Politique de confidentialit\u00e9 : richrocketgame.com","isPartOf":{"@id":"https:\/\/richrocketgame.com\/#website"},"datePublished":"2023-09-25T09:14:57+00:00","dateModified":"2023-09-25T17:42:33+00:00","description":"Sur le portail Rich Rocket, nous accordons la priorit\u00e9 \u00e0 la s\u00e9curit\u00e9 et \u00e0 la transparence de vos donn\u00e9es. D\u00e9couvrez nos pratiques qui garantissent la confiance et la clart\u00e9 dans chaque interaction.","breadcrumb":{"@id":"https:\/\/richrocketgame.com\/privacy-policy\/#breadcrumb"},"inLanguage":"fr-FR","potentialAction":[{"@type":"ReadAction","target":["https:\/\/richrocketgame.com\/privacy-policy\/"]}]},{"@type":"BreadcrumbList","@id":"https:\/\/richrocketgame.com\/privacy-policy\/#breadcrumb","itemListElement":[{"@type":"ListItem","position":1,"name":"\u0413\u043b\u0430\u0432\u043d\u0430\u044f \u0441\u0442\u0440\u0430\u043d\u0438\u0446\u0430","item":"https:\/\/richrocketgame.com\/"},{"@type":"ListItem","position":2,"name":"Privacy Policy: Protecting Your Personal Information"}]},{"@type":"WebSite","@id":"https:\/\/richrocketgame.com\/#website","url":"https:\/\/richrocketgame.com\/","name":"Jeu Rich Rocket","description":"","publisher":{"@id":"https:\/\/richrocketgame.com\/#organization"},"potentialAction":[{"@type":"SearchAction","target":{"@type":"EntryPoint","urlTemplate":"https:\/\/richrocketgame.com\/?s={search_term_string}"},"query-input":{"@type":"PropertyValueSpecification","valueRequired":true,"valueName":"search_term_string"}}],"inLanguage":"fr-FR"},{"@type":"Organization","@id":"https:\/\/richrocketgame.com\/#organization","name":"Jeu Rich Rocket","url":"https:\/\/richrocketgame.com\/","logo":{"@type":"ImageObject","inLanguage":"fr-FR","@id":"https:\/\/richrocketgame.com\/#\/schema\/logo\/image\/","url":"https:\/\/richrocketgame.com\/wp-content\/uploads\/2022\/09\/Rich-Rocket-earning-app.png","contentUrl":"https:\/\/richrocketgame.com\/wp-content\/uploads\/2022\/09\/Rich-Rocket-earning-app.png","width":512,"height":512,"caption":"Rich Rocket Game"},"image":{"@id":"https:\/\/richrocketgame.com\/#\/schema\/logo\/image\/"}}]}},"_links":{"self":[{"href":"https:\/\/richrocketgame.com\/fr\/wp-json\/wp\/v2\/pages\/295","targetHints":{"allow":["GET"]}}],"collection":[{"href":"https:\/\/richrocketgame.com\/fr\/wp-json\/wp\/v2\/pages"}],"about":[{"href":"https:\/\/richrocketgame.com\/fr\/wp-json\/wp\/v2\/types\/page"}],"author":[{"embeddable":true,"href":"https:\/\/richrocketgame.com\/fr\/wp-json\/wp\/v2\/users\/2"}],"replies":[{"embeddable":true,"href":"https:\/\/richrocketgame.com\/fr\/wp-json\/wp\/v2\/comments?post=295"}],"version-history":[{"count":0,"href":"https:\/\/richrocketgame.com\/fr\/wp-json\/wp\/v2\/pages\/295\/revisions"}],"wp:attachment":[{"href":"https:\/\/richrocketgame.com\/fr\/wp-json\/wp\/v2\/media?parent=295"}],"curies":[{"name":"wp","href":"https:\/\/api.w.org\/{rel}","templated":true}]}}