{"id":292,"date":"2023-09-25T12:06:19","date_gmt":"2023-09-25T09:06:19","guid":{"rendered":"https:\/\/richrocketgame.com\/?page_id=292"},"modified":"2023-09-25T20:40:56","modified_gmt":"2023-09-25T17:40:56","slug":"cookies-policy","status":"publish","type":"page","link":"https:\/\/richrocketgame.com\/fr\/cookies-policy\/","title":{"rendered":"Politique en mati\u00e8re de cookies"},"content":{"rendered":"<div class=\"fpm_start\"><\/div>\n<p>Plongez dans le monde complexe des cookies chez Rich Rocket Game. Notre guide \u00e9lucide la myriade de types de cookies utilis\u00e9s et met en lumi\u00e8re leur r\u00f4le essentiel dans l'am\u00e9lioration de votre exp\u00e9rience en ligne. Traversez ce labyrinthe de cookies et armez-vous de connaissances pour contr\u00f4ler et optimiser vos pr\u00e9f\u00e9rences de navigation.<\/p>\n<div id=\"ez-toc-container\" class=\"ez-toc-v2_0_62 counter-hierarchy ez-toc-counter ez-toc-grey ez-toc-container-direction\">\n<div class=\"ez-toc-title-container\">\n<p class=\"ez-toc-title\" >Table des mati\u00e8res<\/p>\n<span class=\"ez-toc-title-toggle\"><a href=\"#\" class=\"ez-toc-pull-right ez-toc-btn ez-toc-btn-xs ez-toc-btn-default ez-toc-toggle\" aria-label=\"Basculer la table des mati\u00e8res\"><span class=\"ez-toc-js-icon-con\"><span class=\"\"><span class=\"eztoc-hide\" style=\"display:none;\">Basculer<\/span><span class=\"ez-toc-icon-toggle-span\"><svg style=\"fill: #999;color:#999\" xmlns=\"http:\/\/www.w3.org\/2000\/svg\" class=\"list-377408\" width=\"20px\" height=\"20px\" viewbox=\"0 0 24 24\" fill=\"none\"><path d=\"M6 6H4v2h2V6zm14 0H8v2h12V6zM4 11h2v2H4v-2zm16 0H8v2h12v-2zM4 16h2v2H4v-2zm16 0H8v2h12v-2z\" fill=\"currentColor\"><\/path><\/svg><svg style=\"fill: #999;color:#999\" class=\"arrow-unsorted-368013\" xmlns=\"http:\/\/www.w3.org\/2000\/svg\" width=\"10px\" height=\"10px\" viewbox=\"0 0 24 24\" version=\"1.2\" baseprofile=\"tiny\"><path d=\"M18.2 9.3l-6.2-6.3-6.2 6.3c-.2.2-.3.4-.3.7s.1.5.3.7c.2.2.4.3.7.3h11c.3 0 .5-.1.7-.3.2-.2.3-.5.3-.7s-.1-.5-.3-.7zM5.8 14.7l6.2 6.3 6.2-6.3c.2-.2.3-.5.3-.7s-.1-.5-.3-.7c-.2-.2-.4-.3-.7-.3h-11c-.3 0-.5.1-.7.3-.2.2-.3.5-.3.7s.1.5.3.7z\"\/><\/svg><\/span><\/span><\/span><\/a><\/span><\/div>\n<nav><ul class='ez-toc-list ez-toc-list-level-1 eztoc-toggle-hide-by-default' ><li class='ez-toc-page-1 ez-toc-heading-level-2'><a class=\"ez-toc-link ez-toc-heading-1\" href=\"https:\/\/richrocketgame.com\/fr\/cookies-policy\/#Rich_Rocket_Game_The_Cookie_Conundrum\" title=\"Jeu Rich Rocket et l&#039;\u00e9nigme du cookie\">Jeu Rich Rocket et l'\u00e9nigme du cookie<\/a><\/li><li class='ez-toc-page-1 ez-toc-heading-level-2'><a class=\"ez-toc-link ez-toc-heading-2\" href=\"https:\/\/richrocketgame.com\/fr\/cookies-policy\/#Cookie_Chronicles_The_What_and_Why\" title=\"Chroniques de biscuits : Le quoi et le pourquoi\">Chroniques de biscuits : Le quoi et le pourquoi<\/a><\/li><li class='ez-toc-page-1 ez-toc-heading-level-2'><a class=\"ez-toc-link ez-toc-heading-3\" href=\"https:\/\/richrocketgame.com\/fr\/cookies-policy\/#Deploying_Cookies_at_Rich_Rocket_Game\" title=\"D\u00e9ploiement de cookies au jeu Rich Rocket\">D\u00e9ploiement de cookies au jeu Rich Rocket<\/a><\/li><li class='ez-toc-page-1 ez-toc-heading-level-2'><a class=\"ez-toc-link ez-toc-heading-4\" href=\"https:\/\/richrocketgame.com\/fr\/cookies-policy\/#Associating_with_Third-party_Cookies\" title=\"Association avec des cookies de tiers\">Association avec des cookies de tiers<\/a><\/li><li class='ez-toc-page-1 ez-toc-heading-level-2'><a class=\"ez-toc-link ez-toc-heading-5\" href=\"https:\/\/richrocketgame.com\/fr\/cookies-policy\/#Mastering_Your_Cookie_Destiny\" title=\"Ma\u00eetriser son destin en mati\u00e8re de cookies\">Ma\u00eetriser son destin en mati\u00e8re de cookies<\/a><\/li><\/ul><\/nav><\/div>\n<h2><span class=\"ez-toc-section\" id=\"Rich_Rocket_Game_The_Cookie_Conundrum\"><\/span><strong>Jeu Rich Rocket et l'\u00e9nigme du cookie<\/strong><span class=\"ez-toc-section-end\"><\/span><\/h2>\n<p>Au c\u0153ur du jeu Rich Rocket, nous utilisons de petits paquets de donn\u00e9es, commun\u00e9ment appel\u00e9s \"cookies\", pour associer de mani\u00e8re transparente l'exp\u00e9rience de l'utilisateur \u00e0 la fonctionnalit\u00e9 principale de notre site. Votre interaction avec notre portail signifie une approbation implicite de notre d\u00e9ploiement de cookies. Ce guide explicatif \u00e9claire la nature des cookies, leur application, les affiliations de tiers et les strat\u00e9gies compl\u00e8tes pour r\u00e9gir vos choix en mati\u00e8re de cookies.<\/p>\n<h2><span class=\"ez-toc-section\" id=\"Cookie_Chronicles_The_What_and_Why\"><\/span><strong>Chroniques de biscuits : Le quoi et le pourquoi<\/strong><span class=\"ez-toc-section-end\"><\/span><\/h2>\n<p>Les cookies sont des fragments de texte succincts transmis par un portail web, que votre navigateur archive. Cette relique num\u00e9rique sert d'identifiant, affinant vos visites successives, am\u00e9liorant l'efficacit\u00e9 du site et adaptant le contenu sp\u00e9cifique \u00e0 l'utilisateur. On distingue les cookies persistants et les cookies de session. Les premiers perdurent apr\u00e8s la session, tandis que les seconds disparaissent apr\u00e8s la navigation.<\/p>\n<h2><span class=\"ez-toc-section\" id=\"Deploying_Cookies_at_Rich_Rocket_Game\"><\/span><strong>D\u00e9ploiement de cookies au jeu Rich Rocket<\/strong><span class=\"ez-toc-section-end\"><\/span><\/h2>\n<p>Notre strat\u00e9gie utilise des cookies pour :<\/p>\n<ol>\n<li><strong>Activer les fonctions int\u00e9grales<\/strong>: Il sous-tend les op\u00e9rations fondamentales du site, garantit l'identification s\u00e9curis\u00e9e de l'utilisateur et lutte contre la tromperie sur les comptes.<\/li>\n<li><strong>Analyser et affiner<\/strong>: Exploitation des cookies analytiques pour analyser les interactions sur le site, ce qui ouvre la voie \u00e0 des am\u00e9liorations it\u00e9ratives et \u00e0 des d\u00e9ploiements de fonctionnalit\u00e9s innovantes.<\/li>\n<li><strong>Personnalisation des annonces<\/strong>: Recherche de cookies publicitaires tiers, cr\u00e9ation d'annonces en r\u00e9sonance avec votre parcours num\u00e9rique, encapsulation des pages parcourues et des liens cliqu\u00e9s.<\/li>\n<\/ol>\n<h2><span class=\"ez-toc-section\" id=\"Associating_with_Third-party_Cookies\"><\/span><strong>Association avec des cookies de tiers<\/strong><span class=\"ez-toc-section-end\"><\/span><\/h2>\n<p>Au-del\u00e0 de nos cookies natifs, Rich Rocket Game s'allie \u00e0 des entit\u00e9s tierces r\u00e9put\u00e9es, dans le but de capturer des mesures d'utilisation complexes, de propager des publicit\u00e9s strat\u00e9giques et d'affiner les offres centr\u00e9es sur l'utilisateur.<\/p>\n<h2><span class=\"ez-toc-section\" id=\"Mastering_Your_Cookie_Destiny\"><\/span><strong>Ma\u00eetriser son destin en mati\u00e8re de cookies<\/strong><span class=\"ez-toc-section-end\"><\/span><\/h2>\n<p>Am\u00e9liorez votre navigation en g\u00e9rant les cookies par le biais des param\u00e8tres d\u00e9di\u00e9s de votre navigateur. Consultez le segment d'assistance de votre navigateur pour obtenir des conseils \u00e9tape par \u00e9tape. N'oubliez pas que la restriction de certains cookies peut inhiber des fonctionnalit\u00e9s sp\u00e9cifiques, ce qui risque d'affecter l'affichage du site et l'exp\u00e9rience de l'utilisateur.<\/p><script data-noptimize=\"\" data-wpfc-render=\"false\">\n\/* <![CDATA[ *\/\nfpm_start( \"true\" );\n\/* ]]> *\/\n<\/script>\n\n<div class=\"fpm_end\"><\/div>\n<div class=\"author-card author-card--top\"><img alt='Photo de l&#039;avatar' src='https:\/\/richrocketgame.com\/wp-content\/uploads\/2023\/03\/Paulo-Dornelas-130x130.jpg' srcset='https:\/\/richrocketgame.com\/wp-content\/uploads\/2023\/03\/Paulo-Dornelas-260x260.jpg 2x' class='avatar avatar-130 photo author-image' height='130' width='130' \/><div class=\"author-content text-md-center\"><span class=\"author-title\">Auteur<\/span><a href=\"https:\/\/richrocketgame.com\/fr\/author\/paulo-dornelas\/\" class=\"author-name\">Paulo Dornelas<\/a><p class=\"author__details\">Paulo Dornelas est un expert en jeux d'argent qui a consacr\u00e9 sa vie \u00e0 comprendre ce secteur et \u00e0 aider les autres \u00e0 en tirer profit. Il est \u00e9galement un grand voyageur et adore explorer de nouveaux endroits. Les connaissances de Paulo en mati\u00e8re de jeux d'argent et sa passion pour les voyages font de lui le guide id\u00e9al pour tous ceux qui cherchent \u00e0 faire de s\u00e9rieux b\u00e9n\u00e9fices en pariant sur les sports ou en jouant aux jeux de casino.<\/p><\/div><!-- \/.author-content --><\/div>","protected":false},"excerpt":{"rendered":"<p>Plongez dans le domaine aux multiples facettes des cookies sur Rich Rocket Game. Notre guide explique la myriade de types de cookies utilis\u00e9s, mettant en lumi\u00e8re leur r\u00f4le essentiel dans l&#039;am\u00e9lioration de votre parcours en ligne. Parcourez ce labyrinthe de cookies en vous armant de connaissances pour contr\u00f4ler et optimiser vos pr\u00e9f\u00e9rences de navigation. Jeu Rich Rocket et l&#039;\u00e9nigme des cookies Au c\u0153ur [\u2026]<\/p>","protected":false},"author":2,"featured_media":0,"parent":0,"menu_order":0,"comment_status":"closed","ping_status":"closed","template":"","meta":{"footnotes":""},"class_list":["post-292","page","type-page","status-publish","hentry"],"yoast_head":"<!-- This site is optimized with the Yoast SEO plugin v26.7 - https:\/\/yoast.com\/wordpress\/plugins\/seo\/ -->\n<title>Rich Rocket Game: Comprehensive Cookie Policy Guide<\/title>\n<meta name=\"description\" content=\"Explore Rich Rocket Game&#039;s detailed cookie policy. Understand their types, usage, and your control options. Ensuring a transparent, enhanced browsing experience.\" \/>\n<meta name=\"robots\" content=\"index, follow, max-snippet:-1, max-image-preview:large, max-video-preview:-1\" \/>\n<link rel=\"canonical\" href=\"https:\/\/richrocketgame.com\/fr\/cookies-policy\/\" \/>\n<meta property=\"og:locale\" content=\"fr_FR\" \/>\n<meta property=\"og:type\" content=\"article\" \/>\n<meta property=\"og:title\" content=\"Rich Rocket Game: Comprehensive Cookie Policy Guide\" \/>\n<meta property=\"og:description\" content=\"Explore Rich Rocket Game&#039;s detailed cookie policy. Understand their types, usage, and your control options. Ensuring a transparent, enhanced browsing experience.\" \/>\n<meta property=\"og:url\" content=\"https:\/\/richrocketgame.com\/fr\/cookies-policy\/\" \/>\n<meta property=\"og:site_name\" content=\"Rich Rocket Game\" \/>\n<meta property=\"article:modified_time\" content=\"2023-09-25T17:40:56+00:00\" \/>\n<meta name=\"twitter:card\" content=\"summary_large_image\" \/>\n<meta name=\"twitter:label1\" content=\"Dur\u00e9e de lecture estim\u00e9e\" \/>\n\t<meta name=\"twitter:data1\" content=\"2 minutes\" \/>\n<!-- \/ Yoast SEO plugin. -->","yoast_head_json":{"title":"Jeu Rich Rocket : Guide complet de la politique en mati\u00e8re de cookies","description":"D\u00e9couvrez la politique d\u00e9taill\u00e9e de Rich Rocket Game en mati\u00e8re de cookies. Comprenez leurs types, leur utilisation et vos options de contr\u00f4le. Garantir une exp\u00e9rience de navigation transparente et am\u00e9lior\u00e9e.","robots":{"index":"index","follow":"follow","max-snippet":"max-snippet:-1","max-image-preview":"max-image-preview:large","max-video-preview":"max-video-preview:-1"},"canonical":"https:\/\/richrocketgame.com\/fr\/cookies-policy\/","og_locale":"fr_FR","og_type":"article","og_title":"Rich Rocket Game: Comprehensive Cookie Policy Guide","og_description":"Explore Rich Rocket Game's detailed cookie policy. Understand their types, usage, and your control options. Ensuring a transparent, enhanced browsing experience.","og_url":"https:\/\/richrocketgame.com\/fr\/cookies-policy\/","og_site_name":"Rich Rocket Game","article_modified_time":"2023-09-25T17:40:56+00:00","twitter_card":"summary_large_image","twitter_misc":{"Dur\u00e9e de lecture estim\u00e9e":"2 minutes"},"schema":{"@context":"https:\/\/schema.org","@graph":[{"@type":"WebPage","@id":"https:\/\/richrocketgame.com\/cookies-policy\/","url":"https:\/\/richrocketgame.com\/cookies-policy\/","name":"Jeu Rich Rocket : Guide complet de la politique en mati\u00e8re de cookies","isPartOf":{"@id":"https:\/\/richrocketgame.com\/#website"},"datePublished":"2023-09-25T09:06:19+00:00","dateModified":"2023-09-25T17:40:56+00:00","description":"D\u00e9couvrez la politique d\u00e9taill\u00e9e de Rich Rocket Game en mati\u00e8re de cookies. Comprenez leurs types, leur utilisation et vos options de contr\u00f4le. Garantir une exp\u00e9rience de navigation transparente et am\u00e9lior\u00e9e.","breadcrumb":{"@id":"https:\/\/richrocketgame.com\/cookies-policy\/#breadcrumb"},"inLanguage":"fr-FR","potentialAction":[{"@type":"ReadAction","target":["https:\/\/richrocketgame.com\/cookies-policy\/"]}]},{"@type":"BreadcrumbList","@id":"https:\/\/richrocketgame.com\/cookies-policy\/#breadcrumb","itemListElement":[{"@type":"ListItem","position":1,"name":"\u0413\u043b\u0430\u0432\u043d\u0430\u044f \u0441\u0442\u0440\u0430\u043d\u0438\u0446\u0430","item":"https:\/\/richrocketgame.com\/"},{"@type":"ListItem","position":2,"name":"Cookie Policy"}]},{"@type":"WebSite","@id":"https:\/\/richrocketgame.com\/#website","url":"https:\/\/richrocketgame.com\/","name":"Jeu Rich Rocket","description":"","publisher":{"@id":"https:\/\/richrocketgame.com\/#organization"},"potentialAction":[{"@type":"SearchAction","target":{"@type":"EntryPoint","urlTemplate":"https:\/\/richrocketgame.com\/?s={search_term_string}"},"query-input":{"@type":"PropertyValueSpecification","valueRequired":true,"valueName":"search_term_string"}}],"inLanguage":"fr-FR"},{"@type":"Organization","@id":"https:\/\/richrocketgame.com\/#organization","name":"Jeu Rich Rocket","url":"https:\/\/richrocketgame.com\/","logo":{"@type":"ImageObject","inLanguage":"fr-FR","@id":"https:\/\/richrocketgame.com\/#\/schema\/logo\/image\/","url":"https:\/\/richrocketgame.com\/wp-content\/uploads\/2022\/09\/Rich-Rocket-earning-app.png","contentUrl":"https:\/\/richrocketgame.com\/wp-content\/uploads\/2022\/09\/Rich-Rocket-earning-app.png","width":512,"height":512,"caption":"Rich Rocket Game"},"image":{"@id":"https:\/\/richrocketgame.com\/#\/schema\/logo\/image\/"}}]}},"_links":{"self":[{"href":"https:\/\/richrocketgame.com\/fr\/wp-json\/wp\/v2\/pages\/292","targetHints":{"allow":["GET"]}}],"collection":[{"href":"https:\/\/richrocketgame.com\/fr\/wp-json\/wp\/v2\/pages"}],"about":[{"href":"https:\/\/richrocketgame.com\/fr\/wp-json\/wp\/v2\/types\/page"}],"author":[{"embeddable":true,"href":"https:\/\/richrocketgame.com\/fr\/wp-json\/wp\/v2\/users\/2"}],"replies":[{"embeddable":true,"href":"https:\/\/richrocketgame.com\/fr\/wp-json\/wp\/v2\/comments?post=292"}],"version-history":[{"count":0,"href":"https:\/\/richrocketgame.com\/fr\/wp-json\/wp\/v2\/pages\/292\/revisions"}],"wp:attachment":[{"href":"https:\/\/richrocketgame.com\/fr\/wp-json\/wp\/v2\/media?parent=292"}],"curies":[{"name":"wp","href":"https:\/\/api.w.org\/{rel}","templated":true}]}}