{"id":129,"date":"2023-02-14T21:04:36","date_gmt":"2023-02-14T18:04:36","guid":{"rendered":"https:\/\/richrocketgame.com\/?page_id=129"},"modified":"2024-04-12T13:43:29","modified_gmt":"2024-04-12T10:43:29","slug":"rich-rocket-demo-game","status":"publish","type":"page","link":"https:\/\/richrocketgame.com\/fr\/rich-rocket-demo-game\/","title":{"rendered":"Jeu de d\u00e9monstration Rich Rocket"},"content":{"rendered":"<div class=\"fpm_start\"><\/div>\n<p>Rich Rocket, propos\u00e9 par le fournisseur de logiciel Lucky Elephant, est le jeu de machine \u00e0 sous parfait pour ceux qui recherchent une exp\u00e9rience de jeu excitante et palpitante. Avec son taux de retour sur investissement (RTP) de 96,30% et son potentiel de paiement g\u00e9n\u00e9reux, cette version 2020 est devenue la pr\u00e9f\u00e9r\u00e9e de nombreux joueurs indiens qui choisissent le casino 4rabet comme source de divertissement. Ce qui le rend encore plus unique, c'est la fonction Jackpot Safe, qui donne aux utilisateurs un avantage suppl\u00e9mentaire lorsqu'ils tentent leur chance !<br \/>\n<iframe style=\"overflow: hidden; display: block; width: 100%; height: 691px; border: none; margin: 0px auto;\" src=\"https:\/\/gamicorp.com\/api\/wrapper\/MThwUE0KP5TkVgJiOHNt6ObZJJ7bAMTlteTXMFkH1lPOu9iBwHG8LyqUYzrVvu84LbtkLKbpZtchjQGqupXB8uEB9mlIRYaWkrNUgsQkzm1C23RqJgfMlZRyUPnpmjxv\" frameborder=\"0\" scrolling=\"no\" allowfullscreen=\"allowfullscreen\"><span data-mce-type=\"bookmark\" style=\"display: inline-block; width: 0px; overflow: hidden; line-height: 0;\" class=\"mce_SELRES_start\"><\/span><\/iframe><\/p>\n<div style=\"text-align: center;\"><a class=\"glow-button\" href=\"\/fr\/go\/registration\/\">Jouez \u00e0 Rich Rocket pour de l&#039;argent r\u00e9el \ud83d\ude80<\/a><\/div>\n<div id=\"ez-toc-container\" class=\"ez-toc-v2_0_62 counter-hierarchy ez-toc-counter ez-toc-grey ez-toc-container-direction\">\n<div class=\"ez-toc-title-container\">\n<p class=\"ez-toc-title\" >Table des mati\u00e8res<\/p>\n<span class=\"ez-toc-title-toggle\"><a href=\"#\" class=\"ez-toc-pull-right ez-toc-btn ez-toc-btn-xs ez-toc-btn-default ez-toc-toggle\" aria-label=\"Basculer la table des mati\u00e8res\"><span class=\"ez-toc-js-icon-con\"><span class=\"\"><span class=\"eztoc-hide\" style=\"display:none;\">Basculer<\/span><span class=\"ez-toc-icon-toggle-span\"><svg style=\"fill: #999;color:#999\" xmlns=\"http:\/\/www.w3.org\/2000\/svg\" class=\"list-377408\" width=\"20px\" height=\"20px\" viewbox=\"0 0 24 24\" fill=\"none\"><path d=\"M6 6H4v2h2V6zm14 0H8v2h12V6zM4 11h2v2H4v-2zm16 0H8v2h12v-2zM4 16h2v2H4v-2zm16 0H8v2h12v-2z\" fill=\"currentColor\"><\/path><\/svg><svg style=\"fill: #999;color:#999\" class=\"arrow-unsorted-368013\" xmlns=\"http:\/\/www.w3.org\/2000\/svg\" width=\"10px\" height=\"10px\" viewbox=\"0 0 24 24\" version=\"1.2\" baseprofile=\"tiny\"><path d=\"M18.2 9.3l-6.2-6.3-6.2 6.3c-.2.2-.3.4-.3.7s.1.5.3.7c.2.2.4.3.7.3h11c.3 0 .5-.1.7-.3.2-.2.3-.5.3-.7s-.1-.5-.3-.7zM5.8 14.7l6.2 6.3 6.2-6.3c.2-.2.3-.5.3-.7s-.1-.5-.3-.7c-.2-.2-.4-.3-.7-.3h-11c-.3 0-.5.1-.7.3-.2.2-.3.5-.3.7s.1.5.3.7z\"\/><\/svg><\/span><\/span><\/span><\/a><\/span><\/div>\n<nav><ul class='ez-toc-list ez-toc-list-level-1 eztoc-toggle-hide-by-default' ><li class='ez-toc-page-1 ez-toc-heading-level-2'><a class=\"ez-toc-link ez-toc-heading-1\" href=\"https:\/\/richrocketgame.com\/fr\/rich-rocket-demo-game\/#What_you_need_to_know_about_Rich_Rocket_Demo\" title=\"Qu&#039;est-ce que vous devez savoir sur la d\u00e9mo Rich Rocket ?\">Qu'est-ce que vous devez savoir sur la d\u00e9mo Rich Rocket ?<\/a><\/li><li class='ez-toc-page-1 ez-toc-heading-level-2'><a class=\"ez-toc-link ez-toc-heading-2\" href=\"https:\/\/richrocketgame.com\/fr\/rich-rocket-demo-game\/#Benefits_of_Free_Play_Rick_Rocket_Version\" title=\"Avantages du jeu gratuit Rick Rocket Version\">Avantages du jeu gratuit Rick Rocket Version<\/a><\/li><li class='ez-toc-page-1 ez-toc-heading-level-2'><a class=\"ez-toc-link ez-toc-heading-3\" href=\"https:\/\/richrocketgame.com\/fr\/rich-rocket-demo-game\/#Where_can_you_play_at_Rich_Rocket_Demo\" title=\"O\u00f9 pouvez-vous jouer \u00e0 Rich Rocket Demo ?\">O\u00f9 pouvez-vous jouer \u00e0 Rich Rocket Demo ?<\/a><\/li><li class='ez-toc-page-1 ez-toc-heading-level-2'><a class=\"ez-toc-link ez-toc-heading-4\" href=\"https:\/\/richrocketgame.com\/fr\/rich-rocket-demo-game\/#FAQ\" title=\"FAQ\">FAQ<\/a><ul class='ez-toc-list-level-3' ><li class='ez-toc-heading-level-3'><a class=\"ez-toc-link ez-toc-heading-5\" href=\"https:\/\/richrocketgame.com\/fr\/rich-rocket-demo-game\/#Is_Rich_Rocket_Demo_available_to_play_in_India\" title=\"La d\u00e9mo de Rich Rocket est-elle disponible pour jouer en Inde ?\">La d\u00e9mo de Rich Rocket est-elle disponible pour jouer en Inde ?<\/a><\/li><li class='ez-toc-page-1 ez-toc-heading-level-3'><a class=\"ez-toc-link ez-toc-heading-6\" href=\"https:\/\/richrocketgame.com\/fr\/rich-rocket-demo-game\/#Are_there_any_differences_between_the_demo_and_paid_versions_of_this_game\" title=\"Y a-t-il des diff\u00e9rences entre la version d\u00e9mo et la version payante de ce jeu ?\">Y a-t-il des diff\u00e9rences entre la version d\u00e9mo et la version payante de ce jeu ?<\/a><\/li><li class='ez-toc-page-1 ez-toc-heading-level-3'><a class=\"ez-toc-link ez-toc-heading-7\" href=\"https:\/\/richrocketgame.com\/fr\/rich-rocket-demo-game\/#What_are_the_benefits_of_playing_this_game_in_demo_mode\" title=\"Quels sont les avantages de jouer \u00e0 ce jeu en mode d\u00e9mo ?\">Quels sont les avantages de jouer \u00e0 ce jeu en mode d\u00e9mo ?<\/a><\/li><\/ul><\/li><\/ul><\/nav><\/div>\n<h2><span class=\"ez-toc-section\" id=\"What_you_need_to_know_about_Rich_Rocket_Demo\"><\/span>Qu'est-ce que vous devez savoir sur la d\u00e9mo Rich Rocket ?<span class=\"ez-toc-section-end\"><\/span><\/h2>\n<p>Quand vous <a href=\"https:\/\/richrocketgame.com\/fr\/\">jouer Rich Rocket<\/a> Dans un casino en ligne agr\u00e9\u00e9, vous pouvez essayer le jeu sans risquer d'argent, ce qui vous permet de vous familiariser avec la machine \u00e0 sous et d'\u00e9laborer des tactiques et des strat\u00e9gies. La version gratuite est totalement identique \u00e0 sa contrepartie payante, \u00e0 l'exception du fait que lorsque vous jouez gratuitement, aucun prix en esp\u00e8ces n'est attribu\u00e9. Il est ainsi plus facile d'identifier les paris r\u00e9ussis, car l'argent virtuel est mis\u00e9, qu'il soit gagnant ou non, ce qui permet aux joueurs d'exercer leurs comp\u00e9tences sans risque !<\/p>\n<div id=\"attachment_133\" style=\"width: 994px\" class=\"wp-caption aligncenter\"><a href=\"https:\/\/richrocketgame.com\/fr\/go\/registration\/\"><img decoding=\"async\" aria-describedby=\"caption-attachment-133\" class=\"wp-image-133 size-large\" title=\"D\u00e9monstration Rich Rocket\" src=\"https:\/\/richrocketgame.com\/wp-content\/uploads\/2023\/02\/Rich-Rocket-Demo-1024x260.png\" alt=\"D\u00e9monstration Rich Rocket\" width=\"994\" height=\"252\" srcset=\"https:\/\/richrocketgame.com\/wp-content\/uploads\/2023\/02\/Rich-Rocket-Demo-1024x260.png 1024w, https:\/\/richrocketgame.com\/wp-content\/uploads\/2023\/02\/Rich-Rocket-Demo-300x76.png 300w, https:\/\/richrocketgame.com\/wp-content\/uploads\/2023\/02\/Rich-Rocket-Demo-768x195.png 768w, https:\/\/richrocketgame.com\/wp-content\/uploads\/2023\/02\/Rich-Rocket-Demo-18x5.png 18w, https:\/\/richrocketgame.com\/wp-content\/uploads\/2023\/02\/Rich-Rocket-Demo-158x40.png 158w, https:\/\/richrocketgame.com\/wp-content\/uploads\/2023\/02\/Rich-Rocket-Demo-126x32.png 126w, https:\/\/richrocketgame.com\/wp-content\/uploads\/2023\/02\/Rich-Rocket-Demo-315x80.png 315w, https:\/\/richrocketgame.com\/wp-content\/uploads\/2023\/02\/Rich-Rocket-Demo-532x135.png 532w, https:\/\/richrocketgame.com\/wp-content\/uploads\/2023\/02\/Rich-Rocket-Demo.png 1414w\" sizes=\"(max-width: 994px) 100vw, 994px\" \/><\/a><p id=\"caption-attachment-133\" class=\"wp-caption-text\">D\u00e9monstration Rich Rocket<\/p><\/div>\n<p>Avec la version payante de ce jeu, vous pouvez augmenter vos chances de r\u00e9ussite en pla\u00e7ant des paris et en gagnant. Que ce soit sur un ordinateur ou en t\u00e9l\u00e9chargeant des jeux de casino directement sur votre smartphone, vous y avez acc\u00e8s partout et \u00e0 tout moment !<\/p>\n<div style=\"text-align: center;\"><a class=\"glow-button\" href=\"\/fr\/go\/registration\/\">Jouez au jeu Rich Rocket \ud83d\ude80<\/a><\/div>\n<h2><span class=\"ez-toc-section\" id=\"Benefits_of_Free_Play_Rick_Rocket_Version\"><\/span>Avantages du jeu gratuit Rick Rocket Version<span class=\"ez-toc-section-end\"><\/span><\/h2>\n<p>La d\u00e9mo gratuite de Rich Rocket est un excellent moyen pour les nouveaux joueurs et les joueurs exp\u00e9riment\u00e9s de pratiquer leurs comp\u00e9tences de jeu. Sans risque de perdre de l'argent, les joueurs sont libres d'essayer diff\u00e9rentes strat\u00e9gies qui pourraient \u00eatre b\u00e9n\u00e9fiques lorsqu'ils jouent avec de l'argent r\u00e9el. De plus, cette version du jeu permet aux utilisateurs d'explorer toutes les fonctionnalit\u00e9s et les bonus inclus dans Rich Rocket sans avoir \u00e0 d\u00e9penser d'argent. Cela permet aux joueurs d'\u00eatre bien inform\u00e9s et d'augmenter sans aucun doute leurs chances de r\u00e9ussite lorsqu'ils jouent avec des mises r\u00e9elles.<\/p>\n<div id=\"attachment_134\" style=\"width: 780px\" class=\"wp-caption aligncenter\"><a href=\"https:\/\/richrocketgame.com\/fr\/go\/registration\/\"><img decoding=\"async\" aria-describedby=\"caption-attachment-134\" class=\"wp-image-134\" title=\"Rich Rocket Jeu libre\" src=\"https:\/\/richrocketgame.com\/wp-content\/uploads\/2023\/02\/Rich-Rocket-Free-Play.png\" alt=\"Rich Rocket Jeu libre\" width=\"780\" height=\"525\" srcset=\"https:\/\/richrocketgame.com\/wp-content\/uploads\/2023\/02\/Rich-Rocket-Free-Play.png 826w, https:\/\/richrocketgame.com\/wp-content\/uploads\/2023\/02\/Rich-Rocket-Free-Play-300x202.png 300w, https:\/\/richrocketgame.com\/wp-content\/uploads\/2023\/02\/Rich-Rocket-Free-Play-768x517.png 768w, https:\/\/richrocketgame.com\/wp-content\/uploads\/2023\/02\/Rich-Rocket-Free-Play-18x12.png 18w, https:\/\/richrocketgame.com\/wp-content\/uploads\/2023\/02\/Rich-Rocket-Free-Play-59x40.png 59w, https:\/\/richrocketgame.com\/wp-content\/uploads\/2023\/02\/Rich-Rocket-Free-Play-48x32.png 48w, https:\/\/richrocketgame.com\/wp-content\/uploads\/2023\/02\/Rich-Rocket-Free-Play-119x80.png 119w, https:\/\/richrocketgame.com\/wp-content\/uploads\/2023\/02\/Rich-Rocket-Free-Play-201x135.png 201w\" sizes=\"(max-width: 780px) 100vw, 780px\" \/><\/a><p id=\"caption-attachment-134\" class=\"wp-caption-text\">Rich Rocket Jeu libre<\/p><\/div>\n<p>De plus, comme nous l'avons mentionn\u00e9 pr\u00e9c\u00e9demment, il est toujours judicieux de tester un jeu de casino avant d'investir son argent durement gagn\u00e9 - et la version d\u00e9mo de Rich Rocket permet aux joueurs de le faire. Et lorsqu'ils se sentent pr\u00eats, ils peuvent passer directement \u00e0 la version payante et commencer \u00e0 jouer pour de vrai !<\/p>\n<div style=\"text-align: center;\"><a class=\"glow-button\" href=\"\/fr\/go\/registration\/\">\ud83d\ude80 Jouez \u00e0 Rich Rocket<\/a><\/div>\n<h2><span class=\"ez-toc-section\" id=\"Where_can_you_play_at_Rich_Rocket_Demo\"><\/span>O\u00f9 pouvez-vous jouer \u00e0 Rich Rocket Demo ?<span class=\"ez-toc-section-end\"><\/span><\/h2>\n<p><a href=\"https:\/\/richrocketgame.com\/fr\/play-rich-rocket-parimatch-casino\/\">Parimatch<\/a> et <a href=\"https:\/\/richrocketgame.com\/fr\/play-rich-rocket-4rabet-casino\/\">4rabet Casino<\/a> sont deux des casinos en ligne les plus populaires en Inde, offrant un large \u00e9ventail d'exp\u00e9riences de jeu. Les deux casinos proposent la version d\u00e9mo de Rich Rocket, permettant aux joueurs de d\u00e9couvrir ce jeu passionnant sans aucun risque. Avec la version d\u00e9mo, les utilisateurs peuvent essayer diff\u00e9rentes strat\u00e9gies et tactiques avant de d\u00e9cider s'ils veulent ou non commencer \u00e0 jouer pour de l'argent r\u00e9el.<\/p><script data-noptimize=\"\" data-wpfc-render=\"false\">\n\/* <![CDATA[ *\/\nfpm_start( \"true\" );\n\/* ]]> *\/\n<\/script>\n\n<div style=\"text-align: center;\"><a class=\"glow-button\" href=\"\/fr\/go\/registration\/\">Jouez \u00e0 Rich Rocket pour de l&#039;argent r\u00e9el \ud83d\udcb0<\/a><\/div>\n<h2><span class=\"ez-toc-section\" id=\"FAQ\"><\/span>FAQ<span class=\"ez-toc-section-end\"><\/span><\/h2>\n        <section class=\"sc_fs_faq sc_card\">\n            <div>\n\t\t\t\t<h3><span class=\"ez-toc-section\" id=\"Is_Rich_Rocket_Demo_available_to_play_in_India\"><\/span>La d\u00e9mo de Rich Rocket est-elle disponible pour jouer en Inde ?<span class=\"ez-toc-section-end\"><\/span><\/h3>                <div>\n\t\t\t\t\t                    <p>\n\t\t\t\t\t\tOui, Parimatch et 4rabet Casino offrent tous deux la version d\u00e9mo de Rich Rocket \u00e0 leurs joueurs. Ainsi, les utilisateurs peuvent s'entra\u00eener sans risquer de perdre de l'argent.                    <\/p>\n                <\/div>\n            <\/div>\n        <\/section>\n\t\t        <section class=\"sc_fs_faq sc_card\">\n            <div>\n\t\t\t\t<h3><span class=\"ez-toc-section\" id=\"Are_there_any_differences_between_the_demo_and_paid_versions_of_this_game\"><\/span>Y a-t-il des diff\u00e9rences entre la version d\u00e9mo et la version payante de ce jeu ?<span class=\"ez-toc-section-end\"><\/span><\/h3>                <div>\n\t\t\t\t\t                    <p>\n\t\t\t\t\t\tLa version d\u00e9mo de Rich Rocket est totalement identique \u00e0 sa version payante, \u00e0 l'exception du fait qu'aucun prix en esp\u00e8ces n'est attribu\u00e9 lors des parties gratuites. Cela permet aux joueurs d'exercer leurs comp\u00e9tences de jeu sans aucun risque financier.                    <\/p>\n                <\/div>\n            <\/div>\n        <\/section>\n\t\t        <section class=\"sc_fs_faq sc_card\">\n            <div>\n\t\t\t\t<h3><span class=\"ez-toc-section\" id=\"What_are_the_benefits_of_playing_this_game_in_demo_mode\"><\/span>Quels sont les avantages de jouer \u00e0 ce jeu en mode d\u00e9mo ?<span class=\"ez-toc-section-end\"><\/span><\/h3>                <div>\n\t\t\t\t\t                    <p>\n\t\t\t\t\t\tJouer \u00e0 la d\u00e9mo de Rich Rocket aide les utilisateurs \u00e0 pratiquer leurs comp\u00e9tences de jeu et \u00e0 se familiariser avec le jeu. Elle leur donne \u00e9galement l'occasion d'explorer toutes les fonctionnalit\u00e9s et les bonus inclus dans Rich Rocket sans avoir \u00e0 d\u00e9penser d'argent.                    <\/p>\n                <\/div>\n            <\/div>\n        <\/section>\n\t\t\n<script type=\"application\/ld+json\">{\n    \"@context\": \"https:\\\/\\\/schema.org\",\n    \"@type\": \"FAQPage\",\n    \"mainEntity\": [\n        {\n            \"@type\": \"Question\",\n            \"name\": \"Is Rich Rocket Demo available to play in India?\",\n            \"acceptedAnswer\": {\n                \"@type\": \"Answer\",\n                \"text\": \"Yes, both Parimatch and 4rabet Casino offer the Rich Rocket Demo version to their players. This way, users can practice their skillset without risk of losing money.\"\n            }\n        },\n        {\n            \"@type\": \"Question\",\n            \"name\": \"Are there any differences between the demo and paid versions of this game?\",\n            \"acceptedAnswer\": {\n                \"@type\": \"Answer\",\n                \"text\": \"The demo version of Rich Rocket is completely identical to its paid counterpart, except that when playing for free there are no cash prizes awarded. This allows players to practice their gaming skills without any financial risk.\"\n            }\n        },\n        {\n            \"@type\": \"Question\",\n            \"name\": \"What are the benefits of playing this game in demo mode?\",\n            \"acceptedAnswer\": {\n                \"@type\": \"Answer\",\n                \"text\": \"Playing the Rich Rocket Demo helps users to practice their gaming skills and familiarize themselves with the game. It also gives them an opportunity to explore all the features and bonuses included in Rich Rocket without having to spend any money.\"\n            }\n        }\n    ]\n}<\/script>\n\n<div class=\"fpm_end\"><\/div>\n<div class=\"author-card author-card--top\"><img alt='Photo de l&#039;avatar' src='https:\/\/richrocketgame.com\/wp-content\/uploads\/2023\/03\/Paulo-Dornelas-130x130.jpg' srcset='https:\/\/richrocketgame.com\/wp-content\/uploads\/2023\/03\/Paulo-Dornelas-260x260.jpg 2x' class='avatar avatar-130 photo author-image' height='130' width='130' \/><div class=\"author-content text-md-center\"><span class=\"author-title\">Auteur<\/span><a href=\"https:\/\/richrocketgame.com\/fr\/author\/paulo-dornelas\/\" class=\"author-name\">Paulo Dornelas<\/a><p class=\"author__details\">Paulo Dornelas est un expert en jeux d'argent qui a consacr\u00e9 sa vie \u00e0 comprendre ce secteur et \u00e0 aider les autres \u00e0 en tirer profit. Il est \u00e9galement un grand voyageur et adore explorer de nouveaux endroits. Les connaissances de Paulo en mati\u00e8re de jeux d'argent et sa passion pour les voyages font de lui le guide id\u00e9al pour tous ceux qui cherchent \u00e0 faire de s\u00e9rieux b\u00e9n\u00e9fices en pariant sur les sports ou en jouant aux jeux de casino.<\/p><\/div><!-- \/.author-content --><\/div>","protected":false},"excerpt":{"rendered":"<p>Rich Rocket, pr\u00e9sent\u00e9 par le fournisseur de logiciels Lucky Elephant, est le jeu de machine \u00e0 sous parfait pour ceux qui recherchent une exp\u00e9rience de jeu passionnante et palpitante. Avec son taux RTP de 96.30% et ses potentiels de paiement g\u00e9n\u00e9reux, cette version 2020 est devenue l&#039;une des pr\u00e9f\u00e9r\u00e9es de nombreux joueurs indiens qui choisissent le casino 4rabet comme source de divertissement incontournable. [\u2026]<\/p>","protected":false},"author":2,"featured_media":0,"parent":0,"menu_order":0,"comment_status":"closed","ping_status":"closed","template":"page-no-sidebar.php","meta":{"footnotes":""},"class_list":["post-129","page","type-page","status-publish","hentry"],"yoast_head":"<!-- This site is optimized with the Yoast SEO plugin v26.7 - https:\/\/yoast.com\/wordpress\/plugins\/seo\/ -->\n<title>Rich Rocket Demo Game - Play | Rocket Game Free to Play<\/title>\n<meta name=\"description\" content=\"How to Play in Rich Rocket Game and Where to Find Rocket Game Demo? Best online casinos where you can play Rich Rocket for free or on real money.\" \/>\n<meta name=\"robots\" content=\"index, follow, max-snippet:-1, max-image-preview:large, max-video-preview:-1\" \/>\n<link rel=\"canonical\" href=\"https:\/\/richrocketgame.com\/fr\/rich-rocket-demo-game\/\" \/>\n<meta property=\"og:locale\" content=\"fr_FR\" \/>\n<meta property=\"og:type\" content=\"article\" \/>\n<meta property=\"og:title\" content=\"Rich Rocket Demo Game - Play | Rocket Game Free to Play\" \/>\n<meta property=\"og:description\" content=\"How to Play in Rich Rocket Game and Where to Find Rocket Game Demo? Best online casinos where you can play Rich Rocket for free or on real money.\" \/>\n<meta property=\"og:url\" content=\"https:\/\/richrocketgame.com\/fr\/rich-rocket-demo-game\/\" \/>\n<meta property=\"og:site_name\" content=\"Rich Rocket Game\" \/>\n<meta property=\"article:modified_time\" content=\"2024-04-12T10:43:29+00:00\" \/>\n<meta property=\"og:image\" content=\"https:\/\/richrocketgame.com\/wp-content\/uploads\/2023\/02\/Rich-Rocket-Demo-1024x260.png\" \/>\n<meta name=\"twitter:card\" content=\"summary_large_image\" \/>\n<meta name=\"twitter:label1\" content=\"Dur\u00e9e de lecture estim\u00e9e\" \/>\n\t<meta name=\"twitter:data1\" content=\"4 minutes\" \/>\n<!-- \/ Yoast SEO plugin. -->","yoast_head_json":{"title":"Rich Rocket Demo Game - Jouez \u00e0 un jeu de fus\u00e9e gratuit.","description":"Comment jouer au jeu Rich Rocket et o\u00f9 trouver la d\u00e9mo du jeu Rocket ? Les meilleurs casinos en ligne o\u00f9 vous pouvez jouer \u00e0 Rich Rocket gratuitement ou avec de l'argent r\u00e9el.","robots":{"index":"index","follow":"follow","max-snippet":"max-snippet:-1","max-image-preview":"max-image-preview:large","max-video-preview":"max-video-preview:-1"},"canonical":"https:\/\/richrocketgame.com\/fr\/rich-rocket-demo-game\/","og_locale":"fr_FR","og_type":"article","og_title":"Rich Rocket Demo Game - Play | Rocket Game Free to Play","og_description":"How to Play in Rich Rocket Game and Where to Find Rocket Game Demo? Best online casinos where you can play Rich Rocket for free or on real money.","og_url":"https:\/\/richrocketgame.com\/fr\/rich-rocket-demo-game\/","og_site_name":"Rich Rocket Game","article_modified_time":"2024-04-12T10:43:29+00:00","og_image":[{"url":"https:\/\/richrocketgame.com\/wp-content\/uploads\/2023\/02\/Rich-Rocket-Demo-1024x260.png","type":"","width":"","height":""}],"twitter_card":"summary_large_image","twitter_misc":{"Dur\u00e9e de lecture estim\u00e9e":"4 minutes"},"schema":{"@context":"https:\/\/schema.org","@graph":[{"@type":"WebPage","@id":"https:\/\/richrocketgame.com\/rich-rocket-demo-game\/","url":"https:\/\/richrocketgame.com\/rich-rocket-demo-game\/","name":"Rich Rocket Demo Game - Jouez \u00e0 un jeu de fus\u00e9e gratuit.","isPartOf":{"@id":"https:\/\/richrocketgame.com\/#website"},"primaryImageOfPage":{"@id":"https:\/\/richrocketgame.com\/rich-rocket-demo-game\/#primaryimage"},"image":{"@id":"https:\/\/richrocketgame.com\/rich-rocket-demo-game\/#primaryimage"},"thumbnailUrl":"https:\/\/richrocketgame.com\/wp-content\/uploads\/2023\/02\/Rich-Rocket-Demo-1024x260.png","datePublished":"2023-02-14T18:04:36+00:00","dateModified":"2024-04-12T10:43:29+00:00","description":"Comment jouer au jeu Rich Rocket et o\u00f9 trouver la d\u00e9mo du jeu Rocket ? Les meilleurs casinos en ligne o\u00f9 vous pouvez jouer \u00e0 Rich Rocket gratuitement ou avec de l'argent r\u00e9el.","breadcrumb":{"@id":"https:\/\/richrocketgame.com\/rich-rocket-demo-game\/#breadcrumb"},"inLanguage":"fr-FR","potentialAction":[{"@type":"ReadAction","target":["https:\/\/richrocketgame.com\/rich-rocket-demo-game\/"]}]},{"@type":"ImageObject","inLanguage":"fr-FR","@id":"https:\/\/richrocketgame.com\/rich-rocket-demo-game\/#primaryimage","url":"https:\/\/richrocketgame.com\/wp-content\/uploads\/2023\/02\/Rich-Rocket-Demo-1024x260.png","contentUrl":"https:\/\/richrocketgame.com\/wp-content\/uploads\/2023\/02\/Rich-Rocket-Demo-1024x260.png"},{"@type":"BreadcrumbList","@id":"https:\/\/richrocketgame.com\/rich-rocket-demo-game\/#breadcrumb","itemListElement":[{"@type":"ListItem","position":1,"name":"\u0413\u043b\u0430\u0432\u043d\u0430\u044f \u0441\u0442\u0440\u0430\u043d\u0438\u0446\u0430","item":"https:\/\/richrocketgame.com\/"},{"@type":"ListItem","position":2,"name":"Rich Rocket Demo Game"}]},{"@type":"WebSite","@id":"https:\/\/richrocketgame.com\/#website","url":"https:\/\/richrocketgame.com\/","name":"Jeu Rich Rocket","description":"","publisher":{"@id":"https:\/\/richrocketgame.com\/#organization"},"potentialAction":[{"@type":"SearchAction","target":{"@type":"EntryPoint","urlTemplate":"https:\/\/richrocketgame.com\/?s={search_term_string}"},"query-input":{"@type":"PropertyValueSpecification","valueRequired":true,"valueName":"search_term_string"}}],"inLanguage":"fr-FR"},{"@type":"Organization","@id":"https:\/\/richrocketgame.com\/#organization","name":"Jeu Rich Rocket","url":"https:\/\/richrocketgame.com\/","logo":{"@type":"ImageObject","inLanguage":"fr-FR","@id":"https:\/\/richrocketgame.com\/#\/schema\/logo\/image\/","url":"https:\/\/richrocketgame.com\/wp-content\/uploads\/2022\/09\/Rich-Rocket-earning-app.png","contentUrl":"https:\/\/richrocketgame.com\/wp-content\/uploads\/2022\/09\/Rich-Rocket-earning-app.png","width":512,"height":512,"caption":"Rich Rocket Game"},"image":{"@id":"https:\/\/richrocketgame.com\/#\/schema\/logo\/image\/"}}]}},"_links":{"self":[{"href":"https:\/\/richrocketgame.com\/fr\/wp-json\/wp\/v2\/pages\/129","targetHints":{"allow":["GET"]}}],"collection":[{"href":"https:\/\/richrocketgame.com\/fr\/wp-json\/wp\/v2\/pages"}],"about":[{"href":"https:\/\/richrocketgame.com\/fr\/wp-json\/wp\/v2\/types\/page"}],"author":[{"embeddable":true,"href":"https:\/\/richrocketgame.com\/fr\/wp-json\/wp\/v2\/users\/2"}],"replies":[{"embeddable":true,"href":"https:\/\/richrocketgame.com\/fr\/wp-json\/wp\/v2\/comments?post=129"}],"version-history":[{"count":0,"href":"https:\/\/richrocketgame.com\/fr\/wp-json\/wp\/v2\/pages\/129\/revisions"}],"wp:attachment":[{"href":"https:\/\/richrocketgame.com\/fr\/wp-json\/wp\/v2\/media?parent=129"}],"curies":[{"name":"wp","href":"https:\/\/api.w.org\/{rel}","templated":true}]}}